{"id":90980,"date":"2020-03-01T11:49:59","date_gmt":"2020-03-01T10:49:59","guid":{"rendered":"https:\/\/clair.si\/dostava\/"},"modified":"2026-02-22T20:29:17","modified_gmt":"2026-02-22T19:29:17","slug":"dostava","status":"publish","type":"page","link":"https:\/\/clair.si\/hr\/dostava\/","title":{"rendered":"Dostava"},"content":{"rendered":"<div class=\"wpb-content-wrapper\"><p>[vc_row][vc_column][vc_column_text css=&#8221;&#8221; woodmart_inline=&#8221;no&#8221; text_larger=&#8221;no&#8221;]<\/p>\r\n\r\n<h2 class=\"wp-block-heading\">Ograni\u010denja isporuke<\/h2>\r\n<p>Dostava je mogu\u0107a isklju\u010divo na adrese unutar Republike Hrvatske, osim u op\u0107ine navedene u prilo\u017eenoj <a href=\"https:\/\/horizont-adria.com\/wp-content\/uploads\/2024\/11\/mjesta-otoci-koje-ne-vozimo.xlsx\">Excel tablici<\/a>.<\/p>\r\n<h2>Tro\u0161kovi dostave<\/h2>\r\n<p>U slu\u010daju pla\u0107anja pouze\u0107em, ra\u010dun se uve\u0107ava za manipulativne tro\u0161kove u iznosu od 1,00 EUR.<\/p>\r\n<table style=\"height: 417px;\" width=\"712\">\r\n<tbody>\r\n<tr>\r\n<td width=\"94\">Te\u017eina<\/td>\r\n<td colspan=\"2\" width=\"355\">Cijena redovne dostave (do 7 radnih dana) u eurima*<\/td>\r\n<\/tr>\r\n<tr>\r\n<td>do 31,5 KG<\/td>\r\n<td colspan=\"2\" width=\"355\">\u20ac 9.50<\/td>\r\n<\/tr>\r\n<tr>\r\n<td>Posebni proizvodi (ozna\u010deni)<\/td>\r\n<td colspan=\"2\" width=\"355\">\u20ac 15.00<\/td>\r\n<\/tr>\r\n<tr>\r\n<td>Preko 31,5kg<\/td>\r\n<td colspan=\"2\">Dostava po dogovoru<\/td>\r\n<\/tr>\r\n<\/tbody>\r\n<\/table>\r\n<h2>Rok isporuke proizvoda<\/h2>\r\n\r\n<p>Ponuditelj \u0107e dostaviti proizvode na adresu koju kupac navede u roku navedenom u samoj internet trgovini, osim ako uvjetima poslovanja nije druk\u010dije odre\u0111eno, a mo\u017ee potrajati do 48 sati, ra\u010dunaju\u0107i od sljede\u0107eg radnog dana nakon sklapanja. ugovora. Kupac je du\u017ean preuzeti proizvode prilikom isporuke i istovremeno provjeriti odgovaraju li narud\u017ebi. U slu\u010daju pla\u0107anja avansnim ra\u010dunom, rok isporuke proizvoda je od 5 do 14 dana. Za proizvode &#8220;Dostupno po narud\u017ebi&#8221; rok isporuke je od 5 do 20 dana. U slu\u010daju problema Pru\u017eatelja s pravovremenom dostavom po\u0161iljke, Pru\u017eatelj o tome obavje\u0161tava Kupca te s njim dogovara produljenje roka dostave, zamjenu proizvoda ili otkazivanje narud\u017ebe. Kod narud\u017ebe ve\u0107eg broja proizvoda, u slu\u010daju razli\u010ditih rokova isporuke (vi\u0161e od 10 dana), isporuka se vr\u0161i u dijelovima. Kupac \u0107e o tome biti obavije\u0161ten e-mailom. U slu\u010daju ka\u0161njenja isporuke, kupac se obavje\u0161tava e-mailom. Dostavu pouze\u0107em vr\u0161i DPD. PDP jam\u010di dostavu\u00a0na adrese unutar Republike Hrvatske, osim u op\u0107ine navedene u prilo\u017eenoj <a href=\"https:\/\/horizont-adria.com\/wp-content\/uploads\/2024\/11\/mjesta-otoci-koje-ne-vozimo.xlsx\">Excel tablici, <\/a>u roku od 5-10 radnih dana od potvrde o isporu\u010denoj po\u0161iljci, ovisno o lokaciji Va\u0161e po\u0161te. Ukoliko smatrate da va\u0161a narud\u017eba kasni s isporukom, odmah nas obavijestite na horizontadria@signaldoo.si mi \u0107emo se potruditi da naru\u010denu robu dobijete \u0161to je prije mogu\u0107e. Dostavu naru\u010denih proizvoda pla\u0107enih predra\u010dunom vr\u0161i kurirska slu\u017eba DPD. Ukoliko se u trenutku dostave ne nalazite na adresi navedenoj u potvrdi narud\u017ebe, DPD Slovenija \u0107e na istoj adresi ostaviti obavijest o prispije\u0107u paketa. Obavijest \u0107e sadr\u017eavati broj paketa i telefonski broj DPD Slovenija. Morate dogovoriti novi datum isporuke s DPD-om u roku od \u010detiri dana. Ukoliko to ne u\u010dinite, DPD Slovenija \u0107e ponovno poku\u0161ati isporu\u010diti paket peti radni dan. Ukoliko se paket ne mo\u017ee ponovno isporu\u010diti, paket \u0107e biti vra\u0107en po\u0161iljatelju bez obavijesti. Ukoliko vas nije mogu\u0107e prona\u0107i na adresi dostave i ne mo\u017eete biti obavije\u0161teni o prispije\u0107u paketa (npr. ako je zgrada ili ulaz za dostavu zaklju\u010dan), DPD Slovenija \u0107e ponovno poku\u0161ati dostaviti paket sljede\u0107i radni dan. Ako i drugi poku\u0161aj dostave bude neuspje\u0161an, DPD Slovenija \u0107e vratiti paket po\u0161iljatelju bez obavijesti. \u00a0<\/p>\r\n<h2><\/h2>\r\n<hr class=\"wp-block-separator\" \/>\r\n\r\n\r\n<p>[\/vc_column_text][\/vc_column][\/vc_row]<\/p><\/div>","protected":false},"excerpt":{"rendered":"<p>[vc_row][vc_column][vc_column_text css=&#8221;&#8221; woodmart_inline=&#8221;no&#8221; text_larger=&#8221;no&#8221;] Ograni\u010denja isporuke Dostava je mogu\u0107a isklju\u010divo na adrese unutar Republike Hrvatske, osim u op\u0107ine navedene u<\/p>\n","protected":false},"author":257,"featured_media":0,"parent":0,"menu_order":0,"comment_status":"closed","ping_status":"closed","template":"","meta":{"footnotes":""},"class_list":["post-90980","page","type-page","status-publish","hentry"],"yoast_head":"<!-- This site is optimized with the Yoast SEO plugin v27.3 - https:\/\/yoast.com\/product\/yoast-seo-wordpress\/ -->\n<title>Dostava - Clair<\/title>\n<meta name=\"robots\" content=\"index, follow, max-snippet:-1, max-image-preview:large, max-video-preview:-1\" \/>\n<link rel=\"canonical\" href=\"https:\/\/clair.si\/dostava\/\" \/>\n<meta property=\"og:locale\" content=\"hr_HR\" \/>\n<meta property=\"og:type\" content=\"article\" \/>\n<meta property=\"og:title\" content=\"Dostava - Clair\" \/>\n<meta property=\"og:description\" content=\"[vc_row][vc_column][vc_column_text css=&#8221;&#8221; woodmart_inline=&#8221;no&#8221; text_larger=&#8221;no&#8221;] Ograni\u010denja isporuke Dostava je mogu\u0107a isklju\u010divo na adrese unutar Republike Hrvatske, osim u op\u0107ine navedene u\" \/>\n<meta property=\"og:url\" content=\"https:\/\/clair.si\/dostava\/\" \/>\n<meta property=\"og:site_name\" content=\"Clair\" \/>\n<meta property=\"article:publisher\" content=\"https:\/\/www.facebook.com\/TrgovinaClair\/\" \/>\n<meta property=\"article:modified_time\" content=\"2026-02-22T19:29:17+00:00\" \/>\n<meta property=\"og:image\" content=\"https:\/\/clair.si\/wp-content\/uploads\/2022\/11\/clair_logo_2022.webp\" \/>\n\t<meta property=\"og:image:width\" content=\"1920\" \/>\n\t<meta property=\"og:image:height\" content=\"1920\" \/>\n\t<meta property=\"og:image:type\" content=\"image\/jpeg\" \/>\n<meta name=\"twitter:card\" content=\"summary_large_image\" \/>\n<meta name=\"twitter:label1\" content=\"Procijenjeno vrijeme \u010ditanja\" \/>\n\t<meta name=\"twitter:data1\" content=\"3 minute\" \/>\n<script type=\"application\/ld+json\" class=\"yoast-schema-graph\">{\"@context\":\"https:\\\/\\\/schema.org\",\"@graph\":[{\"@type\":\"WebPage\",\"@id\":\"https:\\\/\\\/clair.si\\\/dostava\\\/\",\"url\":\"https:\\\/\\\/clair.si\\\/dostava\\\/\",\"name\":\"Dostava - Clair\",\"isPartOf\":{\"@id\":\"https:\\\/\\\/clair.si\\\/#website\"},\"datePublished\":\"2020-03-01T10:49:59+00:00\",\"dateModified\":\"2026-02-22T19:29:17+00:00\",\"breadcrumb\":{\"@id\":\"https:\\\/\\\/clair.si\\\/dostava\\\/#breadcrumb\"},\"inLanguage\":\"hr\",\"potentialAction\":[{\"@type\":\"ReadAction\",\"target\":[\"https:\\\/\\\/clair.si\\\/dostava\\\/\"]}]},{\"@type\":\"BreadcrumbList\",\"@id\":\"https:\\\/\\\/clair.si\\\/dostava\\\/#breadcrumb\",\"itemListElement\":[{\"@type\":\"ListItem\",\"position\":1,\"name\":\"Home\",\"item\":\"https:\\\/\\\/clair.si\\\/hr\\\/\"},{\"@type\":\"ListItem\",\"position\":2,\"name\":\"Dostava\"}]},{\"@type\":\"WebSite\",\"@id\":\"https:\\\/\\\/clair.si\\\/#website\",\"url\":\"https:\\\/\\\/clair.si\\\/\",\"name\":\"Clair\",\"description\":\"Trgovina s konjeni\u0161ko opremo\",\"publisher\":{\"@id\":\"https:\\\/\\\/clair.si\\\/#organization\"},\"potentialAction\":[{\"@type\":\"SearchAction\",\"target\":{\"@type\":\"EntryPoint\",\"urlTemplate\":\"https:\\\/\\\/clair.si\\\/?s={search_term_string}\"},\"query-input\":{\"@type\":\"PropertyValueSpecification\",\"valueRequired\":true,\"valueName\":\"search_term_string\"}}],\"inLanguage\":\"hr\"},{\"@type\":\"Organization\",\"@id\":\"https:\\\/\\\/clair.si\\\/#organization\",\"name\":\"Clair\",\"url\":\"https:\\\/\\\/clair.si\\\/\",\"logo\":{\"@type\":\"ImageObject\",\"inLanguage\":\"hr\",\"@id\":\"https:\\\/\\\/clair.si\\\/#\\\/schema\\\/logo\\\/image\\\/\",\"url\":\"https:\\\/\\\/clair.si\\\/wp-content\\\/uploads\\\/2022\\\/11\\\/clair_logo_2022.jpg\",\"contentUrl\":\"https:\\\/\\\/clair.si\\\/wp-content\\\/uploads\\\/2022\\\/11\\\/clair_logo_2022.jpg\",\"width\":1920,\"height\":1920,\"caption\":\"Clair\"},\"image\":{\"@id\":\"https:\\\/\\\/clair.si\\\/#\\\/schema\\\/logo\\\/image\\\/\"},\"sameAs\":[\"https:\\\/\\\/www.facebook.com\\\/TrgovinaClair\\\/\"]}]}<\/script>\n<!-- \/ Yoast SEO plugin. -->","yoast_head_json":{"title":"Dostava - Clair","robots":{"index":"index","follow":"follow","max-snippet":"max-snippet:-1","max-image-preview":"max-image-preview:large","max-video-preview":"max-video-preview:-1"},"canonical":"https:\/\/clair.si\/dostava\/","og_locale":"hr_HR","og_type":"article","og_title":"Dostava - Clair","og_description":"[vc_row][vc_column][vc_column_text css=&#8221;&#8221; woodmart_inline=&#8221;no&#8221; text_larger=&#8221;no&#8221;] Ograni\u010denja isporuke Dostava je mogu\u0107a isklju\u010divo na adrese unutar Republike Hrvatske, osim u op\u0107ine navedene u","og_url":"https:\/\/clair.si\/dostava\/","og_site_name":"Clair","article_publisher":"https:\/\/www.facebook.com\/TrgovinaClair\/","article_modified_time":"2026-02-22T19:29:17+00:00","og_image":[{"width":1920,"height":1920,"url":"https:\/\/clair.si\/wp-content\/uploads\/2022\/11\/clair_logo_2022.webp","type":"image\/jpeg"}],"twitter_card":"summary_large_image","twitter_misc":{"Procijenjeno vrijeme \u010ditanja":"3 minute"},"schema":{"@context":"https:\/\/schema.org","@graph":[{"@type":"WebPage","@id":"https:\/\/clair.si\/dostava\/","url":"https:\/\/clair.si\/dostava\/","name":"Dostava - Clair","isPartOf":{"@id":"https:\/\/clair.si\/#website"},"datePublished":"2020-03-01T10:49:59+00:00","dateModified":"2026-02-22T19:29:17+00:00","breadcrumb":{"@id":"https:\/\/clair.si\/dostava\/#breadcrumb"},"inLanguage":"hr","potentialAction":[{"@type":"ReadAction","target":["https:\/\/clair.si\/dostava\/"]}]},{"@type":"BreadcrumbList","@id":"https:\/\/clair.si\/dostava\/#breadcrumb","itemListElement":[{"@type":"ListItem","position":1,"name":"Home","item":"https:\/\/clair.si\/hr\/"},{"@type":"ListItem","position":2,"name":"Dostava"}]},{"@type":"WebSite","@id":"https:\/\/clair.si\/#website","url":"https:\/\/clair.si\/","name":"Clair","description":"Trgovina s konjeni\u0161ko opremo","publisher":{"@id":"https:\/\/clair.si\/#organization"},"potentialAction":[{"@type":"SearchAction","target":{"@type":"EntryPoint","urlTemplate":"https:\/\/clair.si\/?s={search_term_string}"},"query-input":{"@type":"PropertyValueSpecification","valueRequired":true,"valueName":"search_term_string"}}],"inLanguage":"hr"},{"@type":"Organization","@id":"https:\/\/clair.si\/#organization","name":"Clair","url":"https:\/\/clair.si\/","logo":{"@type":"ImageObject","inLanguage":"hr","@id":"https:\/\/clair.si\/#\/schema\/logo\/image\/","url":"https:\/\/clair.si\/wp-content\/uploads\/2022\/11\/clair_logo_2022.jpg","contentUrl":"https:\/\/clair.si\/wp-content\/uploads\/2022\/11\/clair_logo_2022.jpg","width":1920,"height":1920,"caption":"Clair"},"image":{"@id":"https:\/\/clair.si\/#\/schema\/logo\/image\/"},"sameAs":["https:\/\/www.facebook.com\/TrgovinaClair\/"]}]}},"_links":{"self":[{"href":"https:\/\/clair.si\/hr\/wp-json\/wp\/v2\/pages\/90980","targetHints":{"allow":["GET"]}}],"collection":[{"href":"https:\/\/clair.si\/hr\/wp-json\/wp\/v2\/pages"}],"about":[{"href":"https:\/\/clair.si\/hr\/wp-json\/wp\/v2\/types\/page"}],"author":[{"embeddable":true,"href":"https:\/\/clair.si\/hr\/wp-json\/wp\/v2\/users\/257"}],"replies":[{"embeddable":true,"href":"https:\/\/clair.si\/hr\/wp-json\/wp\/v2\/comments?post=90980"}],"version-history":[{"count":12,"href":"https:\/\/clair.si\/hr\/wp-json\/wp\/v2\/pages\/90980\/revisions"}],"predecessor-version":[{"id":131179,"href":"https:\/\/clair.si\/hr\/wp-json\/wp\/v2\/pages\/90980\/revisions\/131179"}],"wp:attachment":[{"href":"https:\/\/clair.si\/hr\/wp-json\/wp\/v2\/media?parent=90980"}],"curies":[{"name":"wp","href":"https:\/\/api.w.org\/{rel}","templated":true}]}}