{"id":92019,"date":"2023-08-14T17:56:30","date_gmt":"2023-08-14T15:56:30","guid":{"rendered":"https:\/\/clair.si\/dobrodosli-u-klubclair\/"},"modified":"2025-07-17T19:55:52","modified_gmt":"2025-07-17T17:55:52","slug":"dobrodosli-u-klubclair","status":"publish","type":"page","link":"https:\/\/clair.si\/hr\/dobrodosli-u-klubclair\/","title":{"rendered":"Dobrodo\u0161li u KlubClair"},"content":{"rendered":"<div class=\"wpb-content-wrapper\"><p>[vc_row][vc_column][vc_column_text woodmart_inline=&#8221;no&#8221; text_larger=&#8221;no&#8221;]<\/p>\n<div class=\"ac-designer-copy\" style=\"text-align: center;\"><span class=\"ac-designer-marked-selection ac-designer-copy\">Drago nam je \u0161to ste nam se pridru\u017eili i postali \u010dlan na\u0161eg KlubaClair.<\/span><\/div>\n<div class=\"ac-designer-copy\" style=\"text-align: center;\"><span class=\"ac-designer-marked-selection ac-designer-copy\"><br class=\"ac-designer-copy\">U\u017eivajte u novostima, aktualnim pogodnostima i korisnim savjetima koje vam donosi \u010dlanstvo.<\/span><\/div>\n<p style=\"text-align: center;\">Iskoristite kod za 10% popusta na va\u0161u prvu kupnju<\/p>\n<p>[\/vc_column_text]\n\t\t<div id=\"wd-64db35fc2c211\" class=\"title-wrapper wd-wpb wd-set-mb reset-last-child  wd-rs-64db35fc2c211 wd-title-color-default wd-title-style-default text-center  wd-underline-colored\">\n\t\t\t\n\t\t\t<div class=\"liner-continer\">\n\t\t\t\t<h4 class=\"woodmart-title-container title  wd-font-weight- wd-fontsize-l\" >KOD ZA POPUST: DOBRODOSLI10<\/h4>\n\t\t\t\t\t\t\t<\/div>\n\t\t\t\n\t\t\t\n\t\t\t\n\t\t<\/div>\n\t\t\n\t\t[\/vc_column][\/vc_row][vc_row][vc_column]<div id=\"wd-64da4e2097c77\" class=\" wd-rs-64da4e2097c77  wd-button-wrapper text-center\"><a href=\"https:\/\/clair.si\/hr\/\" title=\"\" class=\"btn btn-style-default btn-shape-rectangle btn-size-default\">NATRAG<\/a><\/div>[\/vc_column][\/vc_row][vc_row][vc_column][vc_column_text woodmart_inline=&#8221;no&#8221; text_larger=&#8221;no&#8221;]*Kod za popust je iskoristiv samo jednom i ne vrijedi za artikle koji su ve\u0107 bili sni\u017eeni[\/vc_column_text][\/vc_column][\/vc_row]<\/p>\n<\/div>","protected":false},"excerpt":{"rendered":"<p>[vc_row][vc_column][vc_column_text woodmart_inline=&#8221;no&#8221; text_larger=&#8221;no&#8221;] Drago nam je \u0161to ste nam se pridru\u017eili i postali \u010dlan na\u0161eg KlubaClair. U\u017eivajte u novostima, aktualnim<\/p>\n","protected":false},"author":98,"featured_media":0,"parent":0,"menu_order":0,"comment_status":"closed","ping_status":"closed","template":"","meta":{"footnotes":""},"class_list":["post-92019","page","type-page","status-publish","hentry"],"yoast_head":"<!-- This site is optimized with the Yoast SEO plugin v27.5 - https:\/\/yoast.com\/product\/yoast-seo-wordpress\/ -->\n<title>Dobrodo\u0161li u KlubClair - Clair<\/title>\n<meta name=\"robots\" content=\"index, follow, max-snippet:-1, max-image-preview:large, max-video-preview:-1\" \/>\n<link rel=\"canonical\" href=\"https:\/\/clair.si\/hr\/dobrodosli-u-klubclair\/\" \/>\n<meta property=\"og:locale\" content=\"hr_HR\" \/>\n<meta property=\"og:type\" content=\"article\" \/>\n<meta property=\"og:title\" content=\"Dobrodo\u0161li u KlubClair - Clair\" \/>\n<meta property=\"og:description\" content=\"[vc_row][vc_column][vc_column_text woodmart_inline=&#8221;no&#8221; text_larger=&#8221;no&#8221;] Drago nam je \u0161to ste nam se pridru\u017eili i postali \u010dlan na\u0161eg KlubaClair. U\u017eivajte u novostima, aktualnim\" \/>\n<meta property=\"og:url\" content=\"https:\/\/clair.si\/hr\/dobrodosli-u-klubclair\/\" \/>\n<meta property=\"og:site_name\" content=\"Clair\" \/>\n<meta property=\"article:publisher\" content=\"https:\/\/www.facebook.com\/TrgovinaClair\/\" \/>\n<meta property=\"article:modified_time\" content=\"2025-07-17T17:55:52+00:00\" \/>\n<meta property=\"og:image\" content=\"https:\/\/clair.si\/wp-content\/uploads\/2022\/11\/clair_logo_2022.webp\" \/>\n\t<meta property=\"og:image:width\" content=\"1920\" \/>\n\t<meta property=\"og:image:height\" content=\"1920\" \/>\n\t<meta property=\"og:image:type\" content=\"image\/jpeg\" \/>\n<meta name=\"twitter:card\" content=\"summary_large_image\" \/>\n<meta name=\"twitter:label1\" content=\"Procijenjeno vrijeme \u010ditanja\" \/>\n\t<meta name=\"twitter:data1\" content=\"1 minuta\" \/>\n<script type=\"application\/ld+json\" class=\"yoast-schema-graph\">{\"@context\":\"https:\\\/\\\/schema.org\",\"@graph\":[{\"@type\":\"WebPage\",\"@id\":\"https:\\\/\\\/clair.si\\\/hr\\\/dobrodosli-u-klubclair\\\/\",\"url\":\"https:\\\/\\\/clair.si\\\/hr\\\/dobrodosli-u-klubclair\\\/\",\"name\":\"Dobrodo\u0161li u KlubClair - Clair\",\"isPartOf\":{\"@id\":\"https:\\\/\\\/clair.si\\\/#website\"},\"datePublished\":\"2023-08-14T15:56:30+00:00\",\"dateModified\":\"2025-07-17T17:55:52+00:00\",\"breadcrumb\":{\"@id\":\"https:\\\/\\\/clair.si\\\/hr\\\/dobrodosli-u-klubclair\\\/#breadcrumb\"},\"inLanguage\":\"hr\",\"potentialAction\":[{\"@type\":\"ReadAction\",\"target\":[\"https:\\\/\\\/clair.si\\\/hr\\\/dobrodosli-u-klubclair\\\/\"]}]},{\"@type\":\"BreadcrumbList\",\"@id\":\"https:\\\/\\\/clair.si\\\/hr\\\/dobrodosli-u-klubclair\\\/#breadcrumb\",\"itemListElement\":[{\"@type\":\"ListItem\",\"position\":1,\"name\":\"Home\",\"item\":\"https:\\\/\\\/clair.si\\\/hr\\\/\"},{\"@type\":\"ListItem\",\"position\":2,\"name\":\"Dobrodo\u0161li u KlubClair\"}]},{\"@type\":\"WebSite\",\"@id\":\"https:\\\/\\\/clair.si\\\/#website\",\"url\":\"https:\\\/\\\/clair.si\\\/\",\"name\":\"Clair\",\"description\":\"Trgovina s konjeni\u0161ko opremo\",\"publisher\":{\"@id\":\"https:\\\/\\\/clair.si\\\/#organization\"},\"potentialAction\":[{\"@type\":\"SearchAction\",\"target\":{\"@type\":\"EntryPoint\",\"urlTemplate\":\"https:\\\/\\\/clair.si\\\/?s={search_term_string}\"},\"query-input\":{\"@type\":\"PropertyValueSpecification\",\"valueRequired\":true,\"valueName\":\"search_term_string\"}}],\"inLanguage\":\"hr\"},{\"@type\":\"Organization\",\"@id\":\"https:\\\/\\\/clair.si\\\/#organization\",\"name\":\"Clair\",\"url\":\"https:\\\/\\\/clair.si\\\/\",\"logo\":{\"@type\":\"ImageObject\",\"inLanguage\":\"hr\",\"@id\":\"https:\\\/\\\/clair.si\\\/#\\\/schema\\\/logo\\\/image\\\/\",\"url\":\"https:\\\/\\\/clair.si\\\/wp-content\\\/uploads\\\/2022\\\/11\\\/clair_logo_2022.jpg\",\"contentUrl\":\"https:\\\/\\\/clair.si\\\/wp-content\\\/uploads\\\/2022\\\/11\\\/clair_logo_2022.jpg\",\"width\":1920,\"height\":1920,\"caption\":\"Clair\"},\"image\":{\"@id\":\"https:\\\/\\\/clair.si\\\/#\\\/schema\\\/logo\\\/image\\\/\"},\"sameAs\":[\"https:\\\/\\\/www.facebook.com\\\/TrgovinaClair\\\/\"]}]}<\/script>\n<!-- \/ Yoast SEO plugin. -->","yoast_head_json":{"title":"Dobrodo\u0161li u KlubClair - Clair","robots":{"index":"index","follow":"follow","max-snippet":"max-snippet:-1","max-image-preview":"max-image-preview:large","max-video-preview":"max-video-preview:-1"},"canonical":"https:\/\/clair.si\/hr\/dobrodosli-u-klubclair\/","og_locale":"hr_HR","og_type":"article","og_title":"Dobrodo\u0161li u KlubClair - Clair","og_description":"[vc_row][vc_column][vc_column_text woodmart_inline=&#8221;no&#8221; text_larger=&#8221;no&#8221;] Drago nam je \u0161to ste nam se pridru\u017eili i postali \u010dlan na\u0161eg KlubaClair. U\u017eivajte u novostima, aktualnim","og_url":"https:\/\/clair.si\/hr\/dobrodosli-u-klubclair\/","og_site_name":"Clair","article_publisher":"https:\/\/www.facebook.com\/TrgovinaClair\/","article_modified_time":"2025-07-17T17:55:52+00:00","og_image":[{"width":1920,"height":1920,"url":"https:\/\/clair.si\/wp-content\/uploads\/2022\/11\/clair_logo_2022.webp","type":"image\/jpeg"}],"twitter_card":"summary_large_image","twitter_misc":{"Procijenjeno vrijeme \u010ditanja":"1 minuta"},"schema":{"@context":"https:\/\/schema.org","@graph":[{"@type":"WebPage","@id":"https:\/\/clair.si\/hr\/dobrodosli-u-klubclair\/","url":"https:\/\/clair.si\/hr\/dobrodosli-u-klubclair\/","name":"Dobrodo\u0161li u KlubClair - Clair","isPartOf":{"@id":"https:\/\/clair.si\/#website"},"datePublished":"2023-08-14T15:56:30+00:00","dateModified":"2025-07-17T17:55:52+00:00","breadcrumb":{"@id":"https:\/\/clair.si\/hr\/dobrodosli-u-klubclair\/#breadcrumb"},"inLanguage":"hr","potentialAction":[{"@type":"ReadAction","target":["https:\/\/clair.si\/hr\/dobrodosli-u-klubclair\/"]}]},{"@type":"BreadcrumbList","@id":"https:\/\/clair.si\/hr\/dobrodosli-u-klubclair\/#breadcrumb","itemListElement":[{"@type":"ListItem","position":1,"name":"Home","item":"https:\/\/clair.si\/hr\/"},{"@type":"ListItem","position":2,"name":"Dobrodo\u0161li u KlubClair"}]},{"@type":"WebSite","@id":"https:\/\/clair.si\/#website","url":"https:\/\/clair.si\/","name":"Clair","description":"Trgovina s konjeni\u0161ko opremo","publisher":{"@id":"https:\/\/clair.si\/#organization"},"potentialAction":[{"@type":"SearchAction","target":{"@type":"EntryPoint","urlTemplate":"https:\/\/clair.si\/?s={search_term_string}"},"query-input":{"@type":"PropertyValueSpecification","valueRequired":true,"valueName":"search_term_string"}}],"inLanguage":"hr"},{"@type":"Organization","@id":"https:\/\/clair.si\/#organization","name":"Clair","url":"https:\/\/clair.si\/","logo":{"@type":"ImageObject","inLanguage":"hr","@id":"https:\/\/clair.si\/#\/schema\/logo\/image\/","url":"https:\/\/clair.si\/wp-content\/uploads\/2022\/11\/clair_logo_2022.jpg","contentUrl":"https:\/\/clair.si\/wp-content\/uploads\/2022\/11\/clair_logo_2022.jpg","width":1920,"height":1920,"caption":"Clair"},"image":{"@id":"https:\/\/clair.si\/#\/schema\/logo\/image\/"},"sameAs":["https:\/\/www.facebook.com\/TrgovinaClair\/"]}]}},"_links":{"self":[{"href":"https:\/\/clair.si\/hr\/wp-json\/wp\/v2\/pages\/92019","targetHints":{"allow":["GET"]}}],"collection":[{"href":"https:\/\/clair.si\/hr\/wp-json\/wp\/v2\/pages"}],"about":[{"href":"https:\/\/clair.si\/hr\/wp-json\/wp\/v2\/types\/page"}],"author":[{"embeddable":true,"href":"https:\/\/clair.si\/hr\/wp-json\/wp\/v2\/users\/98"}],"replies":[{"embeddable":true,"href":"https:\/\/clair.si\/hr\/wp-json\/wp\/v2\/comments?post=92019"}],"version-history":[{"count":0,"href":"https:\/\/clair.si\/hr\/wp-json\/wp\/v2\/pages\/92019\/revisions"}],"wp:attachment":[{"href":"https:\/\/clair.si\/hr\/wp-json\/wp\/v2\/media?parent=92019"}],"curies":[{"name":"wp","href":"https:\/\/api.w.org\/{rel}","templated":true}]}}