{"id":92132,"date":"2017-06-27T06:32:31","date_gmt":"2017-06-27T04:32:31","guid":{"rendered":"https:\/\/clair.si\/kontakt\/"},"modified":"2026-03-01T18:51:31","modified_gmt":"2026-03-01T17:51:31","slug":"kontakt","status":"publish","type":"page","link":"https:\/\/clair.si\/hr\/kontakt\/","title":{"rendered":"Kontakt"},"content":{"rendered":"<div class=\"wpb-content-wrapper\"><p>[vc_row css=&#8221;.vc_custom_1484587700785{margin-bottom: 0px !important;}&#8221;][vc_column width=&#8221;1\/2&#8243; css=&#8221;.vc_custom_1496934090366{margin-bottom: 35px !important;padding-top: 10px !important;}&#8221; offset=&#8221;vc_col-lg-4 vc_col-md-4&#8243;]\n\t\t<div id=\"wd-5e67ab198d1a0\" class=\"title-wrapper wd-wpb wd-set-mb reset-last-child  wd-rs-5e67ab198d1a0 wd-title-color-default wd-title-style-default text-left vc_custom_1583852320799 wd-underline-colored\">\n\t\t\t\n\t\t\t<div class=\"liner-continer\">\n\t\t\t\t<h4 class=\"woodmart-title-container title  wd-font-weight- wd-fontsize-l\" >NA\u0160A ADRESA<\/h4>\n\t\t\t\t\t\t\t<\/div>\n\t\t\t\n\t\t\t\n\t\t\t\n\t\t<\/div>\n\t\t\n\t\t[vc_row_inner][vc_column_inner][vc_custom_heading text=&#8221;<strong>Signal, trgovsko podjetje, d. o. o.  <\/strong>&#8221; font_container=&#8221;tag:p|font_size:16|text_align:left|color:%23333333&#8243; use_theme_fonts=&#8221;yes&#8221; css=&#8221;.vc_custom_1583852184548{margin-bottom: 10px !important;}&#8221;][vc_column_text css=&#8221;.vc_custom_1583852194485{margin-bottom: 15px !important;border-bottom-width: 1px !important;padding-bottom: 17px !important;border-bottom-color: rgba(155,155,155,0.3) !important;border-bottom-style: solid !important;}&#8221; text_larger=&#8221;no&#8221;]<i class=\"fa fa-location-arrow\"><\/i>  Zbilje 4H, 1215 Medvode[\/vc_column_text][vc_column_text css=&#8221;.vc_custom_1621429992201{margin-bottom: 15px !important;border-bottom-width: 1px !important;padding-bottom: 17px !important;border-bottom-color: rgba(155,155,155,0.3) !important;border-bottom-style: solid !important;}&#8221; text_larger=&#8221;no&#8221; woodmart_inline=&#8221;no&#8221;]<i class=\"fa fa-location-arrow\"><\/i>  Duple\u0161ka cesta 239, 2000 Maribor[\/vc_column_text][vc_column_text text_larger=&#8221;no&#8221; woodmart_inline=&#8221;no&#8221;]FB: <a href=\"https:\/\/www.facebook.com\/TrgovinaClair\">www.facebook.com\/TrgovinaClair<br \/>\n<\/a>E-po\u0161ta: <a href=\"mailto:info@signaldoo.si\">clair@signaldoo.si<\/a><\/p>\n<p>ZBILJE<br \/>\n<i class=\"fa fa-mobile\"><\/i>  Tel: <a href=\"tel:\/\/+38613615145\">+386 1 36 15 145<\/a><br \/>\n<i class=\"fa fa-mobile\"><\/i>  GSM: <a href=\"tel:\/\/+38641689980\">+386 41 689 980<\/a><\/p>\n<p>MARIBOR<br \/>\nTel: <a href=\"tel:\/\/+38624618162\">+386 2 46 18 162<\/a><br \/>\n<i class=\"fa fa-mobile\"><\/i>  GSM: <a href=\"tel:\/\/+38651620324\">+386 51 620 324<\/a><\/p>\n<p>RADNO VRIJEME TRGOVINA<br \/>\nPonedjeljak &#8211; petak:<br \/>\n9:00 do 17:00<br \/>\nSubota:<br \/>\n9:00 do 12:00<br \/>\nNedjelja i praznici:<br \/>\nzatvoreno[\/vc_column_text][\/vc_column_inner][\/vc_row_inner]\n\t\t<div id=\"wd-5e67ab241cf29\" class=\"title-wrapper wd-wpb wd-set-mb reset-last-child  wd-rs-5e67ab241cf29 wd-title-color-default wd-title-style-default text-left vc_custom_1583852333980 wd-underline-colored\">\n\t\t\t\n\t\t\t<div class=\"liner-continer\">\n\t\t\t\t<h4 class=\"woodmart-title-container title  wd-font-weight- wd-fontsize-l\" >KONTAKTIRAJTE NAS<\/h4>\n\t\t\t\t\t\t\t<\/div>\n\t\t\t\n\t\t\t\n\t\t\t\n\t\t<\/div>\n\t\t\n\t\t[vc_column_text css=&#8221;.vc_custom_1583852410473{margin-bottom: 20px !important;}&#8221; text_larger=&#8221;no&#8221;]Ako imate pitanja, \u017eelite rije\u0161iti problem ili nam samo \u017eelite javiti kako smo se pokazali, bit \u0107e nam drago da nas kontaktirate.[\/vc_column_text][\/vc_column][vc_column width=&#8221;1\/2&#8243; offset=&#8221;vc_col-lg-8 vc_col-md-8&#8243;][\/vc_column][\/vc_row]<\/p>\n<\/div>","protected":false},"excerpt":{"rendered":"<p>[vc_row css=&#8221;.vc_custom_1484587700785{margin-bottom: 0px !important;}&#8221;][vc_column width=&#8221;1\/2&#8243; css=&#8221;.vc_custom_1496934090366{margin-bottom: 35px !important;padding-top: 10px !important;}&#8221; offset=&#8221;vc_col-lg-4 vc_col-md-4&#8243;][vc_row_inner][vc_column_inner][vc_custom_heading text=&#8221;Signal, trgovsko podjetje, d. o. o. &#8221; font_container=&#8221;tag:p|font_size:16|text_align:left|color:%23333333&#8243;<\/p>\n","protected":false},"author":29,"featured_media":0,"parent":0,"menu_order":0,"comment_status":"closed","ping_status":"closed","template":"","meta":{"footnotes":""},"class_list":["post-92132","page","type-page","status-publish","hentry"],"yoast_head":"<!-- This site is optimized with the Yoast SEO plugin v27.4 - https:\/\/yoast.com\/product\/yoast-seo-wordpress\/ -->\n<title>Kontakt - Clair<\/title>\n<meta name=\"robots\" content=\"index, follow, max-snippet:-1, max-image-preview:large, max-video-preview:-1\" \/>\n<link rel=\"canonical\" href=\"https:\/\/clair.si\/contact-us-4\/\" \/>\n<meta property=\"og:locale\" content=\"hr_HR\" \/>\n<meta property=\"og:type\" content=\"article\" \/>\n<meta property=\"og:title\" content=\"Kontakt - Clair\" \/>\n<meta property=\"og:description\" content=\"[vc_row css=&#8221;.vc_custom_1484587700785{margin-bottom: 0px !important;}&#8221;][vc_column width=&#8221;1\/2&#8243; css=&#8221;.vc_custom_1496934090366{margin-bottom: 35px !important;padding-top: 10px !important;}&#8221; offset=&#8221;vc_col-lg-4 vc_col-md-4&#8243;][vc_row_inner][vc_column_inner][vc_custom_heading text=&#8221;Signal, trgovsko podjetje, d. o. o. &#8221; font_container=&#8221;tag:p|font_size:16|text_align:left|color:%23333333&#8243;\" \/>\n<meta property=\"og:url\" content=\"https:\/\/clair.si\/contact-us-4\/\" \/>\n<meta property=\"og:site_name\" content=\"Clair\" \/>\n<meta property=\"article:publisher\" content=\"https:\/\/www.facebook.com\/TrgovinaClair\/\" \/>\n<meta property=\"article:modified_time\" content=\"2026-03-01T17:51:31+00:00\" \/>\n<meta property=\"og:image\" content=\"https:\/\/clair.si\/wp-content\/uploads\/2022\/11\/clair_logo_2022.webp\" \/>\n\t<meta property=\"og:image:width\" content=\"1920\" \/>\n\t<meta property=\"og:image:height\" content=\"1920\" \/>\n\t<meta property=\"og:image:type\" content=\"image\/jpeg\" \/>\n<meta name=\"twitter:card\" content=\"summary_large_image\" \/>\n<meta name=\"twitter:label1\" content=\"Procijenjeno vrijeme \u010ditanja\" \/>\n\t<meta name=\"twitter:data1\" content=\"1 minuta\" \/>\n<script type=\"application\/ld+json\" class=\"yoast-schema-graph\">{\"@context\":\"https:\\\/\\\/schema.org\",\"@graph\":[{\"@type\":\"WebPage\",\"@id\":\"https:\\\/\\\/clair.si\\\/contact-us-4\\\/\",\"url\":\"https:\\\/\\\/clair.si\\\/contact-us-4\\\/\",\"name\":\"Kontakt - Clair\",\"isPartOf\":{\"@id\":\"https:\\\/\\\/clair.si\\\/#website\"},\"datePublished\":\"2017-06-27T04:32:31+00:00\",\"dateModified\":\"2026-03-01T17:51:31+00:00\",\"breadcrumb\":{\"@id\":\"https:\\\/\\\/clair.si\\\/contact-us-4\\\/#breadcrumb\"},\"inLanguage\":\"hr\",\"potentialAction\":[{\"@type\":\"ReadAction\",\"target\":[\"https:\\\/\\\/clair.si\\\/contact-us-4\\\/\"]}]},{\"@type\":\"BreadcrumbList\",\"@id\":\"https:\\\/\\\/clair.si\\\/contact-us-4\\\/#breadcrumb\",\"itemListElement\":[{\"@type\":\"ListItem\",\"position\":1,\"name\":\"Home\",\"item\":\"https:\\\/\\\/clair.si\\\/hr\\\/\"},{\"@type\":\"ListItem\",\"position\":2,\"name\":\"Kontakt\"}]},{\"@type\":\"WebSite\",\"@id\":\"https:\\\/\\\/clair.si\\\/#website\",\"url\":\"https:\\\/\\\/clair.si\\\/\",\"name\":\"Clair\",\"description\":\"Trgovina s konjeni\u0161ko opremo\",\"publisher\":{\"@id\":\"https:\\\/\\\/clair.si\\\/#organization\"},\"potentialAction\":[{\"@type\":\"SearchAction\",\"target\":{\"@type\":\"EntryPoint\",\"urlTemplate\":\"https:\\\/\\\/clair.si\\\/?s={search_term_string}\"},\"query-input\":{\"@type\":\"PropertyValueSpecification\",\"valueRequired\":true,\"valueName\":\"search_term_string\"}}],\"inLanguage\":\"hr\"},{\"@type\":\"Organization\",\"@id\":\"https:\\\/\\\/clair.si\\\/#organization\",\"name\":\"Clair\",\"url\":\"https:\\\/\\\/clair.si\\\/\",\"logo\":{\"@type\":\"ImageObject\",\"inLanguage\":\"hr\",\"@id\":\"https:\\\/\\\/clair.si\\\/#\\\/schema\\\/logo\\\/image\\\/\",\"url\":\"https:\\\/\\\/clair.si\\\/wp-content\\\/uploads\\\/2022\\\/11\\\/clair_logo_2022.jpg\",\"contentUrl\":\"https:\\\/\\\/clair.si\\\/wp-content\\\/uploads\\\/2022\\\/11\\\/clair_logo_2022.jpg\",\"width\":1920,\"height\":1920,\"caption\":\"Clair\"},\"image\":{\"@id\":\"https:\\\/\\\/clair.si\\\/#\\\/schema\\\/logo\\\/image\\\/\"},\"sameAs\":[\"https:\\\/\\\/www.facebook.com\\\/TrgovinaClair\\\/\"]}]}<\/script>\n<!-- \/ Yoast SEO plugin. -->","yoast_head_json":{"title":"Kontakt - Clair","robots":{"index":"index","follow":"follow","max-snippet":"max-snippet:-1","max-image-preview":"max-image-preview:large","max-video-preview":"max-video-preview:-1"},"canonical":"https:\/\/clair.si\/contact-us-4\/","og_locale":"hr_HR","og_type":"article","og_title":"Kontakt - Clair","og_description":"[vc_row css=&#8221;.vc_custom_1484587700785{margin-bottom: 0px !important;}&#8221;][vc_column width=&#8221;1\/2&#8243; css=&#8221;.vc_custom_1496934090366{margin-bottom: 35px !important;padding-top: 10px !important;}&#8221; offset=&#8221;vc_col-lg-4 vc_col-md-4&#8243;][vc_row_inner][vc_column_inner][vc_custom_heading text=&#8221;Signal, trgovsko podjetje, d. o. o. &#8221; font_container=&#8221;tag:p|font_size:16|text_align:left|color:%23333333&#8243;","og_url":"https:\/\/clair.si\/contact-us-4\/","og_site_name":"Clair","article_publisher":"https:\/\/www.facebook.com\/TrgovinaClair\/","article_modified_time":"2026-03-01T17:51:31+00:00","og_image":[{"width":1920,"height":1920,"url":"https:\/\/clair.si\/wp-content\/uploads\/2022\/11\/clair_logo_2022.webp","type":"image\/jpeg"}],"twitter_card":"summary_large_image","twitter_misc":{"Procijenjeno vrijeme \u010ditanja":"1 minuta"},"schema":{"@context":"https:\/\/schema.org","@graph":[{"@type":"WebPage","@id":"https:\/\/clair.si\/contact-us-4\/","url":"https:\/\/clair.si\/contact-us-4\/","name":"Kontakt - Clair","isPartOf":{"@id":"https:\/\/clair.si\/#website"},"datePublished":"2017-06-27T04:32:31+00:00","dateModified":"2026-03-01T17:51:31+00:00","breadcrumb":{"@id":"https:\/\/clair.si\/contact-us-4\/#breadcrumb"},"inLanguage":"hr","potentialAction":[{"@type":"ReadAction","target":["https:\/\/clair.si\/contact-us-4\/"]}]},{"@type":"BreadcrumbList","@id":"https:\/\/clair.si\/contact-us-4\/#breadcrumb","itemListElement":[{"@type":"ListItem","position":1,"name":"Home","item":"https:\/\/clair.si\/hr\/"},{"@type":"ListItem","position":2,"name":"Kontakt"}]},{"@type":"WebSite","@id":"https:\/\/clair.si\/#website","url":"https:\/\/clair.si\/","name":"Clair","description":"Trgovina s konjeni\u0161ko opremo","publisher":{"@id":"https:\/\/clair.si\/#organization"},"potentialAction":[{"@type":"SearchAction","target":{"@type":"EntryPoint","urlTemplate":"https:\/\/clair.si\/?s={search_term_string}"},"query-input":{"@type":"PropertyValueSpecification","valueRequired":true,"valueName":"search_term_string"}}],"inLanguage":"hr"},{"@type":"Organization","@id":"https:\/\/clair.si\/#organization","name":"Clair","url":"https:\/\/clair.si\/","logo":{"@type":"ImageObject","inLanguage":"hr","@id":"https:\/\/clair.si\/#\/schema\/logo\/image\/","url":"https:\/\/clair.si\/wp-content\/uploads\/2022\/11\/clair_logo_2022.jpg","contentUrl":"https:\/\/clair.si\/wp-content\/uploads\/2022\/11\/clair_logo_2022.jpg","width":1920,"height":1920,"caption":"Clair"},"image":{"@id":"https:\/\/clair.si\/#\/schema\/logo\/image\/"},"sameAs":["https:\/\/www.facebook.com\/TrgovinaClair\/"]}]}},"_links":{"self":[{"href":"https:\/\/clair.si\/hr\/wp-json\/wp\/v2\/pages\/92132","targetHints":{"allow":["GET"]}}],"collection":[{"href":"https:\/\/clair.si\/hr\/wp-json\/wp\/v2\/pages"}],"about":[{"href":"https:\/\/clair.si\/hr\/wp-json\/wp\/v2\/types\/page"}],"author":[{"embeddable":true,"href":"https:\/\/clair.si\/hr\/wp-json\/wp\/v2\/users\/29"}],"replies":[{"embeddable":true,"href":"https:\/\/clair.si\/hr\/wp-json\/wp\/v2\/comments?post=92132"}],"version-history":[{"count":142,"href":"https:\/\/clair.si\/hr\/wp-json\/wp\/v2\/pages\/92132\/revisions"}],"predecessor-version":[{"id":132335,"href":"https:\/\/clair.si\/hr\/wp-json\/wp\/v2\/pages\/92132\/revisions\/132335"}],"wp:attachment":[{"href":"https:\/\/clair.si\/hr\/wp-json\/wp\/v2\/media?parent=92132"}],"curies":[{"name":"wp","href":"https:\/\/api.w.org\/{rel}","templated":true}]}}