{"id":92145,"date":"2017-09-22T13:16:43","date_gmt":"2017-09-22T11:16:43","guid":{"rendered":"https:\/\/clair.si\/signal-d-o-o\/"},"modified":"2025-08-23T13:52:15","modified_gmt":"2025-08-23T11:52:15","slug":"signal-d-o-o","status":"publish","type":"page","link":"https:\/\/clair.si\/hr\/signal-d-o-o\/","title":{"rendered":"O tvrtki"},"content":{"rendered":"<p>Poduze\u0107e Signal, d. o. o. prepoznatljivo je po svojoj robnoj marki Trgovine Clair. Poduze\u0107e ima dvije trgovine, jednu u Zbiljama, koja djeluje od 2000. godine, i drugu u Mariboru, koja u 2017. godini slavi 10 godina djelovanja. Trgovinu imamo jo\u0161 i u Novom Sadu, a 2017. godine otvorili smo na\u0161u najve\u0107u trgovinu u Zagrebu. U trgovinama nudimo proizvode za konja i jaha\u010da, poljoprivredni i pa\u0161ni program te opremu za kuhanje, ukratko proizvode koje je te\u017ee prona\u0107i u klasi\u010dnim trgovinama. Na\u0161 glavni moto je prodaja kvalitetnih proizvoda po prihvatljivoj cijeni, jer nam je omjer kvalitete proizvoda i cijene vrlo va\u017ean. I vjerujemo da je to va\u017eno i na\u0161im strankama. Zala\u017eemo se da su na\u0161i prodava\u010di dobro obrazovani i poznaju proizvode koje prodaju. Stoga imamo redovita obrazovanja o proizvodima kod proizvo\u0111a\u010da \u010dije proizvode prodajemo.          <\/p>\n","protected":false},"excerpt":{"rendered":"<p>Poduze\u0107e Signal, d. o. o. prepoznatljivo je po svojoj robnoj marki Trgovine Clair. Poduze\u0107e ima dvije trgovine, jednu u Zbiljama,<\/p>\n","protected":false},"author":29,"featured_media":0,"parent":0,"menu_order":0,"comment_status":"closed","ping_status":"closed","template":"","meta":{"footnotes":""},"class_list":["post-92145","page","type-page","status-publish","hentry"],"yoast_head":"<!-- This site is optimized with the Yoast SEO plugin v27.3 - https:\/\/yoast.com\/product\/yoast-seo-wordpress\/ -->\n<title>O tvrtki - Clair<\/title>\n<meta name=\"robots\" content=\"index, follow, max-snippet:-1, max-image-preview:large, max-video-preview:-1\" \/>\n<link rel=\"canonical\" href=\"https:\/\/clair.si\/hr\/signal-d-o-o\/\" \/>\n<meta property=\"og:locale\" content=\"hr_HR\" \/>\n<meta property=\"og:type\" content=\"article\" \/>\n<meta property=\"og:title\" content=\"O tvrtki - Clair\" \/>\n<meta property=\"og:description\" content=\"Poduze\u0107e Signal, d. o. o. prepoznatljivo je po svojoj robnoj marki Trgovine Clair. Poduze\u0107e ima dvije trgovine, jednu u Zbiljama,\" \/>\n<meta property=\"og:url\" content=\"https:\/\/clair.si\/hr\/signal-d-o-o\/\" \/>\n<meta property=\"og:site_name\" content=\"Clair\" \/>\n<meta property=\"article:publisher\" content=\"https:\/\/www.facebook.com\/TrgovinaClair\/\" \/>\n<meta property=\"article:modified_time\" content=\"2025-08-23T11:52:15+00:00\" \/>\n<meta property=\"og:image\" content=\"https:\/\/clair.si\/wp-content\/uploads\/2022\/11\/clair_logo_2022.webp\" \/>\n\t<meta property=\"og:image:width\" content=\"1920\" \/>\n\t<meta property=\"og:image:height\" content=\"1920\" \/>\n\t<meta property=\"og:image:type\" content=\"image\/jpeg\" \/>\n<meta name=\"twitter:card\" content=\"summary_large_image\" \/>\n<meta name=\"twitter:label1\" content=\"Procijenjeno vrijeme \u010ditanja\" \/>\n\t<meta name=\"twitter:data1\" content=\"1 minuta\" \/>\n<script type=\"application\/ld+json\" class=\"yoast-schema-graph\">{\"@context\":\"https:\\\/\\\/schema.org\",\"@graph\":[{\"@type\":\"WebPage\",\"@id\":\"https:\\\/\\\/clair.si\\\/hr\\\/signal-d-o-o\\\/\",\"url\":\"https:\\\/\\\/clair.si\\\/hr\\\/signal-d-o-o\\\/\",\"name\":\"O tvrtki - Clair\",\"isPartOf\":{\"@id\":\"https:\\\/\\\/clair.si\\\/#website\"},\"datePublished\":\"2017-09-22T11:16:43+00:00\",\"dateModified\":\"2025-08-23T11:52:15+00:00\",\"breadcrumb\":{\"@id\":\"https:\\\/\\\/clair.si\\\/hr\\\/signal-d-o-o\\\/#breadcrumb\"},\"inLanguage\":\"hr\",\"potentialAction\":[{\"@type\":\"ReadAction\",\"target\":[\"https:\\\/\\\/clair.si\\\/hr\\\/signal-d-o-o\\\/\"]}]},{\"@type\":\"BreadcrumbList\",\"@id\":\"https:\\\/\\\/clair.si\\\/hr\\\/signal-d-o-o\\\/#breadcrumb\",\"itemListElement\":[{\"@type\":\"ListItem\",\"position\":1,\"name\":\"Home\",\"item\":\"https:\\\/\\\/clair.si\\\/hr\\\/\"},{\"@type\":\"ListItem\",\"position\":2,\"name\":\"O tvrtki\"}]},{\"@type\":\"WebSite\",\"@id\":\"https:\\\/\\\/clair.si\\\/#website\",\"url\":\"https:\\\/\\\/clair.si\\\/\",\"name\":\"Clair\",\"description\":\"Trgovina s konjeni\u0161ko opremo\",\"publisher\":{\"@id\":\"https:\\\/\\\/clair.si\\\/#organization\"},\"potentialAction\":[{\"@type\":\"SearchAction\",\"target\":{\"@type\":\"EntryPoint\",\"urlTemplate\":\"https:\\\/\\\/clair.si\\\/?s={search_term_string}\"},\"query-input\":{\"@type\":\"PropertyValueSpecification\",\"valueRequired\":true,\"valueName\":\"search_term_string\"}}],\"inLanguage\":\"hr\"},{\"@type\":\"Organization\",\"@id\":\"https:\\\/\\\/clair.si\\\/#organization\",\"name\":\"Clair\",\"url\":\"https:\\\/\\\/clair.si\\\/\",\"logo\":{\"@type\":\"ImageObject\",\"inLanguage\":\"hr\",\"@id\":\"https:\\\/\\\/clair.si\\\/#\\\/schema\\\/logo\\\/image\\\/\",\"url\":\"https:\\\/\\\/clair.si\\\/wp-content\\\/uploads\\\/2022\\\/11\\\/clair_logo_2022.jpg\",\"contentUrl\":\"https:\\\/\\\/clair.si\\\/wp-content\\\/uploads\\\/2022\\\/11\\\/clair_logo_2022.jpg\",\"width\":1920,\"height\":1920,\"caption\":\"Clair\"},\"image\":{\"@id\":\"https:\\\/\\\/clair.si\\\/#\\\/schema\\\/logo\\\/image\\\/\"},\"sameAs\":[\"https:\\\/\\\/www.facebook.com\\\/TrgovinaClair\\\/\"]}]}<\/script>\n<!-- \/ Yoast SEO plugin. -->","yoast_head_json":{"title":"O tvrtki - Clair","robots":{"index":"index","follow":"follow","max-snippet":"max-snippet:-1","max-image-preview":"max-image-preview:large","max-video-preview":"max-video-preview:-1"},"canonical":"https:\/\/clair.si\/hr\/signal-d-o-o\/","og_locale":"hr_HR","og_type":"article","og_title":"O tvrtki - Clair","og_description":"Poduze\u0107e Signal, d. o. o. prepoznatljivo je po svojoj robnoj marki Trgovine Clair. Poduze\u0107e ima dvije trgovine, jednu u Zbiljama,","og_url":"https:\/\/clair.si\/hr\/signal-d-o-o\/","og_site_name":"Clair","article_publisher":"https:\/\/www.facebook.com\/TrgovinaClair\/","article_modified_time":"2025-08-23T11:52:15+00:00","og_image":[{"width":1920,"height":1920,"url":"https:\/\/clair.si\/wp-content\/uploads\/2022\/11\/clair_logo_2022.webp","type":"image\/jpeg"}],"twitter_card":"summary_large_image","twitter_misc":{"Procijenjeno vrijeme \u010ditanja":"1 minuta"},"schema":{"@context":"https:\/\/schema.org","@graph":[{"@type":"WebPage","@id":"https:\/\/clair.si\/hr\/signal-d-o-o\/","url":"https:\/\/clair.si\/hr\/signal-d-o-o\/","name":"O tvrtki - Clair","isPartOf":{"@id":"https:\/\/clair.si\/#website"},"datePublished":"2017-09-22T11:16:43+00:00","dateModified":"2025-08-23T11:52:15+00:00","breadcrumb":{"@id":"https:\/\/clair.si\/hr\/signal-d-o-o\/#breadcrumb"},"inLanguage":"hr","potentialAction":[{"@type":"ReadAction","target":["https:\/\/clair.si\/hr\/signal-d-o-o\/"]}]},{"@type":"BreadcrumbList","@id":"https:\/\/clair.si\/hr\/signal-d-o-o\/#breadcrumb","itemListElement":[{"@type":"ListItem","position":1,"name":"Home","item":"https:\/\/clair.si\/hr\/"},{"@type":"ListItem","position":2,"name":"O tvrtki"}]},{"@type":"WebSite","@id":"https:\/\/clair.si\/#website","url":"https:\/\/clair.si\/","name":"Clair","description":"Trgovina s konjeni\u0161ko opremo","publisher":{"@id":"https:\/\/clair.si\/#organization"},"potentialAction":[{"@type":"SearchAction","target":{"@type":"EntryPoint","urlTemplate":"https:\/\/clair.si\/?s={search_term_string}"},"query-input":{"@type":"PropertyValueSpecification","valueRequired":true,"valueName":"search_term_string"}}],"inLanguage":"hr"},{"@type":"Organization","@id":"https:\/\/clair.si\/#organization","name":"Clair","url":"https:\/\/clair.si\/","logo":{"@type":"ImageObject","inLanguage":"hr","@id":"https:\/\/clair.si\/#\/schema\/logo\/image\/","url":"https:\/\/clair.si\/wp-content\/uploads\/2022\/11\/clair_logo_2022.jpg","contentUrl":"https:\/\/clair.si\/wp-content\/uploads\/2022\/11\/clair_logo_2022.jpg","width":1920,"height":1920,"caption":"Clair"},"image":{"@id":"https:\/\/clair.si\/#\/schema\/logo\/image\/"},"sameAs":["https:\/\/www.facebook.com\/TrgovinaClair\/"]}]}},"_links":{"self":[{"href":"https:\/\/clair.si\/hr\/wp-json\/wp\/v2\/pages\/92145","targetHints":{"allow":["GET"]}}],"collection":[{"href":"https:\/\/clair.si\/hr\/wp-json\/wp\/v2\/pages"}],"about":[{"href":"https:\/\/clair.si\/hr\/wp-json\/wp\/v2\/types\/page"}],"author":[{"embeddable":true,"href":"https:\/\/clair.si\/hr\/wp-json\/wp\/v2\/users\/29"}],"replies":[{"embeddable":true,"href":"https:\/\/clair.si\/hr\/wp-json\/wp\/v2\/comments?post=92145"}],"version-history":[{"count":0,"href":"https:\/\/clair.si\/hr\/wp-json\/wp\/v2\/pages\/92145\/revisions"}],"wp:attachment":[{"href":"https:\/\/clair.si\/hr\/wp-json\/wp\/v2\/media?parent=92145"}],"curies":[{"name":"wp","href":"https:\/\/api.w.org\/{rel}","templated":true}]}}