{"id":100015,"date":"2022-11-10T09:35:27","date_gmt":"2022-11-10T08:35:27","guid":{"rendered":"https:\/\/clair.si\/izdelek\/jahace-rukavice-roeckl-madrid\/"},"modified":"2025-09-24T07:43:32","modified_gmt":"2025-09-24T05:43:32","slug":"jahace-rukavice-roeckl-madrid","status":"publish","type":"product","link":"https:\/\/clair.si\/hr\/izdelek\/jahace-rukavice-roeckl-madrid\/","title":{"rendered":"Jaha\u0107e rukavice Roeckl Madrid"},"content":{"rendered":"<p><span class=\"HwtZe\" lang=\"sl\"><span class=\"jCAhz\"><span class=\"ryNqvb\"><strong>Jaha\u0107e rukavice Roeckl Madrid<\/strong> predstavljaju savr\u0161en spoj dizajna i funkcionalnosti. Sofisticirani dizajn stra\u017enje strane jaha\u0107e rukavice Madrid \u0107e vas o\u010darati kombinacijom najboljih materijala. Metalni logotip ROECKL i uska, kontrastna obroba u elegantnoj zlatnoj ili srebrnoj boji pravi su naglasak.   <\/span><\/span><\/span><\/p>\n<p><span class=\"HwtZe\" lang=\"sl\"><span class=\"jCAhz\"><span class=\"ryNqvb\">Tehni\u010dki dizajn zatvaranja s prepoznatljivim <strong>ROECKL<\/strong> logotipom daje rukavici <strong>naglasak modernog i sportskog izgleda<\/strong>. <\/span><\/span><\/span><\/p>\n<p><span class=\"HwtZe\" lang=\"sl\"><span class=\"jCAhz\"><span class=\"ryNqvb\"><strong>Model Madrid nudi vi\u0161e od odli\u010dnog dizajna:<\/strong> <\/span><\/span><\/span><\/p>\n<ul>\n<li><span class=\"HwtZe\" lang=\"sl\"><span class=\"jCAhz\"><span class=\"ryNqvb\">stra\u017enji dio rukavice izra\u0111en je od posebno lagane i mekane mikro mre\u017ee<\/span><\/span><\/span><\/li>\n<li><span class=\"HwtZe\" lang=\"sl\"><span class=\"jCAhz\"><span class=\"ryNqvb\">za dlanove je odabran Drytec G5 Slip Stop materijal, \u010dime se osigurava udobnost no\u0161enja i savr\u0161en oprijem uzde<\/span><\/span><\/span><\/li>\n<li><span class=\"HwtZe\" lang=\"sl\"><span class=\"jCAhz\"><span class=\"ryNqvb\"> zahvaljuju\u0107i ROECKL-ovom ekskluzivnom COMFORT-CUT kroju dodatno povezivanje na ka\u017eiprstu nije potrebno<\/span><\/span><\/span><\/li>\n<li><span class=\"HwtZe\" lang=\"sl\"><span class=\"jCAhz\"><span class=\"ryNqvb\">Jaha\u0107e rukavice Roeckl Madrid oja\u010dane su na strate\u0161kim mjestima gdje ih dodiruju uzde<\/span><\/span><\/span><\/li>\n<li><span class=\"HwtZe\" lang=\"sl\"><span class=\"jCAhz\"><span class=\"ryNqvb\">Rukavice Madrid su KOMPATIBILNE SA ZASLONOM NA DODIR, \u0161to vam omogu\u0107uje kori\u0161tenje va\u0161eg iPhone-a, pametnog telefona ili drugih mobilnih ure\u0111aja bez skidanja rukavica<\/span><\/span><\/span><\/li>\n<\/ul>\n<p>Materijal stra\u017enje strane: Micro Mesh, Mesh CX4000.<\/p>\n<p>Materijal na dlanu: Drytec G5, anti-slip.<\/p>\n<p>&nbsp;<\/p>\n","protected":false},"excerpt":{"rendered":"<p>Jaha\u0107e rukavice Roeckl Madrid predstavljaju savr\u0161en spoj dizajna i funkcionalnosti. Sofisticirani dizajn stra\u017enje strane jaha\u0107e rukavice Madrid \u0107e vas o\u010darati<\/p>\n","protected":false},"featured_media":100046,"template":"","meta":{"footnotes":""},"product_brand":[],"product_cat":[5654,5738,5670,5737],"product_tag":[],"class_list":{"0":"post-100015","1":"product","2":"type-product","3":"status-publish","4":"has-post-thumbnail","6":"product_cat-jahac-hr","7":"product_cat-ljetne-rukavice","8":"product_cat-natjecanja","9":"product_cat-rukavice","11":"first","12":"instock","13":"shipping-taxable","14":"purchasable","15":"product-type-variable"},"yoast_head":"<!-- This site is optimized with the Yoast SEO plugin v27.4 - https:\/\/yoast.com\/product\/yoast-seo-wordpress\/ -->\n<title>Jaha\u0107e rukavice Roeckl Madrid - Clair<\/title>\n<meta name=\"description\" content=\"Jaha\u0107e rukavice Roeckl Madrid predstavljaju savr\u0161en spoj dizajna i funkcionalnosti. Sofisticirani dizajn stra\u017enje strane jaha\u0107e rukavice Madrid \u0107e vas o\u010darati.\" \/>\n<meta name=\"robots\" content=\"index, follow, max-snippet:-1, max-image-preview:large, max-video-preview:-1\" \/>\n<link rel=\"canonical\" href=\"https:\/\/clair.si\/hr\/izdelek\/jahace-rukavice-roeckl-madrid\/\" \/>\n<meta property=\"og:locale\" content=\"hr_HR\" \/>\n<meta property=\"og:type\" content=\"article\" \/>\n<meta property=\"og:title\" content=\"Jaha\u0107e rukavice Roeckl Madrid - Clair\" \/>\n<meta property=\"og:description\" content=\"Jaha\u0107e rukavice Roeckl Madrid predstavljaju savr\u0161en spoj dizajna i funkcionalnosti. Sofisticirani dizajn stra\u017enje strane jaha\u0107e rukavice Madrid \u0107e vas o\u010darati.\" \/>\n<meta property=\"og:url\" content=\"https:\/\/clair.si\/hr\/izdelek\/jahace-rukavice-roeckl-madrid\/\" \/>\n<meta property=\"og:site_name\" content=\"Clair\" \/>\n<meta property=\"article:publisher\" content=\"https:\/\/www.facebook.com\/TrgovinaClair\/\" \/>\n<meta property=\"article:modified_time\" content=\"2025-09-24T05:43:32+00:00\" \/>\n<meta property=\"og:image\" content=\"https:\/\/clair.si\/wp-content\/uploads\/2022\/11\/roeckl-madrid-jahalne-rokavice-zlata.jpg\" \/>\n\t<meta property=\"og:image:width\" content=\"1380\" \/>\n\t<meta property=\"og:image:height\" content=\"1380\" \/>\n\t<meta property=\"og:image:type\" content=\"image\/jpeg\" \/>\n<meta name=\"twitter:card\" content=\"summary_large_image\" \/>\n<meta name=\"twitter:label1\" content=\"Procijenjeno vrijeme \u010ditanja\" \/>\n\t<meta name=\"twitter:data1\" content=\"1 minuta\" \/>\n<script type=\"application\/ld+json\" class=\"yoast-schema-graph\">{\"@context\":\"https:\\\/\\\/schema.org\",\"@graph\":[{\"@type\":\"WebPage\",\"@id\":\"https:\\\/\\\/clair.si\\\/hr\\\/izdelek\\\/jahace-rukavice-roeckl-madrid\\\/\",\"url\":\"https:\\\/\\\/clair.si\\\/hr\\\/izdelek\\\/jahace-rukavice-roeckl-madrid\\\/\",\"name\":\"Jaha\u0107e rukavice Roeckl Madrid - Clair\",\"isPartOf\":{\"@id\":\"https:\\\/\\\/clair.si\\\/#website\"},\"primaryImageOfPage\":{\"@id\":\"https:\\\/\\\/clair.si\\\/hr\\\/izdelek\\\/jahace-rukavice-roeckl-madrid\\\/#primaryimage\"},\"image\":{\"@id\":\"https:\\\/\\\/clair.si\\\/hr\\\/izdelek\\\/jahace-rukavice-roeckl-madrid\\\/#primaryimage\"},\"thumbnailUrl\":\"https:\\\/\\\/clair.si\\\/wp-content\\\/uploads\\\/2022\\\/11\\\/roeckl-madrid-jahalne-rokavice-zlata.webp\",\"datePublished\":\"2022-11-10T08:35:27+00:00\",\"dateModified\":\"2025-09-24T05:43:32+00:00\",\"description\":\"Jaha\u0107e rukavice Roeckl Madrid predstavljaju savr\u0161en spoj dizajna i funkcionalnosti. Sofisticirani dizajn stra\u017enje strane jaha\u0107e rukavice Madrid \u0107e vas o\u010darati.\",\"breadcrumb\":{\"@id\":\"https:\\\/\\\/clair.si\\\/hr\\\/izdelek\\\/jahace-rukavice-roeckl-madrid\\\/#breadcrumb\"},\"inLanguage\":\"hr\",\"potentialAction\":[{\"@type\":\"ReadAction\",\"target\":[\"https:\\\/\\\/clair.si\\\/hr\\\/izdelek\\\/jahace-rukavice-roeckl-madrid\\\/\"]}]},{\"@type\":\"ImageObject\",\"inLanguage\":\"hr\",\"@id\":\"https:\\\/\\\/clair.si\\\/hr\\\/izdelek\\\/jahace-rukavice-roeckl-madrid\\\/#primaryimage\",\"url\":\"https:\\\/\\\/clair.si\\\/wp-content\\\/uploads\\\/2022\\\/11\\\/roeckl-madrid-jahalne-rokavice-zlata.webp\",\"contentUrl\":\"https:\\\/\\\/clair.si\\\/wp-content\\\/uploads\\\/2022\\\/11\\\/roeckl-madrid-jahalne-rokavice-zlata.webp\",\"width\":1380,\"height\":1380,\"caption\":\"Jahalne rokavice Roeckl Madrid\"},{\"@type\":\"BreadcrumbList\",\"@id\":\"https:\\\/\\\/clair.si\\\/hr\\\/izdelek\\\/jahace-rukavice-roeckl-madrid\\\/#breadcrumb\",\"itemListElement\":[{\"@type\":\"ListItem\",\"position\":1,\"name\":\"Home\",\"item\":\"https:\\\/\\\/clair.si\\\/hr\\\/\"},{\"@type\":\"ListItem\",\"position\":2,\"name\":\"Trgovina\",\"item\":\"https:\\\/\\\/clair.si\\\/trgovina\\\/\"},{\"@type\":\"ListItem\",\"position\":3,\"name\":\"Jaha\u0107e rukavice Roeckl Madrid\"}]},{\"@type\":\"WebSite\",\"@id\":\"https:\\\/\\\/clair.si\\\/#website\",\"url\":\"https:\\\/\\\/clair.si\\\/\",\"name\":\"Clair\",\"description\":\"Trgovina s konjeni\u0161ko opremo\",\"publisher\":{\"@id\":\"https:\\\/\\\/clair.si\\\/#organization\"},\"potentialAction\":[{\"@type\":\"SearchAction\",\"target\":{\"@type\":\"EntryPoint\",\"urlTemplate\":\"https:\\\/\\\/clair.si\\\/?s={search_term_string}\"},\"query-input\":{\"@type\":\"PropertyValueSpecification\",\"valueRequired\":true,\"valueName\":\"search_term_string\"}}],\"inLanguage\":\"hr\"},{\"@type\":\"Organization\",\"@id\":\"https:\\\/\\\/clair.si\\\/#organization\",\"name\":\"Clair\",\"url\":\"https:\\\/\\\/clair.si\\\/\",\"logo\":{\"@type\":\"ImageObject\",\"inLanguage\":\"hr\",\"@id\":\"https:\\\/\\\/clair.si\\\/#\\\/schema\\\/logo\\\/image\\\/\",\"url\":\"https:\\\/\\\/clair.si\\\/wp-content\\\/uploads\\\/2022\\\/11\\\/clair_logo_2022.jpg\",\"contentUrl\":\"https:\\\/\\\/clair.si\\\/wp-content\\\/uploads\\\/2022\\\/11\\\/clair_logo_2022.jpg\",\"width\":1920,\"height\":1920,\"caption\":\"Clair\"},\"image\":{\"@id\":\"https:\\\/\\\/clair.si\\\/#\\\/schema\\\/logo\\\/image\\\/\"},\"sameAs\":[\"https:\\\/\\\/www.facebook.com\\\/TrgovinaClair\\\/\"]}]}<\/script>\n<!-- \/ Yoast SEO plugin. -->","yoast_head_json":{"title":"Jaha\u0107e rukavice Roeckl Madrid - Clair","description":"Jaha\u0107e rukavice Roeckl Madrid predstavljaju savr\u0161en spoj dizajna i funkcionalnosti. Sofisticirani dizajn stra\u017enje strane jaha\u0107e rukavice Madrid \u0107e vas o\u010darati.","robots":{"index":"index","follow":"follow","max-snippet":"max-snippet:-1","max-image-preview":"max-image-preview:large","max-video-preview":"max-video-preview:-1"},"canonical":"https:\/\/clair.si\/hr\/izdelek\/jahace-rukavice-roeckl-madrid\/","og_locale":"hr_HR","og_type":"article","og_title":"Jaha\u0107e rukavice Roeckl Madrid - Clair","og_description":"Jaha\u0107e rukavice Roeckl Madrid predstavljaju savr\u0161en spoj dizajna i funkcionalnosti. Sofisticirani dizajn stra\u017enje strane jaha\u0107e rukavice Madrid \u0107e vas o\u010darati.","og_url":"https:\/\/clair.si\/hr\/izdelek\/jahace-rukavice-roeckl-madrid\/","og_site_name":"Clair","article_publisher":"https:\/\/www.facebook.com\/TrgovinaClair\/","article_modified_time":"2025-09-24T05:43:32+00:00","og_image":[{"width":1380,"height":1380,"url":"https:\/\/clair.si\/wp-content\/uploads\/2022\/11\/roeckl-madrid-jahalne-rokavice-zlata.jpg","type":"image\/jpeg"}],"twitter_card":"summary_large_image","twitter_misc":{"Procijenjeno vrijeme \u010ditanja":"1 minuta"},"schema":{"@context":"https:\/\/schema.org","@graph":[{"@type":"WebPage","@id":"https:\/\/clair.si\/hr\/izdelek\/jahace-rukavice-roeckl-madrid\/","url":"https:\/\/clair.si\/hr\/izdelek\/jahace-rukavice-roeckl-madrid\/","name":"Jaha\u0107e rukavice Roeckl Madrid - Clair","isPartOf":{"@id":"https:\/\/clair.si\/#website"},"primaryImageOfPage":{"@id":"https:\/\/clair.si\/hr\/izdelek\/jahace-rukavice-roeckl-madrid\/#primaryimage"},"image":{"@id":"https:\/\/clair.si\/hr\/izdelek\/jahace-rukavice-roeckl-madrid\/#primaryimage"},"thumbnailUrl":"https:\/\/clair.si\/wp-content\/uploads\/2022\/11\/roeckl-madrid-jahalne-rokavice-zlata.webp","datePublished":"2022-11-10T08:35:27+00:00","dateModified":"2025-09-24T05:43:32+00:00","description":"Jaha\u0107e rukavice Roeckl Madrid predstavljaju savr\u0161en spoj dizajna i funkcionalnosti. Sofisticirani dizajn stra\u017enje strane jaha\u0107e rukavice Madrid \u0107e vas o\u010darati.","breadcrumb":{"@id":"https:\/\/clair.si\/hr\/izdelek\/jahace-rukavice-roeckl-madrid\/#breadcrumb"},"inLanguage":"hr","potentialAction":[{"@type":"ReadAction","target":["https:\/\/clair.si\/hr\/izdelek\/jahace-rukavice-roeckl-madrid\/"]}]},{"@type":"ImageObject","inLanguage":"hr","@id":"https:\/\/clair.si\/hr\/izdelek\/jahace-rukavice-roeckl-madrid\/#primaryimage","url":"https:\/\/clair.si\/wp-content\/uploads\/2022\/11\/roeckl-madrid-jahalne-rokavice-zlata.webp","contentUrl":"https:\/\/clair.si\/wp-content\/uploads\/2022\/11\/roeckl-madrid-jahalne-rokavice-zlata.webp","width":1380,"height":1380,"caption":"Jahalne rokavice Roeckl Madrid"},{"@type":"BreadcrumbList","@id":"https:\/\/clair.si\/hr\/izdelek\/jahace-rukavice-roeckl-madrid\/#breadcrumb","itemListElement":[{"@type":"ListItem","position":1,"name":"Home","item":"https:\/\/clair.si\/hr\/"},{"@type":"ListItem","position":2,"name":"Trgovina","item":"https:\/\/clair.si\/trgovina\/"},{"@type":"ListItem","position":3,"name":"Jaha\u0107e rukavice Roeckl Madrid"}]},{"@type":"WebSite","@id":"https:\/\/clair.si\/#website","url":"https:\/\/clair.si\/","name":"Clair","description":"Trgovina s konjeni\u0161ko opremo","publisher":{"@id":"https:\/\/clair.si\/#organization"},"potentialAction":[{"@type":"SearchAction","target":{"@type":"EntryPoint","urlTemplate":"https:\/\/clair.si\/?s={search_term_string}"},"query-input":{"@type":"PropertyValueSpecification","valueRequired":true,"valueName":"search_term_string"}}],"inLanguage":"hr"},{"@type":"Organization","@id":"https:\/\/clair.si\/#organization","name":"Clair","url":"https:\/\/clair.si\/","logo":{"@type":"ImageObject","inLanguage":"hr","@id":"https:\/\/clair.si\/#\/schema\/logo\/image\/","url":"https:\/\/clair.si\/wp-content\/uploads\/2022\/11\/clair_logo_2022.jpg","contentUrl":"https:\/\/clair.si\/wp-content\/uploads\/2022\/11\/clair_logo_2022.jpg","width":1920,"height":1920,"caption":"Clair"},"image":{"@id":"https:\/\/clair.si\/#\/schema\/logo\/image\/"},"sameAs":["https:\/\/www.facebook.com\/TrgovinaClair\/"]}]}},"_links":{"self":[{"href":"https:\/\/clair.si\/hr\/wp-json\/wp\/v2\/product\/100015","targetHints":{"allow":["GET"]}}],"collection":[{"href":"https:\/\/clair.si\/hr\/wp-json\/wp\/v2\/product"}],"about":[{"href":"https:\/\/clair.si\/hr\/wp-json\/wp\/v2\/types\/product"}],"version-history":[{"count":0,"href":"https:\/\/clair.si\/hr\/wp-json\/wp\/v2\/product\/100015\/revisions"}],"wp:featuredmedia":[{"embeddable":true,"href":"https:\/\/clair.si\/hr\/wp-json\/wp\/v2\/media\/100046"}],"wp:attachment":[{"href":"https:\/\/clair.si\/hr\/wp-json\/wp\/v2\/media?parent=100015"}],"wp:term":[{"taxonomy":"product_brand","embeddable":true,"href":"https:\/\/clair.si\/hr\/wp-json\/wp\/v2\/product_brand?post=100015"},{"taxonomy":"product_cat","embeddable":true,"href":"https:\/\/clair.si\/hr\/wp-json\/wp\/v2\/product_cat?post=100015"},{"taxonomy":"product_tag","embeddable":true,"href":"https:\/\/clair.si\/hr\/wp-json\/wp\/v2\/product_tag?post=100015"}],"curies":[{"name":"wp","href":"https:\/\/api.w.org\/{rel}","templated":true}]}}