{"id":100105,"date":"2022-11-10T10:35:17","date_gmt":"2022-11-10T09:35:17","guid":{"rendered":"https:\/\/clair.si\/izdelek\/jahace-rukavice-roeckl-roeck-grip\/"},"modified":"2026-03-01T08:36:09","modified_gmt":"2026-03-01T07:36:09","slug":"jahace-rukavice-roeckl-roeck-grip","status":"publish","type":"product","link":"https:\/\/clair.si\/hr\/izdelek\/jahace-rukavice-roeckl-roeck-grip\/","title":{"rendered":"Jaha\u0107e rukavice Roeckl Roeck Grip"},"content":{"rendered":"<div class=\"wpb-content-wrapper\"><p>[vc_row][vc_column][vc_column_text css=&#8221;&#8221; woodmart_inline=&#8221;no&#8221; text_larger=&#8221;no&#8221;]<span class=\"HwtZe\" lang=\"sl\"><span class=\"jCAhz\"><span class=\"ryNqvb\"><strong>Rukavice Roeckl Roeck Grip<\/strong> &#8211; mnogi su ih ve\u0107 \u017eeljeli rekreirati, ali nikada nisu bili usporedivi.<\/span><\/span><\/span><\/p>\n<p><span class=\"HwtZe\" lang=\"sl\"><span class=\"jCAhz\"><span class=\"ryNqvb\"><strong>Jaha\u0107e rukavice Roeckl Roeck Grip<\/strong> su nezamjenjiv original. Zapravo, njihova je jedinstvenost jasno opipljiva. Kao \u0161to se \u010desto doga\u0111a, detalji i, prije svega, materijali \u010dine razliku o\u010diglednom.   <strong>ROECK-GRIP je ekskluzivan materijal. Iznimno je prozra\u010dan, elasti\u010dan i fleksibilan <\/strong>.  <\/span><\/span><\/span><\/p>\n<p><span class=\"HwtZe\" lang=\"sl\"><span class=\"jCAhz\"><span class=\"ryNqvb\"><strong>Ukratko: pristaje kao druga ko\u017ea<\/strong>. Istodobno pru\u017ea odli\u010dno prianjanje i osje\u0107ajljivost povodca. Kako bi osigurao idealno pristajanje, Roeckl koristi klasi\u010dne francuske veli\u010dine rukavica. S veli\u010dinama od 6.0 do 11.0, \u0161to zna\u010di jedanaest veli\u010dina po boji &#8211; svaki \u0107e jaha\u010d zasigurno prona\u0107i savr\u0161ene rukavice za svoje potrebe. Velika se va\u017enost tako\u0111er mora pridati kvaliteti izrade: pojedina\u010dni su komadi ru\u010dno precizno sa\u0161iveni. Tolerancije \u0161avova do najvi\u0161e 1 milimetra samo su jedan od opipljivih kriterija kvalitete, jer se udobnost ne mo\u017ee izmjeriti. Tajna je u krojevima i proporcijama. Ovdje Roeckl crpi znanje iz vi\u0161e od 180 godina iskustva u umjetnosti krojenja rukavica.        <\/span><\/span><\/span><\/p>\n<p><span class=\"HwtZe\" lang=\"sl\"><span class=\"jCAhz\"><span class=\"ryNqvb\"><strong>Prakti\u010dno:<\/strong> <strong>Jaha\u0107e rukavice Roeckl Roeck Grip<\/strong> mogu se prati u perilici rublja na 30\u00b0 Celzija.<br \/>\n<\/span><\/span><\/span><\/p>\n<p>Sastav: 100% mje\u0161avina sintetike[\/vc_column_text][\/vc_column][\/vc_row]<\/p>\n<\/div>","protected":false},"excerpt":{"rendered":"<p>[vc_row][vc_column][vc_column_text css=&#8221;&#8221; woodmart_inline=&#8221;no&#8221; text_larger=&#8221;no&#8221;]Rukavice Roeckl Roeck Grip &#8211; mnogi su ih ve\u0107 \u017eeljeli rekreirati, ali nikada nisu bili usporedivi. Jaha\u0107e<\/p>\n","protected":false},"featured_media":100130,"template":"","meta":{"footnotes":""},"product_brand":[],"product_cat":[5654,5738,5670,5737],"product_tag":[],"class_list":{"0":"post-100105","1":"product","2":"type-product","3":"status-publish","4":"has-post-thumbnail","6":"product_cat-jahac-hr","7":"product_cat-ljetne-rukavice","8":"product_cat-natjecanja","9":"product_cat-rukavice","11":"first","12":"instock","13":"shipping-taxable","14":"purchasable","15":"product-type-variable"},"yoast_head":"<!-- This site is optimized with the Yoast SEO plugin v27.4 - https:\/\/yoast.com\/product\/yoast-seo-wordpress\/ -->\n<title>Jaha\u0107e rukavice Roeckl Roeck Grip - Clair<\/title>\n<meta name=\"description\" content=\"Jaha\u0107e rukavice Roeckl Roeck Grip - mnogi su ih ve\u0107 \u017eeljeli rekreirati, ali nikada nisu bili usporedivi. Pogledajte cijelu ponudu Roeckl rukavica!\" \/>\n<meta name=\"robots\" content=\"index, follow, max-snippet:-1, max-image-preview:large, max-video-preview:-1\" \/>\n<link rel=\"canonical\" href=\"https:\/\/clair.si\/izdelek\/jahalne-rokavice-roeckl-roeck-grip\/\" \/>\n<meta property=\"og:locale\" content=\"hr_HR\" \/>\n<meta property=\"og:type\" content=\"article\" \/>\n<meta property=\"og:title\" content=\"Jaha\u0107e rukavice Roeckl Roeck Grip - Clair\" \/>\n<meta property=\"og:description\" content=\"Jaha\u0107e rukavice Roeckl Roeck Grip - mnogi su ih ve\u0107 \u017eeljeli rekreirati, ali nikada nisu bili usporedivi. Pogledajte cijelu ponudu Roeckl rukavica!\" \/>\n<meta property=\"og:url\" content=\"https:\/\/clair.si\/izdelek\/jahalne-rokavice-roeckl-roeck-grip\/\" \/>\n<meta property=\"og:site_name\" content=\"Clair\" \/>\n<meta property=\"article:publisher\" content=\"https:\/\/www.facebook.com\/TrgovinaClair\/\" \/>\n<meta property=\"article:modified_time\" content=\"2026-03-01T07:36:09+00:00\" \/>\n<meta property=\"og:image\" content=\"https:\/\/clair.si\/wp-content\/uploads\/2022\/11\/roeckl-jahalne-rokavice-roec-grip-rjava.webp\" \/>\n\t<meta property=\"og:image:width\" content=\"900\" \/>\n\t<meta property=\"og:image:height\" content=\"900\" \/>\n\t<meta property=\"og:image:type\" content=\"image\/jpeg\" \/>\n<meta name=\"twitter:card\" content=\"summary_large_image\" \/>\n<meta name=\"twitter:label1\" content=\"Procijenjeno vrijeme \u010ditanja\" \/>\n\t<meta name=\"twitter:data1\" content=\"1 minuta\" \/>\n<script type=\"application\/ld+json\" class=\"yoast-schema-graph\">{\"@context\":\"https:\\\/\\\/schema.org\",\"@graph\":[{\"@type\":\"WebPage\",\"@id\":\"https:\\\/\\\/clair.si\\\/izdelek\\\/jahalne-rokavice-roeckl-roeck-grip\\\/\",\"url\":\"https:\\\/\\\/clair.si\\\/izdelek\\\/jahalne-rokavice-roeckl-roeck-grip\\\/\",\"name\":\"Jaha\u0107e rukavice Roeckl Roeck Grip - Clair\",\"isPartOf\":{\"@id\":\"https:\\\/\\\/clair.si\\\/#website\"},\"primaryImageOfPage\":{\"@id\":\"https:\\\/\\\/clair.si\\\/izdelek\\\/jahalne-rokavice-roeckl-roeck-grip\\\/#primaryimage\"},\"image\":{\"@id\":\"https:\\\/\\\/clair.si\\\/izdelek\\\/jahalne-rokavice-roeckl-roeck-grip\\\/#primaryimage\"},\"thumbnailUrl\":\"https:\\\/\\\/clair.si\\\/wp-content\\\/uploads\\\/2022\\\/11\\\/roeckl-jahalne-rokavice-roec-grip-rjava.webp\",\"datePublished\":\"2022-11-10T09:35:17+00:00\",\"dateModified\":\"2026-03-01T07:36:09+00:00\",\"description\":\"Jaha\u0107e rukavice Roeckl Roeck Grip - mnogi su ih ve\u0107 \u017eeljeli rekreirati, ali nikada nisu bili usporedivi. Pogledajte cijelu ponudu Roeckl rukavica!\",\"breadcrumb\":{\"@id\":\"https:\\\/\\\/clair.si\\\/izdelek\\\/jahalne-rokavice-roeckl-roeck-grip\\\/#breadcrumb\"},\"inLanguage\":\"hr\",\"potentialAction\":[{\"@type\":\"ReadAction\",\"target\":[\"https:\\\/\\\/clair.si\\\/izdelek\\\/jahalne-rokavice-roeckl-roeck-grip\\\/\"]}]},{\"@type\":\"ImageObject\",\"inLanguage\":\"hr\",\"@id\":\"https:\\\/\\\/clair.si\\\/izdelek\\\/jahalne-rokavice-roeckl-roeck-grip\\\/#primaryimage\",\"url\":\"https:\\\/\\\/clair.si\\\/wp-content\\\/uploads\\\/2022\\\/11\\\/roeckl-jahalne-rokavice-roec-grip-rjava.webp\",\"contentUrl\":\"https:\\\/\\\/clair.si\\\/wp-content\\\/uploads\\\/2022\\\/11\\\/roeckl-jahalne-rokavice-roec-grip-rjava.webp\",\"width\":900,\"height\":900,\"caption\":\"Jahalne rokavice Roeckl Roeck Grip\"},{\"@type\":\"BreadcrumbList\",\"@id\":\"https:\\\/\\\/clair.si\\\/izdelek\\\/jahalne-rokavice-roeckl-roeck-grip\\\/#breadcrumb\",\"itemListElement\":[{\"@type\":\"ListItem\",\"position\":1,\"name\":\"Home\",\"item\":\"https:\\\/\\\/clair.si\\\/hr\\\/\"},{\"@type\":\"ListItem\",\"position\":2,\"name\":\"Trgovina\",\"item\":\"https:\\\/\\\/clair.si\\\/trgovina\\\/\"},{\"@type\":\"ListItem\",\"position\":3,\"name\":\"Jaha\u0107e rukavice Roeckl Roeck Grip\"}]},{\"@type\":\"WebSite\",\"@id\":\"https:\\\/\\\/clair.si\\\/#website\",\"url\":\"https:\\\/\\\/clair.si\\\/\",\"name\":\"Clair\",\"description\":\"Trgovina s konjeni\u0161ko opremo\",\"publisher\":{\"@id\":\"https:\\\/\\\/clair.si\\\/#organization\"},\"potentialAction\":[{\"@type\":\"SearchAction\",\"target\":{\"@type\":\"EntryPoint\",\"urlTemplate\":\"https:\\\/\\\/clair.si\\\/?s={search_term_string}\"},\"query-input\":{\"@type\":\"PropertyValueSpecification\",\"valueRequired\":true,\"valueName\":\"search_term_string\"}}],\"inLanguage\":\"hr\"},{\"@type\":\"Organization\",\"@id\":\"https:\\\/\\\/clair.si\\\/#organization\",\"name\":\"Clair\",\"url\":\"https:\\\/\\\/clair.si\\\/\",\"logo\":{\"@type\":\"ImageObject\",\"inLanguage\":\"hr\",\"@id\":\"https:\\\/\\\/clair.si\\\/#\\\/schema\\\/logo\\\/image\\\/\",\"url\":\"https:\\\/\\\/clair.si\\\/wp-content\\\/uploads\\\/2022\\\/11\\\/clair_logo_2022.jpg\",\"contentUrl\":\"https:\\\/\\\/clair.si\\\/wp-content\\\/uploads\\\/2022\\\/11\\\/clair_logo_2022.jpg\",\"width\":1920,\"height\":1920,\"caption\":\"Clair\"},\"image\":{\"@id\":\"https:\\\/\\\/clair.si\\\/#\\\/schema\\\/logo\\\/image\\\/\"},\"sameAs\":[\"https:\\\/\\\/www.facebook.com\\\/TrgovinaClair\\\/\"]}]}<\/script>\n<!-- \/ Yoast SEO plugin. -->","yoast_head_json":{"title":"Jaha\u0107e rukavice Roeckl Roeck Grip - Clair","description":"Jaha\u0107e rukavice Roeckl Roeck Grip - mnogi su ih ve\u0107 \u017eeljeli rekreirati, ali nikada nisu bili usporedivi. Pogledajte cijelu ponudu Roeckl rukavica!","robots":{"index":"index","follow":"follow","max-snippet":"max-snippet:-1","max-image-preview":"max-image-preview:large","max-video-preview":"max-video-preview:-1"},"canonical":"https:\/\/clair.si\/izdelek\/jahalne-rokavice-roeckl-roeck-grip\/","og_locale":"hr_HR","og_type":"article","og_title":"Jaha\u0107e rukavice Roeckl Roeck Grip - Clair","og_description":"Jaha\u0107e rukavice Roeckl Roeck Grip - mnogi su ih ve\u0107 \u017eeljeli rekreirati, ali nikada nisu bili usporedivi. Pogledajte cijelu ponudu Roeckl rukavica!","og_url":"https:\/\/clair.si\/izdelek\/jahalne-rokavice-roeckl-roeck-grip\/","og_site_name":"Clair","article_publisher":"https:\/\/www.facebook.com\/TrgovinaClair\/","article_modified_time":"2026-03-01T07:36:09+00:00","og_image":[{"width":900,"height":900,"url":"https:\/\/clair.si\/wp-content\/uploads\/2022\/11\/roeckl-jahalne-rokavice-roec-grip-rjava.webp","type":"image\/jpeg"}],"twitter_card":"summary_large_image","twitter_misc":{"Procijenjeno vrijeme \u010ditanja":"1 minuta"},"schema":{"@context":"https:\/\/schema.org","@graph":[{"@type":"WebPage","@id":"https:\/\/clair.si\/izdelek\/jahalne-rokavice-roeckl-roeck-grip\/","url":"https:\/\/clair.si\/izdelek\/jahalne-rokavice-roeckl-roeck-grip\/","name":"Jaha\u0107e rukavice Roeckl Roeck Grip - Clair","isPartOf":{"@id":"https:\/\/clair.si\/#website"},"primaryImageOfPage":{"@id":"https:\/\/clair.si\/izdelek\/jahalne-rokavice-roeckl-roeck-grip\/#primaryimage"},"image":{"@id":"https:\/\/clair.si\/izdelek\/jahalne-rokavice-roeckl-roeck-grip\/#primaryimage"},"thumbnailUrl":"https:\/\/clair.si\/wp-content\/uploads\/2022\/11\/roeckl-jahalne-rokavice-roec-grip-rjava.webp","datePublished":"2022-11-10T09:35:17+00:00","dateModified":"2026-03-01T07:36:09+00:00","description":"Jaha\u0107e rukavice Roeckl Roeck Grip - mnogi su ih ve\u0107 \u017eeljeli rekreirati, ali nikada nisu bili usporedivi. Pogledajte cijelu ponudu Roeckl rukavica!","breadcrumb":{"@id":"https:\/\/clair.si\/izdelek\/jahalne-rokavice-roeckl-roeck-grip\/#breadcrumb"},"inLanguage":"hr","potentialAction":[{"@type":"ReadAction","target":["https:\/\/clair.si\/izdelek\/jahalne-rokavice-roeckl-roeck-grip\/"]}]},{"@type":"ImageObject","inLanguage":"hr","@id":"https:\/\/clair.si\/izdelek\/jahalne-rokavice-roeckl-roeck-grip\/#primaryimage","url":"https:\/\/clair.si\/wp-content\/uploads\/2022\/11\/roeckl-jahalne-rokavice-roec-grip-rjava.webp","contentUrl":"https:\/\/clair.si\/wp-content\/uploads\/2022\/11\/roeckl-jahalne-rokavice-roec-grip-rjava.webp","width":900,"height":900,"caption":"Jahalne rokavice Roeckl Roeck Grip"},{"@type":"BreadcrumbList","@id":"https:\/\/clair.si\/izdelek\/jahalne-rokavice-roeckl-roeck-grip\/#breadcrumb","itemListElement":[{"@type":"ListItem","position":1,"name":"Home","item":"https:\/\/clair.si\/hr\/"},{"@type":"ListItem","position":2,"name":"Trgovina","item":"https:\/\/clair.si\/trgovina\/"},{"@type":"ListItem","position":3,"name":"Jaha\u0107e rukavice Roeckl Roeck Grip"}]},{"@type":"WebSite","@id":"https:\/\/clair.si\/#website","url":"https:\/\/clair.si\/","name":"Clair","description":"Trgovina s konjeni\u0161ko opremo","publisher":{"@id":"https:\/\/clair.si\/#organization"},"potentialAction":[{"@type":"SearchAction","target":{"@type":"EntryPoint","urlTemplate":"https:\/\/clair.si\/?s={search_term_string}"},"query-input":{"@type":"PropertyValueSpecification","valueRequired":true,"valueName":"search_term_string"}}],"inLanguage":"hr"},{"@type":"Organization","@id":"https:\/\/clair.si\/#organization","name":"Clair","url":"https:\/\/clair.si\/","logo":{"@type":"ImageObject","inLanguage":"hr","@id":"https:\/\/clair.si\/#\/schema\/logo\/image\/","url":"https:\/\/clair.si\/wp-content\/uploads\/2022\/11\/clair_logo_2022.jpg","contentUrl":"https:\/\/clair.si\/wp-content\/uploads\/2022\/11\/clair_logo_2022.jpg","width":1920,"height":1920,"caption":"Clair"},"image":{"@id":"https:\/\/clair.si\/#\/schema\/logo\/image\/"},"sameAs":["https:\/\/www.facebook.com\/TrgovinaClair\/"]}]}},"_links":{"self":[{"href":"https:\/\/clair.si\/hr\/wp-json\/wp\/v2\/product\/100105","targetHints":{"allow":["GET"]}}],"collection":[{"href":"https:\/\/clair.si\/hr\/wp-json\/wp\/v2\/product"}],"about":[{"href":"https:\/\/clair.si\/hr\/wp-json\/wp\/v2\/types\/product"}],"version-history":[{"count":94,"href":"https:\/\/clair.si\/hr\/wp-json\/wp\/v2\/product\/100105\/revisions"}],"predecessor-version":[{"id":132181,"href":"https:\/\/clair.si\/hr\/wp-json\/wp\/v2\/product\/100105\/revisions\/132181"}],"wp:featuredmedia":[{"embeddable":true,"href":"https:\/\/clair.si\/hr\/wp-json\/wp\/v2\/media\/100130"}],"wp:attachment":[{"href":"https:\/\/clair.si\/hr\/wp-json\/wp\/v2\/media?parent=100105"}],"wp:term":[{"taxonomy":"product_brand","embeddable":true,"href":"https:\/\/clair.si\/hr\/wp-json\/wp\/v2\/product_brand?post=100105"},{"taxonomy":"product_cat","embeddable":true,"href":"https:\/\/clair.si\/hr\/wp-json\/wp\/v2\/product_cat?post=100105"},{"taxonomy":"product_tag","embeddable":true,"href":"https:\/\/clair.si\/hr\/wp-json\/wp\/v2\/product_tag?post=100105"}],"curies":[{"name":"wp","href":"https:\/\/api.w.org\/{rel}","templated":true}]}}