{"id":100316,"date":"2022-11-06T10:47:23","date_gmt":"2022-11-06T09:47:23","guid":{"rendered":"https:\/\/clair.si\/izdelek\/kutija-za-cetke-koala\/"},"modified":"2025-08-27T20:54:48","modified_gmt":"2025-08-27T18:54:48","slug":"kutija-za-cetke-koala","status":"publish","type":"product","link":"https:\/\/clair.si\/hr\/izdelek\/kutija-za-cetke-koala\/","title":{"rendered":"Kutija za \u010detke Koala"},"content":{"rendered":"<p><span class=\"HwtZe\" lang=\"sl\"><strong><span class=\"jCAhz ChMk0b\"><span class=\"ryNqvb\">Prostrana kutija za pohranu osnovnih potrep\u0161tina za njegu, <a href=\"https:\/\/clair.si\/hr\/kategorija\/stala-i-pasnjak\/njega-konja-hr\/kutije-i-torbe-za-cetke-hr\/\">kutija za \u010detke<\/a> Koala<\/span><\/span><\/strong> <span class=\"jCAhz ChMk0b\"><span class=\"ryNqvb\">Bo\u010dni pretinac kov\u010dega za \u010detke i kozmetiku Koala, omogu\u0107uje uspravno spremanje boca. Velika plasti\u010dna kop\u010da za zakop\u010davanje, koja dr\u017ei kutiju \u010dvrsto zatvorenu tijekom putovanja. Mo\u017ee se zaklju\u010dati, da bi va\u0161a imovina bila sigurna. Odstranjiva plitka ladica za one male predmete, koje je te\u0161ko prona\u0107i. Oja\u010dan    <\/span><\/span> <span class=\"jCAhz ChMk0b\"><span class=\"ryNqvb\">poklopac mo\u017ee <strong>podnijeti te\u017einu do 120 kg.<\/strong><\/span><\/span><\/span><\/p>\n<p>Sastav: plastika<\/p>\n","protected":false},"excerpt":{"rendered":"<p>Prostrana kutija za pohranu osnovnih potrep\u0161tina za njegu, kutija za \u010detke Koala Bo\u010dni pretinac kov\u010dega za \u010detke i kozmetiku Koala,<\/p>\n","protected":false},"featured_media":100322,"template":"","meta":{"footnotes":""},"product_brand":[],"product_cat":[5624,5747,5748,5628,5625,5627],"product_tag":[],"class_list":{"0":"post-100316","1":"product","2":"type-product","3":"status-publish","4":"has-post-thumbnail","6":"product_cat-konj-hr","7":"product_cat-kutije-i-torbe-za-cetke","8":"product_cat-kutije-i-torbe-za-cetke-hr","9":"product_cat-njega-konja-hr","10":"product_cat-njega-konja","11":"product_cat-stala-i-pasnjak","13":"first","14":"instock","15":"sale","16":"shipping-taxable","17":"purchasable","18":"product-type-variable"},"yoast_head":"<!-- This site is optimized with the Yoast SEO plugin v27.4 - https:\/\/yoast.com\/product\/yoast-seo-wordpress\/ -->\n<title>Kutija za \u010detke Koala - Clair<\/title>\n<meta name=\"description\" content=\"Prostrana kutija za pohranu osnovnih potrep\u0161tina za njegu, kutija za \u010detke Koala Bo\u010dni pretinac kov\u010dega za \u010detke i kozmetiku Koala, omogu\u0107uje uspravno\" \/>\n<meta name=\"robots\" content=\"index, follow, max-snippet:-1, max-image-preview:large, max-video-preview:-1\" \/>\n<link rel=\"canonical\" href=\"https:\/\/clair.si\/hr\/izdelek\/kutija-za-cetke-koala\/\" \/>\n<meta property=\"og:locale\" content=\"hr_HR\" \/>\n<meta property=\"og:type\" content=\"article\" \/>\n<meta property=\"og:title\" content=\"Kutija za \u010detke Koala - Clair\" \/>\n<meta property=\"og:description\" content=\"Prostrana kutija za pohranu osnovnih potrep\u0161tina za njegu, kutija za \u010detke Koala Bo\u010dni pretinac kov\u010dega za \u010detke i kozmetiku Koala, omogu\u0107uje uspravno\" \/>\n<meta property=\"og:url\" content=\"https:\/\/clair.si\/hr\/izdelek\/kutija-za-cetke-koala\/\" \/>\n<meta property=\"og:site_name\" content=\"Clair\" \/>\n<meta property=\"article:publisher\" content=\"https:\/\/www.facebook.com\/TrgovinaClair\/\" \/>\n<meta property=\"article:modified_time\" content=\"2025-08-27T18:54:48+00:00\" \/>\n<meta property=\"og:image\" content=\"https:\/\/clair.si\/wp-content\/uploads\/2022\/11\/hippotonic-koala-skatla-za-krtace-siva.jpg\" \/>\n\t<meta property=\"og:image:width\" content=\"800\" \/>\n\t<meta property=\"og:image:height\" content=\"800\" \/>\n\t<meta property=\"og:image:type\" content=\"image\/jpeg\" \/>\n<meta name=\"twitter:card\" content=\"summary_large_image\" \/>\n<script type=\"application\/ld+json\" class=\"yoast-schema-graph\">{\"@context\":\"https:\\\/\\\/schema.org\",\"@graph\":[{\"@type\":\"WebPage\",\"@id\":\"https:\\\/\\\/clair.si\\\/hr\\\/izdelek\\\/kutija-za-cetke-koala\\\/\",\"url\":\"https:\\\/\\\/clair.si\\\/hr\\\/izdelek\\\/kutija-za-cetke-koala\\\/\",\"name\":\"Kutija za \u010detke Koala - Clair\",\"isPartOf\":{\"@id\":\"https:\\\/\\\/clair.si\\\/#website\"},\"primaryImageOfPage\":{\"@id\":\"https:\\\/\\\/clair.si\\\/hr\\\/izdelek\\\/kutija-za-cetke-koala\\\/#primaryimage\"},\"image\":{\"@id\":\"https:\\\/\\\/clair.si\\\/hr\\\/izdelek\\\/kutija-za-cetke-koala\\\/#primaryimage\"},\"thumbnailUrl\":\"https:\\\/\\\/clair.si\\\/wp-content\\\/uploads\\\/2022\\\/11\\\/hippotonic-koala-skatla-za-krtace-rdeca.webp\",\"datePublished\":\"2022-11-06T09:47:23+00:00\",\"dateModified\":\"2025-08-27T18:54:48+00:00\",\"description\":\"Prostrana kutija za pohranu osnovnih potrep\u0161tina za njegu, kutija za \u010detke Koala Bo\u010dni pretinac kov\u010dega za \u010detke i kozmetiku Koala, omogu\u0107uje uspravno\",\"breadcrumb\":{\"@id\":\"https:\\\/\\\/clair.si\\\/hr\\\/izdelek\\\/kutija-za-cetke-koala\\\/#breadcrumb\"},\"inLanguage\":\"hr\",\"potentialAction\":[{\"@type\":\"ReadAction\",\"target\":[\"https:\\\/\\\/clair.si\\\/hr\\\/izdelek\\\/kutija-za-cetke-koala\\\/\"]}]},{\"@type\":\"ImageObject\",\"inLanguage\":\"hr\",\"@id\":\"https:\\\/\\\/clair.si\\\/hr\\\/izdelek\\\/kutija-za-cetke-koala\\\/#primaryimage\",\"url\":\"https:\\\/\\\/clair.si\\\/wp-content\\\/uploads\\\/2022\\\/11\\\/hippotonic-koala-skatla-za-krtace-rdeca.webp\",\"contentUrl\":\"https:\\\/\\\/clair.si\\\/wp-content\\\/uploads\\\/2022\\\/11\\\/hippotonic-koala-skatla-za-krtace-rdeca.webp\",\"width\":800,\"height\":800},{\"@type\":\"BreadcrumbList\",\"@id\":\"https:\\\/\\\/clair.si\\\/hr\\\/izdelek\\\/kutija-za-cetke-koala\\\/#breadcrumb\",\"itemListElement\":[{\"@type\":\"ListItem\",\"position\":1,\"name\":\"Home\",\"item\":\"https:\\\/\\\/clair.si\\\/hr\\\/\"},{\"@type\":\"ListItem\",\"position\":2,\"name\":\"Trgovina\",\"item\":\"https:\\\/\\\/clair.si\\\/trgovina\\\/\"},{\"@type\":\"ListItem\",\"position\":3,\"name\":\"Kutija za \u010detke Koala\"}]},{\"@type\":\"WebSite\",\"@id\":\"https:\\\/\\\/clair.si\\\/#website\",\"url\":\"https:\\\/\\\/clair.si\\\/\",\"name\":\"Clair\",\"description\":\"Trgovina s konjeni\u0161ko opremo\",\"publisher\":{\"@id\":\"https:\\\/\\\/clair.si\\\/#organization\"},\"potentialAction\":[{\"@type\":\"SearchAction\",\"target\":{\"@type\":\"EntryPoint\",\"urlTemplate\":\"https:\\\/\\\/clair.si\\\/?s={search_term_string}\"},\"query-input\":{\"@type\":\"PropertyValueSpecification\",\"valueRequired\":true,\"valueName\":\"search_term_string\"}}],\"inLanguage\":\"hr\"},{\"@type\":\"Organization\",\"@id\":\"https:\\\/\\\/clair.si\\\/#organization\",\"name\":\"Clair\",\"url\":\"https:\\\/\\\/clair.si\\\/\",\"logo\":{\"@type\":\"ImageObject\",\"inLanguage\":\"hr\",\"@id\":\"https:\\\/\\\/clair.si\\\/#\\\/schema\\\/logo\\\/image\\\/\",\"url\":\"https:\\\/\\\/clair.si\\\/wp-content\\\/uploads\\\/2022\\\/11\\\/clair_logo_2022.jpg\",\"contentUrl\":\"https:\\\/\\\/clair.si\\\/wp-content\\\/uploads\\\/2022\\\/11\\\/clair_logo_2022.jpg\",\"width\":1920,\"height\":1920,\"caption\":\"Clair\"},\"image\":{\"@id\":\"https:\\\/\\\/clair.si\\\/#\\\/schema\\\/logo\\\/image\\\/\"},\"sameAs\":[\"https:\\\/\\\/www.facebook.com\\\/TrgovinaClair\\\/\"]}]}<\/script>\n<!-- \/ Yoast SEO plugin. -->","yoast_head_json":{"title":"Kutija za \u010detke Koala - Clair","description":"Prostrana kutija za pohranu osnovnih potrep\u0161tina za njegu, kutija za \u010detke Koala Bo\u010dni pretinac kov\u010dega za \u010detke i kozmetiku Koala, omogu\u0107uje uspravno","robots":{"index":"index","follow":"follow","max-snippet":"max-snippet:-1","max-image-preview":"max-image-preview:large","max-video-preview":"max-video-preview:-1"},"canonical":"https:\/\/clair.si\/hr\/izdelek\/kutija-za-cetke-koala\/","og_locale":"hr_HR","og_type":"article","og_title":"Kutija za \u010detke Koala - Clair","og_description":"Prostrana kutija za pohranu osnovnih potrep\u0161tina za njegu, kutija za \u010detke Koala Bo\u010dni pretinac kov\u010dega za \u010detke i kozmetiku Koala, omogu\u0107uje uspravno","og_url":"https:\/\/clair.si\/hr\/izdelek\/kutija-za-cetke-koala\/","og_site_name":"Clair","article_publisher":"https:\/\/www.facebook.com\/TrgovinaClair\/","article_modified_time":"2025-08-27T18:54:48+00:00","og_image":[{"width":800,"height":800,"url":"https:\/\/clair.si\/wp-content\/uploads\/2022\/11\/hippotonic-koala-skatla-za-krtace-siva.jpg","type":"image\/jpeg"}],"twitter_card":"summary_large_image","schema":{"@context":"https:\/\/schema.org","@graph":[{"@type":"WebPage","@id":"https:\/\/clair.si\/hr\/izdelek\/kutija-za-cetke-koala\/","url":"https:\/\/clair.si\/hr\/izdelek\/kutija-za-cetke-koala\/","name":"Kutija za \u010detke Koala - Clair","isPartOf":{"@id":"https:\/\/clair.si\/#website"},"primaryImageOfPage":{"@id":"https:\/\/clair.si\/hr\/izdelek\/kutija-za-cetke-koala\/#primaryimage"},"image":{"@id":"https:\/\/clair.si\/hr\/izdelek\/kutija-za-cetke-koala\/#primaryimage"},"thumbnailUrl":"https:\/\/clair.si\/wp-content\/uploads\/2022\/11\/hippotonic-koala-skatla-za-krtace-rdeca.webp","datePublished":"2022-11-06T09:47:23+00:00","dateModified":"2025-08-27T18:54:48+00:00","description":"Prostrana kutija za pohranu osnovnih potrep\u0161tina za njegu, kutija za \u010detke Koala Bo\u010dni pretinac kov\u010dega za \u010detke i kozmetiku Koala, omogu\u0107uje uspravno","breadcrumb":{"@id":"https:\/\/clair.si\/hr\/izdelek\/kutija-za-cetke-koala\/#breadcrumb"},"inLanguage":"hr","potentialAction":[{"@type":"ReadAction","target":["https:\/\/clair.si\/hr\/izdelek\/kutija-za-cetke-koala\/"]}]},{"@type":"ImageObject","inLanguage":"hr","@id":"https:\/\/clair.si\/hr\/izdelek\/kutija-za-cetke-koala\/#primaryimage","url":"https:\/\/clair.si\/wp-content\/uploads\/2022\/11\/hippotonic-koala-skatla-za-krtace-rdeca.webp","contentUrl":"https:\/\/clair.si\/wp-content\/uploads\/2022\/11\/hippotonic-koala-skatla-za-krtace-rdeca.webp","width":800,"height":800},{"@type":"BreadcrumbList","@id":"https:\/\/clair.si\/hr\/izdelek\/kutija-za-cetke-koala\/#breadcrumb","itemListElement":[{"@type":"ListItem","position":1,"name":"Home","item":"https:\/\/clair.si\/hr\/"},{"@type":"ListItem","position":2,"name":"Trgovina","item":"https:\/\/clair.si\/trgovina\/"},{"@type":"ListItem","position":3,"name":"Kutija za \u010detke Koala"}]},{"@type":"WebSite","@id":"https:\/\/clair.si\/#website","url":"https:\/\/clair.si\/","name":"Clair","description":"Trgovina s konjeni\u0161ko opremo","publisher":{"@id":"https:\/\/clair.si\/#organization"},"potentialAction":[{"@type":"SearchAction","target":{"@type":"EntryPoint","urlTemplate":"https:\/\/clair.si\/?s={search_term_string}"},"query-input":{"@type":"PropertyValueSpecification","valueRequired":true,"valueName":"search_term_string"}}],"inLanguage":"hr"},{"@type":"Organization","@id":"https:\/\/clair.si\/#organization","name":"Clair","url":"https:\/\/clair.si\/","logo":{"@type":"ImageObject","inLanguage":"hr","@id":"https:\/\/clair.si\/#\/schema\/logo\/image\/","url":"https:\/\/clair.si\/wp-content\/uploads\/2022\/11\/clair_logo_2022.jpg","contentUrl":"https:\/\/clair.si\/wp-content\/uploads\/2022\/11\/clair_logo_2022.jpg","width":1920,"height":1920,"caption":"Clair"},"image":{"@id":"https:\/\/clair.si\/#\/schema\/logo\/image\/"},"sameAs":["https:\/\/www.facebook.com\/TrgovinaClair\/"]}]}},"_links":{"self":[{"href":"https:\/\/clair.si\/hr\/wp-json\/wp\/v2\/product\/100316","targetHints":{"allow":["GET"]}}],"collection":[{"href":"https:\/\/clair.si\/hr\/wp-json\/wp\/v2\/product"}],"about":[{"href":"https:\/\/clair.si\/hr\/wp-json\/wp\/v2\/types\/product"}],"version-history":[{"count":0,"href":"https:\/\/clair.si\/hr\/wp-json\/wp\/v2\/product\/100316\/revisions"}],"wp:featuredmedia":[{"embeddable":true,"href":"https:\/\/clair.si\/hr\/wp-json\/wp\/v2\/media\/100322"}],"wp:attachment":[{"href":"https:\/\/clair.si\/hr\/wp-json\/wp\/v2\/media?parent=100316"}],"wp:term":[{"taxonomy":"product_brand","embeddable":true,"href":"https:\/\/clair.si\/hr\/wp-json\/wp\/v2\/product_brand?post=100316"},{"taxonomy":"product_cat","embeddable":true,"href":"https:\/\/clair.si\/hr\/wp-json\/wp\/v2\/product_cat?post=100316"},{"taxonomy":"product_tag","embeddable":true,"href":"https:\/\/clair.si\/hr\/wp-json\/wp\/v2\/product_tag?post=100316"}],"curies":[{"name":"wp","href":"https:\/\/api.w.org\/{rel}","templated":true}]}}