{"id":100339,"date":"2022-11-07T08:34:42","date_gmt":"2022-11-07T07:34:42","guid":{"rendered":"https:\/\/clair.si\/izdelek\/rukavica-za-njegu-konja-ht\/"},"modified":"2025-09-24T07:55:25","modified_gmt":"2025-09-24T05:55:25","slug":"rukavica-za-njegu-konja-ht","status":"publish","type":"product","link":"https:\/\/clair.si\/hr\/izdelek\/rukavica-za-njegu-konja-ht\/","title":{"rendered":"Rukavica za njegu konja HT"},"content":{"rendered":"<p>Rukavica za njegu konja je vi\u0161enamjenski dodatak! Izra\u0111ena je od poliesterskih mikrovlakana koja osiguravaju sjaj i meko\u0107u dlake. S antistati\u010dkim u\u010dinkom. Rukavica je dvostrana, idealna za kori\u0161tenje na osjetljivim mjestima (npr. glava\u2026). Mo\u017ee se koristiti suha ili mokra. Periva u perilici rublja.     <\/p>\n<p>Sastav: poliesterska mikrovlakna<\/p>\n","protected":false},"excerpt":{"rendered":"<p>Rukavica za njegu konja je vi\u0161enamjenski dodatak! Izra\u0111ena je od poliesterskih mikrovlakana koja osiguravaju sjaj i meko\u0107u dlake. S antistati\u010dkim<\/p>\n","protected":false},"featured_media":105974,"template":"","meta":{"footnotes":""},"product_brand":[],"product_cat":[5630,5626,5624,5628,5625,5627],"product_tag":[],"class_list":{"0":"post-100339","1":"product","2":"type-product","3":"status-publish","4":"has-post-thumbnail","6":"product_cat-cetke-hr","7":"product_cat-cetke","8":"product_cat-konj-hr","9":"product_cat-njega-konja-hr","10":"product_cat-njega-konja","11":"product_cat-stala-i-pasnjak","13":"first","14":"instock","15":"sale","16":"shipping-taxable","17":"purchasable","18":"product-type-variable"},"yoast_head":"<!-- This site is optimized with the Yoast SEO plugin v27.4 - https:\/\/yoast.com\/product\/yoast-seo-wordpress\/ -->\n<title>Rukavica za njegu konja HT - Clair<\/title>\n<meta name=\"description\" content=\"Rukavica za njegu konja je vi\u0161enamjenski dodatak! Izra\u0111ena je od poliesterskih mikrovlakana koja osiguravaju sjaj i meko\u0107u dlake. S antistati\u010dkim u\u010dinkom.\" \/>\n<meta name=\"robots\" content=\"index, follow, max-snippet:-1, max-image-preview:large, max-video-preview:-1\" \/>\n<link rel=\"canonical\" href=\"https:\/\/clair.si\/hr\/izdelek\/rukavica-za-njegu-konja-ht\/\" \/>\n<meta property=\"og:locale\" content=\"hr_HR\" \/>\n<meta property=\"og:type\" content=\"article\" \/>\n<meta property=\"og:title\" content=\"Rukavica za njegu konja HT - Clair\" \/>\n<meta property=\"og:description\" content=\"Rukavica za njegu konja je vi\u0161enamjenski dodatak! Izra\u0111ena je od poliesterskih mikrovlakana koja osiguravaju sjaj i meko\u0107u dlake. S antistati\u010dkim u\u010dinkom.\" \/>\n<meta property=\"og:url\" content=\"https:\/\/clair.si\/hr\/izdelek\/rukavica-za-njegu-konja-ht\/\" \/>\n<meta property=\"og:site_name\" content=\"Clair\" \/>\n<meta property=\"article:publisher\" content=\"https:\/\/www.facebook.com\/TrgovinaClair\/\" \/>\n<meta property=\"article:modified_time\" content=\"2025-09-24T05:55:25+00:00\" \/>\n<meta property=\"og:image\" content=\"https:\/\/clair.si\/wp-content\/uploads\/2025\/01\/Rokavica-za-negovanje_hippotonic-chenille-glove_modra-1.jpg\" \/>\n\t<meta property=\"og:image:width\" content=\"1\" \/>\n\t<meta property=\"og:image:height\" content=\"1\" \/>\n\t<meta property=\"og:image:type\" content=\"image\/jpeg\" \/>\n<meta name=\"twitter:card\" content=\"summary_large_image\" \/>\n<script type=\"application\/ld+json\" class=\"yoast-schema-graph\">{\"@context\":\"https:\\\/\\\/schema.org\",\"@graph\":[{\"@type\":\"WebPage\",\"@id\":\"https:\\\/\\\/clair.si\\\/hr\\\/izdelek\\\/rukavica-za-njegu-konja-ht\\\/\",\"url\":\"https:\\\/\\\/clair.si\\\/hr\\\/izdelek\\\/rukavica-za-njegu-konja-ht\\\/\",\"name\":\"Rukavica za njegu konja HT - Clair\",\"isPartOf\":{\"@id\":\"https:\\\/\\\/clair.si\\\/#website\"},\"primaryImageOfPage\":{\"@id\":\"https:\\\/\\\/clair.si\\\/hr\\\/izdelek\\\/rukavica-za-njegu-konja-ht\\\/#primaryimage\"},\"image\":{\"@id\":\"https:\\\/\\\/clair.si\\\/hr\\\/izdelek\\\/rukavica-za-njegu-konja-ht\\\/#primaryimage\"},\"thumbnailUrl\":\"https:\\\/\\\/clair.si\\\/wp-content\\\/uploads\\\/2025\\\/01\\\/Rokavica-za-negovanje_hippotonic-chenille-glove_modra-1.webp\",\"datePublished\":\"2022-11-07T07:34:42+00:00\",\"dateModified\":\"2025-09-24T05:55:25+00:00\",\"description\":\"Rukavica za njegu konja je vi\u0161enamjenski dodatak! Izra\u0111ena je od poliesterskih mikrovlakana koja osiguravaju sjaj i meko\u0107u dlake. S antistati\u010dkim u\u010dinkom.\",\"breadcrumb\":{\"@id\":\"https:\\\/\\\/clair.si\\\/hr\\\/izdelek\\\/rukavica-za-njegu-konja-ht\\\/#breadcrumb\"},\"inLanguage\":\"hr\",\"potentialAction\":[{\"@type\":\"ReadAction\",\"target\":[\"https:\\\/\\\/clair.si\\\/hr\\\/izdelek\\\/rukavica-za-njegu-konja-ht\\\/\"]}]},{\"@type\":\"ImageObject\",\"inLanguage\":\"hr\",\"@id\":\"https:\\\/\\\/clair.si\\\/hr\\\/izdelek\\\/rukavica-za-njegu-konja-ht\\\/#primaryimage\",\"url\":\"https:\\\/\\\/clair.si\\\/wp-content\\\/uploads\\\/2025\\\/01\\\/Rokavica-za-negovanje_hippotonic-chenille-glove_modra-1.webp\",\"contentUrl\":\"https:\\\/\\\/clair.si\\\/wp-content\\\/uploads\\\/2025\\\/01\\\/Rokavica-za-negovanje_hippotonic-chenille-glove_modra-1.webp\",\"width\":800,\"height\":800},{\"@type\":\"BreadcrumbList\",\"@id\":\"https:\\\/\\\/clair.si\\\/hr\\\/izdelek\\\/rukavica-za-njegu-konja-ht\\\/#breadcrumb\",\"itemListElement\":[{\"@type\":\"ListItem\",\"position\":1,\"name\":\"Home\",\"item\":\"https:\\\/\\\/clair.si\\\/hr\\\/\"},{\"@type\":\"ListItem\",\"position\":2,\"name\":\"Trgovina\",\"item\":\"https:\\\/\\\/clair.si\\\/trgovina\\\/\"},{\"@type\":\"ListItem\",\"position\":3,\"name\":\"Rukavica za njegu konja HT\"}]},{\"@type\":\"WebSite\",\"@id\":\"https:\\\/\\\/clair.si\\\/#website\",\"url\":\"https:\\\/\\\/clair.si\\\/\",\"name\":\"Clair\",\"description\":\"Trgovina s konjeni\u0161ko opremo\",\"publisher\":{\"@id\":\"https:\\\/\\\/clair.si\\\/#organization\"},\"potentialAction\":[{\"@type\":\"SearchAction\",\"target\":{\"@type\":\"EntryPoint\",\"urlTemplate\":\"https:\\\/\\\/clair.si\\\/?s={search_term_string}\"},\"query-input\":{\"@type\":\"PropertyValueSpecification\",\"valueRequired\":true,\"valueName\":\"search_term_string\"}}],\"inLanguage\":\"hr\"},{\"@type\":\"Organization\",\"@id\":\"https:\\\/\\\/clair.si\\\/#organization\",\"name\":\"Clair\",\"url\":\"https:\\\/\\\/clair.si\\\/\",\"logo\":{\"@type\":\"ImageObject\",\"inLanguage\":\"hr\",\"@id\":\"https:\\\/\\\/clair.si\\\/#\\\/schema\\\/logo\\\/image\\\/\",\"url\":\"https:\\\/\\\/clair.si\\\/wp-content\\\/uploads\\\/2022\\\/11\\\/clair_logo_2022.jpg\",\"contentUrl\":\"https:\\\/\\\/clair.si\\\/wp-content\\\/uploads\\\/2022\\\/11\\\/clair_logo_2022.jpg\",\"width\":1920,\"height\":1920,\"caption\":\"Clair\"},\"image\":{\"@id\":\"https:\\\/\\\/clair.si\\\/#\\\/schema\\\/logo\\\/image\\\/\"},\"sameAs\":[\"https:\\\/\\\/www.facebook.com\\\/TrgovinaClair\\\/\"]}]}<\/script>\n<!-- \/ Yoast SEO plugin. -->","yoast_head_json":{"title":"Rukavica za njegu konja HT - Clair","description":"Rukavica za njegu konja je vi\u0161enamjenski dodatak! Izra\u0111ena je od poliesterskih mikrovlakana koja osiguravaju sjaj i meko\u0107u dlake. S antistati\u010dkim u\u010dinkom.","robots":{"index":"index","follow":"follow","max-snippet":"max-snippet:-1","max-image-preview":"max-image-preview:large","max-video-preview":"max-video-preview:-1"},"canonical":"https:\/\/clair.si\/hr\/izdelek\/rukavica-za-njegu-konja-ht\/","og_locale":"hr_HR","og_type":"article","og_title":"Rukavica za njegu konja HT - Clair","og_description":"Rukavica za njegu konja je vi\u0161enamjenski dodatak! Izra\u0111ena je od poliesterskih mikrovlakana koja osiguravaju sjaj i meko\u0107u dlake. S antistati\u010dkim u\u010dinkom.","og_url":"https:\/\/clair.si\/hr\/izdelek\/rukavica-za-njegu-konja-ht\/","og_site_name":"Clair","article_publisher":"https:\/\/www.facebook.com\/TrgovinaClair\/","article_modified_time":"2025-09-24T05:55:25+00:00","og_image":[{"url":"https:\/\/clair.si\/wp-content\/uploads\/2025\/01\/Rokavica-za-negovanje_hippotonic-chenille-glove_modra-1.jpg","width":1,"height":1,"type":"image\/jpeg"}],"twitter_card":"summary_large_image","schema":{"@context":"https:\/\/schema.org","@graph":[{"@type":"WebPage","@id":"https:\/\/clair.si\/hr\/izdelek\/rukavica-za-njegu-konja-ht\/","url":"https:\/\/clair.si\/hr\/izdelek\/rukavica-za-njegu-konja-ht\/","name":"Rukavica za njegu konja HT - Clair","isPartOf":{"@id":"https:\/\/clair.si\/#website"},"primaryImageOfPage":{"@id":"https:\/\/clair.si\/hr\/izdelek\/rukavica-za-njegu-konja-ht\/#primaryimage"},"image":{"@id":"https:\/\/clair.si\/hr\/izdelek\/rukavica-za-njegu-konja-ht\/#primaryimage"},"thumbnailUrl":"https:\/\/clair.si\/wp-content\/uploads\/2025\/01\/Rokavica-za-negovanje_hippotonic-chenille-glove_modra-1.webp","datePublished":"2022-11-07T07:34:42+00:00","dateModified":"2025-09-24T05:55:25+00:00","description":"Rukavica za njegu konja je vi\u0161enamjenski dodatak! Izra\u0111ena je od poliesterskih mikrovlakana koja osiguravaju sjaj i meko\u0107u dlake. S antistati\u010dkim u\u010dinkom.","breadcrumb":{"@id":"https:\/\/clair.si\/hr\/izdelek\/rukavica-za-njegu-konja-ht\/#breadcrumb"},"inLanguage":"hr","potentialAction":[{"@type":"ReadAction","target":["https:\/\/clair.si\/hr\/izdelek\/rukavica-za-njegu-konja-ht\/"]}]},{"@type":"ImageObject","inLanguage":"hr","@id":"https:\/\/clair.si\/hr\/izdelek\/rukavica-za-njegu-konja-ht\/#primaryimage","url":"https:\/\/clair.si\/wp-content\/uploads\/2025\/01\/Rokavica-za-negovanje_hippotonic-chenille-glove_modra-1.webp","contentUrl":"https:\/\/clair.si\/wp-content\/uploads\/2025\/01\/Rokavica-za-negovanje_hippotonic-chenille-glove_modra-1.webp","width":800,"height":800},{"@type":"BreadcrumbList","@id":"https:\/\/clair.si\/hr\/izdelek\/rukavica-za-njegu-konja-ht\/#breadcrumb","itemListElement":[{"@type":"ListItem","position":1,"name":"Home","item":"https:\/\/clair.si\/hr\/"},{"@type":"ListItem","position":2,"name":"Trgovina","item":"https:\/\/clair.si\/trgovina\/"},{"@type":"ListItem","position":3,"name":"Rukavica za njegu konja HT"}]},{"@type":"WebSite","@id":"https:\/\/clair.si\/#website","url":"https:\/\/clair.si\/","name":"Clair","description":"Trgovina s konjeni\u0161ko opremo","publisher":{"@id":"https:\/\/clair.si\/#organization"},"potentialAction":[{"@type":"SearchAction","target":{"@type":"EntryPoint","urlTemplate":"https:\/\/clair.si\/?s={search_term_string}"},"query-input":{"@type":"PropertyValueSpecification","valueRequired":true,"valueName":"search_term_string"}}],"inLanguage":"hr"},{"@type":"Organization","@id":"https:\/\/clair.si\/#organization","name":"Clair","url":"https:\/\/clair.si\/","logo":{"@type":"ImageObject","inLanguage":"hr","@id":"https:\/\/clair.si\/#\/schema\/logo\/image\/","url":"https:\/\/clair.si\/wp-content\/uploads\/2022\/11\/clair_logo_2022.jpg","contentUrl":"https:\/\/clair.si\/wp-content\/uploads\/2022\/11\/clair_logo_2022.jpg","width":1920,"height":1920,"caption":"Clair"},"image":{"@id":"https:\/\/clair.si\/#\/schema\/logo\/image\/"},"sameAs":["https:\/\/www.facebook.com\/TrgovinaClair\/"]}]}},"_links":{"self":[{"href":"https:\/\/clair.si\/hr\/wp-json\/wp\/v2\/product\/100339","targetHints":{"allow":["GET"]}}],"collection":[{"href":"https:\/\/clair.si\/hr\/wp-json\/wp\/v2\/product"}],"about":[{"href":"https:\/\/clair.si\/hr\/wp-json\/wp\/v2\/types\/product"}],"version-history":[{"count":0,"href":"https:\/\/clair.si\/hr\/wp-json\/wp\/v2\/product\/100339\/revisions"}],"wp:featuredmedia":[{"embeddable":true,"href":"https:\/\/clair.si\/hr\/wp-json\/wp\/v2\/media\/105974"}],"wp:attachment":[{"href":"https:\/\/clair.si\/hr\/wp-json\/wp\/v2\/media?parent=100339"}],"wp:term":[{"taxonomy":"product_brand","embeddable":true,"href":"https:\/\/clair.si\/hr\/wp-json\/wp\/v2\/product_brand?post=100339"},{"taxonomy":"product_cat","embeddable":true,"href":"https:\/\/clair.si\/hr\/wp-json\/wp\/v2\/product_cat?post=100339"},{"taxonomy":"product_tag","embeddable":true,"href":"https:\/\/clair.si\/hr\/wp-json\/wp\/v2\/product_tag?post=100339"}],"curies":[{"name":"wp","href":"https:\/\/api.w.org\/{rel}","templated":true}]}}