{"id":100363,"date":"2022-11-05T08:00:16","date_gmt":"2022-11-05T07:00:16","guid":{"rendered":"https:\/\/clair.si\/izdelek\/djecje-zimske-jahace-tajice-equitheme-dolomyt\/"},"modified":"2025-09-24T07:55:56","modified_gmt":"2025-09-24T05:55:56","slug":"djecje-zimske-jahace-tajice-equitheme-dolomyt","status":"publish","type":"product","link":"https:\/\/clair.si\/hr\/izdelek\/djecje-zimske-jahace-tajice-equitheme-dolomyt\/","title":{"rendered":"Dje\u010dje zimske jaha\u0107e tajice EquiTheme Dolomyt"},"content":{"rendered":"<p><strong>Dje\u010dje zimske jaha\u0107e tajice EquiTheme Dolomyt<\/strong> su neizostavan dio za zimsku sezonu. <strong>Tople<\/strong>, <strong>udobne<\/strong>, <strong>vodoodbojne<\/strong> i <strong>otporne na vjetar<\/strong> hla\u010de od visoko rastezljivog materijala. Imaju <strong>bo\u010dni<\/strong> <strong>d\u017eep<\/strong> za telefon s patentnim zatvara\u010dem. U cijelosti <strong>podstavljene flisom<\/strong>, tako\u0111er i pojas, koji je straga povi\u0161en, za jo\u0161 bolje prianjanje hla\u010da.  <\/p>\n<p><strong>Sa silikonskim sjedi\u0161tem. <\/strong><\/p>\n<p>Sastav: 95% poliester, 5% elastan.<\/p>\n<p>Perivo u perilici rublja na 30\u00b0C. Su\u0161enje u su\u0161ilici se ne preporu\u010duje. <\/p>\n","protected":false},"excerpt":{"rendered":"<p>Dje\u010dje zimske jaha\u0107e tajice EquiTheme Dolomyt su neizostavan dio za zimsku sezonu. Tople, udobne, vodoodbojne i otporne na vjetar hla\u010de<\/p>\n","protected":false},"featured_media":100366,"template":"","meta":{"footnotes":""},"product_brand":[],"product_cat":[5845,5955,5654],"product_tag":[],"class_list":{"0":"post-100363","1":"product","2":"type-product","3":"status-publish","4":"has-post-thumbnail","6":"product_cat-djeca","7":"product_cat-djecje-hlace-za-jahanje","8":"product_cat-jahac-hr","10":"first","11":"instock","12":"sale","13":"shipping-taxable","14":"purchasable","15":"product-type-variable"},"yoast_head":"<!-- This site is optimized with the Yoast SEO plugin v27.3 - https:\/\/yoast.com\/product\/yoast-seo-wordpress\/ -->\n<title>Dje\u010dje zimske jaha\u0107e tajice EquiTheme Dolomyt - Clair<\/title>\n<meta name=\"description\" content=\"Dje\u010dje zimske jaha\u0107e tajice EquiTheme Dolomyt neizostavan su dio dje\u010dje jaha\u0107e opreme jer pru\u017eaju udobnost i toplinu u hladnim danima. Izaberite svoje sada!\" \/>\n<meta name=\"robots\" content=\"index, follow, max-snippet:-1, max-image-preview:large, max-video-preview:-1\" \/>\n<link rel=\"canonical\" href=\"https:\/\/clair.si\/hr\/izdelek\/djecje-zimske-jahace-tajice-equitheme-dolomyt\/\" \/>\n<meta property=\"og:locale\" content=\"hr_HR\" \/>\n<meta property=\"og:type\" content=\"article\" \/>\n<meta property=\"og:title\" content=\"Dje\u010dje zimske jaha\u0107e tajice EquiTheme Dolomyt - Clair\" \/>\n<meta property=\"og:description\" content=\"Dje\u010dje zimske jaha\u0107e tajice EquiTheme Dolomyt neizostavan su dio dje\u010dje jaha\u0107e opreme jer pru\u017eaju udobnost i toplinu u hladnim danima. Izaberite svoje sada!\" \/>\n<meta property=\"og:url\" content=\"https:\/\/clair.si\/hr\/izdelek\/djecje-zimske-jahace-tajice-equitheme-dolomyt\/\" \/>\n<meta property=\"og:site_name\" content=\"Clair\" \/>\n<meta property=\"article:publisher\" content=\"https:\/\/www.facebook.com\/TrgovinaClair\/\" \/>\n<meta property=\"article:modified_time\" content=\"2025-09-24T05:55:56+00:00\" \/>\n<meta property=\"og:image\" content=\"https:\/\/clair.si\/wp-content\/uploads\/2022\/11\/equitheme-dolomyt-pull-on-full-silicone-otroske-jahalne-zimske-termo-pajkice-crna.jpg\" \/>\n\t<meta property=\"og:image:width\" content=\"800\" \/>\n\t<meta property=\"og:image:height\" content=\"800\" \/>\n\t<meta property=\"og:image:type\" content=\"image\/jpeg\" \/>\n<meta name=\"twitter:card\" content=\"summary_large_image\" \/>\n<script type=\"application\/ld+json\" class=\"yoast-schema-graph\">{\"@context\":\"https:\\\/\\\/schema.org\",\"@graph\":[{\"@type\":\"WebPage\",\"@id\":\"https:\\\/\\\/clair.si\\\/hr\\\/izdelek\\\/djecje-zimske-jahace-tajice-equitheme-dolomyt\\\/\",\"url\":\"https:\\\/\\\/clair.si\\\/hr\\\/izdelek\\\/djecje-zimske-jahace-tajice-equitheme-dolomyt\\\/\",\"name\":\"Dje\u010dje zimske jaha\u0107e tajice EquiTheme Dolomyt - Clair\",\"isPartOf\":{\"@id\":\"https:\\\/\\\/clair.si\\\/#website\"},\"primaryImageOfPage\":{\"@id\":\"https:\\\/\\\/clair.si\\\/hr\\\/izdelek\\\/djecje-zimske-jahace-tajice-equitheme-dolomyt\\\/#primaryimage\"},\"image\":{\"@id\":\"https:\\\/\\\/clair.si\\\/hr\\\/izdelek\\\/djecje-zimske-jahace-tajice-equitheme-dolomyt\\\/#primaryimage\"},\"thumbnailUrl\":\"https:\\\/\\\/clair.si\\\/wp-content\\\/uploads\\\/2022\\\/11\\\/equitheme-dolomyt-pull-on-full-silicone-otroske-jahalne-zimske-termo-pajkice-crna.webp\",\"datePublished\":\"2022-11-05T07:00:16+00:00\",\"dateModified\":\"2025-09-24T05:55:56+00:00\",\"description\":\"Dje\u010dje zimske jaha\u0107e tajice EquiTheme Dolomyt neizostavan su dio dje\u010dje jaha\u0107e opreme jer pru\u017eaju udobnost i toplinu u hladnim danima. Izaberite svoje sada!\",\"breadcrumb\":{\"@id\":\"https:\\\/\\\/clair.si\\\/hr\\\/izdelek\\\/djecje-zimske-jahace-tajice-equitheme-dolomyt\\\/#breadcrumb\"},\"inLanguage\":\"hr\",\"potentialAction\":[{\"@type\":\"ReadAction\",\"target\":[\"https:\\\/\\\/clair.si\\\/hr\\\/izdelek\\\/djecje-zimske-jahace-tajice-equitheme-dolomyt\\\/\"]}]},{\"@type\":\"ImageObject\",\"inLanguage\":\"hr\",\"@id\":\"https:\\\/\\\/clair.si\\\/hr\\\/izdelek\\\/djecje-zimske-jahace-tajice-equitheme-dolomyt\\\/#primaryimage\",\"url\":\"https:\\\/\\\/clair.si\\\/wp-content\\\/uploads\\\/2022\\\/11\\\/equitheme-dolomyt-pull-on-full-silicone-otroske-jahalne-zimske-termo-pajkice-crna.webp\",\"contentUrl\":\"https:\\\/\\\/clair.si\\\/wp-content\\\/uploads\\\/2022\\\/11\\\/equitheme-dolomyt-pull-on-full-silicone-otroske-jahalne-zimske-termo-pajkice-crna.webp\",\"width\":800,\"height\":800,\"caption\":\"Otro\u0161ke jahalne pajkice Dolomyt. zimske, termo.\"},{\"@type\":\"BreadcrumbList\",\"@id\":\"https:\\\/\\\/clair.si\\\/hr\\\/izdelek\\\/djecje-zimske-jahace-tajice-equitheme-dolomyt\\\/#breadcrumb\",\"itemListElement\":[{\"@type\":\"ListItem\",\"position\":1,\"name\":\"Home\",\"item\":\"https:\\\/\\\/clair.si\\\/hr\\\/\"},{\"@type\":\"ListItem\",\"position\":2,\"name\":\"Trgovina\",\"item\":\"https:\\\/\\\/clair.si\\\/trgovina\\\/\"},{\"@type\":\"ListItem\",\"position\":3,\"name\":\"Dje\u010dje zimske jaha\u0107e tajice EquiTheme Dolomyt\"}]},{\"@type\":\"WebSite\",\"@id\":\"https:\\\/\\\/clair.si\\\/#website\",\"url\":\"https:\\\/\\\/clair.si\\\/\",\"name\":\"Clair\",\"description\":\"Trgovina s konjeni\u0161ko opremo\",\"publisher\":{\"@id\":\"https:\\\/\\\/clair.si\\\/#organization\"},\"potentialAction\":[{\"@type\":\"SearchAction\",\"target\":{\"@type\":\"EntryPoint\",\"urlTemplate\":\"https:\\\/\\\/clair.si\\\/?s={search_term_string}\"},\"query-input\":{\"@type\":\"PropertyValueSpecification\",\"valueRequired\":true,\"valueName\":\"search_term_string\"}}],\"inLanguage\":\"hr\"},{\"@type\":\"Organization\",\"@id\":\"https:\\\/\\\/clair.si\\\/#organization\",\"name\":\"Clair\",\"url\":\"https:\\\/\\\/clair.si\\\/\",\"logo\":{\"@type\":\"ImageObject\",\"inLanguage\":\"hr\",\"@id\":\"https:\\\/\\\/clair.si\\\/#\\\/schema\\\/logo\\\/image\\\/\",\"url\":\"https:\\\/\\\/clair.si\\\/wp-content\\\/uploads\\\/2022\\\/11\\\/clair_logo_2022.jpg\",\"contentUrl\":\"https:\\\/\\\/clair.si\\\/wp-content\\\/uploads\\\/2022\\\/11\\\/clair_logo_2022.jpg\",\"width\":1920,\"height\":1920,\"caption\":\"Clair\"},\"image\":{\"@id\":\"https:\\\/\\\/clair.si\\\/#\\\/schema\\\/logo\\\/image\\\/\"},\"sameAs\":[\"https:\\\/\\\/www.facebook.com\\\/TrgovinaClair\\\/\"]}]}<\/script>\n<!-- \/ Yoast SEO plugin. -->","yoast_head_json":{"title":"Dje\u010dje zimske jaha\u0107e tajice EquiTheme Dolomyt - Clair","description":"Dje\u010dje zimske jaha\u0107e tajice EquiTheme Dolomyt neizostavan su dio dje\u010dje jaha\u0107e opreme jer pru\u017eaju udobnost i toplinu u hladnim danima. Izaberite svoje sada!","robots":{"index":"index","follow":"follow","max-snippet":"max-snippet:-1","max-image-preview":"max-image-preview:large","max-video-preview":"max-video-preview:-1"},"canonical":"https:\/\/clair.si\/hr\/izdelek\/djecje-zimske-jahace-tajice-equitheme-dolomyt\/","og_locale":"hr_HR","og_type":"article","og_title":"Dje\u010dje zimske jaha\u0107e tajice EquiTheme Dolomyt - Clair","og_description":"Dje\u010dje zimske jaha\u0107e tajice EquiTheme Dolomyt neizostavan su dio dje\u010dje jaha\u0107e opreme jer pru\u017eaju udobnost i toplinu u hladnim danima. Izaberite svoje sada!","og_url":"https:\/\/clair.si\/hr\/izdelek\/djecje-zimske-jahace-tajice-equitheme-dolomyt\/","og_site_name":"Clair","article_publisher":"https:\/\/www.facebook.com\/TrgovinaClair\/","article_modified_time":"2025-09-24T05:55:56+00:00","og_image":[{"width":800,"height":800,"url":"https:\/\/clair.si\/wp-content\/uploads\/2022\/11\/equitheme-dolomyt-pull-on-full-silicone-otroske-jahalne-zimske-termo-pajkice-crna.jpg","type":"image\/jpeg"}],"twitter_card":"summary_large_image","schema":{"@context":"https:\/\/schema.org","@graph":[{"@type":"WebPage","@id":"https:\/\/clair.si\/hr\/izdelek\/djecje-zimske-jahace-tajice-equitheme-dolomyt\/","url":"https:\/\/clair.si\/hr\/izdelek\/djecje-zimske-jahace-tajice-equitheme-dolomyt\/","name":"Dje\u010dje zimske jaha\u0107e tajice EquiTheme Dolomyt - Clair","isPartOf":{"@id":"https:\/\/clair.si\/#website"},"primaryImageOfPage":{"@id":"https:\/\/clair.si\/hr\/izdelek\/djecje-zimske-jahace-tajice-equitheme-dolomyt\/#primaryimage"},"image":{"@id":"https:\/\/clair.si\/hr\/izdelek\/djecje-zimske-jahace-tajice-equitheme-dolomyt\/#primaryimage"},"thumbnailUrl":"https:\/\/clair.si\/wp-content\/uploads\/2022\/11\/equitheme-dolomyt-pull-on-full-silicone-otroske-jahalne-zimske-termo-pajkice-crna.webp","datePublished":"2022-11-05T07:00:16+00:00","dateModified":"2025-09-24T05:55:56+00:00","description":"Dje\u010dje zimske jaha\u0107e tajice EquiTheme Dolomyt neizostavan su dio dje\u010dje jaha\u0107e opreme jer pru\u017eaju udobnost i toplinu u hladnim danima. Izaberite svoje sada!","breadcrumb":{"@id":"https:\/\/clair.si\/hr\/izdelek\/djecje-zimske-jahace-tajice-equitheme-dolomyt\/#breadcrumb"},"inLanguage":"hr","potentialAction":[{"@type":"ReadAction","target":["https:\/\/clair.si\/hr\/izdelek\/djecje-zimske-jahace-tajice-equitheme-dolomyt\/"]}]},{"@type":"ImageObject","inLanguage":"hr","@id":"https:\/\/clair.si\/hr\/izdelek\/djecje-zimske-jahace-tajice-equitheme-dolomyt\/#primaryimage","url":"https:\/\/clair.si\/wp-content\/uploads\/2022\/11\/equitheme-dolomyt-pull-on-full-silicone-otroske-jahalne-zimske-termo-pajkice-crna.webp","contentUrl":"https:\/\/clair.si\/wp-content\/uploads\/2022\/11\/equitheme-dolomyt-pull-on-full-silicone-otroske-jahalne-zimske-termo-pajkice-crna.webp","width":800,"height":800,"caption":"Otro\u0161ke jahalne pajkice Dolomyt. zimske, termo."},{"@type":"BreadcrumbList","@id":"https:\/\/clair.si\/hr\/izdelek\/djecje-zimske-jahace-tajice-equitheme-dolomyt\/#breadcrumb","itemListElement":[{"@type":"ListItem","position":1,"name":"Home","item":"https:\/\/clair.si\/hr\/"},{"@type":"ListItem","position":2,"name":"Trgovina","item":"https:\/\/clair.si\/trgovina\/"},{"@type":"ListItem","position":3,"name":"Dje\u010dje zimske jaha\u0107e tajice EquiTheme Dolomyt"}]},{"@type":"WebSite","@id":"https:\/\/clair.si\/#website","url":"https:\/\/clair.si\/","name":"Clair","description":"Trgovina s konjeni\u0161ko opremo","publisher":{"@id":"https:\/\/clair.si\/#organization"},"potentialAction":[{"@type":"SearchAction","target":{"@type":"EntryPoint","urlTemplate":"https:\/\/clair.si\/?s={search_term_string}"},"query-input":{"@type":"PropertyValueSpecification","valueRequired":true,"valueName":"search_term_string"}}],"inLanguage":"hr"},{"@type":"Organization","@id":"https:\/\/clair.si\/#organization","name":"Clair","url":"https:\/\/clair.si\/","logo":{"@type":"ImageObject","inLanguage":"hr","@id":"https:\/\/clair.si\/#\/schema\/logo\/image\/","url":"https:\/\/clair.si\/wp-content\/uploads\/2022\/11\/clair_logo_2022.jpg","contentUrl":"https:\/\/clair.si\/wp-content\/uploads\/2022\/11\/clair_logo_2022.jpg","width":1920,"height":1920,"caption":"Clair"},"image":{"@id":"https:\/\/clair.si\/#\/schema\/logo\/image\/"},"sameAs":["https:\/\/www.facebook.com\/TrgovinaClair\/"]}]}},"_links":{"self":[{"href":"https:\/\/clair.si\/hr\/wp-json\/wp\/v2\/product\/100363","targetHints":{"allow":["GET"]}}],"collection":[{"href":"https:\/\/clair.si\/hr\/wp-json\/wp\/v2\/product"}],"about":[{"href":"https:\/\/clair.si\/hr\/wp-json\/wp\/v2\/types\/product"}],"version-history":[{"count":1,"href":"https:\/\/clair.si\/hr\/wp-json\/wp\/v2\/product\/100363\/revisions"}],"predecessor-version":[{"id":114253,"href":"https:\/\/clair.si\/hr\/wp-json\/wp\/v2\/product\/100363\/revisions\/114253"}],"wp:featuredmedia":[{"embeddable":true,"href":"https:\/\/clair.si\/hr\/wp-json\/wp\/v2\/media\/100366"}],"wp:attachment":[{"href":"https:\/\/clair.si\/hr\/wp-json\/wp\/v2\/media?parent=100363"}],"wp:term":[{"taxonomy":"product_brand","embeddable":true,"href":"https:\/\/clair.si\/hr\/wp-json\/wp\/v2\/product_brand?post=100363"},{"taxonomy":"product_cat","embeddable":true,"href":"https:\/\/clair.si\/hr\/wp-json\/wp\/v2\/product_cat?post=100363"},{"taxonomy":"product_tag","embeddable":true,"href":"https:\/\/clair.si\/hr\/wp-json\/wp\/v2\/product_tag?post=100363"}],"curies":[{"name":"wp","href":"https:\/\/api.w.org\/{rel}","templated":true}]}}