{"id":100849,"date":"2022-10-27T14:15:36","date_gmt":"2022-10-27T12:15:36","guid":{"rendered":"https:\/\/clair.si\/izdelek\/cizme-za-jahanje-kavalkade-maximus\/"},"modified":"2025-10-29T15:57:59","modified_gmt":"2025-10-29T14:57:59","slug":"cizme-za-jahanje-kavalkade-maximus","status":"publish","type":"product","link":"https:\/\/clair.si\/hr\/izdelek\/cizme-za-jahanje-kavalkade-maximus\/","title":{"rendered":"\u010cizme za jahanje Kavalkade Maximus"},"content":{"rendered":"<p><strong>\u010cizme za jahanje Kavalkade Maximus od meke ko\u017ee.<\/strong><\/p>\n<p>\u010cizme za jahanje Maximus su <strong>sportske<\/strong>, <strong>elegantne<\/strong> i <strong>iznimno udobne<\/strong>. Izra\u0111ene su od posebno meke i prirodno \u0161tavljene gove\u0111e ko\u017ee za maksimalnu udobnost. <\/p>\n<p>\u010cizma ima elasti\u010dne vezice sprijeda i zakrivljeni patentni zatvara\u010d sa strane koji se\u017ee do vrha. Elasti\u010dni umetak osigurava posebno dobro i udobno prianjanje. Ulo\u017eak s membranom je prozra\u010dan i osigurava idealnu raspodjelu pritiska te osigurava optimalnu raspodjelu pritiska.<br \/>\n<strong>Prozra\u010dnost i udobnost su zajam\u010deni!<\/strong><br \/>\nRobusni protuklizni gumeni potplat \u010dizme je vrlo fleksibilan i omogu\u0107uje anatomsko prianjanje te je tako ugodan za zglobove.<\/p>\n<ul>\n<li>Iz posebno meke, \u0161tavljene ko\u017ee<\/li>\n<li>Posebno oblikovan stra\u017enji dio \u010dizme za dodatnu udobnost<\/li>\n<li>S elasti\u010dnim vezicama i bo\u010dnim patentnim zatvara\u010dem do vrha<\/li>\n<li>Visokokvalitetan ulo\u017eak za optimalnu raspodjelu pritiska i prozra\u010dnost<\/li>\n<li>Robusni protuklizni gumeni potplat<\/li>\n<\/ul>\n<p>Materijal: ko\u017ea, gumeni potplat.<br \/>\nBoja: crna<\/p>\n<p>Upute za njegu:<\/p>\n<p>Grubu prljav\u0161tinu mo\u017eete ukloniti vla\u017enom spu\u017evom. Redovito \u010distite patentne zatvara\u010de malom \u010detkom i po potrebi ih nama\u017eite uljem. Su\u0161ite u prozra\u010dnom prostoru do 24 sata, ovisno o vla\u017enosti. Ko\u017eu ne su\u0161ite u blizini grija\u010da, pe\u0107i ili na jakom suncu, ina\u010de \u0107e postati krhka. Na o\u010di\u0161\u0107ene proizvode nanesite sredstvo za njegu ko\u017ee. Za za\u0161titu od vanjske vlage potplat mo\u017eete poprskati vodootpornim sprejem.     <\/p>\n","protected":false},"excerpt":{"rendered":"<p><img loading=\"lazy\" decoding=\"async\" class=\"alignnone size-full wp-image-17428\" src=\"https:\/\/clair.si\/wp-content\/uploads\/2022\/10\/comfort.webp\" alt=\"\" width=\"100\" height=\"100\"><\/p>\n","protected":false},"featured_media":100865,"template":"","meta":{"footnotes":""},"product_brand":[],"product_cat":[5656,5654,5670,5655],"product_tag":[],"class_list":{"0":"post-100849","1":"product","2":"type-product","3":"status-publish","4":"has-post-thumbnail","6":"product_cat-cizme-za-jahanje","7":"product_cat-jahac-hr","8":"product_cat-natjecanja","9":"product_cat-obuca","11":"first","12":"onbackorder","13":"shipping-taxable","14":"purchasable","15":"product-type-variable"},"yoast_head":"<!-- This site is optimized with the Yoast SEO plugin v27.3 - https:\/\/yoast.com\/product\/yoast-seo-wordpress\/ -->\n<title>\u010cizme za jahanje Kavalkade Maximus - Clair<\/title>\n<meta name=\"description\" content=\"\u010cizme za jahanje Maximus su sportske, elegantne i iznimno udobne. Izra\u0111ene su od posebno meke ko\u017ee za maksimalnu udobnost. Prozra\u010dnost i udobnost su zajam\u010deni! Provjerite.\" \/>\n<meta name=\"robots\" content=\"index, follow, max-snippet:-1, max-image-preview:large, max-video-preview:-1\" \/>\n<link rel=\"canonical\" href=\"https:\/\/clair.si\/hr\/izdelek\/cizme-za-jahanje-kavalkade-maximus\/\" \/>\n<meta property=\"og:locale\" content=\"hr_HR\" \/>\n<meta property=\"og:type\" content=\"article\" \/>\n<meta property=\"og:title\" content=\"\u010cizme za jahanje Kavalkade Maximus - Clair\" \/>\n<meta property=\"og:description\" content=\"\u010cizme za jahanje Maximus su sportske, elegantne i iznimno udobne. Izra\u0111ene su od posebno meke ko\u017ee za maksimalnu udobnost. Prozra\u010dnost i udobnost su zajam\u010deni! Provjerite.\" \/>\n<meta property=\"og:url\" content=\"https:\/\/clair.si\/hr\/izdelek\/cizme-za-jahanje-kavalkade-maximus\/\" \/>\n<meta property=\"og:site_name\" content=\"Clair\" \/>\n<meta property=\"article:publisher\" content=\"https:\/\/www.facebook.com\/TrgovinaClair\/\" \/>\n<meta property=\"article:modified_time\" content=\"2025-10-29T14:57:59+00:00\" \/>\n<meta property=\"og:image\" content=\"https:\/\/clair.si\/wp-content\/uploads\/2022\/10\/59001_05-kavalkade-jahalni-skornji-maximus.jpg\" \/>\n\t<meta property=\"og:image:width\" content=\"725\" \/>\n\t<meta property=\"og:image:height\" content=\"725\" \/>\n\t<meta property=\"og:image:type\" content=\"image\/jpeg\" \/>\n<meta name=\"twitter:card\" content=\"summary_large_image\" \/>\n<meta name=\"twitter:label1\" content=\"Procijenjeno vrijeme \u010ditanja\" \/>\n\t<meta name=\"twitter:data1\" content=\"1 minuta\" \/>\n<script type=\"application\/ld+json\" class=\"yoast-schema-graph\">{\"@context\":\"https:\\\/\\\/schema.org\",\"@graph\":[{\"@type\":\"WebPage\",\"@id\":\"https:\\\/\\\/clair.si\\\/hr\\\/izdelek\\\/cizme-za-jahanje-kavalkade-maximus\\\/\",\"url\":\"https:\\\/\\\/clair.si\\\/hr\\\/izdelek\\\/cizme-za-jahanje-kavalkade-maximus\\\/\",\"name\":\"\u010cizme za jahanje Kavalkade Maximus - Clair\",\"isPartOf\":{\"@id\":\"https:\\\/\\\/clair.si\\\/#website\"},\"primaryImageOfPage\":{\"@id\":\"https:\\\/\\\/clair.si\\\/hr\\\/izdelek\\\/cizme-za-jahanje-kavalkade-maximus\\\/#primaryimage\"},\"image\":{\"@id\":\"https:\\\/\\\/clair.si\\\/hr\\\/izdelek\\\/cizme-za-jahanje-kavalkade-maximus\\\/#primaryimage\"},\"thumbnailUrl\":\"https:\\\/\\\/clair.si\\\/wp-content\\\/uploads\\\/2022\\\/10\\\/59001_05-kavalkade-jahalni-skornji-maximus.webp\",\"datePublished\":\"2022-10-27T12:15:36+00:00\",\"dateModified\":\"2025-10-29T14:57:59+00:00\",\"description\":\"\u010cizme za jahanje Maximus su sportske, elegantne i iznimno udobne. Izra\u0111ene su od posebno meke ko\u017ee za maksimalnu udobnost. Prozra\u010dnost i udobnost su zajam\u010deni! Provjerite.\",\"breadcrumb\":{\"@id\":\"https:\\\/\\\/clair.si\\\/hr\\\/izdelek\\\/cizme-za-jahanje-kavalkade-maximus\\\/#breadcrumb\"},\"inLanguage\":\"hr\",\"potentialAction\":[{\"@type\":\"ReadAction\",\"target\":[\"https:\\\/\\\/clair.si\\\/hr\\\/izdelek\\\/cizme-za-jahanje-kavalkade-maximus\\\/\"]}]},{\"@type\":\"ImageObject\",\"inLanguage\":\"hr\",\"@id\":\"https:\\\/\\\/clair.si\\\/hr\\\/izdelek\\\/cizme-za-jahanje-kavalkade-maximus\\\/#primaryimage\",\"url\":\"https:\\\/\\\/clair.si\\\/wp-content\\\/uploads\\\/2022\\\/10\\\/59001_05-kavalkade-jahalni-skornji-maximus.webp\",\"contentUrl\":\"https:\\\/\\\/clair.si\\\/wp-content\\\/uploads\\\/2022\\\/10\\\/59001_05-kavalkade-jahalni-skornji-maximus.webp\",\"width\":725,\"height\":725,\"caption\":\"59001_05-kavalkade-jahalni-skornji-maximus\"},{\"@type\":\"BreadcrumbList\",\"@id\":\"https:\\\/\\\/clair.si\\\/hr\\\/izdelek\\\/cizme-za-jahanje-kavalkade-maximus\\\/#breadcrumb\",\"itemListElement\":[{\"@type\":\"ListItem\",\"position\":1,\"name\":\"Home\",\"item\":\"https:\\\/\\\/clair.si\\\/hr\\\/\"},{\"@type\":\"ListItem\",\"position\":2,\"name\":\"Trgovina\",\"item\":\"https:\\\/\\\/clair.si\\\/trgovina\\\/\"},{\"@type\":\"ListItem\",\"position\":3,\"name\":\"\u010cizme za jahanje Kavalkade Maximus\"}]},{\"@type\":\"WebSite\",\"@id\":\"https:\\\/\\\/clair.si\\\/#website\",\"url\":\"https:\\\/\\\/clair.si\\\/\",\"name\":\"Clair\",\"description\":\"Trgovina s konjeni\u0161ko opremo\",\"publisher\":{\"@id\":\"https:\\\/\\\/clair.si\\\/#organization\"},\"potentialAction\":[{\"@type\":\"SearchAction\",\"target\":{\"@type\":\"EntryPoint\",\"urlTemplate\":\"https:\\\/\\\/clair.si\\\/?s={search_term_string}\"},\"query-input\":{\"@type\":\"PropertyValueSpecification\",\"valueRequired\":true,\"valueName\":\"search_term_string\"}}],\"inLanguage\":\"hr\"},{\"@type\":\"Organization\",\"@id\":\"https:\\\/\\\/clair.si\\\/#organization\",\"name\":\"Clair\",\"url\":\"https:\\\/\\\/clair.si\\\/\",\"logo\":{\"@type\":\"ImageObject\",\"inLanguage\":\"hr\",\"@id\":\"https:\\\/\\\/clair.si\\\/#\\\/schema\\\/logo\\\/image\\\/\",\"url\":\"https:\\\/\\\/clair.si\\\/wp-content\\\/uploads\\\/2022\\\/11\\\/clair_logo_2022.jpg\",\"contentUrl\":\"https:\\\/\\\/clair.si\\\/wp-content\\\/uploads\\\/2022\\\/11\\\/clair_logo_2022.jpg\",\"width\":1920,\"height\":1920,\"caption\":\"Clair\"},\"image\":{\"@id\":\"https:\\\/\\\/clair.si\\\/#\\\/schema\\\/logo\\\/image\\\/\"},\"sameAs\":[\"https:\\\/\\\/www.facebook.com\\\/TrgovinaClair\\\/\"]}]}<\/script>\n<!-- \/ Yoast SEO plugin. -->","yoast_head_json":{"title":"\u010cizme za jahanje Kavalkade Maximus - Clair","description":"\u010cizme za jahanje Maximus su sportske, elegantne i iznimno udobne. Izra\u0111ene su od posebno meke ko\u017ee za maksimalnu udobnost. Prozra\u010dnost i udobnost su zajam\u010deni! Provjerite.","robots":{"index":"index","follow":"follow","max-snippet":"max-snippet:-1","max-image-preview":"max-image-preview:large","max-video-preview":"max-video-preview:-1"},"canonical":"https:\/\/clair.si\/hr\/izdelek\/cizme-za-jahanje-kavalkade-maximus\/","og_locale":"hr_HR","og_type":"article","og_title":"\u010cizme za jahanje Kavalkade Maximus - Clair","og_description":"\u010cizme za jahanje Maximus su sportske, elegantne i iznimno udobne. Izra\u0111ene su od posebno meke ko\u017ee za maksimalnu udobnost. Prozra\u010dnost i udobnost su zajam\u010deni! Provjerite.","og_url":"https:\/\/clair.si\/hr\/izdelek\/cizme-za-jahanje-kavalkade-maximus\/","og_site_name":"Clair","article_publisher":"https:\/\/www.facebook.com\/TrgovinaClair\/","article_modified_time":"2025-10-29T14:57:59+00:00","og_image":[{"width":725,"height":725,"url":"https:\/\/clair.si\/wp-content\/uploads\/2022\/10\/59001_05-kavalkade-jahalni-skornji-maximus.jpg","type":"image\/jpeg"}],"twitter_card":"summary_large_image","twitter_misc":{"Procijenjeno vrijeme \u010ditanja":"1 minuta"},"schema":{"@context":"https:\/\/schema.org","@graph":[{"@type":"WebPage","@id":"https:\/\/clair.si\/hr\/izdelek\/cizme-za-jahanje-kavalkade-maximus\/","url":"https:\/\/clair.si\/hr\/izdelek\/cizme-za-jahanje-kavalkade-maximus\/","name":"\u010cizme za jahanje Kavalkade Maximus - Clair","isPartOf":{"@id":"https:\/\/clair.si\/#website"},"primaryImageOfPage":{"@id":"https:\/\/clair.si\/hr\/izdelek\/cizme-za-jahanje-kavalkade-maximus\/#primaryimage"},"image":{"@id":"https:\/\/clair.si\/hr\/izdelek\/cizme-za-jahanje-kavalkade-maximus\/#primaryimage"},"thumbnailUrl":"https:\/\/clair.si\/wp-content\/uploads\/2022\/10\/59001_05-kavalkade-jahalni-skornji-maximus.webp","datePublished":"2022-10-27T12:15:36+00:00","dateModified":"2025-10-29T14:57:59+00:00","description":"\u010cizme za jahanje Maximus su sportske, elegantne i iznimno udobne. Izra\u0111ene su od posebno meke ko\u017ee za maksimalnu udobnost. Prozra\u010dnost i udobnost su zajam\u010deni! Provjerite.","breadcrumb":{"@id":"https:\/\/clair.si\/hr\/izdelek\/cizme-za-jahanje-kavalkade-maximus\/#breadcrumb"},"inLanguage":"hr","potentialAction":[{"@type":"ReadAction","target":["https:\/\/clair.si\/hr\/izdelek\/cizme-za-jahanje-kavalkade-maximus\/"]}]},{"@type":"ImageObject","inLanguage":"hr","@id":"https:\/\/clair.si\/hr\/izdelek\/cizme-za-jahanje-kavalkade-maximus\/#primaryimage","url":"https:\/\/clair.si\/wp-content\/uploads\/2022\/10\/59001_05-kavalkade-jahalni-skornji-maximus.webp","contentUrl":"https:\/\/clair.si\/wp-content\/uploads\/2022\/10\/59001_05-kavalkade-jahalni-skornji-maximus.webp","width":725,"height":725,"caption":"59001_05-kavalkade-jahalni-skornji-maximus"},{"@type":"BreadcrumbList","@id":"https:\/\/clair.si\/hr\/izdelek\/cizme-za-jahanje-kavalkade-maximus\/#breadcrumb","itemListElement":[{"@type":"ListItem","position":1,"name":"Home","item":"https:\/\/clair.si\/hr\/"},{"@type":"ListItem","position":2,"name":"Trgovina","item":"https:\/\/clair.si\/trgovina\/"},{"@type":"ListItem","position":3,"name":"\u010cizme za jahanje Kavalkade Maximus"}]},{"@type":"WebSite","@id":"https:\/\/clair.si\/#website","url":"https:\/\/clair.si\/","name":"Clair","description":"Trgovina s konjeni\u0161ko opremo","publisher":{"@id":"https:\/\/clair.si\/#organization"},"potentialAction":[{"@type":"SearchAction","target":{"@type":"EntryPoint","urlTemplate":"https:\/\/clair.si\/?s={search_term_string}"},"query-input":{"@type":"PropertyValueSpecification","valueRequired":true,"valueName":"search_term_string"}}],"inLanguage":"hr"},{"@type":"Organization","@id":"https:\/\/clair.si\/#organization","name":"Clair","url":"https:\/\/clair.si\/","logo":{"@type":"ImageObject","inLanguage":"hr","@id":"https:\/\/clair.si\/#\/schema\/logo\/image\/","url":"https:\/\/clair.si\/wp-content\/uploads\/2022\/11\/clair_logo_2022.jpg","contentUrl":"https:\/\/clair.si\/wp-content\/uploads\/2022\/11\/clair_logo_2022.jpg","width":1920,"height":1920,"caption":"Clair"},"image":{"@id":"https:\/\/clair.si\/#\/schema\/logo\/image\/"},"sameAs":["https:\/\/www.facebook.com\/TrgovinaClair\/"]}]}},"_links":{"self":[{"href":"https:\/\/clair.si\/hr\/wp-json\/wp\/v2\/product\/100849","targetHints":{"allow":["GET"]}}],"collection":[{"href":"https:\/\/clair.si\/hr\/wp-json\/wp\/v2\/product"}],"about":[{"href":"https:\/\/clair.si\/hr\/wp-json\/wp\/v2\/types\/product"}],"version-history":[{"count":0,"href":"https:\/\/clair.si\/hr\/wp-json\/wp\/v2\/product\/100849\/revisions"}],"wp:featuredmedia":[{"embeddable":true,"href":"https:\/\/clair.si\/hr\/wp-json\/wp\/v2\/media\/100865"}],"wp:attachment":[{"href":"https:\/\/clair.si\/hr\/wp-json\/wp\/v2\/media?parent=100849"}],"wp:term":[{"taxonomy":"product_brand","embeddable":true,"href":"https:\/\/clair.si\/hr\/wp-json\/wp\/v2\/product_brand?post=100849"},{"taxonomy":"product_cat","embeddable":true,"href":"https:\/\/clair.si\/hr\/wp-json\/wp\/v2\/product_cat?post=100849"},{"taxonomy":"product_tag","embeddable":true,"href":"https:\/\/clair.si\/hr\/wp-json\/wp\/v2\/product_tag?post=100849"}],"curies":[{"name":"wp","href":"https:\/\/api.w.org\/{rel}","templated":true}]}}