{"id":101173,"date":"2022-10-20T14:13:30","date_gmt":"2022-10-20T12:13:30","guid":{"rendered":"https:\/\/clair.si\/izdelek\/unisex-zastitni-prsluk-komperdell-flexfit-regular\/"},"modified":"2025-09-29T18:59:17","modified_gmt":"2025-09-29T16:59:17","slug":"unisex-zastitni-prsluk-komperdell-flexfit-regular","status":"publish","type":"product","link":"https:\/\/clair.si\/hr\/izdelek\/unisex-zastitni-prsluk-komperdell-flexfit-regular\/","title":{"rendered":"Unisex za\u0161titni prsluk Komperdell Flexfit Regular"},"content":{"rendered":"<p><span class=\"HwtZe\" lang=\"sl\"><span class=\"jCAhz\"><span class=\"ryNqvb\"><strong>Unisex za\u0161titni prsluk Komperdell Flexfit Regular <\/strong>s integriranim sustavom &#8221;Ballistic Styles&#8221; za automatsko prilago\u0111avanje opsega, koji se ve\u0107 pouzdano koristi kod sigurnosnih prsluka 3. stupnja, nudi gotovo potpunu <strong>360\u00b0 za\u0161titu<\/strong>.  <\/span><\/span><\/span><\/p>\n<p><span class=\"HwtZe\" lang=\"sl\"><span class=\"jCAhz\"><span class=\"ryNqvb\">Termofit ulo\u0161ci od pjene dvostruke gusto\u0107e omek\u0161avaju u dodiru s va\u0161im tijelom i prilago\u0111avaju se tjelesnoj temperaturi. Pjena dvostruke gusto\u0107e se tako prilago\u0111ava oblinama tijela. <\/span><\/span><\/span><\/p>\n<p><span class=\"HwtZe\" lang=\"sl\"><span class=\"jCAhz\"><span class=\"ryNqvb\"> Sa svojom optimalnom perforacijom, <strong>Unisex za\u0161titni prsluk Komperdell Flexfit Regular<\/strong> iznimno je prozra\u010dan. Vanjska strana za\u0161titnog prsluka izra\u0111ena je od vrlo laganog, elasti\u010dnog i prozra\u010dnog tekstila. Zato se mekana i fleksibilna za\u0161tita osjeti odmah nakon \u0161to se obu\u010de.   <\/span><\/span><\/span><\/p>\n<p><span class=\"HwtZe\" lang=\"sl\"><span class=\"jCAhz\"><span class=\"ryNqvb\">Iako je debeo 25 mm, mo\u017eete ga nositi ispod jakne. <\/span><\/span><\/span><span class=\"HwtZe\" lang=\"sl\"><span class=\"jCAhz\"><span class=\"ryNqvb\"> <\/span><\/span><\/span><\/p>\n<p><span class=\"HwtZe\" lang=\"sl\"><span class=\"jCAhz\"><span class=\"ryNqvb\">Zahvaljuju\u0107i posebnoj tehnici laminiranja i inteligentnim pregibnim zonama, \u0161irina prsluka se automatski prilago\u0111ava opsegu tijela. <\/span><\/span><\/span><\/p>\n<p><span class=\"HwtZe\" lang=\"sl\"><span class=\"jCAhz\"><span class=\"ryNqvb\">Ru\u010dno pranje, su\u0161enje na vje\u0161alici dalje od sun\u010deve svjetlosti, ne u su\u0161ilici. <\/span><\/span><\/span><\/p>\n<p><span class=\"HwtZe\" lang=\"sl\"><span class=\"jCAhz\"><span class=\"ryNqvb\"><strong>Vi\u0161eslojni \u0161titnik za le\u0111a Cross 6.0, izra\u0111en od prilagodljive pjene dvostruke gusto\u0107e, odobren prema EN 1621-2 \u2013 stupanj 2 <\/strong>&#8211; Za\u0161titna odje\u0107a za motocikliste od mehani\u010dkih udara \u2013 2. dio: \u0161titnici za le\u0111a za motocikliste \u2013 Zahtjevi i metode ispitivanja. <\/span><\/span><\/span><\/p>\n<p><strong><span class=\"HwtZe\" lang=\"sl\"><span class=\"jCAhz\"><span class=\"ryNqvb\">\u010cinjenica da je namijenjen motociklizmu ne zna\u010di da se ne mo\u017ee koristiti u konji\u010dkom sportu, ali ne mo\u017ee zamijeniti \u0161titnik za tijelo testiran i odobren prema standardu EN 13158:2018, koji je namijenjen konji\u010dkom sportu.<\/span><\/span><\/span><\/strong><\/p>\n","protected":false},"excerpt":{"rendered":"<p><img loading=\"lazy\" decoding=\"async\" class=\"alignnone size-full wp-image-28462\" src=\"https:\/\/clair.si\/wp-content\/uploads\/2022\/07\/lowimpact.webp\" alt=\"\" width=\"150\" height=\"150\"><\/p>\n","protected":false},"featured_media":101208,"template":"","meta":{"footnotes":""},"product_brand":[],"product_cat":[5654,5657,5670,5658,5766,5844,6356],"product_tag":[],"class_list":{"0":"post-101173","1":"product","2":"type-product","3":"status-publish","4":"has-post-thumbnail","6":"product_cat-jahac-hr","7":"product_cat-kategorije-hr","8":"product_cat-natjecanja","9":"product_cat-pocetci-jahanja","10":"product_cat-zastitna-oprema","11":"product_cat-zastitni-prsluci","12":"product_cat-zastitni-prsluci-hr","14":"first","15":"instock","16":"sale","17":"shipping-taxable","18":"purchasable","19":"product-type-variable"},"yoast_head":"<!-- This site is optimized with the Yoast SEO plugin v27.4 - https:\/\/yoast.com\/product\/yoast-seo-wordpress\/ -->\n<title>Unisex za\u0161titni prsluk Komperdell Flexfit Regular - Clair<\/title>\n<meta name=\"description\" content=\"Unisex za\u0161titni prsluk Komperdell Flexfit Regular s integriranim sustavom &#039;&#039;Ballistic Styles&#039;&#039; za automatsko prilago\u0111avanje opsega.\" \/>\n<meta name=\"robots\" content=\"index, follow, max-snippet:-1, max-image-preview:large, max-video-preview:-1\" \/>\n<link rel=\"canonical\" href=\"https:\/\/clair.si\/hr\/izdelek\/unisex-zastitni-prsluk-komperdell-flexfit-regular\/\" \/>\n<meta property=\"og:locale\" content=\"hr_HR\" \/>\n<meta property=\"og:type\" content=\"article\" \/>\n<meta property=\"og:title\" content=\"Unisex za\u0161titni prsluk Komperdell Flexfit Regular - Clair\" \/>\n<meta property=\"og:description\" content=\"Unisex za\u0161titni prsluk Komperdell Flexfit Regular s integriranim sustavom &#039;&#039;Ballistic Styles&#039;&#039; za automatsko prilago\u0111avanje opsega.\" \/>\n<meta property=\"og:url\" content=\"https:\/\/clair.si\/hr\/izdelek\/unisex-zastitni-prsluk-komperdell-flexfit-regular\/\" \/>\n<meta property=\"og:site_name\" content=\"Clair\" \/>\n<meta property=\"article:publisher\" content=\"https:\/\/www.facebook.com\/TrgovinaClair\/\" \/>\n<meta property=\"article:modified_time\" content=\"2025-09-29T16:59:17+00:00\" \/>\n<meta property=\"og:image\" content=\"https:\/\/clair.si\/wp-content\/uploads\/2022\/10\/komperdell-flexfit-regular-back-protector-zascitni-jahalni-jopic-unisex-crna.jpg\" \/>\n\t<meta property=\"og:image:width\" content=\"800\" \/>\n\t<meta property=\"og:image:height\" content=\"800\" \/>\n\t<meta property=\"og:image:type\" content=\"image\/jpeg\" \/>\n<meta name=\"twitter:card\" content=\"summary_large_image\" \/>\n<meta name=\"twitter:label1\" content=\"Procijenjeno vrijeme \u010ditanja\" \/>\n\t<meta name=\"twitter:data1\" content=\"2 minute\" \/>\n<script type=\"application\/ld+json\" class=\"yoast-schema-graph\">{\"@context\":\"https:\\\/\\\/schema.org\",\"@graph\":[{\"@type\":\"WebPage\",\"@id\":\"https:\\\/\\\/clair.si\\\/hr\\\/izdelek\\\/unisex-zastitni-prsluk-komperdell-flexfit-regular\\\/\",\"url\":\"https:\\\/\\\/clair.si\\\/hr\\\/izdelek\\\/unisex-zastitni-prsluk-komperdell-flexfit-regular\\\/\",\"name\":\"Unisex za\u0161titni prsluk Komperdell Flexfit Regular - Clair\",\"isPartOf\":{\"@id\":\"https:\\\/\\\/clair.si\\\/#website\"},\"primaryImageOfPage\":{\"@id\":\"https:\\\/\\\/clair.si\\\/hr\\\/izdelek\\\/unisex-zastitni-prsluk-komperdell-flexfit-regular\\\/#primaryimage\"},\"image\":{\"@id\":\"https:\\\/\\\/clair.si\\\/hr\\\/izdelek\\\/unisex-zastitni-prsluk-komperdell-flexfit-regular\\\/#primaryimage\"},\"thumbnailUrl\":\"https:\\\/\\\/clair.si\\\/wp-content\\\/uploads\\\/2022\\\/10\\\/komperdell-flexfit-regular-back-protector-zascitni-jahalni-jopic-unisex-crna.webp\",\"datePublished\":\"2022-10-20T12:13:30+00:00\",\"dateModified\":\"2025-09-29T16:59:17+00:00\",\"description\":\"Unisex za\u0161titni prsluk Komperdell Flexfit Regular s integriranim sustavom ''Ballistic Styles'' za automatsko prilago\u0111avanje opsega.\",\"breadcrumb\":{\"@id\":\"https:\\\/\\\/clair.si\\\/hr\\\/izdelek\\\/unisex-zastitni-prsluk-komperdell-flexfit-regular\\\/#breadcrumb\"},\"inLanguage\":\"hr\",\"potentialAction\":[{\"@type\":\"ReadAction\",\"target\":[\"https:\\\/\\\/clair.si\\\/hr\\\/izdelek\\\/unisex-zastitni-prsluk-komperdell-flexfit-regular\\\/\"]}]},{\"@type\":\"ImageObject\",\"inLanguage\":\"hr\",\"@id\":\"https:\\\/\\\/clair.si\\\/hr\\\/izdelek\\\/unisex-zastitni-prsluk-komperdell-flexfit-regular\\\/#primaryimage\",\"url\":\"https:\\\/\\\/clair.si\\\/wp-content\\\/uploads\\\/2022\\\/10\\\/komperdell-flexfit-regular-back-protector-zascitni-jahalni-jopic-unisex-crna.webp\",\"contentUrl\":\"https:\\\/\\\/clair.si\\\/wp-content\\\/uploads\\\/2022\\\/10\\\/komperdell-flexfit-regular-back-protector-zascitni-jahalni-jopic-unisex-crna.webp\",\"width\":800,\"height\":800,\"caption\":\"Za\u0161\u010ditni jahalni jopi\u010d Komperdell Regular.\"},{\"@type\":\"BreadcrumbList\",\"@id\":\"https:\\\/\\\/clair.si\\\/hr\\\/izdelek\\\/unisex-zastitni-prsluk-komperdell-flexfit-regular\\\/#breadcrumb\",\"itemListElement\":[{\"@type\":\"ListItem\",\"position\":1,\"name\":\"Home\",\"item\":\"https:\\\/\\\/clair.si\\\/hr\\\/\"},{\"@type\":\"ListItem\",\"position\":2,\"name\":\"Trgovina\",\"item\":\"https:\\\/\\\/clair.si\\\/trgovina\\\/\"},{\"@type\":\"ListItem\",\"position\":3,\"name\":\"Unisex za\u0161titni prsluk Komperdell Flexfit Regular\"}]},{\"@type\":\"WebSite\",\"@id\":\"https:\\\/\\\/clair.si\\\/#website\",\"url\":\"https:\\\/\\\/clair.si\\\/\",\"name\":\"Clair\",\"description\":\"Trgovina s konjeni\u0161ko opremo\",\"publisher\":{\"@id\":\"https:\\\/\\\/clair.si\\\/#organization\"},\"potentialAction\":[{\"@type\":\"SearchAction\",\"target\":{\"@type\":\"EntryPoint\",\"urlTemplate\":\"https:\\\/\\\/clair.si\\\/?s={search_term_string}\"},\"query-input\":{\"@type\":\"PropertyValueSpecification\",\"valueRequired\":true,\"valueName\":\"search_term_string\"}}],\"inLanguage\":\"hr\"},{\"@type\":\"Organization\",\"@id\":\"https:\\\/\\\/clair.si\\\/#organization\",\"name\":\"Clair\",\"url\":\"https:\\\/\\\/clair.si\\\/\",\"logo\":{\"@type\":\"ImageObject\",\"inLanguage\":\"hr\",\"@id\":\"https:\\\/\\\/clair.si\\\/#\\\/schema\\\/logo\\\/image\\\/\",\"url\":\"https:\\\/\\\/clair.si\\\/wp-content\\\/uploads\\\/2022\\\/11\\\/clair_logo_2022.jpg\",\"contentUrl\":\"https:\\\/\\\/clair.si\\\/wp-content\\\/uploads\\\/2022\\\/11\\\/clair_logo_2022.jpg\",\"width\":1920,\"height\":1920,\"caption\":\"Clair\"},\"image\":{\"@id\":\"https:\\\/\\\/clair.si\\\/#\\\/schema\\\/logo\\\/image\\\/\"},\"sameAs\":[\"https:\\\/\\\/www.facebook.com\\\/TrgovinaClair\\\/\"]}]}<\/script>\n<!-- \/ Yoast SEO plugin. -->","yoast_head_json":{"title":"Unisex za\u0161titni prsluk Komperdell Flexfit Regular - Clair","description":"Unisex za\u0161titni prsluk Komperdell Flexfit Regular s integriranim sustavom ''Ballistic Styles'' za automatsko prilago\u0111avanje opsega.","robots":{"index":"index","follow":"follow","max-snippet":"max-snippet:-1","max-image-preview":"max-image-preview:large","max-video-preview":"max-video-preview:-1"},"canonical":"https:\/\/clair.si\/hr\/izdelek\/unisex-zastitni-prsluk-komperdell-flexfit-regular\/","og_locale":"hr_HR","og_type":"article","og_title":"Unisex za\u0161titni prsluk Komperdell Flexfit Regular - Clair","og_description":"Unisex za\u0161titni prsluk Komperdell Flexfit Regular s integriranim sustavom ''Ballistic Styles'' za automatsko prilago\u0111avanje opsega.","og_url":"https:\/\/clair.si\/hr\/izdelek\/unisex-zastitni-prsluk-komperdell-flexfit-regular\/","og_site_name":"Clair","article_publisher":"https:\/\/www.facebook.com\/TrgovinaClair\/","article_modified_time":"2025-09-29T16:59:17+00:00","og_image":[{"width":800,"height":800,"url":"https:\/\/clair.si\/wp-content\/uploads\/2022\/10\/komperdell-flexfit-regular-back-protector-zascitni-jahalni-jopic-unisex-crna.jpg","type":"image\/jpeg"}],"twitter_card":"summary_large_image","twitter_misc":{"Procijenjeno vrijeme \u010ditanja":"2 minute"},"schema":{"@context":"https:\/\/schema.org","@graph":[{"@type":"WebPage","@id":"https:\/\/clair.si\/hr\/izdelek\/unisex-zastitni-prsluk-komperdell-flexfit-regular\/","url":"https:\/\/clair.si\/hr\/izdelek\/unisex-zastitni-prsluk-komperdell-flexfit-regular\/","name":"Unisex za\u0161titni prsluk Komperdell Flexfit Regular - Clair","isPartOf":{"@id":"https:\/\/clair.si\/#website"},"primaryImageOfPage":{"@id":"https:\/\/clair.si\/hr\/izdelek\/unisex-zastitni-prsluk-komperdell-flexfit-regular\/#primaryimage"},"image":{"@id":"https:\/\/clair.si\/hr\/izdelek\/unisex-zastitni-prsluk-komperdell-flexfit-regular\/#primaryimage"},"thumbnailUrl":"https:\/\/clair.si\/wp-content\/uploads\/2022\/10\/komperdell-flexfit-regular-back-protector-zascitni-jahalni-jopic-unisex-crna.webp","datePublished":"2022-10-20T12:13:30+00:00","dateModified":"2025-09-29T16:59:17+00:00","description":"Unisex za\u0161titni prsluk Komperdell Flexfit Regular s integriranim sustavom ''Ballistic Styles'' za automatsko prilago\u0111avanje opsega.","breadcrumb":{"@id":"https:\/\/clair.si\/hr\/izdelek\/unisex-zastitni-prsluk-komperdell-flexfit-regular\/#breadcrumb"},"inLanguage":"hr","potentialAction":[{"@type":"ReadAction","target":["https:\/\/clair.si\/hr\/izdelek\/unisex-zastitni-prsluk-komperdell-flexfit-regular\/"]}]},{"@type":"ImageObject","inLanguage":"hr","@id":"https:\/\/clair.si\/hr\/izdelek\/unisex-zastitni-prsluk-komperdell-flexfit-regular\/#primaryimage","url":"https:\/\/clair.si\/wp-content\/uploads\/2022\/10\/komperdell-flexfit-regular-back-protector-zascitni-jahalni-jopic-unisex-crna.webp","contentUrl":"https:\/\/clair.si\/wp-content\/uploads\/2022\/10\/komperdell-flexfit-regular-back-protector-zascitni-jahalni-jopic-unisex-crna.webp","width":800,"height":800,"caption":"Za\u0161\u010ditni jahalni jopi\u010d Komperdell Regular."},{"@type":"BreadcrumbList","@id":"https:\/\/clair.si\/hr\/izdelek\/unisex-zastitni-prsluk-komperdell-flexfit-regular\/#breadcrumb","itemListElement":[{"@type":"ListItem","position":1,"name":"Home","item":"https:\/\/clair.si\/hr\/"},{"@type":"ListItem","position":2,"name":"Trgovina","item":"https:\/\/clair.si\/trgovina\/"},{"@type":"ListItem","position":3,"name":"Unisex za\u0161titni prsluk Komperdell Flexfit Regular"}]},{"@type":"WebSite","@id":"https:\/\/clair.si\/#website","url":"https:\/\/clair.si\/","name":"Clair","description":"Trgovina s konjeni\u0161ko opremo","publisher":{"@id":"https:\/\/clair.si\/#organization"},"potentialAction":[{"@type":"SearchAction","target":{"@type":"EntryPoint","urlTemplate":"https:\/\/clair.si\/?s={search_term_string}"},"query-input":{"@type":"PropertyValueSpecification","valueRequired":true,"valueName":"search_term_string"}}],"inLanguage":"hr"},{"@type":"Organization","@id":"https:\/\/clair.si\/#organization","name":"Clair","url":"https:\/\/clair.si\/","logo":{"@type":"ImageObject","inLanguage":"hr","@id":"https:\/\/clair.si\/#\/schema\/logo\/image\/","url":"https:\/\/clair.si\/wp-content\/uploads\/2022\/11\/clair_logo_2022.jpg","contentUrl":"https:\/\/clair.si\/wp-content\/uploads\/2022\/11\/clair_logo_2022.jpg","width":1920,"height":1920,"caption":"Clair"},"image":{"@id":"https:\/\/clair.si\/#\/schema\/logo\/image\/"},"sameAs":["https:\/\/www.facebook.com\/TrgovinaClair\/"]}]}},"_links":{"self":[{"href":"https:\/\/clair.si\/hr\/wp-json\/wp\/v2\/product\/101173","targetHints":{"allow":["GET"]}}],"collection":[{"href":"https:\/\/clair.si\/hr\/wp-json\/wp\/v2\/product"}],"about":[{"href":"https:\/\/clair.si\/hr\/wp-json\/wp\/v2\/types\/product"}],"version-history":[{"count":1,"href":"https:\/\/clair.si\/hr\/wp-json\/wp\/v2\/product\/101173\/revisions"}],"predecessor-version":[{"id":115314,"href":"https:\/\/clair.si\/hr\/wp-json\/wp\/v2\/product\/101173\/revisions\/115314"}],"wp:featuredmedia":[{"embeddable":true,"href":"https:\/\/clair.si\/hr\/wp-json\/wp\/v2\/media\/101208"}],"wp:attachment":[{"href":"https:\/\/clair.si\/hr\/wp-json\/wp\/v2\/media?parent=101173"}],"wp:term":[{"taxonomy":"product_brand","embeddable":true,"href":"https:\/\/clair.si\/hr\/wp-json\/wp\/v2\/product_brand?post=101173"},{"taxonomy":"product_cat","embeddable":true,"href":"https:\/\/clair.si\/hr\/wp-json\/wp\/v2\/product_cat?post=101173"},{"taxonomy":"product_tag","embeddable":true,"href":"https:\/\/clair.si\/hr\/wp-json\/wp\/v2\/product_tag?post=101173"}],"curies":[{"name":"wp","href":"https:\/\/api.w.org\/{rel}","templated":true}]}}