{"id":101237,"date":"2022-10-20T13:25:03","date_gmt":"2022-10-20T11:25:03","guid":{"rendered":"https:\/\/clair.si\/izdelek\/djecji-zastitni-jahaci-prsluk-komperdell-junior\/"},"modified":"2025-09-24T08:32:49","modified_gmt":"2025-09-24T06:32:49","slug":"djecji-zastitni-jahaci-prsluk-komperdell-junior","status":"publish","type":"product","link":"https:\/\/clair.si\/hr\/izdelek\/djecji-zastitni-jahaci-prsluk-komperdell-junior\/","title":{"rendered":"Dje\u010dji za\u0161titni jaha\u0107i prsluk Komperdell Junior"},"content":{"rendered":"<p><span class=\"HwtZe\" lang=\"sl\"><span class=\"jCAhz\"><span class=\"ryNqvb\"><strong>Dje\u010dji za\u0161titni jaha\u0107i prsluk Komperdell Junior<\/strong> za le\u0111a, odobren prema CE standardu, iznimno je lagan. Nudi 100% slobodu kretanja i dodatnu udobnost. Ova za\u0161tita osigurava dodatni u\u017eitak tijekom treninga, gdje za\u0161tita le\u0111a mo\u017ee sprije\u010diti ozbiljne ozljede (npr. jahanje, skijanje i biciklizam).    <\/span><\/span><\/span><\/p>\n<p><span class=\"HwtZe\" lang=\"sl\"><span class=\"jCAhz\"><span class=\"ryNqvb\"><strong>Termofit pjena dvostruke gusto\u0107e omek\u0161ava se tjelesnom temperaturom i prilago\u0111ava oblinama jaha\u010devog tijela.<\/strong> Zahvaljuju\u0107i optimalnoj perforaciji, za\u0161titni jaha\u0107i prsluk je <strong>iznimno prozra\u010dan<\/strong>. Vanjski dio jaha\u0107eg prsluka izra\u0111en je od vrlo laganog, elasti\u010dnog i prozra\u010dnog tekstila. Stoga se mekana i fleksibilna za\u0161tita osjeti odmah nakon \u0161to ga obu\u010dete. Iako je debeo 25 mm, mo\u017eete ga nositi ispod jakne. Zahvaljuju\u0107i posebnoj tehnici laminiranja i inteligentnim zonama savijanja, \u0161irina prsluka se automatski prilago\u0111ava.      <\/span><\/span><\/span><\/p>\n<p><span class=\"HwtZe\" lang=\"sl\"><span class=\"jCAhz\"><span class=\"ryNqvb\">Preporu\u010duje se ru\u010dno pranje, su\u0161enje na vje\u0161alici dalje od sun\u010deve svjetlosti i ne u su\u0161ilici. <\/span><\/span><\/span><\/p>\n<p><span class=\"HwtZe\" lang=\"sl\"><span class=\"jCAhz\"><span class=\"ryNqvb\">Dje\u010dji za\u0161titni jaha\u0107i prsluk Komperdell Junior smatra se vi\u0161eslojnim \u0161titnikom za le\u0111a Cross 6.0, izra\u0111enim od prilagodljive pjene dvostruke gusto\u0107e, EN-odobren 1621-2 \u2013 razina 2 &#8211; Za\u0161titna odje\u0107a za motocikliste od mehani\u010dkih udara \u2013 2. dio: \u0161titnici za le\u0111a za motocikliste \u2013 Zahtjevi i metode ispitivanja.  <\/span><\/span><\/span><\/p>\n<p><strong><span class=\"HwtZe\" lang=\"sl\"><span class=\"jCAhz\"><span class=\"ryNqvb\">\u010cinjenica da je namijenjen motociklizmu ne zna\u010di da se ne mo\u017ee koristiti u konji\u010dkom sportu, ali ne mo\u017ee zamijeniti \u0161titnik za tijelo testiran i odobren prema standardu EN 13158:2018, koji je namijenjen konji\u010dkom sportu.<\/span><\/span><\/span><\/strong><\/p>\n","protected":false},"excerpt":{"rendered":"<p><img loading=\"lazy\" decoding=\"async\" class=\"alignnone size-full wp-image-28462\" src=\"https:\/\/clair.si\/wp-content\/uploads\/2022\/07\/lowimpact.webp\" alt=\"\" width=\"150\" height=\"150\"><\/p>\n","protected":false},"featured_media":101247,"template":"","meta":{"footnotes":""},"product_brand":[],"product_cat":[5654,5657,5658,5766,5844,6356],"product_tag":[],"class_list":{"0":"post-101237","1":"product","2":"type-product","3":"status-publish","4":"has-post-thumbnail","6":"product_cat-jahac-hr","7":"product_cat-kategorije-hr","8":"product_cat-pocetci-jahanja","9":"product_cat-zastitna-oprema","10":"product_cat-zastitni-prsluci","11":"product_cat-zastitni-prsluci-hr","13":"first","14":"instock","15":"sale","16":"shipping-taxable","17":"purchasable","18":"product-type-variable"},"yoast_head":"<!-- This site is optimized with the Yoast SEO plugin v27.4 - https:\/\/yoast.com\/product\/yoast-seo-wordpress\/ -->\n<title>Dje\u010dji za\u0161titni jaha\u0107i prsluk Komperdell Junior - Clair<\/title>\n<meta name=\"description\" content=\"Dje\u010dji za\u0161titni jaha\u0107i prsluk Komperdell Junior za le\u0111a, odobren prema CE standardu, iznimno je lagan. Nudi 100% slobodu kretanja i dodatnu udobnost.\" \/>\n<meta name=\"robots\" content=\"index, follow, max-snippet:-1, max-image-preview:large, max-video-preview:-1\" \/>\n<link rel=\"canonical\" href=\"https:\/\/clair.si\/hr\/izdelek\/djecji-zastitni-jahaci-prsluk-komperdell-junior\/\" \/>\n<meta property=\"og:locale\" content=\"hr_HR\" \/>\n<meta property=\"og:type\" content=\"article\" \/>\n<meta property=\"og:title\" content=\"Dje\u010dji za\u0161titni jaha\u0107i prsluk Komperdell Junior - Clair\" \/>\n<meta property=\"og:description\" content=\"Dje\u010dji za\u0161titni jaha\u0107i prsluk Komperdell Junior za le\u0111a, odobren prema CE standardu, iznimno je lagan. Nudi 100% slobodu kretanja i dodatnu udobnost.\" \/>\n<meta property=\"og:url\" content=\"https:\/\/clair.si\/hr\/izdelek\/djecji-zastitni-jahaci-prsluk-komperdell-junior\/\" \/>\n<meta property=\"og:site_name\" content=\"Clair\" \/>\n<meta property=\"article:publisher\" content=\"https:\/\/www.facebook.com\/TrgovinaClair\/\" \/>\n<meta property=\"article:modified_time\" content=\"2025-09-24T06:32:49+00:00\" \/>\n<meta property=\"og:image\" content=\"https:\/\/clair.si\/wp-content\/uploads\/2022\/10\/komperdell-junior-back-protector-zascitni-jahalni-jopic-zelva.jpg\" \/>\n\t<meta property=\"og:image:width\" content=\"800\" \/>\n\t<meta property=\"og:image:height\" content=\"800\" \/>\n\t<meta property=\"og:image:type\" content=\"image\/jpeg\" \/>\n<meta name=\"twitter:card\" content=\"summary_large_image\" \/>\n<meta name=\"twitter:label1\" content=\"Procijenjeno vrijeme \u010ditanja\" \/>\n\t<meta name=\"twitter:data1\" content=\"1 minuta\" \/>\n<script type=\"application\/ld+json\" class=\"yoast-schema-graph\">{\"@context\":\"https:\\\/\\\/schema.org\",\"@graph\":[{\"@type\":\"WebPage\",\"@id\":\"https:\\\/\\\/clair.si\\\/hr\\\/izdelek\\\/djecji-zastitni-jahaci-prsluk-komperdell-junior\\\/\",\"url\":\"https:\\\/\\\/clair.si\\\/hr\\\/izdelek\\\/djecji-zastitni-jahaci-prsluk-komperdell-junior\\\/\",\"name\":\"Dje\u010dji za\u0161titni jaha\u0107i prsluk Komperdell Junior - Clair\",\"isPartOf\":{\"@id\":\"https:\\\/\\\/clair.si\\\/#website\"},\"primaryImageOfPage\":{\"@id\":\"https:\\\/\\\/clair.si\\\/hr\\\/izdelek\\\/djecji-zastitni-jahaci-prsluk-komperdell-junior\\\/#primaryimage\"},\"image\":{\"@id\":\"https:\\\/\\\/clair.si\\\/hr\\\/izdelek\\\/djecji-zastitni-jahaci-prsluk-komperdell-junior\\\/#primaryimage\"},\"thumbnailUrl\":\"https:\\\/\\\/clair.si\\\/wp-content\\\/uploads\\\/2022\\\/10\\\/komperdell-junior-back-protector-zascitni-jahalni-jopic-zelva.webp\",\"datePublished\":\"2022-10-20T11:25:03+00:00\",\"dateModified\":\"2025-09-24T06:32:49+00:00\",\"description\":\"Dje\u010dji za\u0161titni jaha\u0107i prsluk Komperdell Junior za le\u0111a, odobren prema CE standardu, iznimno je lagan. Nudi 100% slobodu kretanja i dodatnu udobnost.\",\"breadcrumb\":{\"@id\":\"https:\\\/\\\/clair.si\\\/hr\\\/izdelek\\\/djecji-zastitni-jahaci-prsluk-komperdell-junior\\\/#breadcrumb\"},\"inLanguage\":\"hr\",\"potentialAction\":[{\"@type\":\"ReadAction\",\"target\":[\"https:\\\/\\\/clair.si\\\/hr\\\/izdelek\\\/djecji-zastitni-jahaci-prsluk-komperdell-junior\\\/\"]}]},{\"@type\":\"ImageObject\",\"inLanguage\":\"hr\",\"@id\":\"https:\\\/\\\/clair.si\\\/hr\\\/izdelek\\\/djecji-zastitni-jahaci-prsluk-komperdell-junior\\\/#primaryimage\",\"url\":\"https:\\\/\\\/clair.si\\\/wp-content\\\/uploads\\\/2022\\\/10\\\/komperdell-junior-back-protector-zascitni-jahalni-jopic-zelva.webp\",\"contentUrl\":\"https:\\\/\\\/clair.si\\\/wp-content\\\/uploads\\\/2022\\\/10\\\/komperdell-junior-back-protector-zascitni-jahalni-jopic-zelva.webp\",\"width\":800,\"height\":800,\"caption\":\"Za\u0161\u010ditni jahalni jopi\u010d Komperdell Junior\"},{\"@type\":\"BreadcrumbList\",\"@id\":\"https:\\\/\\\/clair.si\\\/hr\\\/izdelek\\\/djecji-zastitni-jahaci-prsluk-komperdell-junior\\\/#breadcrumb\",\"itemListElement\":[{\"@type\":\"ListItem\",\"position\":1,\"name\":\"Home\",\"item\":\"https:\\\/\\\/clair.si\\\/hr\\\/\"},{\"@type\":\"ListItem\",\"position\":2,\"name\":\"Trgovina\",\"item\":\"https:\\\/\\\/clair.si\\\/trgovina\\\/\"},{\"@type\":\"ListItem\",\"position\":3,\"name\":\"Dje\u010dji za\u0161titni jaha\u0107i prsluk Komperdell Junior\"}]},{\"@type\":\"WebSite\",\"@id\":\"https:\\\/\\\/clair.si\\\/#website\",\"url\":\"https:\\\/\\\/clair.si\\\/\",\"name\":\"Clair\",\"description\":\"Trgovina s konjeni\u0161ko opremo\",\"publisher\":{\"@id\":\"https:\\\/\\\/clair.si\\\/#organization\"},\"potentialAction\":[{\"@type\":\"SearchAction\",\"target\":{\"@type\":\"EntryPoint\",\"urlTemplate\":\"https:\\\/\\\/clair.si\\\/?s={search_term_string}\"},\"query-input\":{\"@type\":\"PropertyValueSpecification\",\"valueRequired\":true,\"valueName\":\"search_term_string\"}}],\"inLanguage\":\"hr\"},{\"@type\":\"Organization\",\"@id\":\"https:\\\/\\\/clair.si\\\/#organization\",\"name\":\"Clair\",\"url\":\"https:\\\/\\\/clair.si\\\/\",\"logo\":{\"@type\":\"ImageObject\",\"inLanguage\":\"hr\",\"@id\":\"https:\\\/\\\/clair.si\\\/#\\\/schema\\\/logo\\\/image\\\/\",\"url\":\"https:\\\/\\\/clair.si\\\/wp-content\\\/uploads\\\/2022\\\/11\\\/clair_logo_2022.jpg\",\"contentUrl\":\"https:\\\/\\\/clair.si\\\/wp-content\\\/uploads\\\/2022\\\/11\\\/clair_logo_2022.jpg\",\"width\":1920,\"height\":1920,\"caption\":\"Clair\"},\"image\":{\"@id\":\"https:\\\/\\\/clair.si\\\/#\\\/schema\\\/logo\\\/image\\\/\"},\"sameAs\":[\"https:\\\/\\\/www.facebook.com\\\/TrgovinaClair\\\/\"]}]}<\/script>\n<!-- \/ Yoast SEO plugin. -->","yoast_head_json":{"title":"Dje\u010dji za\u0161titni jaha\u0107i prsluk Komperdell Junior - Clair","description":"Dje\u010dji za\u0161titni jaha\u0107i prsluk Komperdell Junior za le\u0111a, odobren prema CE standardu, iznimno je lagan. Nudi 100% slobodu kretanja i dodatnu udobnost.","robots":{"index":"index","follow":"follow","max-snippet":"max-snippet:-1","max-image-preview":"max-image-preview:large","max-video-preview":"max-video-preview:-1"},"canonical":"https:\/\/clair.si\/hr\/izdelek\/djecji-zastitni-jahaci-prsluk-komperdell-junior\/","og_locale":"hr_HR","og_type":"article","og_title":"Dje\u010dji za\u0161titni jaha\u0107i prsluk Komperdell Junior - Clair","og_description":"Dje\u010dji za\u0161titni jaha\u0107i prsluk Komperdell Junior za le\u0111a, odobren prema CE standardu, iznimno je lagan. Nudi 100% slobodu kretanja i dodatnu udobnost.","og_url":"https:\/\/clair.si\/hr\/izdelek\/djecji-zastitni-jahaci-prsluk-komperdell-junior\/","og_site_name":"Clair","article_publisher":"https:\/\/www.facebook.com\/TrgovinaClair\/","article_modified_time":"2025-09-24T06:32:49+00:00","og_image":[{"width":800,"height":800,"url":"https:\/\/clair.si\/wp-content\/uploads\/2022\/10\/komperdell-junior-back-protector-zascitni-jahalni-jopic-zelva.jpg","type":"image\/jpeg"}],"twitter_card":"summary_large_image","twitter_misc":{"Procijenjeno vrijeme \u010ditanja":"1 minuta"},"schema":{"@context":"https:\/\/schema.org","@graph":[{"@type":"WebPage","@id":"https:\/\/clair.si\/hr\/izdelek\/djecji-zastitni-jahaci-prsluk-komperdell-junior\/","url":"https:\/\/clair.si\/hr\/izdelek\/djecji-zastitni-jahaci-prsluk-komperdell-junior\/","name":"Dje\u010dji za\u0161titni jaha\u0107i prsluk Komperdell Junior - Clair","isPartOf":{"@id":"https:\/\/clair.si\/#website"},"primaryImageOfPage":{"@id":"https:\/\/clair.si\/hr\/izdelek\/djecji-zastitni-jahaci-prsluk-komperdell-junior\/#primaryimage"},"image":{"@id":"https:\/\/clair.si\/hr\/izdelek\/djecji-zastitni-jahaci-prsluk-komperdell-junior\/#primaryimage"},"thumbnailUrl":"https:\/\/clair.si\/wp-content\/uploads\/2022\/10\/komperdell-junior-back-protector-zascitni-jahalni-jopic-zelva.webp","datePublished":"2022-10-20T11:25:03+00:00","dateModified":"2025-09-24T06:32:49+00:00","description":"Dje\u010dji za\u0161titni jaha\u0107i prsluk Komperdell Junior za le\u0111a, odobren prema CE standardu, iznimno je lagan. Nudi 100% slobodu kretanja i dodatnu udobnost.","breadcrumb":{"@id":"https:\/\/clair.si\/hr\/izdelek\/djecji-zastitni-jahaci-prsluk-komperdell-junior\/#breadcrumb"},"inLanguage":"hr","potentialAction":[{"@type":"ReadAction","target":["https:\/\/clair.si\/hr\/izdelek\/djecji-zastitni-jahaci-prsluk-komperdell-junior\/"]}]},{"@type":"ImageObject","inLanguage":"hr","@id":"https:\/\/clair.si\/hr\/izdelek\/djecji-zastitni-jahaci-prsluk-komperdell-junior\/#primaryimage","url":"https:\/\/clair.si\/wp-content\/uploads\/2022\/10\/komperdell-junior-back-protector-zascitni-jahalni-jopic-zelva.webp","contentUrl":"https:\/\/clair.si\/wp-content\/uploads\/2022\/10\/komperdell-junior-back-protector-zascitni-jahalni-jopic-zelva.webp","width":800,"height":800,"caption":"Za\u0161\u010ditni jahalni jopi\u010d Komperdell Junior"},{"@type":"BreadcrumbList","@id":"https:\/\/clair.si\/hr\/izdelek\/djecji-zastitni-jahaci-prsluk-komperdell-junior\/#breadcrumb","itemListElement":[{"@type":"ListItem","position":1,"name":"Home","item":"https:\/\/clair.si\/hr\/"},{"@type":"ListItem","position":2,"name":"Trgovina","item":"https:\/\/clair.si\/trgovina\/"},{"@type":"ListItem","position":3,"name":"Dje\u010dji za\u0161titni jaha\u0107i prsluk Komperdell Junior"}]},{"@type":"WebSite","@id":"https:\/\/clair.si\/#website","url":"https:\/\/clair.si\/","name":"Clair","description":"Trgovina s konjeni\u0161ko opremo","publisher":{"@id":"https:\/\/clair.si\/#organization"},"potentialAction":[{"@type":"SearchAction","target":{"@type":"EntryPoint","urlTemplate":"https:\/\/clair.si\/?s={search_term_string}"},"query-input":{"@type":"PropertyValueSpecification","valueRequired":true,"valueName":"search_term_string"}}],"inLanguage":"hr"},{"@type":"Organization","@id":"https:\/\/clair.si\/#organization","name":"Clair","url":"https:\/\/clair.si\/","logo":{"@type":"ImageObject","inLanguage":"hr","@id":"https:\/\/clair.si\/#\/schema\/logo\/image\/","url":"https:\/\/clair.si\/wp-content\/uploads\/2022\/11\/clair_logo_2022.jpg","contentUrl":"https:\/\/clair.si\/wp-content\/uploads\/2022\/11\/clair_logo_2022.jpg","width":1920,"height":1920,"caption":"Clair"},"image":{"@id":"https:\/\/clair.si\/#\/schema\/logo\/image\/"},"sameAs":["https:\/\/www.facebook.com\/TrgovinaClair\/"]}]}},"_links":{"self":[{"href":"https:\/\/clair.si\/hr\/wp-json\/wp\/v2\/product\/101237","targetHints":{"allow":["GET"]}}],"collection":[{"href":"https:\/\/clair.si\/hr\/wp-json\/wp\/v2\/product"}],"about":[{"href":"https:\/\/clair.si\/hr\/wp-json\/wp\/v2\/types\/product"}],"version-history":[{"count":0,"href":"https:\/\/clair.si\/hr\/wp-json\/wp\/v2\/product\/101237\/revisions"}],"wp:featuredmedia":[{"embeddable":true,"href":"https:\/\/clair.si\/hr\/wp-json\/wp\/v2\/media\/101247"}],"wp:attachment":[{"href":"https:\/\/clair.si\/hr\/wp-json\/wp\/v2\/media?parent=101237"}],"wp:term":[{"taxonomy":"product_brand","embeddable":true,"href":"https:\/\/clair.si\/hr\/wp-json\/wp\/v2\/product_brand?post=101237"},{"taxonomy":"product_cat","embeddable":true,"href":"https:\/\/clair.si\/hr\/wp-json\/wp\/v2\/product_cat?post=101237"},{"taxonomy":"product_tag","embeddable":true,"href":"https:\/\/clair.si\/hr\/wp-json\/wp\/v2\/product_tag?post=101237"}],"curies":[{"name":"wp","href":"https:\/\/api.w.org\/{rel}","templated":true}]}}