{"id":101266,"date":"2022-10-20T14:03:29","date_gmt":"2022-10-20T12:03:29","guid":{"rendered":"https:\/\/clair.si\/izdelek\/zenski-zastitni-prsluk-komperdell-flexfit\/"},"modified":"2025-12-05T06:39:25","modified_gmt":"2025-12-05T05:39:25","slug":"zenski-zastitni-prsluk-komperdell-flexfit","status":"publish","type":"product","link":"https:\/\/clair.si\/hr\/izdelek\/zenski-zastitni-prsluk-komperdell-flexfit\/","title":{"rendered":"\u017denski za\u0161titni prsluk Komperdell Flexfit"},"content":{"rendered":"<p><span class=\"HwtZe\" lang=\"sl\"><span class=\"jCAhz\"><span class=\"ryNqvb\"><strong>\u017denski za\u0161titni prsluk Komperdell Flexfit<\/strong> je zbog svoje lako\u0107e savr\u0161en prsluk za sve jaha\u010de i konjanike usmjerene na sigurnost, bilo na rekreativnoj ili profesionalnoj razini. <\/span><\/span><\/span><\/p>\n<p><span class=\"HwtZe\" lang=\"sl\"><span class=\"jCAhz\"><span class=\"ryNqvb\"><strong>Jaha\u0107i za\u0161titni prsluk nudi gotovo potpunu za\u0161titu od 360\u00b0 i omogu\u0107uje automatsko prilago\u0111avanje tijelu jaha\u010da.<\/strong> Vi\u0161eslojni \u0161titnik za le\u0111a Cross 6.0, izra\u0111en od prilagodljive pjene dvostruke gusto\u0107e, odobren prema EN 1621-2 \u2013 <strong>razina 2<\/strong>. Za\u0161titna odje\u0107a za motocikliste od mehani\u010dkih udara \u2013 2. dio: \u0161titnici za le\u0111a za motocikliste \u2013 Zahtjevi i metode ispitivanja.   <\/span><\/span><\/span><\/p>\n<p><span class=\"HwtZe\" lang=\"sl\"><span class=\"jCAhz\"><span class=\"ryNqvb\">Termofit pjena dvostruke gusto\u0107e omek\u0161ava s va\u0161om tjelesnom temperaturom! Pjena dvostruke gusto\u0107e se tako prilago\u0111ava oblinama tijela. <\/span><\/span><\/span><\/p>\n<p><span class=\"HwtZe\" lang=\"sl\"><span class=\"jCAhz\"><span class=\"ryNqvb\">Maksimalna prozra\u010dnost. Zbog optimalne perforacije, \u017eenski za\u0161titni prsluk Komperdell Flexfit iznimno je prozra\u010dan. Vanjski dio sigurnosnog jaha\u0107eg prsluka izra\u0111en je od vrlo laganog, elasti\u010dnog i prozra\u010dnog tekstila. Zato se mekana i fleksibilna za\u0161tita osjeti odmah nakon \u0161to se obu\u010de. Iako je <strong>debljine 25 mm<\/strong>, mo\u017eete ga nositi ispod jakne. Mekan je i fleksibilan.      <\/span><\/span><\/span><\/p>\n<p><strong><span class=\"HwtZe\" lang=\"sl\"><span class=\"jCAhz\"><span class=\"ryNqvb\">\u010cinjenica da je namijenjen motociklizmu ne zna\u010di da se ne mo\u017ee koristiti u konji\u010dkom sportu, ali ne mo\u017ee zamijeniti \u0161titnik za tijelo testiran i odobren prema standardu EN 13158:2018, koji je namijenjen konji\u010dkom sportu.<\/span><\/span><\/span><\/strong><\/p>\n<p><span class=\"HwtZe\" lang=\"sl\"><span class=\"jCAhz\"><span class=\"ryNqvb\">Ru\u010dno pranje, su\u0161enje na vje\u0161alici dalje od sun\u010deve svjetlosti, ne u su\u0161ilici.<br \/>\n<\/span><\/span><\/span><\/p>\n","protected":false},"excerpt":{"rendered":"<p><img loading=\"lazy\" decoding=\"async\" class=\"alignnone size-full wp-image-28462\" src=\"https:\/\/clair.si\/wp-content\/uploads\/2022\/07\/lowimpact.webp\" alt=\"\" width=\"150\" height=\"150\"><\/p>\n","protected":false},"featured_media":101275,"template":"","meta":{"footnotes":""},"product_brand":[],"product_cat":[445,646,660,467,469,662],"product_tag":[],"class_list":{"0":"post-101266","1":"product","2":"type-product","3":"status-publish","4":"has-post-thumbnail","6":"product_cat-jahac","7":"product_cat-kategorije","8":"product_cat-zacetki-jahanja","9":"product_cat-zascitna-oprema","10":"product_cat-zascitni-jopici","11":"product_cat-zascitni-jopici-zacetki-jahanja","13":"first","14":"instock","15":"sale","16":"shipping-taxable","17":"purchasable","18":"product-type-variable"},"yoast_head":"<!-- This site is optimized with the Yoast SEO plugin v27.4 - https:\/\/yoast.com\/product\/yoast-seo-wordpress\/ -->\n<title>\u017denski za\u0161titni prsluk Komperdell Flexfit - Clair<\/title>\n<meta name=\"description\" content=\"\u017denski za\u0161titni prsluk Komperdell Flexfit je zbog svoje lako\u0107e savr\u0161en prsluk za sve jaha\u010de i konjanike usmjerene na sigurnost.\" \/>\n<meta name=\"robots\" content=\"index, follow, max-snippet:-1, max-image-preview:large, max-video-preview:-1\" \/>\n<link rel=\"canonical\" href=\"https:\/\/clair.si\/hr\/izdelek\/zenski-zastitni-prsluk-komperdell-flexfit\/\" \/>\n<meta property=\"og:locale\" content=\"hr_HR\" \/>\n<meta property=\"og:type\" content=\"article\" \/>\n<meta property=\"og:title\" content=\"\u017denski za\u0161titni prsluk Komperdell Flexfit - Clair\" \/>\n<meta property=\"og:description\" content=\"\u017denski za\u0161titni prsluk Komperdell Flexfit je zbog svoje lako\u0107e savr\u0161en prsluk za sve jaha\u010de i konjanike usmjerene na sigurnost.\" \/>\n<meta property=\"og:url\" content=\"https:\/\/clair.si\/hr\/izdelek\/zenski-zastitni-prsluk-komperdell-flexfit\/\" \/>\n<meta property=\"og:site_name\" content=\"Clair\" \/>\n<meta property=\"article:publisher\" content=\"https:\/\/www.facebook.com\/TrgovinaClair\/\" \/>\n<meta property=\"article:modified_time\" content=\"2025-12-05T05:39:25+00:00\" \/>\n<meta property=\"og:image\" content=\"https:\/\/clair.si\/wp-content\/uploads\/2022\/10\/komperdell-flexfit-lady-back-protector-zascitni-jopic-jahalni-roza.jpg\" \/>\n\t<meta property=\"og:image:width\" content=\"800\" \/>\n\t<meta property=\"og:image:height\" content=\"800\" \/>\n\t<meta property=\"og:image:type\" content=\"image\/jpeg\" \/>\n<meta name=\"twitter:card\" content=\"summary_large_image\" \/>\n<meta name=\"twitter:label1\" content=\"Procijenjeno vrijeme \u010ditanja\" \/>\n\t<meta name=\"twitter:data1\" content=\"1 minuta\" \/>\n<script type=\"application\/ld+json\" class=\"yoast-schema-graph\">{\"@context\":\"https:\\\/\\\/schema.org\",\"@graph\":[{\"@type\":\"WebPage\",\"@id\":\"https:\\\/\\\/clair.si\\\/hr\\\/izdelek\\\/zenski-zastitni-prsluk-komperdell-flexfit\\\/\",\"url\":\"https:\\\/\\\/clair.si\\\/hr\\\/izdelek\\\/zenski-zastitni-prsluk-komperdell-flexfit\\\/\",\"name\":\"\u017denski za\u0161titni prsluk Komperdell Flexfit - Clair\",\"isPartOf\":{\"@id\":\"https:\\\/\\\/clair.si\\\/#website\"},\"primaryImageOfPage\":{\"@id\":\"https:\\\/\\\/clair.si\\\/hr\\\/izdelek\\\/zenski-zastitni-prsluk-komperdell-flexfit\\\/#primaryimage\"},\"image\":{\"@id\":\"https:\\\/\\\/clair.si\\\/hr\\\/izdelek\\\/zenski-zastitni-prsluk-komperdell-flexfit\\\/#primaryimage\"},\"thumbnailUrl\":\"https:\\\/\\\/clair.si\\\/wp-content\\\/uploads\\\/2022\\\/10\\\/komperdell-flexfit-lady-back-protector-zascitni-jopic-jahalni-roza.webp\",\"datePublished\":\"2022-10-20T12:03:29+00:00\",\"dateModified\":\"2025-12-05T05:39:25+00:00\",\"description\":\"\u017denski za\u0161titni prsluk Komperdell Flexfit je zbog svoje lako\u0107e savr\u0161en prsluk za sve jaha\u010de i konjanike usmjerene na sigurnost.\",\"breadcrumb\":{\"@id\":\"https:\\\/\\\/clair.si\\\/hr\\\/izdelek\\\/zenski-zastitni-prsluk-komperdell-flexfit\\\/#breadcrumb\"},\"inLanguage\":\"hr\",\"potentialAction\":[{\"@type\":\"ReadAction\",\"target\":[\"https:\\\/\\\/clair.si\\\/hr\\\/izdelek\\\/zenski-zastitni-prsluk-komperdell-flexfit\\\/\"]}]},{\"@type\":\"ImageObject\",\"inLanguage\":\"hr\",\"@id\":\"https:\\\/\\\/clair.si\\\/hr\\\/izdelek\\\/zenski-zastitni-prsluk-komperdell-flexfit\\\/#primaryimage\",\"url\":\"https:\\\/\\\/clair.si\\\/wp-content\\\/uploads\\\/2022\\\/10\\\/komperdell-flexfit-lady-back-protector-zascitni-jopic-jahalni-roza.webp\",\"contentUrl\":\"https:\\\/\\\/clair.si\\\/wp-content\\\/uploads\\\/2022\\\/10\\\/komperdell-flexfit-lady-back-protector-zascitni-jopic-jahalni-roza.webp\",\"width\":800,\"height\":800},{\"@type\":\"BreadcrumbList\",\"@id\":\"https:\\\/\\\/clair.si\\\/hr\\\/izdelek\\\/zenski-zastitni-prsluk-komperdell-flexfit\\\/#breadcrumb\",\"itemListElement\":[{\"@type\":\"ListItem\",\"position\":1,\"name\":\"Home\",\"item\":\"https:\\\/\\\/clair.si\\\/hr\\\/\"},{\"@type\":\"ListItem\",\"position\":2,\"name\":\"Trgovina\",\"item\":\"https:\\\/\\\/clair.si\\\/trgovina\\\/\"},{\"@type\":\"ListItem\",\"position\":3,\"name\":\"\u017denski za\u0161titni prsluk Komperdell Flexfit\"}]},{\"@type\":\"WebSite\",\"@id\":\"https:\\\/\\\/clair.si\\\/#website\",\"url\":\"https:\\\/\\\/clair.si\\\/\",\"name\":\"Clair\",\"description\":\"Trgovina s konjeni\u0161ko opremo\",\"publisher\":{\"@id\":\"https:\\\/\\\/clair.si\\\/#organization\"},\"potentialAction\":[{\"@type\":\"SearchAction\",\"target\":{\"@type\":\"EntryPoint\",\"urlTemplate\":\"https:\\\/\\\/clair.si\\\/?s={search_term_string}\"},\"query-input\":{\"@type\":\"PropertyValueSpecification\",\"valueRequired\":true,\"valueName\":\"search_term_string\"}}],\"inLanguage\":\"hr\"},{\"@type\":\"Organization\",\"@id\":\"https:\\\/\\\/clair.si\\\/#organization\",\"name\":\"Clair\",\"url\":\"https:\\\/\\\/clair.si\\\/\",\"logo\":{\"@type\":\"ImageObject\",\"inLanguage\":\"hr\",\"@id\":\"https:\\\/\\\/clair.si\\\/#\\\/schema\\\/logo\\\/image\\\/\",\"url\":\"https:\\\/\\\/clair.si\\\/wp-content\\\/uploads\\\/2022\\\/11\\\/clair_logo_2022.jpg\",\"contentUrl\":\"https:\\\/\\\/clair.si\\\/wp-content\\\/uploads\\\/2022\\\/11\\\/clair_logo_2022.jpg\",\"width\":1920,\"height\":1920,\"caption\":\"Clair\"},\"image\":{\"@id\":\"https:\\\/\\\/clair.si\\\/#\\\/schema\\\/logo\\\/image\\\/\"},\"sameAs\":[\"https:\\\/\\\/www.facebook.com\\\/TrgovinaClair\\\/\"]}]}<\/script>\n<!-- \/ Yoast SEO plugin. -->","yoast_head_json":{"title":"\u017denski za\u0161titni prsluk Komperdell Flexfit - Clair","description":"\u017denski za\u0161titni prsluk Komperdell Flexfit je zbog svoje lako\u0107e savr\u0161en prsluk za sve jaha\u010de i konjanike usmjerene na sigurnost.","robots":{"index":"index","follow":"follow","max-snippet":"max-snippet:-1","max-image-preview":"max-image-preview:large","max-video-preview":"max-video-preview:-1"},"canonical":"https:\/\/clair.si\/hr\/izdelek\/zenski-zastitni-prsluk-komperdell-flexfit\/","og_locale":"hr_HR","og_type":"article","og_title":"\u017denski za\u0161titni prsluk Komperdell Flexfit - Clair","og_description":"\u017denski za\u0161titni prsluk Komperdell Flexfit je zbog svoje lako\u0107e savr\u0161en prsluk za sve jaha\u010de i konjanike usmjerene na sigurnost.","og_url":"https:\/\/clair.si\/hr\/izdelek\/zenski-zastitni-prsluk-komperdell-flexfit\/","og_site_name":"Clair","article_publisher":"https:\/\/www.facebook.com\/TrgovinaClair\/","article_modified_time":"2025-12-05T05:39:25+00:00","og_image":[{"width":800,"height":800,"url":"https:\/\/clair.si\/wp-content\/uploads\/2022\/10\/komperdell-flexfit-lady-back-protector-zascitni-jopic-jahalni-roza.jpg","type":"image\/jpeg"}],"twitter_card":"summary_large_image","twitter_misc":{"Procijenjeno vrijeme \u010ditanja":"1 minuta"},"schema":{"@context":"https:\/\/schema.org","@graph":[{"@type":"WebPage","@id":"https:\/\/clair.si\/hr\/izdelek\/zenski-zastitni-prsluk-komperdell-flexfit\/","url":"https:\/\/clair.si\/hr\/izdelek\/zenski-zastitni-prsluk-komperdell-flexfit\/","name":"\u017denski za\u0161titni prsluk Komperdell Flexfit - Clair","isPartOf":{"@id":"https:\/\/clair.si\/#website"},"primaryImageOfPage":{"@id":"https:\/\/clair.si\/hr\/izdelek\/zenski-zastitni-prsluk-komperdell-flexfit\/#primaryimage"},"image":{"@id":"https:\/\/clair.si\/hr\/izdelek\/zenski-zastitni-prsluk-komperdell-flexfit\/#primaryimage"},"thumbnailUrl":"https:\/\/clair.si\/wp-content\/uploads\/2022\/10\/komperdell-flexfit-lady-back-protector-zascitni-jopic-jahalni-roza.webp","datePublished":"2022-10-20T12:03:29+00:00","dateModified":"2025-12-05T05:39:25+00:00","description":"\u017denski za\u0161titni prsluk Komperdell Flexfit je zbog svoje lako\u0107e savr\u0161en prsluk za sve jaha\u010de i konjanike usmjerene na sigurnost.","breadcrumb":{"@id":"https:\/\/clair.si\/hr\/izdelek\/zenski-zastitni-prsluk-komperdell-flexfit\/#breadcrumb"},"inLanguage":"hr","potentialAction":[{"@type":"ReadAction","target":["https:\/\/clair.si\/hr\/izdelek\/zenski-zastitni-prsluk-komperdell-flexfit\/"]}]},{"@type":"ImageObject","inLanguage":"hr","@id":"https:\/\/clair.si\/hr\/izdelek\/zenski-zastitni-prsluk-komperdell-flexfit\/#primaryimage","url":"https:\/\/clair.si\/wp-content\/uploads\/2022\/10\/komperdell-flexfit-lady-back-protector-zascitni-jopic-jahalni-roza.webp","contentUrl":"https:\/\/clair.si\/wp-content\/uploads\/2022\/10\/komperdell-flexfit-lady-back-protector-zascitni-jopic-jahalni-roza.webp","width":800,"height":800},{"@type":"BreadcrumbList","@id":"https:\/\/clair.si\/hr\/izdelek\/zenski-zastitni-prsluk-komperdell-flexfit\/#breadcrumb","itemListElement":[{"@type":"ListItem","position":1,"name":"Home","item":"https:\/\/clair.si\/hr\/"},{"@type":"ListItem","position":2,"name":"Trgovina","item":"https:\/\/clair.si\/trgovina\/"},{"@type":"ListItem","position":3,"name":"\u017denski za\u0161titni prsluk Komperdell Flexfit"}]},{"@type":"WebSite","@id":"https:\/\/clair.si\/#website","url":"https:\/\/clair.si\/","name":"Clair","description":"Trgovina s konjeni\u0161ko opremo","publisher":{"@id":"https:\/\/clair.si\/#organization"},"potentialAction":[{"@type":"SearchAction","target":{"@type":"EntryPoint","urlTemplate":"https:\/\/clair.si\/?s={search_term_string}"},"query-input":{"@type":"PropertyValueSpecification","valueRequired":true,"valueName":"search_term_string"}}],"inLanguage":"hr"},{"@type":"Organization","@id":"https:\/\/clair.si\/#organization","name":"Clair","url":"https:\/\/clair.si\/","logo":{"@type":"ImageObject","inLanguage":"hr","@id":"https:\/\/clair.si\/#\/schema\/logo\/image\/","url":"https:\/\/clair.si\/wp-content\/uploads\/2022\/11\/clair_logo_2022.jpg","contentUrl":"https:\/\/clair.si\/wp-content\/uploads\/2022\/11\/clair_logo_2022.jpg","width":1920,"height":1920,"caption":"Clair"},"image":{"@id":"https:\/\/clair.si\/#\/schema\/logo\/image\/"},"sameAs":["https:\/\/www.facebook.com\/TrgovinaClair\/"]}]}},"_links":{"self":[{"href":"https:\/\/clair.si\/hr\/wp-json\/wp\/v2\/product\/101266","targetHints":{"allow":["GET"]}}],"collection":[{"href":"https:\/\/clair.si\/hr\/wp-json\/wp\/v2\/product"}],"about":[{"href":"https:\/\/clair.si\/hr\/wp-json\/wp\/v2\/types\/product"}],"version-history":[{"count":0,"href":"https:\/\/clair.si\/hr\/wp-json\/wp\/v2\/product\/101266\/revisions"}],"wp:featuredmedia":[{"embeddable":true,"href":"https:\/\/clair.si\/hr\/wp-json\/wp\/v2\/media\/101275"}],"wp:attachment":[{"href":"https:\/\/clair.si\/hr\/wp-json\/wp\/v2\/media?parent=101266"}],"wp:term":[{"taxonomy":"product_brand","embeddable":true,"href":"https:\/\/clair.si\/hr\/wp-json\/wp\/v2\/product_brand?post=101266"},{"taxonomy":"product_cat","embeddable":true,"href":"https:\/\/clair.si\/hr\/wp-json\/wp\/v2\/product_cat?post=101266"},{"taxonomy":"product_tag","embeddable":true,"href":"https:\/\/clair.si\/hr\/wp-json\/wp\/v2\/product_tag?post=101266"}],"curies":[{"name":"wp","href":"https:\/\/api.w.org\/{rel}","templated":true}]}}