{"id":101286,"date":"2022-10-20T13:38:27","date_gmt":"2022-10-20T11:38:27","guid":{"rendered":"https:\/\/clair.si\/izdelek\/djecji-zastitni-prsluk-komperdell-champion\/"},"modified":"2025-12-21T16:09:58","modified_gmt":"2025-12-21T15:09:58","slug":"djecji-zastitni-prsluk-komperdell-champion","status":"publish","type":"product","link":"https:\/\/clair.si\/hr\/izdelek\/djecji-zastitni-prsluk-komperdell-champion\/","title":{"rendered":"Dje\u010dji za\u0161titni prsluk Komperdell Champion"},"content":{"rendered":"<p><span class=\"HwtZe\" lang=\"sl\"><span class=\"jCAhz\"><span class=\"ryNqvb\"><strong>Dje\u010dji za\u0161titni prsluk Komperdell Champion pobolj\u0161ana je za\u0161tita za mlade.<\/strong> Jaha\u0107i za\u0161titni prsluk Champion savr\u0161en je prsluk za djecu koja ne moraju nositi prsluk za\u0161titne razine 3. <\/span><\/span><\/span><\/p>\n<p><span class=\"HwtZe\" lang=\"sl\"><span class=\"jCAhz\"><span class=\"ryNqvb\"><strong>Dje\u010dji za\u0161titni prsluk Komperdell Champion<\/strong> je \u0161titnik za le\u0111a koji je <strong>certificiran u skladu sa strogim kriterijima motociklisti\u010dke norme EN1621-2, razina 2.<\/strong> Vi\u0161eslojni \u0161titnik za le\u0111a Cross 6.0 izra\u0111en je od prilagodljive pjene s dvostrukom gusto\u0107om. <\/span><\/span><\/span><\/p>\n<p><span class=\"HwtZe\" lang=\"sl\"><span class=\"jCAhz\"><span class=\"ryNqvb\">Termofit pjena s dvostrukom gusto\u0107om omek\u0161ava se s tjelesnom temperaturom jaha\u010da i prilago\u0111ava oblinama tijela. Za\u0161titni prsluk nudi savr\u0161eno prianjanje &#8220;po mjeri&#8221;. Zbog optimalne perforacije (izbu\u0161enosti materijala) ova je &#8216;kornja\u010da&#8217; iznimno prozra\u010dna. Vanjski dio sigurnosnog za\u0161titnog prsluka izra\u0111en je od vrlo laganog, elasti\u010dnog i prozra\u010dnog tekstila. Stoga se mekana i fleksibilna za\u0161tita osjeti odmah nakon \u0161to se obu\u010de. <strong>Debljine je 25 mm i mo\u017ee se nositi ispod jakne<\/strong>. Zahvaljuju\u0107i posebnoj tehnici laminiranja s inteligentnim fleksibilnim zonama, \u0161irina prsluka automatski se prilago\u0111ava. <\/span><\/span><\/span><\/p>\n<p><span class=\"HwtZe\" lang=\"sl\"><span class=\"jCAhz\"><span class=\"ryNqvb\"> Ru\u010dno pranje, su\u0161enje na vje\u0161alici dalje od sun\u010deve svjetlosti, ne u su\u0161ilici. <\/span><\/span><\/span><\/p>\n<p><strong><span class=\"HwtZe\" lang=\"sl\"><span class=\"jCAhz\"><span class=\"ryNqvb\">EN-odobren 1621-2 \u2013 razina 2 Za\u0161titna odje\u0107a za motocikliste od mehani\u010dkih udara \u2013 2. dio: \u0161titnici za le\u0111a za motocikliste \u2013 Zahtjevi i metode ispitivanja. \u010cinjenica da je namijenjen motociklizmu ne zna\u010di da se ne mo\u017ee koristiti u konji\u010dkom sportu, ali ne mo\u017ee zamijeniti \u0161titnik za tijelo testiran i odobren prema standardu EN 13158:2018, koji je namijenjen konji\u010dkom sportu. <\/span><\/span><\/span><\/strong><\/p>\n","protected":false},"excerpt":{"rendered":"<p><img loading=\"lazy\" decoding=\"async\" class=\"alignnone size-full wp-image-28462\" src=\"https:\/\/clair.si\/wp-content\/uploads\/2022\/07\/lowimpact.webp\" alt=\"\" width=\"150\" height=\"150\" \/><\/p>\n","protected":false},"featured_media":101302,"template":"","meta":{"footnotes":""},"product_brand":[],"product_cat":[5654,5657,5658,5766,6356,5844],"product_tag":[],"class_list":{"0":"post-101286","1":"product","2":"type-product","3":"status-publish","4":"has-post-thumbnail","6":"product_cat-jahac-hr","7":"product_cat-kategorije-hr","8":"product_cat-pocetci-jahanja","9":"product_cat-zastitna-oprema","10":"product_cat-zastitni-prsluci-hr","11":"product_cat-zastitni-prsluci","13":"first","14":"onbackorder","15":"shipping-taxable","16":"purchasable","17":"product-type-variable"},"yoast_head":"<!-- This site is optimized with the Yoast SEO plugin v27.4 - https:\/\/yoast.com\/product\/yoast-seo-wordpress\/ -->\n<title>Dje\u010dji za\u0161titni prsluk Komperdell Champion - Clair<\/title>\n<meta name=\"description\" content=\"Dje\u010dji za\u0161titni prsluk Komperdell Champion pobolj\u0161ana je za\u0161tita za mlade. Savr\u0161en je prsluk za djecu koja ne moraju nositi prsluk za\u0161titne razine 3.\" \/>\n<meta name=\"robots\" content=\"index, follow, max-snippet:-1, max-image-preview:large, max-video-preview:-1\" \/>\n<link rel=\"canonical\" href=\"https:\/\/clair.si\/hr\/izdelek\/djecji-zastitni-prsluk-komperdell-champion\/\" \/>\n<meta property=\"og:locale\" content=\"hr_HR\" \/>\n<meta property=\"og:type\" content=\"article\" \/>\n<meta property=\"og:title\" content=\"Dje\u010dji za\u0161titni prsluk Komperdell Champion - Clair\" \/>\n<meta property=\"og:description\" content=\"Dje\u010dji za\u0161titni prsluk Komperdell Champion pobolj\u0161ana je za\u0161tita za mlade. Savr\u0161en je prsluk za djecu koja ne moraju nositi prsluk za\u0161titne razine 3.\" \/>\n<meta property=\"og:url\" content=\"https:\/\/clair.si\/hr\/izdelek\/djecji-zastitni-prsluk-komperdell-champion\/\" \/>\n<meta property=\"og:site_name\" content=\"Clair\" \/>\n<meta property=\"article:publisher\" content=\"https:\/\/www.facebook.com\/TrgovinaClair\/\" \/>\n<meta property=\"article:modified_time\" content=\"2025-12-21T15:09:58+00:00\" \/>\n<meta property=\"og:image\" content=\"https:\/\/clair.si\/wp-content\/uploads\/2022\/10\/komperdell-champion-back-protector-zascitni-jahalni-brezrokavnik-zelva.webp\" \/>\n\t<meta property=\"og:image:width\" content=\"800\" \/>\n\t<meta property=\"og:image:height\" content=\"800\" \/>\n\t<meta property=\"og:image:type\" content=\"image\/jpeg\" \/>\n<meta name=\"twitter:card\" content=\"summary_large_image\" \/>\n<meta name=\"twitter:label1\" content=\"Procijenjeno vrijeme \u010ditanja\" \/>\n\t<meta name=\"twitter:data1\" content=\"2 minute\" \/>\n<script type=\"application\/ld+json\" class=\"yoast-schema-graph\">{\"@context\":\"https:\\\/\\\/schema.org\",\"@graph\":[{\"@type\":\"WebPage\",\"@id\":\"https:\\\/\\\/clair.si\\\/hr\\\/izdelek\\\/djecji-zastitni-prsluk-komperdell-champion\\\/\",\"url\":\"https:\\\/\\\/clair.si\\\/hr\\\/izdelek\\\/djecji-zastitni-prsluk-komperdell-champion\\\/\",\"name\":\"Dje\u010dji za\u0161titni prsluk Komperdell Champion - Clair\",\"isPartOf\":{\"@id\":\"https:\\\/\\\/clair.si\\\/#website\"},\"primaryImageOfPage\":{\"@id\":\"https:\\\/\\\/clair.si\\\/hr\\\/izdelek\\\/djecji-zastitni-prsluk-komperdell-champion\\\/#primaryimage\"},\"image\":{\"@id\":\"https:\\\/\\\/clair.si\\\/hr\\\/izdelek\\\/djecji-zastitni-prsluk-komperdell-champion\\\/#primaryimage\"},\"thumbnailUrl\":\"https:\\\/\\\/clair.si\\\/wp-content\\\/uploads\\\/2022\\\/10\\\/komperdell-champion-back-protector-zascitni-jahalni-brezrokavnik-zelva.webp\",\"datePublished\":\"2022-10-20T11:38:27+00:00\",\"dateModified\":\"2025-12-21T15:09:58+00:00\",\"description\":\"Dje\u010dji za\u0161titni prsluk Komperdell Champion pobolj\u0161ana je za\u0161tita za mlade. Savr\u0161en je prsluk za djecu koja ne moraju nositi prsluk za\u0161titne razine 3.\",\"breadcrumb\":{\"@id\":\"https:\\\/\\\/clair.si\\\/hr\\\/izdelek\\\/djecji-zastitni-prsluk-komperdell-champion\\\/#breadcrumb\"},\"inLanguage\":\"hr\",\"potentialAction\":[{\"@type\":\"ReadAction\",\"target\":[\"https:\\\/\\\/clair.si\\\/hr\\\/izdelek\\\/djecji-zastitni-prsluk-komperdell-champion\\\/\"]}]},{\"@type\":\"ImageObject\",\"inLanguage\":\"hr\",\"@id\":\"https:\\\/\\\/clair.si\\\/hr\\\/izdelek\\\/djecji-zastitni-prsluk-komperdell-champion\\\/#primaryimage\",\"url\":\"https:\\\/\\\/clair.si\\\/wp-content\\\/uploads\\\/2022\\\/10\\\/komperdell-champion-back-protector-zascitni-jahalni-brezrokavnik-zelva.webp\",\"contentUrl\":\"https:\\\/\\\/clair.si\\\/wp-content\\\/uploads\\\/2022\\\/10\\\/komperdell-champion-back-protector-zascitni-jahalni-brezrokavnik-zelva.webp\",\"width\":800,\"height\":800,\"caption\":\"Za\u0161\u010ditni jahalni jopi\u010d Komperdell Champion\"},{\"@type\":\"BreadcrumbList\",\"@id\":\"https:\\\/\\\/clair.si\\\/hr\\\/izdelek\\\/djecji-zastitni-prsluk-komperdell-champion\\\/#breadcrumb\",\"itemListElement\":[{\"@type\":\"ListItem\",\"position\":1,\"name\":\"Home\",\"item\":\"https:\\\/\\\/clair.si\\\/hr\\\/\"},{\"@type\":\"ListItem\",\"position\":2,\"name\":\"Trgovina\",\"item\":\"https:\\\/\\\/clair.si\\\/trgovina\\\/\"},{\"@type\":\"ListItem\",\"position\":3,\"name\":\"Dje\u010dji za\u0161titni prsluk Komperdell Champion\"}]},{\"@type\":\"WebSite\",\"@id\":\"https:\\\/\\\/clair.si\\\/#website\",\"url\":\"https:\\\/\\\/clair.si\\\/\",\"name\":\"Clair\",\"description\":\"Trgovina s konjeni\u0161ko opremo\",\"publisher\":{\"@id\":\"https:\\\/\\\/clair.si\\\/#organization\"},\"potentialAction\":[{\"@type\":\"SearchAction\",\"target\":{\"@type\":\"EntryPoint\",\"urlTemplate\":\"https:\\\/\\\/clair.si\\\/?s={search_term_string}\"},\"query-input\":{\"@type\":\"PropertyValueSpecification\",\"valueRequired\":true,\"valueName\":\"search_term_string\"}}],\"inLanguage\":\"hr\"},{\"@type\":\"Organization\",\"@id\":\"https:\\\/\\\/clair.si\\\/#organization\",\"name\":\"Clair\",\"url\":\"https:\\\/\\\/clair.si\\\/\",\"logo\":{\"@type\":\"ImageObject\",\"inLanguage\":\"hr\",\"@id\":\"https:\\\/\\\/clair.si\\\/#\\\/schema\\\/logo\\\/image\\\/\",\"url\":\"https:\\\/\\\/clair.si\\\/wp-content\\\/uploads\\\/2022\\\/11\\\/clair_logo_2022.jpg\",\"contentUrl\":\"https:\\\/\\\/clair.si\\\/wp-content\\\/uploads\\\/2022\\\/11\\\/clair_logo_2022.jpg\",\"width\":1920,\"height\":1920,\"caption\":\"Clair\"},\"image\":{\"@id\":\"https:\\\/\\\/clair.si\\\/#\\\/schema\\\/logo\\\/image\\\/\"},\"sameAs\":[\"https:\\\/\\\/www.facebook.com\\\/TrgovinaClair\\\/\"]}]}<\/script>\n<!-- \/ Yoast SEO plugin. -->","yoast_head_json":{"title":"Dje\u010dji za\u0161titni prsluk Komperdell Champion - Clair","description":"Dje\u010dji za\u0161titni prsluk Komperdell Champion pobolj\u0161ana je za\u0161tita za mlade. Savr\u0161en je prsluk za djecu koja ne moraju nositi prsluk za\u0161titne razine 3.","robots":{"index":"index","follow":"follow","max-snippet":"max-snippet:-1","max-image-preview":"max-image-preview:large","max-video-preview":"max-video-preview:-1"},"canonical":"https:\/\/clair.si\/hr\/izdelek\/djecji-zastitni-prsluk-komperdell-champion\/","og_locale":"hr_HR","og_type":"article","og_title":"Dje\u010dji za\u0161titni prsluk Komperdell Champion - Clair","og_description":"Dje\u010dji za\u0161titni prsluk Komperdell Champion pobolj\u0161ana je za\u0161tita za mlade. Savr\u0161en je prsluk za djecu koja ne moraju nositi prsluk za\u0161titne razine 3.","og_url":"https:\/\/clair.si\/hr\/izdelek\/djecji-zastitni-prsluk-komperdell-champion\/","og_site_name":"Clair","article_publisher":"https:\/\/www.facebook.com\/TrgovinaClair\/","article_modified_time":"2025-12-21T15:09:58+00:00","og_image":[{"width":800,"height":800,"url":"https:\/\/clair.si\/wp-content\/uploads\/2022\/10\/komperdell-champion-back-protector-zascitni-jahalni-brezrokavnik-zelva.webp","type":"image\/jpeg"}],"twitter_card":"summary_large_image","twitter_misc":{"Procijenjeno vrijeme \u010ditanja":"2 minute"},"schema":{"@context":"https:\/\/schema.org","@graph":[{"@type":"WebPage","@id":"https:\/\/clair.si\/hr\/izdelek\/djecji-zastitni-prsluk-komperdell-champion\/","url":"https:\/\/clair.si\/hr\/izdelek\/djecji-zastitni-prsluk-komperdell-champion\/","name":"Dje\u010dji za\u0161titni prsluk Komperdell Champion - Clair","isPartOf":{"@id":"https:\/\/clair.si\/#website"},"primaryImageOfPage":{"@id":"https:\/\/clair.si\/hr\/izdelek\/djecji-zastitni-prsluk-komperdell-champion\/#primaryimage"},"image":{"@id":"https:\/\/clair.si\/hr\/izdelek\/djecji-zastitni-prsluk-komperdell-champion\/#primaryimage"},"thumbnailUrl":"https:\/\/clair.si\/wp-content\/uploads\/2022\/10\/komperdell-champion-back-protector-zascitni-jahalni-brezrokavnik-zelva.webp","datePublished":"2022-10-20T11:38:27+00:00","dateModified":"2025-12-21T15:09:58+00:00","description":"Dje\u010dji za\u0161titni prsluk Komperdell Champion pobolj\u0161ana je za\u0161tita za mlade. Savr\u0161en je prsluk za djecu koja ne moraju nositi prsluk za\u0161titne razine 3.","breadcrumb":{"@id":"https:\/\/clair.si\/hr\/izdelek\/djecji-zastitni-prsluk-komperdell-champion\/#breadcrumb"},"inLanguage":"hr","potentialAction":[{"@type":"ReadAction","target":["https:\/\/clair.si\/hr\/izdelek\/djecji-zastitni-prsluk-komperdell-champion\/"]}]},{"@type":"ImageObject","inLanguage":"hr","@id":"https:\/\/clair.si\/hr\/izdelek\/djecji-zastitni-prsluk-komperdell-champion\/#primaryimage","url":"https:\/\/clair.si\/wp-content\/uploads\/2022\/10\/komperdell-champion-back-protector-zascitni-jahalni-brezrokavnik-zelva.webp","contentUrl":"https:\/\/clair.si\/wp-content\/uploads\/2022\/10\/komperdell-champion-back-protector-zascitni-jahalni-brezrokavnik-zelva.webp","width":800,"height":800,"caption":"Za\u0161\u010ditni jahalni jopi\u010d Komperdell Champion"},{"@type":"BreadcrumbList","@id":"https:\/\/clair.si\/hr\/izdelek\/djecji-zastitni-prsluk-komperdell-champion\/#breadcrumb","itemListElement":[{"@type":"ListItem","position":1,"name":"Home","item":"https:\/\/clair.si\/hr\/"},{"@type":"ListItem","position":2,"name":"Trgovina","item":"https:\/\/clair.si\/trgovina\/"},{"@type":"ListItem","position":3,"name":"Dje\u010dji za\u0161titni prsluk Komperdell Champion"}]},{"@type":"WebSite","@id":"https:\/\/clair.si\/#website","url":"https:\/\/clair.si\/","name":"Clair","description":"Trgovina s konjeni\u0161ko opremo","publisher":{"@id":"https:\/\/clair.si\/#organization"},"potentialAction":[{"@type":"SearchAction","target":{"@type":"EntryPoint","urlTemplate":"https:\/\/clair.si\/?s={search_term_string}"},"query-input":{"@type":"PropertyValueSpecification","valueRequired":true,"valueName":"search_term_string"}}],"inLanguage":"hr"},{"@type":"Organization","@id":"https:\/\/clair.si\/#organization","name":"Clair","url":"https:\/\/clair.si\/","logo":{"@type":"ImageObject","inLanguage":"hr","@id":"https:\/\/clair.si\/#\/schema\/logo\/image\/","url":"https:\/\/clair.si\/wp-content\/uploads\/2022\/11\/clair_logo_2022.jpg","contentUrl":"https:\/\/clair.si\/wp-content\/uploads\/2022\/11\/clair_logo_2022.jpg","width":1920,"height":1920,"caption":"Clair"},"image":{"@id":"https:\/\/clair.si\/#\/schema\/logo\/image\/"},"sameAs":["https:\/\/www.facebook.com\/TrgovinaClair\/"]}]}},"_links":{"self":[{"href":"https:\/\/clair.si\/hr\/wp-json\/wp\/v2\/product\/101286","targetHints":{"allow":["GET"]}}],"collection":[{"href":"https:\/\/clair.si\/hr\/wp-json\/wp\/v2\/product"}],"about":[{"href":"https:\/\/clair.si\/hr\/wp-json\/wp\/v2\/types\/product"}],"version-history":[{"count":1,"href":"https:\/\/clair.si\/hr\/wp-json\/wp\/v2\/product\/101286\/revisions"}],"predecessor-version":[{"id":122734,"href":"https:\/\/clair.si\/hr\/wp-json\/wp\/v2\/product\/101286\/revisions\/122734"}],"wp:featuredmedia":[{"embeddable":true,"href":"https:\/\/clair.si\/hr\/wp-json\/wp\/v2\/media\/101302"}],"wp:attachment":[{"href":"https:\/\/clair.si\/hr\/wp-json\/wp\/v2\/media?parent=101286"}],"wp:term":[{"taxonomy":"product_brand","embeddable":true,"href":"https:\/\/clair.si\/hr\/wp-json\/wp\/v2\/product_brand?post=101286"},{"taxonomy":"product_cat","embeddable":true,"href":"https:\/\/clair.si\/hr\/wp-json\/wp\/v2\/product_cat?post=101286"},{"taxonomy":"product_tag","embeddable":true,"href":"https:\/\/clair.si\/hr\/wp-json\/wp\/v2\/product_tag?post=101286"}],"curies":[{"name":"wp","href":"https:\/\/api.w.org\/{rel}","templated":true}]}}