{"id":101350,"date":"2022-10-14T11:32:13","date_gmt":"2022-10-14T09:32:13","guid":{"rendered":"https:\/\/clair.si\/izdelek\/ljetni-pamucni-prekrivac-equitheme-summer\/"},"modified":"2025-09-14T10:49:03","modified_gmt":"2025-09-14T08:49:03","slug":"ljetni-pamucni-deka-equitheme-summer","status":"publish","type":"product","link":"https:\/\/clair.si\/hr\/izdelek\/ljetni-pamucni-deka-equitheme-summer\/","title":{"rendered":"Ljetna pamu\u010dna deka Equitheme Summer"},"content":{"rendered":"<p><span class=\"HwtZe\" lang=\"sl\"><span class=\"jCAhz ChMk0b\"><span class=\"ryNqvb\"><strong><span class=\"jCAhz\">Ljetna pamu\u010dna deka <\/span>Equitheme Summer<\/strong> &#8211; lijepi ljetni <span class=\"jCAhz\">deka <\/span>za konja izra\u0111en od polupamu\u010dnog materijala<strong> s umetcima na podru\u010dju prednjih nogu, za ve\u0107u slobodu kretanja.<\/strong><\/span><\/span> <\/span><\/p>\n<p><span class=\"HwtZe\" lang=\"sl\">Ljetna <span class=\"jCAhz\"><span class=\"ryNqvb\">deka <\/span><\/span>ima kri\u017ene elasti\u010dne trake za pri\u010dvr\u0161\u0107ivanje<span class=\"jCAhz ChMk0b\"><span class=\"ryNqvb\">, elasti\u010dne trake za noge, vrpcu za rep i podlogu na grebenu od umjetne ov\u010dje ko\u017ee.<\/span><\/span> <span class=\"jCAhz ChMk0b\"><span class=\"ryNqvb\">Prsni dio je oja\u010dan podlogom dvostruke debljine, zatvara se brzim karabinerima.<\/span><\/span> <\/span><\/p>\n<p><span class=\"HwtZe\" lang=\"sl\"><span class=\"jCAhz ChMk0b\"><span class=\"ryNqvb\">Materijal: 65% pamuk, 35% poliester.<\/span><\/span><\/span><\/p>\n","protected":false},"excerpt":{"rendered":"<p>Ljetna pamu\u010dna deka Equitheme Summer &#8211; lijepi ljetni deka za konja izra\u0111en od polupamu\u010dnog materijala s umetcima na podru\u010dju prednjih<\/p>\n","protected":false},"featured_media":101355,"template":"","meta":{"footnotes":""},"product_brand":[],"product_cat":[5692,5624,5770,5805],"product_tag":[],"class_list":{"0":"post-101350","1":"product","2":"type-product","3":"status-publish","4":"has-post-thumbnail","6":"product_cat-pokrivaci","7":"product_cat-konj-hr","8":"product_cat-ljetne-deke","9":"product_cat-stalski-deke-hr","11":"first","12":"instock","13":"sale","14":"shipping-taxable","15":"purchasable","16":"product-type-variable"},"yoast_head":"<!-- This site is optimized with the Yoast SEO plugin v27.4 - https:\/\/yoast.com\/product\/yoast-seo-wordpress\/ -->\n<title>Ljetna pamu\u010dna deka Equitheme Summer - Clair<\/title>\n<meta name=\"description\" content=\"Ljetna pamu\u010dna deka Equitheme Summer - lijepi ljetni deka za konja izra\u0111en od polupamu\u010dnog materijala s umetcima na podru\u010dju prednjih nogu, za ve\u0107u\" \/>\n<meta name=\"robots\" content=\"index, follow, max-snippet:-1, max-image-preview:large, max-video-preview:-1\" \/>\n<link rel=\"canonical\" href=\"https:\/\/clair.si\/izdelek\/letno-bombazno-pregrinjalo-equitheme-summer\/\" \/>\n<meta property=\"og:locale\" content=\"hr_HR\" \/>\n<meta property=\"og:type\" content=\"article\" \/>\n<meta property=\"og:title\" content=\"Ljetna pamu\u010dna deka Equitheme Summer - Clair\" \/>\n<meta property=\"og:description\" content=\"Ljetna pamu\u010dna deka Equitheme Summer - lijepi ljetni deka za konja izra\u0111en od polupamu\u010dnog materijala s umetcima na podru\u010dju prednjih nogu, za ve\u0107u\" \/>\n<meta property=\"og:url\" content=\"https:\/\/clair.si\/izdelek\/letno-bombazno-pregrinjalo-equitheme-summer\/\" \/>\n<meta property=\"og:site_name\" content=\"Clair\" \/>\n<meta property=\"article:publisher\" content=\"https:\/\/www.facebook.com\/TrgovinaClair\/\" \/>\n<meta property=\"article:modified_time\" content=\"2025-09-14T08:49:03+00:00\" \/>\n<meta property=\"og:image\" content=\"https:\/\/clair.si\/wp-content\/uploads\/2022\/10\/equitheme-polycotton-letno-pregrinjalo-deka-za-konja.jpg\" \/>\n\t<meta property=\"og:image:width\" content=\"800\" \/>\n\t<meta property=\"og:image:height\" content=\"800\" \/>\n\t<meta property=\"og:image:type\" content=\"image\/jpeg\" \/>\n<meta name=\"twitter:card\" content=\"summary_large_image\" \/>\n<meta name=\"twitter:label1\" content=\"Procijenjeno vrijeme \u010ditanja\" \/>\n\t<meta name=\"twitter:data1\" content=\"1 minuta\" \/>\n<script type=\"application\/ld+json\" class=\"yoast-schema-graph\">{\"@context\":\"https:\\\/\\\/schema.org\",\"@graph\":[{\"@type\":\"WebPage\",\"@id\":\"https:\\\/\\\/clair.si\\\/izdelek\\\/letno-bombazno-pregrinjalo-equitheme-summer\\\/\",\"url\":\"https:\\\/\\\/clair.si\\\/izdelek\\\/letno-bombazno-pregrinjalo-equitheme-summer\\\/\",\"name\":\"Ljetna pamu\u010dna deka Equitheme Summer - Clair\",\"isPartOf\":{\"@id\":\"https:\\\/\\\/clair.si\\\/#website\"},\"primaryImageOfPage\":{\"@id\":\"https:\\\/\\\/clair.si\\\/izdelek\\\/letno-bombazno-pregrinjalo-equitheme-summer\\\/#primaryimage\"},\"image\":{\"@id\":\"https:\\\/\\\/clair.si\\\/izdelek\\\/letno-bombazno-pregrinjalo-equitheme-summer\\\/#primaryimage\"},\"thumbnailUrl\":\"https:\\\/\\\/clair.si\\\/wp-content\\\/uploads\\\/2022\\\/10\\\/equitheme-polycotton-letno-pregrinjalo-deka-za-konja.webp\",\"datePublished\":\"2022-10-14T09:32:13+00:00\",\"dateModified\":\"2025-09-14T08:49:03+00:00\",\"description\":\"Ljetna pamu\u010dna deka Equitheme Summer - lijepi ljetni deka za konja izra\u0111en od polupamu\u010dnog materijala s umetcima na podru\u010dju prednjih nogu, za ve\u0107u\",\"breadcrumb\":{\"@id\":\"https:\\\/\\\/clair.si\\\/izdelek\\\/letno-bombazno-pregrinjalo-equitheme-summer\\\/#breadcrumb\"},\"inLanguage\":\"hr\",\"potentialAction\":[{\"@type\":\"ReadAction\",\"target\":[\"https:\\\/\\\/clair.si\\\/izdelek\\\/letno-bombazno-pregrinjalo-equitheme-summer\\\/\"]}]},{\"@type\":\"ImageObject\",\"inLanguage\":\"hr\",\"@id\":\"https:\\\/\\\/clair.si\\\/izdelek\\\/letno-bombazno-pregrinjalo-equitheme-summer\\\/#primaryimage\",\"url\":\"https:\\\/\\\/clair.si\\\/wp-content\\\/uploads\\\/2022\\\/10\\\/equitheme-polycotton-letno-pregrinjalo-deka-za-konja.webp\",\"contentUrl\":\"https:\\\/\\\/clair.si\\\/wp-content\\\/uploads\\\/2022\\\/10\\\/equitheme-polycotton-letno-pregrinjalo-deka-za-konja.webp\",\"width\":800,\"height\":800},{\"@type\":\"BreadcrumbList\",\"@id\":\"https:\\\/\\\/clair.si\\\/izdelek\\\/letno-bombazno-pregrinjalo-equitheme-summer\\\/#breadcrumb\",\"itemListElement\":[{\"@type\":\"ListItem\",\"position\":1,\"name\":\"Home\",\"item\":\"https:\\\/\\\/clair.si\\\/hr\\\/\"},{\"@type\":\"ListItem\",\"position\":2,\"name\":\"Trgovina\",\"item\":\"https:\\\/\\\/clair.si\\\/trgovina\\\/\"},{\"@type\":\"ListItem\",\"position\":3,\"name\":\"Ljetna pamu\u010dna deka Equitheme Summer\"}]},{\"@type\":\"WebSite\",\"@id\":\"https:\\\/\\\/clair.si\\\/#website\",\"url\":\"https:\\\/\\\/clair.si\\\/\",\"name\":\"Clair\",\"description\":\"Trgovina s konjeni\u0161ko opremo\",\"publisher\":{\"@id\":\"https:\\\/\\\/clair.si\\\/#organization\"},\"potentialAction\":[{\"@type\":\"SearchAction\",\"target\":{\"@type\":\"EntryPoint\",\"urlTemplate\":\"https:\\\/\\\/clair.si\\\/?s={search_term_string}\"},\"query-input\":{\"@type\":\"PropertyValueSpecification\",\"valueRequired\":true,\"valueName\":\"search_term_string\"}}],\"inLanguage\":\"hr\"},{\"@type\":\"Organization\",\"@id\":\"https:\\\/\\\/clair.si\\\/#organization\",\"name\":\"Clair\",\"url\":\"https:\\\/\\\/clair.si\\\/\",\"logo\":{\"@type\":\"ImageObject\",\"inLanguage\":\"hr\",\"@id\":\"https:\\\/\\\/clair.si\\\/#\\\/schema\\\/logo\\\/image\\\/\",\"url\":\"https:\\\/\\\/clair.si\\\/wp-content\\\/uploads\\\/2022\\\/11\\\/clair_logo_2022.jpg\",\"contentUrl\":\"https:\\\/\\\/clair.si\\\/wp-content\\\/uploads\\\/2022\\\/11\\\/clair_logo_2022.jpg\",\"width\":1920,\"height\":1920,\"caption\":\"Clair\"},\"image\":{\"@id\":\"https:\\\/\\\/clair.si\\\/#\\\/schema\\\/logo\\\/image\\\/\"},\"sameAs\":[\"https:\\\/\\\/www.facebook.com\\\/TrgovinaClair\\\/\"]}]}<\/script>\n<!-- \/ Yoast SEO plugin. -->","yoast_head_json":{"title":"Ljetna pamu\u010dna deka Equitheme Summer - Clair","description":"Ljetna pamu\u010dna deka Equitheme Summer - lijepi ljetni deka za konja izra\u0111en od polupamu\u010dnog materijala s umetcima na podru\u010dju prednjih nogu, za ve\u0107u","robots":{"index":"index","follow":"follow","max-snippet":"max-snippet:-1","max-image-preview":"max-image-preview:large","max-video-preview":"max-video-preview:-1"},"canonical":"https:\/\/clair.si\/izdelek\/letno-bombazno-pregrinjalo-equitheme-summer\/","og_locale":"hr_HR","og_type":"article","og_title":"Ljetna pamu\u010dna deka Equitheme Summer - Clair","og_description":"Ljetna pamu\u010dna deka Equitheme Summer - lijepi ljetni deka za konja izra\u0111en od polupamu\u010dnog materijala s umetcima na podru\u010dju prednjih nogu, za ve\u0107u","og_url":"https:\/\/clair.si\/izdelek\/letno-bombazno-pregrinjalo-equitheme-summer\/","og_site_name":"Clair","article_publisher":"https:\/\/www.facebook.com\/TrgovinaClair\/","article_modified_time":"2025-09-14T08:49:03+00:00","og_image":[{"width":800,"height":800,"url":"https:\/\/clair.si\/wp-content\/uploads\/2022\/10\/equitheme-polycotton-letno-pregrinjalo-deka-za-konja.jpg","type":"image\/jpeg"}],"twitter_card":"summary_large_image","twitter_misc":{"Procijenjeno vrijeme \u010ditanja":"1 minuta"},"schema":{"@context":"https:\/\/schema.org","@graph":[{"@type":"WebPage","@id":"https:\/\/clair.si\/izdelek\/letno-bombazno-pregrinjalo-equitheme-summer\/","url":"https:\/\/clair.si\/izdelek\/letno-bombazno-pregrinjalo-equitheme-summer\/","name":"Ljetna pamu\u010dna deka Equitheme Summer - Clair","isPartOf":{"@id":"https:\/\/clair.si\/#website"},"primaryImageOfPage":{"@id":"https:\/\/clair.si\/izdelek\/letno-bombazno-pregrinjalo-equitheme-summer\/#primaryimage"},"image":{"@id":"https:\/\/clair.si\/izdelek\/letno-bombazno-pregrinjalo-equitheme-summer\/#primaryimage"},"thumbnailUrl":"https:\/\/clair.si\/wp-content\/uploads\/2022\/10\/equitheme-polycotton-letno-pregrinjalo-deka-za-konja.webp","datePublished":"2022-10-14T09:32:13+00:00","dateModified":"2025-09-14T08:49:03+00:00","description":"Ljetna pamu\u010dna deka Equitheme Summer - lijepi ljetni deka za konja izra\u0111en od polupamu\u010dnog materijala s umetcima na podru\u010dju prednjih nogu, za ve\u0107u","breadcrumb":{"@id":"https:\/\/clair.si\/izdelek\/letno-bombazno-pregrinjalo-equitheme-summer\/#breadcrumb"},"inLanguage":"hr","potentialAction":[{"@type":"ReadAction","target":["https:\/\/clair.si\/izdelek\/letno-bombazno-pregrinjalo-equitheme-summer\/"]}]},{"@type":"ImageObject","inLanguage":"hr","@id":"https:\/\/clair.si\/izdelek\/letno-bombazno-pregrinjalo-equitheme-summer\/#primaryimage","url":"https:\/\/clair.si\/wp-content\/uploads\/2022\/10\/equitheme-polycotton-letno-pregrinjalo-deka-za-konja.webp","contentUrl":"https:\/\/clair.si\/wp-content\/uploads\/2022\/10\/equitheme-polycotton-letno-pregrinjalo-deka-za-konja.webp","width":800,"height":800},{"@type":"BreadcrumbList","@id":"https:\/\/clair.si\/izdelek\/letno-bombazno-pregrinjalo-equitheme-summer\/#breadcrumb","itemListElement":[{"@type":"ListItem","position":1,"name":"Home","item":"https:\/\/clair.si\/hr\/"},{"@type":"ListItem","position":2,"name":"Trgovina","item":"https:\/\/clair.si\/trgovina\/"},{"@type":"ListItem","position":3,"name":"Ljetna pamu\u010dna deka Equitheme Summer"}]},{"@type":"WebSite","@id":"https:\/\/clair.si\/#website","url":"https:\/\/clair.si\/","name":"Clair","description":"Trgovina s konjeni\u0161ko opremo","publisher":{"@id":"https:\/\/clair.si\/#organization"},"potentialAction":[{"@type":"SearchAction","target":{"@type":"EntryPoint","urlTemplate":"https:\/\/clair.si\/?s={search_term_string}"},"query-input":{"@type":"PropertyValueSpecification","valueRequired":true,"valueName":"search_term_string"}}],"inLanguage":"hr"},{"@type":"Organization","@id":"https:\/\/clair.si\/#organization","name":"Clair","url":"https:\/\/clair.si\/","logo":{"@type":"ImageObject","inLanguage":"hr","@id":"https:\/\/clair.si\/#\/schema\/logo\/image\/","url":"https:\/\/clair.si\/wp-content\/uploads\/2022\/11\/clair_logo_2022.jpg","contentUrl":"https:\/\/clair.si\/wp-content\/uploads\/2022\/11\/clair_logo_2022.jpg","width":1920,"height":1920,"caption":"Clair"},"image":{"@id":"https:\/\/clair.si\/#\/schema\/logo\/image\/"},"sameAs":["https:\/\/www.facebook.com\/TrgovinaClair\/"]}]}},"_links":{"self":[{"href":"https:\/\/clair.si\/hr\/wp-json\/wp\/v2\/product\/101350","targetHints":{"allow":["GET"]}}],"collection":[{"href":"https:\/\/clair.si\/hr\/wp-json\/wp\/v2\/product"}],"about":[{"href":"https:\/\/clair.si\/hr\/wp-json\/wp\/v2\/types\/product"}],"version-history":[{"count":0,"href":"https:\/\/clair.si\/hr\/wp-json\/wp\/v2\/product\/101350\/revisions"}],"wp:featuredmedia":[{"embeddable":true,"href":"https:\/\/clair.si\/hr\/wp-json\/wp\/v2\/media\/101355"}],"wp:attachment":[{"href":"https:\/\/clair.si\/hr\/wp-json\/wp\/v2\/media?parent=101350"}],"wp:term":[{"taxonomy":"product_brand","embeddable":true,"href":"https:\/\/clair.si\/hr\/wp-json\/wp\/v2\/product_brand?post=101350"},{"taxonomy":"product_cat","embeddable":true,"href":"https:\/\/clair.si\/hr\/wp-json\/wp\/v2\/product_cat?post=101350"},{"taxonomy":"product_tag","embeddable":true,"href":"https:\/\/clair.si\/hr\/wp-json\/wp\/v2\/product_tag?post=101350"}],"curies":[{"name":"wp","href":"https:\/\/api.w.org\/{rel}","templated":true}]}}