{"id":101351,"date":"2022-10-17T11:16:18","date_gmt":"2022-10-17T09:16:18","guid":{"rendered":"https:\/\/clair.si\/izdelek\/zimski-pokrivac-kavalkade-alaska-iv-300g\/"},"modified":"2026-01-07T16:07:43","modified_gmt":"2026-01-07T15:07:43","slug":"zimski-deka-kavalkade-alaska-iv-300g","status":"publish","type":"product","link":"https:\/\/clair.si\/hr\/izdelek\/zimski-deka-kavalkade-alaska-iv-300g\/","title":{"rendered":"Zimski deka Kavalkade Alaska IV 300g"},"content":{"rendered":"<p><strong>Zimski deka Kavalkade Alaska IV 300g<\/strong> &#8211; &#8220;Chic zimski pokriva\u010d za konje, <strong>otporan na ki\u0161u i vjetar!<\/strong><\/p>\n<p><span class=\"HwtZe\" lang=\"sl\"><span class=\"jCAhz\"><span class=\"ryNqvb\">Zimski deka je <strong>otporan i na trganje i ogrebotine<\/strong>, zahvaljuju\u0107i tkanini <strong>1200 DEN ripstop<\/strong>. Zatvoreni u\u0161iveni umetak na obje strane prednjih konjskih nogu osigurava vi\u0161e prostora i ve\u0107u udobnost, te slobodu kretanja. <\/span><\/span><\/span><\/p>\n<p><span class=\"HwtZe\" lang=\"sl\"><span class=\"jCAhz\"><span class=\"ryNqvb\">Kop\u010danje na prsima sastoji se od Velcro \u010di\u010dka i dodatnih metalnih kop\u010di za <strong>optimalno prianjanje<\/strong>. Kri\u017eni trbu\u0161ni remeni i remen za pri\u010dvr\u0161\u0107ivanje ispod repa sprje\u010davaju da ovaj zimski pokriva\u010d Kavalkade Alaska IV 300g sklizne s konja i tako osiguravaju sigurno prianjanje. <\/span><\/span><\/span><\/p>\n<p><span class=\"HwtZe\" lang=\"sl\"><span class=\"jCAhz\"><span class=\"ryNqvb\"> Materijal: 100% poliester <\/span><\/span><\/span><\/p>\n<p><span class=\"HwtZe\" lang=\"sl\"><span class=\"jCAhz\"><span class=\"ryNqvb\">Punjenje: 300g <\/span><\/span><\/span><\/p>\n<p><span class=\"HwtZe\" lang=\"sl\"><span class=\"jCAhz\"><span class=\"ryNqvb\">Upute za njegu: Perivo u perilici rublja do 30 \u00b0 C. Osjetljivo ili nje\u017eno pranje.<\/span><\/span><\/span><\/p>\n","protected":false},"excerpt":{"rendered":"<p>Zimski deka Kavalkade Alaska IV 300g &#8211; &#8220;Chic zimski pokriva\u010d za konje, otporan na ki\u0161u i vjetar! Zimski deka je<\/p>\n","protected":false},"featured_media":101359,"template":"","meta":{"footnotes":""},"product_brand":[],"product_cat":[5692,5624,5802],"product_tag":[],"class_list":{"0":"post-101351","1":"product","2":"type-product","3":"status-publish","4":"has-post-thumbnail","6":"product_cat-pokrivaci","7":"product_cat-konj-hr","8":"product_cat-zimski-deke","10":"first","11":"instock","12":"sale","13":"shipping-taxable","14":"purchasable","15":"product-type-variable"},"yoast_head":"<!-- This site is optimized with the Yoast SEO plugin v27.4 - https:\/\/yoast.com\/product\/yoast-seo-wordpress\/ -->\n<title>Zimski deka Kavalkade Alaska IV 300g - Clair<\/title>\n<meta name=\"description\" content=\"Zimski pokriva\u010d Kavalkade Alaska IV 300g - &quot;Chic zimski pokriva\u010d za konje, otporan na ki\u0161u, vjetar i ogrebotine! Naru\u010dite jo\u0161 danas!\" \/>\n<meta name=\"robots\" content=\"index, follow, max-snippet:-1, max-image-preview:large, max-video-preview:-1\" \/>\n<link rel=\"canonical\" href=\"https:\/\/clair.si\/izdelek\/zimsko-pregrinjalo-kavalkade-alaska-iv\/\" \/>\n<meta property=\"og:locale\" content=\"hr_HR\" \/>\n<meta property=\"og:type\" content=\"article\" \/>\n<meta property=\"og:title\" content=\"Zimski deka Kavalkade Alaska IV 300g - Clair\" \/>\n<meta property=\"og:description\" content=\"Zimski pokriva\u010d Kavalkade Alaska IV 300g - &quot;Chic zimski pokriva\u010d za konje, otporan na ki\u0161u, vjetar i ogrebotine! Naru\u010dite jo\u0161 danas!\" \/>\n<meta property=\"og:url\" content=\"https:\/\/clair.si\/izdelek\/zimsko-pregrinjalo-kavalkade-alaska-iv\/\" \/>\n<meta property=\"og:site_name\" content=\"Clair\" \/>\n<meta property=\"article:publisher\" content=\"https:\/\/www.facebook.com\/TrgovinaClair\/\" \/>\n<meta property=\"article:modified_time\" content=\"2026-01-07T15:07:43+00:00\" \/>\n<meta property=\"og:image\" content=\"https:\/\/clair.si\/wp-content\/uploads\/2022\/10\/46402_01-kavalkade-zimsko-pregrinjalo-deka-za-konja-300g.jpg\" \/>\n\t<meta property=\"og:image:width\" content=\"825\" \/>\n\t<meta property=\"og:image:height\" content=\"725\" \/>\n\t<meta property=\"og:image:type\" content=\"image\/jpeg\" \/>\n<meta name=\"twitter:card\" content=\"summary_large_image\" \/>\n<meta name=\"twitter:label1\" content=\"Procijenjeno vrijeme \u010ditanja\" \/>\n\t<meta name=\"twitter:data1\" content=\"1 minuta\" \/>\n<script type=\"application\/ld+json\" class=\"yoast-schema-graph\">{\"@context\":\"https:\\\/\\\/schema.org\",\"@graph\":[{\"@type\":\"WebPage\",\"@id\":\"https:\\\/\\\/clair.si\\\/izdelek\\\/zimsko-pregrinjalo-kavalkade-alaska-iv\\\/\",\"url\":\"https:\\\/\\\/clair.si\\\/izdelek\\\/zimsko-pregrinjalo-kavalkade-alaska-iv\\\/\",\"name\":\"Zimski deka Kavalkade Alaska IV 300g - Clair\",\"isPartOf\":{\"@id\":\"https:\\\/\\\/clair.si\\\/#website\"},\"primaryImageOfPage\":{\"@id\":\"https:\\\/\\\/clair.si\\\/izdelek\\\/zimsko-pregrinjalo-kavalkade-alaska-iv\\\/#primaryimage\"},\"image\":{\"@id\":\"https:\\\/\\\/clair.si\\\/izdelek\\\/zimsko-pregrinjalo-kavalkade-alaska-iv\\\/#primaryimage\"},\"thumbnailUrl\":\"https:\\\/\\\/clair.si\\\/wp-content\\\/uploads\\\/2022\\\/10\\\/46402_01-kavalkade-zimsko-pregrinjalo-deka-za-konja-300g.webp\",\"datePublished\":\"2022-10-17T09:16:18+00:00\",\"dateModified\":\"2026-01-07T15:07:43+00:00\",\"description\":\"Zimski pokriva\u010d Kavalkade Alaska IV 300g - \\\"Chic zimski pokriva\u010d za konje, otporan na ki\u0161u, vjetar i ogrebotine! Naru\u010dite jo\u0161 danas!\",\"breadcrumb\":{\"@id\":\"https:\\\/\\\/clair.si\\\/izdelek\\\/zimsko-pregrinjalo-kavalkade-alaska-iv\\\/#breadcrumb\"},\"inLanguage\":\"hr\",\"potentialAction\":[{\"@type\":\"ReadAction\",\"target\":[\"https:\\\/\\\/clair.si\\\/izdelek\\\/zimsko-pregrinjalo-kavalkade-alaska-iv\\\/\"]}]},{\"@type\":\"ImageObject\",\"inLanguage\":\"hr\",\"@id\":\"https:\\\/\\\/clair.si\\\/izdelek\\\/zimsko-pregrinjalo-kavalkade-alaska-iv\\\/#primaryimage\",\"url\":\"https:\\\/\\\/clair.si\\\/wp-content\\\/uploads\\\/2022\\\/10\\\/46402_01-kavalkade-zimsko-pregrinjalo-deka-za-konja-300g.webp\",\"contentUrl\":\"https:\\\/\\\/clair.si\\\/wp-content\\\/uploads\\\/2022\\\/10\\\/46402_01-kavalkade-zimsko-pregrinjalo-deka-za-konja-300g.webp\",\"width\":825,\"height\":725,\"caption\":\"Zimsko pregrinjalo za konja Alaska IV Kavalkade.\"},{\"@type\":\"BreadcrumbList\",\"@id\":\"https:\\\/\\\/clair.si\\\/izdelek\\\/zimsko-pregrinjalo-kavalkade-alaska-iv\\\/#breadcrumb\",\"itemListElement\":[{\"@type\":\"ListItem\",\"position\":1,\"name\":\"Home\",\"item\":\"https:\\\/\\\/clair.si\\\/hr\\\/\"},{\"@type\":\"ListItem\",\"position\":2,\"name\":\"Trgovina\",\"item\":\"https:\\\/\\\/clair.si\\\/trgovina\\\/\"},{\"@type\":\"ListItem\",\"position\":3,\"name\":\"Zimski deka Kavalkade Alaska IV 300g\"}]},{\"@type\":\"WebSite\",\"@id\":\"https:\\\/\\\/clair.si\\\/#website\",\"url\":\"https:\\\/\\\/clair.si\\\/\",\"name\":\"Clair\",\"description\":\"Trgovina s konjeni\u0161ko opremo\",\"publisher\":{\"@id\":\"https:\\\/\\\/clair.si\\\/#organization\"},\"potentialAction\":[{\"@type\":\"SearchAction\",\"target\":{\"@type\":\"EntryPoint\",\"urlTemplate\":\"https:\\\/\\\/clair.si\\\/?s={search_term_string}\"},\"query-input\":{\"@type\":\"PropertyValueSpecification\",\"valueRequired\":true,\"valueName\":\"search_term_string\"}}],\"inLanguage\":\"hr\"},{\"@type\":\"Organization\",\"@id\":\"https:\\\/\\\/clair.si\\\/#organization\",\"name\":\"Clair\",\"url\":\"https:\\\/\\\/clair.si\\\/\",\"logo\":{\"@type\":\"ImageObject\",\"inLanguage\":\"hr\",\"@id\":\"https:\\\/\\\/clair.si\\\/#\\\/schema\\\/logo\\\/image\\\/\",\"url\":\"https:\\\/\\\/clair.si\\\/wp-content\\\/uploads\\\/2022\\\/11\\\/clair_logo_2022.jpg\",\"contentUrl\":\"https:\\\/\\\/clair.si\\\/wp-content\\\/uploads\\\/2022\\\/11\\\/clair_logo_2022.jpg\",\"width\":1920,\"height\":1920,\"caption\":\"Clair\"},\"image\":{\"@id\":\"https:\\\/\\\/clair.si\\\/#\\\/schema\\\/logo\\\/image\\\/\"},\"sameAs\":[\"https:\\\/\\\/www.facebook.com\\\/TrgovinaClair\\\/\"]}]}<\/script>\n<!-- \/ Yoast SEO plugin. -->","yoast_head_json":{"title":"Zimski deka Kavalkade Alaska IV 300g - Clair","description":"Zimski pokriva\u010d Kavalkade Alaska IV 300g - \"Chic zimski pokriva\u010d za konje, otporan na ki\u0161u, vjetar i ogrebotine! Naru\u010dite jo\u0161 danas!","robots":{"index":"index","follow":"follow","max-snippet":"max-snippet:-1","max-image-preview":"max-image-preview:large","max-video-preview":"max-video-preview:-1"},"canonical":"https:\/\/clair.si\/izdelek\/zimsko-pregrinjalo-kavalkade-alaska-iv\/","og_locale":"hr_HR","og_type":"article","og_title":"Zimski deka Kavalkade Alaska IV 300g - Clair","og_description":"Zimski pokriva\u010d Kavalkade Alaska IV 300g - \"Chic zimski pokriva\u010d za konje, otporan na ki\u0161u, vjetar i ogrebotine! Naru\u010dite jo\u0161 danas!","og_url":"https:\/\/clair.si\/izdelek\/zimsko-pregrinjalo-kavalkade-alaska-iv\/","og_site_name":"Clair","article_publisher":"https:\/\/www.facebook.com\/TrgovinaClair\/","article_modified_time":"2026-01-07T15:07:43+00:00","og_image":[{"width":825,"height":725,"url":"https:\/\/clair.si\/wp-content\/uploads\/2022\/10\/46402_01-kavalkade-zimsko-pregrinjalo-deka-za-konja-300g.jpg","type":"image\/jpeg"}],"twitter_card":"summary_large_image","twitter_misc":{"Procijenjeno vrijeme \u010ditanja":"1 minuta"},"schema":{"@context":"https:\/\/schema.org","@graph":[{"@type":"WebPage","@id":"https:\/\/clair.si\/izdelek\/zimsko-pregrinjalo-kavalkade-alaska-iv\/","url":"https:\/\/clair.si\/izdelek\/zimsko-pregrinjalo-kavalkade-alaska-iv\/","name":"Zimski deka Kavalkade Alaska IV 300g - Clair","isPartOf":{"@id":"https:\/\/clair.si\/#website"},"primaryImageOfPage":{"@id":"https:\/\/clair.si\/izdelek\/zimsko-pregrinjalo-kavalkade-alaska-iv\/#primaryimage"},"image":{"@id":"https:\/\/clair.si\/izdelek\/zimsko-pregrinjalo-kavalkade-alaska-iv\/#primaryimage"},"thumbnailUrl":"https:\/\/clair.si\/wp-content\/uploads\/2022\/10\/46402_01-kavalkade-zimsko-pregrinjalo-deka-za-konja-300g.webp","datePublished":"2022-10-17T09:16:18+00:00","dateModified":"2026-01-07T15:07:43+00:00","description":"Zimski pokriva\u010d Kavalkade Alaska IV 300g - \"Chic zimski pokriva\u010d za konje, otporan na ki\u0161u, vjetar i ogrebotine! Naru\u010dite jo\u0161 danas!","breadcrumb":{"@id":"https:\/\/clair.si\/izdelek\/zimsko-pregrinjalo-kavalkade-alaska-iv\/#breadcrumb"},"inLanguage":"hr","potentialAction":[{"@type":"ReadAction","target":["https:\/\/clair.si\/izdelek\/zimsko-pregrinjalo-kavalkade-alaska-iv\/"]}]},{"@type":"ImageObject","inLanguage":"hr","@id":"https:\/\/clair.si\/izdelek\/zimsko-pregrinjalo-kavalkade-alaska-iv\/#primaryimage","url":"https:\/\/clair.si\/wp-content\/uploads\/2022\/10\/46402_01-kavalkade-zimsko-pregrinjalo-deka-za-konja-300g.webp","contentUrl":"https:\/\/clair.si\/wp-content\/uploads\/2022\/10\/46402_01-kavalkade-zimsko-pregrinjalo-deka-za-konja-300g.webp","width":825,"height":725,"caption":"Zimsko pregrinjalo za konja Alaska IV Kavalkade."},{"@type":"BreadcrumbList","@id":"https:\/\/clair.si\/izdelek\/zimsko-pregrinjalo-kavalkade-alaska-iv\/#breadcrumb","itemListElement":[{"@type":"ListItem","position":1,"name":"Home","item":"https:\/\/clair.si\/hr\/"},{"@type":"ListItem","position":2,"name":"Trgovina","item":"https:\/\/clair.si\/trgovina\/"},{"@type":"ListItem","position":3,"name":"Zimski deka Kavalkade Alaska IV 300g"}]},{"@type":"WebSite","@id":"https:\/\/clair.si\/#website","url":"https:\/\/clair.si\/","name":"Clair","description":"Trgovina s konjeni\u0161ko opremo","publisher":{"@id":"https:\/\/clair.si\/#organization"},"potentialAction":[{"@type":"SearchAction","target":{"@type":"EntryPoint","urlTemplate":"https:\/\/clair.si\/?s={search_term_string}"},"query-input":{"@type":"PropertyValueSpecification","valueRequired":true,"valueName":"search_term_string"}}],"inLanguage":"hr"},{"@type":"Organization","@id":"https:\/\/clair.si\/#organization","name":"Clair","url":"https:\/\/clair.si\/","logo":{"@type":"ImageObject","inLanguage":"hr","@id":"https:\/\/clair.si\/#\/schema\/logo\/image\/","url":"https:\/\/clair.si\/wp-content\/uploads\/2022\/11\/clair_logo_2022.jpg","contentUrl":"https:\/\/clair.si\/wp-content\/uploads\/2022\/11\/clair_logo_2022.jpg","width":1920,"height":1920,"caption":"Clair"},"image":{"@id":"https:\/\/clair.si\/#\/schema\/logo\/image\/"},"sameAs":["https:\/\/www.facebook.com\/TrgovinaClair\/"]}]}},"_links":{"self":[{"href":"https:\/\/clair.si\/hr\/wp-json\/wp\/v2\/product\/101351","targetHints":{"allow":["GET"]}}],"collection":[{"href":"https:\/\/clair.si\/hr\/wp-json\/wp\/v2\/product"}],"about":[{"href":"https:\/\/clair.si\/hr\/wp-json\/wp\/v2\/types\/product"}],"version-history":[{"count":1,"href":"https:\/\/clair.si\/hr\/wp-json\/wp\/v2\/product\/101351\/revisions"}],"predecessor-version":[{"id":114273,"href":"https:\/\/clair.si\/hr\/wp-json\/wp\/v2\/product\/101351\/revisions\/114273"}],"wp:featuredmedia":[{"embeddable":true,"href":"https:\/\/clair.si\/hr\/wp-json\/wp\/v2\/media\/101359"}],"wp:attachment":[{"href":"https:\/\/clair.si\/hr\/wp-json\/wp\/v2\/media?parent=101351"}],"wp:term":[{"taxonomy":"product_brand","embeddable":true,"href":"https:\/\/clair.si\/hr\/wp-json\/wp\/v2\/product_brand?post=101351"},{"taxonomy":"product_cat","embeddable":true,"href":"https:\/\/clair.si\/hr\/wp-json\/wp\/v2\/product_cat?post=101351"},{"taxonomy":"product_tag","embeddable":true,"href":"https:\/\/clair.si\/hr\/wp-json\/wp\/v2\/product_tag?post=101351"}],"curies":[{"name":"wp","href":"https:\/\/api.w.org\/{rel}","templated":true}]}}