{"id":101389,"date":"2022-10-17T13:14:36","date_gmt":"2022-10-17T11:14:36","guid":{"rendered":"https:\/\/clair.si\/izdelek\/pokrivac-kavalkade-alaska-iv-100g\/"},"modified":"2026-01-02T21:02:28","modified_gmt":"2026-01-02T20:02:28","slug":"deka-kavalkade-alaska-iv-100g","status":"publish","type":"product","link":"https:\/\/clair.si\/hr\/izdelek\/deka-kavalkade-alaska-iv-100g\/","title":{"rendered":"Deka Kavalkade Alaska IV 100g"},"content":{"rendered":"<div class=\"wpb-content-wrapper\"><p>[vc_row][vc_column][vc_column_text css=&#8221;&#8221; woodmart_inline=&#8221;no&#8221; text_larger=&#8221;no&#8221;]<strong>Deka Kavalkade Alaska IV 100g <\/strong><span class=\"HwtZe\" lang=\"sl\"><span class=\"jCAhz\"><span class=\"ryNqvb\">je elegantna vanjska navlaka za konje s odli\u010dnim prianjanjem! <\/span><\/span><\/span><\/p>\n<p><span class=\"HwtZe\" lang=\"sl\"><span class=\"jCAhz\"><span class=\"ryNqvb\">Vanjski deka Alaska IV je <strong>otporan na vjetar i vodu, <\/strong>te dovoljno jak da<strong>odolijeva trljanju<\/strong>, zahvaljuju\u0107i tkanini <strong>ripstop 1200 DEN<\/strong>. U\u0161iveni umetak na obje strane prednjih nogu osigurava vi\u0161e prostora i udobnosti. Za optimalno prianjanje, zatvaranje na predjelu prsnog ko\u0161a izra\u0111eno je s \u010di\u010dcima i dodatnim kop\u010dama. Trbu\u0161ni kri\u017eni remeni i remen za pri\u010dvr\u0161\u0107ivanje ispod repa sprje\u010davaju da bi pokriva\u010d skliznuo s konja i tako osiguravaju <strong>sigurno prianjanje<\/strong>. <\/span><\/span><\/span><\/p>\n<p><span class=\"HwtZe\" lang=\"sl\"><span class=\"jCAhz\"><span class=\"ryNqvb\">Osim toga, ova navlaka za konja ima na svakoj strani dva obru\u010da za pri\u010dvr\u0161\u0107ivanje vratne navlake. <\/span><\/span><\/span><\/p>\n<ul>\n<li><span class=\"HwtZe\" lang=\"sl\"><span class=\"jCAhz\"><span class=\"ryNqvb\"> Materijal: 100% poliester <\/span><\/span><\/span><\/li>\n<li><span class=\"HwtZe\" lang=\"sl\"><span class=\"jCAhz\"><span class=\"ryNqvb\">Podstava: 100 g pamu\u010dne podstave <\/span><\/span><\/span><\/li>\n<\/ul>\n<p><span class=\"HwtZe\" lang=\"sl\"><span class=\"jCAhz\"><span class=\"ryNqvb\"><strong>Vanjsku navlaku za konja Alaska IV sa 100 g punjenja<\/strong> <strong>koristimo u prijelaznom razdoblju u prolje\u0107e i jesen, kada su konji \u010desto ve\u0107 obrijani.<\/strong> Kod konja koje ne brijemo, praksa je da ih rano u jesen pokrivamo i tako izbjegnemo da sami razviju deblju zimsku dlakavost. <\/span><\/span><\/span><\/p>\n<p><span class=\"HwtZe\" lang=\"sl\"><span class=\"jCAhz\"><span class=\"ryNqvb\">Upute za njegu: perivo u perilici rublja do 30\u00b0C. Osjetljiv ili nje\u017ean ciklus. <\/span><\/span><\/span><strong><br \/>\n<\/strong>[\/vc_column_text][\/vc_column][\/vc_row]<\/p>\n<\/div>","protected":false},"excerpt":{"rendered":"<p>[vc_row][vc_column][vc_column_text css=&#8221;&#8221; woodmart_inline=&#8221;no&#8221; text_larger=&#8221;no&#8221;]Deka Kavalkade Alaska IV 100g je elegantna vanjska navlaka za konje s odli\u010dnim prianjanjem! Vanjski deka Alaska<\/p>\n","protected":false},"featured_media":101361,"template":"","meta":{"footnotes":""},"product_brand":[],"product_cat":[5692,5803,5624,5802],"product_tag":[],"class_list":{"0":"post-101389","1":"product","2":"type-product","3":"status-publish","4":"has-post-thumbnail","6":"product_cat-pokrivaci","7":"product_cat-kisni-deke","8":"product_cat-konj-hr","9":"product_cat-zimski-deke","11":"first","12":"instock","13":"sale","14":"shipping-taxable","15":"purchasable","16":"product-type-variable"},"yoast_head":"<!-- This site is optimized with the Yoast SEO plugin v27.4 - https:\/\/yoast.com\/product\/yoast-seo-wordpress\/ -->\n<title>Deka Kavalkade Alaska IV 100g - Clair<\/title>\n<meta name=\"description\" content=\"Pokriva\u010d Kavalkade Alaska IV 100g je elegantna vanjska navlaka za konje s odli\u010dnim prianjanjem! Pogledajte ponudu svih pokriva\u010da za konje!\" \/>\n<meta name=\"robots\" content=\"index, follow, max-snippet:-1, max-image-preview:large, max-video-preview:-1\" \/>\n<link rel=\"canonical\" href=\"https:\/\/clair.si\/hr\/izdelek\/deka-kavalkade-alaska-iv-100g\/\" \/>\n<meta property=\"og:locale\" content=\"hr_HR\" \/>\n<meta property=\"og:type\" content=\"article\" \/>\n<meta property=\"og:title\" content=\"Deka Kavalkade Alaska IV 100g - Clair\" \/>\n<meta property=\"og:description\" content=\"Pokriva\u010d Kavalkade Alaska IV 100g je elegantna vanjska navlaka za konje s odli\u010dnim prianjanjem! Pogledajte ponudu svih pokriva\u010da za konje!\" \/>\n<meta property=\"og:url\" content=\"https:\/\/clair.si\/hr\/izdelek\/deka-kavalkade-alaska-iv-100g\/\" \/>\n<meta property=\"og:site_name\" content=\"Clair\" \/>\n<meta property=\"article:publisher\" content=\"https:\/\/www.facebook.com\/TrgovinaClair\/\" \/>\n<meta property=\"article:modified_time\" content=\"2026-01-02T20:02:28+00:00\" \/>\n<meta property=\"og:image\" content=\"https:\/\/clair.si\/wp-content\/uploads\/2022\/10\/46402_02-kavalkade-zimsko-pregrinjalo-deka-za-konja-300g.jpg\" \/>\n\t<meta property=\"og:image:width\" content=\"825\" \/>\n\t<meta property=\"og:image:height\" content=\"725\" \/>\n\t<meta property=\"og:image:type\" content=\"image\/jpeg\" \/>\n<meta name=\"twitter:card\" content=\"summary_large_image\" \/>\n<meta name=\"twitter:label1\" content=\"Procijenjeno vrijeme \u010ditanja\" \/>\n\t<meta name=\"twitter:data1\" content=\"2 minute\" \/>\n<script type=\"application\/ld+json\" class=\"yoast-schema-graph\">{\"@context\":\"https:\\\/\\\/schema.org\",\"@graph\":[{\"@type\":\"WebPage\",\"@id\":\"https:\\\/\\\/clair.si\\\/hr\\\/izdelek\\\/deka-kavalkade-alaska-iv-100g\\\/\",\"url\":\"https:\\\/\\\/clair.si\\\/hr\\\/izdelek\\\/deka-kavalkade-alaska-iv-100g\\\/\",\"name\":\"Deka Kavalkade Alaska IV 100g - Clair\",\"isPartOf\":{\"@id\":\"https:\\\/\\\/clair.si\\\/#website\"},\"primaryImageOfPage\":{\"@id\":\"https:\\\/\\\/clair.si\\\/hr\\\/izdelek\\\/deka-kavalkade-alaska-iv-100g\\\/#primaryimage\"},\"image\":{\"@id\":\"https:\\\/\\\/clair.si\\\/hr\\\/izdelek\\\/deka-kavalkade-alaska-iv-100g\\\/#primaryimage\"},\"thumbnailUrl\":\"https:\\\/\\\/clair.si\\\/wp-content\\\/uploads\\\/2022\\\/10\\\/46402_02-kavalkade-zimsko-pregrinjalo-deka-za-konja-300g.webp\",\"datePublished\":\"2022-10-17T11:14:36+00:00\",\"dateModified\":\"2026-01-02T20:02:28+00:00\",\"description\":\"Pokriva\u010d Kavalkade Alaska IV 100g je elegantna vanjska navlaka za konje s odli\u010dnim prianjanjem! Pogledajte ponudu svih pokriva\u010da za konje!\",\"breadcrumb\":{\"@id\":\"https:\\\/\\\/clair.si\\\/hr\\\/izdelek\\\/deka-kavalkade-alaska-iv-100g\\\/#breadcrumb\"},\"inLanguage\":\"hr\",\"potentialAction\":[{\"@type\":\"ReadAction\",\"target\":[\"https:\\\/\\\/clair.si\\\/hr\\\/izdelek\\\/deka-kavalkade-alaska-iv-100g\\\/\"]}]},{\"@type\":\"ImageObject\",\"inLanguage\":\"hr\",\"@id\":\"https:\\\/\\\/clair.si\\\/hr\\\/izdelek\\\/deka-kavalkade-alaska-iv-100g\\\/#primaryimage\",\"url\":\"https:\\\/\\\/clair.si\\\/wp-content\\\/uploads\\\/2022\\\/10\\\/46402_02-kavalkade-zimsko-pregrinjalo-deka-za-konja-300g.webp\",\"contentUrl\":\"https:\\\/\\\/clair.si\\\/wp-content\\\/uploads\\\/2022\\\/10\\\/46402_02-kavalkade-zimsko-pregrinjalo-deka-za-konja-300g.webp\",\"width\":825,\"height\":725},{\"@type\":\"BreadcrumbList\",\"@id\":\"https:\\\/\\\/clair.si\\\/hr\\\/izdelek\\\/deka-kavalkade-alaska-iv-100g\\\/#breadcrumb\",\"itemListElement\":[{\"@type\":\"ListItem\",\"position\":1,\"name\":\"Home\",\"item\":\"https:\\\/\\\/clair.si\\\/hr\\\/\"},{\"@type\":\"ListItem\",\"position\":2,\"name\":\"Trgovina\",\"item\":\"https:\\\/\\\/clair.si\\\/trgovina\\\/\"},{\"@type\":\"ListItem\",\"position\":3,\"name\":\"Deka Kavalkade Alaska IV 100g\"}]},{\"@type\":\"WebSite\",\"@id\":\"https:\\\/\\\/clair.si\\\/#website\",\"url\":\"https:\\\/\\\/clair.si\\\/\",\"name\":\"Clair\",\"description\":\"Trgovina s konjeni\u0161ko opremo\",\"publisher\":{\"@id\":\"https:\\\/\\\/clair.si\\\/#organization\"},\"potentialAction\":[{\"@type\":\"SearchAction\",\"target\":{\"@type\":\"EntryPoint\",\"urlTemplate\":\"https:\\\/\\\/clair.si\\\/?s={search_term_string}\"},\"query-input\":{\"@type\":\"PropertyValueSpecification\",\"valueRequired\":true,\"valueName\":\"search_term_string\"}}],\"inLanguage\":\"hr\"},{\"@type\":\"Organization\",\"@id\":\"https:\\\/\\\/clair.si\\\/#organization\",\"name\":\"Clair\",\"url\":\"https:\\\/\\\/clair.si\\\/\",\"logo\":{\"@type\":\"ImageObject\",\"inLanguage\":\"hr\",\"@id\":\"https:\\\/\\\/clair.si\\\/#\\\/schema\\\/logo\\\/image\\\/\",\"url\":\"https:\\\/\\\/clair.si\\\/wp-content\\\/uploads\\\/2022\\\/11\\\/clair_logo_2022.jpg\",\"contentUrl\":\"https:\\\/\\\/clair.si\\\/wp-content\\\/uploads\\\/2022\\\/11\\\/clair_logo_2022.jpg\",\"width\":1920,\"height\":1920,\"caption\":\"Clair\"},\"image\":{\"@id\":\"https:\\\/\\\/clair.si\\\/#\\\/schema\\\/logo\\\/image\\\/\"},\"sameAs\":[\"https:\\\/\\\/www.facebook.com\\\/TrgovinaClair\\\/\"]}]}<\/script>\n<!-- \/ Yoast SEO plugin. -->","yoast_head_json":{"title":"Deka Kavalkade Alaska IV 100g - Clair","description":"Pokriva\u010d Kavalkade Alaska IV 100g je elegantna vanjska navlaka za konje s odli\u010dnim prianjanjem! Pogledajte ponudu svih pokriva\u010da za konje!","robots":{"index":"index","follow":"follow","max-snippet":"max-snippet:-1","max-image-preview":"max-image-preview:large","max-video-preview":"max-video-preview:-1"},"canonical":"https:\/\/clair.si\/hr\/izdelek\/deka-kavalkade-alaska-iv-100g\/","og_locale":"hr_HR","og_type":"article","og_title":"Deka Kavalkade Alaska IV 100g - Clair","og_description":"Pokriva\u010d Kavalkade Alaska IV 100g je elegantna vanjska navlaka za konje s odli\u010dnim prianjanjem! Pogledajte ponudu svih pokriva\u010da za konje!","og_url":"https:\/\/clair.si\/hr\/izdelek\/deka-kavalkade-alaska-iv-100g\/","og_site_name":"Clair","article_publisher":"https:\/\/www.facebook.com\/TrgovinaClair\/","article_modified_time":"2026-01-02T20:02:28+00:00","og_image":[{"width":825,"height":725,"url":"https:\/\/clair.si\/wp-content\/uploads\/2022\/10\/46402_02-kavalkade-zimsko-pregrinjalo-deka-za-konja-300g.jpg","type":"image\/jpeg"}],"twitter_card":"summary_large_image","twitter_misc":{"Procijenjeno vrijeme \u010ditanja":"2 minute"},"schema":{"@context":"https:\/\/schema.org","@graph":[{"@type":"WebPage","@id":"https:\/\/clair.si\/hr\/izdelek\/deka-kavalkade-alaska-iv-100g\/","url":"https:\/\/clair.si\/hr\/izdelek\/deka-kavalkade-alaska-iv-100g\/","name":"Deka Kavalkade Alaska IV 100g - Clair","isPartOf":{"@id":"https:\/\/clair.si\/#website"},"primaryImageOfPage":{"@id":"https:\/\/clair.si\/hr\/izdelek\/deka-kavalkade-alaska-iv-100g\/#primaryimage"},"image":{"@id":"https:\/\/clair.si\/hr\/izdelek\/deka-kavalkade-alaska-iv-100g\/#primaryimage"},"thumbnailUrl":"https:\/\/clair.si\/wp-content\/uploads\/2022\/10\/46402_02-kavalkade-zimsko-pregrinjalo-deka-za-konja-300g.webp","datePublished":"2022-10-17T11:14:36+00:00","dateModified":"2026-01-02T20:02:28+00:00","description":"Pokriva\u010d Kavalkade Alaska IV 100g je elegantna vanjska navlaka za konje s odli\u010dnim prianjanjem! Pogledajte ponudu svih pokriva\u010da za konje!","breadcrumb":{"@id":"https:\/\/clair.si\/hr\/izdelek\/deka-kavalkade-alaska-iv-100g\/#breadcrumb"},"inLanguage":"hr","potentialAction":[{"@type":"ReadAction","target":["https:\/\/clair.si\/hr\/izdelek\/deka-kavalkade-alaska-iv-100g\/"]}]},{"@type":"ImageObject","inLanguage":"hr","@id":"https:\/\/clair.si\/hr\/izdelek\/deka-kavalkade-alaska-iv-100g\/#primaryimage","url":"https:\/\/clair.si\/wp-content\/uploads\/2022\/10\/46402_02-kavalkade-zimsko-pregrinjalo-deka-za-konja-300g.webp","contentUrl":"https:\/\/clair.si\/wp-content\/uploads\/2022\/10\/46402_02-kavalkade-zimsko-pregrinjalo-deka-za-konja-300g.webp","width":825,"height":725},{"@type":"BreadcrumbList","@id":"https:\/\/clair.si\/hr\/izdelek\/deka-kavalkade-alaska-iv-100g\/#breadcrumb","itemListElement":[{"@type":"ListItem","position":1,"name":"Home","item":"https:\/\/clair.si\/hr\/"},{"@type":"ListItem","position":2,"name":"Trgovina","item":"https:\/\/clair.si\/trgovina\/"},{"@type":"ListItem","position":3,"name":"Deka Kavalkade Alaska IV 100g"}]},{"@type":"WebSite","@id":"https:\/\/clair.si\/#website","url":"https:\/\/clair.si\/","name":"Clair","description":"Trgovina s konjeni\u0161ko opremo","publisher":{"@id":"https:\/\/clair.si\/#organization"},"potentialAction":[{"@type":"SearchAction","target":{"@type":"EntryPoint","urlTemplate":"https:\/\/clair.si\/?s={search_term_string}"},"query-input":{"@type":"PropertyValueSpecification","valueRequired":true,"valueName":"search_term_string"}}],"inLanguage":"hr"},{"@type":"Organization","@id":"https:\/\/clair.si\/#organization","name":"Clair","url":"https:\/\/clair.si\/","logo":{"@type":"ImageObject","inLanguage":"hr","@id":"https:\/\/clair.si\/#\/schema\/logo\/image\/","url":"https:\/\/clair.si\/wp-content\/uploads\/2022\/11\/clair_logo_2022.jpg","contentUrl":"https:\/\/clair.si\/wp-content\/uploads\/2022\/11\/clair_logo_2022.jpg","width":1920,"height":1920,"caption":"Clair"},"image":{"@id":"https:\/\/clair.si\/#\/schema\/logo\/image\/"},"sameAs":["https:\/\/www.facebook.com\/TrgovinaClair\/"]}]}},"_links":{"self":[{"href":"https:\/\/clair.si\/hr\/wp-json\/wp\/v2\/product\/101389","targetHints":{"allow":["GET"]}}],"collection":[{"href":"https:\/\/clair.si\/hr\/wp-json\/wp\/v2\/product"}],"about":[{"href":"https:\/\/clair.si\/hr\/wp-json\/wp\/v2\/types\/product"}],"version-history":[{"count":1,"href":"https:\/\/clair.si\/hr\/wp-json\/wp\/v2\/product\/101389\/revisions"}],"predecessor-version":[{"id":118380,"href":"https:\/\/clair.si\/hr\/wp-json\/wp\/v2\/product\/101389\/revisions\/118380"}],"wp:featuredmedia":[{"embeddable":true,"href":"https:\/\/clair.si\/hr\/wp-json\/wp\/v2\/media\/101361"}],"wp:attachment":[{"href":"https:\/\/clair.si\/hr\/wp-json\/wp\/v2\/media?parent=101389"}],"wp:term":[{"taxonomy":"product_brand","embeddable":true,"href":"https:\/\/clair.si\/hr\/wp-json\/wp\/v2\/product_brand?post=101389"},{"taxonomy":"product_cat","embeddable":true,"href":"https:\/\/clair.si\/hr\/wp-json\/wp\/v2\/product_cat?post=101389"},{"taxonomy":"product_tag","embeddable":true,"href":"https:\/\/clair.si\/hr\/wp-json\/wp\/v2\/product_tag?post=101389"}],"curies":[{"name":"wp","href":"https:\/\/api.w.org\/{rel}","templated":true}]}}