{"id":101434,"date":"2022-10-17T15:50:17","date_gmt":"2022-10-17T13:50:17","guid":{"rendered":"https:\/\/clair.si\/izdelek\/kaciga-equitheme-glint-mat\/"},"modified":"2025-11-18T11:39:06","modified_gmt":"2025-11-18T10:39:06","slug":"kaciga-equitheme-glint-mat","status":"publish","type":"product","link":"https:\/\/clair.si\/hr\/izdelek\/kaciga-equitheme-glint-mat\/","title":{"rendered":"Kaciga EquiTheme Glint Mat"},"content":{"rendered":"<p><span class=\"HwtZe\" lang=\"sl\"><span class=\"jCAhz ChMk0b\"><span class=\"ryNqvb\"><strong>Kaciga EquiTheme Glint Mat<\/strong> sa sustavom &#8221;Adjust-Fit&#8221;, kota\u010di\u0107em za pode\u0161avanje na zatiljku, koji je name\u0161ten na obru\u010du s 5 polo\u017eaja, omogu\u0107uje precizno prilago\u0111avanje kacige anatomiji va\u0161e glave. Remen za zakop\u010davanje je izra\u0111en od mikrovlakana i ima kop\u010du za brzo otpu\u0161tanje. 4-to\u010dkovno zakop\u010davanje.  <\/span><\/span><\/span><\/p>\n<p><span class=\"HwtZe\" lang=\"sl\"><span class=\"jCAhz ChMk0b\"><span class=\"ryNqvb\">Osnova jaha\u0107e kacige je izra\u0111ena<strong> od plastike ABS i vrlo je otporna na udarce, \u010dak i pri ekstremnim temperaturama.<\/strong><\/span><\/span> <span class=\"jCAhz ChMk0b\"><span class=\"ryNqvb\">Vrlo lagana jaha\u0107a kaciga EquiTheme Glint Mat ima odli\u010dne osobine ubla\u017eavanja udaraca.<\/span><\/span> <span class=\"jCAhz ChMk0b\"><span class=\"ryNqvb\"> Tako\u0111er osigurava odli\u010dnu cirkulaciju zraka zajedno s prednjim, stra\u017enjim i sredi\u0161njim zra\u010dnim otvorima.<\/span><\/span> <span class=\"jCAhz ChMk0b\"><span class=\"ryNqvb\">Unutarnja podstava od tkanine koja upija vlagu je uklonjiva i periva.<\/span><\/span> <\/span><\/p>\n<p><span class=\"HwtZe\" lang=\"sl\"> <span class=\"jCAhz ChMk0b\"><span class=\"ryNqvb\">Te\u017eina: izme\u0111u 430 i 530 g.<\/span><\/span> <\/span><\/p>\n<p><span class=\"HwtZe\" lang=\"sl\"><span class=\"jCAhz ChMk0b\"><span class=\"ryNqvb\">CE odobrena kaciga, sukladna sa standardom EN1384:2012, opremljena s koordinacijskim listom VG1 RfU CNB\/P\/01.<\/span><\/span> <span class=\"jCAhz ChMk0b\"><span class=\"ryNqvb\">040: 2014-12.<\/span><\/span> <span class=\"jCAhz ChMk0b\"><span class=\"ryNqvb\">TUV certifikat.<\/span><\/span><\/span><\/p>\n","protected":false},"excerpt":{"rendered":"<p>Kaciga EquiTheme Glint Mat sa sustavom &#8221;Adjust-Fit&#8221;, kota\u010di\u0107em za pode\u0161avanje na zatiljku, koji je name\u0161ten na obru\u010du s 5 polo\u017eaja,<\/p>\n","protected":false},"featured_media":101443,"template":"","meta":{"footnotes":""},"product_brand":[],"product_cat":[5654,5767,5768,5657,5670,5658,5766],"product_tag":[],"class_list":{"0":"post-101434","1":"product","2":"type-product","3":"status-publish","4":"has-post-thumbnail","6":"product_cat-jahac-hr","7":"product_cat-kacige","8":"product_cat-kacige-hr","9":"product_cat-kategorije-hr","10":"product_cat-natjecanja","11":"product_cat-pocetci-jahanja","12":"product_cat-zastitna-oprema","14":"first","15":"instock","16":"sale","17":"shipping-taxable","18":"purchasable","19":"product-type-variable"},"yoast_head":"<!-- This site is optimized with the Yoast SEO plugin v27.4 - https:\/\/yoast.com\/product\/yoast-seo-wordpress\/ -->\n<title>Kaciga EquiTheme Glint Mat - Clair<\/title>\n<meta name=\"description\" content=\"Kaciga EquiTheme Glint Mat sa sustavom &#039;&#039;Adjust-Fit&#039;&#039;, kota\u010di\u0107em za pode\u0161avanje na zatiljku, omogu\u0107uje precizno prilago\u0111avanje kacige anatomiji va\u0161e glave.\" \/>\n<meta name=\"robots\" content=\"index, follow, max-snippet:-1, max-image-preview:large, max-video-preview:-1\" \/>\n<link rel=\"canonical\" href=\"https:\/\/clair.si\/hr\/izdelek\/kaciga-equitheme-glint-mat\/\" \/>\n<meta property=\"og:locale\" content=\"hr_HR\" \/>\n<meta property=\"og:type\" content=\"article\" \/>\n<meta property=\"og:title\" content=\"Kaciga EquiTheme Glint Mat - Clair\" \/>\n<meta property=\"og:description\" content=\"Kaciga EquiTheme Glint Mat sa sustavom &#039;&#039;Adjust-Fit&#039;&#039;, kota\u010di\u0107em za pode\u0161avanje na zatiljku, omogu\u0107uje precizno prilago\u0111avanje kacige anatomiji va\u0161e glave.\" \/>\n<meta property=\"og:url\" content=\"https:\/\/clair.si\/hr\/izdelek\/kaciga-equitheme-glint-mat\/\" \/>\n<meta property=\"og:site_name\" content=\"Clair\" \/>\n<meta property=\"article:publisher\" content=\"https:\/\/www.facebook.com\/TrgovinaClair\/\" \/>\n<meta property=\"article:modified_time\" content=\"2025-11-18T10:39:06+00:00\" \/>\n<meta property=\"og:image\" content=\"https:\/\/clair.si\/wp-content\/uploads\/2022\/10\/equitheme-glint-mat-jahalna-celada-crna-zlata.jpg\" \/>\n\t<meta property=\"og:image:width\" content=\"800\" \/>\n\t<meta property=\"og:image:height\" content=\"800\" \/>\n\t<meta property=\"og:image:type\" content=\"image\/jpeg\" \/>\n<meta name=\"twitter:card\" content=\"summary_large_image\" \/>\n<meta name=\"twitter:label1\" content=\"Procijenjeno vrijeme \u010ditanja\" \/>\n\t<meta name=\"twitter:data1\" content=\"1 minuta\" \/>\n<script type=\"application\/ld+json\" class=\"yoast-schema-graph\">{\"@context\":\"https:\\\/\\\/schema.org\",\"@graph\":[{\"@type\":\"WebPage\",\"@id\":\"https:\\\/\\\/clair.si\\\/hr\\\/izdelek\\\/kaciga-equitheme-glint-mat\\\/\",\"url\":\"https:\\\/\\\/clair.si\\\/hr\\\/izdelek\\\/kaciga-equitheme-glint-mat\\\/\",\"name\":\"Kaciga EquiTheme Glint Mat - Clair\",\"isPartOf\":{\"@id\":\"https:\\\/\\\/clair.si\\\/#website\"},\"primaryImageOfPage\":{\"@id\":\"https:\\\/\\\/clair.si\\\/hr\\\/izdelek\\\/kaciga-equitheme-glint-mat\\\/#primaryimage\"},\"image\":{\"@id\":\"https:\\\/\\\/clair.si\\\/hr\\\/izdelek\\\/kaciga-equitheme-glint-mat\\\/#primaryimage\"},\"thumbnailUrl\":\"https:\\\/\\\/clair.si\\\/wp-content\\\/uploads\\\/2022\\\/10\\\/equitheme-glint-mat-jahalna-celada-crna-zlata.webp\",\"datePublished\":\"2022-10-17T13:50:17+00:00\",\"dateModified\":\"2025-11-18T10:39:06+00:00\",\"description\":\"Kaciga EquiTheme Glint Mat sa sustavom ''Adjust-Fit'', kota\u010di\u0107em za pode\u0161avanje na zatiljku, omogu\u0107uje precizno prilago\u0111avanje kacige anatomiji va\u0161e glave.\",\"breadcrumb\":{\"@id\":\"https:\\\/\\\/clair.si\\\/hr\\\/izdelek\\\/kaciga-equitheme-glint-mat\\\/#breadcrumb\"},\"inLanguage\":\"hr\",\"potentialAction\":[{\"@type\":\"ReadAction\",\"target\":[\"https:\\\/\\\/clair.si\\\/hr\\\/izdelek\\\/kaciga-equitheme-glint-mat\\\/\"]}]},{\"@type\":\"ImageObject\",\"inLanguage\":\"hr\",\"@id\":\"https:\\\/\\\/clair.si\\\/hr\\\/izdelek\\\/kaciga-equitheme-glint-mat\\\/#primaryimage\",\"url\":\"https:\\\/\\\/clair.si\\\/wp-content\\\/uploads\\\/2022\\\/10\\\/equitheme-glint-mat-jahalna-celada-crna-zlata.webp\",\"contentUrl\":\"https:\\\/\\\/clair.si\\\/wp-content\\\/uploads\\\/2022\\\/10\\\/equitheme-glint-mat-jahalna-celada-crna-zlata.webp\",\"width\":800,\"height\":800,\"caption\":\"\u010cELADA E-T Glint Mat\"},{\"@type\":\"BreadcrumbList\",\"@id\":\"https:\\\/\\\/clair.si\\\/hr\\\/izdelek\\\/kaciga-equitheme-glint-mat\\\/#breadcrumb\",\"itemListElement\":[{\"@type\":\"ListItem\",\"position\":1,\"name\":\"Home\",\"item\":\"https:\\\/\\\/clair.si\\\/hr\\\/\"},{\"@type\":\"ListItem\",\"position\":2,\"name\":\"Trgovina\",\"item\":\"https:\\\/\\\/clair.si\\\/trgovina\\\/\"},{\"@type\":\"ListItem\",\"position\":3,\"name\":\"Kaciga EquiTheme Glint Mat\"}]},{\"@type\":\"WebSite\",\"@id\":\"https:\\\/\\\/clair.si\\\/#website\",\"url\":\"https:\\\/\\\/clair.si\\\/\",\"name\":\"Clair\",\"description\":\"Trgovina s konjeni\u0161ko opremo\",\"publisher\":{\"@id\":\"https:\\\/\\\/clair.si\\\/#organization\"},\"potentialAction\":[{\"@type\":\"SearchAction\",\"target\":{\"@type\":\"EntryPoint\",\"urlTemplate\":\"https:\\\/\\\/clair.si\\\/?s={search_term_string}\"},\"query-input\":{\"@type\":\"PropertyValueSpecification\",\"valueRequired\":true,\"valueName\":\"search_term_string\"}}],\"inLanguage\":\"hr\"},{\"@type\":\"Organization\",\"@id\":\"https:\\\/\\\/clair.si\\\/#organization\",\"name\":\"Clair\",\"url\":\"https:\\\/\\\/clair.si\\\/\",\"logo\":{\"@type\":\"ImageObject\",\"inLanguage\":\"hr\",\"@id\":\"https:\\\/\\\/clair.si\\\/#\\\/schema\\\/logo\\\/image\\\/\",\"url\":\"https:\\\/\\\/clair.si\\\/wp-content\\\/uploads\\\/2022\\\/11\\\/clair_logo_2022.jpg\",\"contentUrl\":\"https:\\\/\\\/clair.si\\\/wp-content\\\/uploads\\\/2022\\\/11\\\/clair_logo_2022.jpg\",\"width\":1920,\"height\":1920,\"caption\":\"Clair\"},\"image\":{\"@id\":\"https:\\\/\\\/clair.si\\\/#\\\/schema\\\/logo\\\/image\\\/\"},\"sameAs\":[\"https:\\\/\\\/www.facebook.com\\\/TrgovinaClair\\\/\"]}]}<\/script>\n<!-- \/ Yoast SEO plugin. -->","yoast_head_json":{"title":"Kaciga EquiTheme Glint Mat - Clair","description":"Kaciga EquiTheme Glint Mat sa sustavom ''Adjust-Fit'', kota\u010di\u0107em za pode\u0161avanje na zatiljku, omogu\u0107uje precizno prilago\u0111avanje kacige anatomiji va\u0161e glave.","robots":{"index":"index","follow":"follow","max-snippet":"max-snippet:-1","max-image-preview":"max-image-preview:large","max-video-preview":"max-video-preview:-1"},"canonical":"https:\/\/clair.si\/hr\/izdelek\/kaciga-equitheme-glint-mat\/","og_locale":"hr_HR","og_type":"article","og_title":"Kaciga EquiTheme Glint Mat - Clair","og_description":"Kaciga EquiTheme Glint Mat sa sustavom ''Adjust-Fit'', kota\u010di\u0107em za pode\u0161avanje na zatiljku, omogu\u0107uje precizno prilago\u0111avanje kacige anatomiji va\u0161e glave.","og_url":"https:\/\/clair.si\/hr\/izdelek\/kaciga-equitheme-glint-mat\/","og_site_name":"Clair","article_publisher":"https:\/\/www.facebook.com\/TrgovinaClair\/","article_modified_time":"2025-11-18T10:39:06+00:00","og_image":[{"width":800,"height":800,"url":"https:\/\/clair.si\/wp-content\/uploads\/2022\/10\/equitheme-glint-mat-jahalna-celada-crna-zlata.jpg","type":"image\/jpeg"}],"twitter_card":"summary_large_image","twitter_misc":{"Procijenjeno vrijeme \u010ditanja":"1 minuta"},"schema":{"@context":"https:\/\/schema.org","@graph":[{"@type":"WebPage","@id":"https:\/\/clair.si\/hr\/izdelek\/kaciga-equitheme-glint-mat\/","url":"https:\/\/clair.si\/hr\/izdelek\/kaciga-equitheme-glint-mat\/","name":"Kaciga EquiTheme Glint Mat - Clair","isPartOf":{"@id":"https:\/\/clair.si\/#website"},"primaryImageOfPage":{"@id":"https:\/\/clair.si\/hr\/izdelek\/kaciga-equitheme-glint-mat\/#primaryimage"},"image":{"@id":"https:\/\/clair.si\/hr\/izdelek\/kaciga-equitheme-glint-mat\/#primaryimage"},"thumbnailUrl":"https:\/\/clair.si\/wp-content\/uploads\/2022\/10\/equitheme-glint-mat-jahalna-celada-crna-zlata.webp","datePublished":"2022-10-17T13:50:17+00:00","dateModified":"2025-11-18T10:39:06+00:00","description":"Kaciga EquiTheme Glint Mat sa sustavom ''Adjust-Fit'', kota\u010di\u0107em za pode\u0161avanje na zatiljku, omogu\u0107uje precizno prilago\u0111avanje kacige anatomiji va\u0161e glave.","breadcrumb":{"@id":"https:\/\/clair.si\/hr\/izdelek\/kaciga-equitheme-glint-mat\/#breadcrumb"},"inLanguage":"hr","potentialAction":[{"@type":"ReadAction","target":["https:\/\/clair.si\/hr\/izdelek\/kaciga-equitheme-glint-mat\/"]}]},{"@type":"ImageObject","inLanguage":"hr","@id":"https:\/\/clair.si\/hr\/izdelek\/kaciga-equitheme-glint-mat\/#primaryimage","url":"https:\/\/clair.si\/wp-content\/uploads\/2022\/10\/equitheme-glint-mat-jahalna-celada-crna-zlata.webp","contentUrl":"https:\/\/clair.si\/wp-content\/uploads\/2022\/10\/equitheme-glint-mat-jahalna-celada-crna-zlata.webp","width":800,"height":800,"caption":"\u010cELADA E-T Glint Mat"},{"@type":"BreadcrumbList","@id":"https:\/\/clair.si\/hr\/izdelek\/kaciga-equitheme-glint-mat\/#breadcrumb","itemListElement":[{"@type":"ListItem","position":1,"name":"Home","item":"https:\/\/clair.si\/hr\/"},{"@type":"ListItem","position":2,"name":"Trgovina","item":"https:\/\/clair.si\/trgovina\/"},{"@type":"ListItem","position":3,"name":"Kaciga EquiTheme Glint Mat"}]},{"@type":"WebSite","@id":"https:\/\/clair.si\/#website","url":"https:\/\/clair.si\/","name":"Clair","description":"Trgovina s konjeni\u0161ko opremo","publisher":{"@id":"https:\/\/clair.si\/#organization"},"potentialAction":[{"@type":"SearchAction","target":{"@type":"EntryPoint","urlTemplate":"https:\/\/clair.si\/?s={search_term_string}"},"query-input":{"@type":"PropertyValueSpecification","valueRequired":true,"valueName":"search_term_string"}}],"inLanguage":"hr"},{"@type":"Organization","@id":"https:\/\/clair.si\/#organization","name":"Clair","url":"https:\/\/clair.si\/","logo":{"@type":"ImageObject","inLanguage":"hr","@id":"https:\/\/clair.si\/#\/schema\/logo\/image\/","url":"https:\/\/clair.si\/wp-content\/uploads\/2022\/11\/clair_logo_2022.jpg","contentUrl":"https:\/\/clair.si\/wp-content\/uploads\/2022\/11\/clair_logo_2022.jpg","width":1920,"height":1920,"caption":"Clair"},"image":{"@id":"https:\/\/clair.si\/#\/schema\/logo\/image\/"},"sameAs":["https:\/\/www.facebook.com\/TrgovinaClair\/"]}]}},"_links":{"self":[{"href":"https:\/\/clair.si\/hr\/wp-json\/wp\/v2\/product\/101434","targetHints":{"allow":["GET"]}}],"collection":[{"href":"https:\/\/clair.si\/hr\/wp-json\/wp\/v2\/product"}],"about":[{"href":"https:\/\/clair.si\/hr\/wp-json\/wp\/v2\/types\/product"}],"version-history":[{"count":0,"href":"https:\/\/clair.si\/hr\/wp-json\/wp\/v2\/product\/101434\/revisions"}],"wp:featuredmedia":[{"embeddable":true,"href":"https:\/\/clair.si\/hr\/wp-json\/wp\/v2\/media\/101443"}],"wp:attachment":[{"href":"https:\/\/clair.si\/hr\/wp-json\/wp\/v2\/media?parent=101434"}],"wp:term":[{"taxonomy":"product_brand","embeddable":true,"href":"https:\/\/clair.si\/hr\/wp-json\/wp\/v2\/product_brand?post=101434"},{"taxonomy":"product_cat","embeddable":true,"href":"https:\/\/clair.si\/hr\/wp-json\/wp\/v2\/product_cat?post=101434"},{"taxonomy":"product_tag","embeddable":true,"href":"https:\/\/clair.si\/hr\/wp-json\/wp\/v2\/product_tag?post=101434"}],"curies":[{"name":"wp","href":"https:\/\/api.w.org\/{rel}","templated":true}]}}