{"id":101687,"date":"2022-10-12T08:45:18","date_gmt":"2022-10-12T06:45:18","guid":{"rendered":"https:\/\/clair.si\/izdelek\/okruglo-strgalo-hippotonic-neon\/"},"modified":"2025-11-28T19:44:22","modified_gmt":"2025-11-28T18:44:22","slug":"okruglo-strgalo-hippotonic-neon","status":"publish","type":"product","link":"https:\/\/clair.si\/hr\/izdelek\/okruglo-strgalo-hippotonic-neon\/","title":{"rendered":"Okruglo strgalo Hippotonic Neon"},"content":{"rendered":"<p>Strgalo za konja ima udobnu plasti\u010dnu ru\u010dku i okruglu nazubljenu metalnu glavu. U ki\u0161nim i blatnim razdobljima, kada se konji \u010desto valjaju, strgalo za konja je neizostavan pribor. S strgalom \u0107ete s konja s lako\u0107om o\u010distiti i ve\u0107e mrlje. Strgalo je doraslo i osu\u0161enim ostacima blata.   <\/p>\n<p>Sastav: metal, plastika<\/p>\n","protected":false},"excerpt":{"rendered":"<p>Strgalo za konja ima udobnu plasti\u010dnu ru\u010dku i okruglu nazubljenu metalnu glavu. U ki\u0161nim i blatnim razdobljima, kada se konji<\/p>\n","protected":false},"featured_media":101693,"template":"","meta":{"footnotes":""},"product_brand":[],"product_cat":[5630,5626,5624,5625,5628,5627],"product_tag":[],"class_list":{"0":"post-101687","1":"product","2":"type-product","3":"status-publish","4":"has-post-thumbnail","6":"product_cat-cetke-hr","7":"product_cat-cetke","8":"product_cat-konj-hr","9":"product_cat-njega-konja","10":"product_cat-njega-konja-hr","11":"product_cat-stala-i-pasnjak","13":"first","14":"instock","15":"featured","16":"shipping-taxable","17":"purchasable","18":"product-type-variable"},"yoast_head":"<!-- This site is optimized with the Yoast SEO plugin v27.3 - https:\/\/yoast.com\/product\/yoast-seo-wordpress\/ -->\n<title>Okruglo strgalo Hippotonic Neon - Clair<\/title>\n<meta name=\"description\" content=\"Strgalo za konja ima udobnu plasti\u010dnu ru\u010dku i okruglu nazubljenu metalnu glavu. U ki\u0161nim i blatnim razdobljima, kada se konji \u010desto valjaju, strgalo za\" \/>\n<meta name=\"robots\" content=\"index, follow, max-snippet:-1, max-image-preview:large, max-video-preview:-1\" \/>\n<link rel=\"canonical\" href=\"https:\/\/clair.si\/hr\/izdelek\/okruglo-strgalo-hippotonic-neon\/\" \/>\n<meta property=\"og:locale\" content=\"hr_HR\" \/>\n<meta property=\"og:type\" content=\"article\" \/>\n<meta property=\"og:title\" content=\"Okruglo strgalo Hippotonic Neon - Clair\" \/>\n<meta property=\"og:description\" content=\"Strgalo za konja ima udobnu plasti\u010dnu ru\u010dku i okruglu nazubljenu metalnu glavu. U ki\u0161nim i blatnim razdobljima, kada se konji \u010desto valjaju, strgalo za\" \/>\n<meta property=\"og:url\" content=\"https:\/\/clair.si\/hr\/izdelek\/okruglo-strgalo-hippotonic-neon\/\" \/>\n<meta property=\"og:site_name\" content=\"Clair\" \/>\n<meta property=\"article:publisher\" content=\"https:\/\/www.facebook.com\/TrgovinaClair\/\" \/>\n<meta property=\"article:modified_time\" content=\"2025-11-28T18:44:22+00:00\" \/>\n<meta property=\"og:image\" content=\"https:\/\/clair.si\/wp-content\/uploads\/2022\/10\/hippotonic-strgalo-za-konja-neon-zelena.jpg\" \/>\n\t<meta property=\"og:image:width\" content=\"800\" \/>\n\t<meta property=\"og:image:height\" content=\"800\" \/>\n\t<meta property=\"og:image:type\" content=\"image\/jpeg\" \/>\n<meta name=\"twitter:card\" content=\"summary_large_image\" \/>\n<script type=\"application\/ld+json\" class=\"yoast-schema-graph\">{\"@context\":\"https:\\\/\\\/schema.org\",\"@graph\":[{\"@type\":\"WebPage\",\"@id\":\"https:\\\/\\\/clair.si\\\/hr\\\/izdelek\\\/okruglo-strgalo-hippotonic-neon\\\/\",\"url\":\"https:\\\/\\\/clair.si\\\/hr\\\/izdelek\\\/okruglo-strgalo-hippotonic-neon\\\/\",\"name\":\"Okruglo strgalo Hippotonic Neon - Clair\",\"isPartOf\":{\"@id\":\"https:\\\/\\\/clair.si\\\/#website\"},\"primaryImageOfPage\":{\"@id\":\"https:\\\/\\\/clair.si\\\/hr\\\/izdelek\\\/okruglo-strgalo-hippotonic-neon\\\/#primaryimage\"},\"image\":{\"@id\":\"https:\\\/\\\/clair.si\\\/hr\\\/izdelek\\\/okruglo-strgalo-hippotonic-neon\\\/#primaryimage\"},\"thumbnailUrl\":\"https:\\\/\\\/clair.si\\\/wp-content\\\/uploads\\\/2022\\\/10\\\/hippotonic-strgalo-za-konja-neon-zelena.webp\",\"datePublished\":\"2022-10-12T06:45:18+00:00\",\"dateModified\":\"2025-11-28T18:44:22+00:00\",\"description\":\"Strgalo za konja ima udobnu plasti\u010dnu ru\u010dku i okruglu nazubljenu metalnu glavu. U ki\u0161nim i blatnim razdobljima, kada se konji \u010desto valjaju, strgalo za\",\"breadcrumb\":{\"@id\":\"https:\\\/\\\/clair.si\\\/hr\\\/izdelek\\\/okruglo-strgalo-hippotonic-neon\\\/#breadcrumb\"},\"inLanguage\":\"hr\",\"potentialAction\":[{\"@type\":\"ReadAction\",\"target\":[\"https:\\\/\\\/clair.si\\\/hr\\\/izdelek\\\/okruglo-strgalo-hippotonic-neon\\\/\"]}]},{\"@type\":\"ImageObject\",\"inLanguage\":\"hr\",\"@id\":\"https:\\\/\\\/clair.si\\\/hr\\\/izdelek\\\/okruglo-strgalo-hippotonic-neon\\\/#primaryimage\",\"url\":\"https:\\\/\\\/clair.si\\\/wp-content\\\/uploads\\\/2022\\\/10\\\/hippotonic-strgalo-za-konja-neon-zelena.webp\",\"contentUrl\":\"https:\\\/\\\/clair.si\\\/wp-content\\\/uploads\\\/2022\\\/10\\\/hippotonic-strgalo-za-konja-neon-zelena.webp\",\"width\":800,\"height\":800,\"caption\":\"Okroglo strgalo za konja HT Neon.\"},{\"@type\":\"BreadcrumbList\",\"@id\":\"https:\\\/\\\/clair.si\\\/hr\\\/izdelek\\\/okruglo-strgalo-hippotonic-neon\\\/#breadcrumb\",\"itemListElement\":[{\"@type\":\"ListItem\",\"position\":1,\"name\":\"Home\",\"item\":\"https:\\\/\\\/clair.si\\\/hr\\\/\"},{\"@type\":\"ListItem\",\"position\":2,\"name\":\"Trgovina\",\"item\":\"https:\\\/\\\/clair.si\\\/trgovina\\\/\"},{\"@type\":\"ListItem\",\"position\":3,\"name\":\"Okruglo strgalo Hippotonic Neon\"}]},{\"@type\":\"WebSite\",\"@id\":\"https:\\\/\\\/clair.si\\\/#website\",\"url\":\"https:\\\/\\\/clair.si\\\/\",\"name\":\"Clair\",\"description\":\"Trgovina s konjeni\u0161ko opremo\",\"publisher\":{\"@id\":\"https:\\\/\\\/clair.si\\\/#organization\"},\"potentialAction\":[{\"@type\":\"SearchAction\",\"target\":{\"@type\":\"EntryPoint\",\"urlTemplate\":\"https:\\\/\\\/clair.si\\\/?s={search_term_string}\"},\"query-input\":{\"@type\":\"PropertyValueSpecification\",\"valueRequired\":true,\"valueName\":\"search_term_string\"}}],\"inLanguage\":\"hr\"},{\"@type\":\"Organization\",\"@id\":\"https:\\\/\\\/clair.si\\\/#organization\",\"name\":\"Clair\",\"url\":\"https:\\\/\\\/clair.si\\\/\",\"logo\":{\"@type\":\"ImageObject\",\"inLanguage\":\"hr\",\"@id\":\"https:\\\/\\\/clair.si\\\/#\\\/schema\\\/logo\\\/image\\\/\",\"url\":\"https:\\\/\\\/clair.si\\\/wp-content\\\/uploads\\\/2022\\\/11\\\/clair_logo_2022.jpg\",\"contentUrl\":\"https:\\\/\\\/clair.si\\\/wp-content\\\/uploads\\\/2022\\\/11\\\/clair_logo_2022.jpg\",\"width\":1920,\"height\":1920,\"caption\":\"Clair\"},\"image\":{\"@id\":\"https:\\\/\\\/clair.si\\\/#\\\/schema\\\/logo\\\/image\\\/\"},\"sameAs\":[\"https:\\\/\\\/www.facebook.com\\\/TrgovinaClair\\\/\"]}]}<\/script>\n<!-- \/ Yoast SEO plugin. -->","yoast_head_json":{"title":"Okruglo strgalo Hippotonic Neon - Clair","description":"Strgalo za konja ima udobnu plasti\u010dnu ru\u010dku i okruglu nazubljenu metalnu glavu. U ki\u0161nim i blatnim razdobljima, kada se konji \u010desto valjaju, strgalo za","robots":{"index":"index","follow":"follow","max-snippet":"max-snippet:-1","max-image-preview":"max-image-preview:large","max-video-preview":"max-video-preview:-1"},"canonical":"https:\/\/clair.si\/hr\/izdelek\/okruglo-strgalo-hippotonic-neon\/","og_locale":"hr_HR","og_type":"article","og_title":"Okruglo strgalo Hippotonic Neon - Clair","og_description":"Strgalo za konja ima udobnu plasti\u010dnu ru\u010dku i okruglu nazubljenu metalnu glavu. U ki\u0161nim i blatnim razdobljima, kada se konji \u010desto valjaju, strgalo za","og_url":"https:\/\/clair.si\/hr\/izdelek\/okruglo-strgalo-hippotonic-neon\/","og_site_name":"Clair","article_publisher":"https:\/\/www.facebook.com\/TrgovinaClair\/","article_modified_time":"2025-11-28T18:44:22+00:00","og_image":[{"width":800,"height":800,"url":"https:\/\/clair.si\/wp-content\/uploads\/2022\/10\/hippotonic-strgalo-za-konja-neon-zelena.jpg","type":"image\/jpeg"}],"twitter_card":"summary_large_image","schema":{"@context":"https:\/\/schema.org","@graph":[{"@type":"WebPage","@id":"https:\/\/clair.si\/hr\/izdelek\/okruglo-strgalo-hippotonic-neon\/","url":"https:\/\/clair.si\/hr\/izdelek\/okruglo-strgalo-hippotonic-neon\/","name":"Okruglo strgalo Hippotonic Neon - Clair","isPartOf":{"@id":"https:\/\/clair.si\/#website"},"primaryImageOfPage":{"@id":"https:\/\/clair.si\/hr\/izdelek\/okruglo-strgalo-hippotonic-neon\/#primaryimage"},"image":{"@id":"https:\/\/clair.si\/hr\/izdelek\/okruglo-strgalo-hippotonic-neon\/#primaryimage"},"thumbnailUrl":"https:\/\/clair.si\/wp-content\/uploads\/2022\/10\/hippotonic-strgalo-za-konja-neon-zelena.webp","datePublished":"2022-10-12T06:45:18+00:00","dateModified":"2025-11-28T18:44:22+00:00","description":"Strgalo za konja ima udobnu plasti\u010dnu ru\u010dku i okruglu nazubljenu metalnu glavu. U ki\u0161nim i blatnim razdobljima, kada se konji \u010desto valjaju, strgalo za","breadcrumb":{"@id":"https:\/\/clair.si\/hr\/izdelek\/okruglo-strgalo-hippotonic-neon\/#breadcrumb"},"inLanguage":"hr","potentialAction":[{"@type":"ReadAction","target":["https:\/\/clair.si\/hr\/izdelek\/okruglo-strgalo-hippotonic-neon\/"]}]},{"@type":"ImageObject","inLanguage":"hr","@id":"https:\/\/clair.si\/hr\/izdelek\/okruglo-strgalo-hippotonic-neon\/#primaryimage","url":"https:\/\/clair.si\/wp-content\/uploads\/2022\/10\/hippotonic-strgalo-za-konja-neon-zelena.webp","contentUrl":"https:\/\/clair.si\/wp-content\/uploads\/2022\/10\/hippotonic-strgalo-za-konja-neon-zelena.webp","width":800,"height":800,"caption":"Okroglo strgalo za konja HT Neon."},{"@type":"BreadcrumbList","@id":"https:\/\/clair.si\/hr\/izdelek\/okruglo-strgalo-hippotonic-neon\/#breadcrumb","itemListElement":[{"@type":"ListItem","position":1,"name":"Home","item":"https:\/\/clair.si\/hr\/"},{"@type":"ListItem","position":2,"name":"Trgovina","item":"https:\/\/clair.si\/trgovina\/"},{"@type":"ListItem","position":3,"name":"Okruglo strgalo Hippotonic Neon"}]},{"@type":"WebSite","@id":"https:\/\/clair.si\/#website","url":"https:\/\/clair.si\/","name":"Clair","description":"Trgovina s konjeni\u0161ko opremo","publisher":{"@id":"https:\/\/clair.si\/#organization"},"potentialAction":[{"@type":"SearchAction","target":{"@type":"EntryPoint","urlTemplate":"https:\/\/clair.si\/?s={search_term_string}"},"query-input":{"@type":"PropertyValueSpecification","valueRequired":true,"valueName":"search_term_string"}}],"inLanguage":"hr"},{"@type":"Organization","@id":"https:\/\/clair.si\/#organization","name":"Clair","url":"https:\/\/clair.si\/","logo":{"@type":"ImageObject","inLanguage":"hr","@id":"https:\/\/clair.si\/#\/schema\/logo\/image\/","url":"https:\/\/clair.si\/wp-content\/uploads\/2022\/11\/clair_logo_2022.jpg","contentUrl":"https:\/\/clair.si\/wp-content\/uploads\/2022\/11\/clair_logo_2022.jpg","width":1920,"height":1920,"caption":"Clair"},"image":{"@id":"https:\/\/clair.si\/#\/schema\/logo\/image\/"},"sameAs":["https:\/\/www.facebook.com\/TrgovinaClair\/"]}]}},"_links":{"self":[{"href":"https:\/\/clair.si\/hr\/wp-json\/wp\/v2\/product\/101687","targetHints":{"allow":["GET"]}}],"collection":[{"href":"https:\/\/clair.si\/hr\/wp-json\/wp\/v2\/product"}],"about":[{"href":"https:\/\/clair.si\/hr\/wp-json\/wp\/v2\/types\/product"}],"version-history":[{"count":0,"href":"https:\/\/clair.si\/hr\/wp-json\/wp\/v2\/product\/101687\/revisions"}],"wp:featuredmedia":[{"embeddable":true,"href":"https:\/\/clair.si\/hr\/wp-json\/wp\/v2\/media\/101693"}],"wp:attachment":[{"href":"https:\/\/clair.si\/hr\/wp-json\/wp\/v2\/media?parent=101687"}],"wp:term":[{"taxonomy":"product_brand","embeddable":true,"href":"https:\/\/clair.si\/hr\/wp-json\/wp\/v2\/product_brand?post=101687"},{"taxonomy":"product_cat","embeddable":true,"href":"https:\/\/clair.si\/hr\/wp-json\/wp\/v2\/product_cat?post=101687"},{"taxonomy":"product_tag","embeddable":true,"href":"https:\/\/clair.si\/hr\/wp-json\/wp\/v2\/product_tag?post=101687"}],"curies":[{"name":"wp","href":"https:\/\/api.w.org\/{rel}","templated":true}]}}