{"id":101754,"date":"2022-10-11T12:45:27","date_gmt":"2022-10-11T10:45:27","guid":{"rendered":"https:\/\/clair.si\/izdelek\/kavalkade-ecoline-deka-za-znoj\/"},"modified":"2026-02-13T00:09:15","modified_gmt":"2026-02-12T23:09:15","slug":"kavalkade-ecoline-deka-za-znoj","status":"publish","type":"product","link":"https:\/\/clair.si\/hr\/izdelek\/kavalkade-ecoline-deka-za-znoj\/","title":{"rendered":"Kavalkade Ecoline deka za znoj"},"content":{"rendered":"<p><strong>Kavalkade Ecoline deka za znoj <\/strong><span class=\"HwtZe\" lang=\"sl\"><span class=\"jCAhz\"><span class=\"ryNqvb\">nudi odli\u010dan prijenos konjskog znoja i vlage prema van. Zbog laganog flisa, deka za znoj Kavalkade Ecoline idealna je kako za zimu, tako i za ljeto.  <\/span><\/span><\/span><\/p>\n<p><span class=\"HwtZe\" lang=\"sl\"><span class=\"jCAhz\"><span class=\"ryNqvb\">Kop\u010da na prsima s okretnom kukom s dodatnom samoljepljivom Velcro trakom. <\/span><\/span><\/span><\/p>\n<p><span class=\"HwtZe\" lang=\"sl\"><span class=\"jCAhz\"><span class=\"ryNqvb\"><strong>Deka za znoj prikladna je za svakodnevnu upotrebu nakon rada s konjem<\/strong> i uvijek se opu\u0161teno prilago\u0111ava podru\u010dju sapi, \u0161to omogu\u0107uje dobru ventilaciju, bez prekomjernog hla\u0111enja. Znoj se putem flisa apsorbira iznutra i odvodi prema van.  <strong>Stvara se film vlage koji ne prodire natrag u flis, ve\u0107 ostaje na vanjskoj strani potne deke.<\/strong><br \/>\n<\/span><\/span><\/span><\/p>\n<p><span class=\"HwtZe\" lang=\"sl\"><span class=\"jCAhz\"><span class=\"ryNqvb\"><strong>Materijal<\/strong>: 100% poliesterski flis. <\/span><\/span><\/span><\/p>\n<p><span class=\"HwtZe\" lang=\"sl\"><span class=\"jCAhz\"><span class=\"ryNqvb\"><strong>Upute za njegu:<\/strong> Perivo u perilici rublja do 30\u00b0C. Osjetljiv ili nje\u017ean ciklus.<br \/>\n<\/span><\/span><\/span><\/p>\n","protected":false},"excerpt":{"rendered":"<p>Kavalkade Ecoline deka za znoj nudi odli\u010dan prijenos konjskog znoja i vlage prema van. Zbog laganog flisa, deka za znoj<\/p>\n","protected":false},"featured_media":101761,"template":"","meta":{"footnotes":""},"product_brand":[],"product_cat":[5692,5720,5624],"product_tag":[],"class_list":{"0":"post-101754","1":"product","2":"type-product","3":"status-publish","4":"has-post-thumbnail","6":"product_cat-pokrivaci","7":"product_cat-pokrivaci-za-znoj","8":"product_cat-konj-hr","10":"first","11":"instock","12":"sale","13":"shipping-taxable","14":"purchasable","15":"product-type-variable"},"yoast_head":"<!-- This site is optimized with the Yoast SEO plugin v27.4 - https:\/\/yoast.com\/product\/yoast-seo-wordpress\/ -->\n<title>Kavalkade Ecoline deka za znoj - Clair<\/title>\n<meta name=\"description\" content=\"Kavalkade Ecoline deka za znoj nudi odli\u010dan prijenos konjskog znoja i vlage prema van. Prikladna je i za zimu i za ljeto.\" \/>\n<meta name=\"robots\" content=\"index, follow, max-snippet:-1, max-image-preview:large, max-video-preview:-1\" \/>\n<link rel=\"canonical\" href=\"https:\/\/clair.si\/hr\/izdelek\/kavalkade-ecoline-deka-za-znoj\/\" \/>\n<meta property=\"og:locale\" content=\"hr_HR\" \/>\n<meta property=\"og:type\" content=\"article\" \/>\n<meta property=\"og:title\" content=\"Kavalkade Ecoline deka za znoj - Clair\" \/>\n<meta property=\"og:description\" content=\"Kavalkade Ecoline deka za znoj nudi odli\u010dan prijenos konjskog znoja i vlage prema van. Prikladna je i za zimu i za ljeto.\" \/>\n<meta property=\"og:url\" content=\"https:\/\/clair.si\/hr\/izdelek\/kavalkade-ecoline-deka-za-znoj\/\" \/>\n<meta property=\"og:site_name\" content=\"Clair\" \/>\n<meta property=\"article:publisher\" content=\"https:\/\/www.facebook.com\/TrgovinaClair\/\" \/>\n<meta property=\"article:modified_time\" content=\"2026-02-12T23:09:15+00:00\" \/>\n<meta property=\"og:image\" content=\"https:\/\/clair.si\/wp-content\/uploads\/2022\/10\/48201-kavalkade-pregrinjalo-odeja-za-znoj-svic-za-konja-ecoline.jpg\" \/>\n\t<meta property=\"og:image:width\" content=\"825\" \/>\n\t<meta property=\"og:image:height\" content=\"725\" \/>\n\t<meta property=\"og:image:type\" content=\"image\/jpeg\" \/>\n<meta name=\"twitter:card\" content=\"summary_large_image\" \/>\n<meta name=\"twitter:label1\" content=\"Procijenjeno vrijeme \u010ditanja\" \/>\n\t<meta name=\"twitter:data1\" content=\"1 minuta\" \/>\n<script type=\"application\/ld+json\" class=\"yoast-schema-graph\">{\"@context\":\"https:\\\/\\\/schema.org\",\"@graph\":[{\"@type\":\"WebPage\",\"@id\":\"https:\\\/\\\/clair.si\\\/hr\\\/izdelek\\\/kavalkade-ecoline-deka-za-znoj\\\/\",\"url\":\"https:\\\/\\\/clair.si\\\/hr\\\/izdelek\\\/kavalkade-ecoline-deka-za-znoj\\\/\",\"name\":\"Kavalkade Ecoline deka za znoj - Clair\",\"isPartOf\":{\"@id\":\"https:\\\/\\\/clair.si\\\/#website\"},\"primaryImageOfPage\":{\"@id\":\"https:\\\/\\\/clair.si\\\/hr\\\/izdelek\\\/kavalkade-ecoline-deka-za-znoj\\\/#primaryimage\"},\"image\":{\"@id\":\"https:\\\/\\\/clair.si\\\/hr\\\/izdelek\\\/kavalkade-ecoline-deka-za-znoj\\\/#primaryimage\"},\"thumbnailUrl\":\"https:\\\/\\\/clair.si\\\/wp-content\\\/uploads\\\/2022\\\/10\\\/48201-kavalkade-pregrinjalo-odeja-za-znoj-svic-za-konja-ecoline.webp\",\"datePublished\":\"2022-10-11T10:45:27+00:00\",\"dateModified\":\"2026-02-12T23:09:15+00:00\",\"description\":\"Kavalkade Ecoline deka za znoj nudi odli\u010dan prijenos konjskog znoja i vlage prema van. Prikladna je i za zimu i za ljeto.\",\"breadcrumb\":{\"@id\":\"https:\\\/\\\/clair.si\\\/hr\\\/izdelek\\\/kavalkade-ecoline-deka-za-znoj\\\/#breadcrumb\"},\"inLanguage\":\"hr\",\"potentialAction\":[{\"@type\":\"ReadAction\",\"target\":[\"https:\\\/\\\/clair.si\\\/hr\\\/izdelek\\\/kavalkade-ecoline-deka-za-znoj\\\/\"]}]},{\"@type\":\"ImageObject\",\"inLanguage\":\"hr\",\"@id\":\"https:\\\/\\\/clair.si\\\/hr\\\/izdelek\\\/kavalkade-ecoline-deka-za-znoj\\\/#primaryimage\",\"url\":\"https:\\\/\\\/clair.si\\\/wp-content\\\/uploads\\\/2022\\\/10\\\/48201-kavalkade-pregrinjalo-odeja-za-znoj-svic-za-konja-ecoline.webp\",\"contentUrl\":\"https:\\\/\\\/clair.si\\\/wp-content\\\/uploads\\\/2022\\\/10\\\/48201-kavalkade-pregrinjalo-odeja-za-znoj-svic-za-konja-ecoline.webp\",\"width\":825,\"height\":725,\"caption\":\"Kavalkade pregrinjalo za znoj Ecoline.\"},{\"@type\":\"BreadcrumbList\",\"@id\":\"https:\\\/\\\/clair.si\\\/hr\\\/izdelek\\\/kavalkade-ecoline-deka-za-znoj\\\/#breadcrumb\",\"itemListElement\":[{\"@type\":\"ListItem\",\"position\":1,\"name\":\"Home\",\"item\":\"https:\\\/\\\/clair.si\\\/hr\\\/\"},{\"@type\":\"ListItem\",\"position\":2,\"name\":\"Trgovina\",\"item\":\"https:\\\/\\\/clair.si\\\/trgovina\\\/\"},{\"@type\":\"ListItem\",\"position\":3,\"name\":\"Kavalkade Ecoline deka za znoj\"}]},{\"@type\":\"WebSite\",\"@id\":\"https:\\\/\\\/clair.si\\\/#website\",\"url\":\"https:\\\/\\\/clair.si\\\/\",\"name\":\"Clair\",\"description\":\"Trgovina s konjeni\u0161ko opremo\",\"publisher\":{\"@id\":\"https:\\\/\\\/clair.si\\\/#organization\"},\"potentialAction\":[{\"@type\":\"SearchAction\",\"target\":{\"@type\":\"EntryPoint\",\"urlTemplate\":\"https:\\\/\\\/clair.si\\\/?s={search_term_string}\"},\"query-input\":{\"@type\":\"PropertyValueSpecification\",\"valueRequired\":true,\"valueName\":\"search_term_string\"}}],\"inLanguage\":\"hr\"},{\"@type\":\"Organization\",\"@id\":\"https:\\\/\\\/clair.si\\\/#organization\",\"name\":\"Clair\",\"url\":\"https:\\\/\\\/clair.si\\\/\",\"logo\":{\"@type\":\"ImageObject\",\"inLanguage\":\"hr\",\"@id\":\"https:\\\/\\\/clair.si\\\/#\\\/schema\\\/logo\\\/image\\\/\",\"url\":\"https:\\\/\\\/clair.si\\\/wp-content\\\/uploads\\\/2022\\\/11\\\/clair_logo_2022.jpg\",\"contentUrl\":\"https:\\\/\\\/clair.si\\\/wp-content\\\/uploads\\\/2022\\\/11\\\/clair_logo_2022.jpg\",\"width\":1920,\"height\":1920,\"caption\":\"Clair\"},\"image\":{\"@id\":\"https:\\\/\\\/clair.si\\\/#\\\/schema\\\/logo\\\/image\\\/\"},\"sameAs\":[\"https:\\\/\\\/www.facebook.com\\\/TrgovinaClair\\\/\"]}]}<\/script>\n<!-- \/ Yoast SEO plugin. -->","yoast_head_json":{"title":"Kavalkade Ecoline deka za znoj - Clair","description":"Kavalkade Ecoline deka za znoj nudi odli\u010dan prijenos konjskog znoja i vlage prema van. Prikladna je i za zimu i za ljeto.","robots":{"index":"index","follow":"follow","max-snippet":"max-snippet:-1","max-image-preview":"max-image-preview:large","max-video-preview":"max-video-preview:-1"},"canonical":"https:\/\/clair.si\/hr\/izdelek\/kavalkade-ecoline-deka-za-znoj\/","og_locale":"hr_HR","og_type":"article","og_title":"Kavalkade Ecoline deka za znoj - Clair","og_description":"Kavalkade Ecoline deka za znoj nudi odli\u010dan prijenos konjskog znoja i vlage prema van. Prikladna je i za zimu i za ljeto.","og_url":"https:\/\/clair.si\/hr\/izdelek\/kavalkade-ecoline-deka-za-znoj\/","og_site_name":"Clair","article_publisher":"https:\/\/www.facebook.com\/TrgovinaClair\/","article_modified_time":"2026-02-12T23:09:15+00:00","og_image":[{"width":825,"height":725,"url":"https:\/\/clair.si\/wp-content\/uploads\/2022\/10\/48201-kavalkade-pregrinjalo-odeja-za-znoj-svic-za-konja-ecoline.jpg","type":"image\/jpeg"}],"twitter_card":"summary_large_image","twitter_misc":{"Procijenjeno vrijeme \u010ditanja":"1 minuta"},"schema":{"@context":"https:\/\/schema.org","@graph":[{"@type":"WebPage","@id":"https:\/\/clair.si\/hr\/izdelek\/kavalkade-ecoline-deka-za-znoj\/","url":"https:\/\/clair.si\/hr\/izdelek\/kavalkade-ecoline-deka-za-znoj\/","name":"Kavalkade Ecoline deka za znoj - Clair","isPartOf":{"@id":"https:\/\/clair.si\/#website"},"primaryImageOfPage":{"@id":"https:\/\/clair.si\/hr\/izdelek\/kavalkade-ecoline-deka-za-znoj\/#primaryimage"},"image":{"@id":"https:\/\/clair.si\/hr\/izdelek\/kavalkade-ecoline-deka-za-znoj\/#primaryimage"},"thumbnailUrl":"https:\/\/clair.si\/wp-content\/uploads\/2022\/10\/48201-kavalkade-pregrinjalo-odeja-za-znoj-svic-za-konja-ecoline.webp","datePublished":"2022-10-11T10:45:27+00:00","dateModified":"2026-02-12T23:09:15+00:00","description":"Kavalkade Ecoline deka za znoj nudi odli\u010dan prijenos konjskog znoja i vlage prema van. Prikladna je i za zimu i za ljeto.","breadcrumb":{"@id":"https:\/\/clair.si\/hr\/izdelek\/kavalkade-ecoline-deka-za-znoj\/#breadcrumb"},"inLanguage":"hr","potentialAction":[{"@type":"ReadAction","target":["https:\/\/clair.si\/hr\/izdelek\/kavalkade-ecoline-deka-za-znoj\/"]}]},{"@type":"ImageObject","inLanguage":"hr","@id":"https:\/\/clair.si\/hr\/izdelek\/kavalkade-ecoline-deka-za-znoj\/#primaryimage","url":"https:\/\/clair.si\/wp-content\/uploads\/2022\/10\/48201-kavalkade-pregrinjalo-odeja-za-znoj-svic-za-konja-ecoline.webp","contentUrl":"https:\/\/clair.si\/wp-content\/uploads\/2022\/10\/48201-kavalkade-pregrinjalo-odeja-za-znoj-svic-za-konja-ecoline.webp","width":825,"height":725,"caption":"Kavalkade pregrinjalo za znoj Ecoline."},{"@type":"BreadcrumbList","@id":"https:\/\/clair.si\/hr\/izdelek\/kavalkade-ecoline-deka-za-znoj\/#breadcrumb","itemListElement":[{"@type":"ListItem","position":1,"name":"Home","item":"https:\/\/clair.si\/hr\/"},{"@type":"ListItem","position":2,"name":"Trgovina","item":"https:\/\/clair.si\/trgovina\/"},{"@type":"ListItem","position":3,"name":"Kavalkade Ecoline deka za znoj"}]},{"@type":"WebSite","@id":"https:\/\/clair.si\/#website","url":"https:\/\/clair.si\/","name":"Clair","description":"Trgovina s konjeni\u0161ko opremo","publisher":{"@id":"https:\/\/clair.si\/#organization"},"potentialAction":[{"@type":"SearchAction","target":{"@type":"EntryPoint","urlTemplate":"https:\/\/clair.si\/?s={search_term_string}"},"query-input":{"@type":"PropertyValueSpecification","valueRequired":true,"valueName":"search_term_string"}}],"inLanguage":"hr"},{"@type":"Organization","@id":"https:\/\/clair.si\/#organization","name":"Clair","url":"https:\/\/clair.si\/","logo":{"@type":"ImageObject","inLanguage":"hr","@id":"https:\/\/clair.si\/#\/schema\/logo\/image\/","url":"https:\/\/clair.si\/wp-content\/uploads\/2022\/11\/clair_logo_2022.jpg","contentUrl":"https:\/\/clair.si\/wp-content\/uploads\/2022\/11\/clair_logo_2022.jpg","width":1920,"height":1920,"caption":"Clair"},"image":{"@id":"https:\/\/clair.si\/#\/schema\/logo\/image\/"},"sameAs":["https:\/\/www.facebook.com\/TrgovinaClair\/"]}]}},"_links":{"self":[{"href":"https:\/\/clair.si\/hr\/wp-json\/wp\/v2\/product\/101754","targetHints":{"allow":["GET"]}}],"collection":[{"href":"https:\/\/clair.si\/hr\/wp-json\/wp\/v2\/product"}],"about":[{"href":"https:\/\/clair.si\/hr\/wp-json\/wp\/v2\/types\/product"}],"version-history":[{"count":1,"href":"https:\/\/clair.si\/hr\/wp-json\/wp\/v2\/product\/101754\/revisions"}],"predecessor-version":[{"id":114280,"href":"https:\/\/clair.si\/hr\/wp-json\/wp\/v2\/product\/101754\/revisions\/114280"}],"wp:featuredmedia":[{"embeddable":true,"href":"https:\/\/clair.si\/hr\/wp-json\/wp\/v2\/media\/101761"}],"wp:attachment":[{"href":"https:\/\/clair.si\/hr\/wp-json\/wp\/v2\/media?parent=101754"}],"wp:term":[{"taxonomy":"product_brand","embeddable":true,"href":"https:\/\/clair.si\/hr\/wp-json\/wp\/v2\/product_brand?post=101754"},{"taxonomy":"product_cat","embeddable":true,"href":"https:\/\/clair.si\/hr\/wp-json\/wp\/v2\/product_cat?post=101754"},{"taxonomy":"product_tag","embeddable":true,"href":"https:\/\/clair.si\/hr\/wp-json\/wp\/v2\/product_tag?post=101754"}],"curies":[{"name":"wp","href":"https:\/\/api.w.org\/{rel}","templated":true}]}}