{"id":101788,"date":"2022-10-11T13:45:32","date_gmt":"2022-10-11T11:45:32","guid":{"rendered":"https:\/\/clair.si\/izdelek\/hippotonic-zidni-drzac-za-sedlo\/"},"modified":"2025-11-08T08:26:04","modified_gmt":"2025-11-08T07:26:04","slug":"hippotonic-zidni-drzac-za-sedlo","status":"publish","type":"product","link":"https:\/\/clair.si\/hr\/izdelek\/hippotonic-zidni-drzac-za-sedlo\/","title":{"rendered":"Hippotonic zidni dr\u017ea\u010d za sedlo"},"content":{"rendered":"<p><strong>Hippotonic zidni dr\u017ea\u010d za sedlo<\/strong> &#8211; idealno za va\u0161u sedlarnicu! Mo\u017eete ga pri\u010dvrstiti i u dublji ormar za konji\u010dku opremu.<\/p>\n","protected":false},"excerpt":{"rendered":"<p>Hippotonic zidni dr\u017ea\u010d za sedlo &#8211; idealno za va\u0161u sedlarnicu! Mo\u017eete ga pri\u010dvrstiti i u dublji ormar za konji\u010dku opremu.<\/p>\n","protected":false},"featured_media":101799,"template":"","meta":{"footnotes":""},"product_brand":[],"product_cat":[5756,5942,5627],"product_tag":[],"class_list":{"0":"post-101788","1":"product","2":"type-product","3":"status-publish","4":"has-post-thumbnail","6":"product_cat-dodaci-za-stalu","7":"product_cat-dodatna-oprema-za-sedla","8":"product_cat-stala-i-pasnjak","10":"first","11":"instock","12":"shipping-taxable","13":"purchasable","14":"product-type-variable"},"yoast_head":"<!-- This site is optimized with the Yoast SEO plugin v27.3 - https:\/\/yoast.com\/product\/yoast-seo-wordpress\/ -->\n<title>Hippotonic zidni dr\u017ea\u010d za sedlo - Clair<\/title>\n<meta name=\"description\" content=\"Hippotonic zidni dr\u017ea\u010d za sedlo - idealno za va\u0161u sedlarnicu! Mo\u017eete ga pri\u010dvrstiti i u dublji ormar za konji\u010dku opremu.\" \/>\n<meta name=\"robots\" content=\"index, follow, max-snippet:-1, max-image-preview:large, max-video-preview:-1\" \/>\n<link rel=\"canonical\" href=\"https:\/\/clair.si\/hr\/izdelek\/hippotonic-zidni-drzac-za-sedlo\/\" \/>\n<meta property=\"og:locale\" content=\"hr_HR\" \/>\n<meta property=\"og:type\" content=\"article\" \/>\n<meta property=\"og:title\" content=\"Hippotonic zidni dr\u017ea\u010d za sedlo - Clair\" \/>\n<meta property=\"og:description\" content=\"Hippotonic zidni dr\u017ea\u010d za sedlo - idealno za va\u0161u sedlarnicu! Mo\u017eete ga pri\u010dvrstiti i u dublji ormar za konji\u010dku opremu.\" \/>\n<meta property=\"og:url\" content=\"https:\/\/clair.si\/hr\/izdelek\/hippotonic-zidni-drzac-za-sedlo\/\" \/>\n<meta property=\"og:site_name\" content=\"Clair\" \/>\n<meta property=\"article:publisher\" content=\"https:\/\/www.facebook.com\/TrgovinaClair\/\" \/>\n<meta property=\"article:modified_time\" content=\"2025-11-08T07:26:04+00:00\" \/>\n<meta property=\"og:image\" content=\"https:\/\/clair.si\/wp-content\/uploads\/2022\/10\/drzalo-za-sedlo-stensko.jpg\" \/>\n\t<meta property=\"og:image:width\" content=\"800\" \/>\n\t<meta property=\"og:image:height\" content=\"800\" \/>\n\t<meta property=\"og:image:type\" content=\"image\/jpeg\" \/>\n<meta name=\"twitter:card\" content=\"summary_large_image\" \/>\n<meta name=\"twitter:label1\" content=\"Procijenjeno vrijeme \u010ditanja\" \/>\n\t<meta name=\"twitter:data1\" content=\"1 minuta\" \/>\n<script type=\"application\/ld+json\" class=\"yoast-schema-graph\">{\"@context\":\"https:\\\/\\\/schema.org\",\"@graph\":[{\"@type\":\"WebPage\",\"@id\":\"https:\\\/\\\/clair.si\\\/hr\\\/izdelek\\\/hippotonic-zidni-drzac-za-sedlo\\\/\",\"url\":\"https:\\\/\\\/clair.si\\\/hr\\\/izdelek\\\/hippotonic-zidni-drzac-za-sedlo\\\/\",\"name\":\"Hippotonic zidni dr\u017ea\u010d za sedlo - Clair\",\"isPartOf\":{\"@id\":\"https:\\\/\\\/clair.si\\\/#website\"},\"primaryImageOfPage\":{\"@id\":\"https:\\\/\\\/clair.si\\\/hr\\\/izdelek\\\/hippotonic-zidni-drzac-za-sedlo\\\/#primaryimage\"},\"image\":{\"@id\":\"https:\\\/\\\/clair.si\\\/hr\\\/izdelek\\\/hippotonic-zidni-drzac-za-sedlo\\\/#primaryimage\"},\"thumbnailUrl\":\"https:\\\/\\\/clair.si\\\/wp-content\\\/uploads\\\/2022\\\/10\\\/drzalo-za-sedlo-stensko.webp\",\"datePublished\":\"2022-10-11T11:45:32+00:00\",\"dateModified\":\"2025-11-08T07:26:04+00:00\",\"description\":\"Hippotonic zidni dr\u017ea\u010d za sedlo - idealno za va\u0161u sedlarnicu! Mo\u017eete ga pri\u010dvrstiti i u dublji ormar za konji\u010dku opremu.\",\"breadcrumb\":{\"@id\":\"https:\\\/\\\/clair.si\\\/hr\\\/izdelek\\\/hippotonic-zidni-drzac-za-sedlo\\\/#breadcrumb\"},\"inLanguage\":\"hr\",\"potentialAction\":[{\"@type\":\"ReadAction\",\"target\":[\"https:\\\/\\\/clair.si\\\/hr\\\/izdelek\\\/hippotonic-zidni-drzac-za-sedlo\\\/\"]}]},{\"@type\":\"ImageObject\",\"inLanguage\":\"hr\",\"@id\":\"https:\\\/\\\/clair.si\\\/hr\\\/izdelek\\\/hippotonic-zidni-drzac-za-sedlo\\\/#primaryimage\",\"url\":\"https:\\\/\\\/clair.si\\\/wp-content\\\/uploads\\\/2022\\\/10\\\/drzalo-za-sedlo-stensko.webp\",\"contentUrl\":\"https:\\\/\\\/clair.si\\\/wp-content\\\/uploads\\\/2022\\\/10\\\/drzalo-za-sedlo-stensko.webp\",\"width\":800,\"height\":800,\"caption\":\"Dr\u017ealo za sedelo, stensko.\"},{\"@type\":\"BreadcrumbList\",\"@id\":\"https:\\\/\\\/clair.si\\\/hr\\\/izdelek\\\/hippotonic-zidni-drzac-za-sedlo\\\/#breadcrumb\",\"itemListElement\":[{\"@type\":\"ListItem\",\"position\":1,\"name\":\"Home\",\"item\":\"https:\\\/\\\/clair.si\\\/hr\\\/\"},{\"@type\":\"ListItem\",\"position\":2,\"name\":\"Trgovina\",\"item\":\"https:\\\/\\\/clair.si\\\/trgovina\\\/\"},{\"@type\":\"ListItem\",\"position\":3,\"name\":\"Hippotonic zidni dr\u017ea\u010d za sedlo\"}]},{\"@type\":\"WebSite\",\"@id\":\"https:\\\/\\\/clair.si\\\/#website\",\"url\":\"https:\\\/\\\/clair.si\\\/\",\"name\":\"Clair\",\"description\":\"Trgovina s konjeni\u0161ko opremo\",\"publisher\":{\"@id\":\"https:\\\/\\\/clair.si\\\/#organization\"},\"potentialAction\":[{\"@type\":\"SearchAction\",\"target\":{\"@type\":\"EntryPoint\",\"urlTemplate\":\"https:\\\/\\\/clair.si\\\/?s={search_term_string}\"},\"query-input\":{\"@type\":\"PropertyValueSpecification\",\"valueRequired\":true,\"valueName\":\"search_term_string\"}}],\"inLanguage\":\"hr\"},{\"@type\":\"Organization\",\"@id\":\"https:\\\/\\\/clair.si\\\/#organization\",\"name\":\"Clair\",\"url\":\"https:\\\/\\\/clair.si\\\/\",\"logo\":{\"@type\":\"ImageObject\",\"inLanguage\":\"hr\",\"@id\":\"https:\\\/\\\/clair.si\\\/#\\\/schema\\\/logo\\\/image\\\/\",\"url\":\"https:\\\/\\\/clair.si\\\/wp-content\\\/uploads\\\/2022\\\/11\\\/clair_logo_2022.jpg\",\"contentUrl\":\"https:\\\/\\\/clair.si\\\/wp-content\\\/uploads\\\/2022\\\/11\\\/clair_logo_2022.jpg\",\"width\":1920,\"height\":1920,\"caption\":\"Clair\"},\"image\":{\"@id\":\"https:\\\/\\\/clair.si\\\/#\\\/schema\\\/logo\\\/image\\\/\"},\"sameAs\":[\"https:\\\/\\\/www.facebook.com\\\/TrgovinaClair\\\/\"]}]}<\/script>\n<!-- \/ Yoast SEO plugin. -->","yoast_head_json":{"title":"Hippotonic zidni dr\u017ea\u010d za sedlo - Clair","description":"Hippotonic zidni dr\u017ea\u010d za sedlo - idealno za va\u0161u sedlarnicu! Mo\u017eete ga pri\u010dvrstiti i u dublji ormar za konji\u010dku opremu.","robots":{"index":"index","follow":"follow","max-snippet":"max-snippet:-1","max-image-preview":"max-image-preview:large","max-video-preview":"max-video-preview:-1"},"canonical":"https:\/\/clair.si\/hr\/izdelek\/hippotonic-zidni-drzac-za-sedlo\/","og_locale":"hr_HR","og_type":"article","og_title":"Hippotonic zidni dr\u017ea\u010d za sedlo - Clair","og_description":"Hippotonic zidni dr\u017ea\u010d za sedlo - idealno za va\u0161u sedlarnicu! Mo\u017eete ga pri\u010dvrstiti i u dublji ormar za konji\u010dku opremu.","og_url":"https:\/\/clair.si\/hr\/izdelek\/hippotonic-zidni-drzac-za-sedlo\/","og_site_name":"Clair","article_publisher":"https:\/\/www.facebook.com\/TrgovinaClair\/","article_modified_time":"2025-11-08T07:26:04+00:00","og_image":[{"width":800,"height":800,"url":"https:\/\/clair.si\/wp-content\/uploads\/2022\/10\/drzalo-za-sedlo-stensko.jpg","type":"image\/jpeg"}],"twitter_card":"summary_large_image","twitter_misc":{"Procijenjeno vrijeme \u010ditanja":"1 minuta"},"schema":{"@context":"https:\/\/schema.org","@graph":[{"@type":"WebPage","@id":"https:\/\/clair.si\/hr\/izdelek\/hippotonic-zidni-drzac-za-sedlo\/","url":"https:\/\/clair.si\/hr\/izdelek\/hippotonic-zidni-drzac-za-sedlo\/","name":"Hippotonic zidni dr\u017ea\u010d za sedlo - Clair","isPartOf":{"@id":"https:\/\/clair.si\/#website"},"primaryImageOfPage":{"@id":"https:\/\/clair.si\/hr\/izdelek\/hippotonic-zidni-drzac-za-sedlo\/#primaryimage"},"image":{"@id":"https:\/\/clair.si\/hr\/izdelek\/hippotonic-zidni-drzac-za-sedlo\/#primaryimage"},"thumbnailUrl":"https:\/\/clair.si\/wp-content\/uploads\/2022\/10\/drzalo-za-sedlo-stensko.webp","datePublished":"2022-10-11T11:45:32+00:00","dateModified":"2025-11-08T07:26:04+00:00","description":"Hippotonic zidni dr\u017ea\u010d za sedlo - idealno za va\u0161u sedlarnicu! Mo\u017eete ga pri\u010dvrstiti i u dublji ormar za konji\u010dku opremu.","breadcrumb":{"@id":"https:\/\/clair.si\/hr\/izdelek\/hippotonic-zidni-drzac-za-sedlo\/#breadcrumb"},"inLanguage":"hr","potentialAction":[{"@type":"ReadAction","target":["https:\/\/clair.si\/hr\/izdelek\/hippotonic-zidni-drzac-za-sedlo\/"]}]},{"@type":"ImageObject","inLanguage":"hr","@id":"https:\/\/clair.si\/hr\/izdelek\/hippotonic-zidni-drzac-za-sedlo\/#primaryimage","url":"https:\/\/clair.si\/wp-content\/uploads\/2022\/10\/drzalo-za-sedlo-stensko.webp","contentUrl":"https:\/\/clair.si\/wp-content\/uploads\/2022\/10\/drzalo-za-sedlo-stensko.webp","width":800,"height":800,"caption":"Dr\u017ealo za sedelo, stensko."},{"@type":"BreadcrumbList","@id":"https:\/\/clair.si\/hr\/izdelek\/hippotonic-zidni-drzac-za-sedlo\/#breadcrumb","itemListElement":[{"@type":"ListItem","position":1,"name":"Home","item":"https:\/\/clair.si\/hr\/"},{"@type":"ListItem","position":2,"name":"Trgovina","item":"https:\/\/clair.si\/trgovina\/"},{"@type":"ListItem","position":3,"name":"Hippotonic zidni dr\u017ea\u010d za sedlo"}]},{"@type":"WebSite","@id":"https:\/\/clair.si\/#website","url":"https:\/\/clair.si\/","name":"Clair","description":"Trgovina s konjeni\u0161ko opremo","publisher":{"@id":"https:\/\/clair.si\/#organization"},"potentialAction":[{"@type":"SearchAction","target":{"@type":"EntryPoint","urlTemplate":"https:\/\/clair.si\/?s={search_term_string}"},"query-input":{"@type":"PropertyValueSpecification","valueRequired":true,"valueName":"search_term_string"}}],"inLanguage":"hr"},{"@type":"Organization","@id":"https:\/\/clair.si\/#organization","name":"Clair","url":"https:\/\/clair.si\/","logo":{"@type":"ImageObject","inLanguage":"hr","@id":"https:\/\/clair.si\/#\/schema\/logo\/image\/","url":"https:\/\/clair.si\/wp-content\/uploads\/2022\/11\/clair_logo_2022.jpg","contentUrl":"https:\/\/clair.si\/wp-content\/uploads\/2022\/11\/clair_logo_2022.jpg","width":1920,"height":1920,"caption":"Clair"},"image":{"@id":"https:\/\/clair.si\/#\/schema\/logo\/image\/"},"sameAs":["https:\/\/www.facebook.com\/TrgovinaClair\/"]}]}},"_links":{"self":[{"href":"https:\/\/clair.si\/hr\/wp-json\/wp\/v2\/product\/101788","targetHints":{"allow":["GET"]}}],"collection":[{"href":"https:\/\/clair.si\/hr\/wp-json\/wp\/v2\/product"}],"about":[{"href":"https:\/\/clair.si\/hr\/wp-json\/wp\/v2\/types\/product"}],"version-history":[{"count":2,"href":"https:\/\/clair.si\/hr\/wp-json\/wp\/v2\/product\/101788\/revisions"}],"predecessor-version":[{"id":119752,"href":"https:\/\/clair.si\/hr\/wp-json\/wp\/v2\/product\/101788\/revisions\/119752"}],"wp:featuredmedia":[{"embeddable":true,"href":"https:\/\/clair.si\/hr\/wp-json\/wp\/v2\/media\/101799"}],"wp:attachment":[{"href":"https:\/\/clair.si\/hr\/wp-json\/wp\/v2\/media?parent=101788"}],"wp:term":[{"taxonomy":"product_brand","embeddable":true,"href":"https:\/\/clair.si\/hr\/wp-json\/wp\/v2\/product_brand?post=101788"},{"taxonomy":"product_cat","embeddable":true,"href":"https:\/\/clair.si\/hr\/wp-json\/wp\/v2\/product_cat?post=101788"},{"taxonomy":"product_tag","embeddable":true,"href":"https:\/\/clair.si\/hr\/wp-json\/wp\/v2\/product_tag?post=101788"}],"curies":[{"name":"wp","href":"https:\/\/api.w.org\/{rel}","templated":true}]}}