{"id":101804,"date":"2022-10-11T10:45:58","date_gmt":"2022-10-11T08:45:58","guid":{"rendered":"https:\/\/clair.si\/izdelek\/flis-deka-za-konja-equitheme-polyfun\/"},"modified":"2026-01-12T17:30:25","modified_gmt":"2026-01-12T16:30:25","slug":"flis-deka-za-konja-equitheme-polyfun","status":"publish","type":"product","link":"https:\/\/clair.si\/hr\/izdelek\/flis-deka-za-konja-equitheme-polyfun\/","title":{"rendered":"Flis Deka za konja EquiTheme Polyfun"},"content":{"rendered":"<div class=\"wpb-content-wrapper\"><p>[vc_row][vc_column][vc_column_text css=&#8221;&#8221; woodmart_inline=&#8221;no&#8221; text_larger=&#8221;no&#8221;]<span class=\"HwtZe\" lang=\"sl\"><span class=\"jCAhz ChMk0b\"><span class=\"ryNqvb\"><strong>Flis pokriva\u010d za konja EquiTheme Polyfun <\/strong>je <strong>prakti\u010dan i svestran<\/strong> pokriva\u010d za konja, <strong>pogodan za su\u0161enje, nakon tu\u0161iranja, kao poddeka ili kao pokriva\u010d za transport.<\/strong><\/span><\/span><\/span><\/p>\n<p><span class=\"HwtZe\" lang=\"sl\"><span class=\"jCAhz ChMk0b\"><span class=\"ryNqvb\">  Ukra\u0161en je kontrastnim pletenicama na rubovima. Ima uklonjive kri\u017ene trbu\u0161ne trake s kop\u010dama s gumenim ulo\u0161cima i remen za pri\u010dvr\u0161\u0107ivanje ispod repa. Podesivo kop\u010danje na prsima omogu\u0107uje metalna kop\u010da. Na grebenu je podstavljen sinteti\u010dkom ov\u010djom ko\u017eom.     <\/span><\/span><\/span><\/p>\n<p><span class=\"HwtZe\" lang=\"sl\"><span class=\"jCAhz ChMk0b\"><span class=\"ryNqvb\">Pokriva\u010d je izra\u0111en od 100% poliesterskog polarnog flisa gramature 280 g\/m\u00b2.<\/span><\/span> <\/span>[\/vc_column_text][\/vc_column][\/vc_row]<\/p>\n<\/div>","protected":false},"excerpt":{"rendered":"<p>[vc_row][vc_column][vc_column_text css=&#8221;&#8221; woodmart_inline=&#8221;no&#8221; text_larger=&#8221;no&#8221;]Flis pokriva\u010d za konja EquiTheme Polyfun je prakti\u010dan i svestran pokriva\u010d za konja, pogodan za su\u0161enje, nakon<\/p>\n","protected":false},"featured_media":101810,"template":"","meta":{"footnotes":""},"product_brand":[],"product_cat":[5692,5720,5624],"product_tag":[],"class_list":{"0":"post-101804","1":"product","2":"type-product","3":"status-publish","4":"has-post-thumbnail","6":"product_cat-pokrivaci","7":"product_cat-pokrivaci-za-znoj","8":"product_cat-konj-hr","10":"first","11":"instock","12":"sale","13":"shipping-taxable","14":"purchasable","15":"product-type-variable"},"yoast_head":"<!-- This site is optimized with the Yoast SEO plugin v27.4 - https:\/\/yoast.com\/product\/yoast-seo-wordpress\/ -->\n<title>Flis Deka za konja EquiTheme Polyfun - Clair<\/title>\n<meta name=\"description\" content=\"Flis pokriva\u010d za konja EquiTheme Polyfun je prakti\u010dan i svestran pokriva\u010d za konja, pogodan za su\u0161enje ili za transport. Pogledajte cijelu ponudu pokriva\u010da!\" \/>\n<meta name=\"robots\" content=\"index, follow, max-snippet:-1, max-image-preview:large, max-video-preview:-1\" \/>\n<link rel=\"canonical\" href=\"https:\/\/clair.si\/izdelek\/flis-pregrinjalo-za-konja-equitheme-polyfun\/\" \/>\n<meta property=\"og:locale\" content=\"hr_HR\" \/>\n<meta property=\"og:type\" content=\"article\" \/>\n<meta property=\"og:title\" content=\"Flis Deka za konja EquiTheme Polyfun - Clair\" \/>\n<meta property=\"og:description\" content=\"Flis pokriva\u010d za konja EquiTheme Polyfun je prakti\u010dan i svestran pokriva\u010d za konja, pogodan za su\u0161enje ili za transport. Pogledajte cijelu ponudu pokriva\u010da!\" \/>\n<meta property=\"og:url\" content=\"https:\/\/clair.si\/izdelek\/flis-pregrinjalo-za-konja-equitheme-polyfun\/\" \/>\n<meta property=\"og:site_name\" content=\"Clair\" \/>\n<meta property=\"article:publisher\" content=\"https:\/\/www.facebook.com\/TrgovinaClair\/\" \/>\n<meta property=\"article:modified_time\" content=\"2026-01-12T16:30:25+00:00\" \/>\n<meta property=\"og:image\" content=\"https:\/\/clair.si\/wp-content\/uploads\/2022\/10\/equitheme-polyfun-polar-fleece-pokrivalo-flis-za-znoj.webp\" \/>\n\t<meta property=\"og:image:width\" content=\"800\" \/>\n\t<meta property=\"og:image:height\" content=\"800\" \/>\n\t<meta property=\"og:image:type\" content=\"image\/jpeg\" \/>\n<meta name=\"twitter:card\" content=\"summary_large_image\" \/>\n<meta name=\"twitter:label1\" content=\"Procijenjeno vrijeme \u010ditanja\" \/>\n\t<meta name=\"twitter:data1\" content=\"1 minuta\" \/>\n<script type=\"application\/ld+json\" class=\"yoast-schema-graph\">{\"@context\":\"https:\\\/\\\/schema.org\",\"@graph\":[{\"@type\":\"WebPage\",\"@id\":\"https:\\\/\\\/clair.si\\\/izdelek\\\/flis-pregrinjalo-za-konja-equitheme-polyfun\\\/\",\"url\":\"https:\\\/\\\/clair.si\\\/izdelek\\\/flis-pregrinjalo-za-konja-equitheme-polyfun\\\/\",\"name\":\"Flis Deka za konja EquiTheme Polyfun - Clair\",\"isPartOf\":{\"@id\":\"https:\\\/\\\/clair.si\\\/#website\"},\"primaryImageOfPage\":{\"@id\":\"https:\\\/\\\/clair.si\\\/izdelek\\\/flis-pregrinjalo-za-konja-equitheme-polyfun\\\/#primaryimage\"},\"image\":{\"@id\":\"https:\\\/\\\/clair.si\\\/izdelek\\\/flis-pregrinjalo-za-konja-equitheme-polyfun\\\/#primaryimage\"},\"thumbnailUrl\":\"https:\\\/\\\/clair.si\\\/wp-content\\\/uploads\\\/2022\\\/10\\\/equitheme-polyfun-polar-fleece-pokrivalo-flis-za-znoj.webp\",\"datePublished\":\"2022-10-11T08:45:58+00:00\",\"dateModified\":\"2026-01-12T16:30:25+00:00\",\"description\":\"Flis pokriva\u010d za konja EquiTheme Polyfun je prakti\u010dan i svestran pokriva\u010d za konja, pogodan za su\u0161enje ili za transport. Pogledajte cijelu ponudu pokriva\u010da!\",\"breadcrumb\":{\"@id\":\"https:\\\/\\\/clair.si\\\/izdelek\\\/flis-pregrinjalo-za-konja-equitheme-polyfun\\\/#breadcrumb\"},\"inLanguage\":\"hr\",\"potentialAction\":[{\"@type\":\"ReadAction\",\"target\":[\"https:\\\/\\\/clair.si\\\/izdelek\\\/flis-pregrinjalo-za-konja-equitheme-polyfun\\\/\"]}]},{\"@type\":\"ImageObject\",\"inLanguage\":\"hr\",\"@id\":\"https:\\\/\\\/clair.si\\\/izdelek\\\/flis-pregrinjalo-za-konja-equitheme-polyfun\\\/#primaryimage\",\"url\":\"https:\\\/\\\/clair.si\\\/wp-content\\\/uploads\\\/2022\\\/10\\\/equitheme-polyfun-polar-fleece-pokrivalo-flis-za-znoj.webp\",\"contentUrl\":\"https:\\\/\\\/clair.si\\\/wp-content\\\/uploads\\\/2022\\\/10\\\/equitheme-polyfun-polar-fleece-pokrivalo-flis-za-znoj.webp\",\"width\":800,\"height\":800,\"caption\":\"Flis pregrinjalo ET Polyfun.\"},{\"@type\":\"BreadcrumbList\",\"@id\":\"https:\\\/\\\/clair.si\\\/izdelek\\\/flis-pregrinjalo-za-konja-equitheme-polyfun\\\/#breadcrumb\",\"itemListElement\":[{\"@type\":\"ListItem\",\"position\":1,\"name\":\"Home\",\"item\":\"https:\\\/\\\/clair.si\\\/hr\\\/\"},{\"@type\":\"ListItem\",\"position\":2,\"name\":\"Trgovina\",\"item\":\"https:\\\/\\\/clair.si\\\/trgovina\\\/\"},{\"@type\":\"ListItem\",\"position\":3,\"name\":\"Flis Deka za konja EquiTheme Polyfun\"}]},{\"@type\":\"WebSite\",\"@id\":\"https:\\\/\\\/clair.si\\\/#website\",\"url\":\"https:\\\/\\\/clair.si\\\/\",\"name\":\"Clair\",\"description\":\"Trgovina s konjeni\u0161ko opremo\",\"publisher\":{\"@id\":\"https:\\\/\\\/clair.si\\\/#organization\"},\"potentialAction\":[{\"@type\":\"SearchAction\",\"target\":{\"@type\":\"EntryPoint\",\"urlTemplate\":\"https:\\\/\\\/clair.si\\\/?s={search_term_string}\"},\"query-input\":{\"@type\":\"PropertyValueSpecification\",\"valueRequired\":true,\"valueName\":\"search_term_string\"}}],\"inLanguage\":\"hr\"},{\"@type\":\"Organization\",\"@id\":\"https:\\\/\\\/clair.si\\\/#organization\",\"name\":\"Clair\",\"url\":\"https:\\\/\\\/clair.si\\\/\",\"logo\":{\"@type\":\"ImageObject\",\"inLanguage\":\"hr\",\"@id\":\"https:\\\/\\\/clair.si\\\/#\\\/schema\\\/logo\\\/image\\\/\",\"url\":\"https:\\\/\\\/clair.si\\\/wp-content\\\/uploads\\\/2022\\\/11\\\/clair_logo_2022.jpg\",\"contentUrl\":\"https:\\\/\\\/clair.si\\\/wp-content\\\/uploads\\\/2022\\\/11\\\/clair_logo_2022.jpg\",\"width\":1920,\"height\":1920,\"caption\":\"Clair\"},\"image\":{\"@id\":\"https:\\\/\\\/clair.si\\\/#\\\/schema\\\/logo\\\/image\\\/\"},\"sameAs\":[\"https:\\\/\\\/www.facebook.com\\\/TrgovinaClair\\\/\"]}]}<\/script>\n<!-- \/ Yoast SEO plugin. -->","yoast_head_json":{"title":"Flis Deka za konja EquiTheme Polyfun - Clair","description":"Flis pokriva\u010d za konja EquiTheme Polyfun je prakti\u010dan i svestran pokriva\u010d za konja, pogodan za su\u0161enje ili za transport. Pogledajte cijelu ponudu pokriva\u010da!","robots":{"index":"index","follow":"follow","max-snippet":"max-snippet:-1","max-image-preview":"max-image-preview:large","max-video-preview":"max-video-preview:-1"},"canonical":"https:\/\/clair.si\/izdelek\/flis-pregrinjalo-za-konja-equitheme-polyfun\/","og_locale":"hr_HR","og_type":"article","og_title":"Flis Deka za konja EquiTheme Polyfun - Clair","og_description":"Flis pokriva\u010d za konja EquiTheme Polyfun je prakti\u010dan i svestran pokriva\u010d za konja, pogodan za su\u0161enje ili za transport. Pogledajte cijelu ponudu pokriva\u010da!","og_url":"https:\/\/clair.si\/izdelek\/flis-pregrinjalo-za-konja-equitheme-polyfun\/","og_site_name":"Clair","article_publisher":"https:\/\/www.facebook.com\/TrgovinaClair\/","article_modified_time":"2026-01-12T16:30:25+00:00","og_image":[{"width":800,"height":800,"url":"https:\/\/clair.si\/wp-content\/uploads\/2022\/10\/equitheme-polyfun-polar-fleece-pokrivalo-flis-za-znoj.webp","type":"image\/jpeg"}],"twitter_card":"summary_large_image","twitter_misc":{"Procijenjeno vrijeme \u010ditanja":"1 minuta"},"schema":{"@context":"https:\/\/schema.org","@graph":[{"@type":"WebPage","@id":"https:\/\/clair.si\/izdelek\/flis-pregrinjalo-za-konja-equitheme-polyfun\/","url":"https:\/\/clair.si\/izdelek\/flis-pregrinjalo-za-konja-equitheme-polyfun\/","name":"Flis Deka za konja EquiTheme Polyfun - Clair","isPartOf":{"@id":"https:\/\/clair.si\/#website"},"primaryImageOfPage":{"@id":"https:\/\/clair.si\/izdelek\/flis-pregrinjalo-za-konja-equitheme-polyfun\/#primaryimage"},"image":{"@id":"https:\/\/clair.si\/izdelek\/flis-pregrinjalo-za-konja-equitheme-polyfun\/#primaryimage"},"thumbnailUrl":"https:\/\/clair.si\/wp-content\/uploads\/2022\/10\/equitheme-polyfun-polar-fleece-pokrivalo-flis-za-znoj.webp","datePublished":"2022-10-11T08:45:58+00:00","dateModified":"2026-01-12T16:30:25+00:00","description":"Flis pokriva\u010d za konja EquiTheme Polyfun je prakti\u010dan i svestran pokriva\u010d za konja, pogodan za su\u0161enje ili za transport. Pogledajte cijelu ponudu pokriva\u010da!","breadcrumb":{"@id":"https:\/\/clair.si\/izdelek\/flis-pregrinjalo-za-konja-equitheme-polyfun\/#breadcrumb"},"inLanguage":"hr","potentialAction":[{"@type":"ReadAction","target":["https:\/\/clair.si\/izdelek\/flis-pregrinjalo-za-konja-equitheme-polyfun\/"]}]},{"@type":"ImageObject","inLanguage":"hr","@id":"https:\/\/clair.si\/izdelek\/flis-pregrinjalo-za-konja-equitheme-polyfun\/#primaryimage","url":"https:\/\/clair.si\/wp-content\/uploads\/2022\/10\/equitheme-polyfun-polar-fleece-pokrivalo-flis-za-znoj.webp","contentUrl":"https:\/\/clair.si\/wp-content\/uploads\/2022\/10\/equitheme-polyfun-polar-fleece-pokrivalo-flis-za-znoj.webp","width":800,"height":800,"caption":"Flis pregrinjalo ET Polyfun."},{"@type":"BreadcrumbList","@id":"https:\/\/clair.si\/izdelek\/flis-pregrinjalo-za-konja-equitheme-polyfun\/#breadcrumb","itemListElement":[{"@type":"ListItem","position":1,"name":"Home","item":"https:\/\/clair.si\/hr\/"},{"@type":"ListItem","position":2,"name":"Trgovina","item":"https:\/\/clair.si\/trgovina\/"},{"@type":"ListItem","position":3,"name":"Flis Deka za konja EquiTheme Polyfun"}]},{"@type":"WebSite","@id":"https:\/\/clair.si\/#website","url":"https:\/\/clair.si\/","name":"Clair","description":"Trgovina s konjeni\u0161ko opremo","publisher":{"@id":"https:\/\/clair.si\/#organization"},"potentialAction":[{"@type":"SearchAction","target":{"@type":"EntryPoint","urlTemplate":"https:\/\/clair.si\/?s={search_term_string}"},"query-input":{"@type":"PropertyValueSpecification","valueRequired":true,"valueName":"search_term_string"}}],"inLanguage":"hr"},{"@type":"Organization","@id":"https:\/\/clair.si\/#organization","name":"Clair","url":"https:\/\/clair.si\/","logo":{"@type":"ImageObject","inLanguage":"hr","@id":"https:\/\/clair.si\/#\/schema\/logo\/image\/","url":"https:\/\/clair.si\/wp-content\/uploads\/2022\/11\/clair_logo_2022.jpg","contentUrl":"https:\/\/clair.si\/wp-content\/uploads\/2022\/11\/clair_logo_2022.jpg","width":1920,"height":1920,"caption":"Clair"},"image":{"@id":"https:\/\/clair.si\/#\/schema\/logo\/image\/"},"sameAs":["https:\/\/www.facebook.com\/TrgovinaClair\/"]}]}},"_links":{"self":[{"href":"https:\/\/clair.si\/hr\/wp-json\/wp\/v2\/product\/101804","targetHints":{"allow":["GET"]}}],"collection":[{"href":"https:\/\/clair.si\/hr\/wp-json\/wp\/v2\/product"}],"about":[{"href":"https:\/\/clair.si\/hr\/wp-json\/wp\/v2\/types\/product"}],"version-history":[{"count":18,"href":"https:\/\/clair.si\/hr\/wp-json\/wp\/v2\/product\/101804\/revisions"}],"predecessor-version":[{"id":124657,"href":"https:\/\/clair.si\/hr\/wp-json\/wp\/v2\/product\/101804\/revisions\/124657"}],"wp:featuredmedia":[{"embeddable":true,"href":"https:\/\/clair.si\/hr\/wp-json\/wp\/v2\/media\/101810"}],"wp:attachment":[{"href":"https:\/\/clair.si\/hr\/wp-json\/wp\/v2\/media?parent=101804"}],"wp:term":[{"taxonomy":"product_brand","embeddable":true,"href":"https:\/\/clair.si\/hr\/wp-json\/wp\/v2\/product_brand?post=101804"},{"taxonomy":"product_cat","embeddable":true,"href":"https:\/\/clair.si\/hr\/wp-json\/wp\/v2\/product_cat?post=101804"},{"taxonomy":"product_tag","embeddable":true,"href":"https:\/\/clair.si\/hr\/wp-json\/wp\/v2\/product_tag?post=101804"}],"curies":[{"name":"wp","href":"https:\/\/api.w.org\/{rel}","templated":true}]}}