{"id":101838,"date":"2022-10-27T12:25:44","date_gmt":"2022-10-27T10:25:44","guid":{"rendered":"https:\/\/clair.si\/izdelek\/jahace-cizme-kavalkade-meridius\/"},"modified":"2025-10-31T00:30:23","modified_gmt":"2025-10-30T23:30:23","slug":"jahace-cizme-kavalkade-meridius","status":"publish","type":"product","link":"https:\/\/clair.si\/hr\/izdelek\/jahace-cizme-kavalkade-meridius\/","title":{"rendered":"Jaha\u0107e \u010dizme Kavalkade Meridius"},"content":{"rendered":"<p><strong>Jaha\u0107e \u010dizme Kavalkade Meridius<\/strong><span class=\"HwtZe\" lang=\"sl\"><span class=\"jCAhz ChMk0b\"><span class=\"ryNqvb\">  su izra\u0111ene <strong>od super meke obra\u0111ene gove\u0111e ko\u017ee, koja se savr\u0161eno prilago\u0111ava nozi.<\/strong><\/span><\/span> <span class=\"jCAhz ChMk0b\"><span class=\"ryNqvb\">Kavalkade koristi meku ko\u017eu za <strong>optimalnu udobnost no\u0161enja<\/strong>, \u010dak i ako \u010dizmu nosite dulje vrijeme.<\/span><\/span> <span class=\"jCAhz ChMk0b\"><span class=\"ryNqvb\">Ko\u017ea je ne\u0161to rustikalnijeg izgleda.<\/span><\/span> <span class=\"jCAhz ChMk0b\"><span class=\"ryNqvb\">Posebno razvijena podloga nudi maksimalnu udobnost.<\/span><\/span> <span class=\"jCAhz ChMk0b\"><span class=\"ryNqvb\">Usko su krojene i imaju razmjerno nizak rist, \u0161to osigurava siguran hvat \u010dak i uskim stopalima.<\/span><\/span> <span class=\"jCAhz ChMk0b\"><span class=\"ryNqvb\">Kvalitetan ulo\u017eak osigurava optimalnu raspodjelu pritiska po potplatu i istovremeno je prozra\u010dan.<\/span><\/span> <span class=\"jCAhz ChMk0b\"><span class=\"ryNqvb\">Robusni <strong>protuklizni gumeni potplat<\/strong> \u010dizme je vrlo <strong>fleksibilan i omogu\u0107uje anatomsko prilago\u0111avanje te je stoga nje\u017ean prema zglobovima<\/strong>.<\/span><\/span> <span class=\"jCAhz ChMk0b\"><span class=\"ryNqvb\">Patentni zatvara\u010d je mjednog izgleda i ima razmjerno grube zube za ve\u0107u izdr\u017eljivost.<\/span><\/span> <span class=\"jCAhz ChMk0b\"><span class=\"ryNqvb\">Gle\u017enja\u010de Kavalkade Meridius imaju bo\u010dno zakrivljeni patentni zatvara\u010d.<\/span><\/span> <span class=\"jCAhz ChMk0b\"><span class=\"ryNqvb\">Ovaj udobno prianja uz gle\u017eanj.<\/span><\/span> <span class=\"jCAhz ChMk0b\"><span class=\"ryNqvb\">Sprijeda je elasti\u010dna vezica.<\/span><\/span> <\/span><\/p>\n<p><span class=\"HwtZe\" lang=\"sl\"><span class=\"jCAhz ChMk0b\"><span class=\"ryNqvb\">Materijal: mekana gove\u0111a ko\u017ea.<\/span><\/span> <\/span><\/p>\n<p><span class=\"HwtZe\" lang=\"sl\"><span class=\"jCAhz ChMk0b\"><span class=\"ryNqvb\">Te\u017eina: 0,9 kg<\/span><\/span> <\/span><\/p>\n<p><span class=\"HwtZe\" lang=\"sl\"><span class=\"jCAhz ChMk0b\"><span class=\"ryNqvb\"><strong>Jaha\u0107e \u010dizme Kavalkade Meridius<\/strong> su zbog meke ko\u017ee vrlo udobne i prikladne za no\u0161enje i u svakodnevnom \u017eivotu.<\/span><\/span> <span class=\"jCAhz ChMk0b\"><span class=\"ryNqvb\">Elasti\u010dna vezica nudi odre\u0111enu fleksibilnost, \u0161to tako\u0111er dovodi do bolje udobnosti pri no\u0161enju.<\/span><\/span> <\/span><strong><br \/>\n<\/strong><\/p>\n","protected":false},"excerpt":{"rendered":"<p>Jaha\u0107e \u010dizme Kavalkade Meridius su izra\u0111ene od super meke obra\u0111ene gove\u0111e ko\u017ee, koja se savr\u0161eno prilago\u0111ava nozi. Kavalkade koristi meku<\/p>\n","protected":false},"featured_media":101854,"template":"","meta":{"footnotes":""},"product_brand":[],"product_cat":[5659,5836,5654,5657,5655,5658],"product_tag":[],"class_list":{"0":"post-101838","1":"product","2":"type-product","3":"status-publish","4":"has-post-thumbnail","6":"product_cat-cipele-za-jahanje","7":"product_cat-gleznjace","8":"product_cat-jahac-hr","9":"product_cat-kategorije-hr","10":"product_cat-obuca","11":"product_cat-pocetci-jahanja","13":"first","14":"instock","15":"sale","16":"shipping-taxable","17":"purchasable","18":"product-type-variable"},"yoast_head":"<!-- This site is optimized with the Yoast SEO plugin v27.4 - https:\/\/yoast.com\/product\/yoast-seo-wordpress\/ -->\n<title>Jaha\u0107e \u010dizme Kavalkade Meridius - Clair<\/title>\n<meta name=\"description\" content=\"Jaha\u0107e \u010dizme Kavalkade Meridius su izra\u0111ene od super meke obra\u0111ene gove\u0111e ko\u017ee, koja se savr\u0161eno prilago\u0111ava nozi. Kavalkade koristi meku ko\u017eu za\" \/>\n<meta name=\"robots\" content=\"index, follow, max-snippet:-1, max-image-preview:large, max-video-preview:-1\" \/>\n<link rel=\"canonical\" href=\"https:\/\/clair.si\/hr\/izdelek\/jahace-cizme-kavalkade-meridius\/\" \/>\n<meta property=\"og:locale\" content=\"hr_HR\" \/>\n<meta property=\"og:type\" content=\"article\" \/>\n<meta property=\"og:title\" content=\"Jaha\u0107e \u010dizme Kavalkade Meridius - Clair\" \/>\n<meta property=\"og:description\" content=\"Jaha\u0107e \u010dizme Kavalkade Meridius su izra\u0111ene od super meke obra\u0111ene gove\u0111e ko\u017ee, koja se savr\u0161eno prilago\u0111ava nozi. Kavalkade koristi meku ko\u017eu za\" \/>\n<meta property=\"og:url\" content=\"https:\/\/clair.si\/hr\/izdelek\/jahace-cizme-kavalkade-meridius\/\" \/>\n<meta property=\"og:site_name\" content=\"Clair\" \/>\n<meta property=\"article:publisher\" content=\"https:\/\/www.facebook.com\/TrgovinaClair\/\" \/>\n<meta property=\"article:modified_time\" content=\"2025-10-30T23:30:23+00:00\" \/>\n<meta property=\"og:image\" content=\"https:\/\/clair.si\/wp-content\/uploads\/2022\/10\/59601-kavalkade-Meridius-jahalni-cevelj-cevlji-gleznarji.jpg\" \/>\n\t<meta property=\"og:image:width\" content=\"825\" \/>\n\t<meta property=\"og:image:height\" content=\"725\" \/>\n\t<meta property=\"og:image:type\" content=\"image\/jpeg\" \/>\n<meta name=\"twitter:card\" content=\"summary_large_image\" \/>\n<meta name=\"twitter:label1\" content=\"Procijenjeno vrijeme \u010ditanja\" \/>\n\t<meta name=\"twitter:data1\" content=\"1 minuta\" \/>\n<script type=\"application\/ld+json\" class=\"yoast-schema-graph\">{\"@context\":\"https:\\\/\\\/schema.org\",\"@graph\":[{\"@type\":\"WebPage\",\"@id\":\"https:\\\/\\\/clair.si\\\/hr\\\/izdelek\\\/jahace-cizme-kavalkade-meridius\\\/\",\"url\":\"https:\\\/\\\/clair.si\\\/hr\\\/izdelek\\\/jahace-cizme-kavalkade-meridius\\\/\",\"name\":\"Jaha\u0107e \u010dizme Kavalkade Meridius - Clair\",\"isPartOf\":{\"@id\":\"https:\\\/\\\/clair.si\\\/#website\"},\"primaryImageOfPage\":{\"@id\":\"https:\\\/\\\/clair.si\\\/hr\\\/izdelek\\\/jahace-cizme-kavalkade-meridius\\\/#primaryimage\"},\"image\":{\"@id\":\"https:\\\/\\\/clair.si\\\/hr\\\/izdelek\\\/jahace-cizme-kavalkade-meridius\\\/#primaryimage\"},\"thumbnailUrl\":\"https:\\\/\\\/clair.si\\\/wp-content\\\/uploads\\\/2022\\\/10\\\/59601-kavalkade-Meridius-jahalni-cevelj-cevlji-gleznarji.webp\",\"datePublished\":\"2022-10-27T10:25:44+00:00\",\"dateModified\":\"2025-10-30T23:30:23+00:00\",\"description\":\"Jaha\u0107e \u010dizme Kavalkade Meridius su izra\u0111ene od super meke obra\u0111ene gove\u0111e ko\u017ee, koja se savr\u0161eno prilago\u0111ava nozi. Kavalkade koristi meku ko\u017eu za\",\"breadcrumb\":{\"@id\":\"https:\\\/\\\/clair.si\\\/hr\\\/izdelek\\\/jahace-cizme-kavalkade-meridius\\\/#breadcrumb\"},\"inLanguage\":\"hr\",\"potentialAction\":[{\"@type\":\"ReadAction\",\"target\":[\"https:\\\/\\\/clair.si\\\/hr\\\/izdelek\\\/jahace-cizme-kavalkade-meridius\\\/\"]}]},{\"@type\":\"ImageObject\",\"inLanguage\":\"hr\",\"@id\":\"https:\\\/\\\/clair.si\\\/hr\\\/izdelek\\\/jahace-cizme-kavalkade-meridius\\\/#primaryimage\",\"url\":\"https:\\\/\\\/clair.si\\\/wp-content\\\/uploads\\\/2022\\\/10\\\/59601-kavalkade-Meridius-jahalni-cevelj-cevlji-gleznarji.webp\",\"contentUrl\":\"https:\\\/\\\/clair.si\\\/wp-content\\\/uploads\\\/2022\\\/10\\\/59601-kavalkade-Meridius-jahalni-cevelj-cevlji-gleznarji.webp\",\"width\":825,\"height\":725,\"caption\":\"59601-kavalkade-Meridius-jahalni-cevelj-cevlji-gleznarji\"},{\"@type\":\"BreadcrumbList\",\"@id\":\"https:\\\/\\\/clair.si\\\/hr\\\/izdelek\\\/jahace-cizme-kavalkade-meridius\\\/#breadcrumb\",\"itemListElement\":[{\"@type\":\"ListItem\",\"position\":1,\"name\":\"Home\",\"item\":\"https:\\\/\\\/clair.si\\\/hr\\\/\"},{\"@type\":\"ListItem\",\"position\":2,\"name\":\"Trgovina\",\"item\":\"https:\\\/\\\/clair.si\\\/trgovina\\\/\"},{\"@type\":\"ListItem\",\"position\":3,\"name\":\"Jaha\u0107e \u010dizme Kavalkade Meridius\"}]},{\"@type\":\"WebSite\",\"@id\":\"https:\\\/\\\/clair.si\\\/#website\",\"url\":\"https:\\\/\\\/clair.si\\\/\",\"name\":\"Clair\",\"description\":\"Trgovina s konjeni\u0161ko opremo\",\"publisher\":{\"@id\":\"https:\\\/\\\/clair.si\\\/#organization\"},\"potentialAction\":[{\"@type\":\"SearchAction\",\"target\":{\"@type\":\"EntryPoint\",\"urlTemplate\":\"https:\\\/\\\/clair.si\\\/?s={search_term_string}\"},\"query-input\":{\"@type\":\"PropertyValueSpecification\",\"valueRequired\":true,\"valueName\":\"search_term_string\"}}],\"inLanguage\":\"hr\"},{\"@type\":\"Organization\",\"@id\":\"https:\\\/\\\/clair.si\\\/#organization\",\"name\":\"Clair\",\"url\":\"https:\\\/\\\/clair.si\\\/\",\"logo\":{\"@type\":\"ImageObject\",\"inLanguage\":\"hr\",\"@id\":\"https:\\\/\\\/clair.si\\\/#\\\/schema\\\/logo\\\/image\\\/\",\"url\":\"https:\\\/\\\/clair.si\\\/wp-content\\\/uploads\\\/2022\\\/11\\\/clair_logo_2022.jpg\",\"contentUrl\":\"https:\\\/\\\/clair.si\\\/wp-content\\\/uploads\\\/2022\\\/11\\\/clair_logo_2022.jpg\",\"width\":1920,\"height\":1920,\"caption\":\"Clair\"},\"image\":{\"@id\":\"https:\\\/\\\/clair.si\\\/#\\\/schema\\\/logo\\\/image\\\/\"},\"sameAs\":[\"https:\\\/\\\/www.facebook.com\\\/TrgovinaClair\\\/\"]}]}<\/script>\n<!-- \/ Yoast SEO plugin. -->","yoast_head_json":{"title":"Jaha\u0107e \u010dizme Kavalkade Meridius - Clair","description":"Jaha\u0107e \u010dizme Kavalkade Meridius su izra\u0111ene od super meke obra\u0111ene gove\u0111e ko\u017ee, koja se savr\u0161eno prilago\u0111ava nozi. Kavalkade koristi meku ko\u017eu za","robots":{"index":"index","follow":"follow","max-snippet":"max-snippet:-1","max-image-preview":"max-image-preview:large","max-video-preview":"max-video-preview:-1"},"canonical":"https:\/\/clair.si\/hr\/izdelek\/jahace-cizme-kavalkade-meridius\/","og_locale":"hr_HR","og_type":"article","og_title":"Jaha\u0107e \u010dizme Kavalkade Meridius - Clair","og_description":"Jaha\u0107e \u010dizme Kavalkade Meridius su izra\u0111ene od super meke obra\u0111ene gove\u0111e ko\u017ee, koja se savr\u0161eno prilago\u0111ava nozi. Kavalkade koristi meku ko\u017eu za","og_url":"https:\/\/clair.si\/hr\/izdelek\/jahace-cizme-kavalkade-meridius\/","og_site_name":"Clair","article_publisher":"https:\/\/www.facebook.com\/TrgovinaClair\/","article_modified_time":"2025-10-30T23:30:23+00:00","og_image":[{"width":825,"height":725,"url":"https:\/\/clair.si\/wp-content\/uploads\/2022\/10\/59601-kavalkade-Meridius-jahalni-cevelj-cevlji-gleznarji.jpg","type":"image\/jpeg"}],"twitter_card":"summary_large_image","twitter_misc":{"Procijenjeno vrijeme \u010ditanja":"1 minuta"},"schema":{"@context":"https:\/\/schema.org","@graph":[{"@type":"WebPage","@id":"https:\/\/clair.si\/hr\/izdelek\/jahace-cizme-kavalkade-meridius\/","url":"https:\/\/clair.si\/hr\/izdelek\/jahace-cizme-kavalkade-meridius\/","name":"Jaha\u0107e \u010dizme Kavalkade Meridius - Clair","isPartOf":{"@id":"https:\/\/clair.si\/#website"},"primaryImageOfPage":{"@id":"https:\/\/clair.si\/hr\/izdelek\/jahace-cizme-kavalkade-meridius\/#primaryimage"},"image":{"@id":"https:\/\/clair.si\/hr\/izdelek\/jahace-cizme-kavalkade-meridius\/#primaryimage"},"thumbnailUrl":"https:\/\/clair.si\/wp-content\/uploads\/2022\/10\/59601-kavalkade-Meridius-jahalni-cevelj-cevlji-gleznarji.webp","datePublished":"2022-10-27T10:25:44+00:00","dateModified":"2025-10-30T23:30:23+00:00","description":"Jaha\u0107e \u010dizme Kavalkade Meridius su izra\u0111ene od super meke obra\u0111ene gove\u0111e ko\u017ee, koja se savr\u0161eno prilago\u0111ava nozi. Kavalkade koristi meku ko\u017eu za","breadcrumb":{"@id":"https:\/\/clair.si\/hr\/izdelek\/jahace-cizme-kavalkade-meridius\/#breadcrumb"},"inLanguage":"hr","potentialAction":[{"@type":"ReadAction","target":["https:\/\/clair.si\/hr\/izdelek\/jahace-cizme-kavalkade-meridius\/"]}]},{"@type":"ImageObject","inLanguage":"hr","@id":"https:\/\/clair.si\/hr\/izdelek\/jahace-cizme-kavalkade-meridius\/#primaryimage","url":"https:\/\/clair.si\/wp-content\/uploads\/2022\/10\/59601-kavalkade-Meridius-jahalni-cevelj-cevlji-gleznarji.webp","contentUrl":"https:\/\/clair.si\/wp-content\/uploads\/2022\/10\/59601-kavalkade-Meridius-jahalni-cevelj-cevlji-gleznarji.webp","width":825,"height":725,"caption":"59601-kavalkade-Meridius-jahalni-cevelj-cevlji-gleznarji"},{"@type":"BreadcrumbList","@id":"https:\/\/clair.si\/hr\/izdelek\/jahace-cizme-kavalkade-meridius\/#breadcrumb","itemListElement":[{"@type":"ListItem","position":1,"name":"Home","item":"https:\/\/clair.si\/hr\/"},{"@type":"ListItem","position":2,"name":"Trgovina","item":"https:\/\/clair.si\/trgovina\/"},{"@type":"ListItem","position":3,"name":"Jaha\u0107e \u010dizme Kavalkade Meridius"}]},{"@type":"WebSite","@id":"https:\/\/clair.si\/#website","url":"https:\/\/clair.si\/","name":"Clair","description":"Trgovina s konjeni\u0161ko opremo","publisher":{"@id":"https:\/\/clair.si\/#organization"},"potentialAction":[{"@type":"SearchAction","target":{"@type":"EntryPoint","urlTemplate":"https:\/\/clair.si\/?s={search_term_string}"},"query-input":{"@type":"PropertyValueSpecification","valueRequired":true,"valueName":"search_term_string"}}],"inLanguage":"hr"},{"@type":"Organization","@id":"https:\/\/clair.si\/#organization","name":"Clair","url":"https:\/\/clair.si\/","logo":{"@type":"ImageObject","inLanguage":"hr","@id":"https:\/\/clair.si\/#\/schema\/logo\/image\/","url":"https:\/\/clair.si\/wp-content\/uploads\/2022\/11\/clair_logo_2022.jpg","contentUrl":"https:\/\/clair.si\/wp-content\/uploads\/2022\/11\/clair_logo_2022.jpg","width":1920,"height":1920,"caption":"Clair"},"image":{"@id":"https:\/\/clair.si\/#\/schema\/logo\/image\/"},"sameAs":["https:\/\/www.facebook.com\/TrgovinaClair\/"]}]}},"_links":{"self":[{"href":"https:\/\/clair.si\/hr\/wp-json\/wp\/v2\/product\/101838","targetHints":{"allow":["GET"]}}],"collection":[{"href":"https:\/\/clair.si\/hr\/wp-json\/wp\/v2\/product"}],"about":[{"href":"https:\/\/clair.si\/hr\/wp-json\/wp\/v2\/types\/product"}],"version-history":[{"count":0,"href":"https:\/\/clair.si\/hr\/wp-json\/wp\/v2\/product\/101838\/revisions"}],"wp:featuredmedia":[{"embeddable":true,"href":"https:\/\/clair.si\/hr\/wp-json\/wp\/v2\/media\/101854"}],"wp:attachment":[{"href":"https:\/\/clair.si\/hr\/wp-json\/wp\/v2\/media?parent=101838"}],"wp:term":[{"taxonomy":"product_brand","embeddable":true,"href":"https:\/\/clair.si\/hr\/wp-json\/wp\/v2\/product_brand?post=101838"},{"taxonomy":"product_cat","embeddable":true,"href":"https:\/\/clair.si\/hr\/wp-json\/wp\/v2\/product_cat?post=101838"},{"taxonomy":"product_tag","embeddable":true,"href":"https:\/\/clair.si\/hr\/wp-json\/wp\/v2\/product_tag?post=101838"}],"curies":[{"name":"wp","href":"https:\/\/api.w.org\/{rel}","templated":true}]}}