{"id":101919,"date":"2022-10-24T12:52:51","date_gmt":"2022-10-24T10:52:51","guid":{"rendered":"https:\/\/clair.si\/izdelek\/dresurni-bic-za-konje-fleck-contact\/"},"modified":"2025-08-27T17:59:52","modified_gmt":"2025-08-27T15:59:52","slug":"dresurni-bic-za-konje-fleck-contact","status":"publish","type":"product","link":"https:\/\/clair.si\/hr\/izdelek\/dresurni-bic-za-konje-fleck-contact\/","title":{"rendered":"Dresurni bi\u010d za konje Fleck Contact"},"content":{"rendered":"<p><strong>Dresurni bi\u010d za konje Fleck Contact<\/strong> &#8211; s<span class=\"HwtZe\" lang=\"sl\"><span class=\"jCAhz ChMk0b\"><span class=\"ryNqvb\">uvremeni dizajn bi\u010da s odli\u010dnom ravnote\u017eom, optimalnom elasti\u010dno\u0161\u0107u i savr\u0161enim prianjanjem.<\/span><\/span> <\/span><\/p>\n<p><span class=\"HwtZe\" lang=\"sl\"><span class=\"jCAhz ChMk0b\"><span class=\"ryNqvb\">Jezgra bi\u010da za jahanje konja izra\u0111ena je od stakloplastike, presvu\u010dena najlonskom tkaninom.<\/span><\/span> <\/span><\/p>\n<p><span class=\"HwtZe\" lang=\"sl\"><span class=\"jCAhz ChMk0b\"><span class=\"ryNqvb\">Inovativna protuklizna \u201cContact\u201d ru\u010dka s posebnim \u017eljebastim prihvatom.<\/span><\/span> <\/span> <\/p>\n","protected":false},"excerpt":{"rendered":"<p>Dresurni bi\u010d za konje Fleck Contact &#8211; suvremeni dizajn bi\u010da s odli\u010dnom ravnote\u017eom, optimalnom elasti\u010dno\u0161\u0107u i savr\u0161enim prianjanjem. Jezgra bi\u010da<\/p>\n","protected":false},"featured_media":101930,"template":"","meta":{"footnotes":""},"product_brand":[],"product_cat":[5732,5934,5654,6010,5657,5670,5658],"product_tag":[],"class_list":{"0":"post-101919","1":"product","2":"type-product","3":"status-publish","4":"has-post-thumbnail","6":"product_cat-bicevi","7":"product_cat-dresurni-bicevi","8":"product_cat-jahac-hr","9":"product_cat-jahaci-bicevi","10":"product_cat-kategorije-hr","11":"product_cat-natjecanja","12":"product_cat-pocetci-jahanja","14":"first","15":"instock","16":"shipping-taxable","17":"purchasable","18":"product-type-variable"},"yoast_head":"<!-- This site is optimized with the Yoast SEO plugin v27.3 - https:\/\/yoast.com\/product\/yoast-seo-wordpress\/ -->\n<title>Dresurni bi\u010d za konje Fleck Contact - Clair<\/title>\n<meta name=\"description\" content=\"Dresurni bi\u010d za konje Fleck Contact - moderan dizajn bi\u010da s odli\u010dnom ravnote\u017eom, optimalnom elasti\u010dno\u0161\u0107u i savr\u0161enim prianjanjem.\" \/>\n<meta name=\"robots\" content=\"index, follow, max-snippet:-1, max-image-preview:large, max-video-preview:-1\" \/>\n<link rel=\"canonical\" href=\"https:\/\/clair.si\/hr\/izdelek\/dresurni-bic-za-konje-fleck-contact\/\" \/>\n<meta property=\"og:locale\" content=\"hr_HR\" \/>\n<meta property=\"og:type\" content=\"article\" \/>\n<meta property=\"og:title\" content=\"Dresurni bi\u010d za konje Fleck Contact - Clair\" \/>\n<meta property=\"og:description\" content=\"Dresurni bi\u010d za konje Fleck Contact - moderan dizajn bi\u010da s odli\u010dnom ravnote\u017eom, optimalnom elasti\u010dno\u0161\u0107u i savr\u0161enim prianjanjem.\" \/>\n<meta property=\"og:url\" content=\"https:\/\/clair.si\/hr\/izdelek\/dresurni-bic-za-konje-fleck-contact\/\" \/>\n<meta property=\"og:site_name\" content=\"Clair\" \/>\n<meta property=\"article:publisher\" content=\"https:\/\/www.facebook.com\/TrgovinaClair\/\" \/>\n<meta property=\"article:modified_time\" content=\"2025-08-27T15:59:52+00:00\" \/>\n<meta property=\"og:image\" content=\"https:\/\/clair.si\/wp-content\/uploads\/2022\/10\/fleck-contact-dresurni-bic-roza.jpg\" \/>\n\t<meta property=\"og:image:width\" content=\"700\" \/>\n\t<meta property=\"og:image:height\" content=\"700\" \/>\n\t<meta property=\"og:image:type\" content=\"image\/jpeg\" \/>\n<meta name=\"twitter:card\" content=\"summary_large_image\" \/>\n<script type=\"application\/ld+json\" class=\"yoast-schema-graph\">{\"@context\":\"https:\\\/\\\/schema.org\",\"@graph\":[{\"@type\":\"WebPage\",\"@id\":\"https:\\\/\\\/clair.si\\\/hr\\\/izdelek\\\/dresurni-bic-za-konje-fleck-contact\\\/\",\"url\":\"https:\\\/\\\/clair.si\\\/hr\\\/izdelek\\\/dresurni-bic-za-konje-fleck-contact\\\/\",\"name\":\"Dresurni bi\u010d za konje Fleck Contact - Clair\",\"isPartOf\":{\"@id\":\"https:\\\/\\\/clair.si\\\/#website\"},\"primaryImageOfPage\":{\"@id\":\"https:\\\/\\\/clair.si\\\/hr\\\/izdelek\\\/dresurni-bic-za-konje-fleck-contact\\\/#primaryimage\"},\"image\":{\"@id\":\"https:\\\/\\\/clair.si\\\/hr\\\/izdelek\\\/dresurni-bic-za-konje-fleck-contact\\\/#primaryimage\"},\"thumbnailUrl\":\"https:\\\/\\\/clair.si\\\/wp-content\\\/uploads\\\/2022\\\/10\\\/fleck-contact-dresurni-bic-roza.webp\",\"datePublished\":\"2022-10-24T10:52:51+00:00\",\"dateModified\":\"2025-08-27T15:59:52+00:00\",\"description\":\"Dresurni bi\u010d za konje Fleck Contact - moderan dizajn bi\u010da s odli\u010dnom ravnote\u017eom, optimalnom elasti\u010dno\u0161\u0107u i savr\u0161enim prianjanjem.\",\"breadcrumb\":{\"@id\":\"https:\\\/\\\/clair.si\\\/hr\\\/izdelek\\\/dresurni-bic-za-konje-fleck-contact\\\/#breadcrumb\"},\"inLanguage\":\"hr\",\"potentialAction\":[{\"@type\":\"ReadAction\",\"target\":[\"https:\\\/\\\/clair.si\\\/hr\\\/izdelek\\\/dresurni-bic-za-konje-fleck-contact\\\/\"]}]},{\"@type\":\"ImageObject\",\"inLanguage\":\"hr\",\"@id\":\"https:\\\/\\\/clair.si\\\/hr\\\/izdelek\\\/dresurni-bic-za-konje-fleck-contact\\\/#primaryimage\",\"url\":\"https:\\\/\\\/clair.si\\\/wp-content\\\/uploads\\\/2022\\\/10\\\/fleck-contact-dresurni-bic-roza.webp\",\"contentUrl\":\"https:\\\/\\\/clair.si\\\/wp-content\\\/uploads\\\/2022\\\/10\\\/fleck-contact-dresurni-bic-roza.webp\",\"width\":700,\"height\":700,\"caption\":\"Fleck Contact dresuni bi\u010d za konje.\"},{\"@type\":\"BreadcrumbList\",\"@id\":\"https:\\\/\\\/clair.si\\\/hr\\\/izdelek\\\/dresurni-bic-za-konje-fleck-contact\\\/#breadcrumb\",\"itemListElement\":[{\"@type\":\"ListItem\",\"position\":1,\"name\":\"Home\",\"item\":\"https:\\\/\\\/clair.si\\\/hr\\\/\"},{\"@type\":\"ListItem\",\"position\":2,\"name\":\"Trgovina\",\"item\":\"https:\\\/\\\/clair.si\\\/trgovina\\\/\"},{\"@type\":\"ListItem\",\"position\":3,\"name\":\"Dresurni bi\u010d za konje Fleck Contact\"}]},{\"@type\":\"WebSite\",\"@id\":\"https:\\\/\\\/clair.si\\\/#website\",\"url\":\"https:\\\/\\\/clair.si\\\/\",\"name\":\"Clair\",\"description\":\"Trgovina s konjeni\u0161ko opremo\",\"publisher\":{\"@id\":\"https:\\\/\\\/clair.si\\\/#organization\"},\"potentialAction\":[{\"@type\":\"SearchAction\",\"target\":{\"@type\":\"EntryPoint\",\"urlTemplate\":\"https:\\\/\\\/clair.si\\\/?s={search_term_string}\"},\"query-input\":{\"@type\":\"PropertyValueSpecification\",\"valueRequired\":true,\"valueName\":\"search_term_string\"}}],\"inLanguage\":\"hr\"},{\"@type\":\"Organization\",\"@id\":\"https:\\\/\\\/clair.si\\\/#organization\",\"name\":\"Clair\",\"url\":\"https:\\\/\\\/clair.si\\\/\",\"logo\":{\"@type\":\"ImageObject\",\"inLanguage\":\"hr\",\"@id\":\"https:\\\/\\\/clair.si\\\/#\\\/schema\\\/logo\\\/image\\\/\",\"url\":\"https:\\\/\\\/clair.si\\\/wp-content\\\/uploads\\\/2022\\\/11\\\/clair_logo_2022.jpg\",\"contentUrl\":\"https:\\\/\\\/clair.si\\\/wp-content\\\/uploads\\\/2022\\\/11\\\/clair_logo_2022.jpg\",\"width\":1920,\"height\":1920,\"caption\":\"Clair\"},\"image\":{\"@id\":\"https:\\\/\\\/clair.si\\\/#\\\/schema\\\/logo\\\/image\\\/\"},\"sameAs\":[\"https:\\\/\\\/www.facebook.com\\\/TrgovinaClair\\\/\"]}]}<\/script>\n<!-- \/ Yoast SEO plugin. -->","yoast_head_json":{"title":"Dresurni bi\u010d za konje Fleck Contact - Clair","description":"Dresurni bi\u010d za konje Fleck Contact - moderan dizajn bi\u010da s odli\u010dnom ravnote\u017eom, optimalnom elasti\u010dno\u0161\u0107u i savr\u0161enim prianjanjem.","robots":{"index":"index","follow":"follow","max-snippet":"max-snippet:-1","max-image-preview":"max-image-preview:large","max-video-preview":"max-video-preview:-1"},"canonical":"https:\/\/clair.si\/hr\/izdelek\/dresurni-bic-za-konje-fleck-contact\/","og_locale":"hr_HR","og_type":"article","og_title":"Dresurni bi\u010d za konje Fleck Contact - Clair","og_description":"Dresurni bi\u010d za konje Fleck Contact - moderan dizajn bi\u010da s odli\u010dnom ravnote\u017eom, optimalnom elasti\u010dno\u0161\u0107u i savr\u0161enim prianjanjem.","og_url":"https:\/\/clair.si\/hr\/izdelek\/dresurni-bic-za-konje-fleck-contact\/","og_site_name":"Clair","article_publisher":"https:\/\/www.facebook.com\/TrgovinaClair\/","article_modified_time":"2025-08-27T15:59:52+00:00","og_image":[{"width":700,"height":700,"url":"https:\/\/clair.si\/wp-content\/uploads\/2022\/10\/fleck-contact-dresurni-bic-roza.jpg","type":"image\/jpeg"}],"twitter_card":"summary_large_image","schema":{"@context":"https:\/\/schema.org","@graph":[{"@type":"WebPage","@id":"https:\/\/clair.si\/hr\/izdelek\/dresurni-bic-za-konje-fleck-contact\/","url":"https:\/\/clair.si\/hr\/izdelek\/dresurni-bic-za-konje-fleck-contact\/","name":"Dresurni bi\u010d za konje Fleck Contact - Clair","isPartOf":{"@id":"https:\/\/clair.si\/#website"},"primaryImageOfPage":{"@id":"https:\/\/clair.si\/hr\/izdelek\/dresurni-bic-za-konje-fleck-contact\/#primaryimage"},"image":{"@id":"https:\/\/clair.si\/hr\/izdelek\/dresurni-bic-za-konje-fleck-contact\/#primaryimage"},"thumbnailUrl":"https:\/\/clair.si\/wp-content\/uploads\/2022\/10\/fleck-contact-dresurni-bic-roza.webp","datePublished":"2022-10-24T10:52:51+00:00","dateModified":"2025-08-27T15:59:52+00:00","description":"Dresurni bi\u010d za konje Fleck Contact - moderan dizajn bi\u010da s odli\u010dnom ravnote\u017eom, optimalnom elasti\u010dno\u0161\u0107u i savr\u0161enim prianjanjem.","breadcrumb":{"@id":"https:\/\/clair.si\/hr\/izdelek\/dresurni-bic-za-konje-fleck-contact\/#breadcrumb"},"inLanguage":"hr","potentialAction":[{"@type":"ReadAction","target":["https:\/\/clair.si\/hr\/izdelek\/dresurni-bic-za-konje-fleck-contact\/"]}]},{"@type":"ImageObject","inLanguage":"hr","@id":"https:\/\/clair.si\/hr\/izdelek\/dresurni-bic-za-konje-fleck-contact\/#primaryimage","url":"https:\/\/clair.si\/wp-content\/uploads\/2022\/10\/fleck-contact-dresurni-bic-roza.webp","contentUrl":"https:\/\/clair.si\/wp-content\/uploads\/2022\/10\/fleck-contact-dresurni-bic-roza.webp","width":700,"height":700,"caption":"Fleck Contact dresuni bi\u010d za konje."},{"@type":"BreadcrumbList","@id":"https:\/\/clair.si\/hr\/izdelek\/dresurni-bic-za-konje-fleck-contact\/#breadcrumb","itemListElement":[{"@type":"ListItem","position":1,"name":"Home","item":"https:\/\/clair.si\/hr\/"},{"@type":"ListItem","position":2,"name":"Trgovina","item":"https:\/\/clair.si\/trgovina\/"},{"@type":"ListItem","position":3,"name":"Dresurni bi\u010d za konje Fleck Contact"}]},{"@type":"WebSite","@id":"https:\/\/clair.si\/#website","url":"https:\/\/clair.si\/","name":"Clair","description":"Trgovina s konjeni\u0161ko opremo","publisher":{"@id":"https:\/\/clair.si\/#organization"},"potentialAction":[{"@type":"SearchAction","target":{"@type":"EntryPoint","urlTemplate":"https:\/\/clair.si\/?s={search_term_string}"},"query-input":{"@type":"PropertyValueSpecification","valueRequired":true,"valueName":"search_term_string"}}],"inLanguage":"hr"},{"@type":"Organization","@id":"https:\/\/clair.si\/#organization","name":"Clair","url":"https:\/\/clair.si\/","logo":{"@type":"ImageObject","inLanguage":"hr","@id":"https:\/\/clair.si\/#\/schema\/logo\/image\/","url":"https:\/\/clair.si\/wp-content\/uploads\/2022\/11\/clair_logo_2022.jpg","contentUrl":"https:\/\/clair.si\/wp-content\/uploads\/2022\/11\/clair_logo_2022.jpg","width":1920,"height":1920,"caption":"Clair"},"image":{"@id":"https:\/\/clair.si\/#\/schema\/logo\/image\/"},"sameAs":["https:\/\/www.facebook.com\/TrgovinaClair\/"]}]}},"_links":{"self":[{"href":"https:\/\/clair.si\/hr\/wp-json\/wp\/v2\/product\/101919","targetHints":{"allow":["GET"]}}],"collection":[{"href":"https:\/\/clair.si\/hr\/wp-json\/wp\/v2\/product"}],"about":[{"href":"https:\/\/clair.si\/hr\/wp-json\/wp\/v2\/types\/product"}],"version-history":[{"count":0,"href":"https:\/\/clair.si\/hr\/wp-json\/wp\/v2\/product\/101919\/revisions"}],"wp:featuredmedia":[{"embeddable":true,"href":"https:\/\/clair.si\/hr\/wp-json\/wp\/v2\/media\/101930"}],"wp:attachment":[{"href":"https:\/\/clair.si\/hr\/wp-json\/wp\/v2\/media?parent=101919"}],"wp:term":[{"taxonomy":"product_brand","embeddable":true,"href":"https:\/\/clair.si\/hr\/wp-json\/wp\/v2\/product_brand?post=101919"},{"taxonomy":"product_cat","embeddable":true,"href":"https:\/\/clair.si\/hr\/wp-json\/wp\/v2\/product_cat?post=101919"},{"taxonomy":"product_tag","embeddable":true,"href":"https:\/\/clair.si\/hr\/wp-json\/wp\/v2\/product_tag?post=101919"}],"curies":[{"name":"wp","href":"https:\/\/api.w.org\/{rel}","templated":true}]}}