{"id":101926,"date":"2022-10-25T12:04:46","date_gmt":"2022-10-25T10:04:46","guid":{"rendered":"https:\/\/clair.si\/izdelek\/bic-za-zaprege-skolski-bic-wg-carbone\/"},"modified":"2026-01-26T09:31:35","modified_gmt":"2026-01-26T08:31:35","slug":"bic-za-zaprege-skolski-bic-wg-carbone","status":"publish","type":"product","link":"https:\/\/clair.si\/hr\/izdelek\/bic-za-zaprege-skolski-bic-wg-carbone\/","title":{"rendered":"Bi\u010d za zaprege\/\u0161kolski bi\u010d W&amp;G Carbone"},"content":{"rendered":"<p><strong>Bi\u010d za zaprege\/\u0161kolski bi\u010d W&amp;G Carbone <\/strong>&#8211; s<span class=\"HwtZe\" lang=\"sl\"><span class=\"jCAhz ChMk0b\"><span class=\"ryNqvb\">vrlo lagan, s fleksibilnom \u0161upljom jezgrom, ali vrlo \u010dvrst, izra\u0111en od kompozitnih staklenih vlakana i ugljika. Prikladan kao bi\u010d za zaprege ili \u0161kolski bi\u010d. <\/span><\/span> <\/span><\/p>\n<p><span class=\"HwtZe\" lang=\"sl\"><span class=\"jCAhz ChMk0b\"><span class=\"ryNqvb\">Duga protuklizna gumena ru\u010dka s metalnom zavr\u0161nom kapicom.<\/span><\/span> <span class=\"jCAhz ChMk0b\"><span class=\"ryNqvb\">U\u017ee od pletenog najlona.<\/span><\/span><\/span><\/p>\n","protected":false},"excerpt":{"rendered":"<p>Bi\u010d za zaprege\/\u0161kolski bi\u010d W&amp;G Carbone &#8211; svrlo lagan, s fleksibilnom \u0161upljom jezgrom, ali vrlo \u010dvrst, izra\u0111en od kompozitnih staklenih<\/p>\n","protected":false},"featured_media":101937,"template":"","meta":{"footnotes":""},"product_brand":[],"product_cat":[5732,5831,6110,5654,5657,5624,5830,6033,5734],"product_tag":[],"class_list":{"0":"post-101926","1":"product","2":"type-product","3":"status-publish","4":"has-post-thumbnail","6":"product_cat-bicevi","7":"product_cat-bicevi-za-lonziranje","8":"product_cat-bicevi-za-lonziranje-hr","9":"product_cat-jahac-hr","10":"product_cat-kategorije-hr","11":"product_cat-konj-hr","12":"product_cat-lonziranje-hr","13":"product_cat-lonziranje-hr-2","14":"product_cat-visenamjenski-bicevi","16":"first","17":"instock","18":"shipping-taxable","19":"purchasable","20":"product-type-variable"},"yoast_head":"<!-- This site is optimized with the Yoast SEO plugin v27.3 - https:\/\/yoast.com\/product\/yoast-seo-wordpress\/ -->\n<title>Bi\u010d za zaprege\/\u0161kolski bi\u010d W&amp;G Carbone - Clair<\/title>\n<meta name=\"description\" content=\"Bi\u010d za zaprege\/\u0161kolski bi\u010d W&amp;G Carbone - vrlo lagan, s fleksibilnom \u0161upljom jezgrom, ali vrlo \u010dvrst, izra\u0111en od kompozitnih staklenih vlakana i ugljika.\" \/>\n<meta name=\"robots\" content=\"index, follow, max-snippet:-1, max-image-preview:large, max-video-preview:-1\" \/>\n<link rel=\"canonical\" href=\"https:\/\/clair.si\/hr\/izdelek\/bic-za-zaprege-skolski-bic-wg-carbone\/\" \/>\n<meta property=\"og:locale\" content=\"hr_HR\" \/>\n<meta property=\"og:type\" content=\"article\" \/>\n<meta property=\"og:title\" content=\"Bi\u010d za zaprege\/\u0161kolski bi\u010d W&amp;G Carbone - Clair\" \/>\n<meta property=\"og:description\" content=\"Bi\u010d za zaprege\/\u0161kolski bi\u010d W&amp;G Carbone - vrlo lagan, s fleksibilnom \u0161upljom jezgrom, ali vrlo \u010dvrst, izra\u0111en od kompozitnih staklenih vlakana i ugljika.\" \/>\n<meta property=\"og:url\" content=\"https:\/\/clair.si\/hr\/izdelek\/bic-za-zaprege-skolski-bic-wg-carbone\/\" \/>\n<meta property=\"og:site_name\" content=\"Clair\" \/>\n<meta property=\"article:publisher\" content=\"https:\/\/www.facebook.com\/TrgovinaClair\/\" \/>\n<meta property=\"article:modified_time\" content=\"2026-01-26T08:31:35+00:00\" \/>\n<meta property=\"og:image\" content=\"https:\/\/clair.si\/wp-content\/uploads\/2022\/10\/whip-go-carbone-vprezni-solski-bic.jpg\" \/>\n\t<meta property=\"og:image:width\" content=\"800\" \/>\n\t<meta property=\"og:image:height\" content=\"800\" \/>\n\t<meta property=\"og:image:type\" content=\"image\/jpeg\" \/>\n<meta name=\"twitter:card\" content=\"summary_large_image\" \/>\n<script type=\"application\/ld+json\" class=\"yoast-schema-graph\">{\"@context\":\"https:\\\/\\\/schema.org\",\"@graph\":[{\"@type\":\"WebPage\",\"@id\":\"https:\\\/\\\/clair.si\\\/hr\\\/izdelek\\\/bic-za-zaprege-skolski-bic-wg-carbone\\\/\",\"url\":\"https:\\\/\\\/clair.si\\\/hr\\\/izdelek\\\/bic-za-zaprege-skolski-bic-wg-carbone\\\/\",\"name\":\"Bi\u010d za zaprege\\\/\u0161kolski bi\u010d W&amp;G Carbone - Clair\",\"isPartOf\":{\"@id\":\"https:\\\/\\\/clair.si\\\/#website\"},\"primaryImageOfPage\":{\"@id\":\"https:\\\/\\\/clair.si\\\/hr\\\/izdelek\\\/bic-za-zaprege-skolski-bic-wg-carbone\\\/#primaryimage\"},\"image\":{\"@id\":\"https:\\\/\\\/clair.si\\\/hr\\\/izdelek\\\/bic-za-zaprege-skolski-bic-wg-carbone\\\/#primaryimage\"},\"thumbnailUrl\":\"https:\\\/\\\/clair.si\\\/wp-content\\\/uploads\\\/2022\\\/10\\\/whip-go-carbone-vprezni-solski-bic.webp\",\"datePublished\":\"2022-10-25T10:04:46+00:00\",\"dateModified\":\"2026-01-26T08:31:35+00:00\",\"description\":\"Bi\u010d za zaprege\\\/\u0161kolski bi\u010d W&G Carbone - vrlo lagan, s fleksibilnom \u0161upljom jezgrom, ali vrlo \u010dvrst, izra\u0111en od kompozitnih staklenih vlakana i ugljika.\",\"breadcrumb\":{\"@id\":\"https:\\\/\\\/clair.si\\\/hr\\\/izdelek\\\/bic-za-zaprege-skolski-bic-wg-carbone\\\/#breadcrumb\"},\"inLanguage\":\"hr\",\"potentialAction\":[{\"@type\":\"ReadAction\",\"target\":[\"https:\\\/\\\/clair.si\\\/hr\\\/izdelek\\\/bic-za-zaprege-skolski-bic-wg-carbone\\\/\"]}]},{\"@type\":\"ImageObject\",\"inLanguage\":\"hr\",\"@id\":\"https:\\\/\\\/clair.si\\\/hr\\\/izdelek\\\/bic-za-zaprege-skolski-bic-wg-carbone\\\/#primaryimage\",\"url\":\"https:\\\/\\\/clair.si\\\/wp-content\\\/uploads\\\/2022\\\/10\\\/whip-go-carbone-vprezni-solski-bic.webp\",\"contentUrl\":\"https:\\\/\\\/clair.si\\\/wp-content\\\/uploads\\\/2022\\\/10\\\/whip-go-carbone-vprezni-solski-bic.webp\",\"width\":800,\"height\":800,\"caption\":\"Vpre\u017eni ali \u0161olski bi\u010d W&G Carbone.\"},{\"@type\":\"BreadcrumbList\",\"@id\":\"https:\\\/\\\/clair.si\\\/hr\\\/izdelek\\\/bic-za-zaprege-skolski-bic-wg-carbone\\\/#breadcrumb\",\"itemListElement\":[{\"@type\":\"ListItem\",\"position\":1,\"name\":\"Home\",\"item\":\"https:\\\/\\\/clair.si\\\/hr\\\/\"},{\"@type\":\"ListItem\",\"position\":2,\"name\":\"Trgovina\",\"item\":\"https:\\\/\\\/clair.si\\\/trgovina\\\/\"},{\"@type\":\"ListItem\",\"position\":3,\"name\":\"Bi\u010d za zaprege\\\/\u0161kolski bi\u010d W&amp;G Carbone\"}]},{\"@type\":\"WebSite\",\"@id\":\"https:\\\/\\\/clair.si\\\/#website\",\"url\":\"https:\\\/\\\/clair.si\\\/\",\"name\":\"Clair\",\"description\":\"Trgovina s konjeni\u0161ko opremo\",\"publisher\":{\"@id\":\"https:\\\/\\\/clair.si\\\/#organization\"},\"potentialAction\":[{\"@type\":\"SearchAction\",\"target\":{\"@type\":\"EntryPoint\",\"urlTemplate\":\"https:\\\/\\\/clair.si\\\/?s={search_term_string}\"},\"query-input\":{\"@type\":\"PropertyValueSpecification\",\"valueRequired\":true,\"valueName\":\"search_term_string\"}}],\"inLanguage\":\"hr\"},{\"@type\":\"Organization\",\"@id\":\"https:\\\/\\\/clair.si\\\/#organization\",\"name\":\"Clair\",\"url\":\"https:\\\/\\\/clair.si\\\/\",\"logo\":{\"@type\":\"ImageObject\",\"inLanguage\":\"hr\",\"@id\":\"https:\\\/\\\/clair.si\\\/#\\\/schema\\\/logo\\\/image\\\/\",\"url\":\"https:\\\/\\\/clair.si\\\/wp-content\\\/uploads\\\/2022\\\/11\\\/clair_logo_2022.jpg\",\"contentUrl\":\"https:\\\/\\\/clair.si\\\/wp-content\\\/uploads\\\/2022\\\/11\\\/clair_logo_2022.jpg\",\"width\":1920,\"height\":1920,\"caption\":\"Clair\"},\"image\":{\"@id\":\"https:\\\/\\\/clair.si\\\/#\\\/schema\\\/logo\\\/image\\\/\"},\"sameAs\":[\"https:\\\/\\\/www.facebook.com\\\/TrgovinaClair\\\/\"]}]}<\/script>\n<!-- \/ Yoast SEO plugin. -->","yoast_head_json":{"title":"Bi\u010d za zaprege\/\u0161kolski bi\u010d W&amp;G Carbone - Clair","description":"Bi\u010d za zaprege\/\u0161kolski bi\u010d W&G Carbone - vrlo lagan, s fleksibilnom \u0161upljom jezgrom, ali vrlo \u010dvrst, izra\u0111en od kompozitnih staklenih vlakana i ugljika.","robots":{"index":"index","follow":"follow","max-snippet":"max-snippet:-1","max-image-preview":"max-image-preview:large","max-video-preview":"max-video-preview:-1"},"canonical":"https:\/\/clair.si\/hr\/izdelek\/bic-za-zaprege-skolski-bic-wg-carbone\/","og_locale":"hr_HR","og_type":"article","og_title":"Bi\u010d za zaprege\/\u0161kolski bi\u010d W&amp;G Carbone - Clair","og_description":"Bi\u010d za zaprege\/\u0161kolski bi\u010d W&G Carbone - vrlo lagan, s fleksibilnom \u0161upljom jezgrom, ali vrlo \u010dvrst, izra\u0111en od kompozitnih staklenih vlakana i ugljika.","og_url":"https:\/\/clair.si\/hr\/izdelek\/bic-za-zaprege-skolski-bic-wg-carbone\/","og_site_name":"Clair","article_publisher":"https:\/\/www.facebook.com\/TrgovinaClair\/","article_modified_time":"2026-01-26T08:31:35+00:00","og_image":[{"width":800,"height":800,"url":"https:\/\/clair.si\/wp-content\/uploads\/2022\/10\/whip-go-carbone-vprezni-solski-bic.jpg","type":"image\/jpeg"}],"twitter_card":"summary_large_image","schema":{"@context":"https:\/\/schema.org","@graph":[{"@type":"WebPage","@id":"https:\/\/clair.si\/hr\/izdelek\/bic-za-zaprege-skolski-bic-wg-carbone\/","url":"https:\/\/clair.si\/hr\/izdelek\/bic-za-zaprege-skolski-bic-wg-carbone\/","name":"Bi\u010d za zaprege\/\u0161kolski bi\u010d W&amp;G Carbone - Clair","isPartOf":{"@id":"https:\/\/clair.si\/#website"},"primaryImageOfPage":{"@id":"https:\/\/clair.si\/hr\/izdelek\/bic-za-zaprege-skolski-bic-wg-carbone\/#primaryimage"},"image":{"@id":"https:\/\/clair.si\/hr\/izdelek\/bic-za-zaprege-skolski-bic-wg-carbone\/#primaryimage"},"thumbnailUrl":"https:\/\/clair.si\/wp-content\/uploads\/2022\/10\/whip-go-carbone-vprezni-solski-bic.webp","datePublished":"2022-10-25T10:04:46+00:00","dateModified":"2026-01-26T08:31:35+00:00","description":"Bi\u010d za zaprege\/\u0161kolski bi\u010d W&G Carbone - vrlo lagan, s fleksibilnom \u0161upljom jezgrom, ali vrlo \u010dvrst, izra\u0111en od kompozitnih staklenih vlakana i ugljika.","breadcrumb":{"@id":"https:\/\/clair.si\/hr\/izdelek\/bic-za-zaprege-skolski-bic-wg-carbone\/#breadcrumb"},"inLanguage":"hr","potentialAction":[{"@type":"ReadAction","target":["https:\/\/clair.si\/hr\/izdelek\/bic-za-zaprege-skolski-bic-wg-carbone\/"]}]},{"@type":"ImageObject","inLanguage":"hr","@id":"https:\/\/clair.si\/hr\/izdelek\/bic-za-zaprege-skolski-bic-wg-carbone\/#primaryimage","url":"https:\/\/clair.si\/wp-content\/uploads\/2022\/10\/whip-go-carbone-vprezni-solski-bic.webp","contentUrl":"https:\/\/clair.si\/wp-content\/uploads\/2022\/10\/whip-go-carbone-vprezni-solski-bic.webp","width":800,"height":800,"caption":"Vpre\u017eni ali \u0161olski bi\u010d W&G Carbone."},{"@type":"BreadcrumbList","@id":"https:\/\/clair.si\/hr\/izdelek\/bic-za-zaprege-skolski-bic-wg-carbone\/#breadcrumb","itemListElement":[{"@type":"ListItem","position":1,"name":"Home","item":"https:\/\/clair.si\/hr\/"},{"@type":"ListItem","position":2,"name":"Trgovina","item":"https:\/\/clair.si\/trgovina\/"},{"@type":"ListItem","position":3,"name":"Bi\u010d za zaprege\/\u0161kolski bi\u010d W&amp;G Carbone"}]},{"@type":"WebSite","@id":"https:\/\/clair.si\/#website","url":"https:\/\/clair.si\/","name":"Clair","description":"Trgovina s konjeni\u0161ko opremo","publisher":{"@id":"https:\/\/clair.si\/#organization"},"potentialAction":[{"@type":"SearchAction","target":{"@type":"EntryPoint","urlTemplate":"https:\/\/clair.si\/?s={search_term_string}"},"query-input":{"@type":"PropertyValueSpecification","valueRequired":true,"valueName":"search_term_string"}}],"inLanguage":"hr"},{"@type":"Organization","@id":"https:\/\/clair.si\/#organization","name":"Clair","url":"https:\/\/clair.si\/","logo":{"@type":"ImageObject","inLanguage":"hr","@id":"https:\/\/clair.si\/#\/schema\/logo\/image\/","url":"https:\/\/clair.si\/wp-content\/uploads\/2022\/11\/clair_logo_2022.jpg","contentUrl":"https:\/\/clair.si\/wp-content\/uploads\/2022\/11\/clair_logo_2022.jpg","width":1920,"height":1920,"caption":"Clair"},"image":{"@id":"https:\/\/clair.si\/#\/schema\/logo\/image\/"},"sameAs":["https:\/\/www.facebook.com\/TrgovinaClair\/"]}]}},"_links":{"self":[{"href":"https:\/\/clair.si\/hr\/wp-json\/wp\/v2\/product\/101926","targetHints":{"allow":["GET"]}}],"collection":[{"href":"https:\/\/clair.si\/hr\/wp-json\/wp\/v2\/product"}],"about":[{"href":"https:\/\/clair.si\/hr\/wp-json\/wp\/v2\/types\/product"}],"version-history":[{"count":0,"href":"https:\/\/clair.si\/hr\/wp-json\/wp\/v2\/product\/101926\/revisions"}],"wp:featuredmedia":[{"embeddable":true,"href":"https:\/\/clair.si\/hr\/wp-json\/wp\/v2\/media\/101937"}],"wp:attachment":[{"href":"https:\/\/clair.si\/hr\/wp-json\/wp\/v2\/media?parent=101926"}],"wp:term":[{"taxonomy":"product_brand","embeddable":true,"href":"https:\/\/clair.si\/hr\/wp-json\/wp\/v2\/product_brand?post=101926"},{"taxonomy":"product_cat","embeddable":true,"href":"https:\/\/clair.si\/hr\/wp-json\/wp\/v2\/product_cat?post=101926"},{"taxonomy":"product_tag","embeddable":true,"href":"https:\/\/clair.si\/hr\/wp-json\/wp\/v2\/product_tag?post=101926"}],"curies":[{"name":"wp","href":"https:\/\/api.w.org\/{rel}","templated":true}]}}