{"id":102018,"date":"2022-10-12T12:25:12","date_gmt":"2022-10-12T10:25:12","guid":{"rendered":"https:\/\/clair.si\/izdelek\/bic-za-preskakanje-za-konje-fleck-contact\/"},"modified":"2025-09-24T09:29:47","modified_gmt":"2025-09-24T07:29:47","slug":"bic-za-skakanje-za-konje-fleck-contact","status":"publish","type":"product","link":"https:\/\/clair.si\/hr\/izdelek\/bic-za-skakanje-za-konje-fleck-contact\/","title":{"rendered":"Bi\u010d za skakanje prepona za konje Fleck Contact"},"content":{"rendered":"<div class=\"wpb-content-wrapper\"><p>[vc_row][vc_column][vc_column_text css=&#8221;&#8221; woodmart_inline=&#8221;no&#8221; text_larger=&#8221;no&#8221;]<strong>Bi\u010d za skakanje prepona za konje Fleck Contact<\/strong> &#8211; bi\u010d s <span class=\"HwtZe\" lang=\"sl\"><span class=\"jCAhz ChMk0b\"><span class=\"ryNqvb\">modernim dizajnom, odli\u010dnom ravnote\u017eom, optimalnom elasti\u010dno\u0161\u0107u i savr\u0161enim prianjanjem za jaha\u010devu ruku.<\/span><\/span><\/span><\/p>\n<p><span class=\"HwtZe\" lang=\"sl\"> <span class=\"jCAhz ChMk0b\"><span class=\"ryNqvb\">Jezgra bi\u010da za jahanje izra\u0111ena je od staklenih vlakana i prekrivena najlonskom tkaninom. Poseban <strong>\u201cContact\u201d protuklizni hvat<\/strong> izra\u0111en je od rebrastog poliuretana. Na kraju bi\u010da za skakanje prepona za konje Fleck Contact nalazi se <strong>\u0161iroki zatvoreni sinteti\u010dki preklop<\/strong>. <\/span><\/span><\/span><\/p>\n<p>Crni i sme\u0111i model bi\u010da su duljine 65 cm, a rozi model je 50 cm.[\/vc_column_text][\/vc_column][\/vc_row]<\/p>\n<\/div>","protected":false},"excerpt":{"rendered":"<p>[vc_row][vc_column][vc_column_text css=&#8221;&#8221; woodmart_inline=&#8221;no&#8221; text_larger=&#8221;no&#8221;]Bi\u010d za skakanje prepona za konje Fleck Contact &#8211; bi\u010d s modernim dizajnom, odli\u010dnom ravnote\u017eom, optimalnom elasti\u010dno\u0161\u0107u<\/p>\n","protected":false},"featured_media":102024,"template":"","meta":{"footnotes":""},"product_brand":[],"product_cat":[5732,5654,6010,5657,5670,5658,5733],"product_tag":[],"class_list":{"0":"post-102018","1":"product","2":"type-product","3":"status-publish","4":"has-post-thumbnail","6":"product_cat-bicevi","7":"product_cat-jahac-hr","8":"product_cat-jahaci-bicevi","9":"product_cat-kategorije-hr","10":"product_cat-natjecanja","11":"product_cat-pocetci-jahanja","12":"product_cat-preponski-bicevi","14":"first","15":"instock","16":"shipping-taxable","17":"purchasable","18":"product-type-variable"},"yoast_head":"<!-- This site is optimized with the Yoast SEO plugin v27.3 - https:\/\/yoast.com\/product\/yoast-seo-wordpress\/ -->\n<title>Bi\u010d za skakanje prepona za konje Fleck Contact - Clair<\/title>\n<meta name=\"description\" content=\"Bi\u010d za preskakanje prepona za konje Fleck Contact - bi\u010d modernog dizajna s odli\u010dnom ravnote\u017eom, optimalnom elasti\u010dno\u0161\u0107u i savr\u0161enim prianjanjem za jaha\u010devu ruku.\" \/>\n<meta name=\"robots\" content=\"index, follow, max-snippet:-1, max-image-preview:large, max-video-preview:-1\" \/>\n<link rel=\"canonical\" href=\"https:\/\/clair.si\/izdelek\/skakalni-bic-fleck-contact\/\" \/>\n<meta property=\"og:locale\" content=\"hr_HR\" \/>\n<meta property=\"og:type\" content=\"article\" \/>\n<meta property=\"og:title\" content=\"Bi\u010d za skakanje prepona za konje Fleck Contact - Clair\" \/>\n<meta property=\"og:description\" content=\"Bi\u010d za preskakanje prepona za konje Fleck Contact - bi\u010d modernog dizajna s odli\u010dnom ravnote\u017eom, optimalnom elasti\u010dno\u0161\u0107u i savr\u0161enim prianjanjem za jaha\u010devu ruku.\" \/>\n<meta property=\"og:url\" content=\"https:\/\/clair.si\/izdelek\/skakalni-bic-fleck-contact\/\" \/>\n<meta property=\"og:site_name\" content=\"Clair\" \/>\n<meta property=\"article:publisher\" content=\"https:\/\/www.facebook.com\/TrgovinaClair\/\" \/>\n<meta property=\"article:modified_time\" content=\"2025-09-24T07:29:47+00:00\" \/>\n<meta property=\"og:image\" content=\"https:\/\/clair.si\/wp-content\/uploads\/2022\/10\/fleck-contact-skakalni-bic-roza.webp\" \/>\n\t<meta property=\"og:image:width\" content=\"800\" \/>\n\t<meta property=\"og:image:height\" content=\"800\" \/>\n\t<meta property=\"og:image:type\" content=\"image\/jpeg\" \/>\n<meta name=\"twitter:card\" content=\"summary_large_image\" \/>\n<meta name=\"twitter:label1\" content=\"Procijenjeno vrijeme \u010ditanja\" \/>\n\t<meta name=\"twitter:data1\" content=\"1 minuta\" \/>\n<script type=\"application\/ld+json\" class=\"yoast-schema-graph\">{\"@context\":\"https:\\\/\\\/schema.org\",\"@graph\":[{\"@type\":\"WebPage\",\"@id\":\"https:\\\/\\\/clair.si\\\/izdelek\\\/skakalni-bic-fleck-contact\\\/\",\"url\":\"https:\\\/\\\/clair.si\\\/izdelek\\\/skakalni-bic-fleck-contact\\\/\",\"name\":\"Bi\u010d za skakanje prepona za konje Fleck Contact - Clair\",\"isPartOf\":{\"@id\":\"https:\\\/\\\/clair.si\\\/#website\"},\"primaryImageOfPage\":{\"@id\":\"https:\\\/\\\/clair.si\\\/izdelek\\\/skakalni-bic-fleck-contact\\\/#primaryimage\"},\"image\":{\"@id\":\"https:\\\/\\\/clair.si\\\/izdelek\\\/skakalni-bic-fleck-contact\\\/#primaryimage\"},\"thumbnailUrl\":\"https:\\\/\\\/clair.si\\\/wp-content\\\/uploads\\\/2022\\\/10\\\/fleck-contact-skakalni-bic-roza.webp\",\"datePublished\":\"2022-10-12T10:25:12+00:00\",\"dateModified\":\"2025-09-24T07:29:47+00:00\",\"description\":\"Bi\u010d za preskakanje prepona za konje Fleck Contact - bi\u010d modernog dizajna s odli\u010dnom ravnote\u017eom, optimalnom elasti\u010dno\u0161\u0107u i savr\u0161enim prianjanjem za jaha\u010devu ruku.\",\"breadcrumb\":{\"@id\":\"https:\\\/\\\/clair.si\\\/izdelek\\\/skakalni-bic-fleck-contact\\\/#breadcrumb\"},\"inLanguage\":\"hr\",\"potentialAction\":[{\"@type\":\"ReadAction\",\"target\":[\"https:\\\/\\\/clair.si\\\/izdelek\\\/skakalni-bic-fleck-contact\\\/\"]}]},{\"@type\":\"ImageObject\",\"inLanguage\":\"hr\",\"@id\":\"https:\\\/\\\/clair.si\\\/izdelek\\\/skakalni-bic-fleck-contact\\\/#primaryimage\",\"url\":\"https:\\\/\\\/clair.si\\\/wp-content\\\/uploads\\\/2022\\\/10\\\/fleck-contact-skakalni-bic-roza.webp\",\"contentUrl\":\"https:\\\/\\\/clair.si\\\/wp-content\\\/uploads\\\/2022\\\/10\\\/fleck-contact-skakalni-bic-roza.webp\",\"width\":800,\"height\":800,\"caption\":\"Skakalni bi\u010d Fleck Contact.\"},{\"@type\":\"BreadcrumbList\",\"@id\":\"https:\\\/\\\/clair.si\\\/izdelek\\\/skakalni-bic-fleck-contact\\\/#breadcrumb\",\"itemListElement\":[{\"@type\":\"ListItem\",\"position\":1,\"name\":\"Home\",\"item\":\"https:\\\/\\\/clair.si\\\/hr\\\/\"},{\"@type\":\"ListItem\",\"position\":2,\"name\":\"Trgovina\",\"item\":\"https:\\\/\\\/clair.si\\\/trgovina\\\/\"},{\"@type\":\"ListItem\",\"position\":3,\"name\":\"Bi\u010d za skakanje prepona za konje Fleck Contact\"}]},{\"@type\":\"WebSite\",\"@id\":\"https:\\\/\\\/clair.si\\\/#website\",\"url\":\"https:\\\/\\\/clair.si\\\/\",\"name\":\"Clair\",\"description\":\"Trgovina s konjeni\u0161ko opremo\",\"publisher\":{\"@id\":\"https:\\\/\\\/clair.si\\\/#organization\"},\"potentialAction\":[{\"@type\":\"SearchAction\",\"target\":{\"@type\":\"EntryPoint\",\"urlTemplate\":\"https:\\\/\\\/clair.si\\\/?s={search_term_string}\"},\"query-input\":{\"@type\":\"PropertyValueSpecification\",\"valueRequired\":true,\"valueName\":\"search_term_string\"}}],\"inLanguage\":\"hr\"},{\"@type\":\"Organization\",\"@id\":\"https:\\\/\\\/clair.si\\\/#organization\",\"name\":\"Clair\",\"url\":\"https:\\\/\\\/clair.si\\\/\",\"logo\":{\"@type\":\"ImageObject\",\"inLanguage\":\"hr\",\"@id\":\"https:\\\/\\\/clair.si\\\/#\\\/schema\\\/logo\\\/image\\\/\",\"url\":\"https:\\\/\\\/clair.si\\\/wp-content\\\/uploads\\\/2022\\\/11\\\/clair_logo_2022.jpg\",\"contentUrl\":\"https:\\\/\\\/clair.si\\\/wp-content\\\/uploads\\\/2022\\\/11\\\/clair_logo_2022.jpg\",\"width\":1920,\"height\":1920,\"caption\":\"Clair\"},\"image\":{\"@id\":\"https:\\\/\\\/clair.si\\\/#\\\/schema\\\/logo\\\/image\\\/\"},\"sameAs\":[\"https:\\\/\\\/www.facebook.com\\\/TrgovinaClair\\\/\"]}]}<\/script>\n<!-- \/ Yoast SEO plugin. -->","yoast_head_json":{"title":"Bi\u010d za skakanje prepona za konje Fleck Contact - Clair","description":"Bi\u010d za preskakanje prepona za konje Fleck Contact - bi\u010d modernog dizajna s odli\u010dnom ravnote\u017eom, optimalnom elasti\u010dno\u0161\u0107u i savr\u0161enim prianjanjem za jaha\u010devu ruku.","robots":{"index":"index","follow":"follow","max-snippet":"max-snippet:-1","max-image-preview":"max-image-preview:large","max-video-preview":"max-video-preview:-1"},"canonical":"https:\/\/clair.si\/izdelek\/skakalni-bic-fleck-contact\/","og_locale":"hr_HR","og_type":"article","og_title":"Bi\u010d za skakanje prepona za konje Fleck Contact - Clair","og_description":"Bi\u010d za preskakanje prepona za konje Fleck Contact - bi\u010d modernog dizajna s odli\u010dnom ravnote\u017eom, optimalnom elasti\u010dno\u0161\u0107u i savr\u0161enim prianjanjem za jaha\u010devu ruku.","og_url":"https:\/\/clair.si\/izdelek\/skakalni-bic-fleck-contact\/","og_site_name":"Clair","article_publisher":"https:\/\/www.facebook.com\/TrgovinaClair\/","article_modified_time":"2025-09-24T07:29:47+00:00","og_image":[{"width":800,"height":800,"url":"https:\/\/clair.si\/wp-content\/uploads\/2022\/10\/fleck-contact-skakalni-bic-roza.webp","type":"image\/jpeg"}],"twitter_card":"summary_large_image","twitter_misc":{"Procijenjeno vrijeme \u010ditanja":"1 minuta"},"schema":{"@context":"https:\/\/schema.org","@graph":[{"@type":"WebPage","@id":"https:\/\/clair.si\/izdelek\/skakalni-bic-fleck-contact\/","url":"https:\/\/clair.si\/izdelek\/skakalni-bic-fleck-contact\/","name":"Bi\u010d za skakanje prepona za konje Fleck Contact - Clair","isPartOf":{"@id":"https:\/\/clair.si\/#website"},"primaryImageOfPage":{"@id":"https:\/\/clair.si\/izdelek\/skakalni-bic-fleck-contact\/#primaryimage"},"image":{"@id":"https:\/\/clair.si\/izdelek\/skakalni-bic-fleck-contact\/#primaryimage"},"thumbnailUrl":"https:\/\/clair.si\/wp-content\/uploads\/2022\/10\/fleck-contact-skakalni-bic-roza.webp","datePublished":"2022-10-12T10:25:12+00:00","dateModified":"2025-09-24T07:29:47+00:00","description":"Bi\u010d za preskakanje prepona za konje Fleck Contact - bi\u010d modernog dizajna s odli\u010dnom ravnote\u017eom, optimalnom elasti\u010dno\u0161\u0107u i savr\u0161enim prianjanjem za jaha\u010devu ruku.","breadcrumb":{"@id":"https:\/\/clair.si\/izdelek\/skakalni-bic-fleck-contact\/#breadcrumb"},"inLanguage":"hr","potentialAction":[{"@type":"ReadAction","target":["https:\/\/clair.si\/izdelek\/skakalni-bic-fleck-contact\/"]}]},{"@type":"ImageObject","inLanguage":"hr","@id":"https:\/\/clair.si\/izdelek\/skakalni-bic-fleck-contact\/#primaryimage","url":"https:\/\/clair.si\/wp-content\/uploads\/2022\/10\/fleck-contact-skakalni-bic-roza.webp","contentUrl":"https:\/\/clair.si\/wp-content\/uploads\/2022\/10\/fleck-contact-skakalni-bic-roza.webp","width":800,"height":800,"caption":"Skakalni bi\u010d Fleck Contact."},{"@type":"BreadcrumbList","@id":"https:\/\/clair.si\/izdelek\/skakalni-bic-fleck-contact\/#breadcrumb","itemListElement":[{"@type":"ListItem","position":1,"name":"Home","item":"https:\/\/clair.si\/hr\/"},{"@type":"ListItem","position":2,"name":"Trgovina","item":"https:\/\/clair.si\/trgovina\/"},{"@type":"ListItem","position":3,"name":"Bi\u010d za skakanje prepona za konje Fleck Contact"}]},{"@type":"WebSite","@id":"https:\/\/clair.si\/#website","url":"https:\/\/clair.si\/","name":"Clair","description":"Trgovina s konjeni\u0161ko opremo","publisher":{"@id":"https:\/\/clair.si\/#organization"},"potentialAction":[{"@type":"SearchAction","target":{"@type":"EntryPoint","urlTemplate":"https:\/\/clair.si\/?s={search_term_string}"},"query-input":{"@type":"PropertyValueSpecification","valueRequired":true,"valueName":"search_term_string"}}],"inLanguage":"hr"},{"@type":"Organization","@id":"https:\/\/clair.si\/#organization","name":"Clair","url":"https:\/\/clair.si\/","logo":{"@type":"ImageObject","inLanguage":"hr","@id":"https:\/\/clair.si\/#\/schema\/logo\/image\/","url":"https:\/\/clair.si\/wp-content\/uploads\/2022\/11\/clair_logo_2022.jpg","contentUrl":"https:\/\/clair.si\/wp-content\/uploads\/2022\/11\/clair_logo_2022.jpg","width":1920,"height":1920,"caption":"Clair"},"image":{"@id":"https:\/\/clair.si\/#\/schema\/logo\/image\/"},"sameAs":["https:\/\/www.facebook.com\/TrgovinaClair\/"]}]}},"_links":{"self":[{"href":"https:\/\/clair.si\/hr\/wp-json\/wp\/v2\/product\/102018","targetHints":{"allow":["GET"]}}],"collection":[{"href":"https:\/\/clair.si\/hr\/wp-json\/wp\/v2\/product"}],"about":[{"href":"https:\/\/clair.si\/hr\/wp-json\/wp\/v2\/types\/product"}],"version-history":[{"count":0,"href":"https:\/\/clair.si\/hr\/wp-json\/wp\/v2\/product\/102018\/revisions"}],"wp:featuredmedia":[{"embeddable":true,"href":"https:\/\/clair.si\/hr\/wp-json\/wp\/v2\/media\/102024"}],"wp:attachment":[{"href":"https:\/\/clair.si\/hr\/wp-json\/wp\/v2\/media?parent=102018"}],"wp:term":[{"taxonomy":"product_brand","embeddable":true,"href":"https:\/\/clair.si\/hr\/wp-json\/wp\/v2\/product_brand?post=102018"},{"taxonomy":"product_cat","embeddable":true,"href":"https:\/\/clair.si\/hr\/wp-json\/wp\/v2\/product_cat?post=102018"},{"taxonomy":"product_tag","embeddable":true,"href":"https:\/\/clair.si\/hr\/wp-json\/wp\/v2\/product_tag?post=102018"}],"curies":[{"name":"wp","href":"https:\/\/api.w.org\/{rel}","templated":true}]}}