{"id":102030,"date":"2022-10-10T09:35:12","date_gmt":"2022-10-10T07:35:12","guid":{"rendered":"https:\/\/clair.si\/izdelek\/teleskopski-bic-za-lonziranje-whipgo-carbone\/"},"modified":"2025-08-27T21:08:18","modified_gmt":"2025-08-27T19:08:18","slug":"teleskopski-bic-za-lonziranje-whipgo-carbone","status":"publish","type":"product","link":"https:\/\/clair.si\/hr\/izdelek\/teleskopski-bic-za-lonziranje-whipgo-carbone\/","title":{"rendered":"Teleskopski bi\u010d za lon\u017eiranje Whip&amp;Go Carbone"},"content":{"rendered":"<p><strong>Teleskopski bi\u010d za lon\u017eiranje Whip&amp;Go Carbone<\/strong><\/p>\n<ul>\n<li>Vrlo lagan bi\u010d za lon\u017eiranje &#8211; s fleksibilnom \u0161upljom jezgrom, ali iznimno \u010dvrst &#8211; izra\u0111en od staklenih vlakana i ugljika<\/li>\n<li>Duga protuklizna gumena ru\u010dka s metalnom kapicom na kraju, omogu\u0107uje dobar oprijem<\/li>\n<li>U\u017ee od pletenog najlona s rotiraju\u0107im dijelom<\/li>\n<li>Duljine 180 ili 200 cm<\/li>\n<\/ul>\n","protected":false},"excerpt":{"rendered":"<p>Teleskopski bi\u010d za lon\u017eiranje Whip&amp;Go Carbone Vrlo lagan bi\u010d za lon\u017eiranje &#8211; s fleksibilnom \u0161upljom jezgrom, ali iznimno \u010dvrst &#8211;<\/p>\n","protected":false},"featured_media":102035,"template":"","meta":{"footnotes":""},"product_brand":[],"product_cat":[6110,5831,5657,5624,6033,5830],"product_tag":[],"class_list":{"0":"post-102030","1":"product","2":"type-product","3":"status-publish","4":"has-post-thumbnail","6":"product_cat-bicevi-za-lonziranje-hr","7":"product_cat-bicevi-za-lonziranje","8":"product_cat-kategorije-hr","9":"product_cat-konj-hr","10":"product_cat-lonziranje-hr-2","11":"product_cat-lonziranje-hr","13":"first","14":"instock","15":"sale","16":"shipping-taxable","17":"purchasable","18":"product-type-variable"},"yoast_head":"<!-- This site is optimized with the Yoast SEO plugin v27.4 - https:\/\/yoast.com\/product\/yoast-seo-wordpress\/ -->\n<title>Teleskopski bi\u010d za lon\u017eiranje Whip&amp;Go Carbone - Clair<\/title>\n<meta name=\"description\" content=\"Teleskopski bi\u010d za lon\u017eiranje Whip&amp;Go Carbone, vrlo je lagan, ali iznimno \u010dvrst bi\u010d. Duga gumena ru\u010dka za dobar oprijem. Naru\u010dite svoj u web trgovini.\" \/>\n<meta name=\"robots\" content=\"index, follow, max-snippet:-1, max-image-preview:large, max-video-preview:-1\" \/>\n<link rel=\"canonical\" href=\"https:\/\/clair.si\/hr\/izdelek\/teleskopski-bic-za-lonziranje-whipgo-carbone\/\" \/>\n<meta property=\"og:locale\" content=\"hr_HR\" \/>\n<meta property=\"og:type\" content=\"article\" \/>\n<meta property=\"og:title\" content=\"Teleskopski bi\u010d za lon\u017eiranje Whip&amp;Go Carbone - Clair\" \/>\n<meta property=\"og:description\" content=\"Teleskopski bi\u010d za lon\u017eiranje Whip&amp;Go Carbone, vrlo je lagan, ali iznimno \u010dvrst bi\u010d. Duga gumena ru\u010dka za dobar oprijem. Naru\u010dite svoj u web trgovini.\" \/>\n<meta property=\"og:url\" content=\"https:\/\/clair.si\/hr\/izdelek\/teleskopski-bic-za-lonziranje-whipgo-carbone\/\" \/>\n<meta property=\"og:site_name\" content=\"Clair\" \/>\n<meta property=\"article:publisher\" content=\"https:\/\/www.facebook.com\/TrgovinaClair\/\" \/>\n<meta property=\"article:modified_time\" content=\"2025-08-27T19:08:18+00:00\" \/>\n<meta property=\"og:image\" content=\"https:\/\/clair.si\/wp-content\/uploads\/2022\/10\/whip-go-carbone-teleskopski-bic-lonzirni.jpg\" \/>\n\t<meta property=\"og:image:width\" content=\"800\" \/>\n\t<meta property=\"og:image:height\" content=\"800\" \/>\n\t<meta property=\"og:image:type\" content=\"image\/jpeg\" \/>\n<meta name=\"twitter:card\" content=\"summary_large_image\" \/>\n<script type=\"application\/ld+json\" class=\"yoast-schema-graph\">{\"@context\":\"https:\\\/\\\/schema.org\",\"@graph\":[{\"@type\":\"WebPage\",\"@id\":\"https:\\\/\\\/clair.si\\\/hr\\\/izdelek\\\/teleskopski-bic-za-lonziranje-whipgo-carbone\\\/\",\"url\":\"https:\\\/\\\/clair.si\\\/hr\\\/izdelek\\\/teleskopski-bic-za-lonziranje-whipgo-carbone\\\/\",\"name\":\"Teleskopski bi\u010d za lon\u017eiranje Whip&amp;Go Carbone - Clair\",\"isPartOf\":{\"@id\":\"https:\\\/\\\/clair.si\\\/#website\"},\"primaryImageOfPage\":{\"@id\":\"https:\\\/\\\/clair.si\\\/hr\\\/izdelek\\\/teleskopski-bic-za-lonziranje-whipgo-carbone\\\/#primaryimage\"},\"image\":{\"@id\":\"https:\\\/\\\/clair.si\\\/hr\\\/izdelek\\\/teleskopski-bic-za-lonziranje-whipgo-carbone\\\/#primaryimage\"},\"thumbnailUrl\":\"https:\\\/\\\/clair.si\\\/wp-content\\\/uploads\\\/2022\\\/10\\\/whip-go-carbone-teleskopski-bic-lonzirni.webp\",\"datePublished\":\"2022-10-10T07:35:12+00:00\",\"dateModified\":\"2025-08-27T19:08:18+00:00\",\"description\":\"Teleskopski bi\u010d za lon\u017eiranje Whip&Go Carbone, vrlo je lagan, ali iznimno \u010dvrst bi\u010d. Duga gumena ru\u010dka za dobar oprijem. Naru\u010dite svoj u web trgovini.\",\"breadcrumb\":{\"@id\":\"https:\\\/\\\/clair.si\\\/hr\\\/izdelek\\\/teleskopski-bic-za-lonziranje-whipgo-carbone\\\/#breadcrumb\"},\"inLanguage\":\"hr\",\"potentialAction\":[{\"@type\":\"ReadAction\",\"target\":[\"https:\\\/\\\/clair.si\\\/hr\\\/izdelek\\\/teleskopski-bic-za-lonziranje-whipgo-carbone\\\/\"]}]},{\"@type\":\"ImageObject\",\"inLanguage\":\"hr\",\"@id\":\"https:\\\/\\\/clair.si\\\/hr\\\/izdelek\\\/teleskopski-bic-za-lonziranje-whipgo-carbone\\\/#primaryimage\",\"url\":\"https:\\\/\\\/clair.si\\\/wp-content\\\/uploads\\\/2022\\\/10\\\/whip-go-carbone-teleskopski-bic-lonzirni.webp\",\"contentUrl\":\"https:\\\/\\\/clair.si\\\/wp-content\\\/uploads\\\/2022\\\/10\\\/whip-go-carbone-teleskopski-bic-lonzirni.webp\",\"width\":800,\"height\":800,\"caption\":\"Teleskopski lon\u017eirni bi\u010d Carbone.\"},{\"@type\":\"BreadcrumbList\",\"@id\":\"https:\\\/\\\/clair.si\\\/hr\\\/izdelek\\\/teleskopski-bic-za-lonziranje-whipgo-carbone\\\/#breadcrumb\",\"itemListElement\":[{\"@type\":\"ListItem\",\"position\":1,\"name\":\"Home\",\"item\":\"https:\\\/\\\/clair.si\\\/hr\\\/\"},{\"@type\":\"ListItem\",\"position\":2,\"name\":\"Trgovina\",\"item\":\"https:\\\/\\\/clair.si\\\/trgovina\\\/\"},{\"@type\":\"ListItem\",\"position\":3,\"name\":\"Teleskopski bi\u010d za lon\u017eiranje Whip&amp;Go Carbone\"}]},{\"@type\":\"WebSite\",\"@id\":\"https:\\\/\\\/clair.si\\\/#website\",\"url\":\"https:\\\/\\\/clair.si\\\/\",\"name\":\"Clair\",\"description\":\"Trgovina s konjeni\u0161ko opremo\",\"publisher\":{\"@id\":\"https:\\\/\\\/clair.si\\\/#organization\"},\"potentialAction\":[{\"@type\":\"SearchAction\",\"target\":{\"@type\":\"EntryPoint\",\"urlTemplate\":\"https:\\\/\\\/clair.si\\\/?s={search_term_string}\"},\"query-input\":{\"@type\":\"PropertyValueSpecification\",\"valueRequired\":true,\"valueName\":\"search_term_string\"}}],\"inLanguage\":\"hr\"},{\"@type\":\"Organization\",\"@id\":\"https:\\\/\\\/clair.si\\\/#organization\",\"name\":\"Clair\",\"url\":\"https:\\\/\\\/clair.si\\\/\",\"logo\":{\"@type\":\"ImageObject\",\"inLanguage\":\"hr\",\"@id\":\"https:\\\/\\\/clair.si\\\/#\\\/schema\\\/logo\\\/image\\\/\",\"url\":\"https:\\\/\\\/clair.si\\\/wp-content\\\/uploads\\\/2022\\\/11\\\/clair_logo_2022.jpg\",\"contentUrl\":\"https:\\\/\\\/clair.si\\\/wp-content\\\/uploads\\\/2022\\\/11\\\/clair_logo_2022.jpg\",\"width\":1920,\"height\":1920,\"caption\":\"Clair\"},\"image\":{\"@id\":\"https:\\\/\\\/clair.si\\\/#\\\/schema\\\/logo\\\/image\\\/\"},\"sameAs\":[\"https:\\\/\\\/www.facebook.com\\\/TrgovinaClair\\\/\"]}]}<\/script>\n<!-- \/ Yoast SEO plugin. -->","yoast_head_json":{"title":"Teleskopski bi\u010d za lon\u017eiranje Whip&amp;Go Carbone - Clair","description":"Teleskopski bi\u010d za lon\u017eiranje Whip&Go Carbone, vrlo je lagan, ali iznimno \u010dvrst bi\u010d. Duga gumena ru\u010dka za dobar oprijem. Naru\u010dite svoj u web trgovini.","robots":{"index":"index","follow":"follow","max-snippet":"max-snippet:-1","max-image-preview":"max-image-preview:large","max-video-preview":"max-video-preview:-1"},"canonical":"https:\/\/clair.si\/hr\/izdelek\/teleskopski-bic-za-lonziranje-whipgo-carbone\/","og_locale":"hr_HR","og_type":"article","og_title":"Teleskopski bi\u010d za lon\u017eiranje Whip&amp;Go Carbone - Clair","og_description":"Teleskopski bi\u010d za lon\u017eiranje Whip&Go Carbone, vrlo je lagan, ali iznimno \u010dvrst bi\u010d. Duga gumena ru\u010dka za dobar oprijem. Naru\u010dite svoj u web trgovini.","og_url":"https:\/\/clair.si\/hr\/izdelek\/teleskopski-bic-za-lonziranje-whipgo-carbone\/","og_site_name":"Clair","article_publisher":"https:\/\/www.facebook.com\/TrgovinaClair\/","article_modified_time":"2025-08-27T19:08:18+00:00","og_image":[{"width":800,"height":800,"url":"https:\/\/clair.si\/wp-content\/uploads\/2022\/10\/whip-go-carbone-teleskopski-bic-lonzirni.jpg","type":"image\/jpeg"}],"twitter_card":"summary_large_image","schema":{"@context":"https:\/\/schema.org","@graph":[{"@type":"WebPage","@id":"https:\/\/clair.si\/hr\/izdelek\/teleskopski-bic-za-lonziranje-whipgo-carbone\/","url":"https:\/\/clair.si\/hr\/izdelek\/teleskopski-bic-za-lonziranje-whipgo-carbone\/","name":"Teleskopski bi\u010d za lon\u017eiranje Whip&amp;Go Carbone - Clair","isPartOf":{"@id":"https:\/\/clair.si\/#website"},"primaryImageOfPage":{"@id":"https:\/\/clair.si\/hr\/izdelek\/teleskopski-bic-za-lonziranje-whipgo-carbone\/#primaryimage"},"image":{"@id":"https:\/\/clair.si\/hr\/izdelek\/teleskopski-bic-za-lonziranje-whipgo-carbone\/#primaryimage"},"thumbnailUrl":"https:\/\/clair.si\/wp-content\/uploads\/2022\/10\/whip-go-carbone-teleskopski-bic-lonzirni.webp","datePublished":"2022-10-10T07:35:12+00:00","dateModified":"2025-08-27T19:08:18+00:00","description":"Teleskopski bi\u010d za lon\u017eiranje Whip&Go Carbone, vrlo je lagan, ali iznimno \u010dvrst bi\u010d. Duga gumena ru\u010dka za dobar oprijem. Naru\u010dite svoj u web trgovini.","breadcrumb":{"@id":"https:\/\/clair.si\/hr\/izdelek\/teleskopski-bic-za-lonziranje-whipgo-carbone\/#breadcrumb"},"inLanguage":"hr","potentialAction":[{"@type":"ReadAction","target":["https:\/\/clair.si\/hr\/izdelek\/teleskopski-bic-za-lonziranje-whipgo-carbone\/"]}]},{"@type":"ImageObject","inLanguage":"hr","@id":"https:\/\/clair.si\/hr\/izdelek\/teleskopski-bic-za-lonziranje-whipgo-carbone\/#primaryimage","url":"https:\/\/clair.si\/wp-content\/uploads\/2022\/10\/whip-go-carbone-teleskopski-bic-lonzirni.webp","contentUrl":"https:\/\/clair.si\/wp-content\/uploads\/2022\/10\/whip-go-carbone-teleskopski-bic-lonzirni.webp","width":800,"height":800,"caption":"Teleskopski lon\u017eirni bi\u010d Carbone."},{"@type":"BreadcrumbList","@id":"https:\/\/clair.si\/hr\/izdelek\/teleskopski-bic-za-lonziranje-whipgo-carbone\/#breadcrumb","itemListElement":[{"@type":"ListItem","position":1,"name":"Home","item":"https:\/\/clair.si\/hr\/"},{"@type":"ListItem","position":2,"name":"Trgovina","item":"https:\/\/clair.si\/trgovina\/"},{"@type":"ListItem","position":3,"name":"Teleskopski bi\u010d za lon\u017eiranje Whip&amp;Go Carbone"}]},{"@type":"WebSite","@id":"https:\/\/clair.si\/#website","url":"https:\/\/clair.si\/","name":"Clair","description":"Trgovina s konjeni\u0161ko opremo","publisher":{"@id":"https:\/\/clair.si\/#organization"},"potentialAction":[{"@type":"SearchAction","target":{"@type":"EntryPoint","urlTemplate":"https:\/\/clair.si\/?s={search_term_string}"},"query-input":{"@type":"PropertyValueSpecification","valueRequired":true,"valueName":"search_term_string"}}],"inLanguage":"hr"},{"@type":"Organization","@id":"https:\/\/clair.si\/#organization","name":"Clair","url":"https:\/\/clair.si\/","logo":{"@type":"ImageObject","inLanguage":"hr","@id":"https:\/\/clair.si\/#\/schema\/logo\/image\/","url":"https:\/\/clair.si\/wp-content\/uploads\/2022\/11\/clair_logo_2022.jpg","contentUrl":"https:\/\/clair.si\/wp-content\/uploads\/2022\/11\/clair_logo_2022.jpg","width":1920,"height":1920,"caption":"Clair"},"image":{"@id":"https:\/\/clair.si\/#\/schema\/logo\/image\/"},"sameAs":["https:\/\/www.facebook.com\/TrgovinaClair\/"]}]}},"_links":{"self":[{"href":"https:\/\/clair.si\/hr\/wp-json\/wp\/v2\/product\/102030","targetHints":{"allow":["GET"]}}],"collection":[{"href":"https:\/\/clair.si\/hr\/wp-json\/wp\/v2\/product"}],"about":[{"href":"https:\/\/clair.si\/hr\/wp-json\/wp\/v2\/types\/product"}],"version-history":[{"count":0,"href":"https:\/\/clair.si\/hr\/wp-json\/wp\/v2\/product\/102030\/revisions"}],"wp:featuredmedia":[{"embeddable":true,"href":"https:\/\/clair.si\/hr\/wp-json\/wp\/v2\/media\/102035"}],"wp:attachment":[{"href":"https:\/\/clair.si\/hr\/wp-json\/wp\/v2\/media?parent=102030"}],"wp:term":[{"taxonomy":"product_brand","embeddable":true,"href":"https:\/\/clair.si\/hr\/wp-json\/wp\/v2\/product_brand?post=102030"},{"taxonomy":"product_cat","embeddable":true,"href":"https:\/\/clair.si\/hr\/wp-json\/wp\/v2\/product_cat?post=102030"},{"taxonomy":"product_tag","embeddable":true,"href":"https:\/\/clair.si\/hr\/wp-json\/wp\/v2\/product_tag?post=102030"}],"curies":[{"name":"wp","href":"https:\/\/api.w.org\/{rel}","templated":true}]}}