{"id":102091,"date":"2022-10-10T08:40:42","date_gmt":"2022-10-10T06:40:42","guid":{"rendered":"https:\/\/clair.si\/izdelek\/sklopivi-bic-za-lonziranje-whipgo-180cm\/"},"modified":"2025-12-21T09:21:41","modified_gmt":"2025-12-21T08:21:41","slug":"sklopivi-bic-za-lonziranje-whipgo-180cm","status":"publish","type":"product","link":"https:\/\/clair.si\/hr\/izdelek\/sklopivi-bic-za-lonziranje-whipgo-180cm\/","title":{"rendered":"Sklopivi bi\u010d za lon\u017eiranje Whip&amp;Go 180cm"},"content":{"rendered":"<p><span class=\"HwtZe\" lang=\"sl\"><span class=\"jCAhz ChMk0b\"><span class=\"ryNqvb\"><strong>Sklopivi <a href=\"https:\/\/clair.si\/hr\/kategorija\/konj-hr\/lonziranje-hr\/bicevi-za-lonziranje\/\">bi\u010d za lon\u017eiranje<\/a> Whip&amp;Go<\/strong> duljine 180 cm presvu\u010den pletenim najlonom, dugom ru\u010dkom i pletenom vrpcom od najlona.<\/span><\/span><\/span><\/p>\n","protected":false},"excerpt":{"rendered":"<p>Sklopivi bi\u010d za lon\u017eiranje Whip&amp;Go duljine 180 cm presvu\u010den pletenim najlonom, dugom ru\u010dkom i pletenom vrpcom od najlona.<\/p>\n","protected":false},"featured_media":102093,"template":"","meta":{"footnotes":""},"product_brand":[],"product_cat":[6110,5831,5657,5624,6033,5830],"product_tag":[],"class_list":{"0":"post-102091","1":"product","2":"type-product","3":"status-publish","4":"has-post-thumbnail","6":"product_cat-bicevi-za-lonziranje-hr","7":"product_cat-bicevi-za-lonziranje","8":"product_cat-kategorije-hr","9":"product_cat-konj-hr","10":"product_cat-lonziranje-hr-2","11":"product_cat-lonziranje-hr","13":"first","14":"instock","15":"sale","16":"shipping-taxable","17":"purchasable","18":"product-type-simple"},"yoast_head":"<!-- This site is optimized with the Yoast SEO plugin v27.4 - https:\/\/yoast.com\/product\/yoast-seo-wordpress\/ -->\n<title>Sklopivi bi\u010d za lon\u017eiranje Whip&amp;Go 180cm - Clair<\/title>\n<meta name=\"description\" content=\"Sklopivi bi\u010d za lon\u017eiranje Whip&amp;Go duljine 180 cm presvu\u010den pletenim najlonom, dugom ru\u010dkom i pletenom vrpcom od najlona.\" \/>\n<meta name=\"robots\" content=\"index, follow, max-snippet:-1, max-image-preview:large, max-video-preview:-1\" \/>\n<link rel=\"canonical\" href=\"https:\/\/clair.si\/hr\/izdelek\/sklopivi-bic-za-lonziranje-whipgo-180cm\/\" \/>\n<meta property=\"og:locale\" content=\"hr_HR\" \/>\n<meta property=\"og:type\" content=\"article\" \/>\n<meta property=\"og:title\" content=\"Sklopivi bi\u010d za lon\u017eiranje Whip&amp;Go 180cm - Clair\" \/>\n<meta property=\"og:description\" content=\"Sklopivi bi\u010d za lon\u017eiranje Whip&amp;Go duljine 180 cm presvu\u010den pletenim najlonom, dugom ru\u010dkom i pletenom vrpcom od najlona.\" \/>\n<meta property=\"og:url\" content=\"https:\/\/clair.si\/hr\/izdelek\/sklopivi-bic-za-lonziranje-whipgo-180cm\/\" \/>\n<meta property=\"og:site_name\" content=\"Clair\" \/>\n<meta property=\"article:publisher\" content=\"https:\/\/www.facebook.com\/TrgovinaClair\/\" \/>\n<meta property=\"article:modified_time\" content=\"2025-12-21T08:21:41+00:00\" \/>\n<meta property=\"og:image\" content=\"https:\/\/clair.si\/wp-content\/uploads\/2022\/10\/whip-go-fibreglass-lonzirni-bic-180-cm.jpg\" \/>\n\t<meta property=\"og:image:width\" content=\"800\" \/>\n\t<meta property=\"og:image:height\" content=\"800\" \/>\n\t<meta property=\"og:image:type\" content=\"image\/jpeg\" \/>\n<meta name=\"twitter:card\" content=\"summary_large_image\" \/>\n<script type=\"application\/ld+json\" class=\"yoast-schema-graph\">{\"@context\":\"https:\\\/\\\/schema.org\",\"@graph\":[{\"@type\":\"WebPage\",\"@id\":\"https:\\\/\\\/clair.si\\\/hr\\\/izdelek\\\/sklopivi-bic-za-lonziranje-whipgo-180cm\\\/\",\"url\":\"https:\\\/\\\/clair.si\\\/hr\\\/izdelek\\\/sklopivi-bic-za-lonziranje-whipgo-180cm\\\/\",\"name\":\"Sklopivi bi\u010d za lon\u017eiranje Whip&amp;Go 180cm - Clair\",\"isPartOf\":{\"@id\":\"https:\\\/\\\/clair.si\\\/#website\"},\"primaryImageOfPage\":{\"@id\":\"https:\\\/\\\/clair.si\\\/hr\\\/izdelek\\\/sklopivi-bic-za-lonziranje-whipgo-180cm\\\/#primaryimage\"},\"image\":{\"@id\":\"https:\\\/\\\/clair.si\\\/hr\\\/izdelek\\\/sklopivi-bic-za-lonziranje-whipgo-180cm\\\/#primaryimage\"},\"thumbnailUrl\":\"https:\\\/\\\/clair.si\\\/wp-content\\\/uploads\\\/2022\\\/10\\\/whip-go-fibreglass-lonzirni-bic-180-cm.webp\",\"datePublished\":\"2022-10-10T06:40:42+00:00\",\"dateModified\":\"2025-12-21T08:21:41+00:00\",\"description\":\"Sklopivi bi\u010d za lon\u017eiranje Whip&amp;Go duljine 180 cm presvu\u010den pletenim najlonom, dugom ru\u010dkom i pletenom vrpcom od najlona.\",\"breadcrumb\":{\"@id\":\"https:\\\/\\\/clair.si\\\/hr\\\/izdelek\\\/sklopivi-bic-za-lonziranje-whipgo-180cm\\\/#breadcrumb\"},\"inLanguage\":\"hr\",\"potentialAction\":[{\"@type\":\"ReadAction\",\"target\":[\"https:\\\/\\\/clair.si\\\/hr\\\/izdelek\\\/sklopivi-bic-za-lonziranje-whipgo-180cm\\\/\"]}]},{\"@type\":\"ImageObject\",\"inLanguage\":\"hr\",\"@id\":\"https:\\\/\\\/clair.si\\\/hr\\\/izdelek\\\/sklopivi-bic-za-lonziranje-whipgo-180cm\\\/#primaryimage\",\"url\":\"https:\\\/\\\/clair.si\\\/wp-content\\\/uploads\\\/2022\\\/10\\\/whip-go-fibreglass-lonzirni-bic-180-cm.webp\",\"contentUrl\":\"https:\\\/\\\/clair.si\\\/wp-content\\\/uploads\\\/2022\\\/10\\\/whip-go-fibreglass-lonzirni-bic-180-cm.webp\",\"width\":800,\"height\":800,\"caption\":\"Zlo\u017eljiv lon\u017eirni bi\u010d 180 cm\"},{\"@type\":\"BreadcrumbList\",\"@id\":\"https:\\\/\\\/clair.si\\\/hr\\\/izdelek\\\/sklopivi-bic-za-lonziranje-whipgo-180cm\\\/#breadcrumb\",\"itemListElement\":[{\"@type\":\"ListItem\",\"position\":1,\"name\":\"Home\",\"item\":\"https:\\\/\\\/clair.si\\\/hr\\\/\"},{\"@type\":\"ListItem\",\"position\":2,\"name\":\"Trgovina\",\"item\":\"https:\\\/\\\/clair.si\\\/trgovina\\\/\"},{\"@type\":\"ListItem\",\"position\":3,\"name\":\"Sklopivi bi\u010d za lon\u017eiranje Whip&amp;Go 180cm\"}]},{\"@type\":\"WebSite\",\"@id\":\"https:\\\/\\\/clair.si\\\/#website\",\"url\":\"https:\\\/\\\/clair.si\\\/\",\"name\":\"Clair\",\"description\":\"Trgovina s konjeni\u0161ko opremo\",\"publisher\":{\"@id\":\"https:\\\/\\\/clair.si\\\/#organization\"},\"potentialAction\":[{\"@type\":\"SearchAction\",\"target\":{\"@type\":\"EntryPoint\",\"urlTemplate\":\"https:\\\/\\\/clair.si\\\/?s={search_term_string}\"},\"query-input\":{\"@type\":\"PropertyValueSpecification\",\"valueRequired\":true,\"valueName\":\"search_term_string\"}}],\"inLanguage\":\"hr\"},{\"@type\":\"Organization\",\"@id\":\"https:\\\/\\\/clair.si\\\/#organization\",\"name\":\"Clair\",\"url\":\"https:\\\/\\\/clair.si\\\/\",\"logo\":{\"@type\":\"ImageObject\",\"inLanguage\":\"hr\",\"@id\":\"https:\\\/\\\/clair.si\\\/#\\\/schema\\\/logo\\\/image\\\/\",\"url\":\"https:\\\/\\\/clair.si\\\/wp-content\\\/uploads\\\/2022\\\/11\\\/clair_logo_2022.jpg\",\"contentUrl\":\"https:\\\/\\\/clair.si\\\/wp-content\\\/uploads\\\/2022\\\/11\\\/clair_logo_2022.jpg\",\"width\":1920,\"height\":1920,\"caption\":\"Clair\"},\"image\":{\"@id\":\"https:\\\/\\\/clair.si\\\/#\\\/schema\\\/logo\\\/image\\\/\"},\"sameAs\":[\"https:\\\/\\\/www.facebook.com\\\/TrgovinaClair\\\/\"]}]}<\/script>\n<!-- \/ Yoast SEO plugin. -->","yoast_head_json":{"title":"Sklopivi bi\u010d za lon\u017eiranje Whip&amp;Go 180cm - Clair","description":"Sklopivi bi\u010d za lon\u017eiranje Whip&amp;Go duljine 180 cm presvu\u010den pletenim najlonom, dugom ru\u010dkom i pletenom vrpcom od najlona.","robots":{"index":"index","follow":"follow","max-snippet":"max-snippet:-1","max-image-preview":"max-image-preview:large","max-video-preview":"max-video-preview:-1"},"canonical":"https:\/\/clair.si\/hr\/izdelek\/sklopivi-bic-za-lonziranje-whipgo-180cm\/","og_locale":"hr_HR","og_type":"article","og_title":"Sklopivi bi\u010d za lon\u017eiranje Whip&amp;Go 180cm - Clair","og_description":"Sklopivi bi\u010d za lon\u017eiranje Whip&amp;Go duljine 180 cm presvu\u010den pletenim najlonom, dugom ru\u010dkom i pletenom vrpcom od najlona.","og_url":"https:\/\/clair.si\/hr\/izdelek\/sklopivi-bic-za-lonziranje-whipgo-180cm\/","og_site_name":"Clair","article_publisher":"https:\/\/www.facebook.com\/TrgovinaClair\/","article_modified_time":"2025-12-21T08:21:41+00:00","og_image":[{"width":800,"height":800,"url":"https:\/\/clair.si\/wp-content\/uploads\/2022\/10\/whip-go-fibreglass-lonzirni-bic-180-cm.jpg","type":"image\/jpeg"}],"twitter_card":"summary_large_image","schema":{"@context":"https:\/\/schema.org","@graph":[{"@type":"WebPage","@id":"https:\/\/clair.si\/hr\/izdelek\/sklopivi-bic-za-lonziranje-whipgo-180cm\/","url":"https:\/\/clair.si\/hr\/izdelek\/sklopivi-bic-za-lonziranje-whipgo-180cm\/","name":"Sklopivi bi\u010d za lon\u017eiranje Whip&amp;Go 180cm - Clair","isPartOf":{"@id":"https:\/\/clair.si\/#website"},"primaryImageOfPage":{"@id":"https:\/\/clair.si\/hr\/izdelek\/sklopivi-bic-za-lonziranje-whipgo-180cm\/#primaryimage"},"image":{"@id":"https:\/\/clair.si\/hr\/izdelek\/sklopivi-bic-za-lonziranje-whipgo-180cm\/#primaryimage"},"thumbnailUrl":"https:\/\/clair.si\/wp-content\/uploads\/2022\/10\/whip-go-fibreglass-lonzirni-bic-180-cm.webp","datePublished":"2022-10-10T06:40:42+00:00","dateModified":"2025-12-21T08:21:41+00:00","description":"Sklopivi bi\u010d za lon\u017eiranje Whip&amp;Go duljine 180 cm presvu\u010den pletenim najlonom, dugom ru\u010dkom i pletenom vrpcom od najlona.","breadcrumb":{"@id":"https:\/\/clair.si\/hr\/izdelek\/sklopivi-bic-za-lonziranje-whipgo-180cm\/#breadcrumb"},"inLanguage":"hr","potentialAction":[{"@type":"ReadAction","target":["https:\/\/clair.si\/hr\/izdelek\/sklopivi-bic-za-lonziranje-whipgo-180cm\/"]}]},{"@type":"ImageObject","inLanguage":"hr","@id":"https:\/\/clair.si\/hr\/izdelek\/sklopivi-bic-za-lonziranje-whipgo-180cm\/#primaryimage","url":"https:\/\/clair.si\/wp-content\/uploads\/2022\/10\/whip-go-fibreglass-lonzirni-bic-180-cm.webp","contentUrl":"https:\/\/clair.si\/wp-content\/uploads\/2022\/10\/whip-go-fibreglass-lonzirni-bic-180-cm.webp","width":800,"height":800,"caption":"Zlo\u017eljiv lon\u017eirni bi\u010d 180 cm"},{"@type":"BreadcrumbList","@id":"https:\/\/clair.si\/hr\/izdelek\/sklopivi-bic-za-lonziranje-whipgo-180cm\/#breadcrumb","itemListElement":[{"@type":"ListItem","position":1,"name":"Home","item":"https:\/\/clair.si\/hr\/"},{"@type":"ListItem","position":2,"name":"Trgovina","item":"https:\/\/clair.si\/trgovina\/"},{"@type":"ListItem","position":3,"name":"Sklopivi bi\u010d za lon\u017eiranje Whip&amp;Go 180cm"}]},{"@type":"WebSite","@id":"https:\/\/clair.si\/#website","url":"https:\/\/clair.si\/","name":"Clair","description":"Trgovina s konjeni\u0161ko opremo","publisher":{"@id":"https:\/\/clair.si\/#organization"},"potentialAction":[{"@type":"SearchAction","target":{"@type":"EntryPoint","urlTemplate":"https:\/\/clair.si\/?s={search_term_string}"},"query-input":{"@type":"PropertyValueSpecification","valueRequired":true,"valueName":"search_term_string"}}],"inLanguage":"hr"},{"@type":"Organization","@id":"https:\/\/clair.si\/#organization","name":"Clair","url":"https:\/\/clair.si\/","logo":{"@type":"ImageObject","inLanguage":"hr","@id":"https:\/\/clair.si\/#\/schema\/logo\/image\/","url":"https:\/\/clair.si\/wp-content\/uploads\/2022\/11\/clair_logo_2022.jpg","contentUrl":"https:\/\/clair.si\/wp-content\/uploads\/2022\/11\/clair_logo_2022.jpg","width":1920,"height":1920,"caption":"Clair"},"image":{"@id":"https:\/\/clair.si\/#\/schema\/logo\/image\/"},"sameAs":["https:\/\/www.facebook.com\/TrgovinaClair\/"]}]}},"_links":{"self":[{"href":"https:\/\/clair.si\/hr\/wp-json\/wp\/v2\/product\/102091","targetHints":{"allow":["GET"]}}],"collection":[{"href":"https:\/\/clair.si\/hr\/wp-json\/wp\/v2\/product"}],"about":[{"href":"https:\/\/clair.si\/hr\/wp-json\/wp\/v2\/types\/product"}],"version-history":[{"count":0,"href":"https:\/\/clair.si\/hr\/wp-json\/wp\/v2\/product\/102091\/revisions"}],"wp:featuredmedia":[{"embeddable":true,"href":"https:\/\/clair.si\/hr\/wp-json\/wp\/v2\/media\/102093"}],"wp:attachment":[{"href":"https:\/\/clair.si\/hr\/wp-json\/wp\/v2\/media?parent=102091"}],"wp:term":[{"taxonomy":"product_brand","embeddable":true,"href":"https:\/\/clair.si\/hr\/wp-json\/wp\/v2\/product_brand?post=102091"},{"taxonomy":"product_cat","embeddable":true,"href":"https:\/\/clair.si\/hr\/wp-json\/wp\/v2\/product_cat?post=102091"},{"taxonomy":"product_tag","embeddable":true,"href":"https:\/\/clair.si\/hr\/wp-json\/wp\/v2\/product_tag?post=102091"}],"curies":[{"name":"wp","href":"https:\/\/api.w.org\/{rel}","templated":true}]}}