{"id":102094,"date":"2022-10-04T11:04:24","date_gmt":"2022-10-04T09:04:24","guid":{"rendered":"https:\/\/clair.si\/izdelek\/podsedlica-riding-world-rope\/"},"modified":"2025-12-02T23:00:26","modified_gmt":"2025-12-02T22:00:26","slug":"podsedlica-riding-world-rope","status":"publish","type":"product","link":"https:\/\/clair.si\/hr\/izdelek\/podsedlica-riding-world-rope\/","title":{"rendered":"Podsedlica Riding World Rope"},"content":{"rendered":"<p><strong>Podsedlica Riding World Rope:<\/strong><\/p>\n<p>-izra\u0111ena od poliestera<br \/>\n-sjajni obrub<br \/>\n-Tomette podstava<br \/>\n-punjena s 15 mm pjene<br \/>\n-obodna petlja za podsedelni remen<br \/>\n-podloga od poliesterske mre\u017ee<br \/>\n-vi\u0161e boja<\/p>\n","protected":false},"excerpt":{"rendered":"<p>Podsedlica Riding World Rope: -izra\u0111ena od poliestera -sjajni obrub -Tomette podstava -punjena s 15 mm pjene -obodna petlja za podsedelni<\/p>\n","protected":false},"featured_media":102103,"template":"","meta":{"footnotes":""},"product_brand":[],"product_cat":[5624,5726,5728],"product_tag":[],"class_list":{"0":"post-102094","1":"product","2":"type-product","3":"status-publish","4":"has-post-thumbnail","6":"product_cat-konj-hr","7":"product_cat-podsedlice-i-kapice-za-usi","8":"product_cat-visenamjenske-i-skakacke-podsedlice","10":"first","11":"instock","12":"shipping-taxable","13":"purchasable","14":"product-type-variable"},"yoast_head":"<!-- This site is optimized with the Yoast SEO plugin v27.3 - https:\/\/yoast.com\/product\/yoast-seo-wordpress\/ -->\n<title>Podsedlica Riding World Rope - Clair<\/title>\n<meta name=\"description\" content=\"Podsedlica Riding World Rope je najvi\u0161e \u0161to mo\u017eete dobiti za svoj novac i pru\u017ea svu kvalitetu za va\u0161eg konja. Brzo izaberite svoju u na\u0161oj web trgovini!\" \/>\n<meta name=\"robots\" content=\"index, follow, max-snippet:-1, max-image-preview:large, max-video-preview:-1\" \/>\n<link rel=\"canonical\" href=\"https:\/\/clair.si\/hr\/izdelek\/podsedlica-riding-world-rope\/\" \/>\n<meta property=\"og:locale\" content=\"hr_HR\" \/>\n<meta property=\"og:type\" content=\"article\" \/>\n<meta property=\"og:title\" content=\"Podsedlica Riding World Rope - Clair\" \/>\n<meta property=\"og:description\" content=\"Podsedlica Riding World Rope je najvi\u0161e \u0161to mo\u017eete dobiti za svoj novac i pru\u017ea svu kvalitetu za va\u0161eg konja. Brzo izaberite svoju u na\u0161oj web trgovini!\" \/>\n<meta property=\"og:url\" content=\"https:\/\/clair.si\/hr\/izdelek\/podsedlica-riding-world-rope\/\" \/>\n<meta property=\"og:site_name\" content=\"Clair\" \/>\n<meta property=\"article:publisher\" content=\"https:\/\/www.facebook.com\/TrgovinaClair\/\" \/>\n<meta property=\"article:modified_time\" content=\"2025-12-02T22:00:26+00:00\" \/>\n<meta property=\"og:image\" content=\"https:\/\/clair.si\/wp-content\/uploads\/2022\/10\/riding-world-rope-podsedelnica-vecnamenska-bordo.jpg\" \/>\n\t<meta property=\"og:image:width\" content=\"800\" \/>\n\t<meta property=\"og:image:height\" content=\"800\" \/>\n\t<meta property=\"og:image:type\" content=\"image\/jpeg\" \/>\n<meta name=\"twitter:card\" content=\"summary_large_image\" \/>\n<script type=\"application\/ld+json\" class=\"yoast-schema-graph\">{\"@context\":\"https:\\\/\\\/schema.org\",\"@graph\":[{\"@type\":\"WebPage\",\"@id\":\"https:\\\/\\\/clair.si\\\/hr\\\/izdelek\\\/podsedlica-riding-world-rope\\\/\",\"url\":\"https:\\\/\\\/clair.si\\\/hr\\\/izdelek\\\/podsedlica-riding-world-rope\\\/\",\"name\":\"Podsedlica Riding World Rope - Clair\",\"isPartOf\":{\"@id\":\"https:\\\/\\\/clair.si\\\/#website\"},\"primaryImageOfPage\":{\"@id\":\"https:\\\/\\\/clair.si\\\/hr\\\/izdelek\\\/podsedlica-riding-world-rope\\\/#primaryimage\"},\"image\":{\"@id\":\"https:\\\/\\\/clair.si\\\/hr\\\/izdelek\\\/podsedlica-riding-world-rope\\\/#primaryimage\"},\"thumbnailUrl\":\"https:\\\/\\\/clair.si\\\/wp-content\\\/uploads\\\/2022\\\/10\\\/riding-world-rope-podsedelnica-vecnamenska-bordo.webp\",\"datePublished\":\"2022-10-04T09:04:24+00:00\",\"dateModified\":\"2025-12-02T22:00:26+00:00\",\"description\":\"Podsedlica Riding World Rope je najvi\u0161e \u0161to mo\u017eete dobiti za svoj novac i pru\u017ea svu kvalitetu za va\u0161eg konja. Brzo izaberite svoju u na\u0161oj web trgovini!\",\"breadcrumb\":{\"@id\":\"https:\\\/\\\/clair.si\\\/hr\\\/izdelek\\\/podsedlica-riding-world-rope\\\/#breadcrumb\"},\"inLanguage\":\"hr\",\"potentialAction\":[{\"@type\":\"ReadAction\",\"target\":[\"https:\\\/\\\/clair.si\\\/hr\\\/izdelek\\\/podsedlica-riding-world-rope\\\/\"]}]},{\"@type\":\"ImageObject\",\"inLanguage\":\"hr\",\"@id\":\"https:\\\/\\\/clair.si\\\/hr\\\/izdelek\\\/podsedlica-riding-world-rope\\\/#primaryimage\",\"url\":\"https:\\\/\\\/clair.si\\\/wp-content\\\/uploads\\\/2022\\\/10\\\/riding-world-rope-podsedelnica-vecnamenska-bordo.webp\",\"contentUrl\":\"https:\\\/\\\/clair.si\\\/wp-content\\\/uploads\\\/2022\\\/10\\\/riding-world-rope-podsedelnica-vecnamenska-bordo.webp\",\"width\":800,\"height\":800,\"caption\":\"Podsedelnica Rope RW bordo barve.\"},{\"@type\":\"BreadcrumbList\",\"@id\":\"https:\\\/\\\/clair.si\\\/hr\\\/izdelek\\\/podsedlica-riding-world-rope\\\/#breadcrumb\",\"itemListElement\":[{\"@type\":\"ListItem\",\"position\":1,\"name\":\"Home\",\"item\":\"https:\\\/\\\/clair.si\\\/hr\\\/\"},{\"@type\":\"ListItem\",\"position\":2,\"name\":\"Trgovina\",\"item\":\"https:\\\/\\\/clair.si\\\/trgovina\\\/\"},{\"@type\":\"ListItem\",\"position\":3,\"name\":\"Podsedlica Riding World Rope\"}]},{\"@type\":\"WebSite\",\"@id\":\"https:\\\/\\\/clair.si\\\/#website\",\"url\":\"https:\\\/\\\/clair.si\\\/\",\"name\":\"Clair\",\"description\":\"Trgovina s konjeni\u0161ko opremo\",\"publisher\":{\"@id\":\"https:\\\/\\\/clair.si\\\/#organization\"},\"potentialAction\":[{\"@type\":\"SearchAction\",\"target\":{\"@type\":\"EntryPoint\",\"urlTemplate\":\"https:\\\/\\\/clair.si\\\/?s={search_term_string}\"},\"query-input\":{\"@type\":\"PropertyValueSpecification\",\"valueRequired\":true,\"valueName\":\"search_term_string\"}}],\"inLanguage\":\"hr\"},{\"@type\":\"Organization\",\"@id\":\"https:\\\/\\\/clair.si\\\/#organization\",\"name\":\"Clair\",\"url\":\"https:\\\/\\\/clair.si\\\/\",\"logo\":{\"@type\":\"ImageObject\",\"inLanguage\":\"hr\",\"@id\":\"https:\\\/\\\/clair.si\\\/#\\\/schema\\\/logo\\\/image\\\/\",\"url\":\"https:\\\/\\\/clair.si\\\/wp-content\\\/uploads\\\/2022\\\/11\\\/clair_logo_2022.jpg\",\"contentUrl\":\"https:\\\/\\\/clair.si\\\/wp-content\\\/uploads\\\/2022\\\/11\\\/clair_logo_2022.jpg\",\"width\":1920,\"height\":1920,\"caption\":\"Clair\"},\"image\":{\"@id\":\"https:\\\/\\\/clair.si\\\/#\\\/schema\\\/logo\\\/image\\\/\"},\"sameAs\":[\"https:\\\/\\\/www.facebook.com\\\/TrgovinaClair\\\/\"]}]}<\/script>\n<!-- \/ Yoast SEO plugin. -->","yoast_head_json":{"title":"Podsedlica Riding World Rope - Clair","description":"Podsedlica Riding World Rope je najvi\u0161e \u0161to mo\u017eete dobiti za svoj novac i pru\u017ea svu kvalitetu za va\u0161eg konja. Brzo izaberite svoju u na\u0161oj web trgovini!","robots":{"index":"index","follow":"follow","max-snippet":"max-snippet:-1","max-image-preview":"max-image-preview:large","max-video-preview":"max-video-preview:-1"},"canonical":"https:\/\/clair.si\/hr\/izdelek\/podsedlica-riding-world-rope\/","og_locale":"hr_HR","og_type":"article","og_title":"Podsedlica Riding World Rope - Clair","og_description":"Podsedlica Riding World Rope je najvi\u0161e \u0161to mo\u017eete dobiti za svoj novac i pru\u017ea svu kvalitetu za va\u0161eg konja. Brzo izaberite svoju u na\u0161oj web trgovini!","og_url":"https:\/\/clair.si\/hr\/izdelek\/podsedlica-riding-world-rope\/","og_site_name":"Clair","article_publisher":"https:\/\/www.facebook.com\/TrgovinaClair\/","article_modified_time":"2025-12-02T22:00:26+00:00","og_image":[{"width":800,"height":800,"url":"https:\/\/clair.si\/wp-content\/uploads\/2022\/10\/riding-world-rope-podsedelnica-vecnamenska-bordo.jpg","type":"image\/jpeg"}],"twitter_card":"summary_large_image","schema":{"@context":"https:\/\/schema.org","@graph":[{"@type":"WebPage","@id":"https:\/\/clair.si\/hr\/izdelek\/podsedlica-riding-world-rope\/","url":"https:\/\/clair.si\/hr\/izdelek\/podsedlica-riding-world-rope\/","name":"Podsedlica Riding World Rope - Clair","isPartOf":{"@id":"https:\/\/clair.si\/#website"},"primaryImageOfPage":{"@id":"https:\/\/clair.si\/hr\/izdelek\/podsedlica-riding-world-rope\/#primaryimage"},"image":{"@id":"https:\/\/clair.si\/hr\/izdelek\/podsedlica-riding-world-rope\/#primaryimage"},"thumbnailUrl":"https:\/\/clair.si\/wp-content\/uploads\/2022\/10\/riding-world-rope-podsedelnica-vecnamenska-bordo.webp","datePublished":"2022-10-04T09:04:24+00:00","dateModified":"2025-12-02T22:00:26+00:00","description":"Podsedlica Riding World Rope je najvi\u0161e \u0161to mo\u017eete dobiti za svoj novac i pru\u017ea svu kvalitetu za va\u0161eg konja. Brzo izaberite svoju u na\u0161oj web trgovini!","breadcrumb":{"@id":"https:\/\/clair.si\/hr\/izdelek\/podsedlica-riding-world-rope\/#breadcrumb"},"inLanguage":"hr","potentialAction":[{"@type":"ReadAction","target":["https:\/\/clair.si\/hr\/izdelek\/podsedlica-riding-world-rope\/"]}]},{"@type":"ImageObject","inLanguage":"hr","@id":"https:\/\/clair.si\/hr\/izdelek\/podsedlica-riding-world-rope\/#primaryimage","url":"https:\/\/clair.si\/wp-content\/uploads\/2022\/10\/riding-world-rope-podsedelnica-vecnamenska-bordo.webp","contentUrl":"https:\/\/clair.si\/wp-content\/uploads\/2022\/10\/riding-world-rope-podsedelnica-vecnamenska-bordo.webp","width":800,"height":800,"caption":"Podsedelnica Rope RW bordo barve."},{"@type":"BreadcrumbList","@id":"https:\/\/clair.si\/hr\/izdelek\/podsedlica-riding-world-rope\/#breadcrumb","itemListElement":[{"@type":"ListItem","position":1,"name":"Home","item":"https:\/\/clair.si\/hr\/"},{"@type":"ListItem","position":2,"name":"Trgovina","item":"https:\/\/clair.si\/trgovina\/"},{"@type":"ListItem","position":3,"name":"Podsedlica Riding World Rope"}]},{"@type":"WebSite","@id":"https:\/\/clair.si\/#website","url":"https:\/\/clair.si\/","name":"Clair","description":"Trgovina s konjeni\u0161ko opremo","publisher":{"@id":"https:\/\/clair.si\/#organization"},"potentialAction":[{"@type":"SearchAction","target":{"@type":"EntryPoint","urlTemplate":"https:\/\/clair.si\/?s={search_term_string}"},"query-input":{"@type":"PropertyValueSpecification","valueRequired":true,"valueName":"search_term_string"}}],"inLanguage":"hr"},{"@type":"Organization","@id":"https:\/\/clair.si\/#organization","name":"Clair","url":"https:\/\/clair.si\/","logo":{"@type":"ImageObject","inLanguage":"hr","@id":"https:\/\/clair.si\/#\/schema\/logo\/image\/","url":"https:\/\/clair.si\/wp-content\/uploads\/2022\/11\/clair_logo_2022.jpg","contentUrl":"https:\/\/clair.si\/wp-content\/uploads\/2022\/11\/clair_logo_2022.jpg","width":1920,"height":1920,"caption":"Clair"},"image":{"@id":"https:\/\/clair.si\/#\/schema\/logo\/image\/"},"sameAs":["https:\/\/www.facebook.com\/TrgovinaClair\/"]}]}},"_links":{"self":[{"href":"https:\/\/clair.si\/hr\/wp-json\/wp\/v2\/product\/102094","targetHints":{"allow":["GET"]}}],"collection":[{"href":"https:\/\/clair.si\/hr\/wp-json\/wp\/v2\/product"}],"about":[{"href":"https:\/\/clair.si\/hr\/wp-json\/wp\/v2\/types\/product"}],"version-history":[{"count":0,"href":"https:\/\/clair.si\/hr\/wp-json\/wp\/v2\/product\/102094\/revisions"}],"wp:featuredmedia":[{"embeddable":true,"href":"https:\/\/clair.si\/hr\/wp-json\/wp\/v2\/media\/102103"}],"wp:attachment":[{"href":"https:\/\/clair.si\/hr\/wp-json\/wp\/v2\/media?parent=102094"}],"wp:term":[{"taxonomy":"product_brand","embeddable":true,"href":"https:\/\/clair.si\/hr\/wp-json\/wp\/v2\/product_brand?post=102094"},{"taxonomy":"product_cat","embeddable":true,"href":"https:\/\/clair.si\/hr\/wp-json\/wp\/v2\/product_cat?post=102094"},{"taxonomy":"product_tag","embeddable":true,"href":"https:\/\/clair.si\/hr\/wp-json\/wp\/v2\/product_tag?post=102094"}],"curies":[{"name":"wp","href":"https:\/\/api.w.org\/{rel}","templated":true}]}}