{"id":102126,"date":"2022-10-03T11:42:10","date_gmt":"2022-10-03T09:42:10","guid":{"rendered":"https:\/\/clair.si\/izdelek\/jednostruko-lomljena-maslinasta-zvala-kavalkade-16\/"},"modified":"2025-11-04T13:42:38","modified_gmt":"2025-11-04T12:42:38","slug":"jednostruko-lomljena-maslinasta-zvala-kavalkade-16","status":"publish","type":"product","link":"https:\/\/clair.si\/hr\/izdelek\/jednostruko-lomljena-maslinasta-zvala-kavalkade-16\/","title":{"rendered":"Jednostruko prelomljena maslinasta \u017evala Kavalkade 16"},"content":{"rendered":"<p><strong>Jednostruko prelomljena maslinasta \u017evala<\/strong> &#8211; <span class=\"HwtZe\" lang=\"sl\"><span class=\"jCAhz ChMk0b\"><span class=\"ryNqvb\">jednostavna jednostruko prelomljena maslinasta \u017evala,<\/span><\/span><span class=\"jCAhz ChMk0b\"><span class=\"ryNqvb\"> izra\u0111ena od kombinacije nehr\u0111aju\u0107eg \u010delika, koja je prikladna za konje i alergi\u010dare i vrlo udobno pristaje u konjeva usta.<\/span><\/span> <span class=\"jCAhz ChMk0b\"><span class=\"ryNqvb\">Svi zavari i spojevi su odli\u010dno obra\u0111eni, tako da se mo\u017ee izbje\u0107i trljanje i to\u010dke pritiska.<\/span><\/span><\/span><\/p>\n<ul>\n<li><span class=\"HwtZe\" lang=\"sl\"><span class=\"jCAhz ChMk0b\"><span class=\"ryNqvb\"> Veli\u010dina kolutova 7,5 cm<\/span><\/span> <\/span><\/li>\n<li><span class=\"HwtZe\" lang=\"sl\"><span class=\"jCAhz ChMk0b\"><span class=\"ryNqvb\">Debljina 16 mm<\/span><\/span> <\/span><\/li>\n<li><span class=\"HwtZe\" lang=\"sl\"><span class=\"jCAhz ChMk0b\"><span class=\"ryNqvb\">vrlo anatomski oblikovana i ugodna ustima<\/span><\/span> <\/span><\/li>\n<li><span class=\"HwtZe\" lang=\"sl\"><span class=\"jCAhz ChMk0b\"><span class=\"ryNqvb\">vrlo ugodna za konjeva usta zbog kvalitetne izrade i odli\u010dnog materijala<\/span><\/span> <\/span><\/li>\n<li><span class=\"HwtZe\" lang=\"sl\"><span class=\"jCAhz ChMk0b\"><span class=\"ryNqvb\">sve komponente su oblikovane i obra\u0111ene ru\u010dno<\/span><\/span> <\/span><\/li>\n<li><span class=\"HwtZe\" lang=\"sl\"><span class=\"jCAhz ChMk0b\"><span class=\"ryNqvb\">svi bo\u010dni dijelovi od visokokvalitetnog nehr\u0111aju\u0107eg \u010delika<\/span><\/span> <\/span><\/li>\n<li><span class=\"HwtZe\" lang=\"sl\"><span class=\"jCAhz ChMk0b\"><span class=\"ryNqvb\"> konjima i alergi\u010darima prijazna kombinacija nehr\u0111aju\u0107eg \u010delika<\/span><\/span> <\/span><\/li>\n<li><span class=\"HwtZe\" lang=\"sl\"><span class=\"jCAhz ChMk0b\"><span class=\"ryNqvb\">iznimno visoka otpornost na koroziju<\/span><\/span><\/span><\/li>\n<li><span class=\"HwtZe\" lang=\"sl\"><span class=\"jCAhz ChMk0b\"><span class=\"ryNqvb\">materijal: 70% mjed, 30% bakar<\/span><\/span> <\/span><\/li>\n<li><span class=\"HwtZe\" lang=\"sl\"><span class=\"jCAhz ChMk0b\"><span class=\"ryNqvb\">te\u017eina: 0,4 kg<\/span><\/span> <\/span><\/li>\n<\/ul>\n","protected":false},"excerpt":{"rendered":"<p>Jednostruko prelomljena maslinasta \u017evala &#8211; jednostavna jednostruko prelomljena maslinasta \u017evala, izra\u0111ena od kombinacije nehr\u0111aju\u0107eg \u010delika, koja je prikladna za konje<\/p>\n","protected":false},"featured_media":102134,"template":"","meta":{"footnotes":""},"product_brand":[],"product_cat":[5690,5624,5687],"product_tag":[],"class_list":{"0":"post-102126","1":"product","2":"type-product","3":"status-publish","4":"has-post-thumbnail","6":"product_cat-engleske-zvale","7":"product_cat-konj-hr","8":"product_cat-zvale","10":"first","11":"instock","12":"sale","13":"shipping-taxable","14":"purchasable","15":"product-type-variable"},"yoast_head":"<!-- This site is optimized with the Yoast SEO plugin v27.4 - https:\/\/yoast.com\/product\/yoast-seo-wordpress\/ -->\n<title>Jednostruko prelomljena maslinasta \u017evala Kavalkade 16 - Clair<\/title>\n<meta name=\"description\" content=\"Jednostruko prelomljena maslinasta \u017evala - jednostavna jednostruko prelomljena maslinasta \u017evala, izra\u0111ena od kombinacije nehr\u0111aju\u0107eg \u010delika, koja je\" \/>\n<meta name=\"robots\" content=\"index, follow, max-snippet:-1, max-image-preview:large, max-video-preview:-1\" \/>\n<link rel=\"canonical\" href=\"https:\/\/clair.si\/hr\/izdelek\/jednostruko-lomljena-maslinasta-zvala-kavalkade-16\/\" \/>\n<meta property=\"og:locale\" content=\"hr_HR\" \/>\n<meta property=\"og:type\" content=\"article\" \/>\n<meta property=\"og:title\" content=\"Jednostruko prelomljena maslinasta \u017evala Kavalkade 16 - Clair\" \/>\n<meta property=\"og:description\" content=\"Jednostruko prelomljena maslinasta \u017evala - jednostavna jednostruko prelomljena maslinasta \u017evala, izra\u0111ena od kombinacije nehr\u0111aju\u0107eg \u010delika, koja je\" \/>\n<meta property=\"og:url\" content=\"https:\/\/clair.si\/hr\/izdelek\/jednostruko-lomljena-maslinasta-zvala-kavalkade-16\/\" \/>\n<meta property=\"og:site_name\" content=\"Clair\" \/>\n<meta property=\"article:publisher\" content=\"https:\/\/www.facebook.com\/TrgovinaClair\/\" \/>\n<meta property=\"article:modified_time\" content=\"2025-11-04T12:42:38+00:00\" \/>\n<meta property=\"og:image\" content=\"https:\/\/clair.si\/wp-content\/uploads\/2022\/10\/70201-brzda-kavalkade-oliva-16-mm-enkrat-lomljena.jpg\" \/>\n\t<meta property=\"og:image:width\" content=\"825\" \/>\n\t<meta property=\"og:image:height\" content=\"725\" \/>\n\t<meta property=\"og:image:type\" content=\"image\/jpeg\" \/>\n<meta name=\"twitter:card\" content=\"summary_large_image\" \/>\n<meta name=\"twitter:label1\" content=\"Procijenjeno vrijeme \u010ditanja\" \/>\n\t<meta name=\"twitter:data1\" content=\"1 minuta\" \/>\n<script type=\"application\/ld+json\" class=\"yoast-schema-graph\">{\"@context\":\"https:\\\/\\\/schema.org\",\"@graph\":[{\"@type\":\"WebPage\",\"@id\":\"https:\\\/\\\/clair.si\\\/hr\\\/izdelek\\\/jednostruko-lomljena-maslinasta-zvala-kavalkade-16\\\/\",\"url\":\"https:\\\/\\\/clair.si\\\/hr\\\/izdelek\\\/jednostruko-lomljena-maslinasta-zvala-kavalkade-16\\\/\",\"name\":\"Jednostruko prelomljena maslinasta \u017evala Kavalkade 16 - Clair\",\"isPartOf\":{\"@id\":\"https:\\\/\\\/clair.si\\\/#website\"},\"primaryImageOfPage\":{\"@id\":\"https:\\\/\\\/clair.si\\\/hr\\\/izdelek\\\/jednostruko-lomljena-maslinasta-zvala-kavalkade-16\\\/#primaryimage\"},\"image\":{\"@id\":\"https:\\\/\\\/clair.si\\\/hr\\\/izdelek\\\/jednostruko-lomljena-maslinasta-zvala-kavalkade-16\\\/#primaryimage\"},\"thumbnailUrl\":\"https:\\\/\\\/clair.si\\\/wp-content\\\/uploads\\\/2022\\\/10\\\/70201-brzda-kavalkade-oliva-16-mm-enkrat-lomljena.webp\",\"datePublished\":\"2022-10-03T09:42:10+00:00\",\"dateModified\":\"2025-11-04T12:42:38+00:00\",\"description\":\"Jednostruko prelomljena maslinasta \u017evala - jednostavna jednostruko prelomljena maslinasta \u017evala, izra\u0111ena od kombinacije nehr\u0111aju\u0107eg \u010delika, koja je\",\"breadcrumb\":{\"@id\":\"https:\\\/\\\/clair.si\\\/hr\\\/izdelek\\\/jednostruko-lomljena-maslinasta-zvala-kavalkade-16\\\/#breadcrumb\"},\"inLanguage\":\"hr\",\"potentialAction\":[{\"@type\":\"ReadAction\",\"target\":[\"https:\\\/\\\/clair.si\\\/hr\\\/izdelek\\\/jednostruko-lomljena-maslinasta-zvala-kavalkade-16\\\/\"]}]},{\"@type\":\"ImageObject\",\"inLanguage\":\"hr\",\"@id\":\"https:\\\/\\\/clair.si\\\/hr\\\/izdelek\\\/jednostruko-lomljena-maslinasta-zvala-kavalkade-16\\\/#primaryimage\",\"url\":\"https:\\\/\\\/clair.si\\\/wp-content\\\/uploads\\\/2022\\\/10\\\/70201-brzda-kavalkade-oliva-16-mm-enkrat-lomljena.webp\",\"contentUrl\":\"https:\\\/\\\/clair.si\\\/wp-content\\\/uploads\\\/2022\\\/10\\\/70201-brzda-kavalkade-oliva-16-mm-enkrat-lomljena.webp\",\"width\":825,\"height\":725,\"caption\":\"1x lomljena olivna brzda Kavalkade\"},{\"@type\":\"BreadcrumbList\",\"@id\":\"https:\\\/\\\/clair.si\\\/hr\\\/izdelek\\\/jednostruko-lomljena-maslinasta-zvala-kavalkade-16\\\/#breadcrumb\",\"itemListElement\":[{\"@type\":\"ListItem\",\"position\":1,\"name\":\"Home\",\"item\":\"https:\\\/\\\/clair.si\\\/hr\\\/\"},{\"@type\":\"ListItem\",\"position\":2,\"name\":\"Trgovina\",\"item\":\"https:\\\/\\\/clair.si\\\/trgovina\\\/\"},{\"@type\":\"ListItem\",\"position\":3,\"name\":\"Jednostruko prelomljena maslinasta \u017evala Kavalkade 16\"}]},{\"@type\":\"WebSite\",\"@id\":\"https:\\\/\\\/clair.si\\\/#website\",\"url\":\"https:\\\/\\\/clair.si\\\/\",\"name\":\"Clair\",\"description\":\"Trgovina s konjeni\u0161ko opremo\",\"publisher\":{\"@id\":\"https:\\\/\\\/clair.si\\\/#organization\"},\"potentialAction\":[{\"@type\":\"SearchAction\",\"target\":{\"@type\":\"EntryPoint\",\"urlTemplate\":\"https:\\\/\\\/clair.si\\\/?s={search_term_string}\"},\"query-input\":{\"@type\":\"PropertyValueSpecification\",\"valueRequired\":true,\"valueName\":\"search_term_string\"}}],\"inLanguage\":\"hr\"},{\"@type\":\"Organization\",\"@id\":\"https:\\\/\\\/clair.si\\\/#organization\",\"name\":\"Clair\",\"url\":\"https:\\\/\\\/clair.si\\\/\",\"logo\":{\"@type\":\"ImageObject\",\"inLanguage\":\"hr\",\"@id\":\"https:\\\/\\\/clair.si\\\/#\\\/schema\\\/logo\\\/image\\\/\",\"url\":\"https:\\\/\\\/clair.si\\\/wp-content\\\/uploads\\\/2022\\\/11\\\/clair_logo_2022.jpg\",\"contentUrl\":\"https:\\\/\\\/clair.si\\\/wp-content\\\/uploads\\\/2022\\\/11\\\/clair_logo_2022.jpg\",\"width\":1920,\"height\":1920,\"caption\":\"Clair\"},\"image\":{\"@id\":\"https:\\\/\\\/clair.si\\\/#\\\/schema\\\/logo\\\/image\\\/\"},\"sameAs\":[\"https:\\\/\\\/www.facebook.com\\\/TrgovinaClair\\\/\"]}]}<\/script>\n<!-- \/ Yoast SEO plugin. -->","yoast_head_json":{"title":"Jednostruko prelomljena maslinasta \u017evala Kavalkade 16 - Clair","description":"Jednostruko prelomljena maslinasta \u017evala - jednostavna jednostruko prelomljena maslinasta \u017evala, izra\u0111ena od kombinacije nehr\u0111aju\u0107eg \u010delika, koja je","robots":{"index":"index","follow":"follow","max-snippet":"max-snippet:-1","max-image-preview":"max-image-preview:large","max-video-preview":"max-video-preview:-1"},"canonical":"https:\/\/clair.si\/hr\/izdelek\/jednostruko-lomljena-maslinasta-zvala-kavalkade-16\/","og_locale":"hr_HR","og_type":"article","og_title":"Jednostruko prelomljena maslinasta \u017evala Kavalkade 16 - Clair","og_description":"Jednostruko prelomljena maslinasta \u017evala - jednostavna jednostruko prelomljena maslinasta \u017evala, izra\u0111ena od kombinacije nehr\u0111aju\u0107eg \u010delika, koja je","og_url":"https:\/\/clair.si\/hr\/izdelek\/jednostruko-lomljena-maslinasta-zvala-kavalkade-16\/","og_site_name":"Clair","article_publisher":"https:\/\/www.facebook.com\/TrgovinaClair\/","article_modified_time":"2025-11-04T12:42:38+00:00","og_image":[{"width":825,"height":725,"url":"https:\/\/clair.si\/wp-content\/uploads\/2022\/10\/70201-brzda-kavalkade-oliva-16-mm-enkrat-lomljena.jpg","type":"image\/jpeg"}],"twitter_card":"summary_large_image","twitter_misc":{"Procijenjeno vrijeme \u010ditanja":"1 minuta"},"schema":{"@context":"https:\/\/schema.org","@graph":[{"@type":"WebPage","@id":"https:\/\/clair.si\/hr\/izdelek\/jednostruko-lomljena-maslinasta-zvala-kavalkade-16\/","url":"https:\/\/clair.si\/hr\/izdelek\/jednostruko-lomljena-maslinasta-zvala-kavalkade-16\/","name":"Jednostruko prelomljena maslinasta \u017evala Kavalkade 16 - Clair","isPartOf":{"@id":"https:\/\/clair.si\/#website"},"primaryImageOfPage":{"@id":"https:\/\/clair.si\/hr\/izdelek\/jednostruko-lomljena-maslinasta-zvala-kavalkade-16\/#primaryimage"},"image":{"@id":"https:\/\/clair.si\/hr\/izdelek\/jednostruko-lomljena-maslinasta-zvala-kavalkade-16\/#primaryimage"},"thumbnailUrl":"https:\/\/clair.si\/wp-content\/uploads\/2022\/10\/70201-brzda-kavalkade-oliva-16-mm-enkrat-lomljena.webp","datePublished":"2022-10-03T09:42:10+00:00","dateModified":"2025-11-04T12:42:38+00:00","description":"Jednostruko prelomljena maslinasta \u017evala - jednostavna jednostruko prelomljena maslinasta \u017evala, izra\u0111ena od kombinacije nehr\u0111aju\u0107eg \u010delika, koja je","breadcrumb":{"@id":"https:\/\/clair.si\/hr\/izdelek\/jednostruko-lomljena-maslinasta-zvala-kavalkade-16\/#breadcrumb"},"inLanguage":"hr","potentialAction":[{"@type":"ReadAction","target":["https:\/\/clair.si\/hr\/izdelek\/jednostruko-lomljena-maslinasta-zvala-kavalkade-16\/"]}]},{"@type":"ImageObject","inLanguage":"hr","@id":"https:\/\/clair.si\/hr\/izdelek\/jednostruko-lomljena-maslinasta-zvala-kavalkade-16\/#primaryimage","url":"https:\/\/clair.si\/wp-content\/uploads\/2022\/10\/70201-brzda-kavalkade-oliva-16-mm-enkrat-lomljena.webp","contentUrl":"https:\/\/clair.si\/wp-content\/uploads\/2022\/10\/70201-brzda-kavalkade-oliva-16-mm-enkrat-lomljena.webp","width":825,"height":725,"caption":"1x lomljena olivna brzda Kavalkade"},{"@type":"BreadcrumbList","@id":"https:\/\/clair.si\/hr\/izdelek\/jednostruko-lomljena-maslinasta-zvala-kavalkade-16\/#breadcrumb","itemListElement":[{"@type":"ListItem","position":1,"name":"Home","item":"https:\/\/clair.si\/hr\/"},{"@type":"ListItem","position":2,"name":"Trgovina","item":"https:\/\/clair.si\/trgovina\/"},{"@type":"ListItem","position":3,"name":"Jednostruko prelomljena maslinasta \u017evala Kavalkade 16"}]},{"@type":"WebSite","@id":"https:\/\/clair.si\/#website","url":"https:\/\/clair.si\/","name":"Clair","description":"Trgovina s konjeni\u0161ko opremo","publisher":{"@id":"https:\/\/clair.si\/#organization"},"potentialAction":[{"@type":"SearchAction","target":{"@type":"EntryPoint","urlTemplate":"https:\/\/clair.si\/?s={search_term_string}"},"query-input":{"@type":"PropertyValueSpecification","valueRequired":true,"valueName":"search_term_string"}}],"inLanguage":"hr"},{"@type":"Organization","@id":"https:\/\/clair.si\/#organization","name":"Clair","url":"https:\/\/clair.si\/","logo":{"@type":"ImageObject","inLanguage":"hr","@id":"https:\/\/clair.si\/#\/schema\/logo\/image\/","url":"https:\/\/clair.si\/wp-content\/uploads\/2022\/11\/clair_logo_2022.jpg","contentUrl":"https:\/\/clair.si\/wp-content\/uploads\/2022\/11\/clair_logo_2022.jpg","width":1920,"height":1920,"caption":"Clair"},"image":{"@id":"https:\/\/clair.si\/#\/schema\/logo\/image\/"},"sameAs":["https:\/\/www.facebook.com\/TrgovinaClair\/"]}]}},"_links":{"self":[{"href":"https:\/\/clair.si\/hr\/wp-json\/wp\/v2\/product\/102126","targetHints":{"allow":["GET"]}}],"collection":[{"href":"https:\/\/clair.si\/hr\/wp-json\/wp\/v2\/product"}],"about":[{"href":"https:\/\/clair.si\/hr\/wp-json\/wp\/v2\/types\/product"}],"version-history":[{"count":0,"href":"https:\/\/clair.si\/hr\/wp-json\/wp\/v2\/product\/102126\/revisions"}],"wp:featuredmedia":[{"embeddable":true,"href":"https:\/\/clair.si\/hr\/wp-json\/wp\/v2\/media\/102134"}],"wp:attachment":[{"href":"https:\/\/clair.si\/hr\/wp-json\/wp\/v2\/media?parent=102126"}],"wp:term":[{"taxonomy":"product_brand","embeddable":true,"href":"https:\/\/clair.si\/hr\/wp-json\/wp\/v2\/product_brand?post=102126"},{"taxonomy":"product_cat","embeddable":true,"href":"https:\/\/clair.si\/hr\/wp-json\/wp\/v2\/product_cat?post=102126"},{"taxonomy":"product_tag","embeddable":true,"href":"https:\/\/clair.si\/hr\/wp-json\/wp\/v2\/product_tag?post=102126"}],"curies":[{"name":"wp","href":"https:\/\/api.w.org\/{rel}","templated":true}]}}