{"id":102145,"date":"2022-10-03T15:30:01","date_gmt":"2022-10-03T13:30:01","guid":{"rendered":"https:\/\/clair.si\/izdelek\/kavalkade-jednostruko-lomljen-babypelham-16\/"},"modified":"2025-08-27T13:48:31","modified_gmt":"2025-08-27T11:48:31","slug":"kavalkade-jednostruko-lomljen-babypelham-16","status":"publish","type":"product","link":"https:\/\/clair.si\/hr\/izdelek\/kavalkade-jednostruko-lomljen-babypelham-16\/","title":{"rendered":"Kavalkade jednom lomljen Babypelham 16"},"content":{"rendered":"<p><span class=\"HwtZe\" lang=\"sl\"><span class=\"jCAhz ChMk0b\"><span class=\"ryNqvb\"><strong>Kavalkade jednom lomljen Babypelham<\/strong> izra\u0111en je od kombinacije nehr\u0111aju\u0107eg \u010delika, koji je prikladan za konje i vrlo udobno pristaje konju u usta.<\/span><\/span> <span class=\"jCAhz ChMk0b\"><span class=\"ryNqvb\">Svi varovi i spojevi su odli\u010dno obra\u0111eni, tako da se mo\u017ee izbje\u0107i trljanje i to\u010dke pritiska.<\/span><\/span> <span class=\"jCAhz ChMk0b\"><span class=\"ryNqvb\">Kavalkade paelham ima male 4cm velike prstenove i opremljen je lan\u010di\u0107em.<\/span><\/span> <span class=\"jCAhz ChMk0b\"><span class=\"ryNqvb\">Osim toga, \u017evala je jednostavno jednom lomljena.<\/span><\/span> <\/span><\/p>\n<ul>\n<li><span class=\"HwtZe\" lang=\"sl\"><span class=\"jCAhz ChMk0b\"><span class=\"ryNqvb\">debljina \u017evale: 16 mm<\/span><\/span> <\/span><\/li>\n<li><span class=\"HwtZe\" lang=\"sl\"><span class=\"jCAhz ChMk0b\"><span class=\"ryNqvb\">uklju\u010duju\u0107i lan\u010di\u0107<\/span><\/span> <\/span><\/li>\n<li><span class=\"HwtZe\" lang=\"sl\"><span class=\"jCAhz ChMk0b\"><span class=\"ryNqvb\"> anatomski i konjevim ustima ugodan<\/span><\/span> <\/span><\/li>\n<li><span class=\"HwtZe\" lang=\"sl\"><span class=\"jCAhz ChMk0b\"><span class=\"ryNqvb\">sve komponente su oblikovane i obra\u0111ene ru\u010dno<\/span><\/span> <\/span><\/li>\n<li><span class=\"HwtZe\" lang=\"sl\"><span class=\"jCAhz ChMk0b\"><span class=\"ryNqvb\">svi bo\u010dni dijelovi od visokokvalitetnog nehr\u0111aju\u0107eg \u010delika<\/span><\/span> <\/span><\/li>\n<li><span class=\"HwtZe\" lang=\"sl\"><span class=\"jCAhz ChMk0b\"><span class=\"ryNqvb\">iznimno visoka otpornost na koroziju<\/span><\/span><\/span><\/li>\n<li><span class=\"HwtZe\" lang=\"sl\"><span class=\"jCAhz ChMk0b\"><span class=\"ryNqvb\">materijal: 70% mjed, 30% bakar<\/span><\/span><\/span><\/li>\n<li><span class=\"HwtZe\" lang=\"sl\">t<span class=\"jCAhz ChMk0b\"><span class=\"ryNqvb\">e\u017eina: 0,4 kg<\/span><\/span> <\/span><\/li>\n<\/ul>\n<p><span class=\"HwtZe\" lang=\"sl\"><span class=\"jCAhz ChMk0b\"><span class=\"ryNqvb\">Uporaba:<\/span><\/span> <span class=\"jCAhz ChMk0b\"><span class=\"ryNqvb\">Pelham je s gornjim prstenom pri\u010dvr\u0161\u0107en izravno na om\u010du uzde.<\/span><\/span> <span class=\"jCAhz ChMk0b\"><span class=\"ryNqvb\">Ve\u0107i i manji donji prsten povezujemo s pelham trakom.<\/span><\/span> <span class=\"jCAhz ChMk0b\"><span class=\"ryNqvb\">Ti su obi\u010dno izra\u0111eni od ko\u017ee ili najlonske tkanine.<\/span><\/span> <span class=\"jCAhz ChMk0b\"><span class=\"ryNqvb\">U te trake zakop\u010davamo jednostruke vodilice.<\/span><\/span> U ovom slu\u010daju radi se o ne\u0161to o\u0161trijoj \u017evali. Na pelham, me\u0111utim, mo\u017eemo pri\u010dvrstiti i dvostruke vodilice i tako dobiti u\u010dinak obi\u010dne maslinove \u017evale i kandare, samo \u0161to konj u ustima nema dvostruku \u017evalu. Tako nam vodilice pri\u010dvr\u0161\u0107ene u najni\u017ei prsten (djelovanje kandare) omogu\u0107uju posredovanje samo onda kada je to stvarno nu\u017eno.<br \/>\n<\/span><\/p>\n","protected":false},"excerpt":{"rendered":"<p>Kavalkade jednom lomljen Babypelham izra\u0111en je od kombinacije nehr\u0111aju\u0107eg \u010delika, koji je prikladan za konje i vrlo udobno pristaje konju<\/p>\n","protected":false},"featured_media":102152,"template":"","meta":{"footnotes":""},"product_brand":[],"product_cat":[5690,5624,5687],"product_tag":[],"class_list":{"0":"post-102145","1":"product","2":"type-product","3":"status-publish","4":"has-post-thumbnail","6":"product_cat-engleske-zvale","7":"product_cat-konj-hr","8":"product_cat-zvale","10":"first","11":"instock","12":"sale","13":"shipping-taxable","14":"purchasable","15":"product-type-variable"},"yoast_head":"<!-- This site is optimized with the Yoast SEO plugin v27.4 - https:\/\/yoast.com\/product\/yoast-seo-wordpress\/ -->\n<title>Kavalkade jednom lomljen Babypelham 16 - Clair<\/title>\n<meta name=\"description\" content=\"Kavalkade jednom lomljen Babypelham izra\u0111en je od kombinacije nehr\u0111aju\u0107eg \u010delika, koji je prikladan za konje i vrlo udobno pristaje konju u usta.\" \/>\n<meta name=\"robots\" content=\"index, follow, max-snippet:-1, max-image-preview:large, max-video-preview:-1\" \/>\n<link rel=\"canonical\" href=\"https:\/\/clair.si\/hr\/izdelek\/kavalkade-jednostruko-lomljen-babypelham-16\/\" \/>\n<meta property=\"og:locale\" content=\"hr_HR\" \/>\n<meta property=\"og:type\" content=\"article\" \/>\n<meta property=\"og:title\" content=\"Kavalkade jednom lomljen Babypelham 16 - Clair\" \/>\n<meta property=\"og:description\" content=\"Kavalkade jednom lomljen Babypelham izra\u0111en je od kombinacije nehr\u0111aju\u0107eg \u010delika, koji je prikladan za konje i vrlo udobno pristaje konju u usta.\" \/>\n<meta property=\"og:url\" content=\"https:\/\/clair.si\/hr\/izdelek\/kavalkade-jednostruko-lomljen-babypelham-16\/\" \/>\n<meta property=\"og:site_name\" content=\"Clair\" \/>\n<meta property=\"article:publisher\" content=\"https:\/\/www.facebook.com\/TrgovinaClair\/\" \/>\n<meta property=\"article:modified_time\" content=\"2025-08-27T11:48:31+00:00\" \/>\n<meta property=\"og:image\" content=\"https:\/\/clair.si\/wp-content\/uploads\/2022\/10\/70401-kavalkade-baby-pelham-1x-lomljen.jpg\" \/>\n\t<meta property=\"og:image:width\" content=\"825\" \/>\n\t<meta property=\"og:image:height\" content=\"725\" \/>\n\t<meta property=\"og:image:type\" content=\"image\/jpeg\" \/>\n<meta name=\"twitter:card\" content=\"summary_large_image\" \/>\n<meta name=\"twitter:label1\" content=\"Procijenjeno vrijeme \u010ditanja\" \/>\n\t<meta name=\"twitter:data1\" content=\"1 minuta\" \/>\n<script type=\"application\/ld+json\" class=\"yoast-schema-graph\">{\"@context\":\"https:\\\/\\\/schema.org\",\"@graph\":[{\"@type\":\"WebPage\",\"@id\":\"https:\\\/\\\/clair.si\\\/hr\\\/izdelek\\\/kavalkade-jednostruko-lomljen-babypelham-16\\\/\",\"url\":\"https:\\\/\\\/clair.si\\\/hr\\\/izdelek\\\/kavalkade-jednostruko-lomljen-babypelham-16\\\/\",\"name\":\"Kavalkade jednom lomljen Babypelham 16 - Clair\",\"isPartOf\":{\"@id\":\"https:\\\/\\\/clair.si\\\/#website\"},\"primaryImageOfPage\":{\"@id\":\"https:\\\/\\\/clair.si\\\/hr\\\/izdelek\\\/kavalkade-jednostruko-lomljen-babypelham-16\\\/#primaryimage\"},\"image\":{\"@id\":\"https:\\\/\\\/clair.si\\\/hr\\\/izdelek\\\/kavalkade-jednostruko-lomljen-babypelham-16\\\/#primaryimage\"},\"thumbnailUrl\":\"https:\\\/\\\/clair.si\\\/wp-content\\\/uploads\\\/2022\\\/10\\\/70401-kavalkade-baby-pelham-1x-lomljen.webp\",\"datePublished\":\"2022-10-03T13:30:01+00:00\",\"dateModified\":\"2025-08-27T11:48:31+00:00\",\"description\":\"Kavalkade jednom lomljen Babypelham izra\u0111en je od kombinacije nehr\u0111aju\u0107eg \u010delika, koji je prikladan za konje i vrlo udobno pristaje konju u usta.\",\"breadcrumb\":{\"@id\":\"https:\\\/\\\/clair.si\\\/hr\\\/izdelek\\\/kavalkade-jednostruko-lomljen-babypelham-16\\\/#breadcrumb\"},\"inLanguage\":\"hr\",\"potentialAction\":[{\"@type\":\"ReadAction\",\"target\":[\"https:\\\/\\\/clair.si\\\/hr\\\/izdelek\\\/kavalkade-jednostruko-lomljen-babypelham-16\\\/\"]}]},{\"@type\":\"ImageObject\",\"inLanguage\":\"hr\",\"@id\":\"https:\\\/\\\/clair.si\\\/hr\\\/izdelek\\\/kavalkade-jednostruko-lomljen-babypelham-16\\\/#primaryimage\",\"url\":\"https:\\\/\\\/clair.si\\\/wp-content\\\/uploads\\\/2022\\\/10\\\/70401-kavalkade-baby-pelham-1x-lomljen.webp\",\"contentUrl\":\"https:\\\/\\\/clair.si\\\/wp-content\\\/uploads\\\/2022\\\/10\\\/70401-kavalkade-baby-pelham-1x-lomljen.webp\",\"width\":825,\"height\":725,\"caption\":\"Kavalkade 1x lomljen baby pelham.\"},{\"@type\":\"BreadcrumbList\",\"@id\":\"https:\\\/\\\/clair.si\\\/hr\\\/izdelek\\\/kavalkade-jednostruko-lomljen-babypelham-16\\\/#breadcrumb\",\"itemListElement\":[{\"@type\":\"ListItem\",\"position\":1,\"name\":\"Home\",\"item\":\"https:\\\/\\\/clair.si\\\/hr\\\/\"},{\"@type\":\"ListItem\",\"position\":2,\"name\":\"Trgovina\",\"item\":\"https:\\\/\\\/clair.si\\\/trgovina\\\/\"},{\"@type\":\"ListItem\",\"position\":3,\"name\":\"Kavalkade jednom lomljen Babypelham 16\"}]},{\"@type\":\"WebSite\",\"@id\":\"https:\\\/\\\/clair.si\\\/#website\",\"url\":\"https:\\\/\\\/clair.si\\\/\",\"name\":\"Clair\",\"description\":\"Trgovina s konjeni\u0161ko opremo\",\"publisher\":{\"@id\":\"https:\\\/\\\/clair.si\\\/#organization\"},\"potentialAction\":[{\"@type\":\"SearchAction\",\"target\":{\"@type\":\"EntryPoint\",\"urlTemplate\":\"https:\\\/\\\/clair.si\\\/?s={search_term_string}\"},\"query-input\":{\"@type\":\"PropertyValueSpecification\",\"valueRequired\":true,\"valueName\":\"search_term_string\"}}],\"inLanguage\":\"hr\"},{\"@type\":\"Organization\",\"@id\":\"https:\\\/\\\/clair.si\\\/#organization\",\"name\":\"Clair\",\"url\":\"https:\\\/\\\/clair.si\\\/\",\"logo\":{\"@type\":\"ImageObject\",\"inLanguage\":\"hr\",\"@id\":\"https:\\\/\\\/clair.si\\\/#\\\/schema\\\/logo\\\/image\\\/\",\"url\":\"https:\\\/\\\/clair.si\\\/wp-content\\\/uploads\\\/2022\\\/11\\\/clair_logo_2022.jpg\",\"contentUrl\":\"https:\\\/\\\/clair.si\\\/wp-content\\\/uploads\\\/2022\\\/11\\\/clair_logo_2022.jpg\",\"width\":1920,\"height\":1920,\"caption\":\"Clair\"},\"image\":{\"@id\":\"https:\\\/\\\/clair.si\\\/#\\\/schema\\\/logo\\\/image\\\/\"},\"sameAs\":[\"https:\\\/\\\/www.facebook.com\\\/TrgovinaClair\\\/\"]}]}<\/script>\n<!-- \/ Yoast SEO plugin. -->","yoast_head_json":{"title":"Kavalkade jednom lomljen Babypelham 16 - Clair","description":"Kavalkade jednom lomljen Babypelham izra\u0111en je od kombinacije nehr\u0111aju\u0107eg \u010delika, koji je prikladan za konje i vrlo udobno pristaje konju u usta.","robots":{"index":"index","follow":"follow","max-snippet":"max-snippet:-1","max-image-preview":"max-image-preview:large","max-video-preview":"max-video-preview:-1"},"canonical":"https:\/\/clair.si\/hr\/izdelek\/kavalkade-jednostruko-lomljen-babypelham-16\/","og_locale":"hr_HR","og_type":"article","og_title":"Kavalkade jednom lomljen Babypelham 16 - Clair","og_description":"Kavalkade jednom lomljen Babypelham izra\u0111en je od kombinacije nehr\u0111aju\u0107eg \u010delika, koji je prikladan za konje i vrlo udobno pristaje konju u usta.","og_url":"https:\/\/clair.si\/hr\/izdelek\/kavalkade-jednostruko-lomljen-babypelham-16\/","og_site_name":"Clair","article_publisher":"https:\/\/www.facebook.com\/TrgovinaClair\/","article_modified_time":"2025-08-27T11:48:31+00:00","og_image":[{"width":825,"height":725,"url":"https:\/\/clair.si\/wp-content\/uploads\/2022\/10\/70401-kavalkade-baby-pelham-1x-lomljen.jpg","type":"image\/jpeg"}],"twitter_card":"summary_large_image","twitter_misc":{"Procijenjeno vrijeme \u010ditanja":"1 minuta"},"schema":{"@context":"https:\/\/schema.org","@graph":[{"@type":"WebPage","@id":"https:\/\/clair.si\/hr\/izdelek\/kavalkade-jednostruko-lomljen-babypelham-16\/","url":"https:\/\/clair.si\/hr\/izdelek\/kavalkade-jednostruko-lomljen-babypelham-16\/","name":"Kavalkade jednom lomljen Babypelham 16 - Clair","isPartOf":{"@id":"https:\/\/clair.si\/#website"},"primaryImageOfPage":{"@id":"https:\/\/clair.si\/hr\/izdelek\/kavalkade-jednostruko-lomljen-babypelham-16\/#primaryimage"},"image":{"@id":"https:\/\/clair.si\/hr\/izdelek\/kavalkade-jednostruko-lomljen-babypelham-16\/#primaryimage"},"thumbnailUrl":"https:\/\/clair.si\/wp-content\/uploads\/2022\/10\/70401-kavalkade-baby-pelham-1x-lomljen.webp","datePublished":"2022-10-03T13:30:01+00:00","dateModified":"2025-08-27T11:48:31+00:00","description":"Kavalkade jednom lomljen Babypelham izra\u0111en je od kombinacije nehr\u0111aju\u0107eg \u010delika, koji je prikladan za konje i vrlo udobno pristaje konju u usta.","breadcrumb":{"@id":"https:\/\/clair.si\/hr\/izdelek\/kavalkade-jednostruko-lomljen-babypelham-16\/#breadcrumb"},"inLanguage":"hr","potentialAction":[{"@type":"ReadAction","target":["https:\/\/clair.si\/hr\/izdelek\/kavalkade-jednostruko-lomljen-babypelham-16\/"]}]},{"@type":"ImageObject","inLanguage":"hr","@id":"https:\/\/clair.si\/hr\/izdelek\/kavalkade-jednostruko-lomljen-babypelham-16\/#primaryimage","url":"https:\/\/clair.si\/wp-content\/uploads\/2022\/10\/70401-kavalkade-baby-pelham-1x-lomljen.webp","contentUrl":"https:\/\/clair.si\/wp-content\/uploads\/2022\/10\/70401-kavalkade-baby-pelham-1x-lomljen.webp","width":825,"height":725,"caption":"Kavalkade 1x lomljen baby pelham."},{"@type":"BreadcrumbList","@id":"https:\/\/clair.si\/hr\/izdelek\/kavalkade-jednostruko-lomljen-babypelham-16\/#breadcrumb","itemListElement":[{"@type":"ListItem","position":1,"name":"Home","item":"https:\/\/clair.si\/hr\/"},{"@type":"ListItem","position":2,"name":"Trgovina","item":"https:\/\/clair.si\/trgovina\/"},{"@type":"ListItem","position":3,"name":"Kavalkade jednom lomljen Babypelham 16"}]},{"@type":"WebSite","@id":"https:\/\/clair.si\/#website","url":"https:\/\/clair.si\/","name":"Clair","description":"Trgovina s konjeni\u0161ko opremo","publisher":{"@id":"https:\/\/clair.si\/#organization"},"potentialAction":[{"@type":"SearchAction","target":{"@type":"EntryPoint","urlTemplate":"https:\/\/clair.si\/?s={search_term_string}"},"query-input":{"@type":"PropertyValueSpecification","valueRequired":true,"valueName":"search_term_string"}}],"inLanguage":"hr"},{"@type":"Organization","@id":"https:\/\/clair.si\/#organization","name":"Clair","url":"https:\/\/clair.si\/","logo":{"@type":"ImageObject","inLanguage":"hr","@id":"https:\/\/clair.si\/#\/schema\/logo\/image\/","url":"https:\/\/clair.si\/wp-content\/uploads\/2022\/11\/clair_logo_2022.jpg","contentUrl":"https:\/\/clair.si\/wp-content\/uploads\/2022\/11\/clair_logo_2022.jpg","width":1920,"height":1920,"caption":"Clair"},"image":{"@id":"https:\/\/clair.si\/#\/schema\/logo\/image\/"},"sameAs":["https:\/\/www.facebook.com\/TrgovinaClair\/"]}]}},"_links":{"self":[{"href":"https:\/\/clair.si\/hr\/wp-json\/wp\/v2\/product\/102145","targetHints":{"allow":["GET"]}}],"collection":[{"href":"https:\/\/clair.si\/hr\/wp-json\/wp\/v2\/product"}],"about":[{"href":"https:\/\/clair.si\/hr\/wp-json\/wp\/v2\/types\/product"}],"version-history":[{"count":0,"href":"https:\/\/clair.si\/hr\/wp-json\/wp\/v2\/product\/102145\/revisions"}],"wp:featuredmedia":[{"embeddable":true,"href":"https:\/\/clair.si\/hr\/wp-json\/wp\/v2\/media\/102152"}],"wp:attachment":[{"href":"https:\/\/clair.si\/hr\/wp-json\/wp\/v2\/media?parent=102145"}],"wp:term":[{"taxonomy":"product_brand","embeddable":true,"href":"https:\/\/clair.si\/hr\/wp-json\/wp\/v2\/product_brand?post=102145"},{"taxonomy":"product_cat","embeddable":true,"href":"https:\/\/clair.si\/hr\/wp-json\/wp\/v2\/product_cat?post=102145"},{"taxonomy":"product_tag","embeddable":true,"href":"https:\/\/clair.si\/hr\/wp-json\/wp\/v2\/product_tag?post=102145"}],"curies":[{"name":"wp","href":"https:\/\/api.w.org\/{rel}","templated":true}]}}