{"id":102324,"date":"2022-10-03T09:48:53","date_gmt":"2022-10-03T07:48:53","guid":{"rendered":"https:\/\/clair.si\/izdelek\/dvostruko-lomljena-obicna-uzda-kavalkade-16\/"},"modified":"2025-09-29T20:13:39","modified_gmt":"2025-09-29T18:13:39","slug":"dvostruko-lomljena-obicna-zvala-kavalkade-16","status":"publish","type":"product","link":"https:\/\/clair.si\/hr\/izdelek\/dvostruko-lomljena-obicna-zvala-kavalkade-16\/","title":{"rendered":"Dvostruko lomljena obi\u010dna \u017evala Kavalkade 16"},"content":{"rendered":"<div class=\"lRu31\">\n<p><span class=\"HwtZe\" lang=\"sl\"><span class=\"jCAhz ChMk0b\"><span class=\"ryNqvb\">\u201cKavalBit\u201d \u017evala \u2013\u017evala <\/span><\/span><span class=\"jCAhz ChMk0b\"><span class=\"ryNqvb\"> &#8220;KavalBit&#8221; izra\u0111ene su od kombinacije nehr\u0111aju\u0107eg \u010delika, koji je prikladan za konje i alergi\u010dare, te vrlo udobno pristaje konju u usta.<\/span><\/span> <span class=\"jCAhz ChMk0b\"><span class=\"ryNqvb\">Svi zavari i spojevi su izvrsno obra\u0111eni, tako da se mo\u017ee izbje\u0107i trljanje i to\u010dke pritiska.<\/span><\/span> <\/span><span class=\"HwtZe\" lang=\"sl\"><span class=\"jCAhz ChMk0b\"><span class=\"ryNqvb\">I<\/span><\/span><span class=\"jCAhz ChMk0b\"><span class=\"ryNqvb\">dealna uzda za konje po\u010detnike.<\/span><\/span> <span class=\"jCAhz ChMk0b\"><span class=\"ryNqvb\">Pritisak se pove\u0107ava na konjeva usta, tako da je pritisak na jezik manji.<\/span><\/span> <span class=\"jCAhz ChMk0b\"><span class=\"ryNqvb\">Uzda se \u010desto koristi kod mladih konja ili kod konja koji imaju vrlo osjetljiva usta.<\/span><\/span><\/span><\/p>\n<\/div>\n<ul>\n<li class=\"lRu31\"><span class=\"HwtZe\" lang=\"sl\"><span class=\"jCAhz ChMk0b\"><span class=\"ryNqvb\"> Debljina 16 mm<\/span><\/span><\/span><\/li>\n<li class=\"lRu31\"><span class=\"HwtZe\" lang=\"sl\"><span class=\"jCAhz ChMk0b\"><span class=\"ryNqvb\">Veli\u010dina kolutova 7,5 cm<\/span><\/span> <\/span><\/li>\n<li class=\"lRu31\"><span class=\"HwtZe\" lang=\"sl\"><span class=\"jCAhz ChMk0b\"><span class=\"ryNqvb\">Vrlo anatomska i ugodna za usta<\/span><\/span> <\/span><\/li>\n<li class=\"lRu31\"><span class=\"HwtZe\" lang=\"sl\"><span class=\"jCAhz ChMk0b\"><span class=\"ryNqvb\"> Vrlo ugodna za konjska usta zbog kvalitetne izrade i odli\u010dnog materijala<\/span><\/span> <\/span><\/li>\n<li class=\"lRu31\"><span class=\"HwtZe\" lang=\"sl\">S<span class=\"jCAhz ChMk0b\"><span class=\"ryNqvb\">ve komponente su oblikovane i obra\u0111ene ru\u010dno<\/span><\/span> <\/span><\/li>\n<li class=\"lRu31\"><span class=\"HwtZe\" lang=\"sl\"><span class=\"jCAhz ChMk0b\"><span class=\"ryNqvb\">I<\/span><\/span><span class=\"jCAhz ChMk0b\"><span class=\"ryNqvb\">znimno visoka otpornost na koroziju<\/span><\/span> <\/span><\/li>\n<li class=\"lRu31\"><span class=\"HwtZe\" lang=\"sl\"><span class=\"jCAhz ChMk0b\"><span class=\"ryNqvb\">Materijal: 70% mjed, 30% bakar<\/span><\/span> <\/span><\/li>\n<li class=\"lRu31\"><span class=\"HwtZe\" lang=\"sl\"><span class=\"jCAhz ChMk0b\"><span class=\"ryNqvb\">Te\u017eina: 0,3 kg<\/span><\/span><\/span><\/li>\n<\/ul>\n","protected":false},"excerpt":{"rendered":"<p>\u201cKavalBit\u201d \u017evala \u2013\u017evala &#8220;KavalBit&#8221; izra\u0111ene su od kombinacije nehr\u0111aju\u0107eg \u010delika, koji je prikladan za konje i alergi\u010dare, te vrlo udobno<\/p>\n","protected":false},"featured_media":102332,"template":"","meta":{"footnotes":""},"product_brand":[],"product_cat":[5690,5624,5687],"product_tag":[],"class_list":{"0":"post-102324","1":"product","2":"type-product","3":"status-publish","4":"has-post-thumbnail","6":"product_cat-engleske-zvale","7":"product_cat-konj-hr","8":"product_cat-zvale","10":"first","11":"instock","12":"sale","13":"shipping-taxable","14":"purchasable","15":"product-type-variable"},"yoast_head":"<!-- This site is optimized with the Yoast SEO plugin v27.4 - https:\/\/yoast.com\/product\/yoast-seo-wordpress\/ -->\n<title>Dvostruko lomljena obi\u010dna \u017evala Kavalkade 16 - Clair<\/title>\n<meta name=\"description\" content=\"-1214\" \/>\n<meta name=\"robots\" content=\"index, follow, max-snippet:-1, max-image-preview:large, max-video-preview:-1\" \/>\n<link rel=\"canonical\" href=\"https:\/\/clair.si\/hr\/izdelek\/dvostruko-lomljena-obicna-zvala-kavalkade-16\/\" \/>\n<meta property=\"og:locale\" content=\"hr_HR\" \/>\n<meta property=\"og:type\" content=\"article\" \/>\n<meta property=\"og:title\" content=\"Dvostruko lomljena obi\u010dna \u017evala Kavalkade 16 - Clair\" \/>\n<meta property=\"og:description\" content=\"-1214\" \/>\n<meta property=\"og:url\" content=\"https:\/\/clair.si\/hr\/izdelek\/dvostruko-lomljena-obicna-zvala-kavalkade-16\/\" \/>\n<meta property=\"og:site_name\" content=\"Clair\" \/>\n<meta property=\"article:publisher\" content=\"https:\/\/www.facebook.com\/TrgovinaClair\/\" \/>\n<meta property=\"article:modified_time\" content=\"2025-09-29T18:13:39+00:00\" \/>\n<meta property=\"og:image\" content=\"https:\/\/clair.si\/wp-content\/uploads\/2022\/10\/70102-brzda-kavalkade-navadna-2x-lomljena.jpg\" \/>\n\t<meta property=\"og:image:width\" content=\"825\" \/>\n\t<meta property=\"og:image:height\" content=\"725\" \/>\n\t<meta property=\"og:image:type\" content=\"image\/jpeg\" \/>\n<meta name=\"twitter:card\" content=\"summary_large_image\" \/>\n<meta name=\"twitter:label1\" content=\"Procijenjeno vrijeme \u010ditanja\" \/>\n\t<meta name=\"twitter:data1\" content=\"1 minuta\" \/>\n<script type=\"application\/ld+json\" class=\"yoast-schema-graph\">{\"@context\":\"https:\\\/\\\/schema.org\",\"@graph\":[{\"@type\":\"WebPage\",\"@id\":\"https:\\\/\\\/clair.si\\\/hr\\\/izdelek\\\/dvostruko-lomljena-obicna-zvala-kavalkade-16\\\/\",\"url\":\"https:\\\/\\\/clair.si\\\/hr\\\/izdelek\\\/dvostruko-lomljena-obicna-zvala-kavalkade-16\\\/\",\"name\":\"Dvostruko lomljena obi\u010dna \u017evala Kavalkade 16 - Clair\",\"isPartOf\":{\"@id\":\"https:\\\/\\\/clair.si\\\/#website\"},\"primaryImageOfPage\":{\"@id\":\"https:\\\/\\\/clair.si\\\/hr\\\/izdelek\\\/dvostruko-lomljena-obicna-zvala-kavalkade-16\\\/#primaryimage\"},\"image\":{\"@id\":\"https:\\\/\\\/clair.si\\\/hr\\\/izdelek\\\/dvostruko-lomljena-obicna-zvala-kavalkade-16\\\/#primaryimage\"},\"thumbnailUrl\":\"https:\\\/\\\/clair.si\\\/wp-content\\\/uploads\\\/2022\\\/10\\\/70102-brzda-kavalkade-navadna-2x-lomljena.webp\",\"datePublished\":\"2022-10-03T07:48:53+00:00\",\"dateModified\":\"2025-09-29T18:13:39+00:00\",\"description\":\"-1214\",\"breadcrumb\":{\"@id\":\"https:\\\/\\\/clair.si\\\/hr\\\/izdelek\\\/dvostruko-lomljena-obicna-zvala-kavalkade-16\\\/#breadcrumb\"},\"inLanguage\":\"hr\",\"potentialAction\":[{\"@type\":\"ReadAction\",\"target\":[\"https:\\\/\\\/clair.si\\\/hr\\\/izdelek\\\/dvostruko-lomljena-obicna-zvala-kavalkade-16\\\/\"]}]},{\"@type\":\"ImageObject\",\"inLanguage\":\"hr\",\"@id\":\"https:\\\/\\\/clair.si\\\/hr\\\/izdelek\\\/dvostruko-lomljena-obicna-zvala-kavalkade-16\\\/#primaryimage\",\"url\":\"https:\\\/\\\/clair.si\\\/wp-content\\\/uploads\\\/2022\\\/10\\\/70102-brzda-kavalkade-navadna-2x-lomljena.webp\",\"contentUrl\":\"https:\\\/\\\/clair.si\\\/wp-content\\\/uploads\\\/2022\\\/10\\\/70102-brzda-kavalkade-navadna-2x-lomljena.webp\",\"width\":825,\"height\":725,\"caption\":\"2x lomljena navadna brzda Kavalkade\"},{\"@type\":\"BreadcrumbList\",\"@id\":\"https:\\\/\\\/clair.si\\\/hr\\\/izdelek\\\/dvostruko-lomljena-obicna-zvala-kavalkade-16\\\/#breadcrumb\",\"itemListElement\":[{\"@type\":\"ListItem\",\"position\":1,\"name\":\"Home\",\"item\":\"https:\\\/\\\/clair.si\\\/hr\\\/\"},{\"@type\":\"ListItem\",\"position\":2,\"name\":\"Trgovina\",\"item\":\"https:\\\/\\\/clair.si\\\/trgovina\\\/\"},{\"@type\":\"ListItem\",\"position\":3,\"name\":\"Dvostruko lomljena obi\u010dna \u017evala Kavalkade 16\"}]},{\"@type\":\"WebSite\",\"@id\":\"https:\\\/\\\/clair.si\\\/#website\",\"url\":\"https:\\\/\\\/clair.si\\\/\",\"name\":\"Clair\",\"description\":\"Trgovina s konjeni\u0161ko opremo\",\"publisher\":{\"@id\":\"https:\\\/\\\/clair.si\\\/#organization\"},\"potentialAction\":[{\"@type\":\"SearchAction\",\"target\":{\"@type\":\"EntryPoint\",\"urlTemplate\":\"https:\\\/\\\/clair.si\\\/?s={search_term_string}\"},\"query-input\":{\"@type\":\"PropertyValueSpecification\",\"valueRequired\":true,\"valueName\":\"search_term_string\"}}],\"inLanguage\":\"hr\"},{\"@type\":\"Organization\",\"@id\":\"https:\\\/\\\/clair.si\\\/#organization\",\"name\":\"Clair\",\"url\":\"https:\\\/\\\/clair.si\\\/\",\"logo\":{\"@type\":\"ImageObject\",\"inLanguage\":\"hr\",\"@id\":\"https:\\\/\\\/clair.si\\\/#\\\/schema\\\/logo\\\/image\\\/\",\"url\":\"https:\\\/\\\/clair.si\\\/wp-content\\\/uploads\\\/2022\\\/11\\\/clair_logo_2022.jpg\",\"contentUrl\":\"https:\\\/\\\/clair.si\\\/wp-content\\\/uploads\\\/2022\\\/11\\\/clair_logo_2022.jpg\",\"width\":1920,\"height\":1920,\"caption\":\"Clair\"},\"image\":{\"@id\":\"https:\\\/\\\/clair.si\\\/#\\\/schema\\\/logo\\\/image\\\/\"},\"sameAs\":[\"https:\\\/\\\/www.facebook.com\\\/TrgovinaClair\\\/\"]}]}<\/script>\n<!-- \/ Yoast SEO plugin. -->","yoast_head_json":{"title":"Dvostruko lomljena obi\u010dna \u017evala Kavalkade 16 - Clair","description":"-1214","robots":{"index":"index","follow":"follow","max-snippet":"max-snippet:-1","max-image-preview":"max-image-preview:large","max-video-preview":"max-video-preview:-1"},"canonical":"https:\/\/clair.si\/hr\/izdelek\/dvostruko-lomljena-obicna-zvala-kavalkade-16\/","og_locale":"hr_HR","og_type":"article","og_title":"Dvostruko lomljena obi\u010dna \u017evala Kavalkade 16 - Clair","og_description":"-1214","og_url":"https:\/\/clair.si\/hr\/izdelek\/dvostruko-lomljena-obicna-zvala-kavalkade-16\/","og_site_name":"Clair","article_publisher":"https:\/\/www.facebook.com\/TrgovinaClair\/","article_modified_time":"2025-09-29T18:13:39+00:00","og_image":[{"width":825,"height":725,"url":"https:\/\/clair.si\/wp-content\/uploads\/2022\/10\/70102-brzda-kavalkade-navadna-2x-lomljena.jpg","type":"image\/jpeg"}],"twitter_card":"summary_large_image","twitter_misc":{"Procijenjeno vrijeme \u010ditanja":"1 minuta"},"schema":{"@context":"https:\/\/schema.org","@graph":[{"@type":"WebPage","@id":"https:\/\/clair.si\/hr\/izdelek\/dvostruko-lomljena-obicna-zvala-kavalkade-16\/","url":"https:\/\/clair.si\/hr\/izdelek\/dvostruko-lomljena-obicna-zvala-kavalkade-16\/","name":"Dvostruko lomljena obi\u010dna \u017evala Kavalkade 16 - Clair","isPartOf":{"@id":"https:\/\/clair.si\/#website"},"primaryImageOfPage":{"@id":"https:\/\/clair.si\/hr\/izdelek\/dvostruko-lomljena-obicna-zvala-kavalkade-16\/#primaryimage"},"image":{"@id":"https:\/\/clair.si\/hr\/izdelek\/dvostruko-lomljena-obicna-zvala-kavalkade-16\/#primaryimage"},"thumbnailUrl":"https:\/\/clair.si\/wp-content\/uploads\/2022\/10\/70102-brzda-kavalkade-navadna-2x-lomljena.webp","datePublished":"2022-10-03T07:48:53+00:00","dateModified":"2025-09-29T18:13:39+00:00","description":"-1214","breadcrumb":{"@id":"https:\/\/clair.si\/hr\/izdelek\/dvostruko-lomljena-obicna-zvala-kavalkade-16\/#breadcrumb"},"inLanguage":"hr","potentialAction":[{"@type":"ReadAction","target":["https:\/\/clair.si\/hr\/izdelek\/dvostruko-lomljena-obicna-zvala-kavalkade-16\/"]}]},{"@type":"ImageObject","inLanguage":"hr","@id":"https:\/\/clair.si\/hr\/izdelek\/dvostruko-lomljena-obicna-zvala-kavalkade-16\/#primaryimage","url":"https:\/\/clair.si\/wp-content\/uploads\/2022\/10\/70102-brzda-kavalkade-navadna-2x-lomljena.webp","contentUrl":"https:\/\/clair.si\/wp-content\/uploads\/2022\/10\/70102-brzda-kavalkade-navadna-2x-lomljena.webp","width":825,"height":725,"caption":"2x lomljena navadna brzda Kavalkade"},{"@type":"BreadcrumbList","@id":"https:\/\/clair.si\/hr\/izdelek\/dvostruko-lomljena-obicna-zvala-kavalkade-16\/#breadcrumb","itemListElement":[{"@type":"ListItem","position":1,"name":"Home","item":"https:\/\/clair.si\/hr\/"},{"@type":"ListItem","position":2,"name":"Trgovina","item":"https:\/\/clair.si\/trgovina\/"},{"@type":"ListItem","position":3,"name":"Dvostruko lomljena obi\u010dna \u017evala Kavalkade 16"}]},{"@type":"WebSite","@id":"https:\/\/clair.si\/#website","url":"https:\/\/clair.si\/","name":"Clair","description":"Trgovina s konjeni\u0161ko opremo","publisher":{"@id":"https:\/\/clair.si\/#organization"},"potentialAction":[{"@type":"SearchAction","target":{"@type":"EntryPoint","urlTemplate":"https:\/\/clair.si\/?s={search_term_string}"},"query-input":{"@type":"PropertyValueSpecification","valueRequired":true,"valueName":"search_term_string"}}],"inLanguage":"hr"},{"@type":"Organization","@id":"https:\/\/clair.si\/#organization","name":"Clair","url":"https:\/\/clair.si\/","logo":{"@type":"ImageObject","inLanguage":"hr","@id":"https:\/\/clair.si\/#\/schema\/logo\/image\/","url":"https:\/\/clair.si\/wp-content\/uploads\/2022\/11\/clair_logo_2022.jpg","contentUrl":"https:\/\/clair.si\/wp-content\/uploads\/2022\/11\/clair_logo_2022.jpg","width":1920,"height":1920,"caption":"Clair"},"image":{"@id":"https:\/\/clair.si\/#\/schema\/logo\/image\/"},"sameAs":["https:\/\/www.facebook.com\/TrgovinaClair\/"]}]}},"_links":{"self":[{"href":"https:\/\/clair.si\/hr\/wp-json\/wp\/v2\/product\/102324","targetHints":{"allow":["GET"]}}],"collection":[{"href":"https:\/\/clair.si\/hr\/wp-json\/wp\/v2\/product"}],"about":[{"href":"https:\/\/clair.si\/hr\/wp-json\/wp\/v2\/types\/product"}],"version-history":[{"count":4,"href":"https:\/\/clair.si\/hr\/wp-json\/wp\/v2\/product\/102324\/revisions"}],"predecessor-version":[{"id":115373,"href":"https:\/\/clair.si\/hr\/wp-json\/wp\/v2\/product\/102324\/revisions\/115373"}],"wp:featuredmedia":[{"embeddable":true,"href":"https:\/\/clair.si\/hr\/wp-json\/wp\/v2\/media\/102332"}],"wp:attachment":[{"href":"https:\/\/clair.si\/hr\/wp-json\/wp\/v2\/media?parent=102324"}],"wp:term":[{"taxonomy":"product_brand","embeddable":true,"href":"https:\/\/clair.si\/hr\/wp-json\/wp\/v2\/product_brand?post=102324"},{"taxonomy":"product_cat","embeddable":true,"href":"https:\/\/clair.si\/hr\/wp-json\/wp\/v2\/product_cat?post=102324"},{"taxonomy":"product_tag","embeddable":true,"href":"https:\/\/clair.si\/hr\/wp-json\/wp\/v2\/product_tag?post=102324"}],"curies":[{"name":"wp","href":"https:\/\/api.w.org\/{rel}","templated":true}]}}