{"id":102351,"date":"2022-09-30T10:50:55","date_gmt":"2022-09-30T08:50:55","guid":{"rendered":"https:\/\/clair.si\/izdelek\/podloga-za-sedlo-kavalkade-lamb\/"},"modified":"2025-08-28T08:08:15","modified_gmt":"2025-08-28T06:08:15","slug":"podloga-za-sedlo-kavalkade-lamb","status":"publish","type":"product","link":"https:\/\/clair.si\/hr\/izdelek\/podloga-za-sedlo-kavalkade-lamb\/","title":{"rendered":"Podloga za sedlo Kavalkade Lamb"},"content":{"rendered":"<p><strong>Podloga za sedlo Kavalkade Lamb<\/strong> napravljena od <strong>prave<\/strong> <strong>ov\u010dje<\/strong> <strong>ko\u017ee<\/strong>, koja nudi idealnu <strong>za\u0161titu<\/strong> od prele\u017eanina ili trljanja. Prirodna ov\u010dja ko\u017ea <strong>pospje\u0161uje<\/strong> <strong>prokrvljenost<\/strong> i stvara <strong>jednakomjeran pritisak<\/strong>. Zbog prirodnog izvora ne dolazi do pregrijavanja konjeve ko\u017ee.  <\/p>\n<p>-od prave ov\u010dje ko\u017ee<br \/>\n-bez dodatnih d\u017eepova<br \/>\n-s vidljivim rubom od ov\u010dje ko\u017ee<br \/>\n-perivo na 30 \u00b0C<br \/>\n-dostupno u dvije veli\u010dine M=55cm (do 17,5&#8243;) i L=62cm (od 18&#8243;)<\/p>\n","protected":false},"excerpt":{"rendered":"<p><img loading=\"lazy\" decoding=\"async\" class=\"alignnone size-full wp-image-14077\" src=\"https:\/\/clair.si\/wp-content\/uploads\/2022\/09\/real_lambskin.webp\" alt=\"\" width=\"100\" height=\"100\"><\/p>\n","protected":false},"featured_media":102353,"template":"","meta":{"footnotes":""},"product_brand":[],"product_cat":[5624,5984,5726],"product_tag":[],"class_list":{"0":"post-102351","1":"product","2":"type-product","3":"status-publish","4":"has-post-thumbnail","6":"product_cat-konj-hr","7":"product_cat-podloge-za-sedlo-i-gelovi","8":"product_cat-podsedlice-i-kapice-za-usi","10":"first","11":"instock","12":"sale","13":"shipping-taxable","14":"purchasable","15":"product-type-variable"},"yoast_head":"<!-- This site is optimized with the Yoast SEO plugin v27.4 - https:\/\/yoast.com\/product\/yoast-seo-wordpress\/ -->\n<title>Podloga za sedlo Kavalkade Lamb - Clair<\/title>\n<meta name=\"description\" content=\"Podloga za sedlo Kavalkade Lamb je podloga od prirodne ov\u010dje ko\u017ee, koja nudi odli\u010dnu udobnost i prianjanje va\u0161em konju. Osigurajte si svoju u na\u0161oj trgovini!\" \/>\n<meta name=\"robots\" content=\"index, follow, max-snippet:-1, max-image-preview:large, max-video-preview:-1\" \/>\n<link rel=\"canonical\" href=\"https:\/\/clair.si\/hr\/izdelek\/podloga-za-sedlo-kavalkade-lamb\/\" \/>\n<meta property=\"og:locale\" content=\"hr_HR\" \/>\n<meta property=\"og:type\" content=\"article\" \/>\n<meta property=\"og:title\" content=\"Podloga za sedlo Kavalkade Lamb - Clair\" \/>\n<meta property=\"og:description\" content=\"Podloga za sedlo Kavalkade Lamb je podloga od prirodne ov\u010dje ko\u017ee, koja nudi odli\u010dnu udobnost i prianjanje va\u0161em konju. Osigurajte si svoju u na\u0161oj trgovini!\" \/>\n<meta property=\"og:url\" content=\"https:\/\/clair.si\/hr\/izdelek\/podloga-za-sedlo-kavalkade-lamb\/\" \/>\n<meta property=\"og:site_name\" content=\"Clair\" \/>\n<meta property=\"article:publisher\" content=\"https:\/\/www.facebook.com\/TrgovinaClair\/\" \/>\n<meta property=\"article:modified_time\" content=\"2025-08-28T06:08:15+00:00\" \/>\n<meta property=\"og:image\" content=\"https:\/\/clair.si\/wp-content\/uploads\/2022\/09\/13405_01-kavalkade-podloga-za-sedlo-hrbet-Lamb.jpg\" \/>\n\t<meta property=\"og:image:width\" content=\"825\" \/>\n\t<meta property=\"og:image:height\" content=\"725\" \/>\n\t<meta property=\"og:image:type\" content=\"image\/jpeg\" \/>\n<meta name=\"twitter:card\" content=\"summary_large_image\" \/>\n<script type=\"application\/ld+json\" class=\"yoast-schema-graph\">{\"@context\":\"https:\\\/\\\/schema.org\",\"@graph\":[{\"@type\":\"WebPage\",\"@id\":\"https:\\\/\\\/clair.si\\\/hr\\\/izdelek\\\/podloga-za-sedlo-kavalkade-lamb\\\/\",\"url\":\"https:\\\/\\\/clair.si\\\/hr\\\/izdelek\\\/podloga-za-sedlo-kavalkade-lamb\\\/\",\"name\":\"Podloga za sedlo Kavalkade Lamb - Clair\",\"isPartOf\":{\"@id\":\"https:\\\/\\\/clair.si\\\/#website\"},\"primaryImageOfPage\":{\"@id\":\"https:\\\/\\\/clair.si\\\/hr\\\/izdelek\\\/podloga-za-sedlo-kavalkade-lamb\\\/#primaryimage\"},\"image\":{\"@id\":\"https:\\\/\\\/clair.si\\\/hr\\\/izdelek\\\/podloga-za-sedlo-kavalkade-lamb\\\/#primaryimage\"},\"thumbnailUrl\":\"https:\\\/\\\/clair.si\\\/wp-content\\\/uploads\\\/2022\\\/09\\\/13405_01-kavalkade-podloga-za-sedlo-hrbet-Lamb.webp\",\"datePublished\":\"2022-09-30T08:50:55+00:00\",\"dateModified\":\"2025-08-28T06:08:15+00:00\",\"description\":\"Podloga za sedlo Kavalkade Lamb je podloga od prirodne ov\u010dje ko\u017ee, koja nudi odli\u010dnu udobnost i prianjanje va\u0161em konju. Osigurajte si svoju u na\u0161oj trgovini!\",\"breadcrumb\":{\"@id\":\"https:\\\/\\\/clair.si\\\/hr\\\/izdelek\\\/podloga-za-sedlo-kavalkade-lamb\\\/#breadcrumb\"},\"inLanguage\":\"hr\",\"potentialAction\":[{\"@type\":\"ReadAction\",\"target\":[\"https:\\\/\\\/clair.si\\\/hr\\\/izdelek\\\/podloga-za-sedlo-kavalkade-lamb\\\/\"]}]},{\"@type\":\"ImageObject\",\"inLanguage\":\"hr\",\"@id\":\"https:\\\/\\\/clair.si\\\/hr\\\/izdelek\\\/podloga-za-sedlo-kavalkade-lamb\\\/#primaryimage\",\"url\":\"https:\\\/\\\/clair.si\\\/wp-content\\\/uploads\\\/2022\\\/09\\\/13405_01-kavalkade-podloga-za-sedlo-hrbet-Lamb.webp\",\"contentUrl\":\"https:\\\/\\\/clair.si\\\/wp-content\\\/uploads\\\/2022\\\/09\\\/13405_01-kavalkade-podloga-za-sedlo-hrbet-Lamb.webp\",\"width\":825,\"height\":725,\"caption\":\"Podloga za sedlo Kavalkade Lamb\"},{\"@type\":\"BreadcrumbList\",\"@id\":\"https:\\\/\\\/clair.si\\\/hr\\\/izdelek\\\/podloga-za-sedlo-kavalkade-lamb\\\/#breadcrumb\",\"itemListElement\":[{\"@type\":\"ListItem\",\"position\":1,\"name\":\"Home\",\"item\":\"https:\\\/\\\/clair.si\\\/hr\\\/\"},{\"@type\":\"ListItem\",\"position\":2,\"name\":\"Trgovina\",\"item\":\"https:\\\/\\\/clair.si\\\/trgovina\\\/\"},{\"@type\":\"ListItem\",\"position\":3,\"name\":\"Podloga za sedlo Kavalkade Lamb\"}]},{\"@type\":\"WebSite\",\"@id\":\"https:\\\/\\\/clair.si\\\/#website\",\"url\":\"https:\\\/\\\/clair.si\\\/\",\"name\":\"Clair\",\"description\":\"Trgovina s konjeni\u0161ko opremo\",\"publisher\":{\"@id\":\"https:\\\/\\\/clair.si\\\/#organization\"},\"potentialAction\":[{\"@type\":\"SearchAction\",\"target\":{\"@type\":\"EntryPoint\",\"urlTemplate\":\"https:\\\/\\\/clair.si\\\/?s={search_term_string}\"},\"query-input\":{\"@type\":\"PropertyValueSpecification\",\"valueRequired\":true,\"valueName\":\"search_term_string\"}}],\"inLanguage\":\"hr\"},{\"@type\":\"Organization\",\"@id\":\"https:\\\/\\\/clair.si\\\/#organization\",\"name\":\"Clair\",\"url\":\"https:\\\/\\\/clair.si\\\/\",\"logo\":{\"@type\":\"ImageObject\",\"inLanguage\":\"hr\",\"@id\":\"https:\\\/\\\/clair.si\\\/#\\\/schema\\\/logo\\\/image\\\/\",\"url\":\"https:\\\/\\\/clair.si\\\/wp-content\\\/uploads\\\/2022\\\/11\\\/clair_logo_2022.jpg\",\"contentUrl\":\"https:\\\/\\\/clair.si\\\/wp-content\\\/uploads\\\/2022\\\/11\\\/clair_logo_2022.jpg\",\"width\":1920,\"height\":1920,\"caption\":\"Clair\"},\"image\":{\"@id\":\"https:\\\/\\\/clair.si\\\/#\\\/schema\\\/logo\\\/image\\\/\"},\"sameAs\":[\"https:\\\/\\\/www.facebook.com\\\/TrgovinaClair\\\/\"]}]}<\/script>\n<!-- \/ Yoast SEO plugin. -->","yoast_head_json":{"title":"Podloga za sedlo Kavalkade Lamb - Clair","description":"Podloga za sedlo Kavalkade Lamb je podloga od prirodne ov\u010dje ko\u017ee, koja nudi odli\u010dnu udobnost i prianjanje va\u0161em konju. Osigurajte si svoju u na\u0161oj trgovini!","robots":{"index":"index","follow":"follow","max-snippet":"max-snippet:-1","max-image-preview":"max-image-preview:large","max-video-preview":"max-video-preview:-1"},"canonical":"https:\/\/clair.si\/hr\/izdelek\/podloga-za-sedlo-kavalkade-lamb\/","og_locale":"hr_HR","og_type":"article","og_title":"Podloga za sedlo Kavalkade Lamb - Clair","og_description":"Podloga za sedlo Kavalkade Lamb je podloga od prirodne ov\u010dje ko\u017ee, koja nudi odli\u010dnu udobnost i prianjanje va\u0161em konju. Osigurajte si svoju u na\u0161oj trgovini!","og_url":"https:\/\/clair.si\/hr\/izdelek\/podloga-za-sedlo-kavalkade-lamb\/","og_site_name":"Clair","article_publisher":"https:\/\/www.facebook.com\/TrgovinaClair\/","article_modified_time":"2025-08-28T06:08:15+00:00","og_image":[{"width":825,"height":725,"url":"https:\/\/clair.si\/wp-content\/uploads\/2022\/09\/13405_01-kavalkade-podloga-za-sedlo-hrbet-Lamb.jpg","type":"image\/jpeg"}],"twitter_card":"summary_large_image","schema":{"@context":"https:\/\/schema.org","@graph":[{"@type":"WebPage","@id":"https:\/\/clair.si\/hr\/izdelek\/podloga-za-sedlo-kavalkade-lamb\/","url":"https:\/\/clair.si\/hr\/izdelek\/podloga-za-sedlo-kavalkade-lamb\/","name":"Podloga za sedlo Kavalkade Lamb - Clair","isPartOf":{"@id":"https:\/\/clair.si\/#website"},"primaryImageOfPage":{"@id":"https:\/\/clair.si\/hr\/izdelek\/podloga-za-sedlo-kavalkade-lamb\/#primaryimage"},"image":{"@id":"https:\/\/clair.si\/hr\/izdelek\/podloga-za-sedlo-kavalkade-lamb\/#primaryimage"},"thumbnailUrl":"https:\/\/clair.si\/wp-content\/uploads\/2022\/09\/13405_01-kavalkade-podloga-za-sedlo-hrbet-Lamb.webp","datePublished":"2022-09-30T08:50:55+00:00","dateModified":"2025-08-28T06:08:15+00:00","description":"Podloga za sedlo Kavalkade Lamb je podloga od prirodne ov\u010dje ko\u017ee, koja nudi odli\u010dnu udobnost i prianjanje va\u0161em konju. Osigurajte si svoju u na\u0161oj trgovini!","breadcrumb":{"@id":"https:\/\/clair.si\/hr\/izdelek\/podloga-za-sedlo-kavalkade-lamb\/#breadcrumb"},"inLanguage":"hr","potentialAction":[{"@type":"ReadAction","target":["https:\/\/clair.si\/hr\/izdelek\/podloga-za-sedlo-kavalkade-lamb\/"]}]},{"@type":"ImageObject","inLanguage":"hr","@id":"https:\/\/clair.si\/hr\/izdelek\/podloga-za-sedlo-kavalkade-lamb\/#primaryimage","url":"https:\/\/clair.si\/wp-content\/uploads\/2022\/09\/13405_01-kavalkade-podloga-za-sedlo-hrbet-Lamb.webp","contentUrl":"https:\/\/clair.si\/wp-content\/uploads\/2022\/09\/13405_01-kavalkade-podloga-za-sedlo-hrbet-Lamb.webp","width":825,"height":725,"caption":"Podloga za sedlo Kavalkade Lamb"},{"@type":"BreadcrumbList","@id":"https:\/\/clair.si\/hr\/izdelek\/podloga-za-sedlo-kavalkade-lamb\/#breadcrumb","itemListElement":[{"@type":"ListItem","position":1,"name":"Home","item":"https:\/\/clair.si\/hr\/"},{"@type":"ListItem","position":2,"name":"Trgovina","item":"https:\/\/clair.si\/trgovina\/"},{"@type":"ListItem","position":3,"name":"Podloga za sedlo Kavalkade Lamb"}]},{"@type":"WebSite","@id":"https:\/\/clair.si\/#website","url":"https:\/\/clair.si\/","name":"Clair","description":"Trgovina s konjeni\u0161ko opremo","publisher":{"@id":"https:\/\/clair.si\/#organization"},"potentialAction":[{"@type":"SearchAction","target":{"@type":"EntryPoint","urlTemplate":"https:\/\/clair.si\/?s={search_term_string}"},"query-input":{"@type":"PropertyValueSpecification","valueRequired":true,"valueName":"search_term_string"}}],"inLanguage":"hr"},{"@type":"Organization","@id":"https:\/\/clair.si\/#organization","name":"Clair","url":"https:\/\/clair.si\/","logo":{"@type":"ImageObject","inLanguage":"hr","@id":"https:\/\/clair.si\/#\/schema\/logo\/image\/","url":"https:\/\/clair.si\/wp-content\/uploads\/2022\/11\/clair_logo_2022.jpg","contentUrl":"https:\/\/clair.si\/wp-content\/uploads\/2022\/11\/clair_logo_2022.jpg","width":1920,"height":1920,"caption":"Clair"},"image":{"@id":"https:\/\/clair.si\/#\/schema\/logo\/image\/"},"sameAs":["https:\/\/www.facebook.com\/TrgovinaClair\/"]}]}},"_links":{"self":[{"href":"https:\/\/clair.si\/hr\/wp-json\/wp\/v2\/product\/102351","targetHints":{"allow":["GET"]}}],"collection":[{"href":"https:\/\/clair.si\/hr\/wp-json\/wp\/v2\/product"}],"about":[{"href":"https:\/\/clair.si\/hr\/wp-json\/wp\/v2\/types\/product"}],"version-history":[{"count":0,"href":"https:\/\/clair.si\/hr\/wp-json\/wp\/v2\/product\/102351\/revisions"}],"wp:featuredmedia":[{"embeddable":true,"href":"https:\/\/clair.si\/hr\/wp-json\/wp\/v2\/media\/102353"}],"wp:attachment":[{"href":"https:\/\/clair.si\/hr\/wp-json\/wp\/v2\/media?parent=102351"}],"wp:term":[{"taxonomy":"product_brand","embeddable":true,"href":"https:\/\/clair.si\/hr\/wp-json\/wp\/v2\/product_brand?post=102351"},{"taxonomy":"product_cat","embeddable":true,"href":"https:\/\/clair.si\/hr\/wp-json\/wp\/v2\/product_cat?post=102351"},{"taxonomy":"product_tag","embeddable":true,"href":"https:\/\/clair.si\/hr\/wp-json\/wp\/v2\/product_tag?post=102351"}],"curies":[{"name":"wp","href":"https:\/\/api.w.org\/{rel}","templated":true}]}}