{"id":102384,"date":"2022-09-29T10:29:48","date_gmt":"2022-09-29T08:29:48","guid":{"rendered":"https:\/\/clair.si\/izdelek\/western-uzda-feeling-roller\/"},"modified":"2025-11-09T09:27:53","modified_gmt":"2025-11-09T08:27:53","slug":"western-zvala-feeling-roller","status":"publish","type":"product","link":"https:\/\/clair.si\/hr\/izdelek\/western-zvala-feeling-roller\/","title":{"rendered":"Western \u017evala Feeling Roller"},"content":{"rendered":"<p><strong>Western \u017evala Feeling Roller<\/strong> izra\u0111ena i<span class=\"HwtZe\" lang=\"sl\"><span class=\"jCAhz ChMk0b\"><span class=\"ryNqvb\">od nehr\u0111aju\u0107eg \u010delika s valjkom u sredini i umetcima od bakra. Debljina 11 mm i promjer kolutova 70 mm. <\/span><\/span><\/span><\/p>\n","protected":false},"excerpt":{"rendered":"<p>Western \u017evala Feeling Roller izra\u0111ena iod nehr\u0111aju\u0107eg \u010delika s valjkom u sredini i umetcima od bakra. Debljina 11 mm i<\/p>\n","protected":false},"featured_media":102387,"template":"","meta":{"footnotes":""},"product_brand":[],"product_cat":[5657,5624,5794,6120,5883,5687],"product_tag":[],"class_list":{"0":"post-102384","1":"product","2":"type-product","3":"status-publish","4":"has-post-thumbnail","6":"product_cat-kategorije-hr","7":"product_cat-konj-hr","8":"product_cat-western-hr","9":"product_cat-western-uzde-vodilice-i-zvale","10":"product_cat-western-zvale","11":"product_cat-zvale","13":"first","14":"instock","15":"shipping-taxable","16":"purchasable","17":"product-type-variable"},"yoast_head":"<!-- This site is optimized with the Yoast SEO plugin v27.3 - https:\/\/yoast.com\/product\/yoast-seo-wordpress\/ -->\n<title>Western \u017evala Feeling Roller - Clair<\/title>\n<meta name=\"description\" content=\"Western \u017evala Feeling Roller izra\u0111ena iod nehr\u0111aju\u0107eg \u010delika s valjkom u sredini i umetcima od bakra. Debljina 11 mm i promjer kolutova 70 mm.\" \/>\n<meta name=\"robots\" content=\"index, follow, max-snippet:-1, max-image-preview:large, max-video-preview:-1\" \/>\n<link rel=\"canonical\" href=\"https:\/\/clair.si\/hr\/izdelek\/western-zvala-feeling-roller\/\" \/>\n<meta property=\"og:locale\" content=\"hr_HR\" \/>\n<meta property=\"og:type\" content=\"article\" \/>\n<meta property=\"og:title\" content=\"Western \u017evala Feeling Roller - Clair\" \/>\n<meta property=\"og:description\" content=\"Western \u017evala Feeling Roller izra\u0111ena iod nehr\u0111aju\u0107eg \u010delika s valjkom u sredini i umetcima od bakra. Debljina 11 mm i promjer kolutova 70 mm.\" \/>\n<meta property=\"og:url\" content=\"https:\/\/clair.si\/hr\/izdelek\/western-zvala-feeling-roller\/\" \/>\n<meta property=\"og:site_name\" content=\"Clair\" \/>\n<meta property=\"article:publisher\" content=\"https:\/\/www.facebook.com\/TrgovinaClair\/\" \/>\n<meta property=\"article:modified_time\" content=\"2025-11-09T08:27:53+00:00\" \/>\n<meta property=\"og:image\" content=\"https:\/\/clair.si\/wp-content\/uploads\/2022\/09\/feeling-western-brzda-roller.jpg\" \/>\n\t<meta property=\"og:image:width\" content=\"800\" \/>\n\t<meta property=\"og:image:height\" content=\"800\" \/>\n\t<meta property=\"og:image:type\" content=\"image\/jpeg\" \/>\n<meta name=\"twitter:card\" content=\"summary_large_image\" \/>\n<meta name=\"twitter:label1\" content=\"Procijenjeno vrijeme \u010ditanja\" \/>\n\t<meta name=\"twitter:data1\" content=\"1 minuta\" \/>\n<script type=\"application\/ld+json\" class=\"yoast-schema-graph\">{\"@context\":\"https:\\\/\\\/schema.org\",\"@graph\":[{\"@type\":\"WebPage\",\"@id\":\"https:\\\/\\\/clair.si\\\/hr\\\/izdelek\\\/western-zvala-feeling-roller\\\/\",\"url\":\"https:\\\/\\\/clair.si\\\/hr\\\/izdelek\\\/western-zvala-feeling-roller\\\/\",\"name\":\"Western \u017evala Feeling Roller - Clair\",\"isPartOf\":{\"@id\":\"https:\\\/\\\/clair.si\\\/#website\"},\"primaryImageOfPage\":{\"@id\":\"https:\\\/\\\/clair.si\\\/hr\\\/izdelek\\\/western-zvala-feeling-roller\\\/#primaryimage\"},\"image\":{\"@id\":\"https:\\\/\\\/clair.si\\\/hr\\\/izdelek\\\/western-zvala-feeling-roller\\\/#primaryimage\"},\"thumbnailUrl\":\"https:\\\/\\\/clair.si\\\/wp-content\\\/uploads\\\/2022\\\/09\\\/feeling-western-brzda-roller.webp\",\"datePublished\":\"2022-09-29T08:29:48+00:00\",\"dateModified\":\"2025-11-09T08:27:53+00:00\",\"description\":\"Western \u017evala Feeling Roller izra\u0111ena iod nehr\u0111aju\u0107eg \u010delika s valjkom u sredini i umetcima od bakra. Debljina 11 mm i promjer kolutova 70 mm.\",\"breadcrumb\":{\"@id\":\"https:\\\/\\\/clair.si\\\/hr\\\/izdelek\\\/western-zvala-feeling-roller\\\/#breadcrumb\"},\"inLanguage\":\"hr\",\"potentialAction\":[{\"@type\":\"ReadAction\",\"target\":[\"https:\\\/\\\/clair.si\\\/hr\\\/izdelek\\\/western-zvala-feeling-roller\\\/\"]}]},{\"@type\":\"ImageObject\",\"inLanguage\":\"hr\",\"@id\":\"https:\\\/\\\/clair.si\\\/hr\\\/izdelek\\\/western-zvala-feeling-roller\\\/#primaryimage\",\"url\":\"https:\\\/\\\/clair.si\\\/wp-content\\\/uploads\\\/2022\\\/09\\\/feeling-western-brzda-roller.webp\",\"contentUrl\":\"https:\\\/\\\/clair.si\\\/wp-content\\\/uploads\\\/2022\\\/09\\\/feeling-western-brzda-roller.webp\",\"width\":800,\"height\":800,\"caption\":\"Western brzda Feeling Roller.\"},{\"@type\":\"BreadcrumbList\",\"@id\":\"https:\\\/\\\/clair.si\\\/hr\\\/izdelek\\\/western-zvala-feeling-roller\\\/#breadcrumb\",\"itemListElement\":[{\"@type\":\"ListItem\",\"position\":1,\"name\":\"Home\",\"item\":\"https:\\\/\\\/clair.si\\\/hr\\\/\"},{\"@type\":\"ListItem\",\"position\":2,\"name\":\"Trgovina\",\"item\":\"https:\\\/\\\/clair.si\\\/trgovina\\\/\"},{\"@type\":\"ListItem\",\"position\":3,\"name\":\"Western \u017evala Feeling Roller\"}]},{\"@type\":\"WebSite\",\"@id\":\"https:\\\/\\\/clair.si\\\/#website\",\"url\":\"https:\\\/\\\/clair.si\\\/\",\"name\":\"Clair\",\"description\":\"Trgovina s konjeni\u0161ko opremo\",\"publisher\":{\"@id\":\"https:\\\/\\\/clair.si\\\/#organization\"},\"potentialAction\":[{\"@type\":\"SearchAction\",\"target\":{\"@type\":\"EntryPoint\",\"urlTemplate\":\"https:\\\/\\\/clair.si\\\/?s={search_term_string}\"},\"query-input\":{\"@type\":\"PropertyValueSpecification\",\"valueRequired\":true,\"valueName\":\"search_term_string\"}}],\"inLanguage\":\"hr\"},{\"@type\":\"Organization\",\"@id\":\"https:\\\/\\\/clair.si\\\/#organization\",\"name\":\"Clair\",\"url\":\"https:\\\/\\\/clair.si\\\/\",\"logo\":{\"@type\":\"ImageObject\",\"inLanguage\":\"hr\",\"@id\":\"https:\\\/\\\/clair.si\\\/#\\\/schema\\\/logo\\\/image\\\/\",\"url\":\"https:\\\/\\\/clair.si\\\/wp-content\\\/uploads\\\/2022\\\/11\\\/clair_logo_2022.jpg\",\"contentUrl\":\"https:\\\/\\\/clair.si\\\/wp-content\\\/uploads\\\/2022\\\/11\\\/clair_logo_2022.jpg\",\"width\":1920,\"height\":1920,\"caption\":\"Clair\"},\"image\":{\"@id\":\"https:\\\/\\\/clair.si\\\/#\\\/schema\\\/logo\\\/image\\\/\"},\"sameAs\":[\"https:\\\/\\\/www.facebook.com\\\/TrgovinaClair\\\/\"]}]}<\/script>\n<!-- \/ Yoast SEO plugin. -->","yoast_head_json":{"title":"Western \u017evala Feeling Roller - Clair","description":"Western \u017evala Feeling Roller izra\u0111ena iod nehr\u0111aju\u0107eg \u010delika s valjkom u sredini i umetcima od bakra. Debljina 11 mm i promjer kolutova 70 mm.","robots":{"index":"index","follow":"follow","max-snippet":"max-snippet:-1","max-image-preview":"max-image-preview:large","max-video-preview":"max-video-preview:-1"},"canonical":"https:\/\/clair.si\/hr\/izdelek\/western-zvala-feeling-roller\/","og_locale":"hr_HR","og_type":"article","og_title":"Western \u017evala Feeling Roller - Clair","og_description":"Western \u017evala Feeling Roller izra\u0111ena iod nehr\u0111aju\u0107eg \u010delika s valjkom u sredini i umetcima od bakra. Debljina 11 mm i promjer kolutova 70 mm.","og_url":"https:\/\/clair.si\/hr\/izdelek\/western-zvala-feeling-roller\/","og_site_name":"Clair","article_publisher":"https:\/\/www.facebook.com\/TrgovinaClair\/","article_modified_time":"2025-11-09T08:27:53+00:00","og_image":[{"width":800,"height":800,"url":"https:\/\/clair.si\/wp-content\/uploads\/2022\/09\/feeling-western-brzda-roller.jpg","type":"image\/jpeg"}],"twitter_card":"summary_large_image","twitter_misc":{"Procijenjeno vrijeme \u010ditanja":"1 minuta"},"schema":{"@context":"https:\/\/schema.org","@graph":[{"@type":"WebPage","@id":"https:\/\/clair.si\/hr\/izdelek\/western-zvala-feeling-roller\/","url":"https:\/\/clair.si\/hr\/izdelek\/western-zvala-feeling-roller\/","name":"Western \u017evala Feeling Roller - Clair","isPartOf":{"@id":"https:\/\/clair.si\/#website"},"primaryImageOfPage":{"@id":"https:\/\/clair.si\/hr\/izdelek\/western-zvala-feeling-roller\/#primaryimage"},"image":{"@id":"https:\/\/clair.si\/hr\/izdelek\/western-zvala-feeling-roller\/#primaryimage"},"thumbnailUrl":"https:\/\/clair.si\/wp-content\/uploads\/2022\/09\/feeling-western-brzda-roller.webp","datePublished":"2022-09-29T08:29:48+00:00","dateModified":"2025-11-09T08:27:53+00:00","description":"Western \u017evala Feeling Roller izra\u0111ena iod nehr\u0111aju\u0107eg \u010delika s valjkom u sredini i umetcima od bakra. Debljina 11 mm i promjer kolutova 70 mm.","breadcrumb":{"@id":"https:\/\/clair.si\/hr\/izdelek\/western-zvala-feeling-roller\/#breadcrumb"},"inLanguage":"hr","potentialAction":[{"@type":"ReadAction","target":["https:\/\/clair.si\/hr\/izdelek\/western-zvala-feeling-roller\/"]}]},{"@type":"ImageObject","inLanguage":"hr","@id":"https:\/\/clair.si\/hr\/izdelek\/western-zvala-feeling-roller\/#primaryimage","url":"https:\/\/clair.si\/wp-content\/uploads\/2022\/09\/feeling-western-brzda-roller.webp","contentUrl":"https:\/\/clair.si\/wp-content\/uploads\/2022\/09\/feeling-western-brzda-roller.webp","width":800,"height":800,"caption":"Western brzda Feeling Roller."},{"@type":"BreadcrumbList","@id":"https:\/\/clair.si\/hr\/izdelek\/western-zvala-feeling-roller\/#breadcrumb","itemListElement":[{"@type":"ListItem","position":1,"name":"Home","item":"https:\/\/clair.si\/hr\/"},{"@type":"ListItem","position":2,"name":"Trgovina","item":"https:\/\/clair.si\/trgovina\/"},{"@type":"ListItem","position":3,"name":"Western \u017evala Feeling Roller"}]},{"@type":"WebSite","@id":"https:\/\/clair.si\/#website","url":"https:\/\/clair.si\/","name":"Clair","description":"Trgovina s konjeni\u0161ko opremo","publisher":{"@id":"https:\/\/clair.si\/#organization"},"potentialAction":[{"@type":"SearchAction","target":{"@type":"EntryPoint","urlTemplate":"https:\/\/clair.si\/?s={search_term_string}"},"query-input":{"@type":"PropertyValueSpecification","valueRequired":true,"valueName":"search_term_string"}}],"inLanguage":"hr"},{"@type":"Organization","@id":"https:\/\/clair.si\/#organization","name":"Clair","url":"https:\/\/clair.si\/","logo":{"@type":"ImageObject","inLanguage":"hr","@id":"https:\/\/clair.si\/#\/schema\/logo\/image\/","url":"https:\/\/clair.si\/wp-content\/uploads\/2022\/11\/clair_logo_2022.jpg","contentUrl":"https:\/\/clair.si\/wp-content\/uploads\/2022\/11\/clair_logo_2022.jpg","width":1920,"height":1920,"caption":"Clair"},"image":{"@id":"https:\/\/clair.si\/#\/schema\/logo\/image\/"},"sameAs":["https:\/\/www.facebook.com\/TrgovinaClair\/"]}]}},"_links":{"self":[{"href":"https:\/\/clair.si\/hr\/wp-json\/wp\/v2\/product\/102384","targetHints":{"allow":["GET"]}}],"collection":[{"href":"https:\/\/clair.si\/hr\/wp-json\/wp\/v2\/product"}],"about":[{"href":"https:\/\/clair.si\/hr\/wp-json\/wp\/v2\/types\/product"}],"version-history":[{"count":5,"href":"https:\/\/clair.si\/hr\/wp-json\/wp\/v2\/product\/102384\/revisions"}],"predecessor-version":[{"id":115372,"href":"https:\/\/clair.si\/hr\/wp-json\/wp\/v2\/product\/102384\/revisions\/115372"}],"wp:featuredmedia":[{"embeddable":true,"href":"https:\/\/clair.si\/hr\/wp-json\/wp\/v2\/media\/102387"}],"wp:attachment":[{"href":"https:\/\/clair.si\/hr\/wp-json\/wp\/v2\/media?parent=102384"}],"wp:term":[{"taxonomy":"product_brand","embeddable":true,"href":"https:\/\/clair.si\/hr\/wp-json\/wp\/v2\/product_brand?post=102384"},{"taxonomy":"product_cat","embeddable":true,"href":"https:\/\/clair.si\/hr\/wp-json\/wp\/v2\/product_cat?post=102384"},{"taxonomy":"product_tag","embeddable":true,"href":"https:\/\/clair.si\/hr\/wp-json\/wp\/v2\/product_tag?post=102384"}],"curies":[{"name":"wp","href":"https:\/\/api.w.org\/{rel}","templated":true}]}}