{"id":102396,"date":"2022-09-27T15:47:25","date_gmt":"2022-09-27T13:47:25","guid":{"rendered":"https:\/\/clair.si\/izdelek\/western-uzda-randols-two-tone\/"},"modified":"2025-09-27T09:32:40","modified_gmt":"2025-09-27T07:32:40","slug":"western-uzda-randols-two-tone","status":"publish","type":"product","link":"https:\/\/clair.si\/hr\/izdelek\/western-uzda-randols-two-tone\/","title":{"rendered":"Western uzda Randol&#8217;s Two Tone"},"content":{"rendered":"<p><strong>Western uzda Randol&#8217;s Two Tone<\/strong> izra\u0111ena je od visokokvalitetne <strong>bivolje<\/strong> <strong>ko\u017ee<\/strong>. Vrlo je <strong>prilagodljiva<\/strong> i mekano <strong>podstavljena<\/strong> te <strong>pro\u0161irena<\/strong>, \u0161to omogu\u0107uje dodatnu <strong>udobnost<\/strong>. Izgled lijepo upotpunjuju <strong>ukrasni<\/strong> <strong>\u0161avovi<\/strong> i <strong>reljefni<\/strong> <strong>uzorak<\/strong>, a to\u010dku na i dodaje kontrast prirodne boje ko\u017ee. Bo\u010dni remeni i vodilice se <strong>pri\u010dvr\u0161\u0107uju<\/strong> <strong>vijcima<\/strong>. Kop\u010de i vijci su u srebrnoj boji. U cijenu su uklju\u010dene i vodilice.     <\/p>\n","protected":false},"excerpt":{"rendered":"<p>Western uzda Randol&#8217;s Two Tone izra\u0111ena je od visokokvalitetne bivolje ko\u017ee. Vrlo je prilagodljiva i mekano podstavljena te pro\u0161irena, \u0161to<\/p>\n","protected":false},"featured_media":102399,"template":"","meta":{"footnotes":""},"product_brand":[],"product_cat":[5657,5624,5697,5794,6119,6120],"product_tag":[],"class_list":{"0":"post-102396","1":"product","2":"type-product","3":"status-publish","4":"has-post-thumbnail","6":"product_cat-kategorije-hr","7":"product_cat-konj-hr","8":"product_cat-uzde-i-dizgini","9":"product_cat-western-hr","10":"product_cat-western-uzde-i-vodilice","11":"product_cat-western-uzde-vodilice-i-zvale","13":"first","14":"instock","15":"featured","16":"shipping-taxable","17":"purchasable","18":"product-type-simple"},"yoast_head":"<!-- This site is optimized with the Yoast SEO plugin v27.3 - https:\/\/yoast.com\/product\/yoast-seo-wordpress\/ -->\n<title>Western uzda Randol&#039;s Two Tone - Clair<\/title>\n<meta name=\"description\" content=\"Western uzda Randol&#039;s Two Tone vrhunske kvalitete, precizne izrade, omogu\u0107uje va\u0161em konju svu udobnost koja mu je potrebna. Provjerite ponudu u na\u0161oj trgovini!\" \/>\n<meta name=\"robots\" content=\"index, follow, max-snippet:-1, max-image-preview:large, max-video-preview:-1\" \/>\n<link rel=\"canonical\" href=\"https:\/\/clair.si\/hr\/izdelek\/western-uzda-randols-two-tone\/\" \/>\n<meta property=\"og:locale\" content=\"hr_HR\" \/>\n<meta property=\"og:type\" content=\"article\" \/>\n<meta property=\"og:title\" content=\"Western uzda Randol&#039;s Two Tone - Clair\" \/>\n<meta property=\"og:description\" content=\"Western uzda Randol&#039;s Two Tone vrhunske kvalitete, precizne izrade, omogu\u0107uje va\u0161em konju svu udobnost koja mu je potrebna. Provjerite ponudu u na\u0161oj trgovini!\" \/>\n<meta property=\"og:url\" content=\"https:\/\/clair.si\/hr\/izdelek\/western-uzda-randols-two-tone\/\" \/>\n<meta property=\"og:site_name\" content=\"Clair\" \/>\n<meta property=\"article:publisher\" content=\"https:\/\/www.facebook.com\/TrgovinaClair\/\" \/>\n<meta property=\"article:modified_time\" content=\"2025-09-27T07:32:40+00:00\" \/>\n<meta property=\"og:image\" content=\"https:\/\/clair.si\/wp-content\/uploads\/2022\/09\/randol-s-two-tone-western-uzda-rjava.jpg\" \/>\n\t<meta property=\"og:image:width\" content=\"800\" \/>\n\t<meta property=\"og:image:height\" content=\"800\" \/>\n\t<meta property=\"og:image:type\" content=\"image\/jpeg\" \/>\n<meta name=\"twitter:card\" content=\"summary_large_image\" \/>\n<script type=\"application\/ld+json\" class=\"yoast-schema-graph\">{\"@context\":\"https:\\\/\\\/schema.org\",\"@graph\":[{\"@type\":\"WebPage\",\"@id\":\"https:\\\/\\\/clair.si\\\/hr\\\/izdelek\\\/western-uzda-randols-two-tone\\\/\",\"url\":\"https:\\\/\\\/clair.si\\\/hr\\\/izdelek\\\/western-uzda-randols-two-tone\\\/\",\"name\":\"Western uzda Randol's Two Tone - Clair\",\"isPartOf\":{\"@id\":\"https:\\\/\\\/clair.si\\\/#website\"},\"primaryImageOfPage\":{\"@id\":\"https:\\\/\\\/clair.si\\\/hr\\\/izdelek\\\/western-uzda-randols-two-tone\\\/#primaryimage\"},\"image\":{\"@id\":\"https:\\\/\\\/clair.si\\\/hr\\\/izdelek\\\/western-uzda-randols-two-tone\\\/#primaryimage\"},\"thumbnailUrl\":\"https:\\\/\\\/clair.si\\\/wp-content\\\/uploads\\\/2022\\\/09\\\/randol-s-two-tone-western-uzda-rjava.webp\",\"datePublished\":\"2022-09-27T13:47:25+00:00\",\"dateModified\":\"2025-09-27T07:32:40+00:00\",\"description\":\"Western uzda Randol's Two Tone vrhunske kvalitete, precizne izrade, omogu\u0107uje va\u0161em konju svu udobnost koja mu je potrebna. Provjerite ponudu u na\u0161oj trgovini!\",\"breadcrumb\":{\"@id\":\"https:\\\/\\\/clair.si\\\/hr\\\/izdelek\\\/western-uzda-randols-two-tone\\\/#breadcrumb\"},\"inLanguage\":\"hr\",\"potentialAction\":[{\"@type\":\"ReadAction\",\"target\":[\"https:\\\/\\\/clair.si\\\/hr\\\/izdelek\\\/western-uzda-randols-two-tone\\\/\"]}]},{\"@type\":\"ImageObject\",\"inLanguage\":\"hr\",\"@id\":\"https:\\\/\\\/clair.si\\\/hr\\\/izdelek\\\/western-uzda-randols-two-tone\\\/#primaryimage\",\"url\":\"https:\\\/\\\/clair.si\\\/wp-content\\\/uploads\\\/2022\\\/09\\\/randol-s-two-tone-western-uzda-rjava.webp\",\"contentUrl\":\"https:\\\/\\\/clair.si\\\/wp-content\\\/uploads\\\/2022\\\/09\\\/randol-s-two-tone-western-uzda-rjava.webp\",\"width\":800,\"height\":800,\"caption\":\"Western uzda Two Tone Randol's.\"},{\"@type\":\"BreadcrumbList\",\"@id\":\"https:\\\/\\\/clair.si\\\/hr\\\/izdelek\\\/western-uzda-randols-two-tone\\\/#breadcrumb\",\"itemListElement\":[{\"@type\":\"ListItem\",\"position\":1,\"name\":\"Home\",\"item\":\"https:\\\/\\\/clair.si\\\/hr\\\/\"},{\"@type\":\"ListItem\",\"position\":2,\"name\":\"Trgovina\",\"item\":\"https:\\\/\\\/clair.si\\\/trgovina\\\/\"},{\"@type\":\"ListItem\",\"position\":3,\"name\":\"Western uzda Randol&#8217;s Two Tone\"}]},{\"@type\":\"WebSite\",\"@id\":\"https:\\\/\\\/clair.si\\\/#website\",\"url\":\"https:\\\/\\\/clair.si\\\/\",\"name\":\"Clair\",\"description\":\"Trgovina s konjeni\u0161ko opremo\",\"publisher\":{\"@id\":\"https:\\\/\\\/clair.si\\\/#organization\"},\"potentialAction\":[{\"@type\":\"SearchAction\",\"target\":{\"@type\":\"EntryPoint\",\"urlTemplate\":\"https:\\\/\\\/clair.si\\\/?s={search_term_string}\"},\"query-input\":{\"@type\":\"PropertyValueSpecification\",\"valueRequired\":true,\"valueName\":\"search_term_string\"}}],\"inLanguage\":\"hr\"},{\"@type\":\"Organization\",\"@id\":\"https:\\\/\\\/clair.si\\\/#organization\",\"name\":\"Clair\",\"url\":\"https:\\\/\\\/clair.si\\\/\",\"logo\":{\"@type\":\"ImageObject\",\"inLanguage\":\"hr\",\"@id\":\"https:\\\/\\\/clair.si\\\/#\\\/schema\\\/logo\\\/image\\\/\",\"url\":\"https:\\\/\\\/clair.si\\\/wp-content\\\/uploads\\\/2022\\\/11\\\/clair_logo_2022.jpg\",\"contentUrl\":\"https:\\\/\\\/clair.si\\\/wp-content\\\/uploads\\\/2022\\\/11\\\/clair_logo_2022.jpg\",\"width\":1920,\"height\":1920,\"caption\":\"Clair\"},\"image\":{\"@id\":\"https:\\\/\\\/clair.si\\\/#\\\/schema\\\/logo\\\/image\\\/\"},\"sameAs\":[\"https:\\\/\\\/www.facebook.com\\\/TrgovinaClair\\\/\"]}]}<\/script>\n<!-- \/ Yoast SEO plugin. -->","yoast_head_json":{"title":"Western uzda Randol's Two Tone - Clair","description":"Western uzda Randol's Two Tone vrhunske kvalitete, precizne izrade, omogu\u0107uje va\u0161em konju svu udobnost koja mu je potrebna. Provjerite ponudu u na\u0161oj trgovini!","robots":{"index":"index","follow":"follow","max-snippet":"max-snippet:-1","max-image-preview":"max-image-preview:large","max-video-preview":"max-video-preview:-1"},"canonical":"https:\/\/clair.si\/hr\/izdelek\/western-uzda-randols-two-tone\/","og_locale":"hr_HR","og_type":"article","og_title":"Western uzda Randol's Two Tone - Clair","og_description":"Western uzda Randol's Two Tone vrhunske kvalitete, precizne izrade, omogu\u0107uje va\u0161em konju svu udobnost koja mu je potrebna. Provjerite ponudu u na\u0161oj trgovini!","og_url":"https:\/\/clair.si\/hr\/izdelek\/western-uzda-randols-two-tone\/","og_site_name":"Clair","article_publisher":"https:\/\/www.facebook.com\/TrgovinaClair\/","article_modified_time":"2025-09-27T07:32:40+00:00","og_image":[{"width":800,"height":800,"url":"https:\/\/clair.si\/wp-content\/uploads\/2022\/09\/randol-s-two-tone-western-uzda-rjava.jpg","type":"image\/jpeg"}],"twitter_card":"summary_large_image","schema":{"@context":"https:\/\/schema.org","@graph":[{"@type":"WebPage","@id":"https:\/\/clair.si\/hr\/izdelek\/western-uzda-randols-two-tone\/","url":"https:\/\/clair.si\/hr\/izdelek\/western-uzda-randols-two-tone\/","name":"Western uzda Randol's Two Tone - Clair","isPartOf":{"@id":"https:\/\/clair.si\/#website"},"primaryImageOfPage":{"@id":"https:\/\/clair.si\/hr\/izdelek\/western-uzda-randols-two-tone\/#primaryimage"},"image":{"@id":"https:\/\/clair.si\/hr\/izdelek\/western-uzda-randols-two-tone\/#primaryimage"},"thumbnailUrl":"https:\/\/clair.si\/wp-content\/uploads\/2022\/09\/randol-s-two-tone-western-uzda-rjava.webp","datePublished":"2022-09-27T13:47:25+00:00","dateModified":"2025-09-27T07:32:40+00:00","description":"Western uzda Randol's Two Tone vrhunske kvalitete, precizne izrade, omogu\u0107uje va\u0161em konju svu udobnost koja mu je potrebna. Provjerite ponudu u na\u0161oj trgovini!","breadcrumb":{"@id":"https:\/\/clair.si\/hr\/izdelek\/western-uzda-randols-two-tone\/#breadcrumb"},"inLanguage":"hr","potentialAction":[{"@type":"ReadAction","target":["https:\/\/clair.si\/hr\/izdelek\/western-uzda-randols-two-tone\/"]}]},{"@type":"ImageObject","inLanguage":"hr","@id":"https:\/\/clair.si\/hr\/izdelek\/western-uzda-randols-two-tone\/#primaryimage","url":"https:\/\/clair.si\/wp-content\/uploads\/2022\/09\/randol-s-two-tone-western-uzda-rjava.webp","contentUrl":"https:\/\/clair.si\/wp-content\/uploads\/2022\/09\/randol-s-two-tone-western-uzda-rjava.webp","width":800,"height":800,"caption":"Western uzda Two Tone Randol's."},{"@type":"BreadcrumbList","@id":"https:\/\/clair.si\/hr\/izdelek\/western-uzda-randols-two-tone\/#breadcrumb","itemListElement":[{"@type":"ListItem","position":1,"name":"Home","item":"https:\/\/clair.si\/hr\/"},{"@type":"ListItem","position":2,"name":"Trgovina","item":"https:\/\/clair.si\/trgovina\/"},{"@type":"ListItem","position":3,"name":"Western uzda Randol&#8217;s Two Tone"}]},{"@type":"WebSite","@id":"https:\/\/clair.si\/#website","url":"https:\/\/clair.si\/","name":"Clair","description":"Trgovina s konjeni\u0161ko opremo","publisher":{"@id":"https:\/\/clair.si\/#organization"},"potentialAction":[{"@type":"SearchAction","target":{"@type":"EntryPoint","urlTemplate":"https:\/\/clair.si\/?s={search_term_string}"},"query-input":{"@type":"PropertyValueSpecification","valueRequired":true,"valueName":"search_term_string"}}],"inLanguage":"hr"},{"@type":"Organization","@id":"https:\/\/clair.si\/#organization","name":"Clair","url":"https:\/\/clair.si\/","logo":{"@type":"ImageObject","inLanguage":"hr","@id":"https:\/\/clair.si\/#\/schema\/logo\/image\/","url":"https:\/\/clair.si\/wp-content\/uploads\/2022\/11\/clair_logo_2022.jpg","contentUrl":"https:\/\/clair.si\/wp-content\/uploads\/2022\/11\/clair_logo_2022.jpg","width":1920,"height":1920,"caption":"Clair"},"image":{"@id":"https:\/\/clair.si\/#\/schema\/logo\/image\/"},"sameAs":["https:\/\/www.facebook.com\/TrgovinaClair\/"]}]}},"_links":{"self":[{"href":"https:\/\/clair.si\/hr\/wp-json\/wp\/v2\/product\/102396","targetHints":{"allow":["GET"]}}],"collection":[{"href":"https:\/\/clair.si\/hr\/wp-json\/wp\/v2\/product"}],"about":[{"href":"https:\/\/clair.si\/hr\/wp-json\/wp\/v2\/types\/product"}],"version-history":[{"count":0,"href":"https:\/\/clair.si\/hr\/wp-json\/wp\/v2\/product\/102396\/revisions"}],"wp:featuredmedia":[{"embeddable":true,"href":"https:\/\/clair.si\/hr\/wp-json\/wp\/v2\/media\/102399"}],"wp:attachment":[{"href":"https:\/\/clair.si\/hr\/wp-json\/wp\/v2\/media?parent=102396"}],"wp:term":[{"taxonomy":"product_brand","embeddable":true,"href":"https:\/\/clair.si\/hr\/wp-json\/wp\/v2\/product_brand?post=102396"},{"taxonomy":"product_cat","embeddable":true,"href":"https:\/\/clair.si\/hr\/wp-json\/wp\/v2\/product_cat?post=102396"},{"taxonomy":"product_tag","embeddable":true,"href":"https:\/\/clair.si\/hr\/wp-json\/wp\/v2\/product_tag?post=102396"}],"curies":[{"name":"wp","href":"https:\/\/api.w.org\/{rel}","templated":true}]}}