{"id":102398,"date":"2022-09-27T15:56:45","date_gmt":"2022-09-27T13:56:45","guid":{"rendered":"https:\/\/clair.si\/izdelek\/western-prsna-orma-westride-aurora\/"},"modified":"2025-08-28T08:14:47","modified_gmt":"2025-08-28T06:14:47","slug":"western-prsna-orma-westride-aurora","status":"publish","type":"product","link":"https:\/\/clair.si\/hr\/izdelek\/western-prsna-orma-westride-aurora\/","title":{"rendered":"Western prsna orma Westride Aurora"},"content":{"rendered":"<p><strong>Western prsna orma Westride Aurora<\/strong> izra\u0111ena je od kvalitetne <strong>ko\u017ee<\/strong> koja osigurava <strong>udobnost<\/strong> i <strong>ugodno<\/strong> <strong>no\u0161enje<\/strong> za va\u0161eg konja. Lijep <strong>reljefni<\/strong> <strong>uzorak<\/strong> lijepo upotpunjuje sam izgled. Jednostavno <strong>troto\u010dkovno<\/strong> kop\u010danje omogu\u0107uje <strong>brzo<\/strong> <strong>i<\/strong> <strong>jednostavno<\/strong> <strong>pri\u010dvr\u0161\u0107ivanje<\/strong> i uklanjanje.  <\/p>\n","protected":false},"excerpt":{"rendered":"<p>Western prsna orma Westride Aurora izra\u0111ena je od kvalitetne ko\u017ee koja osigurava udobnost i ugodno no\u0161enje za va\u0161eg konja. Lijep<\/p>\n","protected":false},"featured_media":102404,"template":"","meta":{"footnotes":""},"product_brand":[],"product_cat":[5657,5624,5700,5944,5697,5794],"product_tag":[],"class_list":{"0":"post-102398","1":"product","2":"type-product","3":"status-publish","4":"has-post-thumbnail","6":"product_cat-kategorije-hr","7":"product_cat-konj-hr","8":"product_cat-martingali-i-prsnjaci","9":"product_cat-sedla-hr-2","10":"product_cat-uzde-i-dizgini","11":"product_cat-western-hr","13":"first","14":"instock","15":"sale","16":"shipping-taxable","17":"purchasable","18":"product-type-simple"},"yoast_head":"<!-- This site is optimized with the Yoast SEO plugin v27.4 - https:\/\/yoast.com\/product\/yoast-seo-wordpress\/ -->\n<title>Western prsna orma Westride Aurora - Clair<\/title>\n<meta name=\"description\" content=\"Western prsna orma Westride Aurora nudi svu udobnost koja je potrebna va\u0161em konju tijekom rada pod sedlom. Provjerite na\u0161u ponudu u web trgovini i odaberite svoju!\" \/>\n<meta name=\"robots\" content=\"index, follow, max-snippet:-1, max-image-preview:large, max-video-preview:-1\" \/>\n<link rel=\"canonical\" href=\"https:\/\/clair.si\/hr\/izdelek\/western-prsna-orma-westride-aurora\/\" \/>\n<meta property=\"og:locale\" content=\"hr_HR\" \/>\n<meta property=\"og:type\" content=\"article\" \/>\n<meta property=\"og:title\" content=\"Western prsna orma Westride Aurora - Clair\" \/>\n<meta property=\"og:description\" content=\"Western prsna orma Westride Aurora nudi svu udobnost koja je potrebna va\u0161em konju tijekom rada pod sedlom. Provjerite na\u0161u ponudu u web trgovini i odaberite svoju!\" \/>\n<meta property=\"og:url\" content=\"https:\/\/clair.si\/hr\/izdelek\/western-prsna-orma-westride-aurora\/\" \/>\n<meta property=\"og:site_name\" content=\"Clair\" \/>\n<meta property=\"article:publisher\" content=\"https:\/\/www.facebook.com\/TrgovinaClair\/\" \/>\n<meta property=\"article:modified_time\" content=\"2025-08-28T06:14:47+00:00\" \/>\n<meta property=\"og:image\" content=\"https:\/\/clair.si\/wp-content\/uploads\/2022\/09\/westride-aurora-hunting-oprsnica-western.jpg\" \/>\n\t<meta property=\"og:image:width\" content=\"800\" \/>\n\t<meta property=\"og:image:height\" content=\"800\" \/>\n\t<meta property=\"og:image:type\" content=\"image\/jpeg\" \/>\n<meta name=\"twitter:card\" content=\"summary_large_image\" \/>\n<script type=\"application\/ld+json\" class=\"yoast-schema-graph\">{\"@context\":\"https:\\\/\\\/schema.org\",\"@graph\":[{\"@type\":\"WebPage\",\"@id\":\"https:\\\/\\\/clair.si\\\/hr\\\/izdelek\\\/western-prsna-orma-westride-aurora\\\/\",\"url\":\"https:\\\/\\\/clair.si\\\/hr\\\/izdelek\\\/western-prsna-orma-westride-aurora\\\/\",\"name\":\"Western prsna orma Westride Aurora - Clair\",\"isPartOf\":{\"@id\":\"https:\\\/\\\/clair.si\\\/#website\"},\"primaryImageOfPage\":{\"@id\":\"https:\\\/\\\/clair.si\\\/hr\\\/izdelek\\\/western-prsna-orma-westride-aurora\\\/#primaryimage\"},\"image\":{\"@id\":\"https:\\\/\\\/clair.si\\\/hr\\\/izdelek\\\/western-prsna-orma-westride-aurora\\\/#primaryimage\"},\"thumbnailUrl\":\"https:\\\/\\\/clair.si\\\/wp-content\\\/uploads\\\/2022\\\/09\\\/westride-aurora-hunting-oprsnica-western.webp\",\"datePublished\":\"2022-09-27T13:56:45+00:00\",\"dateModified\":\"2025-08-28T06:14:47+00:00\",\"description\":\"Western prsna orma Westride Aurora nudi svu udobnost koja je potrebna va\u0161em konju tijekom rada pod sedlom. Provjerite na\u0161u ponudu u web trgovini i odaberite svoju!\",\"breadcrumb\":{\"@id\":\"https:\\\/\\\/clair.si\\\/hr\\\/izdelek\\\/western-prsna-orma-westride-aurora\\\/#breadcrumb\"},\"inLanguage\":\"hr\",\"potentialAction\":[{\"@type\":\"ReadAction\",\"target\":[\"https:\\\/\\\/clair.si\\\/hr\\\/izdelek\\\/western-prsna-orma-westride-aurora\\\/\"]}]},{\"@type\":\"ImageObject\",\"inLanguage\":\"hr\",\"@id\":\"https:\\\/\\\/clair.si\\\/hr\\\/izdelek\\\/western-prsna-orma-westride-aurora\\\/#primaryimage\",\"url\":\"https:\\\/\\\/clair.si\\\/wp-content\\\/uploads\\\/2022\\\/09\\\/westride-aurora-hunting-oprsnica-western.webp\",\"contentUrl\":\"https:\\\/\\\/clair.si\\\/wp-content\\\/uploads\\\/2022\\\/09\\\/westride-aurora-hunting-oprsnica-western.webp\",\"width\":800,\"height\":800,\"caption\":\"Oprsnica western aurora.\"},{\"@type\":\"BreadcrumbList\",\"@id\":\"https:\\\/\\\/clair.si\\\/hr\\\/izdelek\\\/western-prsna-orma-westride-aurora\\\/#breadcrumb\",\"itemListElement\":[{\"@type\":\"ListItem\",\"position\":1,\"name\":\"Home\",\"item\":\"https:\\\/\\\/clair.si\\\/hr\\\/\"},{\"@type\":\"ListItem\",\"position\":2,\"name\":\"Trgovina\",\"item\":\"https:\\\/\\\/clair.si\\\/trgovina\\\/\"},{\"@type\":\"ListItem\",\"position\":3,\"name\":\"Western prsna orma Westride Aurora\"}]},{\"@type\":\"WebSite\",\"@id\":\"https:\\\/\\\/clair.si\\\/#website\",\"url\":\"https:\\\/\\\/clair.si\\\/\",\"name\":\"Clair\",\"description\":\"Trgovina s konjeni\u0161ko opremo\",\"publisher\":{\"@id\":\"https:\\\/\\\/clair.si\\\/#organization\"},\"potentialAction\":[{\"@type\":\"SearchAction\",\"target\":{\"@type\":\"EntryPoint\",\"urlTemplate\":\"https:\\\/\\\/clair.si\\\/?s={search_term_string}\"},\"query-input\":{\"@type\":\"PropertyValueSpecification\",\"valueRequired\":true,\"valueName\":\"search_term_string\"}}],\"inLanguage\":\"hr\"},{\"@type\":\"Organization\",\"@id\":\"https:\\\/\\\/clair.si\\\/#organization\",\"name\":\"Clair\",\"url\":\"https:\\\/\\\/clair.si\\\/\",\"logo\":{\"@type\":\"ImageObject\",\"inLanguage\":\"hr\",\"@id\":\"https:\\\/\\\/clair.si\\\/#\\\/schema\\\/logo\\\/image\\\/\",\"url\":\"https:\\\/\\\/clair.si\\\/wp-content\\\/uploads\\\/2022\\\/11\\\/clair_logo_2022.jpg\",\"contentUrl\":\"https:\\\/\\\/clair.si\\\/wp-content\\\/uploads\\\/2022\\\/11\\\/clair_logo_2022.jpg\",\"width\":1920,\"height\":1920,\"caption\":\"Clair\"},\"image\":{\"@id\":\"https:\\\/\\\/clair.si\\\/#\\\/schema\\\/logo\\\/image\\\/\"},\"sameAs\":[\"https:\\\/\\\/www.facebook.com\\\/TrgovinaClair\\\/\"]}]}<\/script>\n<!-- \/ Yoast SEO plugin. -->","yoast_head_json":{"title":"Western prsna orma Westride Aurora - Clair","description":"Western prsna orma Westride Aurora nudi svu udobnost koja je potrebna va\u0161em konju tijekom rada pod sedlom. Provjerite na\u0161u ponudu u web trgovini i odaberite svoju!","robots":{"index":"index","follow":"follow","max-snippet":"max-snippet:-1","max-image-preview":"max-image-preview:large","max-video-preview":"max-video-preview:-1"},"canonical":"https:\/\/clair.si\/hr\/izdelek\/western-prsna-orma-westride-aurora\/","og_locale":"hr_HR","og_type":"article","og_title":"Western prsna orma Westride Aurora - Clair","og_description":"Western prsna orma Westride Aurora nudi svu udobnost koja je potrebna va\u0161em konju tijekom rada pod sedlom. Provjerite na\u0161u ponudu u web trgovini i odaberite svoju!","og_url":"https:\/\/clair.si\/hr\/izdelek\/western-prsna-orma-westride-aurora\/","og_site_name":"Clair","article_publisher":"https:\/\/www.facebook.com\/TrgovinaClair\/","article_modified_time":"2025-08-28T06:14:47+00:00","og_image":[{"width":800,"height":800,"url":"https:\/\/clair.si\/wp-content\/uploads\/2022\/09\/westride-aurora-hunting-oprsnica-western.jpg","type":"image\/jpeg"}],"twitter_card":"summary_large_image","schema":{"@context":"https:\/\/schema.org","@graph":[{"@type":"WebPage","@id":"https:\/\/clair.si\/hr\/izdelek\/western-prsna-orma-westride-aurora\/","url":"https:\/\/clair.si\/hr\/izdelek\/western-prsna-orma-westride-aurora\/","name":"Western prsna orma Westride Aurora - Clair","isPartOf":{"@id":"https:\/\/clair.si\/#website"},"primaryImageOfPage":{"@id":"https:\/\/clair.si\/hr\/izdelek\/western-prsna-orma-westride-aurora\/#primaryimage"},"image":{"@id":"https:\/\/clair.si\/hr\/izdelek\/western-prsna-orma-westride-aurora\/#primaryimage"},"thumbnailUrl":"https:\/\/clair.si\/wp-content\/uploads\/2022\/09\/westride-aurora-hunting-oprsnica-western.webp","datePublished":"2022-09-27T13:56:45+00:00","dateModified":"2025-08-28T06:14:47+00:00","description":"Western prsna orma Westride Aurora nudi svu udobnost koja je potrebna va\u0161em konju tijekom rada pod sedlom. Provjerite na\u0161u ponudu u web trgovini i odaberite svoju!","breadcrumb":{"@id":"https:\/\/clair.si\/hr\/izdelek\/western-prsna-orma-westride-aurora\/#breadcrumb"},"inLanguage":"hr","potentialAction":[{"@type":"ReadAction","target":["https:\/\/clair.si\/hr\/izdelek\/western-prsna-orma-westride-aurora\/"]}]},{"@type":"ImageObject","inLanguage":"hr","@id":"https:\/\/clair.si\/hr\/izdelek\/western-prsna-orma-westride-aurora\/#primaryimage","url":"https:\/\/clair.si\/wp-content\/uploads\/2022\/09\/westride-aurora-hunting-oprsnica-western.webp","contentUrl":"https:\/\/clair.si\/wp-content\/uploads\/2022\/09\/westride-aurora-hunting-oprsnica-western.webp","width":800,"height":800,"caption":"Oprsnica western aurora."},{"@type":"BreadcrumbList","@id":"https:\/\/clair.si\/hr\/izdelek\/western-prsna-orma-westride-aurora\/#breadcrumb","itemListElement":[{"@type":"ListItem","position":1,"name":"Home","item":"https:\/\/clair.si\/hr\/"},{"@type":"ListItem","position":2,"name":"Trgovina","item":"https:\/\/clair.si\/trgovina\/"},{"@type":"ListItem","position":3,"name":"Western prsna orma Westride Aurora"}]},{"@type":"WebSite","@id":"https:\/\/clair.si\/#website","url":"https:\/\/clair.si\/","name":"Clair","description":"Trgovina s konjeni\u0161ko opremo","publisher":{"@id":"https:\/\/clair.si\/#organization"},"potentialAction":[{"@type":"SearchAction","target":{"@type":"EntryPoint","urlTemplate":"https:\/\/clair.si\/?s={search_term_string}"},"query-input":{"@type":"PropertyValueSpecification","valueRequired":true,"valueName":"search_term_string"}}],"inLanguage":"hr"},{"@type":"Organization","@id":"https:\/\/clair.si\/#organization","name":"Clair","url":"https:\/\/clair.si\/","logo":{"@type":"ImageObject","inLanguage":"hr","@id":"https:\/\/clair.si\/#\/schema\/logo\/image\/","url":"https:\/\/clair.si\/wp-content\/uploads\/2022\/11\/clair_logo_2022.jpg","contentUrl":"https:\/\/clair.si\/wp-content\/uploads\/2022\/11\/clair_logo_2022.jpg","width":1920,"height":1920,"caption":"Clair"},"image":{"@id":"https:\/\/clair.si\/#\/schema\/logo\/image\/"},"sameAs":["https:\/\/www.facebook.com\/TrgovinaClair\/"]}]}},"_links":{"self":[{"href":"https:\/\/clair.si\/hr\/wp-json\/wp\/v2\/product\/102398","targetHints":{"allow":["GET"]}}],"collection":[{"href":"https:\/\/clair.si\/hr\/wp-json\/wp\/v2\/product"}],"about":[{"href":"https:\/\/clair.si\/hr\/wp-json\/wp\/v2\/types\/product"}],"version-history":[{"count":0,"href":"https:\/\/clair.si\/hr\/wp-json\/wp\/v2\/product\/102398\/revisions"}],"wp:featuredmedia":[{"embeddable":true,"href":"https:\/\/clair.si\/hr\/wp-json\/wp\/v2\/media\/102404"}],"wp:attachment":[{"href":"https:\/\/clair.si\/hr\/wp-json\/wp\/v2\/media?parent=102398"}],"wp:term":[{"taxonomy":"product_brand","embeddable":true,"href":"https:\/\/clair.si\/hr\/wp-json\/wp\/v2\/product_brand?post=102398"},{"taxonomy":"product_cat","embeddable":true,"href":"https:\/\/clair.si\/hr\/wp-json\/wp\/v2\/product_cat?post=102398"},{"taxonomy":"product_tag","embeddable":true,"href":"https:\/\/clair.si\/hr\/wp-json\/wp\/v2\/product_tag?post=102398"}],"curies":[{"name":"wp","href":"https:\/\/api.w.org\/{rel}","templated":true}]}}