{"id":102406,"date":"2022-09-27T13:00:05","date_gmt":"2022-09-27T11:00:05","guid":{"rendered":"https:\/\/clair.si\/izdelek\/western-uzda-westride-colorado\/"},"modified":"2025-08-28T08:14:42","modified_gmt":"2025-08-28T06:14:42","slug":"western-uzda-westride-colorado","status":"publish","type":"product","link":"https:\/\/clair.si\/hr\/izdelek\/western-uzda-westride-colorado\/","title":{"rendered":"Western uzda Westride Colorado"},"content":{"rendered":"<p><strong>Western uzda Westride Colorado<\/strong>, u cijelosti je izra\u0111ena od <strong>gove\u0111e<\/strong> <strong>ko\u017ee<\/strong>. Ugla\u0111en izgled i mjedene kop\u010de osiguravaju <strong>elegantan<\/strong>, ali ipak <strong>jednostavan izgled<\/strong>. <\/p>\n","protected":false},"excerpt":{"rendered":"<p>Western uzda Westride Colorado, u cijelosti je izra\u0111ena od gove\u0111e ko\u017ee. Ugla\u0111en izgled i mjedene kop\u010de osiguravaju elegantan, ali ipak<\/p>\n","protected":false},"featured_media":102411,"template":"","meta":{"footnotes":""},"product_brand":[],"product_cat":[5657,5624,5697,5794,6119,6120],"product_tag":[],"class_list":{"0":"post-102406","1":"product","2":"type-product","3":"status-publish","4":"has-post-thumbnail","6":"product_cat-kategorije-hr","7":"product_cat-konj-hr","8":"product_cat-uzde-i-dizgini","9":"product_cat-western-hr","10":"product_cat-western-uzde-i-vodilice","11":"product_cat-western-uzde-vodilice-i-zvale","13":"first","14":"instock","15":"shipping-taxable","16":"purchasable","17":"product-type-simple"},"yoast_head":"<!-- This site is optimized with the Yoast SEO plugin v27.3 - https:\/\/yoast.com\/product\/yoast-seo-wordpress\/ -->\n<title>Western uzda Westride Colorado - Clair<\/title>\n<meta name=\"description\" content=\"Western uzda Westride Colorado je elegantna uzda za svakodnevnu upotrebu koja nudi svu potrebnu udobnost va\u0161em konju. Provjerite ponudu u na\u0161oj web trgovini!\" \/>\n<meta name=\"robots\" content=\"index, follow, max-snippet:-1, max-image-preview:large, max-video-preview:-1\" \/>\n<link rel=\"canonical\" href=\"https:\/\/clair.si\/hr\/izdelek\/western-uzda-westride-colorado\/\" \/>\n<meta property=\"og:locale\" content=\"hr_HR\" \/>\n<meta property=\"og:type\" content=\"article\" \/>\n<meta property=\"og:title\" content=\"Western uzda Westride Colorado - Clair\" \/>\n<meta property=\"og:description\" content=\"Western uzda Westride Colorado je elegantna uzda za svakodnevnu upotrebu koja nudi svu potrebnu udobnost va\u0161em konju. Provjerite ponudu u na\u0161oj web trgovini!\" \/>\n<meta property=\"og:url\" content=\"https:\/\/clair.si\/hr\/izdelek\/western-uzda-westride-colorado\/\" \/>\n<meta property=\"og:site_name\" content=\"Clair\" \/>\n<meta property=\"article:publisher\" content=\"https:\/\/www.facebook.com\/TrgovinaClair\/\" \/>\n<meta property=\"article:modified_time\" content=\"2025-08-28T06:14:42+00:00\" \/>\n<meta property=\"og:image\" content=\"https:\/\/clair.si\/wp-content\/uploads\/2022\/09\/westride-colorado-uzda-western.jpg\" \/>\n\t<meta property=\"og:image:width\" content=\"800\" \/>\n\t<meta property=\"og:image:height\" content=\"800\" \/>\n\t<meta property=\"og:image:type\" content=\"image\/jpeg\" \/>\n<meta name=\"twitter:card\" content=\"summary_large_image\" \/>\n<script type=\"application\/ld+json\" class=\"yoast-schema-graph\">{\"@context\":\"https:\\\/\\\/schema.org\",\"@graph\":[{\"@type\":\"WebPage\",\"@id\":\"https:\\\/\\\/clair.si\\\/hr\\\/izdelek\\\/western-uzda-westride-colorado\\\/\",\"url\":\"https:\\\/\\\/clair.si\\\/hr\\\/izdelek\\\/western-uzda-westride-colorado\\\/\",\"name\":\"Western uzda Westride Colorado - Clair\",\"isPartOf\":{\"@id\":\"https:\\\/\\\/clair.si\\\/#website\"},\"primaryImageOfPage\":{\"@id\":\"https:\\\/\\\/clair.si\\\/hr\\\/izdelek\\\/western-uzda-westride-colorado\\\/#primaryimage\"},\"image\":{\"@id\":\"https:\\\/\\\/clair.si\\\/hr\\\/izdelek\\\/western-uzda-westride-colorado\\\/#primaryimage\"},\"thumbnailUrl\":\"https:\\\/\\\/clair.si\\\/wp-content\\\/uploads\\\/2022\\\/09\\\/westride-colorado-uzda-western.webp\",\"datePublished\":\"2022-09-27T11:00:05+00:00\",\"dateModified\":\"2025-08-28T06:14:42+00:00\",\"description\":\"Western uzda Westride Colorado je elegantna uzda za svakodnevnu upotrebu koja nudi svu potrebnu udobnost va\u0161em konju. Provjerite ponudu u na\u0161oj web trgovini!\",\"breadcrumb\":{\"@id\":\"https:\\\/\\\/clair.si\\\/hr\\\/izdelek\\\/western-uzda-westride-colorado\\\/#breadcrumb\"},\"inLanguage\":\"hr\",\"potentialAction\":[{\"@type\":\"ReadAction\",\"target\":[\"https:\\\/\\\/clair.si\\\/hr\\\/izdelek\\\/western-uzda-westride-colorado\\\/\"]}]},{\"@type\":\"ImageObject\",\"inLanguage\":\"hr\",\"@id\":\"https:\\\/\\\/clair.si\\\/hr\\\/izdelek\\\/western-uzda-westride-colorado\\\/#primaryimage\",\"url\":\"https:\\\/\\\/clair.si\\\/wp-content\\\/uploads\\\/2022\\\/09\\\/westride-colorado-uzda-western.webp\",\"contentUrl\":\"https:\\\/\\\/clair.si\\\/wp-content\\\/uploads\\\/2022\\\/09\\\/westride-colorado-uzda-western.webp\",\"width\":800,\"height\":800,\"caption\":\"Western uzda Westride Colorado\"},{\"@type\":\"BreadcrumbList\",\"@id\":\"https:\\\/\\\/clair.si\\\/hr\\\/izdelek\\\/western-uzda-westride-colorado\\\/#breadcrumb\",\"itemListElement\":[{\"@type\":\"ListItem\",\"position\":1,\"name\":\"Home\",\"item\":\"https:\\\/\\\/clair.si\\\/hr\\\/\"},{\"@type\":\"ListItem\",\"position\":2,\"name\":\"Trgovina\",\"item\":\"https:\\\/\\\/clair.si\\\/trgovina\\\/\"},{\"@type\":\"ListItem\",\"position\":3,\"name\":\"Western uzda Westride Colorado\"}]},{\"@type\":\"WebSite\",\"@id\":\"https:\\\/\\\/clair.si\\\/#website\",\"url\":\"https:\\\/\\\/clair.si\\\/\",\"name\":\"Clair\",\"description\":\"Trgovina s konjeni\u0161ko opremo\",\"publisher\":{\"@id\":\"https:\\\/\\\/clair.si\\\/#organization\"},\"potentialAction\":[{\"@type\":\"SearchAction\",\"target\":{\"@type\":\"EntryPoint\",\"urlTemplate\":\"https:\\\/\\\/clair.si\\\/?s={search_term_string}\"},\"query-input\":{\"@type\":\"PropertyValueSpecification\",\"valueRequired\":true,\"valueName\":\"search_term_string\"}}],\"inLanguage\":\"hr\"},{\"@type\":\"Organization\",\"@id\":\"https:\\\/\\\/clair.si\\\/#organization\",\"name\":\"Clair\",\"url\":\"https:\\\/\\\/clair.si\\\/\",\"logo\":{\"@type\":\"ImageObject\",\"inLanguage\":\"hr\",\"@id\":\"https:\\\/\\\/clair.si\\\/#\\\/schema\\\/logo\\\/image\\\/\",\"url\":\"https:\\\/\\\/clair.si\\\/wp-content\\\/uploads\\\/2022\\\/11\\\/clair_logo_2022.jpg\",\"contentUrl\":\"https:\\\/\\\/clair.si\\\/wp-content\\\/uploads\\\/2022\\\/11\\\/clair_logo_2022.jpg\",\"width\":1920,\"height\":1920,\"caption\":\"Clair\"},\"image\":{\"@id\":\"https:\\\/\\\/clair.si\\\/#\\\/schema\\\/logo\\\/image\\\/\"},\"sameAs\":[\"https:\\\/\\\/www.facebook.com\\\/TrgovinaClair\\\/\"]}]}<\/script>\n<!-- \/ Yoast SEO plugin. -->","yoast_head_json":{"title":"Western uzda Westride Colorado - Clair","description":"Western uzda Westride Colorado je elegantna uzda za svakodnevnu upotrebu koja nudi svu potrebnu udobnost va\u0161em konju. Provjerite ponudu u na\u0161oj web trgovini!","robots":{"index":"index","follow":"follow","max-snippet":"max-snippet:-1","max-image-preview":"max-image-preview:large","max-video-preview":"max-video-preview:-1"},"canonical":"https:\/\/clair.si\/hr\/izdelek\/western-uzda-westride-colorado\/","og_locale":"hr_HR","og_type":"article","og_title":"Western uzda Westride Colorado - Clair","og_description":"Western uzda Westride Colorado je elegantna uzda za svakodnevnu upotrebu koja nudi svu potrebnu udobnost va\u0161em konju. Provjerite ponudu u na\u0161oj web trgovini!","og_url":"https:\/\/clair.si\/hr\/izdelek\/western-uzda-westride-colorado\/","og_site_name":"Clair","article_publisher":"https:\/\/www.facebook.com\/TrgovinaClair\/","article_modified_time":"2025-08-28T06:14:42+00:00","og_image":[{"width":800,"height":800,"url":"https:\/\/clair.si\/wp-content\/uploads\/2022\/09\/westride-colorado-uzda-western.jpg","type":"image\/jpeg"}],"twitter_card":"summary_large_image","schema":{"@context":"https:\/\/schema.org","@graph":[{"@type":"WebPage","@id":"https:\/\/clair.si\/hr\/izdelek\/western-uzda-westride-colorado\/","url":"https:\/\/clair.si\/hr\/izdelek\/western-uzda-westride-colorado\/","name":"Western uzda Westride Colorado - Clair","isPartOf":{"@id":"https:\/\/clair.si\/#website"},"primaryImageOfPage":{"@id":"https:\/\/clair.si\/hr\/izdelek\/western-uzda-westride-colorado\/#primaryimage"},"image":{"@id":"https:\/\/clair.si\/hr\/izdelek\/western-uzda-westride-colorado\/#primaryimage"},"thumbnailUrl":"https:\/\/clair.si\/wp-content\/uploads\/2022\/09\/westride-colorado-uzda-western.webp","datePublished":"2022-09-27T11:00:05+00:00","dateModified":"2025-08-28T06:14:42+00:00","description":"Western uzda Westride Colorado je elegantna uzda za svakodnevnu upotrebu koja nudi svu potrebnu udobnost va\u0161em konju. Provjerite ponudu u na\u0161oj web trgovini!","breadcrumb":{"@id":"https:\/\/clair.si\/hr\/izdelek\/western-uzda-westride-colorado\/#breadcrumb"},"inLanguage":"hr","potentialAction":[{"@type":"ReadAction","target":["https:\/\/clair.si\/hr\/izdelek\/western-uzda-westride-colorado\/"]}]},{"@type":"ImageObject","inLanguage":"hr","@id":"https:\/\/clair.si\/hr\/izdelek\/western-uzda-westride-colorado\/#primaryimage","url":"https:\/\/clair.si\/wp-content\/uploads\/2022\/09\/westride-colorado-uzda-western.webp","contentUrl":"https:\/\/clair.si\/wp-content\/uploads\/2022\/09\/westride-colorado-uzda-western.webp","width":800,"height":800,"caption":"Western uzda Westride Colorado"},{"@type":"BreadcrumbList","@id":"https:\/\/clair.si\/hr\/izdelek\/western-uzda-westride-colorado\/#breadcrumb","itemListElement":[{"@type":"ListItem","position":1,"name":"Home","item":"https:\/\/clair.si\/hr\/"},{"@type":"ListItem","position":2,"name":"Trgovina","item":"https:\/\/clair.si\/trgovina\/"},{"@type":"ListItem","position":3,"name":"Western uzda Westride Colorado"}]},{"@type":"WebSite","@id":"https:\/\/clair.si\/#website","url":"https:\/\/clair.si\/","name":"Clair","description":"Trgovina s konjeni\u0161ko opremo","publisher":{"@id":"https:\/\/clair.si\/#organization"},"potentialAction":[{"@type":"SearchAction","target":{"@type":"EntryPoint","urlTemplate":"https:\/\/clair.si\/?s={search_term_string}"},"query-input":{"@type":"PropertyValueSpecification","valueRequired":true,"valueName":"search_term_string"}}],"inLanguage":"hr"},{"@type":"Organization","@id":"https:\/\/clair.si\/#organization","name":"Clair","url":"https:\/\/clair.si\/","logo":{"@type":"ImageObject","inLanguage":"hr","@id":"https:\/\/clair.si\/#\/schema\/logo\/image\/","url":"https:\/\/clair.si\/wp-content\/uploads\/2022\/11\/clair_logo_2022.jpg","contentUrl":"https:\/\/clair.si\/wp-content\/uploads\/2022\/11\/clair_logo_2022.jpg","width":1920,"height":1920,"caption":"Clair"},"image":{"@id":"https:\/\/clair.si\/#\/schema\/logo\/image\/"},"sameAs":["https:\/\/www.facebook.com\/TrgovinaClair\/"]}]}},"_links":{"self":[{"href":"https:\/\/clair.si\/hr\/wp-json\/wp\/v2\/product\/102406","targetHints":{"allow":["GET"]}}],"collection":[{"href":"https:\/\/clair.si\/hr\/wp-json\/wp\/v2\/product"}],"about":[{"href":"https:\/\/clair.si\/hr\/wp-json\/wp\/v2\/types\/product"}],"version-history":[{"count":0,"href":"https:\/\/clair.si\/hr\/wp-json\/wp\/v2\/product\/102406\/revisions"}],"wp:featuredmedia":[{"embeddable":true,"href":"https:\/\/clair.si\/hr\/wp-json\/wp\/v2\/media\/102411"}],"wp:attachment":[{"href":"https:\/\/clair.si\/hr\/wp-json\/wp\/v2\/media?parent=102406"}],"wp:term":[{"taxonomy":"product_brand","embeddable":true,"href":"https:\/\/clair.si\/hr\/wp-json\/wp\/v2\/product_brand?post=102406"},{"taxonomy":"product_cat","embeddable":true,"href":"https:\/\/clair.si\/hr\/wp-json\/wp\/v2\/product_cat?post=102406"},{"taxonomy":"product_tag","embeddable":true,"href":"https:\/\/clair.si\/hr\/wp-json\/wp\/v2\/product_tag?post=102406"}],"curies":[{"name":"wp","href":"https:\/\/api.w.org\/{rel}","templated":true}]}}