{"id":102408,"date":"2022-09-27T12:44:46","date_gmt":"2022-09-27T10:44:46","guid":{"rendered":"https:\/\/clair.si\/izdelek\/jastucic-za-jahanje-bareback-norton-soft\/"},"modified":"2025-08-28T08:11:34","modified_gmt":"2025-08-28T06:11:34","slug":"jastucic-za-jahanje-bareback-norton-soft","status":"publish","type":"product","link":"https:\/\/clair.si\/hr\/izdelek\/jastucic-za-jahanje-bareback-norton-soft\/","title":{"rendered":"Jastu\u010di\u0107 za jahanje Bareback Norton Soft"},"content":{"rendered":"<p><strong>Jastu\u010di\u0107 za jahanje Bareback Norton Soft<\/strong> je <strong>mekana<\/strong> i <strong>podstavljena<\/strong> podloga za <strong>va\u0161u<\/strong> i <strong>konjevu udobnost<\/strong>! Podloga zamjenjuje sedlo, sastavljena je od 25 mm pjenaste podloge i sinteti\u010dke ov\u010dje ko\u017ee na donjoj strani. Sadr\u017ei podesive <strong>remen\u010di\u0107e<\/strong> od sinteti\u010dke ko\u017ee i <strong>uzengije<\/strong>. Kod grebena je pri\u0161ivena i <strong>polipropilenska ru\u010dka<\/strong>. Kop\u010de su <strong>kromirane<\/strong>. Sve zajedno uredno zapakirano u prakti\u010dnoj <strong>prijenosnoj torbi<\/strong>.    <\/p>\n","protected":false},"excerpt":{"rendered":"<p>Jastu\u010di\u0107 za jahanje Bareback Norton Soft je mekana i podstavljena podloga za va\u0161u i konjevu udobnost! Podloga zamjenjuje sedlo, sastavljena<\/p>\n","protected":false},"featured_media":102414,"template":"","meta":{"footnotes":""},"product_brand":[],"product_cat":[5657,5624,5796,5726,5940,6854,5794,6125,5793],"product_tag":[],"class_list":{"0":"post-102408","1":"product","2":"type-product","3":"status-publish","4":"has-post-thumbnail","6":"product_cat-kategorije-hr","7":"product_cat-konj-hr","8":"product_cat-podsedlice","9":"product_cat-podsedlice-i-kapice-za-usi","10":"product_cat-sedla-hr","11":"product_cat-visenamjenska-sedla","12":"product_cat-western-hr","13":"product_cat-western-i-australska-sedla","14":"product_cat-western-podsedlice","16":"first","17":"instock","18":"sale","19":"shipping-taxable","20":"purchasable","21":"product-type-simple"},"yoast_head":"<!-- This site is optimized with the Yoast SEO plugin v27.4 - https:\/\/yoast.com\/product\/yoast-seo-wordpress\/ -->\n<title>Jastu\u010di\u0107 za jahanje Bareback Norton Soft - Clair<\/title>\n<meta name=\"description\" content=\"Jastu\u010di\u0107 za jahanje Bareback Norton Soft je mekana podloga koja pru\u017ea udobnost vama i va\u0161em konju. Sve zajedno uredno zapakirano u prijenosnu torbu. Provjerite ponudu!\" \/>\n<meta name=\"robots\" content=\"index, follow, max-snippet:-1, max-image-preview:large, max-video-preview:-1\" \/>\n<link rel=\"canonical\" href=\"https:\/\/clair.si\/hr\/izdelek\/jastucic-za-jahanje-bareback-norton-soft\/\" \/>\n<meta property=\"og:locale\" content=\"hr_HR\" \/>\n<meta property=\"og:type\" content=\"article\" \/>\n<meta property=\"og:title\" content=\"Jastu\u010di\u0107 za jahanje Bareback Norton Soft - Clair\" \/>\n<meta property=\"og:description\" content=\"Jastu\u010di\u0107 za jahanje Bareback Norton Soft je mekana podloga koja pru\u017ea udobnost vama i va\u0161em konju. Sve zajedno uredno zapakirano u prijenosnu torbu. Provjerite ponudu!\" \/>\n<meta property=\"og:url\" content=\"https:\/\/clair.si\/hr\/izdelek\/jastucic-za-jahanje-bareback-norton-soft\/\" \/>\n<meta property=\"og:site_name\" content=\"Clair\" \/>\n<meta property=\"article:publisher\" content=\"https:\/\/www.facebook.com\/TrgovinaClair\/\" \/>\n<meta property=\"article:modified_time\" content=\"2025-08-28T06:11:34+00:00\" \/>\n<meta property=\"og:image\" content=\"https:\/\/clair.si\/wp-content\/uploads\/2022\/09\/norton-soft-bareback-jahalna-blazina.jpg\" \/>\n\t<meta property=\"og:image:width\" content=\"800\" \/>\n\t<meta property=\"og:image:height\" content=\"800\" \/>\n\t<meta property=\"og:image:type\" content=\"image\/jpeg\" \/>\n<meta name=\"twitter:card\" content=\"summary_large_image\" \/>\n<script type=\"application\/ld+json\" class=\"yoast-schema-graph\">{\"@context\":\"https:\\\/\\\/schema.org\",\"@graph\":[{\"@type\":\"WebPage\",\"@id\":\"https:\\\/\\\/clair.si\\\/hr\\\/izdelek\\\/jastucic-za-jahanje-bareback-norton-soft\\\/\",\"url\":\"https:\\\/\\\/clair.si\\\/hr\\\/izdelek\\\/jastucic-za-jahanje-bareback-norton-soft\\\/\",\"name\":\"Jastu\u010di\u0107 za jahanje Bareback Norton Soft - Clair\",\"isPartOf\":{\"@id\":\"https:\\\/\\\/clair.si\\\/#website\"},\"primaryImageOfPage\":{\"@id\":\"https:\\\/\\\/clair.si\\\/hr\\\/izdelek\\\/jastucic-za-jahanje-bareback-norton-soft\\\/#primaryimage\"},\"image\":{\"@id\":\"https:\\\/\\\/clair.si\\\/hr\\\/izdelek\\\/jastucic-za-jahanje-bareback-norton-soft\\\/#primaryimage\"},\"thumbnailUrl\":\"https:\\\/\\\/clair.si\\\/wp-content\\\/uploads\\\/2022\\\/09\\\/norton-soft-bareback-jahalna-blazina.webp\",\"datePublished\":\"2022-09-27T10:44:46+00:00\",\"dateModified\":\"2025-08-28T06:11:34+00:00\",\"description\":\"Jastu\u010di\u0107 za jahanje Bareback Norton Soft je mekana podloga koja pru\u017ea udobnost vama i va\u0161em konju. Sve zajedno uredno zapakirano u prijenosnu torbu. Provjerite ponudu!\",\"breadcrumb\":{\"@id\":\"https:\\\/\\\/clair.si\\\/hr\\\/izdelek\\\/jastucic-za-jahanje-bareback-norton-soft\\\/#breadcrumb\"},\"inLanguage\":\"hr\",\"potentialAction\":[{\"@type\":\"ReadAction\",\"target\":[\"https:\\\/\\\/clair.si\\\/hr\\\/izdelek\\\/jastucic-za-jahanje-bareback-norton-soft\\\/\"]}]},{\"@type\":\"ImageObject\",\"inLanguage\":\"hr\",\"@id\":\"https:\\\/\\\/clair.si\\\/hr\\\/izdelek\\\/jastucic-za-jahanje-bareback-norton-soft\\\/#primaryimage\",\"url\":\"https:\\\/\\\/clair.si\\\/wp-content\\\/uploads\\\/2022\\\/09\\\/norton-soft-bareback-jahalna-blazina.webp\",\"contentUrl\":\"https:\\\/\\\/clair.si\\\/wp-content\\\/uploads\\\/2022\\\/09\\\/norton-soft-bareback-jahalna-blazina.webp\",\"width\":800,\"height\":800,\"caption\":\"Jahalna blazina Norton Bareback soft.\"},{\"@type\":\"BreadcrumbList\",\"@id\":\"https:\\\/\\\/clair.si\\\/hr\\\/izdelek\\\/jastucic-za-jahanje-bareback-norton-soft\\\/#breadcrumb\",\"itemListElement\":[{\"@type\":\"ListItem\",\"position\":1,\"name\":\"Home\",\"item\":\"https:\\\/\\\/clair.si\\\/hr\\\/\"},{\"@type\":\"ListItem\",\"position\":2,\"name\":\"Trgovina\",\"item\":\"https:\\\/\\\/clair.si\\\/trgovina\\\/\"},{\"@type\":\"ListItem\",\"position\":3,\"name\":\"Jastu\u010di\u0107 za jahanje Bareback Norton Soft\"}]},{\"@type\":\"WebSite\",\"@id\":\"https:\\\/\\\/clair.si\\\/#website\",\"url\":\"https:\\\/\\\/clair.si\\\/\",\"name\":\"Clair\",\"description\":\"Trgovina s konjeni\u0161ko opremo\",\"publisher\":{\"@id\":\"https:\\\/\\\/clair.si\\\/#organization\"},\"potentialAction\":[{\"@type\":\"SearchAction\",\"target\":{\"@type\":\"EntryPoint\",\"urlTemplate\":\"https:\\\/\\\/clair.si\\\/?s={search_term_string}\"},\"query-input\":{\"@type\":\"PropertyValueSpecification\",\"valueRequired\":true,\"valueName\":\"search_term_string\"}}],\"inLanguage\":\"hr\"},{\"@type\":\"Organization\",\"@id\":\"https:\\\/\\\/clair.si\\\/#organization\",\"name\":\"Clair\",\"url\":\"https:\\\/\\\/clair.si\\\/\",\"logo\":{\"@type\":\"ImageObject\",\"inLanguage\":\"hr\",\"@id\":\"https:\\\/\\\/clair.si\\\/#\\\/schema\\\/logo\\\/image\\\/\",\"url\":\"https:\\\/\\\/clair.si\\\/wp-content\\\/uploads\\\/2022\\\/11\\\/clair_logo_2022.jpg\",\"contentUrl\":\"https:\\\/\\\/clair.si\\\/wp-content\\\/uploads\\\/2022\\\/11\\\/clair_logo_2022.jpg\",\"width\":1920,\"height\":1920,\"caption\":\"Clair\"},\"image\":{\"@id\":\"https:\\\/\\\/clair.si\\\/#\\\/schema\\\/logo\\\/image\\\/\"},\"sameAs\":[\"https:\\\/\\\/www.facebook.com\\\/TrgovinaClair\\\/\"]}]}<\/script>\n<!-- \/ Yoast SEO plugin. -->","yoast_head_json":{"title":"Jastu\u010di\u0107 za jahanje Bareback Norton Soft - Clair","description":"Jastu\u010di\u0107 za jahanje Bareback Norton Soft je mekana podloga koja pru\u017ea udobnost vama i va\u0161em konju. Sve zajedno uredno zapakirano u prijenosnu torbu. Provjerite ponudu!","robots":{"index":"index","follow":"follow","max-snippet":"max-snippet:-1","max-image-preview":"max-image-preview:large","max-video-preview":"max-video-preview:-1"},"canonical":"https:\/\/clair.si\/hr\/izdelek\/jastucic-za-jahanje-bareback-norton-soft\/","og_locale":"hr_HR","og_type":"article","og_title":"Jastu\u010di\u0107 za jahanje Bareback Norton Soft - Clair","og_description":"Jastu\u010di\u0107 za jahanje Bareback Norton Soft je mekana podloga koja pru\u017ea udobnost vama i va\u0161em konju. Sve zajedno uredno zapakirano u prijenosnu torbu. Provjerite ponudu!","og_url":"https:\/\/clair.si\/hr\/izdelek\/jastucic-za-jahanje-bareback-norton-soft\/","og_site_name":"Clair","article_publisher":"https:\/\/www.facebook.com\/TrgovinaClair\/","article_modified_time":"2025-08-28T06:11:34+00:00","og_image":[{"width":800,"height":800,"url":"https:\/\/clair.si\/wp-content\/uploads\/2022\/09\/norton-soft-bareback-jahalna-blazina.jpg","type":"image\/jpeg"}],"twitter_card":"summary_large_image","schema":{"@context":"https:\/\/schema.org","@graph":[{"@type":"WebPage","@id":"https:\/\/clair.si\/hr\/izdelek\/jastucic-za-jahanje-bareback-norton-soft\/","url":"https:\/\/clair.si\/hr\/izdelek\/jastucic-za-jahanje-bareback-norton-soft\/","name":"Jastu\u010di\u0107 za jahanje Bareback Norton Soft - Clair","isPartOf":{"@id":"https:\/\/clair.si\/#website"},"primaryImageOfPage":{"@id":"https:\/\/clair.si\/hr\/izdelek\/jastucic-za-jahanje-bareback-norton-soft\/#primaryimage"},"image":{"@id":"https:\/\/clair.si\/hr\/izdelek\/jastucic-za-jahanje-bareback-norton-soft\/#primaryimage"},"thumbnailUrl":"https:\/\/clair.si\/wp-content\/uploads\/2022\/09\/norton-soft-bareback-jahalna-blazina.webp","datePublished":"2022-09-27T10:44:46+00:00","dateModified":"2025-08-28T06:11:34+00:00","description":"Jastu\u010di\u0107 za jahanje Bareback Norton Soft je mekana podloga koja pru\u017ea udobnost vama i va\u0161em konju. Sve zajedno uredno zapakirano u prijenosnu torbu. Provjerite ponudu!","breadcrumb":{"@id":"https:\/\/clair.si\/hr\/izdelek\/jastucic-za-jahanje-bareback-norton-soft\/#breadcrumb"},"inLanguage":"hr","potentialAction":[{"@type":"ReadAction","target":["https:\/\/clair.si\/hr\/izdelek\/jastucic-za-jahanje-bareback-norton-soft\/"]}]},{"@type":"ImageObject","inLanguage":"hr","@id":"https:\/\/clair.si\/hr\/izdelek\/jastucic-za-jahanje-bareback-norton-soft\/#primaryimage","url":"https:\/\/clair.si\/wp-content\/uploads\/2022\/09\/norton-soft-bareback-jahalna-blazina.webp","contentUrl":"https:\/\/clair.si\/wp-content\/uploads\/2022\/09\/norton-soft-bareback-jahalna-blazina.webp","width":800,"height":800,"caption":"Jahalna blazina Norton Bareback soft."},{"@type":"BreadcrumbList","@id":"https:\/\/clair.si\/hr\/izdelek\/jastucic-za-jahanje-bareback-norton-soft\/#breadcrumb","itemListElement":[{"@type":"ListItem","position":1,"name":"Home","item":"https:\/\/clair.si\/hr\/"},{"@type":"ListItem","position":2,"name":"Trgovina","item":"https:\/\/clair.si\/trgovina\/"},{"@type":"ListItem","position":3,"name":"Jastu\u010di\u0107 za jahanje Bareback Norton Soft"}]},{"@type":"WebSite","@id":"https:\/\/clair.si\/#website","url":"https:\/\/clair.si\/","name":"Clair","description":"Trgovina s konjeni\u0161ko opremo","publisher":{"@id":"https:\/\/clair.si\/#organization"},"potentialAction":[{"@type":"SearchAction","target":{"@type":"EntryPoint","urlTemplate":"https:\/\/clair.si\/?s={search_term_string}"},"query-input":{"@type":"PropertyValueSpecification","valueRequired":true,"valueName":"search_term_string"}}],"inLanguage":"hr"},{"@type":"Organization","@id":"https:\/\/clair.si\/#organization","name":"Clair","url":"https:\/\/clair.si\/","logo":{"@type":"ImageObject","inLanguage":"hr","@id":"https:\/\/clair.si\/#\/schema\/logo\/image\/","url":"https:\/\/clair.si\/wp-content\/uploads\/2022\/11\/clair_logo_2022.jpg","contentUrl":"https:\/\/clair.si\/wp-content\/uploads\/2022\/11\/clair_logo_2022.jpg","width":1920,"height":1920,"caption":"Clair"},"image":{"@id":"https:\/\/clair.si\/#\/schema\/logo\/image\/"},"sameAs":["https:\/\/www.facebook.com\/TrgovinaClair\/"]}]}},"_links":{"self":[{"href":"https:\/\/clair.si\/hr\/wp-json\/wp\/v2\/product\/102408","targetHints":{"allow":["GET"]}}],"collection":[{"href":"https:\/\/clair.si\/hr\/wp-json\/wp\/v2\/product"}],"about":[{"href":"https:\/\/clair.si\/hr\/wp-json\/wp\/v2\/types\/product"}],"version-history":[{"count":0,"href":"https:\/\/clair.si\/hr\/wp-json\/wp\/v2\/product\/102408\/revisions"}],"wp:featuredmedia":[{"embeddable":true,"href":"https:\/\/clair.si\/hr\/wp-json\/wp\/v2\/media\/102414"}],"wp:attachment":[{"href":"https:\/\/clair.si\/hr\/wp-json\/wp\/v2\/media?parent=102408"}],"wp:term":[{"taxonomy":"product_brand","embeddable":true,"href":"https:\/\/clair.si\/hr\/wp-json\/wp\/v2\/product_brand?post=102408"},{"taxonomy":"product_cat","embeddable":true,"href":"https:\/\/clair.si\/hr\/wp-json\/wp\/v2\/product_cat?post=102408"},{"taxonomy":"product_tag","embeddable":true,"href":"https:\/\/clair.si\/hr\/wp-json\/wp\/v2\/product_tag?post=102408"}],"curies":[{"name":"wp","href":"https:\/\/api.w.org\/{rel}","templated":true}]}}