{"id":102426,"date":"2022-09-28T12:47:13","date_gmt":"2022-09-28T10:47:13","guid":{"rendered":"https:\/\/clair.si\/izdelek\/marstall-myocare\/"},"modified":"2025-08-28T19:47:40","modified_gmt":"2025-08-28T17:47:40","slug":"marstall-myocare","status":"publish","type":"product","link":"https:\/\/clair.si\/hr\/izdelek\/marstall-myocare\/","title":{"rendered":"Marstall MyoCare"},"content":{"rendered":"<p><span class=\"HwtZe\" lang=\"sl\"><span class=\"jCAhz\"><span class=\"ryNqvb\"><strong>Marstall MyoCare hrana za konje<\/strong> oblikovana je za zadovoljavanje prehrambenih potreba konja s PSSM 1, PSSM 2 i RER sindromom. Izra\u0111en je u skladu s najnovijim znanstvenim spoznajama i preporukama. <strong>M\u00fcsli MyoCare sadr\u017ei malo \u0161kroba i \u0161e\u0107era<\/strong>, ali sadr\u017ei puno bjelan\u010devina i vitamina E te mangana, selena te puno ulja. Marstall MyoCare M\u00fcsli poti\u010de dobrobit konja s nasljednim mi\u0161i\u0107nim problemima. <\/span><\/span><\/span><\/p>\n<p><span class=\"HwtZe\" lang=\"sl\"><span class=\"jCAhz\"><span class=\"ryNqvb\">Konji s mi\u0161i\u0107nim bolestima trebaju visoku razinu probavljivih bjelan\u010devina. Marstall MyoCare hrana za konje je mje\u0161avina visokokvalitetnih prirodnih bjelan\u010devina i aminokiselina u \u010distom obliku. Bjelan\u010devine osiguravaju laneno sjeme i gra\u0161ak \u2013 ovaj musli ne sadr\u017ei sojine proizvode. Za aminokiseline u \u010distom obliku Marstall se oslanja na provjerenu kombinaciju lizina, treonina, SAS (metionin + cistein), triptofana i valina. Antioksidansi vitamin E, vitamin C i selen tako\u0111er su bitni za optimalno djelovanje mi\u0161i\u0107a i za\u0161titu mi\u0161i\u0107nih stanica od slobodnih radikala. <\/span><\/span><\/span><\/p>\n<p><span class=\"HwtZe\" lang=\"sl\"><span class=\"jCAhz\"><span class=\"ryNqvb\">Konji s PSSM 1, PSSM 2 i RER sindromom trebaju i ve\u0107e koli\u010dine elemenata u tragovima, kao \u0161to je mangan, kao i vitamin B i magnezij. Elementi u tragovima prisutni su u svom organskom obliku za optimalnu apsorpciju. Magnezij poma\u017ee opustiti napetosti u mi\u0161i\u0107ima i umiruje \u017eivce. Bolest uvijek zna\u010di stres za organizam, a taj pak mo\u017ee brzo utjecati na \u017eeludac. Marstallo MyoCare M\u00fcsli s visokim udjelom vlakana poti\u010de nastajanje sline pri \u017evakanju, a ta slina zatim zajedno s natrijevim karbonatom muslija ubla\u017eava \u017eelu\u010danu kiselinu. S omega-3 masno\u0107ama bogato laneno ulje \u017eafranike sadr\u017ei protuupalne polifenole i osigurava energiju koja je nje\u017ena za \u017eeludac. Zdrav \u017eeludac i crijeva klju\u010dni su za optimalnu apsorpciju hranjivih tvari iz krme. Manan-oligosaharidi (MOS) i beta-glukani poti\u010du zdravlje crijeva i podr\u017eavaju imunolo\u0161ki sustav. Marstall MyoCare-M\u00fcsli formula bez pahuljica ne sadr\u017ei dodanog \u0161e\u0107era i lucerne, stoga je i nje\u017ena za metabolizam. <\/span><\/span><\/span><\/p>\n<p><strong>Sastav:<\/strong><\/p>\n<p><em><span class=\"HwtZe\" lang=\"sl\"><span class=\"jCAhz ChMk0b\"><span class=\"ryNqvb\">Trava, su\u0161ena pri visokoj temperaturi, pahuljice gra\u0161ka, ekstrahirana zdrobljena lanena sjemena, suhe grozdne tropine, biljno ulje (laneno ulje, ulje pegastog badlja), timotejeva trava, su\u0161ena pri visokoj temperaturi, zdrob uljne repice, cijela lanena sjemena, stani\u010dne stijenke pivskog kvasca (Saccharomyces cerevisiae), magnezijev oksid, natrijev klorid, magnezijev fumarat, monokalcijev fosfat, natrijev bikarbonat.<\/span><\/span><\/span><\/em><\/p>\n<p><strong>Analiti\u010dki sastojci i sadr\u017eaj mueslija Marstall MyoCare te energetska vrijednost na kg<\/strong>:Sirove bjelan\u010devine 19,00 % pcv* sirove bjelan\u010devine,125,00 g Sirova mast, 10,30 % Sirovih vlakana 13,70 % Sirovi pepeo,9,20 % Energija (EN),11,80% MJ Energija (ME),10,10% MJ kalcij,0,45 % fosfor,0,50 % Natrij,0,55 % magnezij,0,85 % \u0160krob,4,20 % \u0161e\u0107er,5,10 % Amino kiseline Lizin*1,35 % SAS (metionin + cistein)*,0,90 % treonin*,1,40 % Triptofan,0,25 % valin,0,80 % *PCV = predcekalno probavljivo = probavljivo tanko crijevo = na voljo za konjePrehrambeni dodaci marstall MyoCare muesli na kg:U masti topljivi vitamini:vitamin A 18.000,00 I.E.,Vitamin D3 1.000,00 I.E.vitamin e 2.500,00 mg<br \/>\nVodotopivi vitamini:Vitamin C 1.000,00 mg,Vitamin B1 200,00 mg,Vitamin B2 100,00 mg,Vitamin B6\/piridoksin hidroklorid 100,00 mg,Vitamin B12 200,00 mcg,Biotin 10.500,00 mcg,Folna kiselina 10,00 mg<br \/>\n\u017deljezo kao \u017eeljezov sulfat monohidrat 120,00 mg,Bakar kao bakrov (II) sulfat pentahidrat 100,00 mg<br \/>\nBakrov (II) glicin kelat hidrat 50,00 mg,Cink kao cinkov oksid 400,00 mg,Glicin cink kelat hidrat 200,00 mg,Mangan kao manganov (II) oksid 300,00 mg,Glicin manganov kelat hidrat 200,00 mg,Kalcijev jodat, bezvodni 0,80 mg,Selen kao natrijev selenit 0,60 mg,Selen u organski obliki iz Saccharomyces cerevisiae CNCM I-3060 (inaktivirane selenske kvasovke)0,40 mg<br \/>\nAmino kiseline:L-lizin monohidroklorid (tehni\u010dki \u010dist) (3c322) 0,70 %,DL-metionin (tehni\u010dki \u010dist) (3c301) 0,50 %,L-treonin (3c410) 0,90 %,L-triptofan (3c440) 0,05 %,L-valin (3c371) 0,10 %<br \/>\nPrehrambeni dodaci marstall MyoCare muesli na kg:<br \/>\nU masti topljivi vitamini vitamin A 18.000,00 I.E.,Vitamin D3 1.000,00 I.E.,vitamin e 2.500,00 mg<br \/>\nVodotopivi vitamini:<br \/>\nVitamin C 1.000,00 mg,Vitamin B1 200,00 mg,Vitamin B2 100,00 mg,Vitamin B6\/piridoksin hidroklorid 100,00 mg,Vitamin B12 200,00 mcg,Biotin 10.500,00 mcg,Folna kiselina 10,00 mg<br \/>\nElementi u tragovima:<br \/>\n\u017deljezo kao \u017eeljezov sulfat monohidrat 120,00 mg,Bakar kao bakrov (II) sulfat pentahidrat 100,00 mg,<br \/>\nBakrov (II) glicin kelat hidrat 50,00 mg,Cink kao cinkov oksid 400,00 mg,Glicin cink kelat hidrat 200,00 mg,Mangan kao manganov (II) oksid 300,00 mg,Glicin manganov kelat hidrat 200,00 mg,Kalcijev jodat, bezvodni 0,80 mg,Selen kao natrijev selenit 0,60 mg,Selen u organski obliki iz Saccharomyces cerevisiae CNCM I-3060 (inaktivirane selenske kvasovke)0,40 mg<br \/>\nAmino kiseline:L-lizin monohidroklorid (tehni\u010dki \u010dist) (3c322)0,70 %,DL-metionin (tehni\u010dki \u010dist) (3c301)0,50 %,L-treonin (3c410)0,90 %,L-triptofan (3c440)0,05 %,L-valin (3c371)0,10 %<\/p>\n","protected":false},"excerpt":{"rendered":"<p dir=\"ltr\" data-placeholder=\"Translation\"><strong>Za ovaj proizvod se zbog dimenzija ili te\u017eine obra\u010dunavaju dodatni tro\u0161kovi po\u0161tarine u vrijednosti 15\u20ac \/ kom.<\/strong><\/p>\n<p id=\"tw-target-text\" class=\"tw-data-text tw-text-large tw-ta\" dir=\"ltr\" data-placeholder=\"Translation\"><span class=\"Y2IQFc\" lang=\"sl\"><strong>Za konje s PSSM sindromom<\/strong><br \/>\n<\/span><\/p>\n<ul>\n<li id=\"tw-target-text\" class=\"tw-data-text tw-text-large tw-ta\" dir=\"ltr\" data-placeholder=\"Translation\"><span class=\"Y2IQFc\" lang=\"sl\">krma za konje s PSSM sindromom tipa 1 i 2 te RER <\/span><\/li>\n<li class=\"tw-data-text tw-text-large tw-ta\" dir=\"ltr\" data-placeholder=\"Translation\"><span class=\"Y2IQFc\" lang=\"sl\">visok udio bjelan\u010devina <\/span><\/li>\n<li class=\"tw-data-text tw-text-large tw-ta\" dir=\"ltr\" data-placeholder=\"Translation\"><span class=\"Y2IQFc\" lang=\"sl\">bez soje <\/span><\/li>\n<li class=\"tw-data-text tw-text-large tw-ta\" dir=\"ltr\" data-placeholder=\"Translation\"><span class=\"Y2IQFc\" lang=\"sl\">visoko probavljive aminokiseline <\/span><\/li>\n<li class=\"tw-data-text tw-text-large tw-ta\" dir=\"ltr\" data-placeholder=\"Translation\"><span class=\"Y2IQFc\" lang=\"sl\">visok udio vitamina E <\/span><\/li>\n<li class=\"tw-data-text tw-text-large tw-ta\" dir=\"ltr\" data-placeholder=\"Translation\"><span class=\"Y2IQFc\" lang=\"sl\">bez \u017eitarica i melase<\/span><\/li>\n<\/ul>\n<p><strong>Koli\u010dina : 15 kg<\/strong><\/p>\n<p>&nbsp;<\/p>\n<p>&nbsp;<\/p>\n<p>&nbsp;<\/p>\n","protected":false},"featured_media":131008,"template":"","meta":{"footnotes":""},"product_brand":[],"product_cat":[6090,5710,6089],"product_tag":[],"class_list":{"0":"post-102426","1":"product","2":"type-product","3":"status-publish","4":"has-post-thumbnail","6":"product_cat-bez-zitarica","7":"product_cat-hrana-za-konje-hr","8":"product_cat-marstall-hr","9":"product_shipping_class-marstall-hr","11":"first","12":"instock","13":"sale","14":"shipping-taxable","15":"purchasable","16":"product-type-simple"},"yoast_head":"<!-- This site is optimized with the Yoast SEO plugin v27.4 - https:\/\/yoast.com\/product\/yoast-seo-wordpress\/ -->\n<title>Marstall MyoCare - Clair<\/title>\n<meta name=\"description\" content=\"Marstall MyoCare hrana za konje oblikovana je za zadovoljavanje prehrambenih potreba konja s PSSM 1, PSSM 2 i RER sindromom. Pro\u010ditajte vi\u0161e...\" \/>\n<meta name=\"robots\" content=\"index, follow, max-snippet:-1, max-image-preview:large, max-video-preview:-1\" \/>\n<link rel=\"canonical\" href=\"https:\/\/clair.si\/izdelek\/marstall-myocare-hrana-za-konje\/\" \/>\n<meta property=\"og:locale\" content=\"hr_HR\" \/>\n<meta property=\"og:type\" content=\"article\" \/>\n<meta property=\"og:title\" content=\"Marstall MyoCare - Clair\" \/>\n<meta property=\"og:description\" content=\"Marstall MyoCare hrana za konje oblikovana je za zadovoljavanje prehrambenih potreba konja s PSSM 1, PSSM 2 i RER sindromom. Pro\u010ditajte vi\u0161e...\" \/>\n<meta property=\"og:url\" content=\"https:\/\/clair.si\/izdelek\/marstall-myocare-hrana-za-konje\/\" \/>\n<meta property=\"og:site_name\" content=\"Clair\" \/>\n<meta property=\"article:publisher\" content=\"https:\/\/www.facebook.com\/TrgovinaClair\/\" \/>\n<meta property=\"article:modified_time\" content=\"2025-08-28T17:47:40+00:00\" \/>\n<meta property=\"og:image\" content=\"https:\/\/clair.si\/wp-content\/uploads\/2022\/09\/myocare-musli-marstall-krma-za-konje-hrana.jpg\" \/>\n\t<meta property=\"og:image:width\" content=\"800\" \/>\n\t<meta property=\"og:image:height\" content=\"800\" \/>\n\t<meta property=\"og:image:type\" content=\"image\/jpeg\" \/>\n<meta name=\"twitter:card\" content=\"summary_large_image\" \/>\n<meta name=\"twitter:label1\" content=\"Procijenjeno vrijeme \u010ditanja\" \/>\n\t<meta name=\"twitter:data1\" content=\"4 minute\" \/>\n<script type=\"application\/ld+json\" class=\"yoast-schema-graph\">{\"@context\":\"https:\\\/\\\/schema.org\",\"@graph\":[{\"@type\":\"WebPage\",\"@id\":\"https:\\\/\\\/clair.si\\\/izdelek\\\/marstall-myocare-hrana-za-konje\\\/\",\"url\":\"https:\\\/\\\/clair.si\\\/izdelek\\\/marstall-myocare-hrana-za-konje\\\/\",\"name\":\"Marstall MyoCare - Clair\",\"isPartOf\":{\"@id\":\"https:\\\/\\\/clair.si\\\/#website\"},\"primaryImageOfPage\":{\"@id\":\"https:\\\/\\\/clair.si\\\/izdelek\\\/marstall-myocare-hrana-za-konje\\\/#primaryimage\"},\"image\":{\"@id\":\"https:\\\/\\\/clair.si\\\/izdelek\\\/marstall-myocare-hrana-za-konje\\\/#primaryimage\"},\"thumbnailUrl\":\"https:\\\/\\\/clair.si\\\/wp-content\\\/uploads\\\/2022\\\/09\\\/myocare-trgovina-clair-marstall.webp\",\"datePublished\":\"2022-09-28T10:47:13+00:00\",\"dateModified\":\"2025-08-28T17:47:40+00:00\",\"description\":\"Marstall MyoCare hrana za konje oblikovana je za zadovoljavanje prehrambenih potreba konja s PSSM 1, PSSM 2 i RER sindromom. Pro\u010ditajte vi\u0161e...\",\"breadcrumb\":{\"@id\":\"https:\\\/\\\/clair.si\\\/izdelek\\\/marstall-myocare-hrana-za-konje\\\/#breadcrumb\"},\"inLanguage\":\"hr\",\"potentialAction\":[{\"@type\":\"ReadAction\",\"target\":[\"https:\\\/\\\/clair.si\\\/izdelek\\\/marstall-myocare-hrana-za-konje\\\/\"]}]},{\"@type\":\"ImageObject\",\"inLanguage\":\"hr\",\"@id\":\"https:\\\/\\\/clair.si\\\/izdelek\\\/marstall-myocare-hrana-za-konje\\\/#primaryimage\",\"url\":\"https:\\\/\\\/clair.si\\\/wp-content\\\/uploads\\\/2022\\\/09\\\/myocare-trgovina-clair-marstall.webp\",\"contentUrl\":\"https:\\\/\\\/clair.si\\\/wp-content\\\/uploads\\\/2022\\\/09\\\/myocare-trgovina-clair-marstall.webp\",\"width\":800,\"height\":800},{\"@type\":\"BreadcrumbList\",\"@id\":\"https:\\\/\\\/clair.si\\\/izdelek\\\/marstall-myocare-hrana-za-konje\\\/#breadcrumb\",\"itemListElement\":[{\"@type\":\"ListItem\",\"position\":1,\"name\":\"Home\",\"item\":\"https:\\\/\\\/clair.si\\\/hr\\\/\"},{\"@type\":\"ListItem\",\"position\":2,\"name\":\"Trgovina\",\"item\":\"https:\\\/\\\/clair.si\\\/trgovina\\\/\"},{\"@type\":\"ListItem\",\"position\":3,\"name\":\"Marstall MyoCare\"}]},{\"@type\":\"WebSite\",\"@id\":\"https:\\\/\\\/clair.si\\\/#website\",\"url\":\"https:\\\/\\\/clair.si\\\/\",\"name\":\"Clair\",\"description\":\"Trgovina s konjeni\u0161ko opremo\",\"publisher\":{\"@id\":\"https:\\\/\\\/clair.si\\\/#organization\"},\"potentialAction\":[{\"@type\":\"SearchAction\",\"target\":{\"@type\":\"EntryPoint\",\"urlTemplate\":\"https:\\\/\\\/clair.si\\\/?s={search_term_string}\"},\"query-input\":{\"@type\":\"PropertyValueSpecification\",\"valueRequired\":true,\"valueName\":\"search_term_string\"}}],\"inLanguage\":\"hr\"},{\"@type\":\"Organization\",\"@id\":\"https:\\\/\\\/clair.si\\\/#organization\",\"name\":\"Clair\",\"url\":\"https:\\\/\\\/clair.si\\\/\",\"logo\":{\"@type\":\"ImageObject\",\"inLanguage\":\"hr\",\"@id\":\"https:\\\/\\\/clair.si\\\/#\\\/schema\\\/logo\\\/image\\\/\",\"url\":\"https:\\\/\\\/clair.si\\\/wp-content\\\/uploads\\\/2022\\\/11\\\/clair_logo_2022.jpg\",\"contentUrl\":\"https:\\\/\\\/clair.si\\\/wp-content\\\/uploads\\\/2022\\\/11\\\/clair_logo_2022.jpg\",\"width\":1920,\"height\":1920,\"caption\":\"Clair\"},\"image\":{\"@id\":\"https:\\\/\\\/clair.si\\\/#\\\/schema\\\/logo\\\/image\\\/\"},\"sameAs\":[\"https:\\\/\\\/www.facebook.com\\\/TrgovinaClair\\\/\"]}]}<\/script>\n<!-- \/ Yoast SEO plugin. -->","yoast_head_json":{"title":"Marstall MyoCare - Clair","description":"Marstall MyoCare hrana za konje oblikovana je za zadovoljavanje prehrambenih potreba konja s PSSM 1, PSSM 2 i RER sindromom. Pro\u010ditajte vi\u0161e...","robots":{"index":"index","follow":"follow","max-snippet":"max-snippet:-1","max-image-preview":"max-image-preview:large","max-video-preview":"max-video-preview:-1"},"canonical":"https:\/\/clair.si\/izdelek\/marstall-myocare-hrana-za-konje\/","og_locale":"hr_HR","og_type":"article","og_title":"Marstall MyoCare - Clair","og_description":"Marstall MyoCare hrana za konje oblikovana je za zadovoljavanje prehrambenih potreba konja s PSSM 1, PSSM 2 i RER sindromom. Pro\u010ditajte vi\u0161e...","og_url":"https:\/\/clair.si\/izdelek\/marstall-myocare-hrana-za-konje\/","og_site_name":"Clair","article_publisher":"https:\/\/www.facebook.com\/TrgovinaClair\/","article_modified_time":"2025-08-28T17:47:40+00:00","og_image":[{"width":800,"height":800,"url":"https:\/\/clair.si\/wp-content\/uploads\/2022\/09\/myocare-musli-marstall-krma-za-konje-hrana.jpg","type":"image\/jpeg"}],"twitter_card":"summary_large_image","twitter_misc":{"Procijenjeno vrijeme \u010ditanja":"4 minute"},"schema":{"@context":"https:\/\/schema.org","@graph":[{"@type":"WebPage","@id":"https:\/\/clair.si\/izdelek\/marstall-myocare-hrana-za-konje\/","url":"https:\/\/clair.si\/izdelek\/marstall-myocare-hrana-za-konje\/","name":"Marstall MyoCare - Clair","isPartOf":{"@id":"https:\/\/clair.si\/#website"},"primaryImageOfPage":{"@id":"https:\/\/clair.si\/izdelek\/marstall-myocare-hrana-za-konje\/#primaryimage"},"image":{"@id":"https:\/\/clair.si\/izdelek\/marstall-myocare-hrana-za-konje\/#primaryimage"},"thumbnailUrl":"https:\/\/clair.si\/wp-content\/uploads\/2022\/09\/myocare-trgovina-clair-marstall.webp","datePublished":"2022-09-28T10:47:13+00:00","dateModified":"2025-08-28T17:47:40+00:00","description":"Marstall MyoCare hrana za konje oblikovana je za zadovoljavanje prehrambenih potreba konja s PSSM 1, PSSM 2 i RER sindromom. Pro\u010ditajte vi\u0161e...","breadcrumb":{"@id":"https:\/\/clair.si\/izdelek\/marstall-myocare-hrana-za-konje\/#breadcrumb"},"inLanguage":"hr","potentialAction":[{"@type":"ReadAction","target":["https:\/\/clair.si\/izdelek\/marstall-myocare-hrana-za-konje\/"]}]},{"@type":"ImageObject","inLanguage":"hr","@id":"https:\/\/clair.si\/izdelek\/marstall-myocare-hrana-za-konje\/#primaryimage","url":"https:\/\/clair.si\/wp-content\/uploads\/2022\/09\/myocare-trgovina-clair-marstall.webp","contentUrl":"https:\/\/clair.si\/wp-content\/uploads\/2022\/09\/myocare-trgovina-clair-marstall.webp","width":800,"height":800},{"@type":"BreadcrumbList","@id":"https:\/\/clair.si\/izdelek\/marstall-myocare-hrana-za-konje\/#breadcrumb","itemListElement":[{"@type":"ListItem","position":1,"name":"Home","item":"https:\/\/clair.si\/hr\/"},{"@type":"ListItem","position":2,"name":"Trgovina","item":"https:\/\/clair.si\/trgovina\/"},{"@type":"ListItem","position":3,"name":"Marstall MyoCare"}]},{"@type":"WebSite","@id":"https:\/\/clair.si\/#website","url":"https:\/\/clair.si\/","name":"Clair","description":"Trgovina s konjeni\u0161ko opremo","publisher":{"@id":"https:\/\/clair.si\/#organization"},"potentialAction":[{"@type":"SearchAction","target":{"@type":"EntryPoint","urlTemplate":"https:\/\/clair.si\/?s={search_term_string}"},"query-input":{"@type":"PropertyValueSpecification","valueRequired":true,"valueName":"search_term_string"}}],"inLanguage":"hr"},{"@type":"Organization","@id":"https:\/\/clair.si\/#organization","name":"Clair","url":"https:\/\/clair.si\/","logo":{"@type":"ImageObject","inLanguage":"hr","@id":"https:\/\/clair.si\/#\/schema\/logo\/image\/","url":"https:\/\/clair.si\/wp-content\/uploads\/2022\/11\/clair_logo_2022.jpg","contentUrl":"https:\/\/clair.si\/wp-content\/uploads\/2022\/11\/clair_logo_2022.jpg","width":1920,"height":1920,"caption":"Clair"},"image":{"@id":"https:\/\/clair.si\/#\/schema\/logo\/image\/"},"sameAs":["https:\/\/www.facebook.com\/TrgovinaClair\/"]}]}},"_links":{"self":[{"href":"https:\/\/clair.si\/hr\/wp-json\/wp\/v2\/product\/102426","targetHints":{"allow":["GET"]}}],"collection":[{"href":"https:\/\/clair.si\/hr\/wp-json\/wp\/v2\/product"}],"about":[{"href":"https:\/\/clair.si\/hr\/wp-json\/wp\/v2\/types\/product"}],"version-history":[{"count":0,"href":"https:\/\/clair.si\/hr\/wp-json\/wp\/v2\/product\/102426\/revisions"}],"wp:featuredmedia":[{"embeddable":true,"href":"https:\/\/clair.si\/hr\/wp-json\/wp\/v2\/media\/131008"}],"wp:attachment":[{"href":"https:\/\/clair.si\/hr\/wp-json\/wp\/v2\/media?parent=102426"}],"wp:term":[{"taxonomy":"product_brand","embeddable":true,"href":"https:\/\/clair.si\/hr\/wp-json\/wp\/v2\/product_brand?post=102426"},{"taxonomy":"product_cat","embeddable":true,"href":"https:\/\/clair.si\/hr\/wp-json\/wp\/v2\/product_cat?post=102426"},{"taxonomy":"product_tag","embeddable":true,"href":"https:\/\/clair.si\/hr\/wp-json\/wp\/v2\/product_tag?post=102426"}],"curies":[{"name":"wp","href":"https:\/\/api.w.org\/{rel}","templated":true}]}}