{"id":102452,"date":"2022-09-27T11:11:16","date_gmt":"2022-09-27T09:11:16","guid":{"rendered":"https:\/\/clair.si\/izdelek\/podsedelni-remen-kavalkade-comfort\/"},"modified":"2025-09-28T19:16:09","modified_gmt":"2025-09-28T17:16:09","slug":"podsedelni-kolan-kavalkade-comfort","status":"publish","type":"product","link":"https:\/\/clair.si\/hr\/izdelek\/podsedelni-kolan-kavalkade-comfort\/","title":{"rendered":"Podsedelni kolan Kavalkade Comfort"},"content":{"rendered":"<p>Podsedelni kolan kojeg odlikuje <strong>mekana ko\u017ea<\/strong>!<\/p>\n<p><strong>Ko\u017eni podsedelni kolan Kavalkade Comfort<\/strong> udobno prianja uz tijelo svakog konja. Izra\u0111en je od iznimno mekane ko\u017ee. Oblikovan je tako da ne ometa konja tijekom kretanja.<br \/>\nKo\u017eni kolan sastoji se od sna\u017ene najlonske trake koja osigurava stabilnost oblika remena. Na najlon je postavljena pjena koja osigurava meko\u0107u. Oko njega je omotana mekana ko\u017ea za optimalnu izdr\u017eljivost i udobnost &#8211; \u0161to omogu\u0107uje dobrobit konja.    <\/p>\n<p>Na sredini podsedelnog kolan , remen je ne\u0161to pro\u0161iren, \u0161to omogu\u0107uje ravnomjerniju raspodjelu pritiska te nudi udobnije prianjanje konju.<\/p>\n<ul>\n<li><strong>Mekani ko\u017eni kolan <\/strong>sa \u0161irokim prsnim dijelom<\/li>\n<li><strong>Elastika na oba kraja<\/strong> za lak\u0161e zakop\u010davanje remena<\/li>\n<li><strong>Anatomski oblikovan<\/strong><\/li>\n<\/ul>\n<p>Veli\u010dina: 95-150 cm<br \/>\nMaterijal: mekana ko\u017ea s pjenom u unutra\u0161njosti<br \/>\nTe\u017eina: 0,9 kg<br \/>\nBoja crna, sme\u0111a<\/p>\n<p>Podsedelni kolan Kavalkade Comfort je vi\u0161enamjenski remen i mo\u017ee se koristiti pri svakodnevnom jahanju. Zbog svoje meko\u0107e osigurava vrlo dobro i udobno no\u0161enje te je stoga primjeren i za osjetljivije konje. <\/p>\n","protected":false},"excerpt":{"rendered":"<p>Podsedelni kolan kojeg odlikuje mekana ko\u017ea! Ko\u017eni podsedelni kolan Kavalkade Comfort udobno prianja uz tijelo svakog konja. Izra\u0111en je od<\/p>\n","protected":false},"featured_media":102466,"template":"","meta":{"footnotes":""},"product_brand":[],"product_cat":[5818,5624,6581,5819],"product_tag":[],"class_list":{"0":"post-102452","1":"product","2":"type-product","3":"status-publish","4":"has-post-thumbnail","6":"product_cat-kolan","7":"product_cat-konj-hr","8":"product_cat-skakaci-kolani","9":"product_cat-visenamjenski-kolani","11":"first","12":"instock","13":"shipping-taxable","14":"purchasable","15":"product-type-variable"},"yoast_head":"<!-- This site is optimized with the Yoast SEO plugin v27.4 - https:\/\/yoast.com\/product\/yoast-seo-wordpress\/ -->\n<title>Podsedelni kolan Kavalkade Comfort - Clair<\/title>\n<meta name=\"description\" content=\"Podsedelni kolan Kavalkade Comfort odlikuje iznimno mekana ko\u017ea za maksimalnu udobnost. Primjeren za osjetljive konje. Naru\u010dite brzo, sigurno i povoljno u web trgovini.\" \/>\n<meta name=\"robots\" content=\"index, follow, max-snippet:-1, max-image-preview:large, max-video-preview:-1\" \/>\n<link rel=\"canonical\" href=\"https:\/\/clair.si\/hr\/izdelek\/podsedelni-kolan-kavalkade-comfort\/\" \/>\n<meta property=\"og:locale\" content=\"hr_HR\" \/>\n<meta property=\"og:type\" content=\"article\" \/>\n<meta property=\"og:title\" content=\"Podsedelni kolan Kavalkade Comfort - Clair\" \/>\n<meta property=\"og:description\" content=\"Podsedelni kolan Kavalkade Comfort odlikuje iznimno mekana ko\u017ea za maksimalnu udobnost. Primjeren za osjetljive konje. Naru\u010dite brzo, sigurno i povoljno u web trgovini.\" \/>\n<meta property=\"og:url\" content=\"https:\/\/clair.si\/hr\/izdelek\/podsedelni-kolan-kavalkade-comfort\/\" \/>\n<meta property=\"og:site_name\" content=\"Clair\" \/>\n<meta property=\"article:publisher\" content=\"https:\/\/www.facebook.com\/TrgovinaClair\/\" \/>\n<meta property=\"article:modified_time\" content=\"2025-09-28T17:16:09+00:00\" \/>\n<meta property=\"og:image\" content=\"https:\/\/clair.si\/wp-content\/uploads\/2022\/09\/14311_01-podsedelni-pas-kavalkade-comfort.jpg\" \/>\n\t<meta property=\"og:image:width\" content=\"825\" \/>\n\t<meta property=\"og:image:height\" content=\"725\" \/>\n\t<meta property=\"og:image:type\" content=\"image\/jpeg\" \/>\n<meta name=\"twitter:card\" content=\"summary_large_image\" \/>\n<meta name=\"twitter:label1\" content=\"Procijenjeno vrijeme \u010ditanja\" \/>\n\t<meta name=\"twitter:data1\" content=\"1 minuta\" \/>\n<script type=\"application\/ld+json\" class=\"yoast-schema-graph\">{\"@context\":\"https:\\\/\\\/schema.org\",\"@graph\":[{\"@type\":\"WebPage\",\"@id\":\"https:\\\/\\\/clair.si\\\/hr\\\/izdelek\\\/podsedelni-kolan-kavalkade-comfort\\\/\",\"url\":\"https:\\\/\\\/clair.si\\\/hr\\\/izdelek\\\/podsedelni-kolan-kavalkade-comfort\\\/\",\"name\":\"Podsedelni kolan Kavalkade Comfort - Clair\",\"isPartOf\":{\"@id\":\"https:\\\/\\\/clair.si\\\/#website\"},\"primaryImageOfPage\":{\"@id\":\"https:\\\/\\\/clair.si\\\/hr\\\/izdelek\\\/podsedelni-kolan-kavalkade-comfort\\\/#primaryimage\"},\"image\":{\"@id\":\"https:\\\/\\\/clair.si\\\/hr\\\/izdelek\\\/podsedelni-kolan-kavalkade-comfort\\\/#primaryimage\"},\"thumbnailUrl\":\"https:\\\/\\\/clair.si\\\/wp-content\\\/uploads\\\/2022\\\/09\\\/14311_01-podsedelni-pas-kavalkade-comfort.webp\",\"datePublished\":\"2022-09-27T09:11:16+00:00\",\"dateModified\":\"2025-09-28T17:16:09+00:00\",\"description\":\"Podsedelni kolan Kavalkade Comfort odlikuje iznimno mekana ko\u017ea za maksimalnu udobnost. Primjeren za osjetljive konje. Naru\u010dite brzo, sigurno i povoljno u web trgovini.\",\"breadcrumb\":{\"@id\":\"https:\\\/\\\/clair.si\\\/hr\\\/izdelek\\\/podsedelni-kolan-kavalkade-comfort\\\/#breadcrumb\"},\"inLanguage\":\"hr\",\"potentialAction\":[{\"@type\":\"ReadAction\",\"target\":[\"https:\\\/\\\/clair.si\\\/hr\\\/izdelek\\\/podsedelni-kolan-kavalkade-comfort\\\/\"]}]},{\"@type\":\"ImageObject\",\"inLanguage\":\"hr\",\"@id\":\"https:\\\/\\\/clair.si\\\/hr\\\/izdelek\\\/podsedelni-kolan-kavalkade-comfort\\\/#primaryimage\",\"url\":\"https:\\\/\\\/clair.si\\\/wp-content\\\/uploads\\\/2022\\\/09\\\/14311_01-podsedelni-pas-kavalkade-comfort.webp\",\"contentUrl\":\"https:\\\/\\\/clair.si\\\/wp-content\\\/uploads\\\/2022\\\/09\\\/14311_01-podsedelni-pas-kavalkade-comfort.webp\",\"width\":825,\"height\":725,\"caption\":\"Podsedelni pas Kavalkade Comfort.\"},{\"@type\":\"BreadcrumbList\",\"@id\":\"https:\\\/\\\/clair.si\\\/hr\\\/izdelek\\\/podsedelni-kolan-kavalkade-comfort\\\/#breadcrumb\",\"itemListElement\":[{\"@type\":\"ListItem\",\"position\":1,\"name\":\"Home\",\"item\":\"https:\\\/\\\/clair.si\\\/hr\\\/\"},{\"@type\":\"ListItem\",\"position\":2,\"name\":\"Trgovina\",\"item\":\"https:\\\/\\\/clair.si\\\/trgovina\\\/\"},{\"@type\":\"ListItem\",\"position\":3,\"name\":\"Podsedelni kolan Kavalkade Comfort\"}]},{\"@type\":\"WebSite\",\"@id\":\"https:\\\/\\\/clair.si\\\/#website\",\"url\":\"https:\\\/\\\/clair.si\\\/\",\"name\":\"Clair\",\"description\":\"Trgovina s konjeni\u0161ko opremo\",\"publisher\":{\"@id\":\"https:\\\/\\\/clair.si\\\/#organization\"},\"potentialAction\":[{\"@type\":\"SearchAction\",\"target\":{\"@type\":\"EntryPoint\",\"urlTemplate\":\"https:\\\/\\\/clair.si\\\/?s={search_term_string}\"},\"query-input\":{\"@type\":\"PropertyValueSpecification\",\"valueRequired\":true,\"valueName\":\"search_term_string\"}}],\"inLanguage\":\"hr\"},{\"@type\":\"Organization\",\"@id\":\"https:\\\/\\\/clair.si\\\/#organization\",\"name\":\"Clair\",\"url\":\"https:\\\/\\\/clair.si\\\/\",\"logo\":{\"@type\":\"ImageObject\",\"inLanguage\":\"hr\",\"@id\":\"https:\\\/\\\/clair.si\\\/#\\\/schema\\\/logo\\\/image\\\/\",\"url\":\"https:\\\/\\\/clair.si\\\/wp-content\\\/uploads\\\/2022\\\/11\\\/clair_logo_2022.jpg\",\"contentUrl\":\"https:\\\/\\\/clair.si\\\/wp-content\\\/uploads\\\/2022\\\/11\\\/clair_logo_2022.jpg\",\"width\":1920,\"height\":1920,\"caption\":\"Clair\"},\"image\":{\"@id\":\"https:\\\/\\\/clair.si\\\/#\\\/schema\\\/logo\\\/image\\\/\"},\"sameAs\":[\"https:\\\/\\\/www.facebook.com\\\/TrgovinaClair\\\/\"]}]}<\/script>\n<!-- \/ Yoast SEO plugin. -->","yoast_head_json":{"title":"Podsedelni kolan Kavalkade Comfort - Clair","description":"Podsedelni kolan Kavalkade Comfort odlikuje iznimno mekana ko\u017ea za maksimalnu udobnost. Primjeren za osjetljive konje. Naru\u010dite brzo, sigurno i povoljno u web trgovini.","robots":{"index":"index","follow":"follow","max-snippet":"max-snippet:-1","max-image-preview":"max-image-preview:large","max-video-preview":"max-video-preview:-1"},"canonical":"https:\/\/clair.si\/hr\/izdelek\/podsedelni-kolan-kavalkade-comfort\/","og_locale":"hr_HR","og_type":"article","og_title":"Podsedelni kolan Kavalkade Comfort - Clair","og_description":"Podsedelni kolan Kavalkade Comfort odlikuje iznimno mekana ko\u017ea za maksimalnu udobnost. Primjeren za osjetljive konje. Naru\u010dite brzo, sigurno i povoljno u web trgovini.","og_url":"https:\/\/clair.si\/hr\/izdelek\/podsedelni-kolan-kavalkade-comfort\/","og_site_name":"Clair","article_publisher":"https:\/\/www.facebook.com\/TrgovinaClair\/","article_modified_time":"2025-09-28T17:16:09+00:00","og_image":[{"width":825,"height":725,"url":"https:\/\/clair.si\/wp-content\/uploads\/2022\/09\/14311_01-podsedelni-pas-kavalkade-comfort.jpg","type":"image\/jpeg"}],"twitter_card":"summary_large_image","twitter_misc":{"Procijenjeno vrijeme \u010ditanja":"1 minuta"},"schema":{"@context":"https:\/\/schema.org","@graph":[{"@type":"WebPage","@id":"https:\/\/clair.si\/hr\/izdelek\/podsedelni-kolan-kavalkade-comfort\/","url":"https:\/\/clair.si\/hr\/izdelek\/podsedelni-kolan-kavalkade-comfort\/","name":"Podsedelni kolan Kavalkade Comfort - Clair","isPartOf":{"@id":"https:\/\/clair.si\/#website"},"primaryImageOfPage":{"@id":"https:\/\/clair.si\/hr\/izdelek\/podsedelni-kolan-kavalkade-comfort\/#primaryimage"},"image":{"@id":"https:\/\/clair.si\/hr\/izdelek\/podsedelni-kolan-kavalkade-comfort\/#primaryimage"},"thumbnailUrl":"https:\/\/clair.si\/wp-content\/uploads\/2022\/09\/14311_01-podsedelni-pas-kavalkade-comfort.webp","datePublished":"2022-09-27T09:11:16+00:00","dateModified":"2025-09-28T17:16:09+00:00","description":"Podsedelni kolan Kavalkade Comfort odlikuje iznimno mekana ko\u017ea za maksimalnu udobnost. Primjeren za osjetljive konje. Naru\u010dite brzo, sigurno i povoljno u web trgovini.","breadcrumb":{"@id":"https:\/\/clair.si\/hr\/izdelek\/podsedelni-kolan-kavalkade-comfort\/#breadcrumb"},"inLanguage":"hr","potentialAction":[{"@type":"ReadAction","target":["https:\/\/clair.si\/hr\/izdelek\/podsedelni-kolan-kavalkade-comfort\/"]}]},{"@type":"ImageObject","inLanguage":"hr","@id":"https:\/\/clair.si\/hr\/izdelek\/podsedelni-kolan-kavalkade-comfort\/#primaryimage","url":"https:\/\/clair.si\/wp-content\/uploads\/2022\/09\/14311_01-podsedelni-pas-kavalkade-comfort.webp","contentUrl":"https:\/\/clair.si\/wp-content\/uploads\/2022\/09\/14311_01-podsedelni-pas-kavalkade-comfort.webp","width":825,"height":725,"caption":"Podsedelni pas Kavalkade Comfort."},{"@type":"BreadcrumbList","@id":"https:\/\/clair.si\/hr\/izdelek\/podsedelni-kolan-kavalkade-comfort\/#breadcrumb","itemListElement":[{"@type":"ListItem","position":1,"name":"Home","item":"https:\/\/clair.si\/hr\/"},{"@type":"ListItem","position":2,"name":"Trgovina","item":"https:\/\/clair.si\/trgovina\/"},{"@type":"ListItem","position":3,"name":"Podsedelni kolan Kavalkade Comfort"}]},{"@type":"WebSite","@id":"https:\/\/clair.si\/#website","url":"https:\/\/clair.si\/","name":"Clair","description":"Trgovina s konjeni\u0161ko opremo","publisher":{"@id":"https:\/\/clair.si\/#organization"},"potentialAction":[{"@type":"SearchAction","target":{"@type":"EntryPoint","urlTemplate":"https:\/\/clair.si\/?s={search_term_string}"},"query-input":{"@type":"PropertyValueSpecification","valueRequired":true,"valueName":"search_term_string"}}],"inLanguage":"hr"},{"@type":"Organization","@id":"https:\/\/clair.si\/#organization","name":"Clair","url":"https:\/\/clair.si\/","logo":{"@type":"ImageObject","inLanguage":"hr","@id":"https:\/\/clair.si\/#\/schema\/logo\/image\/","url":"https:\/\/clair.si\/wp-content\/uploads\/2022\/11\/clair_logo_2022.jpg","contentUrl":"https:\/\/clair.si\/wp-content\/uploads\/2022\/11\/clair_logo_2022.jpg","width":1920,"height":1920,"caption":"Clair"},"image":{"@id":"https:\/\/clair.si\/#\/schema\/logo\/image\/"},"sameAs":["https:\/\/www.facebook.com\/TrgovinaClair\/"]}]}},"_links":{"self":[{"href":"https:\/\/clair.si\/hr\/wp-json\/wp\/v2\/product\/102452","targetHints":{"allow":["GET"]}}],"collection":[{"href":"https:\/\/clair.si\/hr\/wp-json\/wp\/v2\/product"}],"about":[{"href":"https:\/\/clair.si\/hr\/wp-json\/wp\/v2\/types\/product"}],"version-history":[{"count":3,"href":"https:\/\/clair.si\/hr\/wp-json\/wp\/v2\/product\/102452\/revisions"}],"predecessor-version":[{"id":115114,"href":"https:\/\/clair.si\/hr\/wp-json\/wp\/v2\/product\/102452\/revisions\/115114"}],"wp:featuredmedia":[{"embeddable":true,"href":"https:\/\/clair.si\/hr\/wp-json\/wp\/v2\/media\/102466"}],"wp:attachment":[{"href":"https:\/\/clair.si\/hr\/wp-json\/wp\/v2\/media?parent=102452"}],"wp:term":[{"taxonomy":"product_brand","embeddable":true,"href":"https:\/\/clair.si\/hr\/wp-json\/wp\/v2\/product_brand?post=102452"},{"taxonomy":"product_cat","embeddable":true,"href":"https:\/\/clair.si\/hr\/wp-json\/wp\/v2\/product_cat?post=102452"},{"taxonomy":"product_tag","embeddable":true,"href":"https:\/\/clair.si\/hr\/wp-json\/wp\/v2\/product_tag?post=102452"}],"curies":[{"name":"wp","href":"https:\/\/api.w.org\/{rel}","templated":true}]}}