{"id":102462,"date":"2022-09-27T12:12:18","date_gmt":"2022-09-27T10:12:18","guid":{"rendered":"https:\/\/clair.si\/izdelek\/western-podsedlica-westride-pro\/"},"modified":"2025-08-28T08:11:32","modified_gmt":"2025-08-28T06:11:32","slug":"western-podsedlica-westride-pro","status":"publish","type":"product","link":"https:\/\/clair.si\/hr\/izdelek\/western-podsedlica-westride-pro\/","title":{"rendered":"Western podsedlica Westride PRO"},"content":{"rendered":"<p><strong>Western podsedlica Westride PRO<\/strong> je podloga izra\u0111ena od <strong>filca<\/strong> i <strong>pjene<\/strong>, u cijelosti podstavljena <strong>sinteti\u010dkom<\/strong> <strong>ov\u010djom ko\u017eom<\/strong>. Prednost podsedlice Westride PRO su dodane <strong>poliesterske<\/strong> <strong>zra\u010dne<\/strong> <strong>mre\u017ee<\/strong>, s 8 mm punjenjem od filca, koje se jednostavno pri\u010dvr\u0161\u0107uju i uklanjaju \u010di\u010dkom. Podsedlica je oja\u010dana bivoljom ko\u017eom <strong>oja\u010dana<\/strong> na podru\u010dju remena za sedlo i na podru\u010dju dodatnog remena za sedlo.  <\/p>\n<p>Dimenzije: 76 x 76 cm.<\/p>\n","protected":false},"excerpt":{"rendered":"<p>Western podsedlica Westride PRO je podloga izra\u0111ena od filca i pjene, u cijelosti podstavljena sinteti\u010dkom ov\u010djom ko\u017eom. Prednost podsedlice Westride<\/p>\n","protected":false},"featured_media":102470,"template":"","meta":{"footnotes":""},"product_brand":[],"product_cat":[5657,5624,5796,5726,5794,5793],"product_tag":[],"class_list":{"0":"post-102462","1":"product","2":"type-product","3":"status-publish","4":"has-post-thumbnail","6":"product_cat-kategorije-hr","7":"product_cat-konj-hr","8":"product_cat-podsedlice","9":"product_cat-podsedlice-i-kapice-za-usi","10":"product_cat-western-hr","11":"product_cat-western-podsedlice","13":"first","14":"instock","15":"shipping-taxable","16":"purchasable","17":"product-type-simple"},"yoast_head":"<!-- This site is optimized with the Yoast SEO plugin v27.3 - https:\/\/yoast.com\/product\/yoast-seo-wordpress\/ -->\n<title>Western podsedlica Westride PRO - Clair<\/title>\n<meta name=\"description\" content=\"Western podsedlica Westride PRO je odli\u010dna i vrlo udobna podsedlica koja je potrebna va\u0161em konju. Naru\u010dite svoju u na\u0161oj web trgovini, sada!\" \/>\n<meta name=\"robots\" content=\"index, follow, max-snippet:-1, max-image-preview:large, max-video-preview:-1\" \/>\n<link rel=\"canonical\" href=\"https:\/\/clair.si\/hr\/izdelek\/western-podsedlica-westride-pro\/\" \/>\n<meta property=\"og:locale\" content=\"hr_HR\" \/>\n<meta property=\"og:type\" content=\"article\" \/>\n<meta property=\"og:title\" content=\"Western podsedlica Westride PRO - Clair\" \/>\n<meta property=\"og:description\" content=\"Western podsedlica Westride PRO je odli\u010dna i vrlo udobna podsedlica koja je potrebna va\u0161em konju. Naru\u010dite svoju u na\u0161oj web trgovini, sada!\" \/>\n<meta property=\"og:url\" content=\"https:\/\/clair.si\/hr\/izdelek\/western-podsedlica-westride-pro\/\" \/>\n<meta property=\"og:site_name\" content=\"Clair\" \/>\n<meta property=\"article:publisher\" content=\"https:\/\/www.facebook.com\/TrgovinaClair\/\" \/>\n<meta property=\"article:modified_time\" content=\"2025-08-28T06:11:32+00:00\" \/>\n<meta property=\"og:image\" content=\"https:\/\/clair.si\/wp-content\/uploads\/2022\/09\/westride-pro-western-podsedelnica.jpg\" \/>\n\t<meta property=\"og:image:width\" content=\"800\" \/>\n\t<meta property=\"og:image:height\" content=\"800\" \/>\n\t<meta property=\"og:image:type\" content=\"image\/jpeg\" \/>\n<meta name=\"twitter:card\" content=\"summary_large_image\" \/>\n<script type=\"application\/ld+json\" class=\"yoast-schema-graph\">{\"@context\":\"https:\\\/\\\/schema.org\",\"@graph\":[{\"@type\":\"WebPage\",\"@id\":\"https:\\\/\\\/clair.si\\\/hr\\\/izdelek\\\/western-podsedlica-westride-pro\\\/\",\"url\":\"https:\\\/\\\/clair.si\\\/hr\\\/izdelek\\\/western-podsedlica-westride-pro\\\/\",\"name\":\"Western podsedlica Westride PRO - Clair\",\"isPartOf\":{\"@id\":\"https:\\\/\\\/clair.si\\\/#website\"},\"primaryImageOfPage\":{\"@id\":\"https:\\\/\\\/clair.si\\\/hr\\\/izdelek\\\/western-podsedlica-westride-pro\\\/#primaryimage\"},\"image\":{\"@id\":\"https:\\\/\\\/clair.si\\\/hr\\\/izdelek\\\/western-podsedlica-westride-pro\\\/#primaryimage\"},\"thumbnailUrl\":\"https:\\\/\\\/clair.si\\\/wp-content\\\/uploads\\\/2022\\\/09\\\/westride-pro-western-podsedelnica.webp\",\"datePublished\":\"2022-09-27T10:12:18+00:00\",\"dateModified\":\"2025-08-28T06:11:32+00:00\",\"description\":\"Western podsedlica Westride PRO je odli\u010dna i vrlo udobna podsedlica koja je potrebna va\u0161em konju. Naru\u010dite svoju u na\u0161oj web trgovini, sada!\",\"breadcrumb\":{\"@id\":\"https:\\\/\\\/clair.si\\\/hr\\\/izdelek\\\/western-podsedlica-westride-pro\\\/#breadcrumb\"},\"inLanguage\":\"hr\",\"potentialAction\":[{\"@type\":\"ReadAction\",\"target\":[\"https:\\\/\\\/clair.si\\\/hr\\\/izdelek\\\/western-podsedlica-westride-pro\\\/\"]}]},{\"@type\":\"ImageObject\",\"inLanguage\":\"hr\",\"@id\":\"https:\\\/\\\/clair.si\\\/hr\\\/izdelek\\\/western-podsedlica-westride-pro\\\/#primaryimage\",\"url\":\"https:\\\/\\\/clair.si\\\/wp-content\\\/uploads\\\/2022\\\/09\\\/westride-pro-western-podsedelnica.webp\",\"contentUrl\":\"https:\\\/\\\/clair.si\\\/wp-content\\\/uploads\\\/2022\\\/09\\\/westride-pro-western-podsedelnica.webp\",\"width\":800,\"height\":800,\"caption\":\"Western podsedelnica Westride Pro.\"},{\"@type\":\"BreadcrumbList\",\"@id\":\"https:\\\/\\\/clair.si\\\/hr\\\/izdelek\\\/western-podsedlica-westride-pro\\\/#breadcrumb\",\"itemListElement\":[{\"@type\":\"ListItem\",\"position\":1,\"name\":\"Home\",\"item\":\"https:\\\/\\\/clair.si\\\/hr\\\/\"},{\"@type\":\"ListItem\",\"position\":2,\"name\":\"Trgovina\",\"item\":\"https:\\\/\\\/clair.si\\\/trgovina\\\/\"},{\"@type\":\"ListItem\",\"position\":3,\"name\":\"Western podsedlica Westride PRO\"}]},{\"@type\":\"WebSite\",\"@id\":\"https:\\\/\\\/clair.si\\\/#website\",\"url\":\"https:\\\/\\\/clair.si\\\/\",\"name\":\"Clair\",\"description\":\"Trgovina s konjeni\u0161ko opremo\",\"publisher\":{\"@id\":\"https:\\\/\\\/clair.si\\\/#organization\"},\"potentialAction\":[{\"@type\":\"SearchAction\",\"target\":{\"@type\":\"EntryPoint\",\"urlTemplate\":\"https:\\\/\\\/clair.si\\\/?s={search_term_string}\"},\"query-input\":{\"@type\":\"PropertyValueSpecification\",\"valueRequired\":true,\"valueName\":\"search_term_string\"}}],\"inLanguage\":\"hr\"},{\"@type\":\"Organization\",\"@id\":\"https:\\\/\\\/clair.si\\\/#organization\",\"name\":\"Clair\",\"url\":\"https:\\\/\\\/clair.si\\\/\",\"logo\":{\"@type\":\"ImageObject\",\"inLanguage\":\"hr\",\"@id\":\"https:\\\/\\\/clair.si\\\/#\\\/schema\\\/logo\\\/image\\\/\",\"url\":\"https:\\\/\\\/clair.si\\\/wp-content\\\/uploads\\\/2022\\\/11\\\/clair_logo_2022.jpg\",\"contentUrl\":\"https:\\\/\\\/clair.si\\\/wp-content\\\/uploads\\\/2022\\\/11\\\/clair_logo_2022.jpg\",\"width\":1920,\"height\":1920,\"caption\":\"Clair\"},\"image\":{\"@id\":\"https:\\\/\\\/clair.si\\\/#\\\/schema\\\/logo\\\/image\\\/\"},\"sameAs\":[\"https:\\\/\\\/www.facebook.com\\\/TrgovinaClair\\\/\"]}]}<\/script>\n<!-- \/ Yoast SEO plugin. -->","yoast_head_json":{"title":"Western podsedlica Westride PRO - Clair","description":"Western podsedlica Westride PRO je odli\u010dna i vrlo udobna podsedlica koja je potrebna va\u0161em konju. Naru\u010dite svoju u na\u0161oj web trgovini, sada!","robots":{"index":"index","follow":"follow","max-snippet":"max-snippet:-1","max-image-preview":"max-image-preview:large","max-video-preview":"max-video-preview:-1"},"canonical":"https:\/\/clair.si\/hr\/izdelek\/western-podsedlica-westride-pro\/","og_locale":"hr_HR","og_type":"article","og_title":"Western podsedlica Westride PRO - Clair","og_description":"Western podsedlica Westride PRO je odli\u010dna i vrlo udobna podsedlica koja je potrebna va\u0161em konju. Naru\u010dite svoju u na\u0161oj web trgovini, sada!","og_url":"https:\/\/clair.si\/hr\/izdelek\/western-podsedlica-westride-pro\/","og_site_name":"Clair","article_publisher":"https:\/\/www.facebook.com\/TrgovinaClair\/","article_modified_time":"2025-08-28T06:11:32+00:00","og_image":[{"width":800,"height":800,"url":"https:\/\/clair.si\/wp-content\/uploads\/2022\/09\/westride-pro-western-podsedelnica.jpg","type":"image\/jpeg"}],"twitter_card":"summary_large_image","schema":{"@context":"https:\/\/schema.org","@graph":[{"@type":"WebPage","@id":"https:\/\/clair.si\/hr\/izdelek\/western-podsedlica-westride-pro\/","url":"https:\/\/clair.si\/hr\/izdelek\/western-podsedlica-westride-pro\/","name":"Western podsedlica Westride PRO - Clair","isPartOf":{"@id":"https:\/\/clair.si\/#website"},"primaryImageOfPage":{"@id":"https:\/\/clair.si\/hr\/izdelek\/western-podsedlica-westride-pro\/#primaryimage"},"image":{"@id":"https:\/\/clair.si\/hr\/izdelek\/western-podsedlica-westride-pro\/#primaryimage"},"thumbnailUrl":"https:\/\/clair.si\/wp-content\/uploads\/2022\/09\/westride-pro-western-podsedelnica.webp","datePublished":"2022-09-27T10:12:18+00:00","dateModified":"2025-08-28T06:11:32+00:00","description":"Western podsedlica Westride PRO je odli\u010dna i vrlo udobna podsedlica koja je potrebna va\u0161em konju. Naru\u010dite svoju u na\u0161oj web trgovini, sada!","breadcrumb":{"@id":"https:\/\/clair.si\/hr\/izdelek\/western-podsedlica-westride-pro\/#breadcrumb"},"inLanguage":"hr","potentialAction":[{"@type":"ReadAction","target":["https:\/\/clair.si\/hr\/izdelek\/western-podsedlica-westride-pro\/"]}]},{"@type":"ImageObject","inLanguage":"hr","@id":"https:\/\/clair.si\/hr\/izdelek\/western-podsedlica-westride-pro\/#primaryimage","url":"https:\/\/clair.si\/wp-content\/uploads\/2022\/09\/westride-pro-western-podsedelnica.webp","contentUrl":"https:\/\/clair.si\/wp-content\/uploads\/2022\/09\/westride-pro-western-podsedelnica.webp","width":800,"height":800,"caption":"Western podsedelnica Westride Pro."},{"@type":"BreadcrumbList","@id":"https:\/\/clair.si\/hr\/izdelek\/western-podsedlica-westride-pro\/#breadcrumb","itemListElement":[{"@type":"ListItem","position":1,"name":"Home","item":"https:\/\/clair.si\/hr\/"},{"@type":"ListItem","position":2,"name":"Trgovina","item":"https:\/\/clair.si\/trgovina\/"},{"@type":"ListItem","position":3,"name":"Western podsedlica Westride PRO"}]},{"@type":"WebSite","@id":"https:\/\/clair.si\/#website","url":"https:\/\/clair.si\/","name":"Clair","description":"Trgovina s konjeni\u0161ko opremo","publisher":{"@id":"https:\/\/clair.si\/#organization"},"potentialAction":[{"@type":"SearchAction","target":{"@type":"EntryPoint","urlTemplate":"https:\/\/clair.si\/?s={search_term_string}"},"query-input":{"@type":"PropertyValueSpecification","valueRequired":true,"valueName":"search_term_string"}}],"inLanguage":"hr"},{"@type":"Organization","@id":"https:\/\/clair.si\/#organization","name":"Clair","url":"https:\/\/clair.si\/","logo":{"@type":"ImageObject","inLanguage":"hr","@id":"https:\/\/clair.si\/#\/schema\/logo\/image\/","url":"https:\/\/clair.si\/wp-content\/uploads\/2022\/11\/clair_logo_2022.jpg","contentUrl":"https:\/\/clair.si\/wp-content\/uploads\/2022\/11\/clair_logo_2022.jpg","width":1920,"height":1920,"caption":"Clair"},"image":{"@id":"https:\/\/clair.si\/#\/schema\/logo\/image\/"},"sameAs":["https:\/\/www.facebook.com\/TrgovinaClair\/"]}]}},"_links":{"self":[{"href":"https:\/\/clair.si\/hr\/wp-json\/wp\/v2\/product\/102462","targetHints":{"allow":["GET"]}}],"collection":[{"href":"https:\/\/clair.si\/hr\/wp-json\/wp\/v2\/product"}],"about":[{"href":"https:\/\/clair.si\/hr\/wp-json\/wp\/v2\/types\/product"}],"version-history":[{"count":0,"href":"https:\/\/clair.si\/hr\/wp-json\/wp\/v2\/product\/102462\/revisions"}],"wp:featuredmedia":[{"embeddable":true,"href":"https:\/\/clair.si\/hr\/wp-json\/wp\/v2\/media\/102470"}],"wp:attachment":[{"href":"https:\/\/clair.si\/hr\/wp-json\/wp\/v2\/media?parent=102462"}],"wp:term":[{"taxonomy":"product_brand","embeddable":true,"href":"https:\/\/clair.si\/hr\/wp-json\/wp\/v2\/product_brand?post=102462"},{"taxonomy":"product_cat","embeddable":true,"href":"https:\/\/clair.si\/hr\/wp-json\/wp\/v2\/product_cat?post=102462"},{"taxonomy":"product_tag","embeddable":true,"href":"https:\/\/clair.si\/hr\/wp-json\/wp\/v2\/product_tag?post=102462"}],"curies":[{"name":"wp","href":"https:\/\/api.w.org\/{rel}","templated":true}]}}