{"id":102523,"date":"2022-09-22T12:12:20","date_gmt":"2022-09-22T10:12:20","guid":{"rendered":"https:\/\/clair.si\/izdelek\/uzde-norton-club\/"},"modified":"2025-09-28T19:56:28","modified_gmt":"2025-09-28T17:56:28","slug":"dizgini-norton-club","status":"publish","type":"product","link":"https:\/\/clair.si\/hr\/izdelek\/dizgini-norton-club\/","title":{"rendered":"Dizgini NORTON CLUB"},"content":{"rendered":"<p><strong>Dizgini NORTON CLUB<\/strong> u potpunosti izra\u0111ene od <strong>poliestera<\/strong>, vrlo su <strong>mekane<\/strong> i <strong>udobne<\/strong>. <strong>Lak\u0161e pri\u010dvr\u0161\u0107ivanje<\/strong> na \u017evalu omogu\u0107uju rotiraju\u0107e <strong>kop\u010de (karabineri)<\/strong>.<\/p>\n<p>Veli\u010dina: Shetland, Pony, Full<br \/>\nBoja: sme\u0111a, crna<\/p>\n","protected":false},"excerpt":{"rendered":"<p>Dizgini NORTON CLUB u potpunosti izra\u0111ene od poliestera, vrlo su mekane i udobne. Lak\u0161e pri\u010dvr\u0161\u0107ivanje na \u017evalu omogu\u0107uju rotiraju\u0107e kop\u010de<\/p>\n","protected":false},"featured_media":102527,"template":"","meta":{"footnotes":""},"product_brand":[],"product_cat":[5822,5624,5697],"product_tag":[],"class_list":{"0":"post-102523","1":"product","2":"type-product","3":"status-publish","4":"has-post-thumbnail","6":"product_cat-dizgini","7":"product_cat-konj-hr","8":"product_cat-uzde-i-dizgini","10":"first","11":"instock","12":"shipping-taxable","13":"purchasable","14":"product-type-variable"},"yoast_head":"<!-- This site is optimized with the Yoast SEO plugin v27.4 - https:\/\/yoast.com\/product\/yoast-seo-wordpress\/ -->\n<title>Dizgini NORTON CLUB - Clair<\/title>\n<meta name=\"description\" content=\"Dizgini NORTON CLUB su uzde izra\u0111ene od poliestera, vrlo mekane i udobne. Karabineri dodatno olak\u0161avaju njihovu upotrebu. Provjerite na\u0161u ponudu na internetu!\" \/>\n<meta name=\"robots\" content=\"index, follow, max-snippet:-1, max-image-preview:large, max-video-preview:-1\" \/>\n<link rel=\"canonical\" href=\"https:\/\/clair.si\/hr\/izdelek\/dizgini-norton-club\/\" \/>\n<meta property=\"og:locale\" content=\"hr_HR\" \/>\n<meta property=\"og:type\" content=\"article\" \/>\n<meta property=\"og:title\" content=\"Dizgini NORTON CLUB - Clair\" \/>\n<meta property=\"og:description\" content=\"Dizgini NORTON CLUB su uzde izra\u0111ene od poliestera, vrlo mekane i udobne. Karabineri dodatno olak\u0161avaju njihovu upotrebu. Provjerite na\u0161u ponudu na internetu!\" \/>\n<meta property=\"og:url\" content=\"https:\/\/clair.si\/hr\/izdelek\/dizgini-norton-club\/\" \/>\n<meta property=\"og:site_name\" content=\"Clair\" \/>\n<meta property=\"article:publisher\" content=\"https:\/\/www.facebook.com\/TrgovinaClair\/\" \/>\n<meta property=\"article:modified_time\" content=\"2025-09-28T17:56:28+00:00\" \/>\n<meta property=\"og:image\" content=\"https:\/\/clair.si\/wp-content\/uploads\/2022\/09\/norton-club-padded-vajeti-mehke-crna.jpg\" \/>\n\t<meta property=\"og:image:width\" content=\"800\" \/>\n\t<meta property=\"og:image:height\" content=\"800\" \/>\n\t<meta property=\"og:image:type\" content=\"image\/jpeg\" \/>\n<meta name=\"twitter:card\" content=\"summary_large_image\" \/>\n<meta name=\"twitter:label1\" content=\"Procijenjeno vrijeme \u010ditanja\" \/>\n\t<meta name=\"twitter:data1\" content=\"1 minuta\" \/>\n<script type=\"application\/ld+json\" class=\"yoast-schema-graph\">{\"@context\":\"https:\\\/\\\/schema.org\",\"@graph\":[{\"@type\":\"WebPage\",\"@id\":\"https:\\\/\\\/clair.si\\\/hr\\\/izdelek\\\/dizgini-norton-club\\\/\",\"url\":\"https:\\\/\\\/clair.si\\\/hr\\\/izdelek\\\/dizgini-norton-club\\\/\",\"name\":\"Dizgini NORTON CLUB - Clair\",\"isPartOf\":{\"@id\":\"https:\\\/\\\/clair.si\\\/#website\"},\"primaryImageOfPage\":{\"@id\":\"https:\\\/\\\/clair.si\\\/hr\\\/izdelek\\\/dizgini-norton-club\\\/#primaryimage\"},\"image\":{\"@id\":\"https:\\\/\\\/clair.si\\\/hr\\\/izdelek\\\/dizgini-norton-club\\\/#primaryimage\"},\"thumbnailUrl\":\"https:\\\/\\\/clair.si\\\/wp-content\\\/uploads\\\/2022\\\/09\\\/norton-club-padded-vajeti-mehke-crna.webp\",\"datePublished\":\"2022-09-22T10:12:20+00:00\",\"dateModified\":\"2025-09-28T17:56:28+00:00\",\"description\":\"Dizgini NORTON CLUB su uzde izra\u0111ene od poliestera, vrlo mekane i udobne. Karabineri dodatno olak\u0161avaju njihovu upotrebu. Provjerite na\u0161u ponudu na internetu!\",\"breadcrumb\":{\"@id\":\"https:\\\/\\\/clair.si\\\/hr\\\/izdelek\\\/dizgini-norton-club\\\/#breadcrumb\"},\"inLanguage\":\"hr\",\"potentialAction\":[{\"@type\":\"ReadAction\",\"target\":[\"https:\\\/\\\/clair.si\\\/hr\\\/izdelek\\\/dizgini-norton-club\\\/\"]}]},{\"@type\":\"ImageObject\",\"inLanguage\":\"hr\",\"@id\":\"https:\\\/\\\/clair.si\\\/hr\\\/izdelek\\\/dizgini-norton-club\\\/#primaryimage\",\"url\":\"https:\\\/\\\/clair.si\\\/wp-content\\\/uploads\\\/2022\\\/09\\\/norton-club-padded-vajeti-mehke-crna.webp\",\"contentUrl\":\"https:\\\/\\\/clair.si\\\/wp-content\\\/uploads\\\/2022\\\/09\\\/norton-club-padded-vajeti-mehke-crna.webp\",\"width\":800,\"height\":800,\"caption\":\"Vajeti Norton Club.\"},{\"@type\":\"BreadcrumbList\",\"@id\":\"https:\\\/\\\/clair.si\\\/hr\\\/izdelek\\\/dizgini-norton-club\\\/#breadcrumb\",\"itemListElement\":[{\"@type\":\"ListItem\",\"position\":1,\"name\":\"Home\",\"item\":\"https:\\\/\\\/clair.si\\\/hr\\\/\"},{\"@type\":\"ListItem\",\"position\":2,\"name\":\"Trgovina\",\"item\":\"https:\\\/\\\/clair.si\\\/trgovina\\\/\"},{\"@type\":\"ListItem\",\"position\":3,\"name\":\"Dizgini NORTON CLUB\"}]},{\"@type\":\"WebSite\",\"@id\":\"https:\\\/\\\/clair.si\\\/#website\",\"url\":\"https:\\\/\\\/clair.si\\\/\",\"name\":\"Clair\",\"description\":\"Trgovina s konjeni\u0161ko opremo\",\"publisher\":{\"@id\":\"https:\\\/\\\/clair.si\\\/#organization\"},\"potentialAction\":[{\"@type\":\"SearchAction\",\"target\":{\"@type\":\"EntryPoint\",\"urlTemplate\":\"https:\\\/\\\/clair.si\\\/?s={search_term_string}\"},\"query-input\":{\"@type\":\"PropertyValueSpecification\",\"valueRequired\":true,\"valueName\":\"search_term_string\"}}],\"inLanguage\":\"hr\"},{\"@type\":\"Organization\",\"@id\":\"https:\\\/\\\/clair.si\\\/#organization\",\"name\":\"Clair\",\"url\":\"https:\\\/\\\/clair.si\\\/\",\"logo\":{\"@type\":\"ImageObject\",\"inLanguage\":\"hr\",\"@id\":\"https:\\\/\\\/clair.si\\\/#\\\/schema\\\/logo\\\/image\\\/\",\"url\":\"https:\\\/\\\/clair.si\\\/wp-content\\\/uploads\\\/2022\\\/11\\\/clair_logo_2022.jpg\",\"contentUrl\":\"https:\\\/\\\/clair.si\\\/wp-content\\\/uploads\\\/2022\\\/11\\\/clair_logo_2022.jpg\",\"width\":1920,\"height\":1920,\"caption\":\"Clair\"},\"image\":{\"@id\":\"https:\\\/\\\/clair.si\\\/#\\\/schema\\\/logo\\\/image\\\/\"},\"sameAs\":[\"https:\\\/\\\/www.facebook.com\\\/TrgovinaClair\\\/\"]}]}<\/script>\n<!-- \/ Yoast SEO plugin. -->","yoast_head_json":{"title":"Dizgini NORTON CLUB - Clair","description":"Dizgini NORTON CLUB su uzde izra\u0111ene od poliestera, vrlo mekane i udobne. Karabineri dodatno olak\u0161avaju njihovu upotrebu. Provjerite na\u0161u ponudu na internetu!","robots":{"index":"index","follow":"follow","max-snippet":"max-snippet:-1","max-image-preview":"max-image-preview:large","max-video-preview":"max-video-preview:-1"},"canonical":"https:\/\/clair.si\/hr\/izdelek\/dizgini-norton-club\/","og_locale":"hr_HR","og_type":"article","og_title":"Dizgini NORTON CLUB - Clair","og_description":"Dizgini NORTON CLUB su uzde izra\u0111ene od poliestera, vrlo mekane i udobne. Karabineri dodatno olak\u0161avaju njihovu upotrebu. Provjerite na\u0161u ponudu na internetu!","og_url":"https:\/\/clair.si\/hr\/izdelek\/dizgini-norton-club\/","og_site_name":"Clair","article_publisher":"https:\/\/www.facebook.com\/TrgovinaClair\/","article_modified_time":"2025-09-28T17:56:28+00:00","og_image":[{"width":800,"height":800,"url":"https:\/\/clair.si\/wp-content\/uploads\/2022\/09\/norton-club-padded-vajeti-mehke-crna.jpg","type":"image\/jpeg"}],"twitter_card":"summary_large_image","twitter_misc":{"Procijenjeno vrijeme \u010ditanja":"1 minuta"},"schema":{"@context":"https:\/\/schema.org","@graph":[{"@type":"WebPage","@id":"https:\/\/clair.si\/hr\/izdelek\/dizgini-norton-club\/","url":"https:\/\/clair.si\/hr\/izdelek\/dizgini-norton-club\/","name":"Dizgini NORTON CLUB - Clair","isPartOf":{"@id":"https:\/\/clair.si\/#website"},"primaryImageOfPage":{"@id":"https:\/\/clair.si\/hr\/izdelek\/dizgini-norton-club\/#primaryimage"},"image":{"@id":"https:\/\/clair.si\/hr\/izdelek\/dizgini-norton-club\/#primaryimage"},"thumbnailUrl":"https:\/\/clair.si\/wp-content\/uploads\/2022\/09\/norton-club-padded-vajeti-mehke-crna.webp","datePublished":"2022-09-22T10:12:20+00:00","dateModified":"2025-09-28T17:56:28+00:00","description":"Dizgini NORTON CLUB su uzde izra\u0111ene od poliestera, vrlo mekane i udobne. Karabineri dodatno olak\u0161avaju njihovu upotrebu. Provjerite na\u0161u ponudu na internetu!","breadcrumb":{"@id":"https:\/\/clair.si\/hr\/izdelek\/dizgini-norton-club\/#breadcrumb"},"inLanguage":"hr","potentialAction":[{"@type":"ReadAction","target":["https:\/\/clair.si\/hr\/izdelek\/dizgini-norton-club\/"]}]},{"@type":"ImageObject","inLanguage":"hr","@id":"https:\/\/clair.si\/hr\/izdelek\/dizgini-norton-club\/#primaryimage","url":"https:\/\/clair.si\/wp-content\/uploads\/2022\/09\/norton-club-padded-vajeti-mehke-crna.webp","contentUrl":"https:\/\/clair.si\/wp-content\/uploads\/2022\/09\/norton-club-padded-vajeti-mehke-crna.webp","width":800,"height":800,"caption":"Vajeti Norton Club."},{"@type":"BreadcrumbList","@id":"https:\/\/clair.si\/hr\/izdelek\/dizgini-norton-club\/#breadcrumb","itemListElement":[{"@type":"ListItem","position":1,"name":"Home","item":"https:\/\/clair.si\/hr\/"},{"@type":"ListItem","position":2,"name":"Trgovina","item":"https:\/\/clair.si\/trgovina\/"},{"@type":"ListItem","position":3,"name":"Dizgini NORTON CLUB"}]},{"@type":"WebSite","@id":"https:\/\/clair.si\/#website","url":"https:\/\/clair.si\/","name":"Clair","description":"Trgovina s konjeni\u0161ko opremo","publisher":{"@id":"https:\/\/clair.si\/#organization"},"potentialAction":[{"@type":"SearchAction","target":{"@type":"EntryPoint","urlTemplate":"https:\/\/clair.si\/?s={search_term_string}"},"query-input":{"@type":"PropertyValueSpecification","valueRequired":true,"valueName":"search_term_string"}}],"inLanguage":"hr"},{"@type":"Organization","@id":"https:\/\/clair.si\/#organization","name":"Clair","url":"https:\/\/clair.si\/","logo":{"@type":"ImageObject","inLanguage":"hr","@id":"https:\/\/clair.si\/#\/schema\/logo\/image\/","url":"https:\/\/clair.si\/wp-content\/uploads\/2022\/11\/clair_logo_2022.jpg","contentUrl":"https:\/\/clair.si\/wp-content\/uploads\/2022\/11\/clair_logo_2022.jpg","width":1920,"height":1920,"caption":"Clair"},"image":{"@id":"https:\/\/clair.si\/#\/schema\/logo\/image\/"},"sameAs":["https:\/\/www.facebook.com\/TrgovinaClair\/"]}]}},"_links":{"self":[{"href":"https:\/\/clair.si\/hr\/wp-json\/wp\/v2\/product\/102523","targetHints":{"allow":["GET"]}}],"collection":[{"href":"https:\/\/clair.si\/hr\/wp-json\/wp\/v2\/product"}],"about":[{"href":"https:\/\/clair.si\/hr\/wp-json\/wp\/v2\/types\/product"}],"version-history":[{"count":2,"href":"https:\/\/clair.si\/hr\/wp-json\/wp\/v2\/product\/102523\/revisions"}],"predecessor-version":[{"id":115204,"href":"https:\/\/clair.si\/hr\/wp-json\/wp\/v2\/product\/102523\/revisions\/115204"}],"wp:featuredmedia":[{"embeddable":true,"href":"https:\/\/clair.si\/hr\/wp-json\/wp\/v2\/media\/102527"}],"wp:attachment":[{"href":"https:\/\/clair.si\/hr\/wp-json\/wp\/v2\/media?parent=102523"}],"wp:term":[{"taxonomy":"product_brand","embeddable":true,"href":"https:\/\/clair.si\/hr\/wp-json\/wp\/v2\/product_brand?post=102523"},{"taxonomy":"product_cat","embeddable":true,"href":"https:\/\/clair.si\/hr\/wp-json\/wp\/v2\/product_cat?post=102523"},{"taxonomy":"product_tag","embeddable":true,"href":"https:\/\/clair.si\/hr\/wp-json\/wp\/v2\/product_tag?post=102523"}],"curies":[{"name":"wp","href":"https:\/\/api.w.org\/{rel}","templated":true}]}}