{"id":102526,"date":"2022-09-22T13:25:01","date_gmt":"2022-09-22T11:25:01","guid":{"rendered":"https:\/\/clair.si\/izdelek\/western-uzde-westride-fp\/"},"modified":"2026-02-12T09:52:02","modified_gmt":"2026-02-12T08:52:02","slug":"western-dizgini-westride-fp","status":"publish","type":"product","link":"https:\/\/clair.si\/hr\/izdelek\/western-dizgini-westride-fp\/","title":{"rendered":"Western dizgini Westride FP"},"content":{"rendered":"<p><strong>Western dizgini Westride FP<\/strong> su uzde izra\u0111ene od kvalitetne glatke <strong>gove\u0111e ko\u017ee<\/strong>, koja omogu\u0107uje dobro <strong>prianjanje<\/strong> u rukama jaha\u010da. One su <strong>neoptere\u0107ene<\/strong> i <strong>bez kop\u010di<\/strong>. Dostupne su u dvije boje.  <\/p>\n","protected":false},"excerpt":{"rendered":"<p>Western dizgini Westride FP su uzde izra\u0111ene od kvalitetne glatke gove\u0111e ko\u017ee, koja omogu\u0107uje dobro prianjanje u rukama jaha\u010da. One<\/p>\n","protected":false},"featured_media":102531,"template":"","meta":{"footnotes":""},"product_brand":[],"product_cat":[5822,5657,5624,5697,5794,6119,6120],"product_tag":[],"class_list":{"0":"post-102526","1":"product","2":"type-product","3":"status-publish","4":"has-post-thumbnail","6":"product_cat-dizgini","7":"product_cat-kategorije-hr","8":"product_cat-konj-hr","9":"product_cat-uzde-i-dizgini","10":"product_cat-western-hr","11":"product_cat-western-uzde-i-vodilice","12":"product_cat-western-uzde-vodilice-i-zvale","14":"first","15":"instock","16":"shipping-taxable","17":"purchasable","18":"product-type-variable"},"yoast_head":"<!-- This site is optimized with the Yoast SEO plugin v27.3 - https:\/\/yoast.com\/product\/yoast-seo-wordpress\/ -->\n<title>Western dizgini Westride FP - Clair<\/title>\n<meta name=\"description\" content=\"Western dizgini Westride FP su visokokvalitetne uzde izra\u0111ene od glatke gove\u0111e ko\u017ee, \u0161to omogu\u0107uje dobro prianjanje u rukama jaha\u010da. Provjerite na\u0161u ponudu!\" \/>\n<meta name=\"robots\" content=\"index, follow, max-snippet:-1, max-image-preview:large, max-video-preview:-1\" \/>\n<link rel=\"canonical\" href=\"https:\/\/clair.si\/hr\/izdelek\/western-dizgini-westride-fp\/\" \/>\n<meta property=\"og:locale\" content=\"hr_HR\" \/>\n<meta property=\"og:type\" content=\"article\" \/>\n<meta property=\"og:title\" content=\"Western dizgini Westride FP - Clair\" \/>\n<meta property=\"og:description\" content=\"Western dizgini Westride FP su visokokvalitetne uzde izra\u0111ene od glatke gove\u0111e ko\u017ee, \u0161to omogu\u0107uje dobro prianjanje u rukama jaha\u010da. Provjerite na\u0161u ponudu!\" \/>\n<meta property=\"og:url\" content=\"https:\/\/clair.si\/hr\/izdelek\/western-dizgini-westride-fp\/\" \/>\n<meta property=\"og:site_name\" content=\"Clair\" \/>\n<meta property=\"article:publisher\" content=\"https:\/\/www.facebook.com\/TrgovinaClair\/\" \/>\n<meta property=\"article:modified_time\" content=\"2026-02-12T08:52:02+00:00\" \/>\n<meta property=\"og:image\" content=\"https:\/\/clair.si\/wp-content\/uploads\/2022\/09\/westride-usnjene-western-vajeti.jpg\" \/>\n\t<meta property=\"og:image:width\" content=\"800\" \/>\n\t<meta property=\"og:image:height\" content=\"800\" \/>\n\t<meta property=\"og:image:type\" content=\"image\/jpeg\" \/>\n<meta name=\"twitter:card\" content=\"summary_large_image\" \/>\n<meta name=\"twitter:label1\" content=\"Procijenjeno vrijeme \u010ditanja\" \/>\n\t<meta name=\"twitter:data1\" content=\"1 minuta\" \/>\n<script type=\"application\/ld+json\" class=\"yoast-schema-graph\">{\"@context\":\"https:\\\/\\\/schema.org\",\"@graph\":[{\"@type\":\"WebPage\",\"@id\":\"https:\\\/\\\/clair.si\\\/hr\\\/izdelek\\\/western-dizgini-westride-fp\\\/\",\"url\":\"https:\\\/\\\/clair.si\\\/hr\\\/izdelek\\\/western-dizgini-westride-fp\\\/\",\"name\":\"Western dizgini Westride FP - Clair\",\"isPartOf\":{\"@id\":\"https:\\\/\\\/clair.si\\\/#website\"},\"primaryImageOfPage\":{\"@id\":\"https:\\\/\\\/clair.si\\\/hr\\\/izdelek\\\/western-dizgini-westride-fp\\\/#primaryimage\"},\"image\":{\"@id\":\"https:\\\/\\\/clair.si\\\/hr\\\/izdelek\\\/western-dizgini-westride-fp\\\/#primaryimage\"},\"thumbnailUrl\":\"https:\\\/\\\/clair.si\\\/wp-content\\\/uploads\\\/2022\\\/09\\\/westride-usnjene-western-vajeti.webp\",\"datePublished\":\"2022-09-22T11:25:01+00:00\",\"dateModified\":\"2026-02-12T08:52:02+00:00\",\"description\":\"Western dizgini Westride FP su visokokvalitetne uzde izra\u0111ene od glatke gove\u0111e ko\u017ee, \u0161to omogu\u0107uje dobro prianjanje u rukama jaha\u010da. Provjerite na\u0161u ponudu!\",\"breadcrumb\":{\"@id\":\"https:\\\/\\\/clair.si\\\/hr\\\/izdelek\\\/western-dizgini-westride-fp\\\/#breadcrumb\"},\"inLanguage\":\"hr\",\"potentialAction\":[{\"@type\":\"ReadAction\",\"target\":[\"https:\\\/\\\/clair.si\\\/hr\\\/izdelek\\\/western-dizgini-westride-fp\\\/\"]}]},{\"@type\":\"ImageObject\",\"inLanguage\":\"hr\",\"@id\":\"https:\\\/\\\/clair.si\\\/hr\\\/izdelek\\\/western-dizgini-westride-fp\\\/#primaryimage\",\"url\":\"https:\\\/\\\/clair.si\\\/wp-content\\\/uploads\\\/2022\\\/09\\\/westride-usnjene-western-vajeti.webp\",\"contentUrl\":\"https:\\\/\\\/clair.si\\\/wp-content\\\/uploads\\\/2022\\\/09\\\/westride-usnjene-western-vajeti.webp\",\"width\":800,\"height\":800,\"caption\":\"Western vajeti Westride FP, gladke.\"},{\"@type\":\"BreadcrumbList\",\"@id\":\"https:\\\/\\\/clair.si\\\/hr\\\/izdelek\\\/western-dizgini-westride-fp\\\/#breadcrumb\",\"itemListElement\":[{\"@type\":\"ListItem\",\"position\":1,\"name\":\"Home\",\"item\":\"https:\\\/\\\/clair.si\\\/hr\\\/\"},{\"@type\":\"ListItem\",\"position\":2,\"name\":\"Trgovina\",\"item\":\"https:\\\/\\\/clair.si\\\/trgovina\\\/\"},{\"@type\":\"ListItem\",\"position\":3,\"name\":\"Western dizgini Westride FP\"}]},{\"@type\":\"WebSite\",\"@id\":\"https:\\\/\\\/clair.si\\\/#website\",\"url\":\"https:\\\/\\\/clair.si\\\/\",\"name\":\"Clair\",\"description\":\"Trgovina s konjeni\u0161ko opremo\",\"publisher\":{\"@id\":\"https:\\\/\\\/clair.si\\\/#organization\"},\"potentialAction\":[{\"@type\":\"SearchAction\",\"target\":{\"@type\":\"EntryPoint\",\"urlTemplate\":\"https:\\\/\\\/clair.si\\\/?s={search_term_string}\"},\"query-input\":{\"@type\":\"PropertyValueSpecification\",\"valueRequired\":true,\"valueName\":\"search_term_string\"}}],\"inLanguage\":\"hr\"},{\"@type\":\"Organization\",\"@id\":\"https:\\\/\\\/clair.si\\\/#organization\",\"name\":\"Clair\",\"url\":\"https:\\\/\\\/clair.si\\\/\",\"logo\":{\"@type\":\"ImageObject\",\"inLanguage\":\"hr\",\"@id\":\"https:\\\/\\\/clair.si\\\/#\\\/schema\\\/logo\\\/image\\\/\",\"url\":\"https:\\\/\\\/clair.si\\\/wp-content\\\/uploads\\\/2022\\\/11\\\/clair_logo_2022.jpg\",\"contentUrl\":\"https:\\\/\\\/clair.si\\\/wp-content\\\/uploads\\\/2022\\\/11\\\/clair_logo_2022.jpg\",\"width\":1920,\"height\":1920,\"caption\":\"Clair\"},\"image\":{\"@id\":\"https:\\\/\\\/clair.si\\\/#\\\/schema\\\/logo\\\/image\\\/\"},\"sameAs\":[\"https:\\\/\\\/www.facebook.com\\\/TrgovinaClair\\\/\"]}]}<\/script>\n<!-- \/ Yoast SEO plugin. -->","yoast_head_json":{"title":"Western dizgini Westride FP - Clair","description":"Western dizgini Westride FP su visokokvalitetne uzde izra\u0111ene od glatke gove\u0111e ko\u017ee, \u0161to omogu\u0107uje dobro prianjanje u rukama jaha\u010da. Provjerite na\u0161u ponudu!","robots":{"index":"index","follow":"follow","max-snippet":"max-snippet:-1","max-image-preview":"max-image-preview:large","max-video-preview":"max-video-preview:-1"},"canonical":"https:\/\/clair.si\/hr\/izdelek\/western-dizgini-westride-fp\/","og_locale":"hr_HR","og_type":"article","og_title":"Western dizgini Westride FP - Clair","og_description":"Western dizgini Westride FP su visokokvalitetne uzde izra\u0111ene od glatke gove\u0111e ko\u017ee, \u0161to omogu\u0107uje dobro prianjanje u rukama jaha\u010da. Provjerite na\u0161u ponudu!","og_url":"https:\/\/clair.si\/hr\/izdelek\/western-dizgini-westride-fp\/","og_site_name":"Clair","article_publisher":"https:\/\/www.facebook.com\/TrgovinaClair\/","article_modified_time":"2026-02-12T08:52:02+00:00","og_image":[{"width":800,"height":800,"url":"https:\/\/clair.si\/wp-content\/uploads\/2022\/09\/westride-usnjene-western-vajeti.jpg","type":"image\/jpeg"}],"twitter_card":"summary_large_image","twitter_misc":{"Procijenjeno vrijeme \u010ditanja":"1 minuta"},"schema":{"@context":"https:\/\/schema.org","@graph":[{"@type":"WebPage","@id":"https:\/\/clair.si\/hr\/izdelek\/western-dizgini-westride-fp\/","url":"https:\/\/clair.si\/hr\/izdelek\/western-dizgini-westride-fp\/","name":"Western dizgini Westride FP - Clair","isPartOf":{"@id":"https:\/\/clair.si\/#website"},"primaryImageOfPage":{"@id":"https:\/\/clair.si\/hr\/izdelek\/western-dizgini-westride-fp\/#primaryimage"},"image":{"@id":"https:\/\/clair.si\/hr\/izdelek\/western-dizgini-westride-fp\/#primaryimage"},"thumbnailUrl":"https:\/\/clair.si\/wp-content\/uploads\/2022\/09\/westride-usnjene-western-vajeti.webp","datePublished":"2022-09-22T11:25:01+00:00","dateModified":"2026-02-12T08:52:02+00:00","description":"Western dizgini Westride FP su visokokvalitetne uzde izra\u0111ene od glatke gove\u0111e ko\u017ee, \u0161to omogu\u0107uje dobro prianjanje u rukama jaha\u010da. Provjerite na\u0161u ponudu!","breadcrumb":{"@id":"https:\/\/clair.si\/hr\/izdelek\/western-dizgini-westride-fp\/#breadcrumb"},"inLanguage":"hr","potentialAction":[{"@type":"ReadAction","target":["https:\/\/clair.si\/hr\/izdelek\/western-dizgini-westride-fp\/"]}]},{"@type":"ImageObject","inLanguage":"hr","@id":"https:\/\/clair.si\/hr\/izdelek\/western-dizgini-westride-fp\/#primaryimage","url":"https:\/\/clair.si\/wp-content\/uploads\/2022\/09\/westride-usnjene-western-vajeti.webp","contentUrl":"https:\/\/clair.si\/wp-content\/uploads\/2022\/09\/westride-usnjene-western-vajeti.webp","width":800,"height":800,"caption":"Western vajeti Westride FP, gladke."},{"@type":"BreadcrumbList","@id":"https:\/\/clair.si\/hr\/izdelek\/western-dizgini-westride-fp\/#breadcrumb","itemListElement":[{"@type":"ListItem","position":1,"name":"Home","item":"https:\/\/clair.si\/hr\/"},{"@type":"ListItem","position":2,"name":"Trgovina","item":"https:\/\/clair.si\/trgovina\/"},{"@type":"ListItem","position":3,"name":"Western dizgini Westride FP"}]},{"@type":"WebSite","@id":"https:\/\/clair.si\/#website","url":"https:\/\/clair.si\/","name":"Clair","description":"Trgovina s konjeni\u0161ko opremo","publisher":{"@id":"https:\/\/clair.si\/#organization"},"potentialAction":[{"@type":"SearchAction","target":{"@type":"EntryPoint","urlTemplate":"https:\/\/clair.si\/?s={search_term_string}"},"query-input":{"@type":"PropertyValueSpecification","valueRequired":true,"valueName":"search_term_string"}}],"inLanguage":"hr"},{"@type":"Organization","@id":"https:\/\/clair.si\/#organization","name":"Clair","url":"https:\/\/clair.si\/","logo":{"@type":"ImageObject","inLanguage":"hr","@id":"https:\/\/clair.si\/#\/schema\/logo\/image\/","url":"https:\/\/clair.si\/wp-content\/uploads\/2022\/11\/clair_logo_2022.jpg","contentUrl":"https:\/\/clair.si\/wp-content\/uploads\/2022\/11\/clair_logo_2022.jpg","width":1920,"height":1920,"caption":"Clair"},"image":{"@id":"https:\/\/clair.si\/#\/schema\/logo\/image\/"},"sameAs":["https:\/\/www.facebook.com\/TrgovinaClair\/"]}]}},"_links":{"self":[{"href":"https:\/\/clair.si\/hr\/wp-json\/wp\/v2\/product\/102526","targetHints":{"allow":["GET"]}}],"collection":[{"href":"https:\/\/clair.si\/hr\/wp-json\/wp\/v2\/product"}],"about":[{"href":"https:\/\/clair.si\/hr\/wp-json\/wp\/v2\/types\/product"}],"version-history":[{"count":3,"href":"https:\/\/clair.si\/hr\/wp-json\/wp\/v2\/product\/102526\/revisions"}],"predecessor-version":[{"id":115217,"href":"https:\/\/clair.si\/hr\/wp-json\/wp\/v2\/product\/102526\/revisions\/115217"}],"wp:featuredmedia":[{"embeddable":true,"href":"https:\/\/clair.si\/hr\/wp-json\/wp\/v2\/media\/102531"}],"wp:attachment":[{"href":"https:\/\/clair.si\/hr\/wp-json\/wp\/v2\/media?parent=102526"}],"wp:term":[{"taxonomy":"product_brand","embeddable":true,"href":"https:\/\/clair.si\/hr\/wp-json\/wp\/v2\/product_brand?post=102526"},{"taxonomy":"product_cat","embeddable":true,"href":"https:\/\/clair.si\/hr\/wp-json\/wp\/v2\/product_cat?post=102526"},{"taxonomy":"product_tag","embeddable":true,"href":"https:\/\/clair.si\/hr\/wp-json\/wp\/v2\/product_tag?post=102526"}],"curies":[{"name":"wp","href":"https:\/\/api.w.org\/{rel}","templated":true}]}}