{"id":102530,"date":"2022-09-22T12:20:12","date_gmt":"2022-09-22T10:20:12","guid":{"rendered":"https:\/\/clair.si\/izdelek\/pomocne-gumice-norton-bungee\/"},"modified":"2025-11-28T11:40:18","modified_gmt":"2025-11-28T10:40:18","slug":"pomocne-dizgini-norton-bungee","status":"publish","type":"product","link":"https:\/\/clair.si\/hr\/izdelek\/pomocne-dizgini-norton-bungee\/","title":{"rendered":"Pomo\u0107ne gumice NORTON Bungee"},"content":{"rendered":"<p><strong>Pomo\u0107ne gumice NORTON Bungee<\/strong> odli\u010dan su dodatak za <strong>mlade konje<\/strong> koji po\u010dinju s treningom. S gumicama je <strong>pritisak na konjeva usta manji<\/strong> jer su vrlo <strong>fleksibilne<\/strong>. Primjerene su za konje koji su otvrdnuli u trupu i opiru se jaha\u010devoj ruci. Mogu se koristiti <strong>tijekom jahanja<\/strong> i <strong>lon\u017eiranja<\/strong>. Vrlo je va\u017eno pravilno postavljanje jer konjeva glava ne smije i\u0107i iza vertikale, ali krajnji je polo\u017eaj na vertikali. <strong>Potpuno su podesive<\/strong>, \u0161to omogu\u0107uje plasti\u010dni regulator.     <\/p>\n","protected":false},"excerpt":{"rendered":"<p>Pomo\u0107ne gumice NORTON Bungee odli\u010dan su dodatak za mlade konje koji po\u010dinju s treningom. S gumicama je pritisak na konjeva<\/p>\n","protected":false},"featured_media":102539,"template":"","meta":{"footnotes":""},"product_brand":[],"product_cat":[5624,5830,6033,6035,5869,6242,5697],"product_tag":[],"class_list":{"0":"post-102530","1":"product","2":"type-product","3":"status-publish","4":"has-post-thumbnail","6":"product_cat-konj-hr","7":"product_cat-lonziranje-hr","8":"product_cat-lonziranje-hr-2","9":"product_cat-lonzirne-uzde-i-lonzirne-vodilice","10":"product_cat-lonzirne-uzde-i-pomocne-vodilice","11":"product_cat-pomocni-dizgini","12":"product_cat-uzde-i-dizgini","14":"first","15":"instock","16":"sale","17":"shipping-taxable","18":"purchasable","19":"product-type-simple"},"yoast_head":"<!-- This site is optimized with the Yoast SEO plugin v27.4 - https:\/\/yoast.com\/product\/yoast-seo-wordpress\/ -->\n<title>Pomo\u0107ne gumice NORTON Bungee - Clair<\/title>\n<meta name=\"description\" content=\"Pomo\u0107ne gumice NORTON Bungee odli\u010dan su dodatak za mlade i osjetljive konje jer omogu\u0107uju fleksibilnost konjevog kretanja. Po\u017eurite s kupnjom u na\u0161oj trgovini!\" \/>\n<meta name=\"robots\" content=\"index, follow, max-snippet:-1, max-image-preview:large, max-video-preview:-1\" \/>\n<link rel=\"canonical\" href=\"https:\/\/clair.si\/hr\/izdelek\/pomocne-dizgini-norton-bungee\/\" \/>\n<meta property=\"og:locale\" content=\"hr_HR\" \/>\n<meta property=\"og:type\" content=\"article\" \/>\n<meta property=\"og:title\" content=\"Pomo\u0107ne gumice NORTON Bungee - Clair\" \/>\n<meta property=\"og:description\" content=\"Pomo\u0107ne gumice NORTON Bungee odli\u010dan su dodatak za mlade i osjetljive konje jer omogu\u0107uju fleksibilnost konjevog kretanja. Po\u017eurite s kupnjom u na\u0161oj trgovini!\" \/>\n<meta property=\"og:url\" content=\"https:\/\/clair.si\/hr\/izdelek\/pomocne-dizgini-norton-bungee\/\" \/>\n<meta property=\"og:site_name\" content=\"Clair\" \/>\n<meta property=\"article:publisher\" content=\"https:\/\/www.facebook.com\/TrgovinaClair\/\" \/>\n<meta property=\"article:modified_time\" content=\"2025-11-28T10:40:18+00:00\" \/>\n<meta property=\"og:image\" content=\"https:\/\/clair.si\/wp-content\/uploads\/2022\/09\/vajeti-elasticne-pomozne-bungee.jpg\" \/>\n\t<meta property=\"og:image:width\" content=\"1800\" \/>\n\t<meta property=\"og:image:height\" content=\"1800\" \/>\n\t<meta property=\"og:image:type\" content=\"image\/jpeg\" \/>\n<meta name=\"twitter:card\" content=\"summary_large_image\" \/>\n<meta name=\"twitter:label1\" content=\"Procijenjeno vrijeme \u010ditanja\" \/>\n\t<meta name=\"twitter:data1\" content=\"1 minuta\" \/>\n<script type=\"application\/ld+json\" class=\"yoast-schema-graph\">{\"@context\":\"https:\\\/\\\/schema.org\",\"@graph\":[{\"@type\":\"WebPage\",\"@id\":\"https:\\\/\\\/clair.si\\\/hr\\\/izdelek\\\/pomocne-dizgini-norton-bungee\\\/\",\"url\":\"https:\\\/\\\/clair.si\\\/hr\\\/izdelek\\\/pomocne-dizgini-norton-bungee\\\/\",\"name\":\"Pomo\u0107ne gumice NORTON Bungee - Clair\",\"isPartOf\":{\"@id\":\"https:\\\/\\\/clair.si\\\/#website\"},\"primaryImageOfPage\":{\"@id\":\"https:\\\/\\\/clair.si\\\/hr\\\/izdelek\\\/pomocne-dizgini-norton-bungee\\\/#primaryimage\"},\"image\":{\"@id\":\"https:\\\/\\\/clair.si\\\/hr\\\/izdelek\\\/pomocne-dizgini-norton-bungee\\\/#primaryimage\"},\"thumbnailUrl\":\"https:\\\/\\\/clair.si\\\/wp-content\\\/uploads\\\/2022\\\/09\\\/vajeti-elasticne-pomozne-bungee.webp\",\"datePublished\":\"2022-09-22T10:20:12+00:00\",\"dateModified\":\"2025-11-28T10:40:18+00:00\",\"description\":\"Pomo\u0107ne gumice NORTON Bungee odli\u010dan su dodatak za mlade i osjetljive konje jer omogu\u0107uju fleksibilnost konjevog kretanja. Po\u017eurite s kupnjom u na\u0161oj trgovini!\",\"breadcrumb\":{\"@id\":\"https:\\\/\\\/clair.si\\\/hr\\\/izdelek\\\/pomocne-dizgini-norton-bungee\\\/#breadcrumb\"},\"inLanguage\":\"hr\",\"potentialAction\":[{\"@type\":\"ReadAction\",\"target\":[\"https:\\\/\\\/clair.si\\\/hr\\\/izdelek\\\/pomocne-dizgini-norton-bungee\\\/\"]}]},{\"@type\":\"ImageObject\",\"inLanguage\":\"hr\",\"@id\":\"https:\\\/\\\/clair.si\\\/hr\\\/izdelek\\\/pomocne-dizgini-norton-bungee\\\/#primaryimage\",\"url\":\"https:\\\/\\\/clair.si\\\/wp-content\\\/uploads\\\/2022\\\/09\\\/vajeti-elasticne-pomozne-bungee.webp\",\"contentUrl\":\"https:\\\/\\\/clair.si\\\/wp-content\\\/uploads\\\/2022\\\/09\\\/vajeti-elasticne-pomozne-bungee.webp\",\"width\":1800,\"height\":1800,\"caption\":\"Pomo\u017ene elasti\u0107ne vajeti Bungee.\"},{\"@type\":\"BreadcrumbList\",\"@id\":\"https:\\\/\\\/clair.si\\\/hr\\\/izdelek\\\/pomocne-dizgini-norton-bungee\\\/#breadcrumb\",\"itemListElement\":[{\"@type\":\"ListItem\",\"position\":1,\"name\":\"Home\",\"item\":\"https:\\\/\\\/clair.si\\\/hr\\\/\"},{\"@type\":\"ListItem\",\"position\":2,\"name\":\"Trgovina\",\"item\":\"https:\\\/\\\/clair.si\\\/trgovina\\\/\"},{\"@type\":\"ListItem\",\"position\":3,\"name\":\"Pomo\u0107ne gumice NORTON Bungee\"}]},{\"@type\":\"WebSite\",\"@id\":\"https:\\\/\\\/clair.si\\\/#website\",\"url\":\"https:\\\/\\\/clair.si\\\/\",\"name\":\"Clair\",\"description\":\"Trgovina s konjeni\u0161ko opremo\",\"publisher\":{\"@id\":\"https:\\\/\\\/clair.si\\\/#organization\"},\"potentialAction\":[{\"@type\":\"SearchAction\",\"target\":{\"@type\":\"EntryPoint\",\"urlTemplate\":\"https:\\\/\\\/clair.si\\\/?s={search_term_string}\"},\"query-input\":{\"@type\":\"PropertyValueSpecification\",\"valueRequired\":true,\"valueName\":\"search_term_string\"}}],\"inLanguage\":\"hr\"},{\"@type\":\"Organization\",\"@id\":\"https:\\\/\\\/clair.si\\\/#organization\",\"name\":\"Clair\",\"url\":\"https:\\\/\\\/clair.si\\\/\",\"logo\":{\"@type\":\"ImageObject\",\"inLanguage\":\"hr\",\"@id\":\"https:\\\/\\\/clair.si\\\/#\\\/schema\\\/logo\\\/image\\\/\",\"url\":\"https:\\\/\\\/clair.si\\\/wp-content\\\/uploads\\\/2022\\\/11\\\/clair_logo_2022.jpg\",\"contentUrl\":\"https:\\\/\\\/clair.si\\\/wp-content\\\/uploads\\\/2022\\\/11\\\/clair_logo_2022.jpg\",\"width\":1920,\"height\":1920,\"caption\":\"Clair\"},\"image\":{\"@id\":\"https:\\\/\\\/clair.si\\\/#\\\/schema\\\/logo\\\/image\\\/\"},\"sameAs\":[\"https:\\\/\\\/www.facebook.com\\\/TrgovinaClair\\\/\"]}]}<\/script>\n<!-- \/ Yoast SEO plugin. -->","yoast_head_json":{"title":"Pomo\u0107ne gumice NORTON Bungee - Clair","description":"Pomo\u0107ne gumice NORTON Bungee odli\u010dan su dodatak za mlade i osjetljive konje jer omogu\u0107uju fleksibilnost konjevog kretanja. Po\u017eurite s kupnjom u na\u0161oj trgovini!","robots":{"index":"index","follow":"follow","max-snippet":"max-snippet:-1","max-image-preview":"max-image-preview:large","max-video-preview":"max-video-preview:-1"},"canonical":"https:\/\/clair.si\/hr\/izdelek\/pomocne-dizgini-norton-bungee\/","og_locale":"hr_HR","og_type":"article","og_title":"Pomo\u0107ne gumice NORTON Bungee - Clair","og_description":"Pomo\u0107ne gumice NORTON Bungee odli\u010dan su dodatak za mlade i osjetljive konje jer omogu\u0107uju fleksibilnost konjevog kretanja. Po\u017eurite s kupnjom u na\u0161oj trgovini!","og_url":"https:\/\/clair.si\/hr\/izdelek\/pomocne-dizgini-norton-bungee\/","og_site_name":"Clair","article_publisher":"https:\/\/www.facebook.com\/TrgovinaClair\/","article_modified_time":"2025-11-28T10:40:18+00:00","og_image":[{"width":1800,"height":1800,"url":"https:\/\/clair.si\/wp-content\/uploads\/2022\/09\/vajeti-elasticne-pomozne-bungee.jpg","type":"image\/jpeg"}],"twitter_card":"summary_large_image","twitter_misc":{"Procijenjeno vrijeme \u010ditanja":"1 minuta"},"schema":{"@context":"https:\/\/schema.org","@graph":[{"@type":"WebPage","@id":"https:\/\/clair.si\/hr\/izdelek\/pomocne-dizgini-norton-bungee\/","url":"https:\/\/clair.si\/hr\/izdelek\/pomocne-dizgini-norton-bungee\/","name":"Pomo\u0107ne gumice NORTON Bungee - Clair","isPartOf":{"@id":"https:\/\/clair.si\/#website"},"primaryImageOfPage":{"@id":"https:\/\/clair.si\/hr\/izdelek\/pomocne-dizgini-norton-bungee\/#primaryimage"},"image":{"@id":"https:\/\/clair.si\/hr\/izdelek\/pomocne-dizgini-norton-bungee\/#primaryimage"},"thumbnailUrl":"https:\/\/clair.si\/wp-content\/uploads\/2022\/09\/vajeti-elasticne-pomozne-bungee.webp","datePublished":"2022-09-22T10:20:12+00:00","dateModified":"2025-11-28T10:40:18+00:00","description":"Pomo\u0107ne gumice NORTON Bungee odli\u010dan su dodatak za mlade i osjetljive konje jer omogu\u0107uju fleksibilnost konjevog kretanja. Po\u017eurite s kupnjom u na\u0161oj trgovini!","breadcrumb":{"@id":"https:\/\/clair.si\/hr\/izdelek\/pomocne-dizgini-norton-bungee\/#breadcrumb"},"inLanguage":"hr","potentialAction":[{"@type":"ReadAction","target":["https:\/\/clair.si\/hr\/izdelek\/pomocne-dizgini-norton-bungee\/"]}]},{"@type":"ImageObject","inLanguage":"hr","@id":"https:\/\/clair.si\/hr\/izdelek\/pomocne-dizgini-norton-bungee\/#primaryimage","url":"https:\/\/clair.si\/wp-content\/uploads\/2022\/09\/vajeti-elasticne-pomozne-bungee.webp","contentUrl":"https:\/\/clair.si\/wp-content\/uploads\/2022\/09\/vajeti-elasticne-pomozne-bungee.webp","width":1800,"height":1800,"caption":"Pomo\u017ene elasti\u0107ne vajeti Bungee."},{"@type":"BreadcrumbList","@id":"https:\/\/clair.si\/hr\/izdelek\/pomocne-dizgini-norton-bungee\/#breadcrumb","itemListElement":[{"@type":"ListItem","position":1,"name":"Home","item":"https:\/\/clair.si\/hr\/"},{"@type":"ListItem","position":2,"name":"Trgovina","item":"https:\/\/clair.si\/trgovina\/"},{"@type":"ListItem","position":3,"name":"Pomo\u0107ne gumice NORTON Bungee"}]},{"@type":"WebSite","@id":"https:\/\/clair.si\/#website","url":"https:\/\/clair.si\/","name":"Clair","description":"Trgovina s konjeni\u0161ko opremo","publisher":{"@id":"https:\/\/clair.si\/#organization"},"potentialAction":[{"@type":"SearchAction","target":{"@type":"EntryPoint","urlTemplate":"https:\/\/clair.si\/?s={search_term_string}"},"query-input":{"@type":"PropertyValueSpecification","valueRequired":true,"valueName":"search_term_string"}}],"inLanguage":"hr"},{"@type":"Organization","@id":"https:\/\/clair.si\/#organization","name":"Clair","url":"https:\/\/clair.si\/","logo":{"@type":"ImageObject","inLanguage":"hr","@id":"https:\/\/clair.si\/#\/schema\/logo\/image\/","url":"https:\/\/clair.si\/wp-content\/uploads\/2022\/11\/clair_logo_2022.jpg","contentUrl":"https:\/\/clair.si\/wp-content\/uploads\/2022\/11\/clair_logo_2022.jpg","width":1920,"height":1920,"caption":"Clair"},"image":{"@id":"https:\/\/clair.si\/#\/schema\/logo\/image\/"},"sameAs":["https:\/\/www.facebook.com\/TrgovinaClair\/"]}]}},"_links":{"self":[{"href":"https:\/\/clair.si\/hr\/wp-json\/wp\/v2\/product\/102530","targetHints":{"allow":["GET"]}}],"collection":[{"href":"https:\/\/clair.si\/hr\/wp-json\/wp\/v2\/product"}],"about":[{"href":"https:\/\/clair.si\/hr\/wp-json\/wp\/v2\/types\/product"}],"version-history":[{"count":0,"href":"https:\/\/clair.si\/hr\/wp-json\/wp\/v2\/product\/102530\/revisions"}],"wp:featuredmedia":[{"embeddable":true,"href":"https:\/\/clair.si\/hr\/wp-json\/wp\/v2\/media\/102539"}],"wp:attachment":[{"href":"https:\/\/clair.si\/hr\/wp-json\/wp\/v2\/media?parent=102530"}],"wp:term":[{"taxonomy":"product_brand","embeddable":true,"href":"https:\/\/clair.si\/hr\/wp-json\/wp\/v2\/product_brand?post=102530"},{"taxonomy":"product_cat","embeddable":true,"href":"https:\/\/clair.si\/hr\/wp-json\/wp\/v2\/product_cat?post=102530"},{"taxonomy":"product_tag","embeddable":true,"href":"https:\/\/clair.si\/hr\/wp-json\/wp\/v2\/product_tag?post=102530"}],"curies":[{"name":"wp","href":"https:\/\/api.w.org\/{rel}","templated":true}]}}