{"id":102571,"date":"2022-09-22T09:01:57","date_gmt":"2022-09-22T07:01:57","guid":{"rendered":"https:\/\/clair.si\/izdelek\/uzengije-eric-thomas-hybrid\/"},"modified":"2025-09-24T09:55:40","modified_gmt":"2025-09-24T07:55:40","slug":"stremeni-remeni-eric-thomas-hybrid","status":"publish","type":"product","link":"https:\/\/clair.si\/hr\/izdelek\/stremeni-remeni-eric-thomas-hybrid\/","title":{"rendered":"Uzengijski remeni Eric Thomas Hybrid"},"content":{"rendered":"<ul>\n<li><strong>Uzengijski remeni Eric Thomas Hybrid<\/strong> od bivolje ko\u017ee<\/li>\n<li>Kop\u010de od nehr\u0111aju\u0107eg \u010delika<\/li>\n<li>U sme\u0111oj i crnoj boji<\/li>\n<\/ul>\n","protected":false},"excerpt":{"rendered":"<p>Uzengijski remeni Eric Thomas Hybrid od bivolje ko\u017ee Kop\u010de od nehr\u0111aju\u0107eg \u010delika U sme\u0111oj i crnoj boji<\/p>\n","protected":false},"featured_media":102573,"template":"","meta":{"footnotes":""},"product_brand":[],"product_cat":[5624,5930,5931],"product_tag":[],"class_list":{"0":"post-102571","1":"product","2":"type-product","3":"status-publish","4":"has-post-thumbnail","6":"product_cat-konj-hr","7":"product_cat-uzengle-i-uzengijski-remeni-remeni","8":"product_cat-stremeni-remeni","10":"first","11":"instock","12":"shipping-taxable","13":"purchasable","14":"product-type-variable"},"yoast_head":"<!-- This site is optimized with the Yoast SEO plugin v27.4 - https:\/\/yoast.com\/product\/yoast-seo-wordpress\/ -->\n<title>Uzengijski remeni Eric Thomas Hybrid - Clair<\/title>\n<meta name=\"description\" content=\"Uzengije Eric Thomas Hybrid od bivolje ko\u017ee. U sme\u0111oj i crnoj boji. Provjerite ponudu i naru\u010dite brzo, sigurno i povoljno u web trgovini Clair.\" \/>\n<meta name=\"robots\" content=\"index, follow, max-snippet:-1, max-image-preview:large, max-video-preview:-1\" \/>\n<link rel=\"canonical\" href=\"https:\/\/clair.si\/izdelek\/stremenice-eric-thomas-hybrid\/\" \/>\n<meta property=\"og:locale\" content=\"hr_HR\" \/>\n<meta property=\"og:type\" content=\"article\" \/>\n<meta property=\"og:title\" content=\"Uzengijski remeni Eric Thomas Hybrid - Clair\" \/>\n<meta property=\"og:description\" content=\"Uzengije Eric Thomas Hybrid od bivolje ko\u017ee. U sme\u0111oj i crnoj boji. Provjerite ponudu i naru\u010dite brzo, sigurno i povoljno u web trgovini Clair.\" \/>\n<meta property=\"og:url\" content=\"https:\/\/clair.si\/izdelek\/stremenice-eric-thomas-hybrid\/\" \/>\n<meta property=\"og:site_name\" content=\"Clair\" \/>\n<meta property=\"article:publisher\" content=\"https:\/\/www.facebook.com\/TrgovinaClair\/\" \/>\n<meta property=\"article:modified_time\" content=\"2025-09-24T07:55:40+00:00\" \/>\n<meta property=\"og:image\" content=\"https:\/\/clair.si\/wp-content\/uploads\/2022\/09\/eric-thomas-hybrid-stirrup-leathers-stremenice.webp\" \/>\n\t<meta property=\"og:image:width\" content=\"800\" \/>\n\t<meta property=\"og:image:height\" content=\"800\" \/>\n\t<meta property=\"og:image:type\" content=\"image\/jpeg\" \/>\n<meta name=\"twitter:card\" content=\"summary_large_image\" \/>\n<meta name=\"twitter:label1\" content=\"Procijenjeno vrijeme \u010ditanja\" \/>\n\t<meta name=\"twitter:data1\" content=\"1 minuta\" \/>\n<script type=\"application\/ld+json\" class=\"yoast-schema-graph\">{\"@context\":\"https:\\\/\\\/schema.org\",\"@graph\":[{\"@type\":\"WebPage\",\"@id\":\"https:\\\/\\\/clair.si\\\/izdelek\\\/stremenice-eric-thomas-hybrid\\\/\",\"url\":\"https:\\\/\\\/clair.si\\\/izdelek\\\/stremenice-eric-thomas-hybrid\\\/\",\"name\":\"Uzengijski remeni Eric Thomas Hybrid - Clair\",\"isPartOf\":{\"@id\":\"https:\\\/\\\/clair.si\\\/#website\"},\"primaryImageOfPage\":{\"@id\":\"https:\\\/\\\/clair.si\\\/izdelek\\\/stremenice-eric-thomas-hybrid\\\/#primaryimage\"},\"image\":{\"@id\":\"https:\\\/\\\/clair.si\\\/izdelek\\\/stremenice-eric-thomas-hybrid\\\/#primaryimage\"},\"thumbnailUrl\":\"https:\\\/\\\/clair.si\\\/wp-content\\\/uploads\\\/2022\\\/09\\\/eric-thomas-hybrid-stirrup-leathers-stremenice.webp\",\"datePublished\":\"2022-09-22T07:01:57+00:00\",\"dateModified\":\"2025-09-24T07:55:40+00:00\",\"description\":\"Uzengije Eric Thomas Hybrid od bivolje ko\u017ee. U sme\u0111oj i crnoj boji. Provjerite ponudu i naru\u010dite brzo, sigurno i povoljno u web trgovini Clair.\",\"breadcrumb\":{\"@id\":\"https:\\\/\\\/clair.si\\\/izdelek\\\/stremenice-eric-thomas-hybrid\\\/#breadcrumb\"},\"inLanguage\":\"hr\",\"potentialAction\":[{\"@type\":\"ReadAction\",\"target\":[\"https:\\\/\\\/clair.si\\\/izdelek\\\/stremenice-eric-thomas-hybrid\\\/\"]}]},{\"@type\":\"ImageObject\",\"inLanguage\":\"hr\",\"@id\":\"https:\\\/\\\/clair.si\\\/izdelek\\\/stremenice-eric-thomas-hybrid\\\/#primaryimage\",\"url\":\"https:\\\/\\\/clair.si\\\/wp-content\\\/uploads\\\/2022\\\/09\\\/eric-thomas-hybrid-stirrup-leathers-stremenice.webp\",\"contentUrl\":\"https:\\\/\\\/clair.si\\\/wp-content\\\/uploads\\\/2022\\\/09\\\/eric-thomas-hybrid-stirrup-leathers-stremenice.webp\",\"width\":800,\"height\":800,\"caption\":\"Eric Thoma stremenice Hybrid\"},{\"@type\":\"BreadcrumbList\",\"@id\":\"https:\\\/\\\/clair.si\\\/izdelek\\\/stremenice-eric-thomas-hybrid\\\/#breadcrumb\",\"itemListElement\":[{\"@type\":\"ListItem\",\"position\":1,\"name\":\"Home\",\"item\":\"https:\\\/\\\/clair.si\\\/hr\\\/\"},{\"@type\":\"ListItem\",\"position\":2,\"name\":\"Trgovina\",\"item\":\"https:\\\/\\\/clair.si\\\/trgovina\\\/\"},{\"@type\":\"ListItem\",\"position\":3,\"name\":\"Uzengijski remeni Eric Thomas Hybrid\"}]},{\"@type\":\"WebSite\",\"@id\":\"https:\\\/\\\/clair.si\\\/#website\",\"url\":\"https:\\\/\\\/clair.si\\\/\",\"name\":\"Clair\",\"description\":\"Trgovina s konjeni\u0161ko opremo\",\"publisher\":{\"@id\":\"https:\\\/\\\/clair.si\\\/#organization\"},\"potentialAction\":[{\"@type\":\"SearchAction\",\"target\":{\"@type\":\"EntryPoint\",\"urlTemplate\":\"https:\\\/\\\/clair.si\\\/?s={search_term_string}\"},\"query-input\":{\"@type\":\"PropertyValueSpecification\",\"valueRequired\":true,\"valueName\":\"search_term_string\"}}],\"inLanguage\":\"hr\"},{\"@type\":\"Organization\",\"@id\":\"https:\\\/\\\/clair.si\\\/#organization\",\"name\":\"Clair\",\"url\":\"https:\\\/\\\/clair.si\\\/\",\"logo\":{\"@type\":\"ImageObject\",\"inLanguage\":\"hr\",\"@id\":\"https:\\\/\\\/clair.si\\\/#\\\/schema\\\/logo\\\/image\\\/\",\"url\":\"https:\\\/\\\/clair.si\\\/wp-content\\\/uploads\\\/2022\\\/11\\\/clair_logo_2022.jpg\",\"contentUrl\":\"https:\\\/\\\/clair.si\\\/wp-content\\\/uploads\\\/2022\\\/11\\\/clair_logo_2022.jpg\",\"width\":1920,\"height\":1920,\"caption\":\"Clair\"},\"image\":{\"@id\":\"https:\\\/\\\/clair.si\\\/#\\\/schema\\\/logo\\\/image\\\/\"},\"sameAs\":[\"https:\\\/\\\/www.facebook.com\\\/TrgovinaClair\\\/\"]}]}<\/script>\n<!-- \/ Yoast SEO plugin. -->","yoast_head_json":{"title":"Uzengijski remeni Eric Thomas Hybrid - Clair","description":"Uzengije Eric Thomas Hybrid od bivolje ko\u017ee. U sme\u0111oj i crnoj boji. Provjerite ponudu i naru\u010dite brzo, sigurno i povoljno u web trgovini Clair.","robots":{"index":"index","follow":"follow","max-snippet":"max-snippet:-1","max-image-preview":"max-image-preview:large","max-video-preview":"max-video-preview:-1"},"canonical":"https:\/\/clair.si\/izdelek\/stremenice-eric-thomas-hybrid\/","og_locale":"hr_HR","og_type":"article","og_title":"Uzengijski remeni Eric Thomas Hybrid - Clair","og_description":"Uzengije Eric Thomas Hybrid od bivolje ko\u017ee. U sme\u0111oj i crnoj boji. Provjerite ponudu i naru\u010dite brzo, sigurno i povoljno u web trgovini Clair.","og_url":"https:\/\/clair.si\/izdelek\/stremenice-eric-thomas-hybrid\/","og_site_name":"Clair","article_publisher":"https:\/\/www.facebook.com\/TrgovinaClair\/","article_modified_time":"2025-09-24T07:55:40+00:00","og_image":[{"width":800,"height":800,"url":"https:\/\/clair.si\/wp-content\/uploads\/2022\/09\/eric-thomas-hybrid-stirrup-leathers-stremenice.webp","type":"image\/jpeg"}],"twitter_card":"summary_large_image","twitter_misc":{"Procijenjeno vrijeme \u010ditanja":"1 minuta"},"schema":{"@context":"https:\/\/schema.org","@graph":[{"@type":"WebPage","@id":"https:\/\/clair.si\/izdelek\/stremenice-eric-thomas-hybrid\/","url":"https:\/\/clair.si\/izdelek\/stremenice-eric-thomas-hybrid\/","name":"Uzengijski remeni Eric Thomas Hybrid - Clair","isPartOf":{"@id":"https:\/\/clair.si\/#website"},"primaryImageOfPage":{"@id":"https:\/\/clair.si\/izdelek\/stremenice-eric-thomas-hybrid\/#primaryimage"},"image":{"@id":"https:\/\/clair.si\/izdelek\/stremenice-eric-thomas-hybrid\/#primaryimage"},"thumbnailUrl":"https:\/\/clair.si\/wp-content\/uploads\/2022\/09\/eric-thomas-hybrid-stirrup-leathers-stremenice.webp","datePublished":"2022-09-22T07:01:57+00:00","dateModified":"2025-09-24T07:55:40+00:00","description":"Uzengije Eric Thomas Hybrid od bivolje ko\u017ee. U sme\u0111oj i crnoj boji. Provjerite ponudu i naru\u010dite brzo, sigurno i povoljno u web trgovini Clair.","breadcrumb":{"@id":"https:\/\/clair.si\/izdelek\/stremenice-eric-thomas-hybrid\/#breadcrumb"},"inLanguage":"hr","potentialAction":[{"@type":"ReadAction","target":["https:\/\/clair.si\/izdelek\/stremenice-eric-thomas-hybrid\/"]}]},{"@type":"ImageObject","inLanguage":"hr","@id":"https:\/\/clair.si\/izdelek\/stremenice-eric-thomas-hybrid\/#primaryimage","url":"https:\/\/clair.si\/wp-content\/uploads\/2022\/09\/eric-thomas-hybrid-stirrup-leathers-stremenice.webp","contentUrl":"https:\/\/clair.si\/wp-content\/uploads\/2022\/09\/eric-thomas-hybrid-stirrup-leathers-stremenice.webp","width":800,"height":800,"caption":"Eric Thoma stremenice Hybrid"},{"@type":"BreadcrumbList","@id":"https:\/\/clair.si\/izdelek\/stremenice-eric-thomas-hybrid\/#breadcrumb","itemListElement":[{"@type":"ListItem","position":1,"name":"Home","item":"https:\/\/clair.si\/hr\/"},{"@type":"ListItem","position":2,"name":"Trgovina","item":"https:\/\/clair.si\/trgovina\/"},{"@type":"ListItem","position":3,"name":"Uzengijski remeni Eric Thomas Hybrid"}]},{"@type":"WebSite","@id":"https:\/\/clair.si\/#website","url":"https:\/\/clair.si\/","name":"Clair","description":"Trgovina s konjeni\u0161ko opremo","publisher":{"@id":"https:\/\/clair.si\/#organization"},"potentialAction":[{"@type":"SearchAction","target":{"@type":"EntryPoint","urlTemplate":"https:\/\/clair.si\/?s={search_term_string}"},"query-input":{"@type":"PropertyValueSpecification","valueRequired":true,"valueName":"search_term_string"}}],"inLanguage":"hr"},{"@type":"Organization","@id":"https:\/\/clair.si\/#organization","name":"Clair","url":"https:\/\/clair.si\/","logo":{"@type":"ImageObject","inLanguage":"hr","@id":"https:\/\/clair.si\/#\/schema\/logo\/image\/","url":"https:\/\/clair.si\/wp-content\/uploads\/2022\/11\/clair_logo_2022.jpg","contentUrl":"https:\/\/clair.si\/wp-content\/uploads\/2022\/11\/clair_logo_2022.jpg","width":1920,"height":1920,"caption":"Clair"},"image":{"@id":"https:\/\/clair.si\/#\/schema\/logo\/image\/"},"sameAs":["https:\/\/www.facebook.com\/TrgovinaClair\/"]}]}},"_links":{"self":[{"href":"https:\/\/clair.si\/hr\/wp-json\/wp\/v2\/product\/102571","targetHints":{"allow":["GET"]}}],"collection":[{"href":"https:\/\/clair.si\/hr\/wp-json\/wp\/v2\/product"}],"about":[{"href":"https:\/\/clair.si\/hr\/wp-json\/wp\/v2\/types\/product"}],"version-history":[{"count":0,"href":"https:\/\/clair.si\/hr\/wp-json\/wp\/v2\/product\/102571\/revisions"}],"wp:featuredmedia":[{"embeddable":true,"href":"https:\/\/clair.si\/hr\/wp-json\/wp\/v2\/media\/102573"}],"wp:attachment":[{"href":"https:\/\/clair.si\/hr\/wp-json\/wp\/v2\/media?parent=102571"}],"wp:term":[{"taxonomy":"product_brand","embeddable":true,"href":"https:\/\/clair.si\/hr\/wp-json\/wp\/v2\/product_brand?post=102571"},{"taxonomy":"product_cat","embeddable":true,"href":"https:\/\/clair.si\/hr\/wp-json\/wp\/v2\/product_cat?post=102571"},{"taxonomy":"product_tag","embeddable":true,"href":"https:\/\/clair.si\/hr\/wp-json\/wp\/v2\/product_tag?post=102571"}],"curies":[{"name":"wp","href":"https:\/\/api.w.org\/{rel}","templated":true}]}}