{"id":102585,"date":"2022-09-27T09:34:42","date_gmt":"2022-09-27T07:34:42","guid":{"rendered":"https:\/\/clair.si\/izdelek\/podsedelni-remen-kavalkade-shape\/"},"modified":"2025-09-28T19:06:30","modified_gmt":"2025-09-28T17:06:30","slug":"podsedelni-kolan-kavalkade-shape","status":"publish","type":"product","link":"https:\/\/clair.si\/hr\/izdelek\/podsedelni-kolan-kavalkade-shape\/","title":{"rendered":"Podsedelni kolan Kavalkade Shape"},"content":{"rendered":"<p><strong>Vi\u0161enamjenski podsedelni kolan Kavalkade Shape<\/strong> izra\u0111en je od prvoklasne <strong>nauljene ko\u017ee<\/strong>. Tijekom postupka \u0161tavljenja ko\u017ea je ve\u0107 uronjena u ulje. Ulje tako prodire dublje u pore ko\u017ee. To osigurava da je nauljeni ko\u017eni kolan <strong>fleksibilniji i izdr\u017eljiviji<\/strong>. Ko\u017ea se ne isu\u0161uje.    <\/p>\n<p>Podsedelni kolan je <strong>anatomskog oblika<\/strong> i daje konju dovoljno slobode kretanja. \u0160iroki srednji dio kolan omogu\u0107uje ravnomjerniju raspodjelu pritiska, \u0161to daje konju ve\u0107u udobnost. <\/p>\n<p>Kod nauljene ko\u017ee va\u017eno je da se ko\u017ea ma\u017ee redovito i neposredno prije prve uporabe. To odr\u017eava ko\u017eu u dobrom stanju i dugo ostaje fleksibilna. <\/p>\n<ul>\n<li><strong>Podsedelni kolan od nauljene ko\u017ee<\/strong><\/li>\n<li><strong>Anatomski oblik s puno prostora za laktove<\/strong><\/li>\n<li><strong>Nauljena ko\u017ea &#8211; vrlo fleksibilna i izdr\u017eljiva<\/strong><\/li>\n<li><strong>Elastika na obje strane<\/strong><\/li>\n<\/ul>\n<p>Duljina: 110-145 cm<br \/>\nMaterijal: nauljena ko\u017ea<br \/>\nTe\u017eina: 0,8 kg<br \/>\nBoja: crna, sme\u0111a<\/p>\n<p>Podsedelni kolan Kavalkade Shape ima brojne prednosti. Primjeren je za konje koji trebaju puno slobode kretanja, unato\u010d tome ima \u0161iroki prsni dio za bolju raspodjelu pritiska. Nauljena ko\u017ea osigurava vrlo dobru izdr\u017eljivost, stoga ga mogu upotrebljavati i jaha\u010di koji puno i \u010desto ja\u0161u.  <\/p>\n<p>Upute za njegu ko\u017ee:<br \/>\nUklonite prljav\u0161tinu krpom i nama\u017eite odgovaraju\u0107im proizvodima za njegu ko\u017ee, koje tako\u0111er mo\u017eete prona\u0107i u na\u0161oj web trgovini.<\/p>\n","protected":false},"excerpt":{"rendered":"<p>Vi\u0161enamjenski podsedelni kolan Kavalkade Shape izra\u0111en je od prvoklasne nauljene ko\u017ee. Tijekom postupka \u0161tavljenja ko\u017ea je ve\u0107 uronjena u ulje.<\/p>\n","protected":false},"featured_media":102592,"template":"","meta":{"footnotes":""},"product_brand":[],"product_cat":[5818,5624,6581,5819],"product_tag":[],"class_list":{"0":"post-102585","1":"product","2":"type-product","3":"status-publish","4":"has-post-thumbnail","6":"product_cat-kolan","7":"product_cat-konj-hr","8":"product_cat-skakaci-kolani","9":"product_cat-visenamjenski-kolani","11":"first","12":"instock","13":"sale","14":"shipping-taxable","15":"purchasable","16":"product-type-variable"},"yoast_head":"<!-- This site is optimized with the Yoast SEO plugin v27.4 - https:\/\/yoast.com\/product\/yoast-seo-wordpress\/ -->\n<title>Podsedelni kolan Kavalkade Shape - Clair<\/title>\n<meta name=\"description\" content=\"Vi\u0161enamjenski podsedelni kolan Kavalkade Shape izra\u0111en od prvoklasne nauljene ko\u017ee, \u0161to osigurava ve\u0107u fleksibilnost i izdr\u017eljivost. Naru\u010dite brzo, sigurno i povoljno.\" \/>\n<meta name=\"robots\" content=\"index, follow, max-snippet:-1, max-image-preview:large, max-video-preview:-1\" \/>\n<link rel=\"canonical\" href=\"https:\/\/clair.si\/hr\/izdelek\/podsedelni-kolan-kavalkade-shape\/\" \/>\n<meta property=\"og:locale\" content=\"hr_HR\" \/>\n<meta property=\"og:type\" content=\"article\" \/>\n<meta property=\"og:title\" content=\"Podsedelni kolan Kavalkade Shape - Clair\" \/>\n<meta property=\"og:description\" content=\"Vi\u0161enamjenski podsedelni kolan Kavalkade Shape izra\u0111en od prvoklasne nauljene ko\u017ee, \u0161to osigurava ve\u0107u fleksibilnost i izdr\u017eljivost. Naru\u010dite brzo, sigurno i povoljno.\" \/>\n<meta property=\"og:url\" content=\"https:\/\/clair.si\/hr\/izdelek\/podsedelni-kolan-kavalkade-shape\/\" \/>\n<meta property=\"og:site_name\" content=\"Clair\" \/>\n<meta property=\"article:publisher\" content=\"https:\/\/www.facebook.com\/TrgovinaClair\/\" \/>\n<meta property=\"article:modified_time\" content=\"2025-09-28T17:06:30+00:00\" \/>\n<meta property=\"og:image\" content=\"https:\/\/clair.si\/wp-content\/uploads\/2022\/09\/4112-podsedelni-pas-kavalkade-shape.jpg\" \/>\n\t<meta property=\"og:image:width\" content=\"825\" \/>\n\t<meta property=\"og:image:height\" content=\"725\" \/>\n\t<meta property=\"og:image:type\" content=\"image\/jpeg\" \/>\n<meta name=\"twitter:card\" content=\"summary_large_image\" \/>\n<meta name=\"twitter:label1\" content=\"Procijenjeno vrijeme \u010ditanja\" \/>\n\t<meta name=\"twitter:data1\" content=\"2 minute\" \/>\n<script type=\"application\/ld+json\" class=\"yoast-schema-graph\">{\"@context\":\"https:\\\/\\\/schema.org\",\"@graph\":[{\"@type\":\"WebPage\",\"@id\":\"https:\\\/\\\/clair.si\\\/hr\\\/izdelek\\\/podsedelni-kolan-kavalkade-shape\\\/\",\"url\":\"https:\\\/\\\/clair.si\\\/hr\\\/izdelek\\\/podsedelni-kolan-kavalkade-shape\\\/\",\"name\":\"Podsedelni kolan Kavalkade Shape - Clair\",\"isPartOf\":{\"@id\":\"https:\\\/\\\/clair.si\\\/#website\"},\"primaryImageOfPage\":{\"@id\":\"https:\\\/\\\/clair.si\\\/hr\\\/izdelek\\\/podsedelni-kolan-kavalkade-shape\\\/#primaryimage\"},\"image\":{\"@id\":\"https:\\\/\\\/clair.si\\\/hr\\\/izdelek\\\/podsedelni-kolan-kavalkade-shape\\\/#primaryimage\"},\"thumbnailUrl\":\"https:\\\/\\\/clair.si\\\/wp-content\\\/uploads\\\/2022\\\/09\\\/4112-podsedelni-pas-kavalkade-shape.webp\",\"datePublished\":\"2022-09-27T07:34:42+00:00\",\"dateModified\":\"2025-09-28T17:06:30+00:00\",\"description\":\"Vi\u0161enamjenski podsedelni kolan Kavalkade Shape izra\u0111en od prvoklasne nauljene ko\u017ee, \u0161to osigurava ve\u0107u fleksibilnost i izdr\u017eljivost. Naru\u010dite brzo, sigurno i povoljno.\",\"breadcrumb\":{\"@id\":\"https:\\\/\\\/clair.si\\\/hr\\\/izdelek\\\/podsedelni-kolan-kavalkade-shape\\\/#breadcrumb\"},\"inLanguage\":\"hr\",\"potentialAction\":[{\"@type\":\"ReadAction\",\"target\":[\"https:\\\/\\\/clair.si\\\/hr\\\/izdelek\\\/podsedelni-kolan-kavalkade-shape\\\/\"]}]},{\"@type\":\"ImageObject\",\"inLanguage\":\"hr\",\"@id\":\"https:\\\/\\\/clair.si\\\/hr\\\/izdelek\\\/podsedelni-kolan-kavalkade-shape\\\/#primaryimage\",\"url\":\"https:\\\/\\\/clair.si\\\/wp-content\\\/uploads\\\/2022\\\/09\\\/4112-podsedelni-pas-kavalkade-shape.webp\",\"contentUrl\":\"https:\\\/\\\/clair.si\\\/wp-content\\\/uploads\\\/2022\\\/09\\\/4112-podsedelni-pas-kavalkade-shape.webp\",\"width\":825,\"height\":725,\"caption\":\"Podsedelni pas Kavalkade Shape.\"},{\"@type\":\"BreadcrumbList\",\"@id\":\"https:\\\/\\\/clair.si\\\/hr\\\/izdelek\\\/podsedelni-kolan-kavalkade-shape\\\/#breadcrumb\",\"itemListElement\":[{\"@type\":\"ListItem\",\"position\":1,\"name\":\"Home\",\"item\":\"https:\\\/\\\/clair.si\\\/hr\\\/\"},{\"@type\":\"ListItem\",\"position\":2,\"name\":\"Trgovina\",\"item\":\"https:\\\/\\\/clair.si\\\/trgovina\\\/\"},{\"@type\":\"ListItem\",\"position\":3,\"name\":\"Podsedelni kolan Kavalkade Shape\"}]},{\"@type\":\"WebSite\",\"@id\":\"https:\\\/\\\/clair.si\\\/#website\",\"url\":\"https:\\\/\\\/clair.si\\\/\",\"name\":\"Clair\",\"description\":\"Trgovina s konjeni\u0161ko opremo\",\"publisher\":{\"@id\":\"https:\\\/\\\/clair.si\\\/#organization\"},\"potentialAction\":[{\"@type\":\"SearchAction\",\"target\":{\"@type\":\"EntryPoint\",\"urlTemplate\":\"https:\\\/\\\/clair.si\\\/?s={search_term_string}\"},\"query-input\":{\"@type\":\"PropertyValueSpecification\",\"valueRequired\":true,\"valueName\":\"search_term_string\"}}],\"inLanguage\":\"hr\"},{\"@type\":\"Organization\",\"@id\":\"https:\\\/\\\/clair.si\\\/#organization\",\"name\":\"Clair\",\"url\":\"https:\\\/\\\/clair.si\\\/\",\"logo\":{\"@type\":\"ImageObject\",\"inLanguage\":\"hr\",\"@id\":\"https:\\\/\\\/clair.si\\\/#\\\/schema\\\/logo\\\/image\\\/\",\"url\":\"https:\\\/\\\/clair.si\\\/wp-content\\\/uploads\\\/2022\\\/11\\\/clair_logo_2022.jpg\",\"contentUrl\":\"https:\\\/\\\/clair.si\\\/wp-content\\\/uploads\\\/2022\\\/11\\\/clair_logo_2022.jpg\",\"width\":1920,\"height\":1920,\"caption\":\"Clair\"},\"image\":{\"@id\":\"https:\\\/\\\/clair.si\\\/#\\\/schema\\\/logo\\\/image\\\/\"},\"sameAs\":[\"https:\\\/\\\/www.facebook.com\\\/TrgovinaClair\\\/\"]}]}<\/script>\n<!-- \/ Yoast SEO plugin. -->","yoast_head_json":{"title":"Podsedelni kolan Kavalkade Shape - Clair","description":"Vi\u0161enamjenski podsedelni kolan Kavalkade Shape izra\u0111en od prvoklasne nauljene ko\u017ee, \u0161to osigurava ve\u0107u fleksibilnost i izdr\u017eljivost. Naru\u010dite brzo, sigurno i povoljno.","robots":{"index":"index","follow":"follow","max-snippet":"max-snippet:-1","max-image-preview":"max-image-preview:large","max-video-preview":"max-video-preview:-1"},"canonical":"https:\/\/clair.si\/hr\/izdelek\/podsedelni-kolan-kavalkade-shape\/","og_locale":"hr_HR","og_type":"article","og_title":"Podsedelni kolan Kavalkade Shape - Clair","og_description":"Vi\u0161enamjenski podsedelni kolan Kavalkade Shape izra\u0111en od prvoklasne nauljene ko\u017ee, \u0161to osigurava ve\u0107u fleksibilnost i izdr\u017eljivost. Naru\u010dite brzo, sigurno i povoljno.","og_url":"https:\/\/clair.si\/hr\/izdelek\/podsedelni-kolan-kavalkade-shape\/","og_site_name":"Clair","article_publisher":"https:\/\/www.facebook.com\/TrgovinaClair\/","article_modified_time":"2025-09-28T17:06:30+00:00","og_image":[{"width":825,"height":725,"url":"https:\/\/clair.si\/wp-content\/uploads\/2022\/09\/4112-podsedelni-pas-kavalkade-shape.jpg","type":"image\/jpeg"}],"twitter_card":"summary_large_image","twitter_misc":{"Procijenjeno vrijeme \u010ditanja":"2 minute"},"schema":{"@context":"https:\/\/schema.org","@graph":[{"@type":"WebPage","@id":"https:\/\/clair.si\/hr\/izdelek\/podsedelni-kolan-kavalkade-shape\/","url":"https:\/\/clair.si\/hr\/izdelek\/podsedelni-kolan-kavalkade-shape\/","name":"Podsedelni kolan Kavalkade Shape - Clair","isPartOf":{"@id":"https:\/\/clair.si\/#website"},"primaryImageOfPage":{"@id":"https:\/\/clair.si\/hr\/izdelek\/podsedelni-kolan-kavalkade-shape\/#primaryimage"},"image":{"@id":"https:\/\/clair.si\/hr\/izdelek\/podsedelni-kolan-kavalkade-shape\/#primaryimage"},"thumbnailUrl":"https:\/\/clair.si\/wp-content\/uploads\/2022\/09\/4112-podsedelni-pas-kavalkade-shape.webp","datePublished":"2022-09-27T07:34:42+00:00","dateModified":"2025-09-28T17:06:30+00:00","description":"Vi\u0161enamjenski podsedelni kolan Kavalkade Shape izra\u0111en od prvoklasne nauljene ko\u017ee, \u0161to osigurava ve\u0107u fleksibilnost i izdr\u017eljivost. Naru\u010dite brzo, sigurno i povoljno.","breadcrumb":{"@id":"https:\/\/clair.si\/hr\/izdelek\/podsedelni-kolan-kavalkade-shape\/#breadcrumb"},"inLanguage":"hr","potentialAction":[{"@type":"ReadAction","target":["https:\/\/clair.si\/hr\/izdelek\/podsedelni-kolan-kavalkade-shape\/"]}]},{"@type":"ImageObject","inLanguage":"hr","@id":"https:\/\/clair.si\/hr\/izdelek\/podsedelni-kolan-kavalkade-shape\/#primaryimage","url":"https:\/\/clair.si\/wp-content\/uploads\/2022\/09\/4112-podsedelni-pas-kavalkade-shape.webp","contentUrl":"https:\/\/clair.si\/wp-content\/uploads\/2022\/09\/4112-podsedelni-pas-kavalkade-shape.webp","width":825,"height":725,"caption":"Podsedelni pas Kavalkade Shape."},{"@type":"BreadcrumbList","@id":"https:\/\/clair.si\/hr\/izdelek\/podsedelni-kolan-kavalkade-shape\/#breadcrumb","itemListElement":[{"@type":"ListItem","position":1,"name":"Home","item":"https:\/\/clair.si\/hr\/"},{"@type":"ListItem","position":2,"name":"Trgovina","item":"https:\/\/clair.si\/trgovina\/"},{"@type":"ListItem","position":3,"name":"Podsedelni kolan Kavalkade Shape"}]},{"@type":"WebSite","@id":"https:\/\/clair.si\/#website","url":"https:\/\/clair.si\/","name":"Clair","description":"Trgovina s konjeni\u0161ko opremo","publisher":{"@id":"https:\/\/clair.si\/#organization"},"potentialAction":[{"@type":"SearchAction","target":{"@type":"EntryPoint","urlTemplate":"https:\/\/clair.si\/?s={search_term_string}"},"query-input":{"@type":"PropertyValueSpecification","valueRequired":true,"valueName":"search_term_string"}}],"inLanguage":"hr"},{"@type":"Organization","@id":"https:\/\/clair.si\/#organization","name":"Clair","url":"https:\/\/clair.si\/","logo":{"@type":"ImageObject","inLanguage":"hr","@id":"https:\/\/clair.si\/#\/schema\/logo\/image\/","url":"https:\/\/clair.si\/wp-content\/uploads\/2022\/11\/clair_logo_2022.jpg","contentUrl":"https:\/\/clair.si\/wp-content\/uploads\/2022\/11\/clair_logo_2022.jpg","width":1920,"height":1920,"caption":"Clair"},"image":{"@id":"https:\/\/clair.si\/#\/schema\/logo\/image\/"},"sameAs":["https:\/\/www.facebook.com\/TrgovinaClair\/"]}]}},"_links":{"self":[{"href":"https:\/\/clair.si\/hr\/wp-json\/wp\/v2\/product\/102585","targetHints":{"allow":["GET"]}}],"collection":[{"href":"https:\/\/clair.si\/hr\/wp-json\/wp\/v2\/product"}],"about":[{"href":"https:\/\/clair.si\/hr\/wp-json\/wp\/v2\/types\/product"}],"version-history":[{"count":2,"href":"https:\/\/clair.si\/hr\/wp-json\/wp\/v2\/product\/102585\/revisions"}],"predecessor-version":[{"id":115096,"href":"https:\/\/clair.si\/hr\/wp-json\/wp\/v2\/product\/102585\/revisions\/115096"}],"wp:featuredmedia":[{"embeddable":true,"href":"https:\/\/clair.si\/hr\/wp-json\/wp\/v2\/media\/102592"}],"wp:attachment":[{"href":"https:\/\/clair.si\/hr\/wp-json\/wp\/v2\/media?parent=102585"}],"wp:term":[{"taxonomy":"product_brand","embeddable":true,"href":"https:\/\/clair.si\/hr\/wp-json\/wp\/v2\/product_brand?post=102585"},{"taxonomy":"product_cat","embeddable":true,"href":"https:\/\/clair.si\/hr\/wp-json\/wp\/v2\/product_cat?post=102585"},{"taxonomy":"product_tag","embeddable":true,"href":"https:\/\/clair.si\/hr\/wp-json\/wp\/v2\/product_tag?post=102585"}],"curies":[{"name":"wp","href":"https:\/\/api.w.org\/{rel}","templated":true}]}}