{"id":102612,"date":"2022-09-27T11:27:11","date_gmt":"2022-09-27T09:27:11","guid":{"rendered":"https:\/\/clair.si\/izdelek\/kavalkade-klimatex-podsedelni-pojas-za-dresurno-jahanje\/"},"modified":"2025-09-28T18:57:34","modified_gmt":"2025-09-28T16:57:34","slug":"kavalkade-klimatex-kolan-za-dresurno-jahanje","status":"publish","type":"product","link":"https:\/\/clair.si\/hr\/izdelek\/kavalkade-klimatex-kolan-za-dresurno-jahanje\/","title":{"rendered":"Dresurni podsedelni kolan Kavalkade Klimatex"},"content":{"rendered":"<p><strong>Kavalkade Klimatex podsedelni kolan <\/strong>izra\u0111eni su od izdr\u017eljive mije\u0161ane tkanine.<br \/>\nS unutarnje strane je distan\u010dna tkanina koja zajedno s kri\u017enim vodilom remena osigurava ravnomjernu raspodjelu pritiska i napetosti. Osim toga, materijal Klimatex poznat je po odli\u010dnoj propusnosti znoja. <\/p>\n<ul>\n<li><strong>Klimatex dresurni podsedelni kolan s elastikom<\/strong><\/li>\n<li><strong>S valjkastim kop\u010dama od nehr\u0111aju\u0107eg \u010delika<\/strong> (unutarnja dimenzija 29mm)<\/li>\n<li><strong>Vrlo dobar prijenos znoja<\/strong><\/li>\n<li><strong>Izdr\u017eljiva mije\u0161ana tkanina<\/strong><\/li>\n<li><strong>Laka distan\u010dna tkanina<\/strong><\/li>\n<\/ul>\n<p>Du\u017eina: 50-85 cm<br \/>\nMaterijal: Klimatex<br \/>\nTe\u017eina: 0,4kg<br \/>\nBoja: crna<\/p>\n<p><strong>Uporaba<\/strong>:<\/p>\n<p>Dresurni podsedelni kolan Kavalkade Klimatex su <strong>vrlo mekani<\/strong> i idealni <strong>za svakodnevnu upotrebu.<\/strong> Nevjerojatno su <strong>jednostavni za njegu i perivi<\/strong>. Zbog laganog i tankog materijala, Klimatex remeni \u010desto se koriste i ljeti. Remeni Klimatex prikladni su i <strong>za osjetljive konje<\/strong>, jer se s prekri\u017eanjem najlonskih traka pritisak ravnomjernije rasporedi.  <\/p>\n","protected":false},"excerpt":{"rendered":"<p>Kavalkade Klimatex podsedelni kolan izra\u0111eni su od izdr\u017eljive mije\u0161ane tkanine. S unutarnje strane je distan\u010dna tkanina koja zajedno s kri\u017enim<\/p>\n","protected":false},"featured_media":102623,"template":"","meta":{"footnotes":""},"product_brand":[],"product_cat":[5991,5818,5624],"product_tag":[],"class_list":{"0":"post-102612","1":"product","2":"type-product","3":"status-publish","4":"has-post-thumbnail","6":"product_cat-dresurni-kolani","7":"product_cat-kolan","8":"product_cat-konj-hr","10":"first","11":"instock","12":"shipping-taxable","13":"purchasable","14":"product-type-variable"},"yoast_head":"<!-- This site is optimized with the Yoast SEO plugin v27.3 - https:\/\/yoast.com\/product\/yoast-seo-wordpress\/ -->\n<title>Dresurni podsedelni kolan Kavalkade Klimatex - Clair<\/title>\n<meta name=\"description\" content=\"Dresurni podsedelni kolan Kavalkade Klimatex idealan za svakodnevnu upotrebu. Jednostavan za njegu i periv. Prikladan i za osjetljive konje. Provjerite ponudu.\" \/>\n<meta name=\"robots\" content=\"index, follow, max-snippet:-1, max-image-preview:large, max-video-preview:-1\" \/>\n<link rel=\"canonical\" href=\"https:\/\/clair.si\/hr\/izdelek\/kavalkade-klimatex-kolan-za-dresurno-jahanje\/\" \/>\n<meta property=\"og:locale\" content=\"hr_HR\" \/>\n<meta property=\"og:type\" content=\"article\" \/>\n<meta property=\"og:title\" content=\"Dresurni podsedelni kolan Kavalkade Klimatex - Clair\" \/>\n<meta property=\"og:description\" content=\"Dresurni podsedelni kolan Kavalkade Klimatex idealan za svakodnevnu upotrebu. Jednostavan za njegu i periv. Prikladan i za osjetljive konje. Provjerite ponudu.\" \/>\n<meta property=\"og:url\" content=\"https:\/\/clair.si\/hr\/izdelek\/kavalkade-klimatex-kolan-za-dresurno-jahanje\/\" \/>\n<meta property=\"og:site_name\" content=\"Clair\" \/>\n<meta property=\"article:publisher\" content=\"https:\/\/www.facebook.com\/TrgovinaClair\/\" \/>\n<meta property=\"article:modified_time\" content=\"2025-09-28T16:57:34+00:00\" \/>\n<meta property=\"og:image\" content=\"https:\/\/clair.si\/wp-content\/uploads\/2022\/09\/14004_03-kavalkade-dresurni-sedelni-pas-klimatex-jpg.webp\" \/>\n\t<meta property=\"og:image:width\" content=\"800\" \/>\n\t<meta property=\"og:image:height\" content=\"800\" \/>\n\t<meta property=\"og:image:type\" content=\"image\/jpeg\" \/>\n<meta name=\"twitter:card\" content=\"summary_large_image\" \/>\n<meta name=\"twitter:label1\" content=\"Procijenjeno vrijeme \u010ditanja\" \/>\n\t<meta name=\"twitter:data1\" content=\"1 minuta\" \/>\n<script type=\"application\/ld+json\" class=\"yoast-schema-graph\">{\"@context\":\"https:\\\/\\\/schema.org\",\"@graph\":[{\"@type\":\"WebPage\",\"@id\":\"https:\\\/\\\/clair.si\\\/hr\\\/izdelek\\\/kavalkade-klimatex-kolan-za-dresurno-jahanje\\\/\",\"url\":\"https:\\\/\\\/clair.si\\\/hr\\\/izdelek\\\/kavalkade-klimatex-kolan-za-dresurno-jahanje\\\/\",\"name\":\"Dresurni podsedelni kolan Kavalkade Klimatex - Clair\",\"isPartOf\":{\"@id\":\"https:\\\/\\\/clair.si\\\/#website\"},\"primaryImageOfPage\":{\"@id\":\"https:\\\/\\\/clair.si\\\/hr\\\/izdelek\\\/kavalkade-klimatex-kolan-za-dresurno-jahanje\\\/#primaryimage\"},\"image\":{\"@id\":\"https:\\\/\\\/clair.si\\\/hr\\\/izdelek\\\/kavalkade-klimatex-kolan-za-dresurno-jahanje\\\/#primaryimage\"},\"thumbnailUrl\":\"https:\\\/\\\/clair.si\\\/wp-content\\\/uploads\\\/2022\\\/09\\\/14004_03-kavalkade-dresurni-sedelni-pas-klimatex-jpg.webp\",\"datePublished\":\"2022-09-27T09:27:11+00:00\",\"dateModified\":\"2025-09-28T16:57:34+00:00\",\"description\":\"Dresurni podsedelni kolan Kavalkade Klimatex idealan za svakodnevnu upotrebu. Jednostavan za njegu i periv. Prikladan i za osjetljive konje. Provjerite ponudu.\",\"breadcrumb\":{\"@id\":\"https:\\\/\\\/clair.si\\\/hr\\\/izdelek\\\/kavalkade-klimatex-kolan-za-dresurno-jahanje\\\/#breadcrumb\"},\"inLanguage\":\"hr\",\"potentialAction\":[{\"@type\":\"ReadAction\",\"target\":[\"https:\\\/\\\/clair.si\\\/hr\\\/izdelek\\\/kavalkade-klimatex-kolan-za-dresurno-jahanje\\\/\"]}]},{\"@type\":\"ImageObject\",\"inLanguage\":\"hr\",\"@id\":\"https:\\\/\\\/clair.si\\\/hr\\\/izdelek\\\/kavalkade-klimatex-kolan-za-dresurno-jahanje\\\/#primaryimage\",\"url\":\"https:\\\/\\\/clair.si\\\/wp-content\\\/uploads\\\/2022\\\/09\\\/14004_03-kavalkade-dresurni-sedelni-pas-klimatex-jpg.webp\",\"contentUrl\":\"https:\\\/\\\/clair.si\\\/wp-content\\\/uploads\\\/2022\\\/09\\\/14004_03-kavalkade-dresurni-sedelni-pas-klimatex-jpg.webp\",\"width\":800,\"height\":800},{\"@type\":\"BreadcrumbList\",\"@id\":\"https:\\\/\\\/clair.si\\\/hr\\\/izdelek\\\/kavalkade-klimatex-kolan-za-dresurno-jahanje\\\/#breadcrumb\",\"itemListElement\":[{\"@type\":\"ListItem\",\"position\":1,\"name\":\"Home\",\"item\":\"https:\\\/\\\/clair.si\\\/hr\\\/\"},{\"@type\":\"ListItem\",\"position\":2,\"name\":\"Trgovina\",\"item\":\"https:\\\/\\\/clair.si\\\/trgovina\\\/\"},{\"@type\":\"ListItem\",\"position\":3,\"name\":\"Dresurni podsedelni kolan Kavalkade Klimatex\"}]},{\"@type\":\"WebSite\",\"@id\":\"https:\\\/\\\/clair.si\\\/#website\",\"url\":\"https:\\\/\\\/clair.si\\\/\",\"name\":\"Clair\",\"description\":\"Trgovina s konjeni\u0161ko opremo\",\"publisher\":{\"@id\":\"https:\\\/\\\/clair.si\\\/#organization\"},\"potentialAction\":[{\"@type\":\"SearchAction\",\"target\":{\"@type\":\"EntryPoint\",\"urlTemplate\":\"https:\\\/\\\/clair.si\\\/?s={search_term_string}\"},\"query-input\":{\"@type\":\"PropertyValueSpecification\",\"valueRequired\":true,\"valueName\":\"search_term_string\"}}],\"inLanguage\":\"hr\"},{\"@type\":\"Organization\",\"@id\":\"https:\\\/\\\/clair.si\\\/#organization\",\"name\":\"Clair\",\"url\":\"https:\\\/\\\/clair.si\\\/\",\"logo\":{\"@type\":\"ImageObject\",\"inLanguage\":\"hr\",\"@id\":\"https:\\\/\\\/clair.si\\\/#\\\/schema\\\/logo\\\/image\\\/\",\"url\":\"https:\\\/\\\/clair.si\\\/wp-content\\\/uploads\\\/2022\\\/11\\\/clair_logo_2022.jpg\",\"contentUrl\":\"https:\\\/\\\/clair.si\\\/wp-content\\\/uploads\\\/2022\\\/11\\\/clair_logo_2022.jpg\",\"width\":1920,\"height\":1920,\"caption\":\"Clair\"},\"image\":{\"@id\":\"https:\\\/\\\/clair.si\\\/#\\\/schema\\\/logo\\\/image\\\/\"},\"sameAs\":[\"https:\\\/\\\/www.facebook.com\\\/TrgovinaClair\\\/\"]}]}<\/script>\n<!-- \/ Yoast SEO plugin. -->","yoast_head_json":{"title":"Dresurni podsedelni kolan Kavalkade Klimatex - Clair","description":"Dresurni podsedelni kolan Kavalkade Klimatex idealan za svakodnevnu upotrebu. Jednostavan za njegu i periv. Prikladan i za osjetljive konje. Provjerite ponudu.","robots":{"index":"index","follow":"follow","max-snippet":"max-snippet:-1","max-image-preview":"max-image-preview:large","max-video-preview":"max-video-preview:-1"},"canonical":"https:\/\/clair.si\/hr\/izdelek\/kavalkade-klimatex-kolan-za-dresurno-jahanje\/","og_locale":"hr_HR","og_type":"article","og_title":"Dresurni podsedelni kolan Kavalkade Klimatex - Clair","og_description":"Dresurni podsedelni kolan Kavalkade Klimatex idealan za svakodnevnu upotrebu. Jednostavan za njegu i periv. Prikladan i za osjetljive konje. Provjerite ponudu.","og_url":"https:\/\/clair.si\/hr\/izdelek\/kavalkade-klimatex-kolan-za-dresurno-jahanje\/","og_site_name":"Clair","article_publisher":"https:\/\/www.facebook.com\/TrgovinaClair\/","article_modified_time":"2025-09-28T16:57:34+00:00","og_image":[{"width":800,"height":800,"url":"https:\/\/clair.si\/wp-content\/uploads\/2022\/09\/14004_03-kavalkade-dresurni-sedelni-pas-klimatex-jpg.webp","type":"image\/jpeg"}],"twitter_card":"summary_large_image","twitter_misc":{"Procijenjeno vrijeme \u010ditanja":"1 minuta"},"schema":{"@context":"https:\/\/schema.org","@graph":[{"@type":"WebPage","@id":"https:\/\/clair.si\/hr\/izdelek\/kavalkade-klimatex-kolan-za-dresurno-jahanje\/","url":"https:\/\/clair.si\/hr\/izdelek\/kavalkade-klimatex-kolan-za-dresurno-jahanje\/","name":"Dresurni podsedelni kolan Kavalkade Klimatex - Clair","isPartOf":{"@id":"https:\/\/clair.si\/#website"},"primaryImageOfPage":{"@id":"https:\/\/clair.si\/hr\/izdelek\/kavalkade-klimatex-kolan-za-dresurno-jahanje\/#primaryimage"},"image":{"@id":"https:\/\/clair.si\/hr\/izdelek\/kavalkade-klimatex-kolan-za-dresurno-jahanje\/#primaryimage"},"thumbnailUrl":"https:\/\/clair.si\/wp-content\/uploads\/2022\/09\/14004_03-kavalkade-dresurni-sedelni-pas-klimatex-jpg.webp","datePublished":"2022-09-27T09:27:11+00:00","dateModified":"2025-09-28T16:57:34+00:00","description":"Dresurni podsedelni kolan Kavalkade Klimatex idealan za svakodnevnu upotrebu. Jednostavan za njegu i periv. Prikladan i za osjetljive konje. Provjerite ponudu.","breadcrumb":{"@id":"https:\/\/clair.si\/hr\/izdelek\/kavalkade-klimatex-kolan-za-dresurno-jahanje\/#breadcrumb"},"inLanguage":"hr","potentialAction":[{"@type":"ReadAction","target":["https:\/\/clair.si\/hr\/izdelek\/kavalkade-klimatex-kolan-za-dresurno-jahanje\/"]}]},{"@type":"ImageObject","inLanguage":"hr","@id":"https:\/\/clair.si\/hr\/izdelek\/kavalkade-klimatex-kolan-za-dresurno-jahanje\/#primaryimage","url":"https:\/\/clair.si\/wp-content\/uploads\/2022\/09\/14004_03-kavalkade-dresurni-sedelni-pas-klimatex-jpg.webp","contentUrl":"https:\/\/clair.si\/wp-content\/uploads\/2022\/09\/14004_03-kavalkade-dresurni-sedelni-pas-klimatex-jpg.webp","width":800,"height":800},{"@type":"BreadcrumbList","@id":"https:\/\/clair.si\/hr\/izdelek\/kavalkade-klimatex-kolan-za-dresurno-jahanje\/#breadcrumb","itemListElement":[{"@type":"ListItem","position":1,"name":"Home","item":"https:\/\/clair.si\/hr\/"},{"@type":"ListItem","position":2,"name":"Trgovina","item":"https:\/\/clair.si\/trgovina\/"},{"@type":"ListItem","position":3,"name":"Dresurni podsedelni kolan Kavalkade Klimatex"}]},{"@type":"WebSite","@id":"https:\/\/clair.si\/#website","url":"https:\/\/clair.si\/","name":"Clair","description":"Trgovina s konjeni\u0161ko opremo","publisher":{"@id":"https:\/\/clair.si\/#organization"},"potentialAction":[{"@type":"SearchAction","target":{"@type":"EntryPoint","urlTemplate":"https:\/\/clair.si\/?s={search_term_string}"},"query-input":{"@type":"PropertyValueSpecification","valueRequired":true,"valueName":"search_term_string"}}],"inLanguage":"hr"},{"@type":"Organization","@id":"https:\/\/clair.si\/#organization","name":"Clair","url":"https:\/\/clair.si\/","logo":{"@type":"ImageObject","inLanguage":"hr","@id":"https:\/\/clair.si\/#\/schema\/logo\/image\/","url":"https:\/\/clair.si\/wp-content\/uploads\/2022\/11\/clair_logo_2022.jpg","contentUrl":"https:\/\/clair.si\/wp-content\/uploads\/2022\/11\/clair_logo_2022.jpg","width":1920,"height":1920,"caption":"Clair"},"image":{"@id":"https:\/\/clair.si\/#\/schema\/logo\/image\/"},"sameAs":["https:\/\/www.facebook.com\/TrgovinaClair\/"]}]}},"_links":{"self":[{"href":"https:\/\/clair.si\/hr\/wp-json\/wp\/v2\/product\/102612","targetHints":{"allow":["GET"]}}],"collection":[{"href":"https:\/\/clair.si\/hr\/wp-json\/wp\/v2\/product"}],"about":[{"href":"https:\/\/clair.si\/hr\/wp-json\/wp\/v2\/types\/product"}],"version-history":[{"count":2,"href":"https:\/\/clair.si\/hr\/wp-json\/wp\/v2\/product\/102612\/revisions"}],"predecessor-version":[{"id":115093,"href":"https:\/\/clair.si\/hr\/wp-json\/wp\/v2\/product\/102612\/revisions\/115093"}],"wp:featuredmedia":[{"embeddable":true,"href":"https:\/\/clair.si\/hr\/wp-json\/wp\/v2\/media\/102623"}],"wp:attachment":[{"href":"https:\/\/clair.si\/hr\/wp-json\/wp\/v2\/media?parent=102612"}],"wp:term":[{"taxonomy":"product_brand","embeddable":true,"href":"https:\/\/clair.si\/hr\/wp-json\/wp\/v2\/product_brand?post=102612"},{"taxonomy":"product_cat","embeddable":true,"href":"https:\/\/clair.si\/hr\/wp-json\/wp\/v2\/product_cat?post=102612"},{"taxonomy":"product_tag","embeddable":true,"href":"https:\/\/clair.si\/hr\/wp-json\/wp\/v2\/product_tag?post=102612"}],"curies":[{"name":"wp","href":"https:\/\/api.w.org\/{rel}","templated":true}]}}