{"id":102613,"date":"2022-09-22T14:16:02","date_gmt":"2022-09-22T12:16:02","guid":{"rendered":"https:\/\/clair.si\/izdelek\/kavalkade-softgrip-uzde\/"},"modified":"2025-09-28T19:55:19","modified_gmt":"2025-09-28T17:55:19","slug":"kavalkade-softgrip-dizgini","status":"publish","type":"product","link":"https:\/\/clair.si\/hr\/izdelek\/kavalkade-softgrip-dizgini\/","title":{"rendered":"Kavalkade Softgrip dizgini"},"content":{"rendered":"<p><strong>Kavalkade Softgrip dizgini<\/strong>su <strong>mekane<\/strong> ko\u017ene uzde, \u010dija je donja strana <strong>oblo\u017eena gumom<\/strong>, \u0161to omogu\u0107uje jo\u0161 <strong>bolji oprijem<\/strong> i <strong>sprje\u010dava klizanje<\/strong> iz ruku. Na svakoj strani uzde nalazi se <strong>pet grani\u010dnika<\/strong>. Softgrip uzde jo\u0161 su prianjaju\u0107e zbog svoje <strong>\u0161irine<\/strong>, jer je \u0161irina samo 16 mm. Kop\u010de su u srebrnoj boji.  <\/p>\n<p>Veli\u010dina: Pony (125 cm), Full (140 cm)<br \/>\nBoja: crna, sme\u0111a<\/p>\n","protected":false},"excerpt":{"rendered":"<p>Kavalkade Softgrip dizginisu mekane ko\u017ene uzde, \u010dija je donja strana oblo\u017eena gumom, \u0161to omogu\u0107uje jo\u0161 bolji oprijem i sprje\u010dava klizanje<\/p>\n","protected":false},"featured_media":102620,"template":"","meta":{"footnotes":""},"product_brand":[],"product_cat":[5822,5624,5697],"product_tag":[],"class_list":{"0":"post-102613","1":"product","2":"type-product","3":"status-publish","4":"has-post-thumbnail","6":"product_cat-dizgini","7":"product_cat-konj-hr","8":"product_cat-uzde-i-dizgini","10":"first","11":"instock","12":"sale","13":"shipping-taxable","14":"purchasable","15":"product-type-variable"},"yoast_head":"<!-- This site is optimized with the Yoast SEO plugin v27.4 - https:\/\/yoast.com\/product\/yoast-seo-wordpress\/ -->\n<title>Kavalkade Softgrip dizgini - Clair<\/title>\n<meta name=\"description\" content=\"Kavalkade Softgrip dizgini, iznimno mekane, s dodatnom gumom, prianjaju\u0107e i kvalitetne uzde, koje omogu\u0107uju nesmetano jahanje. Izaberite svoje u na\u0161oj trgovini!\" \/>\n<meta name=\"robots\" content=\"index, follow, max-snippet:-1, max-image-preview:large, max-video-preview:-1\" \/>\n<link rel=\"canonical\" href=\"https:\/\/clair.si\/hr\/izdelek\/kavalkade-softgrip-dizgini\/\" \/>\n<meta property=\"og:locale\" content=\"hr_HR\" \/>\n<meta property=\"og:type\" content=\"article\" \/>\n<meta property=\"og:title\" content=\"Kavalkade Softgrip dizgini - Clair\" \/>\n<meta property=\"og:description\" content=\"Kavalkade Softgrip dizgini, iznimno mekane, s dodatnom gumom, prianjaju\u0107e i kvalitetne uzde, koje omogu\u0107uju nesmetano jahanje. Izaberite svoje u na\u0161oj trgovini!\" \/>\n<meta property=\"og:url\" content=\"https:\/\/clair.si\/hr\/izdelek\/kavalkade-softgrip-dizgini\/\" \/>\n<meta property=\"og:site_name\" content=\"Clair\" \/>\n<meta property=\"article:publisher\" content=\"https:\/\/www.facebook.com\/TrgovinaClair\/\" \/>\n<meta property=\"article:modified_time\" content=\"2025-09-28T17:55:19+00:00\" \/>\n<meta property=\"og:image\" content=\"https:\/\/clair.si\/wp-content\/uploads\/2022\/09\/22203_01-vajeti-kavalkade-softgrip-rjava.jpg\" \/>\n\t<meta property=\"og:image:width\" content=\"825\" \/>\n\t<meta property=\"og:image:height\" content=\"725\" \/>\n\t<meta property=\"og:image:type\" content=\"image\/jpeg\" \/>\n<meta name=\"twitter:card\" content=\"summary_large_image\" \/>\n<meta name=\"twitter:label1\" content=\"Procijenjeno vrijeme \u010ditanja\" \/>\n\t<meta name=\"twitter:data1\" content=\"1 minuta\" \/>\n<script type=\"application\/ld+json\" class=\"yoast-schema-graph\">{\"@context\":\"https:\\\/\\\/schema.org\",\"@graph\":[{\"@type\":\"WebPage\",\"@id\":\"https:\\\/\\\/clair.si\\\/hr\\\/izdelek\\\/kavalkade-softgrip-dizgini\\\/\",\"url\":\"https:\\\/\\\/clair.si\\\/hr\\\/izdelek\\\/kavalkade-softgrip-dizgini\\\/\",\"name\":\"Kavalkade Softgrip dizgini - Clair\",\"isPartOf\":{\"@id\":\"https:\\\/\\\/clair.si\\\/#website\"},\"primaryImageOfPage\":{\"@id\":\"https:\\\/\\\/clair.si\\\/hr\\\/izdelek\\\/kavalkade-softgrip-dizgini\\\/#primaryimage\"},\"image\":{\"@id\":\"https:\\\/\\\/clair.si\\\/hr\\\/izdelek\\\/kavalkade-softgrip-dizgini\\\/#primaryimage\"},\"thumbnailUrl\":\"https:\\\/\\\/clair.si\\\/wp-content\\\/uploads\\\/2022\\\/09\\\/22203_01-vajeti-kavalkade-softgrip-rjava.webp\",\"datePublished\":\"2022-09-22T12:16:02+00:00\",\"dateModified\":\"2025-09-28T17:55:19+00:00\",\"description\":\"Kavalkade Softgrip dizgini, iznimno mekane, s dodatnom gumom, prianjaju\u0107e i kvalitetne uzde, koje omogu\u0107uju nesmetano jahanje. Izaberite svoje u na\u0161oj trgovini!\",\"breadcrumb\":{\"@id\":\"https:\\\/\\\/clair.si\\\/hr\\\/izdelek\\\/kavalkade-softgrip-dizgini\\\/#breadcrumb\"},\"inLanguage\":\"hr\",\"potentialAction\":[{\"@type\":\"ReadAction\",\"target\":[\"https:\\\/\\\/clair.si\\\/hr\\\/izdelek\\\/kavalkade-softgrip-dizgini\\\/\"]}]},{\"@type\":\"ImageObject\",\"inLanguage\":\"hr\",\"@id\":\"https:\\\/\\\/clair.si\\\/hr\\\/izdelek\\\/kavalkade-softgrip-dizgini\\\/#primaryimage\",\"url\":\"https:\\\/\\\/clair.si\\\/wp-content\\\/uploads\\\/2022\\\/09\\\/22203_01-vajeti-kavalkade-softgrip-rjava.webp\",\"contentUrl\":\"https:\\\/\\\/clair.si\\\/wp-content\\\/uploads\\\/2022\\\/09\\\/22203_01-vajeti-kavalkade-softgrip-rjava.webp\",\"width\":825,\"height\":725,\"caption\":\"Vajeti Kavalkade Softgrip.\"},{\"@type\":\"BreadcrumbList\",\"@id\":\"https:\\\/\\\/clair.si\\\/hr\\\/izdelek\\\/kavalkade-softgrip-dizgini\\\/#breadcrumb\",\"itemListElement\":[{\"@type\":\"ListItem\",\"position\":1,\"name\":\"Home\",\"item\":\"https:\\\/\\\/clair.si\\\/hr\\\/\"},{\"@type\":\"ListItem\",\"position\":2,\"name\":\"Trgovina\",\"item\":\"https:\\\/\\\/clair.si\\\/trgovina\\\/\"},{\"@type\":\"ListItem\",\"position\":3,\"name\":\"Kavalkade Softgrip dizgini\"}]},{\"@type\":\"WebSite\",\"@id\":\"https:\\\/\\\/clair.si\\\/#website\",\"url\":\"https:\\\/\\\/clair.si\\\/\",\"name\":\"Clair\",\"description\":\"Trgovina s konjeni\u0161ko opremo\",\"publisher\":{\"@id\":\"https:\\\/\\\/clair.si\\\/#organization\"},\"potentialAction\":[{\"@type\":\"SearchAction\",\"target\":{\"@type\":\"EntryPoint\",\"urlTemplate\":\"https:\\\/\\\/clair.si\\\/?s={search_term_string}\"},\"query-input\":{\"@type\":\"PropertyValueSpecification\",\"valueRequired\":true,\"valueName\":\"search_term_string\"}}],\"inLanguage\":\"hr\"},{\"@type\":\"Organization\",\"@id\":\"https:\\\/\\\/clair.si\\\/#organization\",\"name\":\"Clair\",\"url\":\"https:\\\/\\\/clair.si\\\/\",\"logo\":{\"@type\":\"ImageObject\",\"inLanguage\":\"hr\",\"@id\":\"https:\\\/\\\/clair.si\\\/#\\\/schema\\\/logo\\\/image\\\/\",\"url\":\"https:\\\/\\\/clair.si\\\/wp-content\\\/uploads\\\/2022\\\/11\\\/clair_logo_2022.jpg\",\"contentUrl\":\"https:\\\/\\\/clair.si\\\/wp-content\\\/uploads\\\/2022\\\/11\\\/clair_logo_2022.jpg\",\"width\":1920,\"height\":1920,\"caption\":\"Clair\"},\"image\":{\"@id\":\"https:\\\/\\\/clair.si\\\/#\\\/schema\\\/logo\\\/image\\\/\"},\"sameAs\":[\"https:\\\/\\\/www.facebook.com\\\/TrgovinaClair\\\/\"]}]}<\/script>\n<!-- \/ Yoast SEO plugin. -->","yoast_head_json":{"title":"Kavalkade Softgrip dizgini - Clair","description":"Kavalkade Softgrip dizgini, iznimno mekane, s dodatnom gumom, prianjaju\u0107e i kvalitetne uzde, koje omogu\u0107uju nesmetano jahanje. Izaberite svoje u na\u0161oj trgovini!","robots":{"index":"index","follow":"follow","max-snippet":"max-snippet:-1","max-image-preview":"max-image-preview:large","max-video-preview":"max-video-preview:-1"},"canonical":"https:\/\/clair.si\/hr\/izdelek\/kavalkade-softgrip-dizgini\/","og_locale":"hr_HR","og_type":"article","og_title":"Kavalkade Softgrip dizgini - Clair","og_description":"Kavalkade Softgrip dizgini, iznimno mekane, s dodatnom gumom, prianjaju\u0107e i kvalitetne uzde, koje omogu\u0107uju nesmetano jahanje. Izaberite svoje u na\u0161oj trgovini!","og_url":"https:\/\/clair.si\/hr\/izdelek\/kavalkade-softgrip-dizgini\/","og_site_name":"Clair","article_publisher":"https:\/\/www.facebook.com\/TrgovinaClair\/","article_modified_time":"2025-09-28T17:55:19+00:00","og_image":[{"width":825,"height":725,"url":"https:\/\/clair.si\/wp-content\/uploads\/2022\/09\/22203_01-vajeti-kavalkade-softgrip-rjava.jpg","type":"image\/jpeg"}],"twitter_card":"summary_large_image","twitter_misc":{"Procijenjeno vrijeme \u010ditanja":"1 minuta"},"schema":{"@context":"https:\/\/schema.org","@graph":[{"@type":"WebPage","@id":"https:\/\/clair.si\/hr\/izdelek\/kavalkade-softgrip-dizgini\/","url":"https:\/\/clair.si\/hr\/izdelek\/kavalkade-softgrip-dizgini\/","name":"Kavalkade Softgrip dizgini - Clair","isPartOf":{"@id":"https:\/\/clair.si\/#website"},"primaryImageOfPage":{"@id":"https:\/\/clair.si\/hr\/izdelek\/kavalkade-softgrip-dizgini\/#primaryimage"},"image":{"@id":"https:\/\/clair.si\/hr\/izdelek\/kavalkade-softgrip-dizgini\/#primaryimage"},"thumbnailUrl":"https:\/\/clair.si\/wp-content\/uploads\/2022\/09\/22203_01-vajeti-kavalkade-softgrip-rjava.webp","datePublished":"2022-09-22T12:16:02+00:00","dateModified":"2025-09-28T17:55:19+00:00","description":"Kavalkade Softgrip dizgini, iznimno mekane, s dodatnom gumom, prianjaju\u0107e i kvalitetne uzde, koje omogu\u0107uju nesmetano jahanje. Izaberite svoje u na\u0161oj trgovini!","breadcrumb":{"@id":"https:\/\/clair.si\/hr\/izdelek\/kavalkade-softgrip-dizgini\/#breadcrumb"},"inLanguage":"hr","potentialAction":[{"@type":"ReadAction","target":["https:\/\/clair.si\/hr\/izdelek\/kavalkade-softgrip-dizgini\/"]}]},{"@type":"ImageObject","inLanguage":"hr","@id":"https:\/\/clair.si\/hr\/izdelek\/kavalkade-softgrip-dizgini\/#primaryimage","url":"https:\/\/clair.si\/wp-content\/uploads\/2022\/09\/22203_01-vajeti-kavalkade-softgrip-rjava.webp","contentUrl":"https:\/\/clair.si\/wp-content\/uploads\/2022\/09\/22203_01-vajeti-kavalkade-softgrip-rjava.webp","width":825,"height":725,"caption":"Vajeti Kavalkade Softgrip."},{"@type":"BreadcrumbList","@id":"https:\/\/clair.si\/hr\/izdelek\/kavalkade-softgrip-dizgini\/#breadcrumb","itemListElement":[{"@type":"ListItem","position":1,"name":"Home","item":"https:\/\/clair.si\/hr\/"},{"@type":"ListItem","position":2,"name":"Trgovina","item":"https:\/\/clair.si\/trgovina\/"},{"@type":"ListItem","position":3,"name":"Kavalkade Softgrip dizgini"}]},{"@type":"WebSite","@id":"https:\/\/clair.si\/#website","url":"https:\/\/clair.si\/","name":"Clair","description":"Trgovina s konjeni\u0161ko opremo","publisher":{"@id":"https:\/\/clair.si\/#organization"},"potentialAction":[{"@type":"SearchAction","target":{"@type":"EntryPoint","urlTemplate":"https:\/\/clair.si\/?s={search_term_string}"},"query-input":{"@type":"PropertyValueSpecification","valueRequired":true,"valueName":"search_term_string"}}],"inLanguage":"hr"},{"@type":"Organization","@id":"https:\/\/clair.si\/#organization","name":"Clair","url":"https:\/\/clair.si\/","logo":{"@type":"ImageObject","inLanguage":"hr","@id":"https:\/\/clair.si\/#\/schema\/logo\/image\/","url":"https:\/\/clair.si\/wp-content\/uploads\/2022\/11\/clair_logo_2022.jpg","contentUrl":"https:\/\/clair.si\/wp-content\/uploads\/2022\/11\/clair_logo_2022.jpg","width":1920,"height":1920,"caption":"Clair"},"image":{"@id":"https:\/\/clair.si\/#\/schema\/logo\/image\/"},"sameAs":["https:\/\/www.facebook.com\/TrgovinaClair\/"]}]}},"_links":{"self":[{"href":"https:\/\/clair.si\/hr\/wp-json\/wp\/v2\/product\/102613","targetHints":{"allow":["GET"]}}],"collection":[{"href":"https:\/\/clair.si\/hr\/wp-json\/wp\/v2\/product"}],"about":[{"href":"https:\/\/clair.si\/hr\/wp-json\/wp\/v2\/types\/product"}],"version-history":[{"count":3,"href":"https:\/\/clair.si\/hr\/wp-json\/wp\/v2\/product\/102613\/revisions"}],"predecessor-version":[{"id":115222,"href":"https:\/\/clair.si\/hr\/wp-json\/wp\/v2\/product\/102613\/revisions\/115222"}],"wp:featuredmedia":[{"embeddable":true,"href":"https:\/\/clair.si\/hr\/wp-json\/wp\/v2\/media\/102620"}],"wp:attachment":[{"href":"https:\/\/clair.si\/hr\/wp-json\/wp\/v2\/media?parent=102613"}],"wp:term":[{"taxonomy":"product_brand","embeddable":true,"href":"https:\/\/clair.si\/hr\/wp-json\/wp\/v2\/product_brand?post=102613"},{"taxonomy":"product_cat","embeddable":true,"href":"https:\/\/clair.si\/hr\/wp-json\/wp\/v2\/product_cat?post=102613"},{"taxonomy":"product_tag","embeddable":true,"href":"https:\/\/clair.si\/hr\/wp-json\/wp\/v2\/product_tag?post=102613"}],"curies":[{"name":"wp","href":"https:\/\/api.w.org\/{rel}","templated":true}]}}