{"id":102638,"date":"2022-09-12T14:54:42","date_gmt":"2022-09-12T12:54:42","guid":{"rendered":"https:\/\/clair.si\/izdelek\/kavalkade-carlos-uzda\/"},"modified":"2025-08-28T07:58:51","modified_gmt":"2025-08-28T05:58:51","slug":"kavalkade-carlos-uzda","status":"publish","type":"product","link":"https:\/\/clair.si\/hr\/izdelek\/kavalkade-carlos-uzda\/","title":{"rendered":"Kavalkade Carlos uzda"},"content":{"rendered":"<p><strong>Kavalkade Carlos uzda<\/strong> je engleska uzda s <strong>meksi\u010dkom<\/strong> nju\u0161kom, <strong>klasi\u010dnog<\/strong> i <strong>nenametljivog<\/strong> izgleda.<\/p>\n<p>Vrlo je <strong>prilagodljiva<\/strong> jer ima mogu\u0107nost pode\u0161avanja veli\u010dine s obje strane. Uzda je <strong>podstavljena<\/strong> na potiljku, a na samoj meksi\u010dkoj nju\u0161ci je <strong>ov\u010dica pri\u010dvr\u0161\u0107ena \u010di\u010dkom<\/strong>, koju jednostavno mo\u017eete zamijeniti za ko\u017enu podlogu, koja je ve\u0107 uklju\u010dena u cijenu. <\/p>\n<p>U cijenu su uklju\u010dene i neklizaju\u0107e vodilice s grani\u010dnicima.<\/p>\n<p>Dostupna u crnoj boji i razli\u010ditim veli\u010dinama.<\/p>\n<p>Materijal: ko\u017ea<\/p>\n<p>&nbsp;<\/p>\n","protected":false},"excerpt":{"rendered":"<p><img loading=\"lazy\" decoding=\"async\" class=\"alignnone size-full wp-image-12781\" src=\"https:\/\/clair.si\/wp-content\/uploads\/2022\/09\/oiled_leather.webp\" alt=\"\" width=\"100\" height=\"100\"><\/p>\n","protected":false},"featured_media":102643,"template":"","meta":{"footnotes":""},"product_brand":[],"product_cat":[5624,5843,5697],"product_tag":[],"class_list":{"0":"post-102638","1":"product","2":"type-product","3":"status-publish","4":"has-post-thumbnail","6":"product_cat-konj-hr","7":"product_cat-uzde","8":"product_cat-uzde-i-dizgini","10":"first","11":"instock","12":"shipping-taxable","13":"purchasable","14":"product-type-variable"},"yoast_head":"<!-- This site is optimized with the Yoast SEO plugin v27.3 - https:\/\/yoast.com\/product\/yoast-seo-wordpress\/ -->\n<title>Kavalkade Carlos uzda - Clair<\/title>\n<meta name=\"description\" content=\"Kavalkade Carlos uzda je engleska uzda s meksi\u010dkom nju\u0161kom, izra\u0111ena od kvalitetne ko\u017ee, koja nudi svu udobnost va\u0161em konju. Provjerite na\u0161u ponudu!\" \/>\n<meta name=\"robots\" content=\"index, follow, max-snippet:-1, max-image-preview:large, max-video-preview:-1\" \/>\n<link rel=\"canonical\" href=\"https:\/\/clair.si\/hr\/izdelek\/kavalkade-carlos-uzda\/\" \/>\n<meta property=\"og:locale\" content=\"hr_HR\" \/>\n<meta property=\"og:type\" content=\"article\" \/>\n<meta property=\"og:title\" content=\"Kavalkade Carlos uzda - Clair\" \/>\n<meta property=\"og:description\" content=\"Kavalkade Carlos uzda je engleska uzda s meksi\u010dkom nju\u0161kom, izra\u0111ena od kvalitetne ko\u017ee, koja nudi svu udobnost va\u0161em konju. Provjerite na\u0161u ponudu!\" \/>\n<meta property=\"og:url\" content=\"https:\/\/clair.si\/hr\/izdelek\/kavalkade-carlos-uzda\/\" \/>\n<meta property=\"og:site_name\" content=\"Clair\" \/>\n<meta property=\"article:publisher\" content=\"https:\/\/www.facebook.com\/TrgovinaClair\/\" \/>\n<meta property=\"article:modified_time\" content=\"2025-08-28T05:58:51+00:00\" \/>\n<meta property=\"og:image\" content=\"https:\/\/clair.si\/wp-content\/uploads\/2022\/09\/19022_mehiska-uzda-kavalkade-carlos.jpg\" \/>\n\t<meta property=\"og:image:width\" content=\"825\" \/>\n\t<meta property=\"og:image:height\" content=\"725\" \/>\n\t<meta property=\"og:image:type\" content=\"image\/jpeg\" \/>\n<meta name=\"twitter:card\" content=\"summary_large_image\" \/>\n<script type=\"application\/ld+json\" class=\"yoast-schema-graph\">{\"@context\":\"https:\\\/\\\/schema.org\",\"@graph\":[{\"@type\":\"WebPage\",\"@id\":\"https:\\\/\\\/clair.si\\\/hr\\\/izdelek\\\/kavalkade-carlos-uzda\\\/\",\"url\":\"https:\\\/\\\/clair.si\\\/hr\\\/izdelek\\\/kavalkade-carlos-uzda\\\/\",\"name\":\"Kavalkade Carlos uzda - Clair\",\"isPartOf\":{\"@id\":\"https:\\\/\\\/clair.si\\\/#website\"},\"primaryImageOfPage\":{\"@id\":\"https:\\\/\\\/clair.si\\\/hr\\\/izdelek\\\/kavalkade-carlos-uzda\\\/#primaryimage\"},\"image\":{\"@id\":\"https:\\\/\\\/clair.si\\\/hr\\\/izdelek\\\/kavalkade-carlos-uzda\\\/#primaryimage\"},\"thumbnailUrl\":\"https:\\\/\\\/clair.si\\\/wp-content\\\/uploads\\\/2022\\\/09\\\/19022_mehiska-uzda-kavalkade-carlos.webp\",\"datePublished\":\"2022-09-12T12:54:42+00:00\",\"dateModified\":\"2025-08-28T05:58:51+00:00\",\"description\":\"Kavalkade Carlos uzda je engleska uzda s meksi\u010dkom nju\u0161kom, izra\u0111ena od kvalitetne ko\u017ee, koja nudi svu udobnost va\u0161em konju. Provjerite na\u0161u ponudu!\",\"breadcrumb\":{\"@id\":\"https:\\\/\\\/clair.si\\\/hr\\\/izdelek\\\/kavalkade-carlos-uzda\\\/#breadcrumb\"},\"inLanguage\":\"hr\",\"potentialAction\":[{\"@type\":\"ReadAction\",\"target\":[\"https:\\\/\\\/clair.si\\\/hr\\\/izdelek\\\/kavalkade-carlos-uzda\\\/\"]}]},{\"@type\":\"ImageObject\",\"inLanguage\":\"hr\",\"@id\":\"https:\\\/\\\/clair.si\\\/hr\\\/izdelek\\\/kavalkade-carlos-uzda\\\/#primaryimage\",\"url\":\"https:\\\/\\\/clair.si\\\/wp-content\\\/uploads\\\/2022\\\/09\\\/19022_mehiska-uzda-kavalkade-carlos.webp\",\"contentUrl\":\"https:\\\/\\\/clair.si\\\/wp-content\\\/uploads\\\/2022\\\/09\\\/19022_mehiska-uzda-kavalkade-carlos.webp\",\"width\":825,\"height\":725,\"caption\":\"Uzda Kavalkade Carlos\"},{\"@type\":\"BreadcrumbList\",\"@id\":\"https:\\\/\\\/clair.si\\\/hr\\\/izdelek\\\/kavalkade-carlos-uzda\\\/#breadcrumb\",\"itemListElement\":[{\"@type\":\"ListItem\",\"position\":1,\"name\":\"Home\",\"item\":\"https:\\\/\\\/clair.si\\\/hr\\\/\"},{\"@type\":\"ListItem\",\"position\":2,\"name\":\"Trgovina\",\"item\":\"https:\\\/\\\/clair.si\\\/trgovina\\\/\"},{\"@type\":\"ListItem\",\"position\":3,\"name\":\"Kavalkade Carlos uzda\"}]},{\"@type\":\"WebSite\",\"@id\":\"https:\\\/\\\/clair.si\\\/#website\",\"url\":\"https:\\\/\\\/clair.si\\\/\",\"name\":\"Clair\",\"description\":\"Trgovina s konjeni\u0161ko opremo\",\"publisher\":{\"@id\":\"https:\\\/\\\/clair.si\\\/#organization\"},\"potentialAction\":[{\"@type\":\"SearchAction\",\"target\":{\"@type\":\"EntryPoint\",\"urlTemplate\":\"https:\\\/\\\/clair.si\\\/?s={search_term_string}\"},\"query-input\":{\"@type\":\"PropertyValueSpecification\",\"valueRequired\":true,\"valueName\":\"search_term_string\"}}],\"inLanguage\":\"hr\"},{\"@type\":\"Organization\",\"@id\":\"https:\\\/\\\/clair.si\\\/#organization\",\"name\":\"Clair\",\"url\":\"https:\\\/\\\/clair.si\\\/\",\"logo\":{\"@type\":\"ImageObject\",\"inLanguage\":\"hr\",\"@id\":\"https:\\\/\\\/clair.si\\\/#\\\/schema\\\/logo\\\/image\\\/\",\"url\":\"https:\\\/\\\/clair.si\\\/wp-content\\\/uploads\\\/2022\\\/11\\\/clair_logo_2022.jpg\",\"contentUrl\":\"https:\\\/\\\/clair.si\\\/wp-content\\\/uploads\\\/2022\\\/11\\\/clair_logo_2022.jpg\",\"width\":1920,\"height\":1920,\"caption\":\"Clair\"},\"image\":{\"@id\":\"https:\\\/\\\/clair.si\\\/#\\\/schema\\\/logo\\\/image\\\/\"},\"sameAs\":[\"https:\\\/\\\/www.facebook.com\\\/TrgovinaClair\\\/\"]}]}<\/script>\n<!-- \/ Yoast SEO plugin. -->","yoast_head_json":{"title":"Kavalkade Carlos uzda - Clair","description":"Kavalkade Carlos uzda je engleska uzda s meksi\u010dkom nju\u0161kom, izra\u0111ena od kvalitetne ko\u017ee, koja nudi svu udobnost va\u0161em konju. Provjerite na\u0161u ponudu!","robots":{"index":"index","follow":"follow","max-snippet":"max-snippet:-1","max-image-preview":"max-image-preview:large","max-video-preview":"max-video-preview:-1"},"canonical":"https:\/\/clair.si\/hr\/izdelek\/kavalkade-carlos-uzda\/","og_locale":"hr_HR","og_type":"article","og_title":"Kavalkade Carlos uzda - Clair","og_description":"Kavalkade Carlos uzda je engleska uzda s meksi\u010dkom nju\u0161kom, izra\u0111ena od kvalitetne ko\u017ee, koja nudi svu udobnost va\u0161em konju. Provjerite na\u0161u ponudu!","og_url":"https:\/\/clair.si\/hr\/izdelek\/kavalkade-carlos-uzda\/","og_site_name":"Clair","article_publisher":"https:\/\/www.facebook.com\/TrgovinaClair\/","article_modified_time":"2025-08-28T05:58:51+00:00","og_image":[{"width":825,"height":725,"url":"https:\/\/clair.si\/wp-content\/uploads\/2022\/09\/19022_mehiska-uzda-kavalkade-carlos.jpg","type":"image\/jpeg"}],"twitter_card":"summary_large_image","schema":{"@context":"https:\/\/schema.org","@graph":[{"@type":"WebPage","@id":"https:\/\/clair.si\/hr\/izdelek\/kavalkade-carlos-uzda\/","url":"https:\/\/clair.si\/hr\/izdelek\/kavalkade-carlos-uzda\/","name":"Kavalkade Carlos uzda - Clair","isPartOf":{"@id":"https:\/\/clair.si\/#website"},"primaryImageOfPage":{"@id":"https:\/\/clair.si\/hr\/izdelek\/kavalkade-carlos-uzda\/#primaryimage"},"image":{"@id":"https:\/\/clair.si\/hr\/izdelek\/kavalkade-carlos-uzda\/#primaryimage"},"thumbnailUrl":"https:\/\/clair.si\/wp-content\/uploads\/2022\/09\/19022_mehiska-uzda-kavalkade-carlos.webp","datePublished":"2022-09-12T12:54:42+00:00","dateModified":"2025-08-28T05:58:51+00:00","description":"Kavalkade Carlos uzda je engleska uzda s meksi\u010dkom nju\u0161kom, izra\u0111ena od kvalitetne ko\u017ee, koja nudi svu udobnost va\u0161em konju. Provjerite na\u0161u ponudu!","breadcrumb":{"@id":"https:\/\/clair.si\/hr\/izdelek\/kavalkade-carlos-uzda\/#breadcrumb"},"inLanguage":"hr","potentialAction":[{"@type":"ReadAction","target":["https:\/\/clair.si\/hr\/izdelek\/kavalkade-carlos-uzda\/"]}]},{"@type":"ImageObject","inLanguage":"hr","@id":"https:\/\/clair.si\/hr\/izdelek\/kavalkade-carlos-uzda\/#primaryimage","url":"https:\/\/clair.si\/wp-content\/uploads\/2022\/09\/19022_mehiska-uzda-kavalkade-carlos.webp","contentUrl":"https:\/\/clair.si\/wp-content\/uploads\/2022\/09\/19022_mehiska-uzda-kavalkade-carlos.webp","width":825,"height":725,"caption":"Uzda Kavalkade Carlos"},{"@type":"BreadcrumbList","@id":"https:\/\/clair.si\/hr\/izdelek\/kavalkade-carlos-uzda\/#breadcrumb","itemListElement":[{"@type":"ListItem","position":1,"name":"Home","item":"https:\/\/clair.si\/hr\/"},{"@type":"ListItem","position":2,"name":"Trgovina","item":"https:\/\/clair.si\/trgovina\/"},{"@type":"ListItem","position":3,"name":"Kavalkade Carlos uzda"}]},{"@type":"WebSite","@id":"https:\/\/clair.si\/#website","url":"https:\/\/clair.si\/","name":"Clair","description":"Trgovina s konjeni\u0161ko opremo","publisher":{"@id":"https:\/\/clair.si\/#organization"},"potentialAction":[{"@type":"SearchAction","target":{"@type":"EntryPoint","urlTemplate":"https:\/\/clair.si\/?s={search_term_string}"},"query-input":{"@type":"PropertyValueSpecification","valueRequired":true,"valueName":"search_term_string"}}],"inLanguage":"hr"},{"@type":"Organization","@id":"https:\/\/clair.si\/#organization","name":"Clair","url":"https:\/\/clair.si\/","logo":{"@type":"ImageObject","inLanguage":"hr","@id":"https:\/\/clair.si\/#\/schema\/logo\/image\/","url":"https:\/\/clair.si\/wp-content\/uploads\/2022\/11\/clair_logo_2022.jpg","contentUrl":"https:\/\/clair.si\/wp-content\/uploads\/2022\/11\/clair_logo_2022.jpg","width":1920,"height":1920,"caption":"Clair"},"image":{"@id":"https:\/\/clair.si\/#\/schema\/logo\/image\/"},"sameAs":["https:\/\/www.facebook.com\/TrgovinaClair\/"]}]}},"_links":{"self":[{"href":"https:\/\/clair.si\/hr\/wp-json\/wp\/v2\/product\/102638","targetHints":{"allow":["GET"]}}],"collection":[{"href":"https:\/\/clair.si\/hr\/wp-json\/wp\/v2\/product"}],"about":[{"href":"https:\/\/clair.si\/hr\/wp-json\/wp\/v2\/types\/product"}],"version-history":[{"count":0,"href":"https:\/\/clair.si\/hr\/wp-json\/wp\/v2\/product\/102638\/revisions"}],"wp:featuredmedia":[{"embeddable":true,"href":"https:\/\/clair.si\/hr\/wp-json\/wp\/v2\/media\/102643"}],"wp:attachment":[{"href":"https:\/\/clair.si\/hr\/wp-json\/wp\/v2\/media?parent=102638"}],"wp:term":[{"taxonomy":"product_brand","embeddable":true,"href":"https:\/\/clair.si\/hr\/wp-json\/wp\/v2\/product_brand?post=102638"},{"taxonomy":"product_cat","embeddable":true,"href":"https:\/\/clair.si\/hr\/wp-json\/wp\/v2\/product_cat?post=102638"},{"taxonomy":"product_tag","embeddable":true,"href":"https:\/\/clair.si\/hr\/wp-json\/wp\/v2\/product_tag?post=102638"}],"curies":[{"name":"wp","href":"https:\/\/api.w.org\/{rel}","templated":true}]}}