{"id":102670,"date":"2022-09-12T16:06:03","date_gmt":"2022-09-12T14:06:03","guid":{"rendered":"https:\/\/clair.si\/izdelek\/meksicka-uzda-kavalkade-diandro\/"},"modified":"2025-09-24T09:56:06","modified_gmt":"2025-09-24T07:56:06","slug":"meksicka-uzda-kavalkade-diandro","status":"publish","type":"product","link":"https:\/\/clair.si\/hr\/izdelek\/meksicka-uzda-kavalkade-diandro\/","title":{"rendered":"Meksi\u010dka uzda Kavalkade Diandro"},"content":{"rendered":"<p><strong>Meksi\u010dka uzda Kavalkade Diandro<\/strong> je kvalitetna ko\u017ena uzda s <strong>meksi\u010dkom nju\u0161kom<\/strong>.<\/p>\n<p>Uzda Diandro je vrlo <strong>prilagodljiva<\/strong> po veli\u010dini jer ima remenje podesivo s obje strane. Kod meksi\u010dke uzde Diandro dio za nos s ov\u010djom ko\u017eom je uklonjiv, radi lak\u0161eg pranja ili ga jednostavno zamijenite ko\u017enom podlogom.<\/p>\n<p>Uzda je izra\u0111ena od vrlo mekane ko\u017ee. <strong>Anatomski je oblikovana<\/strong>, \u0161to dodatno uljep\u0161avaju kontrastni \u0161avovi, srebrne kop\u010de i lijepo oblikovan naglavni dio. Uz uzdu su uklju\u010deni i neklize\u0107i remeni s grani\u010dnicima. Uz uzdu Diandro lijepo se nadopunjuje i <strong>martingal s prsnikom<\/strong> Diandro, u istom stilu.   <\/p>\n<p>Veli\u010dina: pony, cob, full<\/p>\n<p>Boja: sme\u0111a, crna<\/p>\n","protected":false},"excerpt":{"rendered":"<p>Meksi\u010dka uzda Kavalkade Diandro je kvalitetna ko\u017ena uzda s meksi\u010dkom nju\u0161kom. Uzda Diandro je vrlo prilagodljiva po veli\u010dini jer ima<\/p>\n","protected":false},"featured_media":102672,"template":"","meta":{"footnotes":""},"product_brand":[],"product_cat":[5624,5843,5697],"product_tag":[],"class_list":{"0":"post-102670","1":"product","2":"type-product","3":"status-publish","4":"has-post-thumbnail","6":"product_cat-konj-hr","7":"product_cat-uzde","8":"product_cat-uzde-i-dizgini","10":"first","11":"instock","12":"shipping-taxable","13":"purchasable","14":"product-type-variable"},"yoast_head":"<!-- This site is optimized with the Yoast SEO plugin v27.3 - https:\/\/yoast.com\/product\/yoast-seo-wordpress\/ -->\n<title>Meksi\u010dka uzda Kavalkade Diandro - Clair<\/title>\n<meta name=\"description\" content=\"Meksi\u010dka uzda Kavalkade Diandro, izra\u0111ena od kvalitetne mekane ko\u017ee, anatomskog oblika, dostupna u dvije boje i tri veli\u010dine. Provjerite ponudu!\" \/>\n<meta name=\"robots\" content=\"index, follow, max-snippet:-1, max-image-preview:large, max-video-preview:-1\" \/>\n<link rel=\"canonical\" href=\"https:\/\/clair.si\/hr\/izdelek\/meksicka-uzda-kavalkade-diandro\/\" \/>\n<meta property=\"og:locale\" content=\"hr_HR\" \/>\n<meta property=\"og:type\" content=\"article\" \/>\n<meta property=\"og:title\" content=\"Meksi\u010dka uzda Kavalkade Diandro - Clair\" \/>\n<meta property=\"og:description\" content=\"Meksi\u010dka uzda Kavalkade Diandro, izra\u0111ena od kvalitetne mekane ko\u017ee, anatomskog oblika, dostupna u dvije boje i tri veli\u010dine. Provjerite ponudu!\" \/>\n<meta property=\"og:url\" content=\"https:\/\/clair.si\/hr\/izdelek\/meksicka-uzda-kavalkade-diandro\/\" \/>\n<meta property=\"og:site_name\" content=\"Clair\" \/>\n<meta property=\"article:publisher\" content=\"https:\/\/www.facebook.com\/TrgovinaClair\/\" \/>\n<meta property=\"article:modified_time\" content=\"2025-09-24T07:56:06+00:00\" \/>\n<meta property=\"og:image\" content=\"https:\/\/clair.si\/wp-content\/uploads\/2022\/09\/19016-uzda-za-konja-mehiska-kavalkade-diandro.jpg\" \/>\n\t<meta property=\"og:image:width\" content=\"825\" \/>\n\t<meta property=\"og:image:height\" content=\"725\" \/>\n\t<meta property=\"og:image:type\" content=\"image\/jpeg\" \/>\n<meta name=\"twitter:card\" content=\"summary_large_image\" \/>\n<meta name=\"twitter:label1\" content=\"Procijenjeno vrijeme \u010ditanja\" \/>\n\t<meta name=\"twitter:data1\" content=\"1 minuta\" \/>\n<script type=\"application\/ld+json\" class=\"yoast-schema-graph\">{\"@context\":\"https:\\\/\\\/schema.org\",\"@graph\":[{\"@type\":\"WebPage\",\"@id\":\"https:\\\/\\\/clair.si\\\/hr\\\/izdelek\\\/meksicka-uzda-kavalkade-diandro\\\/\",\"url\":\"https:\\\/\\\/clair.si\\\/hr\\\/izdelek\\\/meksicka-uzda-kavalkade-diandro\\\/\",\"name\":\"Meksi\u010dka uzda Kavalkade Diandro - Clair\",\"isPartOf\":{\"@id\":\"https:\\\/\\\/clair.si\\\/#website\"},\"primaryImageOfPage\":{\"@id\":\"https:\\\/\\\/clair.si\\\/hr\\\/izdelek\\\/meksicka-uzda-kavalkade-diandro\\\/#primaryimage\"},\"image\":{\"@id\":\"https:\\\/\\\/clair.si\\\/hr\\\/izdelek\\\/meksicka-uzda-kavalkade-diandro\\\/#primaryimage\"},\"thumbnailUrl\":\"https:\\\/\\\/clair.si\\\/wp-content\\\/uploads\\\/2022\\\/09\\\/19016-uzda-za-konja-mehiska-kavalkade-diandro.webp\",\"datePublished\":\"2022-09-12T14:06:03+00:00\",\"dateModified\":\"2025-09-24T07:56:06+00:00\",\"description\":\"Meksi\u010dka uzda Kavalkade Diandro, izra\u0111ena od kvalitetne mekane ko\u017ee, anatomskog oblika, dostupna u dvije boje i tri veli\u010dine. Provjerite ponudu!\",\"breadcrumb\":{\"@id\":\"https:\\\/\\\/clair.si\\\/hr\\\/izdelek\\\/meksicka-uzda-kavalkade-diandro\\\/#breadcrumb\"},\"inLanguage\":\"hr\",\"potentialAction\":[{\"@type\":\"ReadAction\",\"target\":[\"https:\\\/\\\/clair.si\\\/hr\\\/izdelek\\\/meksicka-uzda-kavalkade-diandro\\\/\"]}]},{\"@type\":\"ImageObject\",\"inLanguage\":\"hr\",\"@id\":\"https:\\\/\\\/clair.si\\\/hr\\\/izdelek\\\/meksicka-uzda-kavalkade-diandro\\\/#primaryimage\",\"url\":\"https:\\\/\\\/clair.si\\\/wp-content\\\/uploads\\\/2022\\\/09\\\/19016-uzda-za-konja-mehiska-kavalkade-diandro.webp\",\"contentUrl\":\"https:\\\/\\\/clair.si\\\/wp-content\\\/uploads\\\/2022\\\/09\\\/19016-uzda-za-konja-mehiska-kavalkade-diandro.webp\",\"width\":825,\"height\":725,\"caption\":\"Uzda Kavalkade Diandro\"},{\"@type\":\"BreadcrumbList\",\"@id\":\"https:\\\/\\\/clair.si\\\/hr\\\/izdelek\\\/meksicka-uzda-kavalkade-diandro\\\/#breadcrumb\",\"itemListElement\":[{\"@type\":\"ListItem\",\"position\":1,\"name\":\"Home\",\"item\":\"https:\\\/\\\/clair.si\\\/hr\\\/\"},{\"@type\":\"ListItem\",\"position\":2,\"name\":\"Trgovina\",\"item\":\"https:\\\/\\\/clair.si\\\/trgovina\\\/\"},{\"@type\":\"ListItem\",\"position\":3,\"name\":\"Meksi\u010dka uzda Kavalkade Diandro\"}]},{\"@type\":\"WebSite\",\"@id\":\"https:\\\/\\\/clair.si\\\/#website\",\"url\":\"https:\\\/\\\/clair.si\\\/\",\"name\":\"Clair\",\"description\":\"Trgovina s konjeni\u0161ko opremo\",\"publisher\":{\"@id\":\"https:\\\/\\\/clair.si\\\/#organization\"},\"potentialAction\":[{\"@type\":\"SearchAction\",\"target\":{\"@type\":\"EntryPoint\",\"urlTemplate\":\"https:\\\/\\\/clair.si\\\/?s={search_term_string}\"},\"query-input\":{\"@type\":\"PropertyValueSpecification\",\"valueRequired\":true,\"valueName\":\"search_term_string\"}}],\"inLanguage\":\"hr\"},{\"@type\":\"Organization\",\"@id\":\"https:\\\/\\\/clair.si\\\/#organization\",\"name\":\"Clair\",\"url\":\"https:\\\/\\\/clair.si\\\/\",\"logo\":{\"@type\":\"ImageObject\",\"inLanguage\":\"hr\",\"@id\":\"https:\\\/\\\/clair.si\\\/#\\\/schema\\\/logo\\\/image\\\/\",\"url\":\"https:\\\/\\\/clair.si\\\/wp-content\\\/uploads\\\/2022\\\/11\\\/clair_logo_2022.jpg\",\"contentUrl\":\"https:\\\/\\\/clair.si\\\/wp-content\\\/uploads\\\/2022\\\/11\\\/clair_logo_2022.jpg\",\"width\":1920,\"height\":1920,\"caption\":\"Clair\"},\"image\":{\"@id\":\"https:\\\/\\\/clair.si\\\/#\\\/schema\\\/logo\\\/image\\\/\"},\"sameAs\":[\"https:\\\/\\\/www.facebook.com\\\/TrgovinaClair\\\/\"]}]}<\/script>\n<!-- \/ Yoast SEO plugin. -->","yoast_head_json":{"title":"Meksi\u010dka uzda Kavalkade Diandro - Clair","description":"Meksi\u010dka uzda Kavalkade Diandro, izra\u0111ena od kvalitetne mekane ko\u017ee, anatomskog oblika, dostupna u dvije boje i tri veli\u010dine. Provjerite ponudu!","robots":{"index":"index","follow":"follow","max-snippet":"max-snippet:-1","max-image-preview":"max-image-preview:large","max-video-preview":"max-video-preview:-1"},"canonical":"https:\/\/clair.si\/hr\/izdelek\/meksicka-uzda-kavalkade-diandro\/","og_locale":"hr_HR","og_type":"article","og_title":"Meksi\u010dka uzda Kavalkade Diandro - Clair","og_description":"Meksi\u010dka uzda Kavalkade Diandro, izra\u0111ena od kvalitetne mekane ko\u017ee, anatomskog oblika, dostupna u dvije boje i tri veli\u010dine. Provjerite ponudu!","og_url":"https:\/\/clair.si\/hr\/izdelek\/meksicka-uzda-kavalkade-diandro\/","og_site_name":"Clair","article_publisher":"https:\/\/www.facebook.com\/TrgovinaClair\/","article_modified_time":"2025-09-24T07:56:06+00:00","og_image":[{"width":825,"height":725,"url":"https:\/\/clair.si\/wp-content\/uploads\/2022\/09\/19016-uzda-za-konja-mehiska-kavalkade-diandro.jpg","type":"image\/jpeg"}],"twitter_card":"summary_large_image","twitter_misc":{"Procijenjeno vrijeme \u010ditanja":"1 minuta"},"schema":{"@context":"https:\/\/schema.org","@graph":[{"@type":"WebPage","@id":"https:\/\/clair.si\/hr\/izdelek\/meksicka-uzda-kavalkade-diandro\/","url":"https:\/\/clair.si\/hr\/izdelek\/meksicka-uzda-kavalkade-diandro\/","name":"Meksi\u010dka uzda Kavalkade Diandro - Clair","isPartOf":{"@id":"https:\/\/clair.si\/#website"},"primaryImageOfPage":{"@id":"https:\/\/clair.si\/hr\/izdelek\/meksicka-uzda-kavalkade-diandro\/#primaryimage"},"image":{"@id":"https:\/\/clair.si\/hr\/izdelek\/meksicka-uzda-kavalkade-diandro\/#primaryimage"},"thumbnailUrl":"https:\/\/clair.si\/wp-content\/uploads\/2022\/09\/19016-uzda-za-konja-mehiska-kavalkade-diandro.webp","datePublished":"2022-09-12T14:06:03+00:00","dateModified":"2025-09-24T07:56:06+00:00","description":"Meksi\u010dka uzda Kavalkade Diandro, izra\u0111ena od kvalitetne mekane ko\u017ee, anatomskog oblika, dostupna u dvije boje i tri veli\u010dine. Provjerite ponudu!","breadcrumb":{"@id":"https:\/\/clair.si\/hr\/izdelek\/meksicka-uzda-kavalkade-diandro\/#breadcrumb"},"inLanguage":"hr","potentialAction":[{"@type":"ReadAction","target":["https:\/\/clair.si\/hr\/izdelek\/meksicka-uzda-kavalkade-diandro\/"]}]},{"@type":"ImageObject","inLanguage":"hr","@id":"https:\/\/clair.si\/hr\/izdelek\/meksicka-uzda-kavalkade-diandro\/#primaryimage","url":"https:\/\/clair.si\/wp-content\/uploads\/2022\/09\/19016-uzda-za-konja-mehiska-kavalkade-diandro.webp","contentUrl":"https:\/\/clair.si\/wp-content\/uploads\/2022\/09\/19016-uzda-za-konja-mehiska-kavalkade-diandro.webp","width":825,"height":725,"caption":"Uzda Kavalkade Diandro"},{"@type":"BreadcrumbList","@id":"https:\/\/clair.si\/hr\/izdelek\/meksicka-uzda-kavalkade-diandro\/#breadcrumb","itemListElement":[{"@type":"ListItem","position":1,"name":"Home","item":"https:\/\/clair.si\/hr\/"},{"@type":"ListItem","position":2,"name":"Trgovina","item":"https:\/\/clair.si\/trgovina\/"},{"@type":"ListItem","position":3,"name":"Meksi\u010dka uzda Kavalkade Diandro"}]},{"@type":"WebSite","@id":"https:\/\/clair.si\/#website","url":"https:\/\/clair.si\/","name":"Clair","description":"Trgovina s konjeni\u0161ko opremo","publisher":{"@id":"https:\/\/clair.si\/#organization"},"potentialAction":[{"@type":"SearchAction","target":{"@type":"EntryPoint","urlTemplate":"https:\/\/clair.si\/?s={search_term_string}"},"query-input":{"@type":"PropertyValueSpecification","valueRequired":true,"valueName":"search_term_string"}}],"inLanguage":"hr"},{"@type":"Organization","@id":"https:\/\/clair.si\/#organization","name":"Clair","url":"https:\/\/clair.si\/","logo":{"@type":"ImageObject","inLanguage":"hr","@id":"https:\/\/clair.si\/#\/schema\/logo\/image\/","url":"https:\/\/clair.si\/wp-content\/uploads\/2022\/11\/clair_logo_2022.jpg","contentUrl":"https:\/\/clair.si\/wp-content\/uploads\/2022\/11\/clair_logo_2022.jpg","width":1920,"height":1920,"caption":"Clair"},"image":{"@id":"https:\/\/clair.si\/#\/schema\/logo\/image\/"},"sameAs":["https:\/\/www.facebook.com\/TrgovinaClair\/"]}]}},"_links":{"self":[{"href":"https:\/\/clair.si\/hr\/wp-json\/wp\/v2\/product\/102670","targetHints":{"allow":["GET"]}}],"collection":[{"href":"https:\/\/clair.si\/hr\/wp-json\/wp\/v2\/product"}],"about":[{"href":"https:\/\/clair.si\/hr\/wp-json\/wp\/v2\/types\/product"}],"version-history":[{"count":0,"href":"https:\/\/clair.si\/hr\/wp-json\/wp\/v2\/product\/102670\/revisions"}],"wp:featuredmedia":[{"embeddable":true,"href":"https:\/\/clair.si\/hr\/wp-json\/wp\/v2\/media\/102672"}],"wp:attachment":[{"href":"https:\/\/clair.si\/hr\/wp-json\/wp\/v2\/media?parent=102670"}],"wp:term":[{"taxonomy":"product_brand","embeddable":true,"href":"https:\/\/clair.si\/hr\/wp-json\/wp\/v2\/product_brand?post=102670"},{"taxonomy":"product_cat","embeddable":true,"href":"https:\/\/clair.si\/hr\/wp-json\/wp\/v2\/product_cat?post=102670"},{"taxonomy":"product_tag","embeddable":true,"href":"https:\/\/clair.si\/hr\/wp-json\/wp\/v2\/product_tag?post=102670"}],"curies":[{"name":"wp","href":"https:\/\/api.w.org\/{rel}","templated":true}]}}